{"id":12882,"date":"2020-07-20T08:57:09","date_gmt":"2020-07-20T08:57:09","guid":{"rendered":"https:\/\/redfoxlotto.com\/?page_id=12882"},"modified":"2023-05-13T07:29:04","modified_gmt":"2023-05-13T07:29:04","slug":"mega-sena","status":"publish","type":"page","link":"https:\/\/redfoxlotto.com\/de\/ergebnisse\/mega-sena\/","title":{"rendered":"\u00dcberpr\u00fcfen Sie Ihr Mega Sena-Los"},"content":{"rendered":"<h2 class=\"wp-block-heading\">Mega Sena Brasilien Gewinnzahlen<\/h2><p><img loading=\"lazy\" decoding=\"async\" class=\" wp-image alignright\" src=\"https:\/\/content.redfoxlotto.com\/uploads\/sites\/9\/1_you_win_jackpot.jpg\" alt=\"win lottery jackpot\" width=\"249\" height=\"249\" \/><\/p><p>Wenn Sie bereits gegen den Mega Sena gespielt haben, m\u00fcssen Sie wissen, ob Sie gewonnen haben, richtig? Wie \u00fcberpr\u00fcfen Sie also die Gewinnzahlen von Mega Sena Brasilien? Sie besuchen einfach Ihr Konto auf RedFoxLotto.com. Dort finden Sie die neuesten Ergebnisse des Spiels, und wenn Sie bereits gespielt haben, k\u00f6nnen Sie sie noch einfacher finden.<\/p><h2 class=\"wp-block-heading\">Pr\u00fcfen Sie Ihre Zahlen<\/h2><p>Wenn Sie wissen m\u00f6chten, ob Sie bei Mega Sena Brasilien gewonnen haben, gehen Sie einfach auf die Seite mit Ihren Tickets auf Ihrem Konto. Von dort aus k\u00f6nnen Sie Ihre Zahlen im Vergleich zu den Gewinnzahlen sehen. Das macht es f\u00fcr Sie noch einfacher zu wissen, was Sie gewonnen haben und welche Zahlen gut oder schlecht waren.<\/p><p>Aber Sie brauchen sich um nichts zu k\u00fcmmern, denn alles, was Sie gewinnen, wird automatisch f\u00fcr Sie eingefordert und dann auf Ihr Konto eingezahlt. Auf diese Weise k\u00f6nnen Sie sich einfach zur\u00fccklehnen und entspannen, wenn Sie Ihr Los gekauft haben. Zumindest, bis es Zeit ist, das n\u00e4chste Los zu kaufen.<\/p><h2 class=\"wp-block-heading\">Altere Gewinnzahlen pr\u00fcfen<\/h2><p>Wenn Sie ein \u00e4lteres Ticket haben, das Sie \u00fcberpr\u00fcfen m\u00f6chten, k\u00f6nnen Sie dies tun, indem Sie im Archiv nachschauen. Die \u00dcberpr\u00fcfung alter Gewinnzahlen von Mega Sena Brasilien ist auch gut, wenn Sie vorhaben, einige dieser Zahlen zu setzen. Alles, was Sie tun m\u00fcssen, ist einen Blick darauf zu werfen, und Sie werden sehen k\u00f6nnen, welche Zahlen mehr (oder weniger) oft aufgetaucht sind.<\/p>","protected":false},"excerpt":{"rendered":"<p>Mega Sena Brasilien Gewinnzahlen Wenn Sie bereits gegen den Mega Sena gespielt haben, m\u00fcssen Sie wissen, ob Sie gewonnen haben, richtig? Wie \u00fcberpr\u00fcfen Sie also die Gewinnzahlen von Mega Sena Brasilien? Sie besuchen einfach Ihr Konto auf RedFoxLotto.com. Dort finden Sie die neuesten Ergebnisse des Spiels, und wenn Sie bereits gespielt haben, k\u00f6nnen Sie sie [&hellip;]<\/p>\n","protected":false},"author":1,"featured_media":0,"parent":128,"menu_order":13,"comment_status":"closed","ping_status":"closed","template":"megasena-results.php","meta":{"_et_pb_use_builder":"","_et_pb_old_content":"","_et_gb_content_width":"","exclude_from_search":false,"footnotes":""},"class_list":["post-12882","page","type-page","status-publish","hentry"],"yoast_head":"<!-- This site is optimized with the Yoast SEO plugin v23.8 - https:\/\/yoast.com\/wordpress\/plugins\/seo\/ -->\n<title>Sehen Sie hier die Ergebnisse und Gewinnzahlen von Mega Sena<\/title>\n<meta name=\"description\" content=\"Sofortige Aktualisierungen der Gewinnzahlen und Ergebnisse f\u00fcr Mega Sena finden Sie hier\" \/>\n<meta name=\"robots\" content=\"index, follow, max-snippet:-1, max-image-preview:large, max-video-preview:-1\" \/>\n<link rel=\"canonical\" href=\"https:\/\/redfoxlotto.com\/de\/ergebnisse\/mega-sena\/\" \/>\n<meta property=\"og:locale\" content=\"de_DE\" \/>\n<meta property=\"og:type\" content=\"article\" \/>\n<meta property=\"og:title\" content=\"Sehen Sie hier die Ergebnisse und Gewinnzahlen von Mega Sena\" \/>\n<meta property=\"og:description\" content=\"Sofortige Aktualisierungen der Gewinnzahlen und Ergebnisse f\u00fcr Mega Sena finden Sie hier\" \/>\n<meta property=\"og:url\" content=\"https:\/\/redfoxlotto.com\/de\/ergebnisse\/mega-sena\/\" \/>\n<meta property=\"og:site_name\" content=\"Get Tickets for the World\u2019s largest jackpots\" \/>\n<meta property=\"article:modified_time\" content=\"2023-05-13T07:29:04+00:00\" \/>\n<meta property=\"og:image\" content=\"https:\/\/content.redfoxlotto.com\/uploads\/sites\/9\/1_you_win_jackpot.jpg\" \/>\n<meta name=\"twitter:card\" content=\"summary_large_image\" \/>\n<meta name=\"twitter:label1\" content=\"Gesch\u00e4tzte Lesezeit\" \/>\n\t<meta name=\"twitter:data1\" content=\"2\u00a0Minuten\" \/>\n<script type=\"application\/ld+json\" class=\"yoast-schema-graph\">{\"@context\":\"https:\/\/schema.org\",\"@graph\":[{\"@type\":\"WebPage\",\"@id\":\"https:\/\/redfoxlotto.com\/de\/ergebnisse\/mega-sena\/\",\"url\":\"https:\/\/redfoxlotto.com\/de\/ergebnisse\/mega-sena\/\",\"name\":\"Sehen Sie hier die Ergebnisse und Gewinnzahlen von Mega Sena\",\"isPartOf\":{\"@id\":\"https:\/\/redfoxlotto.com\/de\/#website\"},\"primaryImageOfPage\":{\"@id\":\"https:\/\/redfoxlotto.com\/de\/ergebnisse\/mega-sena\/#primaryimage\"},\"image\":{\"@id\":\"https:\/\/redfoxlotto.com\/de\/ergebnisse\/mega-sena\/#primaryimage\"},\"thumbnailUrl\":\"https:\/\/content.redfoxlotto.com\/uploads\/sites\/9\/1_you_win_jackpot.jpg\",\"datePublished\":\"2020-07-20T08:57:09+00:00\",\"dateModified\":\"2023-05-13T07:29:04+00:00\",\"description\":\"Sofortige Aktualisierungen der Gewinnzahlen und Ergebnisse f\u00fcr Mega Sena finden Sie hier\",\"breadcrumb\":{\"@id\":\"https:\/\/redfoxlotto.com\/de\/ergebnisse\/mega-sena\/#breadcrumb\"},\"inLanguage\":\"de\",\"potentialAction\":[{\"@type\":\"ReadAction\",\"target\":[\"https:\/\/redfoxlotto.com\/de\/ergebnisse\/mega-sena\/\"]}]},{\"@type\":\"ImageObject\",\"inLanguage\":\"de\",\"@id\":\"https:\/\/redfoxlotto.com\/de\/ergebnisse\/mega-sena\/#primaryimage\",\"url\":\"https:\/\/content.redfoxlotto.com\/uploads\/sites\/9\/1_you_win_jackpot.jpg\",\"contentUrl\":\"https:\/\/content.redfoxlotto.com\/uploads\/sites\/9\/1_you_win_jackpot.jpg\"},{\"@type\":\"BreadcrumbList\",\"@id\":\"https:\/\/redfoxlotto.com\/de\/ergebnisse\/mega-sena\/#breadcrumb\",\"itemListElement\":[{\"@type\":\"ListItem\",\"position\":1,\"name\":\"Home\",\"item\":\"https:\/\/redfoxlotto.com\/de\/\"},{\"@type\":\"ListItem\",\"position\":2,\"name\":\"Gewinnzahlen und Ergebnisse weltweiter Lotterien\",\"item\":\"https:\/\/redfoxlotto.com\/de\/ergebnisse\/\"},{\"@type\":\"ListItem\",\"position\":3,\"name\":\"\u00dcberpr\u00fcfen Sie Ihr Mega Sena-Los\"}]},{\"@type\":\"WebSite\",\"@id\":\"https:\/\/redfoxlotto.com\/de\/#website\",\"url\":\"https:\/\/redfoxlotto.com\/de\/\",\"name\":\"Get Tickets for the World\u2019s largest jackpots\",\"description\":\"Participate in worldwide lottery jackpots from any country\",\"publisher\":{\"@id\":\"https:\/\/redfoxlotto.com\/de\/#organization\"},\"potentialAction\":[{\"@type\":\"SearchAction\",\"target\":{\"@type\":\"EntryPoint\",\"urlTemplate\":\"https:\/\/redfoxlotto.com\/de\/?s={search_term_string}\"},\"query-input\":{\"@type\":\"PropertyValueSpecification\",\"valueRequired\":true,\"valueName\":\"search_term_string\"}}],\"inLanguage\":\"de\"},{\"@type\":\"Organization\",\"@id\":\"https:\/\/redfoxlotto.com\/de\/#organization\",\"name\":\"Get Tickets for the World\u2019s largest jackpots\",\"url\":\"https:\/\/redfoxlotto.com\/de\/\",\"logo\":{\"@type\":\"ImageObject\",\"inLanguage\":\"de\",\"@id\":\"https:\/\/redfoxlotto.com\/de\/#\/schema\/logo\/image\/\",\"url\":\"https:\/\/redfoxlotto.com\/wp-content\/uploads\/2023\/04\/logo.png\",\"contentUrl\":\"https:\/\/redfoxlotto.com\/wp-content\/uploads\/2023\/04\/logo.png\",\"width\":269,\"height\":53,\"caption\":\"Get Tickets for the World\u2019s largest jackpots\"},\"image\":{\"@id\":\"https:\/\/redfoxlotto.com\/de\/#\/schema\/logo\/image\/\"}}]}<\/script>\n<!-- \/ Yoast SEO plugin. -->","yoast_head_json":{"title":"Sehen Sie hier die Ergebnisse und Gewinnzahlen von Mega Sena","description":"Sofortige Aktualisierungen der Gewinnzahlen und Ergebnisse f\u00fcr Mega Sena finden Sie hier","robots":{"index":"index","follow":"follow","max-snippet":"max-snippet:-1","max-image-preview":"max-image-preview:large","max-video-preview":"max-video-preview:-1"},"canonical":"https:\/\/redfoxlotto.com\/de\/ergebnisse\/mega-sena\/","og_locale":"de_DE","og_type":"article","og_title":"Sehen Sie hier die Ergebnisse und Gewinnzahlen von Mega Sena","og_description":"Sofortige Aktualisierungen der Gewinnzahlen und Ergebnisse f\u00fcr Mega Sena finden Sie hier","og_url":"https:\/\/redfoxlotto.com\/de\/ergebnisse\/mega-sena\/","og_site_name":"Get Tickets for the World\u2019s largest jackpots","article_modified_time":"2023-05-13T07:29:04+00:00","og_image":[{"url":"https:\/\/content.redfoxlotto.com\/uploads\/sites\/9\/1_you_win_jackpot.jpg"}],"twitter_card":"summary_large_image","twitter_misc":{"Gesch\u00e4tzte Lesezeit":"2\u00a0Minuten"},"schema":{"@context":"https:\/\/schema.org","@graph":[{"@type":"WebPage","@id":"https:\/\/redfoxlotto.com\/de\/ergebnisse\/mega-sena\/","url":"https:\/\/redfoxlotto.com\/de\/ergebnisse\/mega-sena\/","name":"Sehen Sie hier die Ergebnisse und Gewinnzahlen von Mega Sena","isPartOf":{"@id":"https:\/\/redfoxlotto.com\/de\/#website"},"primaryImageOfPage":{"@id":"https:\/\/redfoxlotto.com\/de\/ergebnisse\/mega-sena\/#primaryimage"},"image":{"@id":"https:\/\/redfoxlotto.com\/de\/ergebnisse\/mega-sena\/#primaryimage"},"thumbnailUrl":"https:\/\/content.redfoxlotto.com\/uploads\/sites\/9\/1_you_win_jackpot.jpg","datePublished":"2020-07-20T08:57:09+00:00","dateModified":"2023-05-13T07:29:04+00:00","description":"Sofortige Aktualisierungen der Gewinnzahlen und Ergebnisse f\u00fcr Mega Sena finden Sie hier","breadcrumb":{"@id":"https:\/\/redfoxlotto.com\/de\/ergebnisse\/mega-sena\/#breadcrumb"},"inLanguage":"de","potentialAction":[{"@type":"ReadAction","target":["https:\/\/redfoxlotto.com\/de\/ergebnisse\/mega-sena\/"]}]},{"@type":"ImageObject","inLanguage":"de","@id":"https:\/\/redfoxlotto.com\/de\/ergebnisse\/mega-sena\/#primaryimage","url":"https:\/\/content.redfoxlotto.com\/uploads\/sites\/9\/1_you_win_jackpot.jpg","contentUrl":"https:\/\/content.redfoxlotto.com\/uploads\/sites\/9\/1_you_win_jackpot.jpg"},{"@type":"BreadcrumbList","@id":"https:\/\/redfoxlotto.com\/de\/ergebnisse\/mega-sena\/#breadcrumb","itemListElement":[{"@type":"ListItem","position":1,"name":"Home","item":"https:\/\/redfoxlotto.com\/de\/"},{"@type":"ListItem","position":2,"name":"Gewinnzahlen und Ergebnisse weltweiter Lotterien","item":"https:\/\/redfoxlotto.com\/de\/ergebnisse\/"},{"@type":"ListItem","position":3,"name":"\u00dcberpr\u00fcfen Sie Ihr Mega Sena-Los"}]},{"@type":"WebSite","@id":"https:\/\/redfoxlotto.com\/de\/#website","url":"https:\/\/redfoxlotto.com\/de\/","name":"Get Tickets for the World\u2019s largest jackpots","description":"Participate in worldwide lottery jackpots from any country","publisher":{"@id":"https:\/\/redfoxlotto.com\/de\/#organization"},"potentialAction":[{"@type":"SearchAction","target":{"@type":"EntryPoint","urlTemplate":"https:\/\/redfoxlotto.com\/de\/?s={search_term_string}"},"query-input":{"@type":"PropertyValueSpecification","valueRequired":true,"valueName":"search_term_string"}}],"inLanguage":"de"},{"@type":"Organization","@id":"https:\/\/redfoxlotto.com\/de\/#organization","name":"Get Tickets for the World\u2019s largest jackpots","url":"https:\/\/redfoxlotto.com\/de\/","logo":{"@type":"ImageObject","inLanguage":"de","@id":"https:\/\/redfoxlotto.com\/de\/#\/schema\/logo\/image\/","url":"https:\/\/redfoxlotto.com\/wp-content\/uploads\/2023\/04\/logo.png","contentUrl":"https:\/\/redfoxlotto.com\/wp-content\/uploads\/2023\/04\/logo.png","width":269,"height":53,"caption":"Get Tickets for the World\u2019s largest jackpots"},"image":{"@id":"https:\/\/redfoxlotto.com\/de\/#\/schema\/logo\/image\/"}}]}},"_links":{"self":[{"href":"https:\/\/redfoxlotto.com\/de\/wp-json\/wp\/v2\/pages\/12882","targetHints":{"allow":["GET"]}}],"collection":[{"href":"https:\/\/redfoxlotto.com\/de\/wp-json\/wp\/v2\/pages"}],"about":[{"href":"https:\/\/redfoxlotto.com\/de\/wp-json\/wp\/v2\/types\/page"}],"author":[{"embeddable":true,"href":"https:\/\/redfoxlotto.com\/de\/wp-json\/wp\/v2\/users\/1"}],"replies":[{"embeddable":true,"href":"https:\/\/redfoxlotto.com\/de\/wp-json\/wp\/v2\/comments?post=12882"}],"version-history":[{"count":0,"href":"https:\/\/redfoxlotto.com\/de\/wp-json\/wp\/v2\/pages\/12882\/revisions"}],"up":[{"embeddable":true,"href":"https:\/\/redfoxlotto.com\/de\/wp-json\/wp\/v2\/pages\/128"}],"wp:attachment":[{"href":"https:\/\/redfoxlotto.com\/de\/wp-json\/wp\/v2\/media?parent=12882"}],"curies":[{"name":"wp","href":"https:\/\/api.w.org\/{rel}","templated":true}]}}