{"id":12880,"date":"2023-04-24T18:11:14","date_gmt":"2023-04-24T18:11:14","guid":{"rendered":"https:\/\/redfoxlotto.com\/?page_id=12880"},"modified":"2023-05-12T19:26:25","modified_gmt":"2023-05-12T19:26:25","slug":"mega-sena","status":"publish","type":"page","link":"https:\/\/redfoxlotto.com\/de\/spielen\/mega-sena\/","title":{"rendered":"Spielen Sie Mega-Sena-Lotto online"},"content":{"rendered":"<h2 class=\"wp-block-heading\">Mega Sena Brasilien online spielen<\/h2><p>Wenn Sie sich Lotto-Spiele online angeschaut haben, haben Sie vielleicht schon Mega Sena gesehen. Dieses Spiel ist tats\u00e4chlich das gr\u00f6\u00dfte Lotteriespiel, das derzeit in Brasilien stattfindet, und das bedeutet, dass es ein Spiel ist, das Sie unbedingt selbst ausprobieren sollten.<br \/>Es wird von der Caixa Economica Federal Bank betrieben und ist schon eine ganze Weile auf dem Markt, und es bietet Ihnen eine F\u00fclle von Optionen, wenn es darum geht, was Ihr neues Lieblingsspiel sein k\u00f6nnte. Wenn Sie Mega Sena Brasilien online spielen m\u00f6chten, m\u00fcssen Sie nur die Regeln kennen.<\/p><h2 class=\"wp-block-heading\">Wie man spielt<\/h2><p><img decoding=\"async\" class=\"size-full wp-image alignright\" src=\"https:\/\/content.redfoxlotto.com\/uploads\/sites\/9\/1_win_online.jpg\" alt=\"Mega Sena Brazil\" \/><\/p><p>Sie k\u00f6nnen 6 Zahlen w\u00e4hlen, wenn Sie gegen Mega Sena Brasilien spielen, und es gibt keine zus\u00e4tzlichen Zahlen. Wenn Sie Ihre eigenen Zahlen w\u00e4hlen m\u00f6chten, k\u00f6nnen Sie dies tun oder Sie k\u00f6nnen das so genannte &#8222;Quick Pick&#8220; w\u00e4hlen. Dadurch erhalten Sie zuf\u00e4llig ausgew\u00e4hlte Zahlen.<\/p><h2 class=\"wp-block-heading\">Ergebnisse \u00fcberpr\u00fcfen<\/h2><p>Sobald Sie Ihre Zahlen haben, um online gegen Mega Sena Brasilien zu spielen, ist es an der Zeit, sich die Ergebnisse anzusehen. Mit RedFoxLotto.com wird das ganz einfach, weil Sie sich einfach in Ihr Konto einloggen und die Zahlen dort f\u00fcr Sie verf\u00fcgbar sind. Und sie werden sogar mit Ihren Zahlen verglichen, damit Sie wissen, ob Sie gewinnen.<\/p>","protected":false},"excerpt":{"rendered":"<p>Mega Sena Brasilien online spielen Wenn Sie sich Lotto-Spiele online angeschaut haben, haben Sie vielleicht schon Mega Sena gesehen. Dieses Spiel ist tats\u00e4chlich das gr\u00f6\u00dfte Lotteriespiel, das derzeit in Brasilien stattfindet, und das bedeutet, dass es ein Spiel ist, das Sie unbedingt selbst ausprobieren sollten.Es wird von der Caixa Economica Federal Bank betrieben und ist [&hellip;]<\/p>\n","protected":false},"author":1,"featured_media":0,"parent":137,"menu_order":13,"comment_status":"closed","ping_status":"closed","template":"megasena.php","meta":{"_et_pb_use_builder":"","_et_pb_old_content":"","_et_gb_content_width":"","exclude_from_search":false,"footnotes":""},"class_list":["post-12880","page","type-page","status-publish","hentry"],"yoast_head":"<!-- This site is optimized with the Yoast SEO plugin v23.8 - https:\/\/yoast.com\/wordpress\/plugins\/seo\/ -->\n<title>Nehmen Sie online am Mega Sena-Lotto teil<\/title>\n<meta name=\"description\" content=\"Die gr\u00f6\u00dfte Lotterie aus Brasilien kann hier online gespielt werden\" \/>\n<meta name=\"robots\" content=\"index, follow, max-snippet:-1, max-image-preview:large, max-video-preview:-1\" \/>\n<link rel=\"canonical\" href=\"https:\/\/redfoxlotto.com\/de\/spielen\/mega-sena\/\" \/>\n<meta property=\"og:locale\" content=\"de_DE\" \/>\n<meta property=\"og:type\" content=\"article\" \/>\n<meta property=\"og:title\" content=\"Nehmen Sie online am Mega Sena-Lotto teil\" \/>\n<meta property=\"og:description\" content=\"Die gr\u00f6\u00dfte Lotterie aus Brasilien kann hier online gespielt werden\" \/>\n<meta property=\"og:url\" content=\"https:\/\/redfoxlotto.com\/de\/spielen\/mega-sena\/\" \/>\n<meta property=\"og:site_name\" content=\"Get Tickets for the World\u2019s largest jackpots\" \/>\n<meta property=\"article:modified_time\" content=\"2023-05-12T19:26:25+00:00\" \/>\n<meta property=\"og:image\" content=\"https:\/\/content.redfoxlotto.com\/uploads\/sites\/9\/1_win_online.jpg\" \/>\n<meta name=\"twitter:card\" content=\"summary_large_image\" \/>\n<meta name=\"twitter:label1\" content=\"Gesch\u00e4tzte Lesezeit\" \/>\n\t<meta name=\"twitter:data1\" content=\"2\u00a0Minuten\" \/>\n<script type=\"application\/ld+json\" class=\"yoast-schema-graph\">{\"@context\":\"https:\/\/schema.org\",\"@graph\":[{\"@type\":\"WebPage\",\"@id\":\"https:\/\/redfoxlotto.com\/de\/spielen\/mega-sena\/\",\"url\":\"https:\/\/redfoxlotto.com\/de\/spielen\/mega-sena\/\",\"name\":\"Nehmen Sie online am Mega Sena-Lotto teil\",\"isPartOf\":{\"@id\":\"https:\/\/redfoxlotto.com\/de\/#website\"},\"primaryImageOfPage\":{\"@id\":\"https:\/\/redfoxlotto.com\/de\/spielen\/mega-sena\/#primaryimage\"},\"image\":{\"@id\":\"https:\/\/redfoxlotto.com\/de\/spielen\/mega-sena\/#primaryimage\"},\"thumbnailUrl\":\"https:\/\/content.redfoxlotto.com\/uploads\/sites\/9\/1_win_online.jpg\",\"datePublished\":\"2023-04-24T18:11:14+00:00\",\"dateModified\":\"2023-05-12T19:26:25+00:00\",\"description\":\"Die gr\u00f6\u00dfte Lotterie aus Brasilien kann hier online gespielt werden\",\"breadcrumb\":{\"@id\":\"https:\/\/redfoxlotto.com\/de\/spielen\/mega-sena\/#breadcrumb\"},\"inLanguage\":\"de\",\"potentialAction\":[{\"@type\":\"ReadAction\",\"target\":[\"https:\/\/redfoxlotto.com\/de\/spielen\/mega-sena\/\"]}]},{\"@type\":\"ImageObject\",\"inLanguage\":\"de\",\"@id\":\"https:\/\/redfoxlotto.com\/de\/spielen\/mega-sena\/#primaryimage\",\"url\":\"https:\/\/content.redfoxlotto.com\/uploads\/sites\/9\/1_win_online.jpg\",\"contentUrl\":\"https:\/\/content.redfoxlotto.com\/uploads\/sites\/9\/1_win_online.jpg\"},{\"@type\":\"BreadcrumbList\",\"@id\":\"https:\/\/redfoxlotto.com\/de\/spielen\/mega-sena\/#breadcrumb\",\"itemListElement\":[{\"@type\":\"ListItem\",\"position\":1,\"name\":\"Home\",\"item\":\"https:\/\/redfoxlotto.com\/de\/\"},{\"@type\":\"ListItem\",\"position\":2,\"name\":\"Mehr Lotterien online spielen\",\"item\":\"https:\/\/redfoxlotto.com\/de\/spielen\/\"},{\"@type\":\"ListItem\",\"position\":3,\"name\":\"Spielen Sie Mega-Sena-Lotto online\"}]},{\"@type\":\"WebSite\",\"@id\":\"https:\/\/redfoxlotto.com\/de\/#website\",\"url\":\"https:\/\/redfoxlotto.com\/de\/\",\"name\":\"Get Tickets for the World\u2019s largest jackpots\",\"description\":\"Participate in worldwide lottery jackpots from any country\",\"publisher\":{\"@id\":\"https:\/\/redfoxlotto.com\/de\/#organization\"},\"potentialAction\":[{\"@type\":\"SearchAction\",\"target\":{\"@type\":\"EntryPoint\",\"urlTemplate\":\"https:\/\/redfoxlotto.com\/de\/?s={search_term_string}\"},\"query-input\":{\"@type\":\"PropertyValueSpecification\",\"valueRequired\":true,\"valueName\":\"search_term_string\"}}],\"inLanguage\":\"de\"},{\"@type\":\"Organization\",\"@id\":\"https:\/\/redfoxlotto.com\/de\/#organization\",\"name\":\"Get Tickets for the World\u2019s largest jackpots\",\"url\":\"https:\/\/redfoxlotto.com\/de\/\",\"logo\":{\"@type\":\"ImageObject\",\"inLanguage\":\"de\",\"@id\":\"https:\/\/redfoxlotto.com\/de\/#\/schema\/logo\/image\/\",\"url\":\"https:\/\/redfoxlotto.com\/wp-content\/uploads\/2023\/04\/logo.png\",\"contentUrl\":\"https:\/\/redfoxlotto.com\/wp-content\/uploads\/2023\/04\/logo.png\",\"width\":269,\"height\":53,\"caption\":\"Get Tickets for the World\u2019s largest jackpots\"},\"image\":{\"@id\":\"https:\/\/redfoxlotto.com\/de\/#\/schema\/logo\/image\/\"}}]}<\/script>\n<!-- \/ Yoast SEO plugin. -->","yoast_head_json":{"title":"Nehmen Sie online am Mega Sena-Lotto teil","description":"Die gr\u00f6\u00dfte Lotterie aus Brasilien kann hier online gespielt werden","robots":{"index":"index","follow":"follow","max-snippet":"max-snippet:-1","max-image-preview":"max-image-preview:large","max-video-preview":"max-video-preview:-1"},"canonical":"https:\/\/redfoxlotto.com\/de\/spielen\/mega-sena\/","og_locale":"de_DE","og_type":"article","og_title":"Nehmen Sie online am Mega Sena-Lotto teil","og_description":"Die gr\u00f6\u00dfte Lotterie aus Brasilien kann hier online gespielt werden","og_url":"https:\/\/redfoxlotto.com\/de\/spielen\/mega-sena\/","og_site_name":"Get Tickets for the World\u2019s largest jackpots","article_modified_time":"2023-05-12T19:26:25+00:00","og_image":[{"url":"https:\/\/content.redfoxlotto.com\/uploads\/sites\/9\/1_win_online.jpg"}],"twitter_card":"summary_large_image","twitter_misc":{"Gesch\u00e4tzte Lesezeit":"2\u00a0Minuten"},"schema":{"@context":"https:\/\/schema.org","@graph":[{"@type":"WebPage","@id":"https:\/\/redfoxlotto.com\/de\/spielen\/mega-sena\/","url":"https:\/\/redfoxlotto.com\/de\/spielen\/mega-sena\/","name":"Nehmen Sie online am Mega Sena-Lotto teil","isPartOf":{"@id":"https:\/\/redfoxlotto.com\/de\/#website"},"primaryImageOfPage":{"@id":"https:\/\/redfoxlotto.com\/de\/spielen\/mega-sena\/#primaryimage"},"image":{"@id":"https:\/\/redfoxlotto.com\/de\/spielen\/mega-sena\/#primaryimage"},"thumbnailUrl":"https:\/\/content.redfoxlotto.com\/uploads\/sites\/9\/1_win_online.jpg","datePublished":"2023-04-24T18:11:14+00:00","dateModified":"2023-05-12T19:26:25+00:00","description":"Die gr\u00f6\u00dfte Lotterie aus Brasilien kann hier online gespielt werden","breadcrumb":{"@id":"https:\/\/redfoxlotto.com\/de\/spielen\/mega-sena\/#breadcrumb"},"inLanguage":"de","potentialAction":[{"@type":"ReadAction","target":["https:\/\/redfoxlotto.com\/de\/spielen\/mega-sena\/"]}]},{"@type":"ImageObject","inLanguage":"de","@id":"https:\/\/redfoxlotto.com\/de\/spielen\/mega-sena\/#primaryimage","url":"https:\/\/content.redfoxlotto.com\/uploads\/sites\/9\/1_win_online.jpg","contentUrl":"https:\/\/content.redfoxlotto.com\/uploads\/sites\/9\/1_win_online.jpg"},{"@type":"BreadcrumbList","@id":"https:\/\/redfoxlotto.com\/de\/spielen\/mega-sena\/#breadcrumb","itemListElement":[{"@type":"ListItem","position":1,"name":"Home","item":"https:\/\/redfoxlotto.com\/de\/"},{"@type":"ListItem","position":2,"name":"Mehr Lotterien online spielen","item":"https:\/\/redfoxlotto.com\/de\/spielen\/"},{"@type":"ListItem","position":3,"name":"Spielen Sie Mega-Sena-Lotto online"}]},{"@type":"WebSite","@id":"https:\/\/redfoxlotto.com\/de\/#website","url":"https:\/\/redfoxlotto.com\/de\/","name":"Get Tickets for the World\u2019s largest jackpots","description":"Participate in worldwide lottery jackpots from any country","publisher":{"@id":"https:\/\/redfoxlotto.com\/de\/#organization"},"potentialAction":[{"@type":"SearchAction","target":{"@type":"EntryPoint","urlTemplate":"https:\/\/redfoxlotto.com\/de\/?s={search_term_string}"},"query-input":{"@type":"PropertyValueSpecification","valueRequired":true,"valueName":"search_term_string"}}],"inLanguage":"de"},{"@type":"Organization","@id":"https:\/\/redfoxlotto.com\/de\/#organization","name":"Get Tickets for the World\u2019s largest jackpots","url":"https:\/\/redfoxlotto.com\/de\/","logo":{"@type":"ImageObject","inLanguage":"de","@id":"https:\/\/redfoxlotto.com\/de\/#\/schema\/logo\/image\/","url":"https:\/\/redfoxlotto.com\/wp-content\/uploads\/2023\/04\/logo.png","contentUrl":"https:\/\/redfoxlotto.com\/wp-content\/uploads\/2023\/04\/logo.png","width":269,"height":53,"caption":"Get Tickets for the World\u2019s largest jackpots"},"image":{"@id":"https:\/\/redfoxlotto.com\/de\/#\/schema\/logo\/image\/"}}]}},"_links":{"self":[{"href":"https:\/\/redfoxlotto.com\/de\/wp-json\/wp\/v2\/pages\/12880","targetHints":{"allow":["GET"]}}],"collection":[{"href":"https:\/\/redfoxlotto.com\/de\/wp-json\/wp\/v2\/pages"}],"about":[{"href":"https:\/\/redfoxlotto.com\/de\/wp-json\/wp\/v2\/types\/page"}],"author":[{"embeddable":true,"href":"https:\/\/redfoxlotto.com\/de\/wp-json\/wp\/v2\/users\/1"}],"replies":[{"embeddable":true,"href":"https:\/\/redfoxlotto.com\/de\/wp-json\/wp\/v2\/comments?post=12880"}],"version-history":[{"count":0,"href":"https:\/\/redfoxlotto.com\/de\/wp-json\/wp\/v2\/pages\/12880\/revisions"}],"up":[{"embeddable":true,"href":"https:\/\/redfoxlotto.com\/de\/wp-json\/wp\/v2\/pages\/137"}],"wp:attachment":[{"href":"https:\/\/redfoxlotto.com\/de\/wp-json\/wp\/v2\/media?parent=12880"}],"curies":[{"name":"wp","href":"https:\/\/api.w.org\/{rel}","templated":true}]}}