{"id":128,"date":"2023-04-24T14:13:24","date_gmt":"2023-04-24T14:13:24","guid":{"rendered":"https:\/\/redfoxlotto.com\/?page_id=229\/"},"modified":"2025-12-18T08:34:32","modified_gmt":"2025-12-18T08:34:32","slug":"ergebnisse","status":"publish","type":"page","link":"https:\/\/redfoxlotto.com\/de\/ergebnisse\/","title":{"rendered":"Gewinnzahlen und Ergebnisse weltweiter Lotterien"},"content":{"rendered":"<p><script type=\"application\/ld+json\">\n{\n  \"@context\": \"https:\/\/schema.org\",\n  \"@type\": \"Service\",\n  \"name\": \"Internationale Lottoziehungsergebnisse online pr\u00fcfen\",\n  \"url\": \"https:\/\/redfoxlotto.com\/de\/ergebnisse\/powerball\",\n  \"description\": \"Besuchen Sie RedFoxLotto und pr\u00fcfen Sie die neuesten Ergebnisse der gr\u00f6\u00dften Lotterien der Welt.\",\n  \"serviceType\": \"Weltweites Archiv f\u00fcr Lotterieergebnisse\",<\/p>\n<p>  \"provider\": {\n    \"@type\": \"Organization\",\n    \"name\": \"RedFoxLotto\",\n    \"url\": \"https:\/\/redfoxlotto.com\/de\/\",\n    \"image\": \"https:\/\/redfoxlotto.com\/wp-content\/uploads\/2025\/12\/ticket_scans.jpg\",\n    \"sameAs\": []\n  },<\/p>\n<p>  \"areaServed\": \"Worldwide\",\n  \"termsOfService\": \"https:\/\/redfoxlotto.com\/terms-and-conditions\",<\/p>\n<p>  \"additionalProperty\": {\n    \"@type\": \"PropertyValue\",\n    \"name\": \"FAQ\",\n    \"value\": \"https:\/\/redfoxlotto.com\/de\/faq\/\"\n  },<\/p>\n<p>  \"hasOfferCatalog\": {\n    \"@type\": \"OfferCatalog\",\n    \"name\": \"Weltweite Lotterieergebnisse\",\n    \"itemListElement\": [\n      {\n        \"@type\": \"Offer\",\n        \"name\": \"Powerball-Ticket\",\n        \"url\": \"https:\/\/redfoxlotto.com\/de\/ergebnisse\/\",\n        \"description\": \"Hier finden Sie die neuesten und historischen Ergebnisse der gr\u00f6\u00dften Lotterien weltweit\",\n        \"itemOffered\": {\n          \"@type\": \"Service\",\n          \"name\": \"Internationale Lotterieergebnisse\",\n          \"description\": \"Gezogene Zahlen online f\u00fcr die gr\u00f6\u00dften Lotterien, aktuelle und \u00e4ltere Ergebnisse.\"\n        }\n      }\n    ]\n  },<\/p>\n<p>  \"mainEntityOfPage\": {\n    \"@type\": \"WebPage\",\n    \"@id\": \"https:\/\/redfoxlotto.com\/de\/ergebnisse\/\"\n  }\n}\n<\/script><\/p>\n<p>Hier ver\u00f6ffentlichen wir von Woche zu Woche die jeweils letzten <strong>Gewinnzahlen aller internationalen Lotterien<\/strong>, f\u00fcr die Sie bei uns Lose kaufen k\u00f6nnen.<\/p>\n<p><!--more\u2014--><\/p>\n<h2>Lotto Ergebnisse<\/h2>\n<p><img loading=\"lazy\" decoding=\"async\" class=\" wp-image alignright\" src=\"https:\/\/content.redfoxlotto.com\/uploads\/sites\/9\/1_winning_lottery_numbers.jpg\" alt=\"Gewinnzahlen internationaler Lotterien\" width=\"252\" height=\"252\" \/><\/p>\n<p>Die Resultate und Gewinnzahlen stammen von den offiziellen Lotterieveranstaltern. Sie werden unmittelbar nach der Ziehung hier ver\u00f6ffentlichen. So k\u00f6nnen Sie schnell Ihre Lose mit den Gewinnzahlen vergleichen und sehen, ob Sie gewonnen haben. Auch die Betr\u00e4ge der Gewinne, die auf die jeweiligen Gewinnstufen entfallen, k\u00f6nnen Sie hier sehen. Klicken Sie einfach den Namen der Lotterie an.<\/p>\n<p>So erfahren Sie auch, ob der letzte Jackpot gewonnen wurde oder nicht. Ebenso finden Sie hier im Archiv die Ziehungszahlen der vergangenen Wochen.<\/p>\n<p>Diese Informationen \u00fcber die<a href=\"https:\/\/redfoxlotto.com\/de\/lotterie\/eurojackpot\/\"> internationalen Lotterien<\/a> k\u00f6nnen Sie nat\u00fcrlich f\u00fcr die Auswahl der Zahlen auf Ihren n\u00e4chsten Lottolosen nutzen.<\/p>\n<h2>Hei\u00dfe und kalte Zahlen<\/h2>\n<p><img loading=\"lazy\" decoding=\"async\" class=\" wp-image alignright\" src=\"https:\/\/content.redfoxlotto.com\/uploads\/sites\/9\/1_lotto_draw_results.jpg\" alt=\"results lottery\" width=\"299\" height=\"200\" \/><br \/>\nEine \u00dcbersicht mit den &#8222;hei\u00dfen&#8220; (zuletzt am h\u00e4ufigsten gezogenen) und &#8222;kalten&#8220; (am l\u00e4ngsten nicht gezogenen) Zahlen der letzten Wochen befindet sich in Vorbereitung. Viele Spieler nutzen diese Informationen zur Auswahl ihrer Gewinnzahlen. Dies ist eine Strategie, die durchaus Erfolg verspricht.<\/p>\n<p>Ebenso k\u00f6nnen Sie <strong>aus den Gewinnzahlen der letzten Woche oder Wochen neue Kombinationen erzeugen<\/strong>. Ein Beispiel w\u00e4re, f\u00fcr ein Powerball-Los die erste Zahl der letzten Megamillions-Ziehung zu benutzen. Oder Sie k\u00f6nnen die zweite Zahl aus den Ergebnissen von <a href=\"https:\/\/redfoxlotto.com\/de\/lotterie\/euromillions\/\">Euromillions<\/a>, die dritte Zahl des <a href=\"https:\/\/redfoxlotto.com\/de\/lotterie\/eurojackpot\/\">Eurojackpot<\/a> und so weiter verwenden.<\/p>\n","protected":false},"excerpt":{"rendered":"<p>Hier ver\u00f6ffentlichen wir von Woche zu Woche die jeweils letzten Gewinnzahlen aller internationalen Lotterien, f\u00fcr die Sie bei uns Lose kaufen k\u00f6nnen.<\/p>\n","protected":false},"author":1,"featured_media":0,"parent":0,"menu_order":4,"comment_status":"closed","ping_status":"closed","template":"Results.php","meta":{"_et_pb_use_builder":"","_et_pb_old_content":"","_et_gb_content_width":"","exclude_from_search":false,"footnotes":""},"class_list":["post-128","page","type-page","status-publish","hentry"],"yoast_head":"<!-- This site is optimized with the Yoast SEO plugin v23.8 - https:\/\/yoast.com\/wordpress\/plugins\/seo\/ -->\n<title>Internationale Lotto Gewinnzahlen<\/title>\n<meta name=\"description\" content=\"Hier finden Sie die Gewinnzahlen der gr\u00f6\u00dften internationalen Lotterien sowie ein Archiv der vergangenen Ziehungen\" \/>\n<meta name=\"robots\" content=\"index, follow, max-snippet:-1, max-image-preview:large, max-video-preview:-1\" \/>\n<link rel=\"canonical\" href=\"https:\/\/redfoxlotto.com\/de\/ergebnisse\/\" \/>\n<meta property=\"og:locale\" content=\"de_DE\" \/>\n<meta property=\"og:type\" content=\"article\" \/>\n<meta property=\"og:title\" content=\"Internationale Lotto Gewinnzahlen\" \/>\n<meta property=\"og:description\" content=\"Hier finden Sie die Gewinnzahlen der gr\u00f6\u00dften internationalen Lotterien sowie ein Archiv der vergangenen Ziehungen\" \/>\n<meta property=\"og:url\" content=\"https:\/\/redfoxlotto.com\/de\/ergebnisse\/\" \/>\n<meta property=\"og:site_name\" content=\"Get Tickets for the World\u2019s largest jackpots\" \/>\n<meta property=\"article:modified_time\" content=\"2025-12-18T08:34:32+00:00\" \/>\n<meta property=\"og:image\" content=\"https:\/\/content.redfoxlotto.com\/uploads\/sites\/9\/1_winning_lottery_numbers.jpg\" \/>\n<meta name=\"twitter:card\" content=\"summary_large_image\" \/>\n<meta name=\"twitter:label1\" content=\"Gesch\u00e4tzte Lesezeit\" \/>\n\t<meta name=\"twitter:data1\" content=\"2\u00a0Minuten\" \/>\n<script type=\"application\/ld+json\" class=\"yoast-schema-graph\">{\"@context\":\"https:\/\/schema.org\",\"@graph\":[{\"@type\":\"WebPage\",\"@id\":\"https:\/\/redfoxlotto.com\/de\/ergebnisse\/\",\"url\":\"https:\/\/redfoxlotto.com\/de\/ergebnisse\/\",\"name\":\"Internationale Lotto Gewinnzahlen\",\"isPartOf\":{\"@id\":\"https:\/\/redfoxlotto.com\/de\/#website\"},\"primaryImageOfPage\":{\"@id\":\"https:\/\/redfoxlotto.com\/de\/ergebnisse\/#primaryimage\"},\"image\":{\"@id\":\"https:\/\/redfoxlotto.com\/de\/ergebnisse\/#primaryimage\"},\"thumbnailUrl\":\"https:\/\/content.redfoxlotto.com\/uploads\/sites\/9\/1_winning_lottery_numbers.jpg\",\"datePublished\":\"2023-04-24T14:13:24+00:00\",\"dateModified\":\"2025-12-18T08:34:32+00:00\",\"description\":\"Hier finden Sie die Gewinnzahlen der gr\u00f6\u00dften internationalen Lotterien sowie ein Archiv der vergangenen Ziehungen\",\"breadcrumb\":{\"@id\":\"https:\/\/redfoxlotto.com\/de\/ergebnisse\/#breadcrumb\"},\"inLanguage\":\"de\",\"potentialAction\":[{\"@type\":\"ReadAction\",\"target\":[\"https:\/\/redfoxlotto.com\/de\/ergebnisse\/\"]}]},{\"@type\":\"ImageObject\",\"inLanguage\":\"de\",\"@id\":\"https:\/\/redfoxlotto.com\/de\/ergebnisse\/#primaryimage\",\"url\":\"https:\/\/content.redfoxlotto.com\/uploads\/sites\/9\/1_winning_lottery_numbers.jpg\",\"contentUrl\":\"https:\/\/content.redfoxlotto.com\/uploads\/sites\/9\/1_winning_lottery_numbers.jpg\"},{\"@type\":\"BreadcrumbList\",\"@id\":\"https:\/\/redfoxlotto.com\/de\/ergebnisse\/#breadcrumb\",\"itemListElement\":[{\"@type\":\"ListItem\",\"position\":1,\"name\":\"Home\",\"item\":\"https:\/\/redfoxlotto.com\/de\/\"},{\"@type\":\"ListItem\",\"position\":2,\"name\":\"Gewinnzahlen und Ergebnisse weltweiter Lotterien\"}]},{\"@type\":\"WebSite\",\"@id\":\"https:\/\/redfoxlotto.com\/de\/#website\",\"url\":\"https:\/\/redfoxlotto.com\/de\/\",\"name\":\"Get Tickets for the World\u2019s largest jackpots\",\"description\":\"Participate in worldwide lottery jackpots from any country\",\"publisher\":{\"@id\":\"https:\/\/redfoxlotto.com\/de\/#organization\"},\"potentialAction\":[{\"@type\":\"SearchAction\",\"target\":{\"@type\":\"EntryPoint\",\"urlTemplate\":\"https:\/\/redfoxlotto.com\/de\/?s={search_term_string}\"},\"query-input\":{\"@type\":\"PropertyValueSpecification\",\"valueRequired\":true,\"valueName\":\"search_term_string\"}}],\"inLanguage\":\"de\"},{\"@type\":\"Organization\",\"@id\":\"https:\/\/redfoxlotto.com\/de\/#organization\",\"name\":\"Get Tickets for the World\u2019s largest jackpots\",\"url\":\"https:\/\/redfoxlotto.com\/de\/\",\"logo\":{\"@type\":\"ImageObject\",\"inLanguage\":\"de\",\"@id\":\"https:\/\/redfoxlotto.com\/de\/#\/schema\/logo\/image\/\",\"url\":\"https:\/\/redfoxlotto.com\/wp-content\/uploads\/2023\/04\/logo.png\",\"contentUrl\":\"https:\/\/redfoxlotto.com\/wp-content\/uploads\/2023\/04\/logo.png\",\"width\":269,\"height\":53,\"caption\":\"Get Tickets for the World\u2019s largest jackpots\"},\"image\":{\"@id\":\"https:\/\/redfoxlotto.com\/de\/#\/schema\/logo\/image\/\"}}]}<\/script>\n<!-- \/ Yoast SEO plugin. -->","yoast_head_json":{"title":"Internationale Lotto Gewinnzahlen","description":"Hier finden Sie die Gewinnzahlen der gr\u00f6\u00dften internationalen Lotterien sowie ein Archiv der vergangenen Ziehungen","robots":{"index":"index","follow":"follow","max-snippet":"max-snippet:-1","max-image-preview":"max-image-preview:large","max-video-preview":"max-video-preview:-1"},"canonical":"https:\/\/redfoxlotto.com\/de\/ergebnisse\/","og_locale":"de_DE","og_type":"article","og_title":"Internationale Lotto Gewinnzahlen","og_description":"Hier finden Sie die Gewinnzahlen der gr\u00f6\u00dften internationalen Lotterien sowie ein Archiv der vergangenen Ziehungen","og_url":"https:\/\/redfoxlotto.com\/de\/ergebnisse\/","og_site_name":"Get Tickets for the World\u2019s largest jackpots","article_modified_time":"2025-12-18T08:34:32+00:00","og_image":[{"url":"https:\/\/content.redfoxlotto.com\/uploads\/sites\/9\/1_winning_lottery_numbers.jpg"}],"twitter_card":"summary_large_image","twitter_misc":{"Gesch\u00e4tzte Lesezeit":"2\u00a0Minuten"},"schema":{"@context":"https:\/\/schema.org","@graph":[{"@type":"WebPage","@id":"https:\/\/redfoxlotto.com\/de\/ergebnisse\/","url":"https:\/\/redfoxlotto.com\/de\/ergebnisse\/","name":"Internationale Lotto Gewinnzahlen","isPartOf":{"@id":"https:\/\/redfoxlotto.com\/de\/#website"},"primaryImageOfPage":{"@id":"https:\/\/redfoxlotto.com\/de\/ergebnisse\/#primaryimage"},"image":{"@id":"https:\/\/redfoxlotto.com\/de\/ergebnisse\/#primaryimage"},"thumbnailUrl":"https:\/\/content.redfoxlotto.com\/uploads\/sites\/9\/1_winning_lottery_numbers.jpg","datePublished":"2023-04-24T14:13:24+00:00","dateModified":"2025-12-18T08:34:32+00:00","description":"Hier finden Sie die Gewinnzahlen der gr\u00f6\u00dften internationalen Lotterien sowie ein Archiv der vergangenen Ziehungen","breadcrumb":{"@id":"https:\/\/redfoxlotto.com\/de\/ergebnisse\/#breadcrumb"},"inLanguage":"de","potentialAction":[{"@type":"ReadAction","target":["https:\/\/redfoxlotto.com\/de\/ergebnisse\/"]}]},{"@type":"ImageObject","inLanguage":"de","@id":"https:\/\/redfoxlotto.com\/de\/ergebnisse\/#primaryimage","url":"https:\/\/content.redfoxlotto.com\/uploads\/sites\/9\/1_winning_lottery_numbers.jpg","contentUrl":"https:\/\/content.redfoxlotto.com\/uploads\/sites\/9\/1_winning_lottery_numbers.jpg"},{"@type":"BreadcrumbList","@id":"https:\/\/redfoxlotto.com\/de\/ergebnisse\/#breadcrumb","itemListElement":[{"@type":"ListItem","position":1,"name":"Home","item":"https:\/\/redfoxlotto.com\/de\/"},{"@type":"ListItem","position":2,"name":"Gewinnzahlen und Ergebnisse weltweiter Lotterien"}]},{"@type":"WebSite","@id":"https:\/\/redfoxlotto.com\/de\/#website","url":"https:\/\/redfoxlotto.com\/de\/","name":"Get Tickets for the World\u2019s largest jackpots","description":"Participate in worldwide lottery jackpots from any country","publisher":{"@id":"https:\/\/redfoxlotto.com\/de\/#organization"},"potentialAction":[{"@type":"SearchAction","target":{"@type":"EntryPoint","urlTemplate":"https:\/\/redfoxlotto.com\/de\/?s={search_term_string}"},"query-input":{"@type":"PropertyValueSpecification","valueRequired":true,"valueName":"search_term_string"}}],"inLanguage":"de"},{"@type":"Organization","@id":"https:\/\/redfoxlotto.com\/de\/#organization","name":"Get Tickets for the World\u2019s largest jackpots","url":"https:\/\/redfoxlotto.com\/de\/","logo":{"@type":"ImageObject","inLanguage":"de","@id":"https:\/\/redfoxlotto.com\/de\/#\/schema\/logo\/image\/","url":"https:\/\/redfoxlotto.com\/wp-content\/uploads\/2023\/04\/logo.png","contentUrl":"https:\/\/redfoxlotto.com\/wp-content\/uploads\/2023\/04\/logo.png","width":269,"height":53,"caption":"Get Tickets for the World\u2019s largest jackpots"},"image":{"@id":"https:\/\/redfoxlotto.com\/de\/#\/schema\/logo\/image\/"}}]}},"_links":{"self":[{"href":"https:\/\/redfoxlotto.com\/de\/wp-json\/wp\/v2\/pages\/128","targetHints":{"allow":["GET"]}}],"collection":[{"href":"https:\/\/redfoxlotto.com\/de\/wp-json\/wp\/v2\/pages"}],"about":[{"href":"https:\/\/redfoxlotto.com\/de\/wp-json\/wp\/v2\/types\/page"}],"author":[{"embeddable":true,"href":"https:\/\/redfoxlotto.com\/de\/wp-json\/wp\/v2\/users\/1"}],"replies":[{"embeddable":true,"href":"https:\/\/redfoxlotto.com\/de\/wp-json\/wp\/v2\/comments?post=128"}],"version-history":[{"count":0,"href":"https:\/\/redfoxlotto.com\/de\/wp-json\/wp\/v2\/pages\/128\/revisions"}],"wp:attachment":[{"href":"https:\/\/redfoxlotto.com\/de\/wp-json\/wp\/v2\/media?parent=128"}],"curies":[{"name":"wp","href":"https:\/\/api.w.org\/{rel}","templated":true}]}}