{"id":127,"date":"2018-11-18T08:54:25","date_gmt":"2018-11-18T08:54:25","guid":{"rendered":"https:\/\/redfoxlotto.com\/?page_id=227\/"},"modified":"2018-11-18T08:55:00","modified_gmt":"2018-11-18T08:55:00","slug":"lotto-uk","status":"publish","type":"page","link":"https:\/\/redfoxlotto.com\/de\/lotterie\/lotto-uk\/","title":{"rendered":"\u00dcber die UK Lottery"},"content":{"rendered":"<p>Die UK Lotterie ist die gr\u00f6\u00dfte nationale Lotterie im Vereinigten K\u00f6nigreich, ohne paneurop\u00e4ische Lotterien wie <a href=\"https:\/\/redfoxlotto.com\/de\/lotterie\/euromillions\/\">Euromillions<\/a> und <a href=\"https:\/\/redfoxlotto.com\/de\/spielen\/eurojackpot\/\">Eurojackpot<\/a> zu z\u00e4hlen.<!--more--><br \/>\n<img decoding=\"async\" class=\"size-full wp-image alignright\" src=\"https:\/\/content.redfoxlotto.com\/uploads\/sites\/9\/2_ticket_uk_lottery2.jpg\" alt=\"lottery tickets UK\"><\/p>\n<p>Heutzutage k\u00f6nnen Lottospieler von au\u00dferhalb Gro\u00dfbritanniens eine Chance auf diese beliebte Lotterie haben. Die Chancen stehen besser als in den meisten anderen europ\u00e4ischen Lotterien.<\/p>\n<p>Die britische Lotterie, wie der Name schon sagt, ist die offizielle Lotterie des Vereinigten K\u00f6nigreichs. Im Jahr 1994, als das Spiel begann, war es bekannt als die Nationale Lotterie, wurde aber im Jahr 2002 in Lotto umgewandelt. Die britische Lotterie wird von der Regierung des Vereinigten K\u00f6nigreichs konzessioniert, und die Lizenz zum Betreiben der Lotterie wurde einer Gruppe erteilt, die als Camelot-Gruppe bekannt ist, w\u00e4hrend die Regulierungsoperationen der Lotterie von der Gl\u00fccksspielkommission durchgef\u00fchrt werden.<\/p>\n<p>Nur Personen, die mindestens 16 Jahre alt sind, d\u00fcrfen an der britischen Lotterie teilnehmen. Obwohl die Lose online auf der Website der Nationalen Lotterie gekauft werden k\u00f6nnen, ist sie nur f\u00fcr Personen verf\u00fcgbar, die die oben genannten Kriterien erf\u00fcllen.<\/p>\n<p>Um am britischen Lotto teilzunehmen, m\u00fcssen die Spieler einen Lottoschein kaufen und d\u00fcrfen 6 Zahlen aus einer Auswahl von 59 Zahlen ausw\u00e4hlen. Au\u00dferdem haben sie die M\u00f6glichkeit, einen Gl\u00fccksdip auszuw\u00e4hlen, bei dem die Zahlen zuf\u00e4llig f\u00fcr Sie ausgew\u00e4hlt werden. Ziehungen werden zweimal pro Woche durchgef\u00fchrt, wobei 6 Zahlen zuf\u00e4llig ausgew\u00e4hlt werden und aus den restlichen 53 eine Bonuszahl ausgew\u00e4hlt wird. Wenn die Zahlen auf Ihrem Ticket genau mit den 6 <a href=\"https:\/\/redfoxlotto.com\/de\/ergebnisse\/\">gezogenen Hauptnummern<\/a> \u00fcbereinstimmen, dann haben Sie den Jackpot gewonnen. Auch wenn Ihr Los nicht mit den gesamten 6 gezogenen Zahlen \u00fcbereinstimmt, haben Sie immer noch eine Chance, etwas zu gewinnen, da es Preise f\u00fcr die \u00dcbereinstimmung von 2, 3, 4 oder 5 der gezogenen Zahlen gibt, ohne die Bonuszahl auszuschlie\u00dfen.<br \/>\n<img decoding=\"async\" class=\"size-full wp-image alignright\" src=\"https:\/\/content.redfoxlotto.com\/uploads\/sites\/9\/1_win_lottery_online3.jpg\" alt=\"buy ticket UK Lottery\"><br \/>\nDer gr\u00f6\u00dfte Jackpot, der bisher im britischen Lotto gewonnen wurde, ist der 171,6 Millionen Pfund Gewinn vom 12. Juli 2011 von Collins Weir und seiner Frau. Die Wahrscheinlichkeit, den Jackpot in der britischen Lotterie zu knacken, betr\u00e4gt 1:45 Millionen.<\/p>\n<p>Holen Sie sich jetzt Ihren Online-Schein f\u00fcr die UK Lottery!<\/p>\n","protected":false},"excerpt":{"rendered":"<p>Die UK Lotterie ist die gr\u00f6\u00dfte nationale Lotterie im Vereinigten K\u00f6nigreich, ohne paneurop\u00e4ische Lotterien wie Euromillions und Eurojackpot zu z\u00e4hlen.<\/p>\n","protected":false},"author":1,"featured_media":0,"parent":120,"menu_order":9,"comment_status":"closed","ping_status":"closed","template":"lotto-uk-info.php","meta":{"_et_pb_use_builder":"","_et_pb_old_content":"","_et_gb_content_width":"","exclude_from_search":false,"footnotes":""},"class_list":["post-127","page","type-page","status-publish","hentry"],"yoast_head":"<!-- This site is optimized with the Yoast SEO plugin v27.3 - https:\/\/yoast.com\/product\/yoast-seo-wordpress\/ -->\n<title>Informationen zum Lotto aus Gro\u00dfbritannien<\/title>\n<meta name=\"description\" content=\"UK Lotto Informationen - alles zur Lotterie Gro\u00dfbritanniens\" \/>\n<meta name=\"robots\" content=\"index, follow, max-snippet:-1, max-image-preview:large, max-video-preview:-1\" \/>\n<link rel=\"canonical\" href=\"https:\/\/redfoxlotto.com\/de\/lotterie\/lotto-uk\/\" \/>\n<meta property=\"og:locale\" content=\"de_DE\" \/>\n<meta property=\"og:type\" content=\"article\" \/>\n<meta property=\"og:title\" content=\"Informationen zum Lotto aus Gro\u00dfbritannien\" \/>\n<meta property=\"og:description\" content=\"UK Lotto Informationen - alles zur Lotterie Gro\u00dfbritanniens\" \/>\n<meta property=\"og:url\" content=\"https:\/\/redfoxlotto.com\/de\/lotterie\/lotto-uk\/\" \/>\n<meta property=\"og:site_name\" content=\"Get Tickets for the World\u2019s largest jackpots\" \/>\n<meta property=\"article:modified_time\" content=\"2018-11-18T08:55:00+00:00\" \/>\n<meta property=\"og:image\" content=\"https:\/\/content.redfoxlotto.com\/uploads\/sites\/9\/2_ticket_uk_lottery2.jpg\" \/>\n<meta name=\"twitter:card\" content=\"summary_large_image\" \/>\n<meta name=\"twitter:label1\" content=\"Gesch\u00e4tzte Lesezeit\" \/>\n\t<meta name=\"twitter:data1\" content=\"2\u00a0Minuten\" \/>\n<script type=\"application\/ld+json\" class=\"yoast-schema-graph\">{\"@context\":\"https:\\\/\\\/schema.org\",\"@graph\":[{\"@type\":\"WebPage\",\"@id\":\"https:\\\/\\\/redfoxlotto.com\\\/de\\\/lotterie\\\/lotto-uk\\\/\",\"url\":\"https:\\\/\\\/redfoxlotto.com\\\/de\\\/lotterie\\\/lotto-uk\\\/\",\"name\":\"Informationen zum Lotto aus Gro\u00dfbritannien\",\"isPartOf\":{\"@id\":\"https:\\\/\\\/redfoxlotto.com\\\/de\\\/#website\"},\"primaryImageOfPage\":{\"@id\":\"https:\\\/\\\/redfoxlotto.com\\\/de\\\/lotterie\\\/lotto-uk\\\/#primaryimage\"},\"image\":{\"@id\":\"https:\\\/\\\/redfoxlotto.com\\\/de\\\/lotterie\\\/lotto-uk\\\/#primaryimage\"},\"thumbnailUrl\":\"https:\\\/\\\/content.redfoxlotto.com\\\/uploads\\\/sites\\\/9\\\/2_ticket_uk_lottery2.jpg\",\"datePublished\":\"2018-11-18T08:54:25+00:00\",\"dateModified\":\"2018-11-18T08:55:00+00:00\",\"description\":\"UK Lotto Informationen - alles zur Lotterie Gro\u00dfbritanniens\",\"breadcrumb\":{\"@id\":\"https:\\\/\\\/redfoxlotto.com\\\/de\\\/lotterie\\\/lotto-uk\\\/#breadcrumb\"},\"inLanguage\":\"de\",\"potentialAction\":[{\"@type\":\"ReadAction\",\"target\":[\"https:\\\/\\\/redfoxlotto.com\\\/de\\\/lotterie\\\/lotto-uk\\\/\"]}]},{\"@type\":\"ImageObject\",\"inLanguage\":\"de\",\"@id\":\"https:\\\/\\\/redfoxlotto.com\\\/de\\\/lotterie\\\/lotto-uk\\\/#primaryimage\",\"url\":\"https:\\\/\\\/content.redfoxlotto.com\\\/uploads\\\/sites\\\/9\\\/2_ticket_uk_lottery2.jpg\",\"contentUrl\":\"https:\\\/\\\/content.redfoxlotto.com\\\/uploads\\\/sites\\\/9\\\/2_ticket_uk_lottery2.jpg\"},{\"@type\":\"BreadcrumbList\",\"@id\":\"https:\\\/\\\/redfoxlotto.com\\\/de\\\/lotterie\\\/lotto-uk\\\/#breadcrumb\",\"itemListElement\":[{\"@type\":\"ListItem\",\"position\":1,\"name\":\"Home\",\"item\":\"https:\\\/\\\/redfoxlotto.com\\\/de\\\/\"},{\"@type\":\"ListItem\",\"position\":2,\"name\":\"Der Ablauf beim Online-Lottospiel\",\"item\":\"https:\\\/\\\/redfoxlotto.com\\\/de\\\/lotterie\\\/\"},{\"@type\":\"ListItem\",\"position\":3,\"name\":\"\u00dcber die UK Lottery\"}]},{\"@type\":\"WebSite\",\"@id\":\"https:\\\/\\\/redfoxlotto.com\\\/de\\\/#website\",\"url\":\"https:\\\/\\\/redfoxlotto.com\\\/de\\\/\",\"name\":\"Get Tickets for the World\u2019s largest jackpots\",\"description\":\"Participate in worldwide lottery jackpots from any country\",\"publisher\":{\"@id\":\"https:\\\/\\\/redfoxlotto.com\\\/de\\\/#organization\"},\"potentialAction\":[{\"@type\":\"SearchAction\",\"target\":{\"@type\":\"EntryPoint\",\"urlTemplate\":\"https:\\\/\\\/redfoxlotto.com\\\/de\\\/?s={search_term_string}\"},\"query-input\":{\"@type\":\"PropertyValueSpecification\",\"valueRequired\":true,\"valueName\":\"search_term_string\"}}],\"inLanguage\":\"de\"},{\"@type\":\"Organization\",\"@id\":\"https:\\\/\\\/redfoxlotto.com\\\/de\\\/#organization\",\"name\":\"Get Tickets for the World\u2019s largest jackpots\",\"url\":\"https:\\\/\\\/redfoxlotto.com\\\/de\\\/\",\"logo\":{\"@type\":\"ImageObject\",\"inLanguage\":\"de\",\"@id\":\"https:\\\/\\\/redfoxlotto.com\\\/de\\\/#\\\/schema\\\/logo\\\/image\\\/\",\"url\":\"https:\\\/\\\/redfoxlotto.com\\\/wp-content\\\/uploads\\\/2023\\\/04\\\/logo.png\",\"contentUrl\":\"https:\\\/\\\/redfoxlotto.com\\\/wp-content\\\/uploads\\\/2023\\\/04\\\/logo.png\",\"width\":269,\"height\":53,\"caption\":\"Get Tickets for the World\u2019s largest jackpots\"},\"image\":{\"@id\":\"https:\\\/\\\/redfoxlotto.com\\\/de\\\/#\\\/schema\\\/logo\\\/image\\\/\"}}]}<\/script>\n<!-- \/ Yoast SEO plugin. -->","yoast_head_json":{"title":"Informationen zum Lotto aus Gro\u00dfbritannien","description":"UK Lotto Informationen - alles zur Lotterie Gro\u00dfbritanniens","robots":{"index":"index","follow":"follow","max-snippet":"max-snippet:-1","max-image-preview":"max-image-preview:large","max-video-preview":"max-video-preview:-1"},"canonical":"https:\/\/redfoxlotto.com\/de\/lotterie\/lotto-uk\/","og_locale":"de_DE","og_type":"article","og_title":"Informationen zum Lotto aus Gro\u00dfbritannien","og_description":"UK Lotto Informationen - alles zur Lotterie Gro\u00dfbritanniens","og_url":"https:\/\/redfoxlotto.com\/de\/lotterie\/lotto-uk\/","og_site_name":"Get Tickets for the World\u2019s largest jackpots","article_modified_time":"2018-11-18T08:55:00+00:00","og_image":[{"url":"https:\/\/content.redfoxlotto.com\/uploads\/sites\/9\/2_ticket_uk_lottery2.jpg","type":"","width":"","height":""}],"twitter_card":"summary_large_image","twitter_misc":{"Gesch\u00e4tzte Lesezeit":"2\u00a0Minuten"},"schema":{"@context":"https:\/\/schema.org","@graph":[{"@type":"WebPage","@id":"https:\/\/redfoxlotto.com\/de\/lotterie\/lotto-uk\/","url":"https:\/\/redfoxlotto.com\/de\/lotterie\/lotto-uk\/","name":"Informationen zum Lotto aus Gro\u00dfbritannien","isPartOf":{"@id":"https:\/\/redfoxlotto.com\/de\/#website"},"primaryImageOfPage":{"@id":"https:\/\/redfoxlotto.com\/de\/lotterie\/lotto-uk\/#primaryimage"},"image":{"@id":"https:\/\/redfoxlotto.com\/de\/lotterie\/lotto-uk\/#primaryimage"},"thumbnailUrl":"https:\/\/content.redfoxlotto.com\/uploads\/sites\/9\/2_ticket_uk_lottery2.jpg","datePublished":"2018-11-18T08:54:25+00:00","dateModified":"2018-11-18T08:55:00+00:00","description":"UK Lotto Informationen - alles zur Lotterie Gro\u00dfbritanniens","breadcrumb":{"@id":"https:\/\/redfoxlotto.com\/de\/lotterie\/lotto-uk\/#breadcrumb"},"inLanguage":"de","potentialAction":[{"@type":"ReadAction","target":["https:\/\/redfoxlotto.com\/de\/lotterie\/lotto-uk\/"]}]},{"@type":"ImageObject","inLanguage":"de","@id":"https:\/\/redfoxlotto.com\/de\/lotterie\/lotto-uk\/#primaryimage","url":"https:\/\/content.redfoxlotto.com\/uploads\/sites\/9\/2_ticket_uk_lottery2.jpg","contentUrl":"https:\/\/content.redfoxlotto.com\/uploads\/sites\/9\/2_ticket_uk_lottery2.jpg"},{"@type":"BreadcrumbList","@id":"https:\/\/redfoxlotto.com\/de\/lotterie\/lotto-uk\/#breadcrumb","itemListElement":[{"@type":"ListItem","position":1,"name":"Home","item":"https:\/\/redfoxlotto.com\/de\/"},{"@type":"ListItem","position":2,"name":"Der Ablauf beim Online-Lottospiel","item":"https:\/\/redfoxlotto.com\/de\/lotterie\/"},{"@type":"ListItem","position":3,"name":"\u00dcber die UK Lottery"}]},{"@type":"WebSite","@id":"https:\/\/redfoxlotto.com\/de\/#website","url":"https:\/\/redfoxlotto.com\/de\/","name":"Get Tickets for the World\u2019s largest jackpots","description":"Participate in worldwide lottery jackpots from any country","publisher":{"@id":"https:\/\/redfoxlotto.com\/de\/#organization"},"potentialAction":[{"@type":"SearchAction","target":{"@type":"EntryPoint","urlTemplate":"https:\/\/redfoxlotto.com\/de\/?s={search_term_string}"},"query-input":{"@type":"PropertyValueSpecification","valueRequired":true,"valueName":"search_term_string"}}],"inLanguage":"de"},{"@type":"Organization","@id":"https:\/\/redfoxlotto.com\/de\/#organization","name":"Get Tickets for the World\u2019s largest jackpots","url":"https:\/\/redfoxlotto.com\/de\/","logo":{"@type":"ImageObject","inLanguage":"de","@id":"https:\/\/redfoxlotto.com\/de\/#\/schema\/logo\/image\/","url":"https:\/\/redfoxlotto.com\/wp-content\/uploads\/2023\/04\/logo.png","contentUrl":"https:\/\/redfoxlotto.com\/wp-content\/uploads\/2023\/04\/logo.png","width":269,"height":53,"caption":"Get Tickets for the World\u2019s largest jackpots"},"image":{"@id":"https:\/\/redfoxlotto.com\/de\/#\/schema\/logo\/image\/"}}]}},"_links":{"self":[{"href":"https:\/\/redfoxlotto.com\/de\/wp-json\/wp\/v2\/pages\/127","targetHints":{"allow":["GET"]}}],"collection":[{"href":"https:\/\/redfoxlotto.com\/de\/wp-json\/wp\/v2\/pages"}],"about":[{"href":"https:\/\/redfoxlotto.com\/de\/wp-json\/wp\/v2\/types\/page"}],"author":[{"embeddable":true,"href":"https:\/\/redfoxlotto.com\/de\/wp-json\/wp\/v2\/users\/1"}],"replies":[{"embeddable":true,"href":"https:\/\/redfoxlotto.com\/de\/wp-json\/wp\/v2\/comments?post=127"}],"version-history":[{"count":0,"href":"https:\/\/redfoxlotto.com\/de\/wp-json\/wp\/v2\/pages\/127\/revisions"}],"up":[{"embeddable":true,"href":"https:\/\/redfoxlotto.com\/de\/wp-json\/wp\/v2\/pages\/120"}],"wp:attachment":[{"href":"https:\/\/redfoxlotto.com\/de\/wp-json\/wp\/v2\/media?parent=127"}],"curies":[{"name":"wp","href":"https:\/\/api.w.org\/{rel}","templated":true}]}}