{"id":126,"date":"2018-11-18T08:54:25","date_gmt":"2018-11-18T08:54:25","guid":{"rendered":"https:\/\/redfoxlotto.com\/?page_id=225\/"},"modified":"2018-11-18T08:55:00","modified_gmt":"2018-11-18T08:55:00","slug":"superenalotto","status":"publish","type":"page","link":"https:\/\/redfoxlotto.com\/de\/lotterie\/superenalotto\/","title":{"rendered":"\u00dcber SuperEnalotto"},"content":{"rendered":"<p><img loading=\"lazy\" decoding=\"async\" class=\" wp-image alignright\" src=\"https:\/\/content.redfoxlotto.com\/uploads\/sites\/9\/2_ticket_superenalotto4.jpg\" alt=\"Superenalotto online spielen\" width=\"206\" height=\"294\" \/><\/p>\n<p>Dieses Lotto aus Italien wurde als \u201eEnaLotto\u201c in den 50er Jahren eingef\u00fchrt und dann sp\u00e4ter in <a href=\"https:\/\/redfoxlotto.com\/de\/spielen\/superenalotto\/\">SuperEnaLotto<\/a> umbenannt. Der h\u00f6chste verzeichnete Gewinn im Superenalotto betrug 177,729,043,16\u20ac.<\/p>\n<p>Diese Lotterie hat drei Ziehungen pro Woche &#8211; jeden Dienstag, Donnerstag und Samstag.<\/p>\n<p><!--more--><\/p>\n<h2>Wie Sie Ihr Superenalotto-Ticket online kaufen<\/h2>\n<p>Das Verfahren zum Online-Kauf Ihres Superenalotto-Tickets von Deutschland aus ist sehr einfach. Unsere Website f\u00fchrt Sie durch den Kauf des Tickets und die Bezahlung.<\/p>\n<p>Wenn Sie bereit sind, Ihr Ticket online zu kaufen, k\u00f6nnen Sie dies auf zwei verschiedene Arten tun:<\/p>\n<ul>\n<li>Beginnen Sie mit der Registrierung eines Kontos bei RedFoxLotto (vergessen Sie nicht, den Link in der Best\u00e4tigungs-E-Mail anzuklicken, die wir Ihnen senden werden!) und zahlen Sie dann zuerst etwas Geld auf Ihr Konto ein. Jetzt, wo Sie Geld auf Ihrem Konto haben, k\u00f6nnen Sie eine Lotterie w\u00e4hlen, Ihre Zahlen ausw\u00e4hlen und mit Ihrem Kontostand bezahlen. Diese Methode ist ideal, wenn Sie heute einige Lose online kaufen m\u00f6chten und sp\u00e4ter wiederkommen, um weitere Lose zu kaufen.<\/li>\n<\/ul>\n<p>Oder:<\/p>\n<ul>\n<li>W\u00e4hlen Sie zuerst eine Lotterie und w\u00e4hlen Sie dann Ihre Zahlen. Wenn Sie m\u00f6chten, k\u00f6nnen Sie weitere Lotterien und weitere Lose hinzuf\u00fcgen. Klicken Sie dann auf die Schaltfl\u00e4che &#8222;Jetzt bezahlen&#8220;. Als n\u00e4chstes sehen Sie die Anmeldemaske. Da Sie noch kein Konto haben, m\u00fcssen Sie eines erstellen, indem Sie auf die Schaltfl\u00e4che &#8222;Anmelden&#8220; klicken. Wenn Sie sich registriert und Ihr neues Konto verifiziert haben, suchen Sie nach dem Warenkorb-Symbol und klicken Sie darauf. Dann bezahlen Sie online mit jeder f\u00fcr Sie bequemen Methode.<\/li>\n<\/ul>\n<p>Vergewissern Sie sich, dass Sie alle notwendigen Schritte f\u00fcr die Zahlung durchgef\u00fchrt haben. Sobald Sie Ihre Tickets erfolgreich gekauft haben, erhalten Sie eine Best\u00e4tigungs-E-Mail. Danach brauchen Sie nur noch auf die Ziehung zu warten, um zu sehen, ob Sie gewonnen haben!<\/p>\n<h2>SuperEnalotto weltweit<\/h2>\n<p><img loading=\"lazy\" decoding=\"async\" class=\" wp-image alignright\" src=\"https:\/\/content.redfoxlotto.com\/uploads\/sites\/9\/1_buy_ticket_jackpot.jpg\" alt=\"win Superenalotto\" width=\"264\" height=\"175\" \/><br \/>\nBis zur Einf\u00fchrung des Eurojackpot war die Superenalotto Lotterie die K\u00f6nigin der europ\u00e4ischen Lotterien. Heutzutage wird sie nicht in Italien, sondern auch online von Spielern aus anderen L\u00e4ndern gerne gespielt.<\/p>\n<h2>Die Regeln von SuperEnalotto<\/h2>\n<p>SuperEnaLotto ist eine Lotterie 6 aus 90 ohne Zusatzzahlen. Mit 6 Richtigen gewinnt man den Jackpot. Hat man mindestens 3 Zahlen richtig getippt, ist man f\u00fcr einen der niedrigeren Preisen qualifiziert.<\/p>\n","protected":false},"excerpt":{"rendered":"<p>Dieses Lotto aus Italien wurde als \u201eEnaLotto\u201c in den 50er Jahren eingef\u00fchrt und dann sp\u00e4ter in SuperEnaLotto umbenannt. Der h\u00f6chste verzeichnete Gewinn im Superenalotto betrug 177,729,043,16\u20ac. Diese Lotterie hat drei Ziehungen pro Woche &#8211; jeden Dienstag, Donnerstag und Samstag.<\/p>\n","protected":false},"author":1,"featured_media":0,"parent":120,"menu_order":5,"comment_status":"closed","ping_status":"closed","template":"superenalotto-info.php","meta":{"_et_pb_use_builder":"","_et_pb_old_content":"","_et_gb_content_width":"","exclude_from_search":false,"footnotes":""},"class_list":["post-126","page","type-page","status-publish","hentry"],"yoast_head":"<!-- This site is optimized with the Yoast SEO plugin v23.8 - https:\/\/yoast.com\/wordpress\/plugins\/seo\/ -->\n<title>SuperEnalotto Lose online kaufen<\/title>\n<meta name=\"description\" content=\"Alle SuperEnalotto Informationen, die Sie ben\u00f6tigen\" \/>\n<meta name=\"robots\" content=\"index, follow, max-snippet:-1, max-image-preview:large, max-video-preview:-1\" \/>\n<link rel=\"canonical\" href=\"https:\/\/redfoxlotto.com\/de\/lotterie\/superenalotto\/\" \/>\n<meta property=\"og:locale\" content=\"de_DE\" \/>\n<meta property=\"og:type\" content=\"article\" \/>\n<meta property=\"og:title\" content=\"SuperEnalotto Lose online kaufen\" \/>\n<meta property=\"og:description\" content=\"Alle SuperEnalotto Informationen, die Sie ben\u00f6tigen\" \/>\n<meta property=\"og:url\" content=\"https:\/\/redfoxlotto.com\/de\/lotterie\/superenalotto\/\" \/>\n<meta property=\"og:site_name\" content=\"Get Tickets for the World\u2019s largest jackpots\" \/>\n<meta property=\"article:modified_time\" content=\"2018-11-18T08:55:00+00:00\" \/>\n<meta property=\"og:image\" content=\"https:\/\/content.redfoxlotto.com\/uploads\/sites\/9\/2_ticket_superenalotto4.jpg\" \/>\n<meta name=\"twitter:card\" content=\"summary_large_image\" \/>\n<meta name=\"twitter:label1\" content=\"Gesch\u00e4tzte Lesezeit\" \/>\n\t<meta name=\"twitter:data1\" content=\"2\u00a0Minuten\" \/>\n<script type=\"application\/ld+json\" class=\"yoast-schema-graph\">{\"@context\":\"https:\/\/schema.org\",\"@graph\":[{\"@type\":\"WebPage\",\"@id\":\"https:\/\/redfoxlotto.com\/de\/lotterie\/superenalotto\/\",\"url\":\"https:\/\/redfoxlotto.com\/de\/lotterie\/superenalotto\/\",\"name\":\"SuperEnalotto Lose online kaufen\",\"isPartOf\":{\"@id\":\"https:\/\/redfoxlotto.com\/de\/#website\"},\"primaryImageOfPage\":{\"@id\":\"https:\/\/redfoxlotto.com\/de\/lotterie\/superenalotto\/#primaryimage\"},\"image\":{\"@id\":\"https:\/\/redfoxlotto.com\/de\/lotterie\/superenalotto\/#primaryimage\"},\"thumbnailUrl\":\"https:\/\/content.redfoxlotto.com\/uploads\/sites\/9\/2_ticket_superenalotto4.jpg\",\"datePublished\":\"2018-11-18T08:54:25+00:00\",\"dateModified\":\"2018-11-18T08:55:00+00:00\",\"description\":\"Alle SuperEnalotto Informationen, die Sie ben\u00f6tigen\",\"breadcrumb\":{\"@id\":\"https:\/\/redfoxlotto.com\/de\/lotterie\/superenalotto\/#breadcrumb\"},\"inLanguage\":\"de\",\"potentialAction\":[{\"@type\":\"ReadAction\",\"target\":[\"https:\/\/redfoxlotto.com\/de\/lotterie\/superenalotto\/\"]}]},{\"@type\":\"ImageObject\",\"inLanguage\":\"de\",\"@id\":\"https:\/\/redfoxlotto.com\/de\/lotterie\/superenalotto\/#primaryimage\",\"url\":\"https:\/\/content.redfoxlotto.com\/uploads\/sites\/9\/2_ticket_superenalotto4.jpg\",\"contentUrl\":\"https:\/\/content.redfoxlotto.com\/uploads\/sites\/9\/2_ticket_superenalotto4.jpg\"},{\"@type\":\"BreadcrumbList\",\"@id\":\"https:\/\/redfoxlotto.com\/de\/lotterie\/superenalotto\/#breadcrumb\",\"itemListElement\":[{\"@type\":\"ListItem\",\"position\":1,\"name\":\"Home\",\"item\":\"https:\/\/redfoxlotto.com\/de\/\"},{\"@type\":\"ListItem\",\"position\":2,\"name\":\"Der Ablauf beim Online-Lottospiel\",\"item\":\"https:\/\/redfoxlotto.com\/de\/lotterie\/\"},{\"@type\":\"ListItem\",\"position\":3,\"name\":\"\u00dcber SuperEnalotto\"}]},{\"@type\":\"WebSite\",\"@id\":\"https:\/\/redfoxlotto.com\/de\/#website\",\"url\":\"https:\/\/redfoxlotto.com\/de\/\",\"name\":\"Get Tickets for the World\u2019s largest jackpots\",\"description\":\"Participate in worldwide lottery jackpots from any country\",\"publisher\":{\"@id\":\"https:\/\/redfoxlotto.com\/de\/#organization\"},\"potentialAction\":[{\"@type\":\"SearchAction\",\"target\":{\"@type\":\"EntryPoint\",\"urlTemplate\":\"https:\/\/redfoxlotto.com\/de\/?s={search_term_string}\"},\"query-input\":{\"@type\":\"PropertyValueSpecification\",\"valueRequired\":true,\"valueName\":\"search_term_string\"}}],\"inLanguage\":\"de\"},{\"@type\":\"Organization\",\"@id\":\"https:\/\/redfoxlotto.com\/de\/#organization\",\"name\":\"Get Tickets for the World\u2019s largest jackpots\",\"url\":\"https:\/\/redfoxlotto.com\/de\/\",\"logo\":{\"@type\":\"ImageObject\",\"inLanguage\":\"de\",\"@id\":\"https:\/\/redfoxlotto.com\/de\/#\/schema\/logo\/image\/\",\"url\":\"https:\/\/redfoxlotto.com\/wp-content\/uploads\/2023\/04\/logo.png\",\"contentUrl\":\"https:\/\/redfoxlotto.com\/wp-content\/uploads\/2023\/04\/logo.png\",\"width\":269,\"height\":53,\"caption\":\"Get Tickets for the World\u2019s largest jackpots\"},\"image\":{\"@id\":\"https:\/\/redfoxlotto.com\/de\/#\/schema\/logo\/image\/\"}}]}<\/script>\n<!-- \/ Yoast SEO plugin. -->","yoast_head_json":{"title":"SuperEnalotto Lose online kaufen","description":"Alle SuperEnalotto Informationen, die Sie ben\u00f6tigen","robots":{"index":"index","follow":"follow","max-snippet":"max-snippet:-1","max-image-preview":"max-image-preview:large","max-video-preview":"max-video-preview:-1"},"canonical":"https:\/\/redfoxlotto.com\/de\/lotterie\/superenalotto\/","og_locale":"de_DE","og_type":"article","og_title":"SuperEnalotto Lose online kaufen","og_description":"Alle SuperEnalotto Informationen, die Sie ben\u00f6tigen","og_url":"https:\/\/redfoxlotto.com\/de\/lotterie\/superenalotto\/","og_site_name":"Get Tickets for the World\u2019s largest jackpots","article_modified_time":"2018-11-18T08:55:00+00:00","og_image":[{"url":"https:\/\/content.redfoxlotto.com\/uploads\/sites\/9\/2_ticket_superenalotto4.jpg"}],"twitter_card":"summary_large_image","twitter_misc":{"Gesch\u00e4tzte Lesezeit":"2\u00a0Minuten"},"schema":{"@context":"https:\/\/schema.org","@graph":[{"@type":"WebPage","@id":"https:\/\/redfoxlotto.com\/de\/lotterie\/superenalotto\/","url":"https:\/\/redfoxlotto.com\/de\/lotterie\/superenalotto\/","name":"SuperEnalotto Lose online kaufen","isPartOf":{"@id":"https:\/\/redfoxlotto.com\/de\/#website"},"primaryImageOfPage":{"@id":"https:\/\/redfoxlotto.com\/de\/lotterie\/superenalotto\/#primaryimage"},"image":{"@id":"https:\/\/redfoxlotto.com\/de\/lotterie\/superenalotto\/#primaryimage"},"thumbnailUrl":"https:\/\/content.redfoxlotto.com\/uploads\/sites\/9\/2_ticket_superenalotto4.jpg","datePublished":"2018-11-18T08:54:25+00:00","dateModified":"2018-11-18T08:55:00+00:00","description":"Alle SuperEnalotto Informationen, die Sie ben\u00f6tigen","breadcrumb":{"@id":"https:\/\/redfoxlotto.com\/de\/lotterie\/superenalotto\/#breadcrumb"},"inLanguage":"de","potentialAction":[{"@type":"ReadAction","target":["https:\/\/redfoxlotto.com\/de\/lotterie\/superenalotto\/"]}]},{"@type":"ImageObject","inLanguage":"de","@id":"https:\/\/redfoxlotto.com\/de\/lotterie\/superenalotto\/#primaryimage","url":"https:\/\/content.redfoxlotto.com\/uploads\/sites\/9\/2_ticket_superenalotto4.jpg","contentUrl":"https:\/\/content.redfoxlotto.com\/uploads\/sites\/9\/2_ticket_superenalotto4.jpg"},{"@type":"BreadcrumbList","@id":"https:\/\/redfoxlotto.com\/de\/lotterie\/superenalotto\/#breadcrumb","itemListElement":[{"@type":"ListItem","position":1,"name":"Home","item":"https:\/\/redfoxlotto.com\/de\/"},{"@type":"ListItem","position":2,"name":"Der Ablauf beim Online-Lottospiel","item":"https:\/\/redfoxlotto.com\/de\/lotterie\/"},{"@type":"ListItem","position":3,"name":"\u00dcber SuperEnalotto"}]},{"@type":"WebSite","@id":"https:\/\/redfoxlotto.com\/de\/#website","url":"https:\/\/redfoxlotto.com\/de\/","name":"Get Tickets for the World\u2019s largest jackpots","description":"Participate in worldwide lottery jackpots from any country","publisher":{"@id":"https:\/\/redfoxlotto.com\/de\/#organization"},"potentialAction":[{"@type":"SearchAction","target":{"@type":"EntryPoint","urlTemplate":"https:\/\/redfoxlotto.com\/de\/?s={search_term_string}"},"query-input":{"@type":"PropertyValueSpecification","valueRequired":true,"valueName":"search_term_string"}}],"inLanguage":"de"},{"@type":"Organization","@id":"https:\/\/redfoxlotto.com\/de\/#organization","name":"Get Tickets for the World\u2019s largest jackpots","url":"https:\/\/redfoxlotto.com\/de\/","logo":{"@type":"ImageObject","inLanguage":"de","@id":"https:\/\/redfoxlotto.com\/de\/#\/schema\/logo\/image\/","url":"https:\/\/redfoxlotto.com\/wp-content\/uploads\/2023\/04\/logo.png","contentUrl":"https:\/\/redfoxlotto.com\/wp-content\/uploads\/2023\/04\/logo.png","width":269,"height":53,"caption":"Get Tickets for the World\u2019s largest jackpots"},"image":{"@id":"https:\/\/redfoxlotto.com\/de\/#\/schema\/logo\/image\/"}}]}},"_links":{"self":[{"href":"https:\/\/redfoxlotto.com\/de\/wp-json\/wp\/v2\/pages\/126","targetHints":{"allow":["GET"]}}],"collection":[{"href":"https:\/\/redfoxlotto.com\/de\/wp-json\/wp\/v2\/pages"}],"about":[{"href":"https:\/\/redfoxlotto.com\/de\/wp-json\/wp\/v2\/types\/page"}],"author":[{"embeddable":true,"href":"https:\/\/redfoxlotto.com\/de\/wp-json\/wp\/v2\/users\/1"}],"replies":[{"embeddable":true,"href":"https:\/\/redfoxlotto.com\/de\/wp-json\/wp\/v2\/comments?post=126"}],"version-history":[{"count":0,"href":"https:\/\/redfoxlotto.com\/de\/wp-json\/wp\/v2\/pages\/126\/revisions"}],"up":[{"embeddable":true,"href":"https:\/\/redfoxlotto.com\/de\/wp-json\/wp\/v2\/pages\/120"}],"wp:attachment":[{"href":"https:\/\/redfoxlotto.com\/de\/wp-json\/wp\/v2\/media?parent=126"}],"curies":[{"name":"wp","href":"https:\/\/api.w.org\/{rel}","templated":true}]}}