{"id":125,"date":"2018-11-18T08:54:25","date_gmt":"2018-11-18T08:54:25","guid":{"rendered":"https:\/\/redfoxlotto.com\/?page_id=213\/"},"modified":"2025-12-18T10:54:14","modified_gmt":"2025-12-18T10:54:14","slug":"powerball","status":"publish","type":"page","link":"https:\/\/redfoxlotto.com\/de\/lotterie\/powerball\/","title":{"rendered":"\u00dcber Powerball"},"content":{"rendered":"<p><script type=\"application\/ld+json\">\n{\n  \"@context\": \"https:\/\/schema.org\",\n  \"@type\": \"Service\",\n  \"name\": \"Powerball online spielen\",\n  \"url\": \"https:\/\/redfoxlotto.com\/de\/lotteries\/powerball\",\n  \"description\": \"Kaufen Sie offizielle Powerball-Lotterielose online aus jedem Land. Besuchen Sie RedFoxLotto, w\u00e4hlen Sie Ihre Zahlen und nehmen Sie an der n\u00e4chsten Ziehung teil.\",\n  \"serviceType\": \"Online-Lotterielos-Dienst\",<\/p>\n<p>  \"provider\": {\n    \"@type\": \"Organization\",\n    \"name\": \"RedFoxLotto\",\n    \"url\": \"https:\/\/redfoxlotto.com\/de\/\",\n    \"image\": \"https:\/\/redfoxlotto.com\/wp-content\/uploads\/2025\/12\/ticket_scans.jpg\",\n    \"sameAs\": []\n  },<\/p>\n<p>  \"areaServed\": \"Worldwide\",\n  \"termsOfService\": \"https:\/\/redfoxlotto.com\/terms-and-conditions\",<\/p>\n<p>  \"additionalProperty\": {\n    \"@type\": \"PropertyValue\",\n    \"name\": \"FAQ\",\n    \"value\": \"https:\/\/redfoxlotto.com\/de\/faq\/\"\n  },<\/p>\n<p>  \"hasOfferCatalog\": {\n    \"@type\": \"OfferCatalog\",\n    \"name\": \"Powerball-Lotterielose\",\n    \"itemListElement\": [\n      {\n        \"@type\": \"Offer\",\n        \"name\": \"Powerball-Lose\",\n        \"url\": \"https:\/\/redfoxlotto.com\/de\/lotteries\/powerball\",\n        \"description\": \"Kaufen Sie echte Lose online f\u00fcr die n\u00e4chste Powerball-Ziehung bei RedFoxLotto.\",\n        \"price\": \"5.90\",\n        \"priceCurrency\": \"\u20ac\",\n        \"availability\": \"https:\/\/schema.org\/InStock\",<\/p>\n<p>        \"itemOffered\": {\n          \"@type\": \"Service\",\n          \"name\": \"Powerball-Lotterielose\",\n          \"description\": \"Nehmen Sie an der n\u00e4chsten Powerball-Ziehung teil \u2013 kaufen Sie Ihre Lose online \u00fcber RedFoxLotto.\"\n        }\n      }\n    ]\n  },<\/p>\n<p>  \"mainEntityOfPage\": {\n    \"@type\": \"WebPage\",\n    \"@id\": \"https:\/\/redfoxlotto.com\/de\/lotteries\/powerball\"\n  }\n}\n<\/script><\/p>\n<p>Powerball ist wahrscheinlich die bekannteste Lotterie weltweit, und daf\u00fcr gibt es einige wirklich gute Gr\u00fcnde.<\/p>\n<p>Millionen von Spielern aus der ganzen Welt spielen das Spiel. Mehr noch, nicht nur in den USA, sondern auch in anderen L\u00e4ndern wie Estland kann man Powerball-Lose online kaufen.<\/p>\n<p>Die Ziehungen finden jeden Samstag und Mittwoch statt, was bedeutet, dass Sie doppelt so viele Gelegenheiten haben, mitzumachen und ein Los zu kaufen. Was wirklich aufregend ist, ist, dass der gr\u00f6\u00dfte Jackpot, der jemals bei Powerball erreicht wurde, 1.586.400.000 $ betr\u00e4gt!<\/p>\n<h2>Powerball Lotto weltweit<\/h2>\n<p>Mit Hilfe unserer Website k\u00f6nnen Sie jetzt ein Powerball-Multimillion\u00e4r werden. Wir bieten Ihnen die M\u00f6glichkeit, Powerball-Scheine online zu kaufen. Und alles, was Sie tun m\u00fcssen, ist sich anzusehen, was unser System beinhaltet. Sie werden sehen, dass Sie in nur wenigen einfachen Schritten vom Besuch unserer Website bis zu Ihrem ersten Ticket auf Ihrem Konto gelangen k\u00f6nnen. Schauen wir uns also einmal genauer an, was Sie tun m\u00fcssen.<\/p>\n<h2>Wie Sie Ihren Powerball-Schein online in Deutschland kaufen<\/h2>\n<p>Der erste Schritt besteht darin, sich die verschiedenen Lotteriespiele anzusehen, die wir zur Verf\u00fcgung haben. Zum Gl\u00fcck f\u00fcr Sie gibt es eine Reihe gro\u00dfartiger Lose und Spiele, denn wir wollen sicherstellen, dass Sie an allen Top-Jackpots teilhaben k\u00f6nnen. Alle gro\u00dfen Spiele der Welt sind also von Estland aus \u00fcber unsere Website verf\u00fcgbar. Schauen Sie sich einfach die verf\u00fcgbaren Spiele an und entscheiden Sie dann, welches Sie spielen m\u00f6chten.<img decoding=\"async\" class=\"wp-image alignright\" src=\"https:\/\/redfoxlotto.com\/wp-content\/uploads\/sites\/9\/ticket_powerball3.jpg\" alt=\"Powerball-Lotterie\" \/><\/p>\n<p>Wenn du dich f\u00fcr ein Spiel entschieden hast (in diesem Fall Powerball), klickst du einfach auf den Link und gehst auf die Seite. Sie erhalten weitere Informationen \u00fcber das Spiel und erfahren, wie Sie Ihr eigenes Ticket erwerben k\u00f6nnen. Alles, was Sie tun m\u00fcssen, ist, die Zahlen auszuw\u00e4hlen, die Sie wollen. Nat\u00fcrlich k\u00f6nnen Sie auch eine Schnellauswahl treffen, wenn Sie nicht wissen, welche Zahlen Sie wollen.<\/p>\n<p>Wenn Sie auf unserer Website Ihre Zahlen ausw\u00e4hlen, teilen wir Ihnen genau mit, wie viele Sie ben\u00f6tigen, und stellen sicher, dass Sie nicht zu viele oder zu wenige haben, um einen g\u00fcltigen Schein zu erhalten. Sie haben auch die M\u00f6glichkeit, eine Kombination aus zuf\u00e4llig ausgew\u00e4hlten und pers\u00f6nlich ausgew\u00e4hlten Zahlen zu w\u00e4hlen. Sie k\u00f6nnen auch mehrere Lose f\u00fcr das Spiel ausw\u00e4hlen.<\/p>\n<p>Von dort aus k\u00f6nnen Sie die Lose in Ihren Einkaufswagen legen und dann weitere Lose aus dem Powerball oder aus anderen Spielen ausw\u00e4hlen, die Sie spielen m\u00f6chten. Dann m\u00fcssen Sie nur noch Ihr eigenes Konto einrichten. Wenn Sie das tun, werden wir Sie nach einigen pers\u00f6nlichen Informationen fragen, die Sie sicherer machen, wenn Sie Lose kaufen und Geld von Ihrem Konto abheben m\u00f6chten. Sie k\u00f6nnen auch alle Konten einrichten, die Sie m\u00f6chten.<\/p>\n<h2>Die Regeln f\u00fcr Powerball-Lose online<\/h2>\n<p>Wenn Sie Ihren Powerball-Schein erstellen m\u00f6chten, sollten Sie die Regeln kennen, die Sie befolgen m\u00fcssen, und wissen, wie Sie den Schein aussuchen. Also, was m\u00fcssen Sie tun?<\/p>\n<p>Sie m\u00fcssen 5 Zahlen zwischen 1 und 69 sowie eine Powerball-Zahl zwischen 1 und 26 w\u00e4hlen. Alle sechs Zahlen m\u00fcssen auf Ihrem Schein \u00fcbereinstimmen. Dann haben Sie den Jackpot gewonnen. Wenn Sie nur die ersten 5 Zahlen richtig haben, dann gewinnt Ihr Schein den zweiten Preis. Das macht Sie immer noch um 1 Million Dollar reicher. Powerball-Jackpot-Gewinne k\u00f6nnen als Einmalzahlung oder in 30 j\u00e4hrlichen Raten ausgezahlt werden.<\/p>\n<h2>Kaufen Sie ein Powerball-Ticket online und gewinnen Sie!<\/h2>\n<p>Was wird also passieren, wenn Sie den Powerball-Jackpot tats\u00e4chlich gewinnen? Es wird eine Menge Spa\u00df machen, und Sie werden bestimmt sehr aufgeregt sein. Sie werden aber auch eine Reise in die Vereinigten Staaten planen m\u00fcssen, denn dort macht man gerne eine gro\u00dfe Sache aus denjenigen, die gewinnen.<\/p>\n<p>Das hei\u00dft, es werden Fotos gemacht, ein gro\u00dfer Scheck \u00fcberreicht und vieles mehr. Wir sorgen daf\u00fcr, dass Sie mit dem Ticket und den Informationen, die Sie f\u00fcr die Inanspruchnahme Ihres Preises ben\u00f6tigen, darauf vorbereitet sind.<\/p>\n<p>Wenn Sie einen niedrigeren Preis gewinnen, k\u00f6nnen wir das Geld direkt auf Ihr Konto \u00fcberweisen, damit Sie es abheben k\u00f6nnen, oder Sie k\u00f6nnen es zum Kauf weiterer Lose verwenden. Wenn Sie einen gr\u00f6\u00dferen Preis, aber nicht den Jackpot gewinnen, k\u00f6nnen Sie sich das Geld direkt auf Ihr Konto \u00fcberweisen lassen. Wir werden uns mit Ihnen in Verbindung setzen, um Ihnen mitzuteilen, was Sie tun m\u00fcssen und wie Sie das alles einrichten k\u00f6nnen. Aber woher wollen Sie das wissen?<br \/>\n<img decoding=\"async\" class=\"size-full wp-image alignright\" src=\"https:\/\/content.redfoxlotto.com\/uploads\/sites\/9\/1_buy_lottery_online.jpg\" alt=\"Spielscheine online kaufen\" \/><br \/>\nWenn Sie Ihr Konto immer wieder \u00fcberpr\u00fcfen, k\u00f6nnen Sie die Aktualisierungen Ihres Scheins sehen, und Sie werden alle Zahlen sehen, die \u00fcbereinstimmen. Bei kleineren Betr\u00e4gen wird Ihnen das Geld sofort auf Ihr Konto \u00fcberwiesen. Jeder Betrag, den Sie gewinnen, wird jedoch in Ihrer E-Mail angezeigt. Das bedeutet, dass Sie einfach Ihre E-Mail abrufen und sehen k\u00f6nnen, dass Sie einen Gewinn erzielt haben, sodass Sie sofort zu Ihrem Konto gehen k\u00f6nnen.<\/p>\n<h2>Neue Spiele spielen<\/h2>\n<p>Wenn Sie bereit sind, mit dem Spielen anzufangen und Powerball-Lose online zu kaufen, sollten Sie sich unbedingt auch die anderen Optionen ansehen, die wir anbieten. Wir haben die hei\u00dfesten Lotteriespiele der Welt im Angebot, und Sie m\u00fcssen nur noch entscheiden, welches Ihr Lieblingsspiel ist und welches Sie als n\u00e4chstes ausprobieren m\u00f6chten.<\/p>\n<p>Werfen Sie also einen kurzen Blick auf das Angebot und wie Sie alle gew\u00fcnschten Lose abholen k\u00f6nnen. Und stellen Sie sicher, dass Sie sich auch alle Informationen \u00fcber die einzelnen Spiele ansehen, wann die Ziehung stattfindet, wie viel Sie gewinnen k\u00f6nnen und vieles mehr.<\/p>\n<p>M\u00f6chten Sie spielen und Powerball-Lose online kaufen? Fangen Sie gleich jetzt an, genau hier.<\/p>\n","protected":false},"excerpt":{"rendered":"<p>Powerball ist wahrscheinlich die bekannteste Lotterie weltweit, und daf\u00fcr gibt es einige wirklich gute Gr\u00fcnde. Millionen von Spielern aus der ganzen Welt spielen das Spiel. Mehr noch, nicht nur in den USA, sondern auch in anderen L\u00e4ndern wie Estland kann man Powerball-Lose online kaufen. Die Ziehungen finden jeden Samstag und Mittwoch statt, was bedeutet, dass [&hellip;]<\/p>\n","protected":false},"author":1,"featured_media":0,"parent":120,"menu_order":1,"comment_status":"closed","ping_status":"closed","template":"powerball-usa-info.php","meta":{"_et_pb_use_builder":"","_et_pb_old_content":"","_et_gb_content_width":"","exclude_from_search":false,"footnotes":""},"class_list":["post-125","page","type-page","status-publish","hentry"],"yoast_head":"<!-- This site is optimized with the Yoast SEO plugin v23.8 - https:\/\/yoast.com\/wordpress\/plugins\/seo\/ -->\n<title>Kaufen Sie Powerball-Tickets online von Deutschland | Gewinnen Sie Powerball hier<\/title>\n<meta name=\"description\" content=\"Wie kann man einen Spielschein f\u00fcr Powerball Lotto USA online kaufen? Unser Service ist es, Sie von Deutschland aus an Powerball USA teilnehmen zu lassen\" \/>\n<meta name=\"robots\" content=\"index, follow, max-snippet:-1, max-image-preview:large, max-video-preview:-1\" \/>\n<link rel=\"canonical\" href=\"https:\/\/redfoxlotto.com\/de\/lotterie\/powerball\/\" \/>\n<meta property=\"og:locale\" content=\"de_DE\" \/>\n<meta property=\"og:type\" content=\"article\" \/>\n<meta property=\"og:title\" content=\"Kaufen Sie Powerball-Tickets online von Deutschland | Gewinnen Sie Powerball hier\" \/>\n<meta property=\"og:description\" content=\"Wie kann man einen Spielschein f\u00fcr Powerball Lotto USA online kaufen? Unser Service ist es, Sie von Deutschland aus an Powerball USA teilnehmen zu lassen\" \/>\n<meta property=\"og:url\" content=\"https:\/\/redfoxlotto.com\/de\/lotterie\/powerball\/\" \/>\n<meta property=\"og:site_name\" content=\"Get Tickets for the World\u2019s largest jackpots\" \/>\n<meta property=\"article:modified_time\" content=\"2025-12-18T10:54:14+00:00\" \/>\n<meta property=\"og:image\" content=\"https:\/\/redfoxlotto.com\/wp-content\/uploads\/sites\/9\/ticket_powerball3.jpg\" \/>\n<meta name=\"twitter:card\" content=\"summary_large_image\" \/>\n<meta name=\"twitter:label1\" content=\"Gesch\u00e4tzte Lesezeit\" \/>\n\t<meta name=\"twitter:data1\" content=\"5\u00a0Minuten\" \/>\n<script type=\"application\/ld+json\" class=\"yoast-schema-graph\">{\"@context\":\"https:\/\/schema.org\",\"@graph\":[{\"@type\":\"WebPage\",\"@id\":\"https:\/\/redfoxlotto.com\/de\/lotterie\/powerball\/\",\"url\":\"https:\/\/redfoxlotto.com\/de\/lotterie\/powerball\/\",\"name\":\"Kaufen Sie Powerball-Tickets online von Deutschland | Gewinnen Sie Powerball hier\",\"isPartOf\":{\"@id\":\"https:\/\/redfoxlotto.com\/de\/#website\"},\"primaryImageOfPage\":{\"@id\":\"https:\/\/redfoxlotto.com\/de\/lotterie\/powerball\/#primaryimage\"},\"image\":{\"@id\":\"https:\/\/redfoxlotto.com\/de\/lotterie\/powerball\/#primaryimage\"},\"thumbnailUrl\":\"https:\/\/redfoxlotto.com\/wp-content\/uploads\/sites\/9\/ticket_powerball3.jpg\",\"datePublished\":\"2018-11-18T08:54:25+00:00\",\"dateModified\":\"2025-12-18T10:54:14+00:00\",\"description\":\"Wie kann man einen Spielschein f\u00fcr Powerball Lotto USA online kaufen? Unser Service ist es, Sie von Deutschland aus an Powerball USA teilnehmen zu lassen\",\"breadcrumb\":{\"@id\":\"https:\/\/redfoxlotto.com\/de\/lotterie\/powerball\/#breadcrumb\"},\"inLanguage\":\"de\",\"potentialAction\":[{\"@type\":\"ReadAction\",\"target\":[\"https:\/\/redfoxlotto.com\/de\/lotterie\/powerball\/\"]}]},{\"@type\":\"ImageObject\",\"inLanguage\":\"de\",\"@id\":\"https:\/\/redfoxlotto.com\/de\/lotterie\/powerball\/#primaryimage\",\"url\":\"https:\/\/redfoxlotto.com\/wp-content\/uploads\/sites\/9\/ticket_powerball3.jpg\",\"contentUrl\":\"https:\/\/redfoxlotto.com\/wp-content\/uploads\/sites\/9\/ticket_powerball3.jpg\"},{\"@type\":\"BreadcrumbList\",\"@id\":\"https:\/\/redfoxlotto.com\/de\/lotterie\/powerball\/#breadcrumb\",\"itemListElement\":[{\"@type\":\"ListItem\",\"position\":1,\"name\":\"Home\",\"item\":\"https:\/\/redfoxlotto.com\/de\/\"},{\"@type\":\"ListItem\",\"position\":2,\"name\":\"Der Ablauf beim Online-Lottospiel\",\"item\":\"https:\/\/redfoxlotto.com\/de\/lotterie\/\"},{\"@type\":\"ListItem\",\"position\":3,\"name\":\"\u00dcber Powerball\"}]},{\"@type\":\"WebSite\",\"@id\":\"https:\/\/redfoxlotto.com\/de\/#website\",\"url\":\"https:\/\/redfoxlotto.com\/de\/\",\"name\":\"Get Tickets for the World\u2019s largest jackpots\",\"description\":\"Participate in worldwide lottery jackpots from any country\",\"publisher\":{\"@id\":\"https:\/\/redfoxlotto.com\/de\/#organization\"},\"potentialAction\":[{\"@type\":\"SearchAction\",\"target\":{\"@type\":\"EntryPoint\",\"urlTemplate\":\"https:\/\/redfoxlotto.com\/de\/?s={search_term_string}\"},\"query-input\":{\"@type\":\"PropertyValueSpecification\",\"valueRequired\":true,\"valueName\":\"search_term_string\"}}],\"inLanguage\":\"de\"},{\"@type\":\"Organization\",\"@id\":\"https:\/\/redfoxlotto.com\/de\/#organization\",\"name\":\"Get Tickets for the World\u2019s largest jackpots\",\"url\":\"https:\/\/redfoxlotto.com\/de\/\",\"logo\":{\"@type\":\"ImageObject\",\"inLanguage\":\"de\",\"@id\":\"https:\/\/redfoxlotto.com\/de\/#\/schema\/logo\/image\/\",\"url\":\"https:\/\/redfoxlotto.com\/wp-content\/uploads\/2023\/04\/logo.png\",\"contentUrl\":\"https:\/\/redfoxlotto.com\/wp-content\/uploads\/2023\/04\/logo.png\",\"width\":269,\"height\":53,\"caption\":\"Get Tickets for the World\u2019s largest jackpots\"},\"image\":{\"@id\":\"https:\/\/redfoxlotto.com\/de\/#\/schema\/logo\/image\/\"}}]}<\/script>\n<!-- \/ Yoast SEO plugin. -->","yoast_head_json":{"title":"Kaufen Sie Powerball-Tickets online von Deutschland | Gewinnen Sie Powerball hier","description":"Wie kann man einen Spielschein f\u00fcr Powerball Lotto USA online kaufen? Unser Service ist es, Sie von Deutschland aus an Powerball USA teilnehmen zu lassen","robots":{"index":"index","follow":"follow","max-snippet":"max-snippet:-1","max-image-preview":"max-image-preview:large","max-video-preview":"max-video-preview:-1"},"canonical":"https:\/\/redfoxlotto.com\/de\/lotterie\/powerball\/","og_locale":"de_DE","og_type":"article","og_title":"Kaufen Sie Powerball-Tickets online von Deutschland | Gewinnen Sie Powerball hier","og_description":"Wie kann man einen Spielschein f\u00fcr Powerball Lotto USA online kaufen? Unser Service ist es, Sie von Deutschland aus an Powerball USA teilnehmen zu lassen","og_url":"https:\/\/redfoxlotto.com\/de\/lotterie\/powerball\/","og_site_name":"Get Tickets for the World\u2019s largest jackpots","article_modified_time":"2025-12-18T10:54:14+00:00","og_image":[{"url":"https:\/\/redfoxlotto.com\/wp-content\/uploads\/sites\/9\/ticket_powerball3.jpg"}],"twitter_card":"summary_large_image","twitter_misc":{"Gesch\u00e4tzte Lesezeit":"5\u00a0Minuten"},"schema":{"@context":"https:\/\/schema.org","@graph":[{"@type":"WebPage","@id":"https:\/\/redfoxlotto.com\/de\/lotterie\/powerball\/","url":"https:\/\/redfoxlotto.com\/de\/lotterie\/powerball\/","name":"Kaufen Sie Powerball-Tickets online von Deutschland | Gewinnen Sie Powerball hier","isPartOf":{"@id":"https:\/\/redfoxlotto.com\/de\/#website"},"primaryImageOfPage":{"@id":"https:\/\/redfoxlotto.com\/de\/lotterie\/powerball\/#primaryimage"},"image":{"@id":"https:\/\/redfoxlotto.com\/de\/lotterie\/powerball\/#primaryimage"},"thumbnailUrl":"https:\/\/redfoxlotto.com\/wp-content\/uploads\/sites\/9\/ticket_powerball3.jpg","datePublished":"2018-11-18T08:54:25+00:00","dateModified":"2025-12-18T10:54:14+00:00","description":"Wie kann man einen Spielschein f\u00fcr Powerball Lotto USA online kaufen? Unser Service ist es, Sie von Deutschland aus an Powerball USA teilnehmen zu lassen","breadcrumb":{"@id":"https:\/\/redfoxlotto.com\/de\/lotterie\/powerball\/#breadcrumb"},"inLanguage":"de","potentialAction":[{"@type":"ReadAction","target":["https:\/\/redfoxlotto.com\/de\/lotterie\/powerball\/"]}]},{"@type":"ImageObject","inLanguage":"de","@id":"https:\/\/redfoxlotto.com\/de\/lotterie\/powerball\/#primaryimage","url":"https:\/\/redfoxlotto.com\/wp-content\/uploads\/sites\/9\/ticket_powerball3.jpg","contentUrl":"https:\/\/redfoxlotto.com\/wp-content\/uploads\/sites\/9\/ticket_powerball3.jpg"},{"@type":"BreadcrumbList","@id":"https:\/\/redfoxlotto.com\/de\/lotterie\/powerball\/#breadcrumb","itemListElement":[{"@type":"ListItem","position":1,"name":"Home","item":"https:\/\/redfoxlotto.com\/de\/"},{"@type":"ListItem","position":2,"name":"Der Ablauf beim Online-Lottospiel","item":"https:\/\/redfoxlotto.com\/de\/lotterie\/"},{"@type":"ListItem","position":3,"name":"\u00dcber Powerball"}]},{"@type":"WebSite","@id":"https:\/\/redfoxlotto.com\/de\/#website","url":"https:\/\/redfoxlotto.com\/de\/","name":"Get Tickets for the World\u2019s largest jackpots","description":"Participate in worldwide lottery jackpots from any country","publisher":{"@id":"https:\/\/redfoxlotto.com\/de\/#organization"},"potentialAction":[{"@type":"SearchAction","target":{"@type":"EntryPoint","urlTemplate":"https:\/\/redfoxlotto.com\/de\/?s={search_term_string}"},"query-input":{"@type":"PropertyValueSpecification","valueRequired":true,"valueName":"search_term_string"}}],"inLanguage":"de"},{"@type":"Organization","@id":"https:\/\/redfoxlotto.com\/de\/#organization","name":"Get Tickets for the World\u2019s largest jackpots","url":"https:\/\/redfoxlotto.com\/de\/","logo":{"@type":"ImageObject","inLanguage":"de","@id":"https:\/\/redfoxlotto.com\/de\/#\/schema\/logo\/image\/","url":"https:\/\/redfoxlotto.com\/wp-content\/uploads\/2023\/04\/logo.png","contentUrl":"https:\/\/redfoxlotto.com\/wp-content\/uploads\/2023\/04\/logo.png","width":269,"height":53,"caption":"Get Tickets for the World\u2019s largest jackpots"},"image":{"@id":"https:\/\/redfoxlotto.com\/de\/#\/schema\/logo\/image\/"}}]}},"_links":{"self":[{"href":"https:\/\/redfoxlotto.com\/de\/wp-json\/wp\/v2\/pages\/125","targetHints":{"allow":["GET"]}}],"collection":[{"href":"https:\/\/redfoxlotto.com\/de\/wp-json\/wp\/v2\/pages"}],"about":[{"href":"https:\/\/redfoxlotto.com\/de\/wp-json\/wp\/v2\/types\/page"}],"author":[{"embeddable":true,"href":"https:\/\/redfoxlotto.com\/de\/wp-json\/wp\/v2\/users\/1"}],"replies":[{"embeddable":true,"href":"https:\/\/redfoxlotto.com\/de\/wp-json\/wp\/v2\/comments?post=125"}],"version-history":[{"count":0,"href":"https:\/\/redfoxlotto.com\/de\/wp-json\/wp\/v2\/pages\/125\/revisions"}],"up":[{"embeddable":true,"href":"https:\/\/redfoxlotto.com\/de\/wp-json\/wp\/v2\/pages\/120"}],"wp:attachment":[{"href":"https:\/\/redfoxlotto.com\/de\/wp-json\/wp\/v2\/media?parent=125"}],"curies":[{"name":"wp","href":"https:\/\/api.w.org\/{rel}","templated":true}]}}