{"id":123,"date":"2018-11-18T08:54:25","date_gmt":"2018-11-18T08:54:25","guid":{"rendered":"https:\/\/redfoxlotto.com\/?page_id=209\/"},"modified":"2025-12-18T12:58:34","modified_gmt":"2025-12-18T12:58:34","slug":"mega-millions","status":"publish","type":"page","link":"https:\/\/redfoxlotto.com\/de\/lotterie\/mega-millions\/","title":{"rendered":"\u00dcber Mega Millions"},"content":{"rendered":"<p><script type=\"application\/ld+json\">\n{\n  \"@context\": \"https:\/\/schema.org\",\n  \"@type\": \"Service\",\n  \"name\": \"Mega Millions online spielen\",\n  \"url\": \"https:\/\/redfoxlotto.com\/de\/lotteries\/mega-millions\",\n  \"description\": \"Kaufen Sie offizielle Mega Millions-Lottoscheine online aus jedem Land. Besuchen Sie RedFoxLotto, w\u00e4hlen Sie Ihre Zahlen und nehmen Sie an der n\u00e4chsten Ziehung teil.\",\n  \"serviceType\": \"Online-Lotto-Ticket-Vermittlungsservice\",<\/p>\n<p>  \"provider\": {\n    \"@type\": \"Organization\",\n    \"name\": \"RedFoxLotto\",\n    \"url\": \"https:\/\/redfoxlotto.com\/de\",\n    \"image\": \"https:\/\/redfoxlotto.com\/de\/wp-content\/uploads\/2025\/12\/ticket_scans.jpg\",\n    \"sameAs\": []\n  },<\/p>\n<p>  \"areaServed\": \"Worldwide\",\n  \"termsOfService\": \"https:\/\/redfoxlotto.com\/terms-and-conditions\",<\/p>\n<p>  \"additionalProperty\": {\n    \"@type\": \"PropertyValue\",\n    \"name\": \"FAQ\",\n    \"value\": \"https:\/\/redfoxlotto.com\/de\/faq\/\"\n  },<\/p>\n<p>  \"hasOfferCatalog\": {\n    \"@type\": \"OfferCatalog\",\n    \"name\": \"Mega Millions-Lottoscheine\",\n    \"itemListElement\": [\n      {\n        \"@type\": \"Offer\",\n        \"name\": \"Mega Millions-Tickets\",\n        \"url\": \"https:\/\/redfoxlotto.com\/de\/lotteries\/powerball\",\n        \"description\": \"Kaufen Sie echte Lottoscheine online f\u00fcr die n\u00e4chste Mega Millions-Ziehung bei RedFoxLotto.\",\n        \"price\": \"13.00\",\n        \"priceCurrency\": \"\u20ac\",\n        \"availability\": \"https:\/\/schema.org\/InStock\",<\/p>\n<p>        \"itemOffered\": {\n          \"@type\": \"Service\",\n          \"name\": \"Mega Millions-Lottoscheine\",\n          \"description\": \"Nehmen Sie an der n\u00e4chsten Mega Millions-Ziehung teil \u2013 kaufen Sie Ihre Tickets online \u00fcber RedFoxLotto.\"\n        }\n      }\n    ]\n  },<\/p>\n<p>  \"mainEntityOfPage\": {\n    \"@type\": \"WebPage\",\n    \"@id\": \"https:\/\/redfoxlotto.com\/de\/lotteries\/mega-millions\"\n  }\n}\n<\/script><\/p>\n<p>Bis 2002 als &#8222;The Big Game&#8220; bekannt, ist diese Lotterie der 44 US-Bundesstaaten nun weltweit als Mega Millions bekannt. Zwei Ziehungen pro Woche (jeden Dienstag und Freitag) werden zu diesem Zweck veranstaltet. Wenn Sie noch nie etwas von diesem Spiel geh\u00f6rt haben oder bisher nicht wirklich darauf geachtet haben, sollten Sie es sich auf jeden Fall genauer ansehen und sehen, was Sie daraus machen k\u00f6nnen.<\/p>\n<p>Es ist auf jeden Fall ein Preis, den du gewinnen willst, und es ist auch ein superleichtes Spiel f\u00fcr dich. Das macht es zu einem Gewinn f\u00fcr Sie, wenn Sie Mega Millions-Tickets online in Deutschland kaufen.<\/p>\n<h2>Mega Millions-Jackpot<\/h2>\n<p>Mega Millions ist bekannt f\u00fcr seine gro\u00dfen Jackpots. Im Jahr 2018 wurde ein Rekord-Jackpot von \u00fcber 1,5 Milliarden Dollar von einem einzigen Gl\u00fcckspilz gewonnen. Das ist definitiv die Art von Jackpot, die Sie gewinnen wollen, oder? Und die Gewinnchancen sind definitiv nicht so schlecht wie bei anderen Jackpot-Gewinnen.<br \/>\n<img loading=\"lazy\" decoding=\"async\" class=\"alignright wp-image\" src=\"https:\/\/content.redfoxlotto.com\/uploads\/sites\/9\/2_ticket_mega_millions2.jpg\" alt=\"Mega Millions online kaufen\" width=\"200\" height=\"207\" \/><br \/>\nNoch besser an Mega Millions ist, dass die Jackpots immer hoch sind. Der Jackpot beginnt n\u00e4mlich bei 40 Millionen Dollar. Selbst wenn Sie also den Basis-Jackpot gewinnen, bevor er ansteigt (was selten vorkommt), erhalten Sie immer noch eine hohe Auszahlung.<\/p>\n<p>Wenn Sie den Jackpot sp\u00e4ter gewinnen, wenn er anf\u00e4ngt zu steigen, k\u00f6nnen Sie noch viel mehr gewinnen. Noch besser ist, dass diese Jackpots ziemlich schnell ansteigen. Was heute mit 40 Millionen Dollar beginnt, kann in nur einer Woche oder weniger leicht \u00fcber 100 Millionen Dollar betragen. Von da an kann es auf mehrere Hundert Millionen ansteigen, und Sie k\u00f6nnten bei einer weiteren Milliarden-Ziehung dabei sein. Das w\u00e4re die Investition von ein paar Dollar f\u00fcr Tickets auf jeden Fall wert, oder?<\/p>\n<p>Auf unserer Website haben Sie die M\u00f6glichkeit, Mega Millions-Lose online zu kaufen, auch wenn Sie in Deutschland leben. W\u00e4hlen Sie einfach Ihre Zahlen, kaufen Sie Ihr Ticket und warten Sie auf die Ergebnisse der Ziehung! Wir werden in einer Minute einige der allgemeinen Schritte und die Voraussetzungen f\u00fcr die Teilnahme erl\u00e4utern, aber lassen Sie uns zuerst auf Mega Millions selbst eingehen, ja?<\/p>\n<h2>Die Regeln von Mega Millions<\/h2>\n<p>Die Regeln von Mega Millions sind einfach. Sie m\u00fcssen 5 Zahlen zwischen 1 und 70 ausw\u00e4hlen, plus eine zus\u00e4tzliche MegaBall-Zahl. Alle Zahlen m\u00fcssen \u00fcbereinstimmen, um den Jackpot zu gewinnen. Das hei\u00dft aber nicht, dass Sie nichts gewinnen k\u00f6nnen, wenn Sie den Jackpot nicht knacken. Es gibt tats\u00e4chlich eine Reihe von verschiedenen Preisen, die Sie gewinnen k\u00f6nnen. Bei Mega Millions k\u00f6nnen Sie in neun Preisklassen gewinnen.<\/p>\n<p>Das Tolle ist, dass Sie auch mit nur einer einzigen Zahl gewinnen k\u00f6nnen, solange diese Zahl der MegaBall ist. Wenn Sie mit dieser Zahl \u00fcbereinstimmen, gewinnen Sie automatisch einen Preis, und das ist erst der Anfang des Ganzen. Sie k\u00f6nnen wirklich kleine Preise gewinnen, mit denen Sie nur das Geld zur\u00fcckbekommen, das Sie f\u00fcr den Kauf des Tickets ausgegeben haben, oder Sie k\u00f6nnen gro\u00dfe Preise gewinnen, die immer noch kleiner sind als der eigentliche Jackpot.<br \/>\nAu\u00dferdem wird jeder Preis unterhalb des Jackpots einzeln gewonnen. Das bedeutet, dass Sie das Geld nicht teilen m\u00fcssen, wenn jemand anderes den Preis ebenfalls gewinnt.<\/p>\n<h2>Online-Kauf eines Mega Millions-Loses in Deutschland<\/h2>\n<p>Sind Sie bereit, Ihr erstes Mega Millions-Ticket online zu kaufen? Wenn ja, dann sollten Sie sich unbedingt die einzelnen Schritte des Kaufprozesses ansehen. Wir machen es Ihnen so einfach wie m\u00f6glich, denn wir wissen, dass Sie Ihr Ticket kaufen, bei der Ziehung dabei sein und sich dann den anderen Dingen in Ihrem Leben widmen m\u00f6chten. Deshalb haben wir es auf wenige Schritte reduziert.<\/p>\n<p>Der erste Schritt ist die Entscheidung, was Sie kaufen m\u00f6chten. Wenn Sie Mega Millions-Lose online kaufen m\u00f6chten, ist das ganz einfach. Sie suchen einfach das Spiel und gehen auf die entsprechende Seite.<\/p>\n<p>Wenn Sie Spielscheine f\u00fcr andere Spiele kaufen m\u00f6chten, k\u00f6nnen Sie alle Spiele und ihre aktuellen Jackpots direkt auf demselben Bildschirm sehen und diese auch einzeln aufrufen. Das macht es Ihnen wirklich leicht, zu entscheiden, was Sie tun m\u00f6chten, und die gew\u00fcnschten Tickets auszuw\u00e4hlen.<\/p>\n<p>Sobald Sie auf der Seite sind, k\u00f6nnen Sie mehr \u00fcber Mega Millions erfahren und dann die Zahlen ausw\u00e4hlen, die Sie spielen m\u00f6chten. Wenn Sie bestimmte Zahlen haben, die Sie spielen m\u00f6chten, k\u00f6nnen Sie diese direkt auf diesem Bildschirm ausw\u00e4hlen. Wenn Sie nur ein paar Zahlen haben und m\u00f6chten, dass der Rest zuf\u00e4llig zugewiesen wird, ist das auch eine Option. Oder Sie k\u00f6nnen sich f\u00fcr ein komplett zuf\u00e4lliges Los entscheiden. Das bleibt ganz Ihnen \u00fcberlassen. In jedem Fall wissen Sie, ob Sie genug, zu wenige oder zu viele Zahlen haben, denn wir stellen sicher, dass Ihr Schein g\u00fcltig ist, noch bevor Sie auf die n\u00e4chste Seite kommen.<\/p>\n<h2>Zahlungsvorgang<\/h2>\n<p>Nachdem Sie die gew\u00fcnschten Mega Millions-Scheine ausgew\u00e4hlt haben, k\u00f6nnen Sie diese in den Warenkorb legen und bei Bedarf weitere Scheine ausw\u00e4hlen oder Sie k\u00f6nnen zur Kasse gehen. Wenn Sie zur Kasse gehen, ben\u00f6tigen Sie ein Konto bei uns, aber auch das l\u00e4sst sich ganz einfach einrichten.<br \/>\n<img loading=\"lazy\" decoding=\"async\" class=\"alignright wp-image\" src=\"https:\/\/content.redfoxlotto.com\/uploads\/sites\/9\/1_buy_mega_millions_lottery_tickets.jpg\" alt=\"Spielscheine online kaufen\" width=\"287\" height=\"202\" \/><br \/>\nSie m\u00fcssen nur einige grundlegende Informationen \u00fcber sich selbst angeben, damit Sie die Preise bei Bedarf einfordern k\u00f6nnen.<\/p>\n<p>Das ist auch schon alles. Du best\u00e4tigst deinen Kauf, wir besorgen die Lose f\u00fcr dich und sie werden direkt in deinem Konto angezeigt, damit du sehen kannst, ob du gewonnen hast. Wir schicken Ihnen sogar eine E-Mail, wenn Ihr Los gewinnt, und zeigen Ihnen direkt in Ihrem Konto, welche Zahlen bei der Ziehung \u00fcbereinstimmen. Sie werden keine Probleme haben, eine gro\u00dfartige Erfahrung mit den Mega Millions zu machen, und Sie werden einfach jedes Spiel weiter spielen wollen.<\/p>\n","protected":false},"excerpt":{"rendered":"<p>Bis 2002 als &#8222;The Big Game&#8220; bekannt, ist diese Lotterie der 44 US-Bundesstaaten nun weltweit als Mega Millions bekannt. Zwei Ziehungen pro Woche (jeden Dienstag und Freitag) werden zu diesem Zweck veranstaltet. Wenn Sie noch nie etwas von diesem Spiel geh\u00f6rt haben oder bisher nicht wirklich darauf geachtet haben, sollten Sie es sich auf jeden [&hellip;]<\/p>\n","protected":false},"author":1,"featured_media":0,"parent":120,"menu_order":2,"comment_status":"closed","ping_status":"closed","template":"megamillion-info.php","meta":{"_et_pb_use_builder":"","_et_pb_old_content":"","_et_gb_content_width":"","exclude_from_search":false,"footnotes":""},"class_list":["post-123","page","type-page","status-publish","hentry"],"yoast_head":"<!-- This site is optimized with the Yoast SEO plugin v27.4 - https:\/\/yoast.com\/product\/yoast-seo-wordpress\/ -->\n<title>Mega Millions Lose online kaufen | Mega Millions ist jetzt auch in Deutschland erh\u00e4ltlich<\/title>\n<meta name=\"description\" content=\"Erfahren Sie mehr \u00fcber Mega Millions Lotto USA und wie Sie Mega Millions Lose online aus Deutschland oder einem anderen Land der Welt kaufen k\u00f6nnen.\" \/>\n<meta name=\"robots\" content=\"index, follow, max-snippet:-1, max-image-preview:large, max-video-preview:-1\" \/>\n<link rel=\"canonical\" href=\"https:\/\/redfoxlotto.com\/de\/lotterie\/mega-millions\/\" \/>\n<meta property=\"og:locale\" content=\"de_DE\" \/>\n<meta property=\"og:type\" content=\"article\" \/>\n<meta property=\"og:title\" content=\"Mega Millions Lose online kaufen | Mega Millions ist jetzt auch in Deutschland erh\u00e4ltlich\" \/>\n<meta property=\"og:description\" content=\"Erfahren Sie mehr \u00fcber Mega Millions Lotto USA und wie Sie Mega Millions Lose online aus Deutschland oder einem anderen Land der Welt kaufen k\u00f6nnen.\" \/>\n<meta property=\"og:url\" content=\"https:\/\/redfoxlotto.com\/de\/lotterie\/mega-millions\/\" \/>\n<meta property=\"og:site_name\" content=\"Get Tickets for the World\u2019s largest jackpots\" \/>\n<meta property=\"article:modified_time\" content=\"2025-12-18T12:58:34+00:00\" \/>\n<meta property=\"og:image\" content=\"https:\/\/content.redfoxlotto.com\/uploads\/sites\/9\/2_ticket_mega_millions2.jpg\" \/>\n<meta name=\"twitter:card\" content=\"summary_large_image\" \/>\n<meta name=\"twitter:label1\" content=\"Gesch\u00e4tzte Lesezeit\" \/>\n\t<meta name=\"twitter:data1\" content=\"5\u00a0Minuten\" \/>\n<script type=\"application\/ld+json\" class=\"yoast-schema-graph\">{\"@context\":\"https:\\\/\\\/schema.org\",\"@graph\":[{\"@type\":\"WebPage\",\"@id\":\"https:\\\/\\\/redfoxlotto.com\\\/de\\\/lotterie\\\/mega-millions\\\/\",\"url\":\"https:\\\/\\\/redfoxlotto.com\\\/de\\\/lotterie\\\/mega-millions\\\/\",\"name\":\"Mega Millions Lose online kaufen | Mega Millions ist jetzt auch in Deutschland erh\u00e4ltlich\",\"isPartOf\":{\"@id\":\"https:\\\/\\\/redfoxlotto.com\\\/de\\\/#website\"},\"primaryImageOfPage\":{\"@id\":\"https:\\\/\\\/redfoxlotto.com\\\/de\\\/lotterie\\\/mega-millions\\\/#primaryimage\"},\"image\":{\"@id\":\"https:\\\/\\\/redfoxlotto.com\\\/de\\\/lotterie\\\/mega-millions\\\/#primaryimage\"},\"thumbnailUrl\":\"https:\\\/\\\/content.redfoxlotto.com\\\/uploads\\\/sites\\\/9\\\/2_ticket_mega_millions2.jpg\",\"datePublished\":\"2018-11-18T08:54:25+00:00\",\"dateModified\":\"2025-12-18T12:58:34+00:00\",\"description\":\"Erfahren Sie mehr \u00fcber Mega Millions Lotto USA und wie Sie Mega Millions Lose online aus Deutschland oder einem anderen Land der Welt kaufen k\u00f6nnen.\",\"breadcrumb\":{\"@id\":\"https:\\\/\\\/redfoxlotto.com\\\/de\\\/lotterie\\\/mega-millions\\\/#breadcrumb\"},\"inLanguage\":\"de\",\"potentialAction\":[{\"@type\":\"ReadAction\",\"target\":[\"https:\\\/\\\/redfoxlotto.com\\\/de\\\/lotterie\\\/mega-millions\\\/\"]}]},{\"@type\":\"ImageObject\",\"inLanguage\":\"de\",\"@id\":\"https:\\\/\\\/redfoxlotto.com\\\/de\\\/lotterie\\\/mega-millions\\\/#primaryimage\",\"url\":\"https:\\\/\\\/content.redfoxlotto.com\\\/uploads\\\/sites\\\/9\\\/2_ticket_mega_millions2.jpg\",\"contentUrl\":\"https:\\\/\\\/content.redfoxlotto.com\\\/uploads\\\/sites\\\/9\\\/2_ticket_mega_millions2.jpg\"},{\"@type\":\"BreadcrumbList\",\"@id\":\"https:\\\/\\\/redfoxlotto.com\\\/de\\\/lotterie\\\/mega-millions\\\/#breadcrumb\",\"itemListElement\":[{\"@type\":\"ListItem\",\"position\":1,\"name\":\"Home\",\"item\":\"https:\\\/\\\/redfoxlotto.com\\\/de\\\/\"},{\"@type\":\"ListItem\",\"position\":2,\"name\":\"Der Ablauf beim Online-Lottospiel\",\"item\":\"https:\\\/\\\/redfoxlotto.com\\\/de\\\/lotterie\\\/\"},{\"@type\":\"ListItem\",\"position\":3,\"name\":\"\u00dcber Mega Millions\"}]},{\"@type\":\"WebSite\",\"@id\":\"https:\\\/\\\/redfoxlotto.com\\\/de\\\/#website\",\"url\":\"https:\\\/\\\/redfoxlotto.com\\\/de\\\/\",\"name\":\"Get Tickets for the World\u2019s largest jackpots\",\"description\":\"Participate in worldwide lottery jackpots from any country\",\"publisher\":{\"@id\":\"https:\\\/\\\/redfoxlotto.com\\\/de\\\/#organization\"},\"potentialAction\":[{\"@type\":\"SearchAction\",\"target\":{\"@type\":\"EntryPoint\",\"urlTemplate\":\"https:\\\/\\\/redfoxlotto.com\\\/de\\\/?s={search_term_string}\"},\"query-input\":{\"@type\":\"PropertyValueSpecification\",\"valueRequired\":true,\"valueName\":\"search_term_string\"}}],\"inLanguage\":\"de\"},{\"@type\":\"Organization\",\"@id\":\"https:\\\/\\\/redfoxlotto.com\\\/de\\\/#organization\",\"name\":\"Get Tickets for the World\u2019s largest jackpots\",\"url\":\"https:\\\/\\\/redfoxlotto.com\\\/de\\\/\",\"logo\":{\"@type\":\"ImageObject\",\"inLanguage\":\"de\",\"@id\":\"https:\\\/\\\/redfoxlotto.com\\\/de\\\/#\\\/schema\\\/logo\\\/image\\\/\",\"url\":\"https:\\\/\\\/redfoxlotto.com\\\/wp-content\\\/uploads\\\/2023\\\/04\\\/logo.png\",\"contentUrl\":\"https:\\\/\\\/redfoxlotto.com\\\/wp-content\\\/uploads\\\/2023\\\/04\\\/logo.png\",\"width\":269,\"height\":53,\"caption\":\"Get Tickets for the World\u2019s largest jackpots\"},\"image\":{\"@id\":\"https:\\\/\\\/redfoxlotto.com\\\/de\\\/#\\\/schema\\\/logo\\\/image\\\/\"}}]}<\/script>\n<!-- \/ Yoast SEO plugin. -->","yoast_head_json":{"title":"Mega Millions Lose online kaufen | Mega Millions ist jetzt auch in Deutschland erh\u00e4ltlich","description":"Erfahren Sie mehr \u00fcber Mega Millions Lotto USA und wie Sie Mega Millions Lose online aus Deutschland oder einem anderen Land der Welt kaufen k\u00f6nnen.","robots":{"index":"index","follow":"follow","max-snippet":"max-snippet:-1","max-image-preview":"max-image-preview:large","max-video-preview":"max-video-preview:-1"},"canonical":"https:\/\/redfoxlotto.com\/de\/lotterie\/mega-millions\/","og_locale":"de_DE","og_type":"article","og_title":"Mega Millions Lose online kaufen | Mega Millions ist jetzt auch in Deutschland erh\u00e4ltlich","og_description":"Erfahren Sie mehr \u00fcber Mega Millions Lotto USA und wie Sie Mega Millions Lose online aus Deutschland oder einem anderen Land der Welt kaufen k\u00f6nnen.","og_url":"https:\/\/redfoxlotto.com\/de\/lotterie\/mega-millions\/","og_site_name":"Get Tickets for the World\u2019s largest jackpots","article_modified_time":"2025-12-18T12:58:34+00:00","og_image":[{"url":"https:\/\/content.redfoxlotto.com\/uploads\/sites\/9\/2_ticket_mega_millions2.jpg","type":"","width":"","height":""}],"twitter_card":"summary_large_image","twitter_misc":{"Gesch\u00e4tzte Lesezeit":"5\u00a0Minuten"},"schema":{"@context":"https:\/\/schema.org","@graph":[{"@type":"WebPage","@id":"https:\/\/redfoxlotto.com\/de\/lotterie\/mega-millions\/","url":"https:\/\/redfoxlotto.com\/de\/lotterie\/mega-millions\/","name":"Mega Millions Lose online kaufen | Mega Millions ist jetzt auch in Deutschland erh\u00e4ltlich","isPartOf":{"@id":"https:\/\/redfoxlotto.com\/de\/#website"},"primaryImageOfPage":{"@id":"https:\/\/redfoxlotto.com\/de\/lotterie\/mega-millions\/#primaryimage"},"image":{"@id":"https:\/\/redfoxlotto.com\/de\/lotterie\/mega-millions\/#primaryimage"},"thumbnailUrl":"https:\/\/content.redfoxlotto.com\/uploads\/sites\/9\/2_ticket_mega_millions2.jpg","datePublished":"2018-11-18T08:54:25+00:00","dateModified":"2025-12-18T12:58:34+00:00","description":"Erfahren Sie mehr \u00fcber Mega Millions Lotto USA und wie Sie Mega Millions Lose online aus Deutschland oder einem anderen Land der Welt kaufen k\u00f6nnen.","breadcrumb":{"@id":"https:\/\/redfoxlotto.com\/de\/lotterie\/mega-millions\/#breadcrumb"},"inLanguage":"de","potentialAction":[{"@type":"ReadAction","target":["https:\/\/redfoxlotto.com\/de\/lotterie\/mega-millions\/"]}]},{"@type":"ImageObject","inLanguage":"de","@id":"https:\/\/redfoxlotto.com\/de\/lotterie\/mega-millions\/#primaryimage","url":"https:\/\/content.redfoxlotto.com\/uploads\/sites\/9\/2_ticket_mega_millions2.jpg","contentUrl":"https:\/\/content.redfoxlotto.com\/uploads\/sites\/9\/2_ticket_mega_millions2.jpg"},{"@type":"BreadcrumbList","@id":"https:\/\/redfoxlotto.com\/de\/lotterie\/mega-millions\/#breadcrumb","itemListElement":[{"@type":"ListItem","position":1,"name":"Home","item":"https:\/\/redfoxlotto.com\/de\/"},{"@type":"ListItem","position":2,"name":"Der Ablauf beim Online-Lottospiel","item":"https:\/\/redfoxlotto.com\/de\/lotterie\/"},{"@type":"ListItem","position":3,"name":"\u00dcber Mega Millions"}]},{"@type":"WebSite","@id":"https:\/\/redfoxlotto.com\/de\/#website","url":"https:\/\/redfoxlotto.com\/de\/","name":"Get Tickets for the World\u2019s largest jackpots","description":"Participate in worldwide lottery jackpots from any country","publisher":{"@id":"https:\/\/redfoxlotto.com\/de\/#organization"},"potentialAction":[{"@type":"SearchAction","target":{"@type":"EntryPoint","urlTemplate":"https:\/\/redfoxlotto.com\/de\/?s={search_term_string}"},"query-input":{"@type":"PropertyValueSpecification","valueRequired":true,"valueName":"search_term_string"}}],"inLanguage":"de"},{"@type":"Organization","@id":"https:\/\/redfoxlotto.com\/de\/#organization","name":"Get Tickets for the World\u2019s largest jackpots","url":"https:\/\/redfoxlotto.com\/de\/","logo":{"@type":"ImageObject","inLanguage":"de","@id":"https:\/\/redfoxlotto.com\/de\/#\/schema\/logo\/image\/","url":"https:\/\/redfoxlotto.com\/wp-content\/uploads\/2023\/04\/logo.png","contentUrl":"https:\/\/redfoxlotto.com\/wp-content\/uploads\/2023\/04\/logo.png","width":269,"height":53,"caption":"Get Tickets for the World\u2019s largest jackpots"},"image":{"@id":"https:\/\/redfoxlotto.com\/de\/#\/schema\/logo\/image\/"}}]}},"_links":{"self":[{"href":"https:\/\/redfoxlotto.com\/de\/wp-json\/wp\/v2\/pages\/123","targetHints":{"allow":["GET"]}}],"collection":[{"href":"https:\/\/redfoxlotto.com\/de\/wp-json\/wp\/v2\/pages"}],"about":[{"href":"https:\/\/redfoxlotto.com\/de\/wp-json\/wp\/v2\/types\/page"}],"author":[{"embeddable":true,"href":"https:\/\/redfoxlotto.com\/de\/wp-json\/wp\/v2\/users\/1"}],"replies":[{"embeddable":true,"href":"https:\/\/redfoxlotto.com\/de\/wp-json\/wp\/v2\/comments?post=123"}],"version-history":[{"count":0,"href":"https:\/\/redfoxlotto.com\/de\/wp-json\/wp\/v2\/pages\/123\/revisions"}],"up":[{"embeddable":true,"href":"https:\/\/redfoxlotto.com\/de\/wp-json\/wp\/v2\/pages\/120"}],"wp:attachment":[{"href":"https:\/\/redfoxlotto.com\/de\/wp-json\/wp\/v2\/media?parent=123"}],"curies":[{"name":"wp","href":"https:\/\/api.w.org\/{rel}","templated":true}]}}