{"id":122,"date":"2018-11-18T08:54:25","date_gmt":"2018-11-18T08:54:25","guid":{"rendered":"https:\/\/redfoxlotto.com\/?page_id=207\/"},"modified":"2025-12-18T14:31:32","modified_gmt":"2025-12-18T14:31:32","slug":"euromillions","status":"publish","type":"page","link":"https:\/\/redfoxlotto.com\/de\/lotterie\/euromillions\/","title":{"rendered":"\u00dcber EuroMillionen"},"content":{"rendered":"<p><script type=\"application\/ld+json\">\n{\n  \"@context\": \"https:\/\/schema.org\",\n  \"@type\": \"Service\",\n  \"name\": \"Euromillions online spielen\",\n  \"url\": \"https:\/\/redfoxlotto.com\/de\/lotteries\/euromillions\/\",\n  \"description\": \"Kaufen Sie offizielle Euromillions-Lotterielose online aus jedem Land. Besuchen Sie RedFoxLotto, w\u00e4hlen Sie Ihre Zahlen und nehmen Sie an der n\u00e4chsten Ziehung teil.\",\n  \"serviceType\": \"Online-Lotterielos-Vermittlungsdienst\",\n  \"provider\": {\n    \"@type\": \"Organization\",\n    \"name\": \"RedFoxLotto\",\n    \"url\": \"https:\/\/redfoxlotto.com\/de\",\n    \"image\": \"https:\/\/redfoxlotto.com\/de\/wp-content\/uploads\/2025\/12\/ticket_scans.jpg\",\n    \"sameAs\": []\n  },\n  \"areaServed\": \"Worldwide\",\n  \"termsOfService\": \"https:\/\/redfoxlotto.com\/terms-and-conditions\",\n  \"additionalProperty\": {\n    \"@type\": \"PropertyValue\",\n    \"name\": \"FAQ\",\n    \"value\": \"https:\/\/redfoxlotto.com\/de\/faq\/\"\n  },\n  \"hasOfferCatalog\": {\n    \"@type\": \"OfferCatalog\",\n    \"name\": \"Euromillions-Lotterielose\",\n    \"itemListElement\": [\n      {\n        \"@type\": \"Offer\",\n        \"name\": \"Euromillions-Lose\",\n        \"url\": \"https:\/\/redfoxlotto.com\/de\/lotteries\/euromillions\",\n        \"description\": \"Kaufen Sie echte Lose online f\u00fcr die n\u00e4chste Euromillions-Ziehung \u00fcber RedFoxLotto.\",\n        \"price\": \"7.00\",\n        \"priceCurrency\": \"\u20ac\",\n        \"availability\": \"https:\/\/schema.org\/InStock\",\n        \"itemOffered\": {\n          \"@type\": \"Service\",\n          \"name\": \"Euromillions-Lotterielose\",\n          \"description\": \"Nehmen Sie an der n\u00e4chsten Euromillions-Ziehung teil \u2013 kaufen Sie Ihre Lose online \u00fcber RedFoxLotto.\"\n        }\n      }\n    ]\n  },\n  \"mainEntityOfPage\": {\n    \"@type\": \"WebPage\",\n    \"@id\": \"https:\/\/redfoxlotto.com\/de\/lotteries\/euromillions\"\n  }\n}\n<\/script><\/p>\n<p>Euro Millions ist die gr\u00f6\u00dfte Lotterie in Europa. Sie wurde 2004 ins Leben gerufen und Lose k\u00f6nnen in neun europ\u00e4ischen L\u00e4ndern gekauft werden &#8211; oder, wenn Sie aus Deutschland kommen, k\u00f6nnen Sie Ihre Lose hier online kaufen.<\/p>\n<h2>Holen Sie sich Ihr EuroMillions-Ticket aus Deutschland<\/h2>\n<p>Sind Sie bereit, loszulegen und EuroMillions-Scheine online zu kaufen? Wenn ja, dann wollen Sie sicher ein paar Dinge \u00fcber das Spiel wissen, bevor Sie loslegen, oder? Sie wollen sicherstellen, dass Sie vorbereitet sind und alles \u00fcber das Spiel wissen, was Sie k\u00f6nnen. Das erste, was Sie wissen sollten, ist, wann die Ziehungen stattfinden, denn Sie wollen sicher sein, dass Sie Ihren Lottoschein vor der n\u00e4chsten Ziehung bekommen. Die Ziehungen f\u00fcr EuroMillionen finden jeden Dienstag und Freitag in Paris statt.<br \/>\n<img loading=\"lazy\" decoding=\"async\" class=\"alignright wp-image\" src=\"https:\/\/content.redfoxlotto.com\/uploads\/sites\/9\/1_buy_euromillions_online.jpg\" alt=\"euromillions jackpot\" width=\"284\" height=\"190\" \/><br \/>\nWir werden in einer Minute mehr \u00fcber die Zahlen sprechen, aus denen Sie w\u00e4hlen k\u00f6nnen, und dar\u00fcber, wie Sie den gew\u00fcnschten Schein bekommen, aber lassen Sie uns jetzt einen genaueren Blick auf den Jackpot werfen, den Sie gewinnen k\u00f6nnten. Schlie\u00dflich ist das einer der Gr\u00fcnde, warum Sie bei den EuroMillionen mitspielen wollen.<\/p>\n<h2>EuroMillions-Jackpot<\/h2>\n<p>Als die gr\u00f6\u00dfte Lotterie in Europa hat EuroMillions auch riesige Jackpots. Die Jackpots gehen oft weit in die Millionen und die gr\u00f6\u00dften Jackpots sind definitiv auch im oberen Bereich angesiedelt. Der bisher h\u00f6chste Jackpot bei dieser Lotterie betrug 190.000.000 \u20ac. Er wurde von einem anonymen Spieler am 24. Oktober 2014 gewonnen.<\/p>\n<p>Das ist doch Grund genug f\u00fcr Sie, sich dieses Spiel genauer anzusehen und dar\u00fcber nachzudenken, selbst ein Los zu kaufen, oder? Nun, die Vorstellung, dieses Geld zu gewinnen, wird Ihnen gefallen, und Sie k\u00f6nnen tats\u00e4chlich immer noch einen guten Betrag gewinnen, selbst wenn Sie den Jackpot nicht erreichen. Das liegt daran, dass schon der Startbetrag ein gro\u00dfartiger Preis ist und auch die Gewinne, die in der Mitte zwischen den niedrigsten und den h\u00f6chsten Betr\u00e4gen liegen, sind gro\u00dfartig.<\/p>\n<h2>Die Regeln von EuroMillions<\/h2>\n<p>Sind Sie bereit, EuroMillions-Lose online zu kaufen, aber Sie sind sich nicht ganz sicher, wo oder wie Sie vorgehen sollen &#8211; vielleicht weil Sie in Deutschland leben? Nun, wir werden Ihnen genau erkl\u00e4ren, was Sie tun m\u00fcssen und wie Sie die gew\u00fcnschten Zahlen ausw\u00e4hlen, um sicherzustellen, dass Sie die bestm\u00f6glichen Chancen auf einen Gewinn haben.<\/p>\n<h2>Also, was m\u00fcssen Sie tun?<\/h2>\n<p>Hier w\u00e4hlen Sie 5 Hauptzahlen zwischen 1 und 50 und zwei zus\u00e4tzliche Zahlen, genannt Lucky Star, zwischen 1 und 12. Um im niedrigsten Preisbereich zu gewinnen, m\u00fcssen nur zwei Hauptzahlen \u00fcbereinstimmen. Das bedeutet, dass Sie viele Chancen haben, zu den Gewinnern zu geh\u00f6ren, auch wenn Sie nicht viel Geld gewinnen, wenn Sie nur ein paar Zahlen treffen.<\/p>\n<p>Wenn Sie mit mehreren Zahlen \u00fcbereinstimmen, und vor allem, wenn Sie mit den Gl\u00fcckszahlen \u00fcbereinstimmen, haben Sie einen besseren Preis zur Verf\u00fcgung. Das ist auf jeden Fall ein guter Vorteil, oder? Sie k\u00f6nnen Ihre Gewinnchancen tats\u00e4chlich verbessern und das Spiel genie\u00dfen.<\/p>\n<h2>Ihr Ticket aussuchen<\/h2>\n<p>Sind Sie bereit, ein Ticket auszusuchen? Dann sollten Sie sich unbedingt unsere Vorgehensweise ansehen, denn wir werden es Ihnen wirklich leicht machen. Wir wissen, dass Sie nicht viel Zeit haben, und Sie m\u00f6chten sicherstellen, dass Sie diese Zeit optimal nutzen. Aber Sie wollen trotzdem Spa\u00df beim Spielen von EuroMillions haben und das bedeutet, dass Sie EuroMillions-Lose online kaufen m\u00fcssen.<\/p>\n<p>Der erste Schritt in unserem Prozess ist, dass Sie sich entscheiden, welches Los Sie kaufen m\u00f6chten. Wenn Sie sich bereits f\u00fcr EuroMillions entschieden haben, dann sind Sie bereit. Wenn Sie sich aber noch nicht ganz sicher sind, sollten Sie auf jeden Fall einen Blick auf die Hauptseite werfen, auf der wir Ihnen die besten Jackpots und die Spiele zeigen, die Sie sich vielleicht ansehen sollten. Dies sind die Spiele, f\u00fcr die wir Tickets anbieten.<\/p>\n<p>Wenn Sie sich f\u00fcr einen Schein entschieden haben, gehen Sie auf die Seite und w\u00e4hlen Sie die Zahlen f\u00fcr Ihren Schein aus. Sie k\u00f6nnen absolut alle Zahlen ausw\u00e4hlen, wenn Sie m\u00f6chten, so dass Sie ein individuelles Ticket erhalten, das Ihren W\u00fcnschen entspricht.<\/p>\n<p>Sie k\u00f6nnen auch Lose kaufen, die nach dem Zufallsprinzip f\u00fcr Sie ausgew\u00e4hlt werden. Das macht es Ihnen wirklich leicht, ein Los zu bekommen, ohne dass Sie viel Zeit daf\u00fcr aufwenden m\u00fcssen. Au\u00dferdem k\u00f6nnen Sie selbst entscheiden, wie viele Lose Sie kaufen m\u00f6chten, so dass Sie alles haben, was Sie brauchen, um m\u00f6glicherweise einen gro\u00dfen Jackpot zu gewinnen.<\/p>\n<h2>Der Kaufprozess f\u00fcr EuroMillions<\/h2>\n<p>Wenn Sie Ihre Lose ausgew\u00e4hlt haben, m\u00fcssen Sie als Letztes Ihre Kontodaten eingeben. Wir f\u00fchren Sie durch den Prozess der Kontoerstellung, so dass Sie sicher sein k\u00f6nnen, dass Sie die gew\u00fcnschten Lose zum richtigen Zeitpunkt erhalten. Sie k\u00f6nnen hier sogar die Zahlungskonten einrichten, die Sie verwenden m\u00f6chten.<\/p>\n<p>Wenn du alles eingerichtet hast, musst du nur noch die gew\u00fcnschten Tickets in deinen Warenkorb legen und kannst sie dann alle gleichzeitig kaufen. Sie k\u00f6nnen sogar Tickets f\u00fcr verschiedene Spiele zusammen in Ihren Warenkorb legen und so alles kaufen, was Sie brauchen.<br \/>\n<img loading=\"lazy\" decoding=\"async\" class=\"alignright wp-image\" src=\"https:\/\/content.redfoxlotto.com\/uploads\/sites\/9\/1_buy_lottery_ticket.jpg\" alt=\"Tickets online kaufen\" width=\"312\" height=\"107\" \/><br \/>\nSobald Sie sich f\u00fcr die Tickets entschieden haben, k\u00f6nnen Sie abwarten, was mit Ihren Tickets passiert. Die von Ihnen gekauften Lose werden sofort in Ihrem Konto angezeigt, und Sie k\u00f6nnen sp\u00e4ter noch einmal nachsehen, ob Sie gewonnen haben.<\/p>\n<p>Wir schicken Ihnen eine E-Mail, wenn Sie gewinnen, und Sie k\u00f6nnen in Ihrem Konto nachsehen, welche Zahlen mit den gezogenen Zahlen \u00fcbereinstimmen. Das macht es Ihnen leichter zu wissen, wann Sie einen Schein einl\u00f6sen m\u00fcssen.<\/p>\n<h2>EuroMillions und der UK Millionaire Maker<\/h2>\n<p>Die Spieler zahlen ein wenig mehr, wenn sie EuroMillions-Tickets im Vereinigten K\u00f6nigreich kaufen. Das liegt daran, dass die britischen Lose automatisch an der Millionaire Maker-Ziehung teilnehmen, die eine zus\u00e4tzliche Chance auf einen Gewinn von 1 Million Pfund bietet.<\/p>\n<p>Der Millionaire Maker funktioniert, indem f\u00fcr jedes gekaufte Los ein eindeutiger Code generiert wird. Dieser Code besteht aus vier Buchstaben, gefolgt von f\u00fcnf Zahlen (z. B. ABCD12345). Bei jeder Ziehung werden einer oder mehrere dieser Codes nach dem Zufallsprinzip ausgew\u00e4hlt, und der Losinhaber mit dem passenden Code gewinnt sofort 1 Million Pfund, unabh\u00e4ngig von den gezogenen EuroMillions-Hauptzahlen.<\/p>\n<p>Diese Funktion macht das Spielen von EuroMillions im Vereinigten K\u00f6nigreich besonders attraktiv, da es eine zus\u00e4tzliche M\u00f6glichkeit bietet, neben dem Standard-Jackpot und den niedrigeren Gewinnstufen einen bedeutenden Preis zu gewinnen.<\/p>\n","protected":false},"excerpt":{"rendered":"<p>Euro Millions ist die gr\u00f6\u00dfte Lotterie in Europa. Sie wurde 2004 ins Leben gerufen und Lose k\u00f6nnen in neun europ\u00e4ischen L\u00e4ndern gekauft werden &#8211; oder, wenn Sie aus Deutschland kommen, k\u00f6nnen Sie Ihre Lose hier online kaufen. Holen Sie sich Ihr EuroMillions-Ticket aus Deutschland Sind Sie bereit, loszulegen und EuroMillions-Scheine online zu kaufen? Wenn ja, [&hellip;]<\/p>\n","protected":false},"author":1,"featured_media":0,"parent":120,"menu_order":3,"comment_status":"closed","ping_status":"closed","template":"euromillions-info.php","meta":{"_et_pb_use_builder":"","_et_pb_old_content":"","_et_gb_content_width":"","exclude_from_search":false,"footnotes":""},"class_list":["post-122","page","type-page","status-publish","hentry"],"yoast_head":"<!-- This site is optimized with the Yoast SEO plugin v23.8 - https:\/\/yoast.com\/wordpress\/plugins\/seo\/ -->\n<title>EuroMillions-Lose online kaufen aus Deutschland<\/title>\n<meta name=\"description\" content=\"Informationen dar\u00fcber, wie Einwohner Deutschlands Euromillions-Lose online kaufen k\u00f6nnen. Euromillions hat den gr\u00f6\u00dften Jackpot in Europa\" \/>\n<meta name=\"robots\" content=\"index, follow, max-snippet:-1, max-image-preview:large, max-video-preview:-1\" \/>\n<link rel=\"canonical\" href=\"https:\/\/redfoxlotto.com\/de\/lotterie\/euromillions\/\" \/>\n<meta property=\"og:locale\" content=\"de_DE\" \/>\n<meta property=\"og:type\" content=\"article\" \/>\n<meta property=\"og:title\" content=\"EuroMillions-Lose online kaufen aus Deutschland\" \/>\n<meta property=\"og:description\" content=\"Informationen dar\u00fcber, wie Einwohner Deutschlands Euromillions-Lose online kaufen k\u00f6nnen. Euromillions hat den gr\u00f6\u00dften Jackpot in Europa\" \/>\n<meta property=\"og:url\" content=\"https:\/\/redfoxlotto.com\/de\/lotterie\/euromillions\/\" \/>\n<meta property=\"og:site_name\" content=\"Get Tickets for the World\u2019s largest jackpots\" \/>\n<meta property=\"article:modified_time\" content=\"2025-12-18T14:31:32+00:00\" \/>\n<meta property=\"og:image\" content=\"https:\/\/content.redfoxlotto.com\/uploads\/sites\/9\/1_buy_euromillions_online.jpg\" \/>\n<meta name=\"twitter:card\" content=\"summary_large_image\" \/>\n<meta name=\"twitter:label1\" content=\"Gesch\u00e4tzte Lesezeit\" \/>\n\t<meta name=\"twitter:data1\" content=\"5\u00a0Minuten\" \/>\n<script type=\"application\/ld+json\" class=\"yoast-schema-graph\">{\"@context\":\"https:\/\/schema.org\",\"@graph\":[{\"@type\":\"WebPage\",\"@id\":\"https:\/\/redfoxlotto.com\/de\/lotterie\/euromillions\/\",\"url\":\"https:\/\/redfoxlotto.com\/de\/lotterie\/euromillions\/\",\"name\":\"EuroMillions-Lose online kaufen aus Deutschland\",\"isPartOf\":{\"@id\":\"https:\/\/redfoxlotto.com\/de\/#website\"},\"primaryImageOfPage\":{\"@id\":\"https:\/\/redfoxlotto.com\/de\/lotterie\/euromillions\/#primaryimage\"},\"image\":{\"@id\":\"https:\/\/redfoxlotto.com\/de\/lotterie\/euromillions\/#primaryimage\"},\"thumbnailUrl\":\"https:\/\/content.redfoxlotto.com\/uploads\/sites\/9\/1_buy_euromillions_online.jpg\",\"datePublished\":\"2018-11-18T08:54:25+00:00\",\"dateModified\":\"2025-12-18T14:31:32+00:00\",\"description\":\"Informationen dar\u00fcber, wie Einwohner Deutschlands Euromillions-Lose online kaufen k\u00f6nnen. Euromillions hat den gr\u00f6\u00dften Jackpot in Europa\",\"breadcrumb\":{\"@id\":\"https:\/\/redfoxlotto.com\/de\/lotterie\/euromillions\/#breadcrumb\"},\"inLanguage\":\"de\",\"potentialAction\":[{\"@type\":\"ReadAction\",\"target\":[\"https:\/\/redfoxlotto.com\/de\/lotterie\/euromillions\/\"]}]},{\"@type\":\"ImageObject\",\"inLanguage\":\"de\",\"@id\":\"https:\/\/redfoxlotto.com\/de\/lotterie\/euromillions\/#primaryimage\",\"url\":\"https:\/\/content.redfoxlotto.com\/uploads\/sites\/9\/1_buy_euromillions_online.jpg\",\"contentUrl\":\"https:\/\/content.redfoxlotto.com\/uploads\/sites\/9\/1_buy_euromillions_online.jpg\"},{\"@type\":\"BreadcrumbList\",\"@id\":\"https:\/\/redfoxlotto.com\/de\/lotterie\/euromillions\/#breadcrumb\",\"itemListElement\":[{\"@type\":\"ListItem\",\"position\":1,\"name\":\"Home\",\"item\":\"https:\/\/redfoxlotto.com\/de\/\"},{\"@type\":\"ListItem\",\"position\":2,\"name\":\"Der Ablauf beim Online-Lottospiel\",\"item\":\"https:\/\/redfoxlotto.com\/de\/lotterie\/\"},{\"@type\":\"ListItem\",\"position\":3,\"name\":\"\u00dcber EuroMillionen\"}]},{\"@type\":\"WebSite\",\"@id\":\"https:\/\/redfoxlotto.com\/de\/#website\",\"url\":\"https:\/\/redfoxlotto.com\/de\/\",\"name\":\"Get Tickets for the World\u2019s largest jackpots\",\"description\":\"Participate in worldwide lottery jackpots from any country\",\"publisher\":{\"@id\":\"https:\/\/redfoxlotto.com\/de\/#organization\"},\"potentialAction\":[{\"@type\":\"SearchAction\",\"target\":{\"@type\":\"EntryPoint\",\"urlTemplate\":\"https:\/\/redfoxlotto.com\/de\/?s={search_term_string}\"},\"query-input\":{\"@type\":\"PropertyValueSpecification\",\"valueRequired\":true,\"valueName\":\"search_term_string\"}}],\"inLanguage\":\"de\"},{\"@type\":\"Organization\",\"@id\":\"https:\/\/redfoxlotto.com\/de\/#organization\",\"name\":\"Get Tickets for the World\u2019s largest jackpots\",\"url\":\"https:\/\/redfoxlotto.com\/de\/\",\"logo\":{\"@type\":\"ImageObject\",\"inLanguage\":\"de\",\"@id\":\"https:\/\/redfoxlotto.com\/de\/#\/schema\/logo\/image\/\",\"url\":\"https:\/\/redfoxlotto.com\/wp-content\/uploads\/2023\/04\/logo.png\",\"contentUrl\":\"https:\/\/redfoxlotto.com\/wp-content\/uploads\/2023\/04\/logo.png\",\"width\":269,\"height\":53,\"caption\":\"Get Tickets for the World\u2019s largest jackpots\"},\"image\":{\"@id\":\"https:\/\/redfoxlotto.com\/de\/#\/schema\/logo\/image\/\"}}]}<\/script>\n<!-- \/ Yoast SEO plugin. -->","yoast_head_json":{"title":"EuroMillions-Lose online kaufen aus Deutschland","description":"Informationen dar\u00fcber, wie Einwohner Deutschlands Euromillions-Lose online kaufen k\u00f6nnen. Euromillions hat den gr\u00f6\u00dften Jackpot in Europa","robots":{"index":"index","follow":"follow","max-snippet":"max-snippet:-1","max-image-preview":"max-image-preview:large","max-video-preview":"max-video-preview:-1"},"canonical":"https:\/\/redfoxlotto.com\/de\/lotterie\/euromillions\/","og_locale":"de_DE","og_type":"article","og_title":"EuroMillions-Lose online kaufen aus Deutschland","og_description":"Informationen dar\u00fcber, wie Einwohner Deutschlands Euromillions-Lose online kaufen k\u00f6nnen. Euromillions hat den gr\u00f6\u00dften Jackpot in Europa","og_url":"https:\/\/redfoxlotto.com\/de\/lotterie\/euromillions\/","og_site_name":"Get Tickets for the World\u2019s largest jackpots","article_modified_time":"2025-12-18T14:31:32+00:00","og_image":[{"url":"https:\/\/content.redfoxlotto.com\/uploads\/sites\/9\/1_buy_euromillions_online.jpg"}],"twitter_card":"summary_large_image","twitter_misc":{"Gesch\u00e4tzte Lesezeit":"5\u00a0Minuten"},"schema":{"@context":"https:\/\/schema.org","@graph":[{"@type":"WebPage","@id":"https:\/\/redfoxlotto.com\/de\/lotterie\/euromillions\/","url":"https:\/\/redfoxlotto.com\/de\/lotterie\/euromillions\/","name":"EuroMillions-Lose online kaufen aus Deutschland","isPartOf":{"@id":"https:\/\/redfoxlotto.com\/de\/#website"},"primaryImageOfPage":{"@id":"https:\/\/redfoxlotto.com\/de\/lotterie\/euromillions\/#primaryimage"},"image":{"@id":"https:\/\/redfoxlotto.com\/de\/lotterie\/euromillions\/#primaryimage"},"thumbnailUrl":"https:\/\/content.redfoxlotto.com\/uploads\/sites\/9\/1_buy_euromillions_online.jpg","datePublished":"2018-11-18T08:54:25+00:00","dateModified":"2025-12-18T14:31:32+00:00","description":"Informationen dar\u00fcber, wie Einwohner Deutschlands Euromillions-Lose online kaufen k\u00f6nnen. Euromillions hat den gr\u00f6\u00dften Jackpot in Europa","breadcrumb":{"@id":"https:\/\/redfoxlotto.com\/de\/lotterie\/euromillions\/#breadcrumb"},"inLanguage":"de","potentialAction":[{"@type":"ReadAction","target":["https:\/\/redfoxlotto.com\/de\/lotterie\/euromillions\/"]}]},{"@type":"ImageObject","inLanguage":"de","@id":"https:\/\/redfoxlotto.com\/de\/lotterie\/euromillions\/#primaryimage","url":"https:\/\/content.redfoxlotto.com\/uploads\/sites\/9\/1_buy_euromillions_online.jpg","contentUrl":"https:\/\/content.redfoxlotto.com\/uploads\/sites\/9\/1_buy_euromillions_online.jpg"},{"@type":"BreadcrumbList","@id":"https:\/\/redfoxlotto.com\/de\/lotterie\/euromillions\/#breadcrumb","itemListElement":[{"@type":"ListItem","position":1,"name":"Home","item":"https:\/\/redfoxlotto.com\/de\/"},{"@type":"ListItem","position":2,"name":"Der Ablauf beim Online-Lottospiel","item":"https:\/\/redfoxlotto.com\/de\/lotterie\/"},{"@type":"ListItem","position":3,"name":"\u00dcber EuroMillionen"}]},{"@type":"WebSite","@id":"https:\/\/redfoxlotto.com\/de\/#website","url":"https:\/\/redfoxlotto.com\/de\/","name":"Get Tickets for the World\u2019s largest jackpots","description":"Participate in worldwide lottery jackpots from any country","publisher":{"@id":"https:\/\/redfoxlotto.com\/de\/#organization"},"potentialAction":[{"@type":"SearchAction","target":{"@type":"EntryPoint","urlTemplate":"https:\/\/redfoxlotto.com\/de\/?s={search_term_string}"},"query-input":{"@type":"PropertyValueSpecification","valueRequired":true,"valueName":"search_term_string"}}],"inLanguage":"de"},{"@type":"Organization","@id":"https:\/\/redfoxlotto.com\/de\/#organization","name":"Get Tickets for the World\u2019s largest jackpots","url":"https:\/\/redfoxlotto.com\/de\/","logo":{"@type":"ImageObject","inLanguage":"de","@id":"https:\/\/redfoxlotto.com\/de\/#\/schema\/logo\/image\/","url":"https:\/\/redfoxlotto.com\/wp-content\/uploads\/2023\/04\/logo.png","contentUrl":"https:\/\/redfoxlotto.com\/wp-content\/uploads\/2023\/04\/logo.png","width":269,"height":53,"caption":"Get Tickets for the World\u2019s largest jackpots"},"image":{"@id":"https:\/\/redfoxlotto.com\/de\/#\/schema\/logo\/image\/"}}]}},"_links":{"self":[{"href":"https:\/\/redfoxlotto.com\/de\/wp-json\/wp\/v2\/pages\/122","targetHints":{"allow":["GET"]}}],"collection":[{"href":"https:\/\/redfoxlotto.com\/de\/wp-json\/wp\/v2\/pages"}],"about":[{"href":"https:\/\/redfoxlotto.com\/de\/wp-json\/wp\/v2\/types\/page"}],"author":[{"embeddable":true,"href":"https:\/\/redfoxlotto.com\/de\/wp-json\/wp\/v2\/users\/1"}],"replies":[{"embeddable":true,"href":"https:\/\/redfoxlotto.com\/de\/wp-json\/wp\/v2\/comments?post=122"}],"version-history":[{"count":0,"href":"https:\/\/redfoxlotto.com\/de\/wp-json\/wp\/v2\/pages\/122\/revisions"}],"up":[{"embeddable":true,"href":"https:\/\/redfoxlotto.com\/de\/wp-json\/wp\/v2\/pages\/120"}],"wp:attachment":[{"href":"https:\/\/redfoxlotto.com\/de\/wp-json\/wp\/v2\/media?parent=122"}],"curies":[{"name":"wp","href":"https:\/\/api.w.org\/{rel}","templated":true}]}}