{"id":120,"date":"2023-04-24T14:12:24","date_gmt":"2023-04-24T14:12:24","guid":{"rendered":"https:\/\/redfoxlotto.com\/?page_id=186\/"},"modified":"2025-12-18T09:39:22","modified_gmt":"2025-12-18T09:39:22","slug":"lotterie","status":"publish","type":"page","link":"https:\/\/redfoxlotto.com\/de\/lotterie\/","title":{"rendered":"Der Ablauf beim Online-Lottospiel"},"content":{"rendered":"<script type=\"application\/ld+json\">\r\n{\r\n  \"@context\": \"https:\/\/schema.org\",\r\n  \"@type\": \"Service\",\r\n  \"name\": \"Lottoscheine online kaufen\",\r\n  \"url\": \"https:\/\/redfoxlotto.com\/de\/lotteries\/\",\r\n  \"description\": \"Kaufen Sie Lottoscheine online \u2013 die besten Lotterien der Welt sind hier verf\u00fcgbar.\",\r\n  \"serviceType\": \"Online-Lottoschein-Vermittlungsdienst\",\r\n\r\n  \"provider\": {\r\n    \"@type\": \"Organization\",\r\n    \"name\": \"RedFoxLotto\",\r\n    \"url\": \"https:\/\/redfoxlotto.com\/de\/\",\r\n    \"image\": \"https:\/\/redfoxlotto.com\/wp-content\/uploads\/2025\/12\/ticket_scans.jpg\"\r\n  },\r\n\r\n  \"areaServed\": \"Worldwide\",\r\n  \"termsOfService\": \"https:\/\/redfoxlotto.com\/terms-and-conditions\",\r\n\r\n  \"additionalProperty\": {\r\n    \"@type\": \"PropertyValue\",\r\n    \"name\": \"FAQ\",\r\n    \"value\": \"https:\/\/redfoxlotto.com\/de\/faq\/\"\r\n  },\r\n\r\n  \"hasOfferCatalog\": {\r\n    \"@type\": \"OfferCatalog\",\r\n    \"name\": \"Weltweite Lottoscheine\",\r\n    \"itemListElement\": [\r\n      {\r\n        \"@type\": \"Offer\",\r\n        \"name\": \"Lottoscheine\",\r\n        \"url\": \"https:\/\/redfoxlotto.com\/de\/lotteries\/\",\r\n        \"description\": \"Der Kauf von Lottoscheinen weltweit online ist sicher und einfach \u2013 so funktioniert es.\",\r\n        \"availability\": \"https:\/\/schema.org\/InStock\",\r\n\r\n        \"itemOffered\": {\r\n          \"@type\": \"Service\",\r\n          \"name\": \"Online-Lottoscheine\",\r\n          \"description\": \"Nehmen Sie an den gr\u00f6\u00dften Jackpot-Lotterien der Welt teil \u2013 kaufen Sie Ihre Scheine online \u00fcber RedFoxLotto.\"\r\n        }\r\n      }\r\n    ]\r\n  },\r\n\r\n  \"mainEntityOfPage\": {\r\n    \"@type\": \"WebPage\",\r\n    \"@id\": \"https:\/\/redfoxlotto.com\/de\/lotteries\/\"\r\n  }\r\n}\r\n<\/script><p>Auf unserer Webseite k\u00f6nnen Sie <a href=\"https:\/\/redfoxlotto.com\/de\">Lose online kaufen f\u00fcr die gr\u00f6\u00dften Lotterien der Welt<\/a>. Darunter sind Megamillions und Powerball aus den USA, Euromillions, Eurojackpot, El Gordo und La Primitiva aus Spanien, SuperEna aus Italien und viele mehr.<\/p><p><!--more--><\/p><h2 class=\"wp-block-heading\">So funktioniert der Kauf in 4 einfachen Schritten:<\/h2><div class=\"wp-block-image\">\r\n<figure class=\"alignright\"><img decoding=\"async\" src=\"https:\/\/content.redfoxlotto.com\/uploads\/sites\/9\/1_lottery_ticket.jpg\" alt=\"Online-Lottoscheine kaufen\" \/><\/figure>\r\n<\/div><h3 class=\"wp-block-heading\">Schritt 1 &#8211; Wahl der Lotterie<\/h3><p>W\u00e4hlen Sie auf RedFoxLotto.com eine Lotterie aus, an der Sie teilnehmen m\u00f6chten. Auf der Homepage sehen Sie die Lotterien geordnet nach H\u00f6he des derzeitigen Jackpots.<\/p><h3 class=\"wp-block-heading\">Schritt 2 &#8211; Zahlen ankreuzen<\/h3><p>Kreuzen Sie mit der Maus die Zahlen an, die Sie m\u00f6chten. Sie k\u00f6nnen auch die &#8222;Quick Pick&#8220; Funktion nutzen, um Zufallszahlen auszuw\u00e4hlen. Diese Zufallszahlen k\u00f6nnen Sie nat\u00fcrlich auch ganz oder teilweise wieder verwerfen. Ebenso k\u00f6nnen Sie zuerst einige eigene Zahlen eingeben und dann die \u00fcbrigen per Zufall w\u00e4hlen lassen. Sie m\u00fcssen sich keine Sorgen dar\u00fcber machen, ob Sie nicht genug oder zu viele Zahlen angekreuzt haben. Das System zeigt in diesem Fall eine Fehlermeldung an und fordert Sie auf, Zahlen hinzuzuf\u00fcgen oder zu l\u00f6schen.<br \/>Sie k\u00f6nnen danach noch weitere <a href=\"https:\/\/redfoxlotto.com\/de\/lotterie\/\">Lose kaufen, auch f\u00fcr andere Lotterien<\/a>. Diese f\u00fcgen Sie zu Ihrer Bestellung hinzu. Wenn Sie alle Lose fertig haben, klicken Sie auf &#8222;Jetzt bezahlen&#8220;.<\/p><h3 class=\"wp-block-heading\">Schritt 3 &#8211; Registrieren oder Einloggen<\/h3><p>Nun m\u00fcssen Sie sich als Kunde bei uns registrieren. Daf\u00fcr ben\u00f6tigen wir von Ihnen einige Angaben. Dies dient Ihrer Sicherheit, denn Sie m\u00f6chten ja im Gewinnfall von uns benachrichtigt werden. Falls Sie schon bei uns registriert sind, m\u00fcssen Sie sich nur mit Ihren Zugangsdaten einloggen. Sollten Sie Ihr Passwort vergessen haben, dann benutzen Sie bitte die &#8222;Passwort vergessen&#8220; Funktion.<\/p><h3 class=\"wp-block-heading\">Schritt 4 &#8211; Bezahlen<\/h3><div class=\"wp-block-image\">\r\n<figure class=\"alignright\"><img decoding=\"async\" src=\"https:\/\/content.redfoxlotto.com\/uploads\/sites\/9\/1_buy_lottery_online.jpg\" alt=\"Ticket online bezahlen\" \/><\/figure>\r\n<\/div><p>In Ihrem Kundenkonto w\u00e4hlen Sie die Methode zur Bezahlung aus, die Sie vorziehen. Die zur Verf\u00fcgung stehenden Optionen k\u00f6nnen je nach dem Land Ihres Wohnsitzes variieren. Mastercard, Visa, Bitcoin, Neteller, Skrill und Paysafecard sind nur einige der Optionen f\u00fcr Ihre Zahlung.<br \/>Nach der Zahlung bekommen Sie eine Email mit der Best\u00e4tigung Ihres Kaufs an Ihre registrierte Emailaddresse.<\/p><h2 class=\"wp-block-heading\">Nachdem Sie Ihre Tickets online gekauft haben<\/h2><p>Vier Schritte und nur ein paar Minuten und Sie sind bereit f\u00fcr die Ziehung. Und Sie m\u00fcssen sich auch keine Sorgen machen, etwas zu verpassen, denn wir lassen Sie sofort wissen, wenn Sie bei der Ziehung etwas gewinnen.<\/p><p>Wenn Sie es selbst \u00fcberpr\u00fcfen m\u00f6chten, k\u00f6nnen Sie nat\u00fcrlich jederzeit auf Ihr Konto gehen und sehen, welche Lose Sie gekauft haben und f\u00fcr welche Spiele.<\/p><p>Wenn Sie etwas gewonnen haben oder nach einer Ziehung Zahlen \u00fcbereinstimmen, zeigen wir Ihnen die \u00fcbereinstimmenden Zahlen und teilen Ihnen direkt auf Ihrer Kontoseite mit, ob Sie gewonnen haben. Wir teilen Ihnen auch mit, was Sie tun m\u00fcssen, um Ihre Gewinne einzufordern, damit Sie sich keine Sorgen machen m\u00fcssen, etwas zu verpassen.<\/p><p>Lotto spielen mit uns ist so einfach, und es wird viel mehr Spa\u00df machen als alles, was Sie jemals zuvor gespielt haben, weil Sie viel mehr M\u00f6glichkeiten haben. Das wird Sie definitiv dazu bringen, Lottoscheine online zu kaufen.<\/p>","protected":false},"excerpt":{"rendered":"<p>Auf unserer Webseite k\u00f6nnen Sie Lose online kaufen f\u00fcr die gr\u00f6\u00dften Lotterien der Welt. Darunter sind Megamillions und Powerball aus den USA, Euromillions, Eurojackpot, El Gordo und La Primitiva aus Spanien, SuperEna aus Italien und viele mehr.<\/p>\n","protected":false},"author":1,"featured_media":0,"parent":0,"menu_order":3,"comment_status":"closed","ping_status":"closed","template":"Information.php","meta":{"_et_pb_use_builder":"","_et_pb_old_content":"","_et_gb_content_width":"","exclude_from_search":false,"footnotes":""},"class_list":["post-120","page","type-page","status-publish","hentry"],"yoast_head":"<!-- This site is optimized with the Yoast SEO plugin v27.3 - https:\/\/yoast.com\/product\/yoast-seo-wordpress\/ -->\n<title>Lotto Lose online kaufen<\/title>\n<meta name=\"description\" content=\"Online Lotto Lose zu kaufen ist einfach, sicher und legal - hier erfahren Sie wie es funktioniert!\" \/>\n<meta name=\"robots\" content=\"index, follow, max-snippet:-1, max-image-preview:large, max-video-preview:-1\" \/>\n<link rel=\"canonical\" href=\"https:\/\/redfoxlotto.com\/de\/lotterie\/\" \/>\n<meta property=\"og:locale\" content=\"de_DE\" \/>\n<meta property=\"og:type\" content=\"article\" \/>\n<meta property=\"og:title\" content=\"Lotto Lose online kaufen\" \/>\n<meta property=\"og:description\" content=\"Online Lotto Lose zu kaufen ist einfach, sicher und legal - hier erfahren Sie wie es funktioniert!\" \/>\n<meta property=\"og:url\" content=\"https:\/\/redfoxlotto.com\/de\/lotterie\/\" \/>\n<meta property=\"og:site_name\" content=\"Get Tickets for the World\u2019s largest jackpots\" \/>\n<meta property=\"article:modified_time\" content=\"2025-12-18T09:39:22+00:00\" \/>\n<meta property=\"og:image\" content=\"https:\/\/content.redfoxlotto.com\/uploads\/sites\/9\/1_lottery_ticket.jpg\" \/>\n<meta name=\"twitter:card\" content=\"summary_large_image\" \/>\n<meta name=\"twitter:label1\" content=\"Gesch\u00e4tzte Lesezeit\" \/>\n\t<meta name=\"twitter:data1\" content=\"3\u00a0Minuten\" \/>\n<script type=\"application\/ld+json\" class=\"yoast-schema-graph\">{\"@context\":\"https:\\\/\\\/schema.org\",\"@graph\":[{\"@type\":\"WebPage\",\"@id\":\"https:\\\/\\\/redfoxlotto.com\\\/de\\\/lotterie\\\/\",\"url\":\"https:\\\/\\\/redfoxlotto.com\\\/de\\\/lotterie\\\/\",\"name\":\"Lotto Lose online kaufen\",\"isPartOf\":{\"@id\":\"https:\\\/\\\/redfoxlotto.com\\\/de\\\/#website\"},\"primaryImageOfPage\":{\"@id\":\"https:\\\/\\\/redfoxlotto.com\\\/de\\\/lotterie\\\/#primaryimage\"},\"image\":{\"@id\":\"https:\\\/\\\/redfoxlotto.com\\\/de\\\/lotterie\\\/#primaryimage\"},\"thumbnailUrl\":\"https:\\\/\\\/content.redfoxlotto.com\\\/uploads\\\/sites\\\/9\\\/1_lottery_ticket.jpg\",\"datePublished\":\"2023-04-24T14:12:24+00:00\",\"dateModified\":\"2025-12-18T09:39:22+00:00\",\"description\":\"Online Lotto Lose zu kaufen ist einfach, sicher und legal - hier erfahren Sie wie es funktioniert!\",\"breadcrumb\":{\"@id\":\"https:\\\/\\\/redfoxlotto.com\\\/de\\\/lotterie\\\/#breadcrumb\"},\"inLanguage\":\"de\",\"potentialAction\":[{\"@type\":\"ReadAction\",\"target\":[\"https:\\\/\\\/redfoxlotto.com\\\/de\\\/lotterie\\\/\"]}]},{\"@type\":\"ImageObject\",\"inLanguage\":\"de\",\"@id\":\"https:\\\/\\\/redfoxlotto.com\\\/de\\\/lotterie\\\/#primaryimage\",\"url\":\"https:\\\/\\\/content.redfoxlotto.com\\\/uploads\\\/sites\\\/9\\\/1_lottery_ticket.jpg\",\"contentUrl\":\"https:\\\/\\\/content.redfoxlotto.com\\\/uploads\\\/sites\\\/9\\\/1_lottery_ticket.jpg\"},{\"@type\":\"BreadcrumbList\",\"@id\":\"https:\\\/\\\/redfoxlotto.com\\\/de\\\/lotterie\\\/#breadcrumb\",\"itemListElement\":[{\"@type\":\"ListItem\",\"position\":1,\"name\":\"Home\",\"item\":\"https:\\\/\\\/redfoxlotto.com\\\/de\\\/\"},{\"@type\":\"ListItem\",\"position\":2,\"name\":\"Der Ablauf beim Online-Lottospiel\"}]},{\"@type\":\"WebSite\",\"@id\":\"https:\\\/\\\/redfoxlotto.com\\\/de\\\/#website\",\"url\":\"https:\\\/\\\/redfoxlotto.com\\\/de\\\/\",\"name\":\"Get Tickets for the World\u2019s largest jackpots\",\"description\":\"Participate in worldwide lottery jackpots from any country\",\"publisher\":{\"@id\":\"https:\\\/\\\/redfoxlotto.com\\\/de\\\/#organization\"},\"potentialAction\":[{\"@type\":\"SearchAction\",\"target\":{\"@type\":\"EntryPoint\",\"urlTemplate\":\"https:\\\/\\\/redfoxlotto.com\\\/de\\\/?s={search_term_string}\"},\"query-input\":{\"@type\":\"PropertyValueSpecification\",\"valueRequired\":true,\"valueName\":\"search_term_string\"}}],\"inLanguage\":\"de\"},{\"@type\":\"Organization\",\"@id\":\"https:\\\/\\\/redfoxlotto.com\\\/de\\\/#organization\",\"name\":\"Get Tickets for the World\u2019s largest jackpots\",\"url\":\"https:\\\/\\\/redfoxlotto.com\\\/de\\\/\",\"logo\":{\"@type\":\"ImageObject\",\"inLanguage\":\"de\",\"@id\":\"https:\\\/\\\/redfoxlotto.com\\\/de\\\/#\\\/schema\\\/logo\\\/image\\\/\",\"url\":\"https:\\\/\\\/redfoxlotto.com\\\/wp-content\\\/uploads\\\/2023\\\/04\\\/logo.png\",\"contentUrl\":\"https:\\\/\\\/redfoxlotto.com\\\/wp-content\\\/uploads\\\/2023\\\/04\\\/logo.png\",\"width\":269,\"height\":53,\"caption\":\"Get Tickets for the World\u2019s largest jackpots\"},\"image\":{\"@id\":\"https:\\\/\\\/redfoxlotto.com\\\/de\\\/#\\\/schema\\\/logo\\\/image\\\/\"}}]}<\/script>\n<!-- \/ Yoast SEO plugin. -->","yoast_head_json":{"title":"Lotto Lose online kaufen","description":"Online Lotto Lose zu kaufen ist einfach, sicher und legal - hier erfahren Sie wie es funktioniert!","robots":{"index":"index","follow":"follow","max-snippet":"max-snippet:-1","max-image-preview":"max-image-preview:large","max-video-preview":"max-video-preview:-1"},"canonical":"https:\/\/redfoxlotto.com\/de\/lotterie\/","og_locale":"de_DE","og_type":"article","og_title":"Lotto Lose online kaufen","og_description":"Online Lotto Lose zu kaufen ist einfach, sicher und legal - hier erfahren Sie wie es funktioniert!","og_url":"https:\/\/redfoxlotto.com\/de\/lotterie\/","og_site_name":"Get Tickets for the World\u2019s largest jackpots","article_modified_time":"2025-12-18T09:39:22+00:00","og_image":[{"url":"https:\/\/content.redfoxlotto.com\/uploads\/sites\/9\/1_lottery_ticket.jpg","type":"","width":"","height":""}],"twitter_card":"summary_large_image","twitter_misc":{"Gesch\u00e4tzte Lesezeit":"3\u00a0Minuten"},"schema":{"@context":"https:\/\/schema.org","@graph":[{"@type":"WebPage","@id":"https:\/\/redfoxlotto.com\/de\/lotterie\/","url":"https:\/\/redfoxlotto.com\/de\/lotterie\/","name":"Lotto Lose online kaufen","isPartOf":{"@id":"https:\/\/redfoxlotto.com\/de\/#website"},"primaryImageOfPage":{"@id":"https:\/\/redfoxlotto.com\/de\/lotterie\/#primaryimage"},"image":{"@id":"https:\/\/redfoxlotto.com\/de\/lotterie\/#primaryimage"},"thumbnailUrl":"https:\/\/content.redfoxlotto.com\/uploads\/sites\/9\/1_lottery_ticket.jpg","datePublished":"2023-04-24T14:12:24+00:00","dateModified":"2025-12-18T09:39:22+00:00","description":"Online Lotto Lose zu kaufen ist einfach, sicher und legal - hier erfahren Sie wie es funktioniert!","breadcrumb":{"@id":"https:\/\/redfoxlotto.com\/de\/lotterie\/#breadcrumb"},"inLanguage":"de","potentialAction":[{"@type":"ReadAction","target":["https:\/\/redfoxlotto.com\/de\/lotterie\/"]}]},{"@type":"ImageObject","inLanguage":"de","@id":"https:\/\/redfoxlotto.com\/de\/lotterie\/#primaryimage","url":"https:\/\/content.redfoxlotto.com\/uploads\/sites\/9\/1_lottery_ticket.jpg","contentUrl":"https:\/\/content.redfoxlotto.com\/uploads\/sites\/9\/1_lottery_ticket.jpg"},{"@type":"BreadcrumbList","@id":"https:\/\/redfoxlotto.com\/de\/lotterie\/#breadcrumb","itemListElement":[{"@type":"ListItem","position":1,"name":"Home","item":"https:\/\/redfoxlotto.com\/de\/"},{"@type":"ListItem","position":2,"name":"Der Ablauf beim Online-Lottospiel"}]},{"@type":"WebSite","@id":"https:\/\/redfoxlotto.com\/de\/#website","url":"https:\/\/redfoxlotto.com\/de\/","name":"Get Tickets for the World\u2019s largest jackpots","description":"Participate in worldwide lottery jackpots from any country","publisher":{"@id":"https:\/\/redfoxlotto.com\/de\/#organization"},"potentialAction":[{"@type":"SearchAction","target":{"@type":"EntryPoint","urlTemplate":"https:\/\/redfoxlotto.com\/de\/?s={search_term_string}"},"query-input":{"@type":"PropertyValueSpecification","valueRequired":true,"valueName":"search_term_string"}}],"inLanguage":"de"},{"@type":"Organization","@id":"https:\/\/redfoxlotto.com\/de\/#organization","name":"Get Tickets for the World\u2019s largest jackpots","url":"https:\/\/redfoxlotto.com\/de\/","logo":{"@type":"ImageObject","inLanguage":"de","@id":"https:\/\/redfoxlotto.com\/de\/#\/schema\/logo\/image\/","url":"https:\/\/redfoxlotto.com\/wp-content\/uploads\/2023\/04\/logo.png","contentUrl":"https:\/\/redfoxlotto.com\/wp-content\/uploads\/2023\/04\/logo.png","width":269,"height":53,"caption":"Get Tickets for the World\u2019s largest jackpots"},"image":{"@id":"https:\/\/redfoxlotto.com\/de\/#\/schema\/logo\/image\/"}}]}},"_links":{"self":[{"href":"https:\/\/redfoxlotto.com\/de\/wp-json\/wp\/v2\/pages\/120","targetHints":{"allow":["GET"]}}],"collection":[{"href":"https:\/\/redfoxlotto.com\/de\/wp-json\/wp\/v2\/pages"}],"about":[{"href":"https:\/\/redfoxlotto.com\/de\/wp-json\/wp\/v2\/types\/page"}],"author":[{"embeddable":true,"href":"https:\/\/redfoxlotto.com\/de\/wp-json\/wp\/v2\/users\/1"}],"replies":[{"embeddable":true,"href":"https:\/\/redfoxlotto.com\/de\/wp-json\/wp\/v2\/comments?post=120"}],"version-history":[{"count":0,"href":"https:\/\/redfoxlotto.com\/de\/wp-json\/wp\/v2\/pages\/120\/revisions"}],"wp:attachment":[{"href":"https:\/\/redfoxlotto.com\/de\/wp-json\/wp\/v2\/media?parent=120"}],"curies":[{"name":"wp","href":"https:\/\/api.w.org\/{rel}","templated":true}]}}