{"id":102329,"date":"2025-02-12T11:20:21","date_gmt":"2025-02-12T11:20:21","guid":{"rendered":"https:\/\/redfoxlotto.com\/?page_id=102329"},"modified":"2026-01-12T10:05:27","modified_gmt":"2026-01-12T10:05:27","slug":"gewinnchancen-bei-keno","status":"publish","type":"page","link":"https:\/\/redfoxlotto.com\/de\/keno\/gewinnchancen-bei-keno\/","title":{"rendered":"Gold Keno Gewinnzahlen"},"content":{"rendered":"<h2>Der Jackpot von 2 Millionen Euro wartet auf Sie bei Gold Keno.<\/h2>\n<p><img loading=\"lazy\" decoding=\"async\" class=\"size-medium wp-image-93652 alignright\" src=\"https:\/\/redfoxlotto.com\/wp-content\/uploads\/2025\/09\/gold-keno-win-2-300x300.jpg\" alt=\"gold keno\" width=\"300\" height=\"300\" \/><br \/>\nGold Keno ist ein Online-Lotteriespiel, das wirklich unterhaltsam ist. Jeder, der mitspielt, kann den fantastischen Hauptpreis von 2 Millionen Euro gewinnen. Es ist leicht zu verstehen, warum Gold Keno so beliebt ist: Bei jeder Ziehung haben Sie eine echte Chance, viel Geld zu gewinnen, das Ihr Leben zum Besseren ver\u00e4ndern k\u00f6nnte. Der Spa\u00df an diesem Spiel liegt in den schnellen Ziehungen, dem fairen Spiel und der Chance, den Jackpot von zwei Millionen Euro zu gewinnen. Das gilt unabh\u00e4ngig davon, ob Sie zum Spa\u00df spielen oder viel Geld gewinnen m\u00f6chten.<\/p>\n<h2>Ein Leitfaden zu den Gewinnchancen bei Gold Keno<\/h2>\n<p>Bei Gold Keno werden 20 Zahlen zuf\u00e4llig aus einem Pool von achtzig Zahlen gezogen. Die Spieler w\u00e4hlen ihre eigenen Zahlen, und die H\u00f6he des Gewinns h\u00e4ngt davon ab, wie oft ihre Auswahl mit der Ziehung \u00fcbereinstimmt. Durch Hinzuf\u00fcgen eines Multiplikators erh\u00f6ht sich die m\u00f6gliche Auszahlung. Das bedeutet, dass Tickets, die mehr kosten, gr\u00f6\u00dfere Gewinne einbringen.<\/p>\n<p>Wenn Sie mehr Optionen haben, haben Sie eine bessere Chance auf eine h\u00f6here Auszahlung, aber wenn Sie weniger Optionen haben, haben Sie eine bessere Chance auf eine geringere Auszahlung. Die Gewinnchancen bei Keno basieren auf diesem Gleichgewicht: Mehr Tipps bedeuten h\u00f6here Gewinne, aber auch schwierigere Gewinnchancen, w\u00e4hrend weniger Tipps das Gewinnen einfacher machen. Wenn Sie den Multiplikator einsetzen, k\u00f6nnen Sie den Hauptpreis von zwei Millionen Euro gewinnen.<\/p>\n<h2>Der Schl\u00fcssel zu h\u00f6heren Gewinnen ist die Verwendung von Multiplikatoren.<\/h2>\n<p>Dank der Multiplikatorfunktion k\u00f6nnen Sie bei Gold Keno den Hauptpreis von 2 Millionen Euro gewinnen. Beispiel:<\/p>\n<p>Wenn der h\u00f6chste Multiplikator auf 5x eingestellt ist, erhalten Sie mit einem Ticket mit einem Multiplikator von 1x 20 % des gr\u00f6\u00dften Preises. Wenn Spieler mit dem h\u00f6chsten Multiplikator wetten, erhalten sie vollst\u00e4ndigen Zugriff auf den Preispool, der mehr als 2 Millionen Euro wert ist.<\/p>\n<p>Diese Technik bietet Spielern eine weitere M\u00f6glichkeit, ihre Gewinnchancen bei Keno zu ver\u00e4ndern. Sie bietet sowohl vorsichtigen Spielern als auch Risikofreudigen eine faire Spielm\u00f6glichkeit.<\/p>\n<h2>F\u00fcr Transaktionen werden Bargeld und Einzahlungen verwendet.<\/h2>\n<p>Um Gold Keno zu spielen, m\u00fcssen Sie Geld auf Ihr Konto einzahlen und Tickets online kaufen. Die Transaktionen sind schnell, sicher und einfach zu verstehen, sodass Sie sofort an jeder Ziehung teilnehmen k\u00f6nnen.<\/p>\n<h2>Es finden viele Gold Keno-Ziehungen statt<\/h2>\n<p>Sie m\u00fcssen nicht wie bei anderen Lotterien warten, um Gold Keno zu spielen. Alle paar Minuten finden neue Ziehungen statt, was das Rennen um den Hauptpreis von 2 Millionen Euro zu einem unterhaltsamen und nie endenden Abenteuer macht. Da es so viele Ziehungen gibt, werden die Gewinnchancen bei Keno immer wieder auf die Probe gestellt, was das Spiel unterhaltsam macht.<\/p>\n<h2>Ein Zufallszahlengenerator (RNG) f\u00fcr faires Spiel<\/h2>\n<p>Um sicherzustellen, dass jede Gold Keno-Ziehung fair ist, verwenden wir einen validierten Zufallszahlengenerator (RNG). Da jedes Ergebnis vollst\u00e4ndig zuf\u00e4llig ist, basiert die Chance auf den Gewinn des 2-Millionen-Euro-Preises nicht auf Vermutungen, sondern auf Zufall. So wird sichergestellt, dass jeder die gleichen Gewinnchancen bei Keno hat.<\/p>\n<h2>\u00dcberpr\u00fcfen Sie Ihre Gewinne und nehmen Sie sie mit<\/h2>\n<p>Die Spieler k\u00f6nnen die Ergebnisse sofort im Bereich \u201eMeine Tickets\u201d einsehen. Die kleineren Gewinne werden sofort auf Ihr Konto \u00fcberwiesen, und die gr\u00f6\u00dferen, die bis zu 2.500 \u20ac betragen k\u00f6nnen, werden ebenfalls sofort \u00fcberwiesen. Eine Versicherung garantiert den Hauptpreis von 2 Millionen \u20ac und andere gro\u00dfe Preise, und die Regierung \u00fcberpr\u00fcft, ob diese auch ausgezahlt werden.<\/p>\n<h2>Alle Gewinner haben das Recht, ihr Geld zur\u00fcckzubekommen<\/h2>\n<p>Im Gegensatz zu den meisten Lotterien zahlt Gold Keno unabh\u00e4ngig davon aus, wie viele Tickets verkauft werden. Das Spiel ist nicht nur sicher, sondern auch profitabel, da alle Preise, einschlie\u00dflich des 2-Millionen-Euro-Lotterie-Jackpots, vollst\u00e4ndig gesichert sind.<\/p>\n<h2>Es gibt keine Papiertickets, da alles online abgewickelt wird.<\/h2>\n<p>Sie ben\u00f6tigen keine Papiertickets, da Gold Keno vollst\u00e4ndig digital ist. Dieses System verfolgt alle Einsendungen, sodass nichts verloren gehen oder gestohlen werden kann.<\/p>\n<h2>Letzte Gedanken: Was unterscheidet Gold Keno von anderen Keno-Spielen?<\/h2>\n<p>Gold Keno ist nach wie vor eines der spannendsten Online-Lotteriespiele, da es alle paar Minuten Ziehungen gibt, faire Zufallszahlengeneratoren, garantierte Gewinne und die Chance auf den Jackpot von 2 Millionen Euro. F\u00fcr Menschen, die \u00fcber die Gewinnchancen bei Keno nachdenken, ist dieses Spiel sowohl spannend als auch beruhigend, da jedes Ticket den Spielverlauf f\u00fcr Spieler mit gro\u00dfen Zielen ver\u00e4ndern kann.<\/p>\n","protected":false},"excerpt":{"rendered":"<p>Der Jackpot von 2 Millionen Euro wartet auf Sie bei Gold Keno. Gold Keno ist ein Online-Lotteriespiel, das wirklich unterhaltsam ist. Jeder, der mitspielt, kann den fantastischen Hauptpreis von 2 Millionen Euro gewinnen. Es ist leicht zu verstehen, warum Gold Keno so beliebt ist: Bei jeder Ziehung haben Sie eine echte Chance, viel Geld zu [&hellip;]<\/p>\n","protected":false},"author":8,"featured_media":0,"parent":84395,"menu_order":42,"comment_status":"closed","ping_status":"closed","template":"","meta":{"_et_pb_use_builder":"","_et_pb_old_content":"","_et_gb_content_width":"","exclude_from_search":false,"footnotes":""},"class_list":["post-102329","page","type-page","status-publish","hentry"],"yoast_head":"<!-- This site is optimized with the Yoast SEO plugin v23.8 - https:\/\/yoast.com\/wordpress\/plugins\/seo\/ -->\n<title>Gewinnchancen bei Keno | Unsere Keno-Spiele bieten gro\u00dfartige Gewinnchancen und Preise.<\/title>\n<meta name=\"description\" content=\"Lorsque vous jouez au Keno en ligne, regardez les chances de gagner des jeux que vous trouvez. Notre Gold Keno offre un gain maximal de 2 millions d&#039;euros, combin\u00e9 aux meilleures chances de gagner que vous trouverez en ligne.\" \/>\n<meta name=\"robots\" content=\"index, follow, max-snippet:-1, max-image-preview:large, max-video-preview:-1\" \/>\n<link rel=\"canonical\" href=\"https:\/\/redfoxlotto.com\/de\/keno\/gewinnchancen-bei-keno\/\" \/>\n<meta property=\"og:locale\" content=\"de_DE\" \/>\n<meta property=\"og:type\" content=\"article\" \/>\n<meta property=\"og:title\" content=\"Gewinnchancen bei Keno | Unsere Keno-Spiele bieten gro\u00dfartige Gewinnchancen und Preise.\" \/>\n<meta property=\"og:description\" content=\"Lorsque vous jouez au Keno en ligne, regardez les chances de gagner des jeux que vous trouvez. Notre Gold Keno offre un gain maximal de 2 millions d&#039;euros, combin\u00e9 aux meilleures chances de gagner que vous trouverez en ligne.\" \/>\n<meta property=\"og:url\" content=\"https:\/\/redfoxlotto.com\/de\/keno\/gewinnchancen-bei-keno\/\" \/>\n<meta property=\"og:site_name\" content=\"Get Tickets for the World\u2019s largest jackpots\" \/>\n<meta property=\"article:modified_time\" content=\"2026-01-12T10:05:27+00:00\" \/>\n<meta property=\"og:image\" content=\"https:\/\/redfoxlotto.com\/wp-content\/uploads\/2025\/09\/gold-keno-win-2-300x300.jpg\" \/>\n<meta name=\"twitter:card\" content=\"summary_large_image\" \/>\n<meta name=\"twitter:label1\" content=\"Gesch\u00e4tzte Lesezeit\" \/>\n\t<meta name=\"twitter:data1\" content=\"4\u00a0Minuten\" \/>\n<script type=\"application\/ld+json\" class=\"yoast-schema-graph\">{\"@context\":\"https:\/\/schema.org\",\"@graph\":[{\"@type\":\"WebPage\",\"@id\":\"https:\/\/redfoxlotto.com\/de\/keno\/gewinnchancen-bei-keno\/\",\"url\":\"https:\/\/redfoxlotto.com\/de\/keno\/gewinnchancen-bei-keno\/\",\"name\":\"Gewinnchancen bei Keno | Unsere Keno-Spiele bieten gro\u00dfartige Gewinnchancen und Preise.\",\"isPartOf\":{\"@id\":\"https:\/\/redfoxlotto.com\/de\/#website\"},\"primaryImageOfPage\":{\"@id\":\"https:\/\/redfoxlotto.com\/de\/keno\/gewinnchancen-bei-keno\/#primaryimage\"},\"image\":{\"@id\":\"https:\/\/redfoxlotto.com\/de\/keno\/gewinnchancen-bei-keno\/#primaryimage\"},\"thumbnailUrl\":\"https:\/\/redfoxlotto.com\/wp-content\/uploads\/2025\/09\/gold-keno-win-2-300x300.jpg\",\"datePublished\":\"2025-02-12T11:20:21+00:00\",\"dateModified\":\"2026-01-12T10:05:27+00:00\",\"description\":\"Lorsque vous jouez au Keno en ligne, regardez les chances de gagner des jeux que vous trouvez. Notre Gold Keno offre un gain maximal de 2 millions d'euros, combin\u00e9 aux meilleures chances de gagner que vous trouverez en ligne.\",\"breadcrumb\":{\"@id\":\"https:\/\/redfoxlotto.com\/de\/keno\/gewinnchancen-bei-keno\/#breadcrumb\"},\"inLanguage\":\"de\",\"potentialAction\":[{\"@type\":\"ReadAction\",\"target\":[\"https:\/\/redfoxlotto.com\/de\/keno\/gewinnchancen-bei-keno\/\"]}]},{\"@type\":\"ImageObject\",\"inLanguage\":\"de\",\"@id\":\"https:\/\/redfoxlotto.com\/de\/keno\/gewinnchancen-bei-keno\/#primaryimage\",\"url\":\"https:\/\/redfoxlotto.com\/wp-content\/uploads\/2025\/09\/gold-keno-win-2-300x300.jpg\",\"contentUrl\":\"https:\/\/redfoxlotto.com\/wp-content\/uploads\/2025\/09\/gold-keno-win-2-300x300.jpg\"},{\"@type\":\"BreadcrumbList\",\"@id\":\"https:\/\/redfoxlotto.com\/de\/keno\/gewinnchancen-bei-keno\/#breadcrumb\",\"itemListElement\":[{\"@type\":\"ListItem\",\"position\":1,\"name\":\"Home\",\"item\":\"https:\/\/redfoxlotto.com\/de\/\"},{\"@type\":\"ListItem\",\"position\":2,\"name\":\"Keno\",\"item\":\"https:\/\/redfoxlotto.com\/de\/keno\/\"},{\"@type\":\"ListItem\",\"position\":3,\"name\":\"Gold Keno Gewinnzahlen\"}]},{\"@type\":\"WebSite\",\"@id\":\"https:\/\/redfoxlotto.com\/de\/#website\",\"url\":\"https:\/\/redfoxlotto.com\/de\/\",\"name\":\"Get Tickets for the World\u2019s largest jackpots\",\"description\":\"Participate in worldwide lottery jackpots from any country\",\"publisher\":{\"@id\":\"https:\/\/redfoxlotto.com\/de\/#organization\"},\"potentialAction\":[{\"@type\":\"SearchAction\",\"target\":{\"@type\":\"EntryPoint\",\"urlTemplate\":\"https:\/\/redfoxlotto.com\/de\/?s={search_term_string}\"},\"query-input\":{\"@type\":\"PropertyValueSpecification\",\"valueRequired\":true,\"valueName\":\"search_term_string\"}}],\"inLanguage\":\"de\"},{\"@type\":\"Organization\",\"@id\":\"https:\/\/redfoxlotto.com\/de\/#organization\",\"name\":\"Get Tickets for the World\u2019s largest jackpots\",\"url\":\"https:\/\/redfoxlotto.com\/de\/\",\"logo\":{\"@type\":\"ImageObject\",\"inLanguage\":\"de\",\"@id\":\"https:\/\/redfoxlotto.com\/de\/#\/schema\/logo\/image\/\",\"url\":\"https:\/\/redfoxlotto.com\/wp-content\/uploads\/2023\/04\/logo.png\",\"contentUrl\":\"https:\/\/redfoxlotto.com\/wp-content\/uploads\/2023\/04\/logo.png\",\"width\":269,\"height\":53,\"caption\":\"Get Tickets for the World\u2019s largest jackpots\"},\"image\":{\"@id\":\"https:\/\/redfoxlotto.com\/de\/#\/schema\/logo\/image\/\"}}]}<\/script>\n<!-- \/ Yoast SEO plugin. -->","yoast_head_json":{"title":"Gewinnchancen bei Keno | Unsere Keno-Spiele bieten gro\u00dfartige Gewinnchancen und Preise.","description":"Lorsque vous jouez au Keno en ligne, regardez les chances de gagner des jeux que vous trouvez. Notre Gold Keno offre un gain maximal de 2 millions d'euros, combin\u00e9 aux meilleures chances de gagner que vous trouverez en ligne.","robots":{"index":"index","follow":"follow","max-snippet":"max-snippet:-1","max-image-preview":"max-image-preview:large","max-video-preview":"max-video-preview:-1"},"canonical":"https:\/\/redfoxlotto.com\/de\/keno\/gewinnchancen-bei-keno\/","og_locale":"de_DE","og_type":"article","og_title":"Gewinnchancen bei Keno | Unsere Keno-Spiele bieten gro\u00dfartige Gewinnchancen und Preise.","og_description":"Lorsque vous jouez au Keno en ligne, regardez les chances de gagner des jeux que vous trouvez. Notre Gold Keno offre un gain maximal de 2 millions d'euros, combin\u00e9 aux meilleures chances de gagner que vous trouverez en ligne.","og_url":"https:\/\/redfoxlotto.com\/de\/keno\/gewinnchancen-bei-keno\/","og_site_name":"Get Tickets for the World\u2019s largest jackpots","article_modified_time":"2026-01-12T10:05:27+00:00","og_image":[{"url":"https:\/\/redfoxlotto.com\/wp-content\/uploads\/2025\/09\/gold-keno-win-2-300x300.jpg"}],"twitter_card":"summary_large_image","twitter_misc":{"Gesch\u00e4tzte Lesezeit":"4\u00a0Minuten"},"schema":{"@context":"https:\/\/schema.org","@graph":[{"@type":"WebPage","@id":"https:\/\/redfoxlotto.com\/de\/keno\/gewinnchancen-bei-keno\/","url":"https:\/\/redfoxlotto.com\/de\/keno\/gewinnchancen-bei-keno\/","name":"Gewinnchancen bei Keno | Unsere Keno-Spiele bieten gro\u00dfartige Gewinnchancen und Preise.","isPartOf":{"@id":"https:\/\/redfoxlotto.com\/de\/#website"},"primaryImageOfPage":{"@id":"https:\/\/redfoxlotto.com\/de\/keno\/gewinnchancen-bei-keno\/#primaryimage"},"image":{"@id":"https:\/\/redfoxlotto.com\/de\/keno\/gewinnchancen-bei-keno\/#primaryimage"},"thumbnailUrl":"https:\/\/redfoxlotto.com\/wp-content\/uploads\/2025\/09\/gold-keno-win-2-300x300.jpg","datePublished":"2025-02-12T11:20:21+00:00","dateModified":"2026-01-12T10:05:27+00:00","description":"Lorsque vous jouez au Keno en ligne, regardez les chances de gagner des jeux que vous trouvez. Notre Gold Keno offre un gain maximal de 2 millions d'euros, combin\u00e9 aux meilleures chances de gagner que vous trouverez en ligne.","breadcrumb":{"@id":"https:\/\/redfoxlotto.com\/de\/keno\/gewinnchancen-bei-keno\/#breadcrumb"},"inLanguage":"de","potentialAction":[{"@type":"ReadAction","target":["https:\/\/redfoxlotto.com\/de\/keno\/gewinnchancen-bei-keno\/"]}]},{"@type":"ImageObject","inLanguage":"de","@id":"https:\/\/redfoxlotto.com\/de\/keno\/gewinnchancen-bei-keno\/#primaryimage","url":"https:\/\/redfoxlotto.com\/wp-content\/uploads\/2025\/09\/gold-keno-win-2-300x300.jpg","contentUrl":"https:\/\/redfoxlotto.com\/wp-content\/uploads\/2025\/09\/gold-keno-win-2-300x300.jpg"},{"@type":"BreadcrumbList","@id":"https:\/\/redfoxlotto.com\/de\/keno\/gewinnchancen-bei-keno\/#breadcrumb","itemListElement":[{"@type":"ListItem","position":1,"name":"Home","item":"https:\/\/redfoxlotto.com\/de\/"},{"@type":"ListItem","position":2,"name":"Keno","item":"https:\/\/redfoxlotto.com\/de\/keno\/"},{"@type":"ListItem","position":3,"name":"Gold Keno Gewinnzahlen"}]},{"@type":"WebSite","@id":"https:\/\/redfoxlotto.com\/de\/#website","url":"https:\/\/redfoxlotto.com\/de\/","name":"Get Tickets for the World\u2019s largest jackpots","description":"Participate in worldwide lottery jackpots from any country","publisher":{"@id":"https:\/\/redfoxlotto.com\/de\/#organization"},"potentialAction":[{"@type":"SearchAction","target":{"@type":"EntryPoint","urlTemplate":"https:\/\/redfoxlotto.com\/de\/?s={search_term_string}"},"query-input":{"@type":"PropertyValueSpecification","valueRequired":true,"valueName":"search_term_string"}}],"inLanguage":"de"},{"@type":"Organization","@id":"https:\/\/redfoxlotto.com\/de\/#organization","name":"Get Tickets for the World\u2019s largest jackpots","url":"https:\/\/redfoxlotto.com\/de\/","logo":{"@type":"ImageObject","inLanguage":"de","@id":"https:\/\/redfoxlotto.com\/de\/#\/schema\/logo\/image\/","url":"https:\/\/redfoxlotto.com\/wp-content\/uploads\/2023\/04\/logo.png","contentUrl":"https:\/\/redfoxlotto.com\/wp-content\/uploads\/2023\/04\/logo.png","width":269,"height":53,"caption":"Get Tickets for the World\u2019s largest jackpots"},"image":{"@id":"https:\/\/redfoxlotto.com\/de\/#\/schema\/logo\/image\/"}}]}},"_links":{"self":[{"href":"https:\/\/redfoxlotto.com\/de\/wp-json\/wp\/v2\/pages\/102329","targetHints":{"allow":["GET"]}}],"collection":[{"href":"https:\/\/redfoxlotto.com\/de\/wp-json\/wp\/v2\/pages"}],"about":[{"href":"https:\/\/redfoxlotto.com\/de\/wp-json\/wp\/v2\/types\/page"}],"author":[{"embeddable":true,"href":"https:\/\/redfoxlotto.com\/de\/wp-json\/wp\/v2\/users\/8"}],"replies":[{"embeddable":true,"href":"https:\/\/redfoxlotto.com\/de\/wp-json\/wp\/v2\/comments?post=102329"}],"version-history":[{"count":0,"href":"https:\/\/redfoxlotto.com\/de\/wp-json\/wp\/v2\/pages\/102329\/revisions"}],"up":[{"embeddable":true,"href":"https:\/\/redfoxlotto.com\/de\/wp-json\/wp\/v2\/pages\/84395"}],"wp:attachment":[{"href":"https:\/\/redfoxlotto.com\/de\/wp-json\/wp\/v2\/media?parent=102329"}],"curies":[{"name":"wp","href":"https:\/\/api.w.org\/{rel}","templated":true}]}}