{"id":102061,"date":"2025-05-22T08:53:38","date_gmt":"2025-05-22T08:53:38","guid":{"rendered":"https:\/\/redfoxlotto.com\/?page_id=102061"},"modified":"2026-01-10T07:04:45","modified_gmt":"2026-01-10T07:04:45","slug":"keno-lotterieergebnisse","status":"publish","type":"page","link":"https:\/\/redfoxlotto.com\/de\/keno\/keno-lotterieergebnisse\/","title":{"rendered":"Platinum Keno Gewinnzahlen"},"content":{"rendered":"<h2>Wie die Gewinnchancen ausgew\u00e4hlt werden und wo Sie die Ergebnisse bei Platinum Keno finden<\/h2>\n<p><img loading=\"lazy\" decoding=\"async\" class=\"size-medium wp-image-83635 alignright\" src=\"https:\/\/redfoxlotto.com\/wp-content\/uploads\/2025\/03\/keno_card-300x300.jpg\" alt=\"platnum keno\" width=\"300\" height=\"300\" srcset=\"https:\/\/redfoxlotto.com\/wp-content\/uploads\/2025\/03\/keno_card-300x300.jpg 300w, https:\/\/redfoxlotto.com\/wp-content\/uploads\/2025\/03\/keno_card-150x150.jpg 150w, https:\/\/redfoxlotto.com\/wp-content\/uploads\/2025\/03\/keno_card-100x100.jpg 100w, https:\/\/redfoxlotto.com\/wp-content\/uploads\/2025\/03\/keno_card.jpg 307w\" sizes=\"auto, (max-width: 300px) 100vw, 300px\" \/><br \/>\nPlatinum Keno ist auf dem besten Weg, eines der beliebtesten Lotteriespiele zu werden. Dank schneller Ziehungen, klarer Regeln und der einfachen Online-Spielbarkeit k\u00f6nnen Spieler bald den ganzen Spa\u00df des traditionellen Keno bequem von ihrem eigenen Bildschirm aus genie\u00dfen. Es gibt noch keine Live-Ergebnisse, aber hier erfahren Sie alles, was Sie \u00fcber die Auswahl der Zahlen, deren Verf\u00fcgbarkeit und die \u00dcberpr\u00fcfung Ihrer Gewinne nach Spielbeginn wissen m\u00fcssen.<\/p>\n<h2>Die Schritte zur Auswahl der Platinum Keno-Zahlen<\/h2>\n<p>Platinum Keno basiert auf dem Grundsatz der Fairness. Die Zahlen werden von einem gepr\u00fcften Zufallszahlengenerator (RNG) ausgew\u00e4hlt. Dadurch soll jede Ziehung vollkommen zuf\u00e4llig sein. Der RNG stellt sicher, dass jede Zahl im Pool die gleiche Chance hat, ausgew\u00e4hlt zu werden, genau wie wenn Sie nummerierte Kugeln aus einer Maschine ziehen.<\/p>\n<ul>\n<li>Die Spieler w\u00e4hlen aus einem Pool von Zahlen von 1 bis 80.<\/li>\n<li>Ziehungsgr\u00f6\u00dfe: In jeder Runde werden 20 Zahlen zuf\u00e4llig ausgew\u00e4hlt.<\/li>\n<li>Gleiche Chancen: Es gibt keine Lieblingszahl, es kommt ganz auf das Gl\u00fcck an.<\/li>\n<li>Mit dieser Methode ist jede Ziehung transparent, kann \u00fcberpr\u00fcft werden und basiert auf Vertrauen.<\/li>\n<\/ul>\n<h2>So wird das Spiel gespielt.<\/h2>\n<p>Platinum Keno ist sowohl f\u00fcr regelm\u00e4\u00dfige Spieler als auch f\u00fcr Menschen gedacht, die gro\u00dfe Jackpots gewinnen m\u00f6chten. W\u00e4hlen Sie Zahlen aus einem Pool von 80, von denen 20 zuf\u00e4llig ausgew\u00e4hlt werden. So wird das Spiel gespielt. Sie m\u00f6chten, dass so viele Ihrer Auswahlm\u00f6glichkeiten wie m\u00f6glich \u00fcbereinstimmen.<\/p>\n<h2>Zahlen ausw\u00e4hlen.<\/h2>\n<p>Sie w\u00e4hlen die Anzahl der \u201eSpots\u201d (Zahlen), die Sie spielen m\u00f6chten. Verschiedene Personen w\u00e4hlen eine unterschiedliche Anzahl von Karten. Die Anzahl der von Ihnen gew\u00e4hlten Spots wirkt sich direkt auf Ihre Gewinnchancen und den Geldbetrag aus, den Sie gewinnen k\u00f6nnen.<\/p>\n<h2>Einen Faktor ausw\u00e4hlen.<\/h2>\n<p>Platinum Keno hat einen Multiplikator, der die Gewinne ver\u00e4ndert. Wenn in diesem Fall der h\u00f6chste Multiplikator 5 ist, erhalten Sie bei einem Spiel mit einem 1-fachen Multiplikator 20 % der 5-fachen Auszahlung. Wenn zehn der h\u00f6chste ist. Wenn der Hauptgewinn 10 ist, zahlt ein 1-faches Ticket 10 % der 10-fachen Auszahlung aus. Ein gr\u00f6\u00dferer Multiplikator erh\u00f6ht sowohl den Preis Ihres Tickets als auch Ihre Gewinnchancen.<\/p>\n<h2>Verwendung der Auszahlungsliste<\/h2>\n<p>Sie gibt Ihnen genau Auskunft dar\u00fcber, wie viel Sie basierend auf den von Ihnen gew\u00e4hlten Zahlen und dem Bonus gewinnen k\u00f6nnen. Betrachten Sie sie als eine Art Gewinnkarte, die Ihnen schon vor der Ziehung zeigt, was auf dem Spiel steht.<\/p>\n<h2>Wie sich Ihre Auswahl auf das Ergebnis auswirkt<\/h2>\n<p>Wenn Sie mehr Zahlen ausw\u00e4hlen, steigt der h\u00f6chste Gewinn, den Sie erzielen k\u00f6nnen, aber Ihre Chancen, alle Zahlen zu treffen, sinken. Im Gegensatz dazu erh\u00f6ht ein h\u00f6herer Multiplikator die Auszahlung, wenn Sie gewinnen, aber Sie m\u00fcssen zu Beginn mehr Geld setzen. Platinum Keno ist sowohl spannend als auch riskant, da Sie Risiko und Gewinn gegeneinander abw\u00e4gen m\u00fcssen.<\/p>\n<h2>Die besten Orte, um Platinum Keno-Ergebnisse zu finden<\/h2>\n<p>Sobald Platinum Keno beginnt, sind die aktuellsten Ergebnisse auf der Ergebnisseite von RedFoxLotto verf\u00fcgbar. Auf diese Weise m\u00fcssen Sie die App nicht verlassen, um vergangene und aktuelle Ziehungen zu verfolgen.<\/p>\n<p>Sie k\u00f6nnen Folgendes tun:<\/p>\n<ul>\n<li>Sehen Sie sich die vollst\u00e4ndige Liste der f\u00fcr jedes Spiel gezogenen Zahlen an.<\/li>\n<li>Sehen Sie sich vergangene Ziehungen an, um Themen und Trends zu erkennen.<\/li>\n<li>Bleiben Sie auf dem Laufenden, ohne woanders suchen zu m\u00fcssen.<\/li>\n<\/ul>\n<h2>So finden Sie heraus, ob Sie gewonnen haben<\/h2>\n<p>Keine Papierbelege mehr \u2013 Platinum Keno ist ein reines Computerspiel. Ihre Zahlen werden unmittelbar nach jedem Spiel in Ihrem RedFoxLotto-Konto gespeichert. Sie k\u00f6nnen die Ergebnisse sofort nach jeder Ziehung \u00fcberpr\u00fcfen:<\/p>\n<p>Klicken Sie auf \u201eMeine Tickets\u201c \u2013 Hier werden alle von Ihnen gekauften Tickets aufgelistet.<\/p>\n<p>Vergleichen Sie Ihre Zahlen mit den Ergebnissen: Wenn Ihre Zahlen mit denen der Gewinnziehung \u00fcbereinstimmen, zeigt Ihnen das System diese \u00dcbereinstimmungen sofort an.<\/p>\n<p>Sobald Sie gewonnen haben, wird Ihnen der Betrag des Gewinns angezeigt, den Sie erhalten werden. Gewinne von geringerem Wert werden direkt auf Ihr Konto \u00fcberwiesen, w\u00e4hrend Gewinne von h\u00f6herem Wert vor der \u00dcberweisung m\u00f6glicherweise einer \u00dcberpr\u00fcfung unterzogen werden.<\/p>\n<h2>Einzahlungen t\u00e4tigen und spielen<\/h2>\n<p>Sie m\u00fcssen Geld auf Ihrem RedFoxLotto-Konto haben, um Platinum Keno spielen zu k\u00f6nnen. Einzahlungen sind einfach und sicher, und sobald Ihr Betrag gutgeschrieben ist, k\u00f6nnen Sie ihn sofort zum Kauf von Tickets verwenden.<\/p>\n<h2>Warum Sie den Ergebnissen vertrauen k\u00f6nnen<\/h2>\n<p>Jeder Gewinn bei Platinum Keno ist versichert, sodass Sie Ihr Geld zur\u00fcckerhalten, egal ob Sie 5 \u20ac oder 500.000 \u20ac gewinnen. RedFoxLotto sorgt daf\u00fcr, dass Sie Ihr Geld erhalten, und der RNG sorgt daf\u00fcr, dass alles fair abl\u00e4uft.<\/p>\n<h2>Fazit<\/h2>\n<p>Es ist wie eine Mischung aus der altmodischen Art, Zahlen zu ziehen, und der Einfachheit von Computerspielen. Auch wenn die Endergebnisse noch nicht bekannt sind, k\u00f6nnen sich die Spieler auf Folgendes freuen:<\/p>\n<ul>\n<li>Faire Ziehungen, die durch den RNG \u00fcberpr\u00fcft werden.<\/li>\n<li>Das Spiel verl\u00e4uft schnell, und Sie erhalten alle paar Minuten Ergebnisse.<\/li>\n<li>RedFoxLotto macht es Ihnen leicht, direkt zu den Ergebnissen zu gelangen.<\/li>\n<li>Ihr Konto zeichnet Ihre Gewinne automatisch auf.<\/li>\n<li>Sobald das Spiel beginnt, m\u00fcssen Sie nach der Ziehung nur noch zur\u00fcckkommen, um zu sehen, ob Sie gewonnen haben.<\/li>\n<\/ul>\n","protected":false},"excerpt":{"rendered":"<p>Wie die Gewinnchancen ausgew\u00e4hlt werden und wo Sie die Ergebnisse bei Platinum Keno finden Platinum Keno ist auf dem besten Weg, eines der beliebtesten Lotteriespiele zu werden. Dank schneller Ziehungen, klarer Regeln und der einfachen Online-Spielbarkeit k\u00f6nnen Spieler bald den ganzen Spa\u00df des traditionellen Keno bequem von ihrem eigenen Bildschirm aus genie\u00dfen. Es gibt noch [&hellip;]<\/p>\n","protected":false},"author":8,"featured_media":0,"parent":84395,"menu_order":41,"comment_status":"closed","ping_status":"closed","template":"","meta":{"_et_pb_use_builder":"","_et_pb_old_content":"","_et_gb_content_width":"","exclude_from_search":false,"footnotes":""},"class_list":["post-102061","page","type-page","status-publish","hentry"],"yoast_head":"<!-- This site is optimized with the Yoast SEO plugin v23.8 - https:\/\/yoast.com\/wordpress\/plugins\/seo\/ -->\n<title>Keno-Lotterieergebnisse f\u00fcr diese t\u00e4gliche Online-Keno-Ziehung mit 5 Millionen Euro<\/title>\n<meta name=\"description\" content=\"Diese Keno-Lotterie verlost t\u00e4glich einen Hauptpreis von 5 Millionen Euro \u2013 die Ergebnisse unserer Keno-Ziehungen finden Sie hier. Wir haben ein Keno-Spiel mit 5 Millionen Euro und eines mit 10 Millionen Euro.\" \/>\n<meta name=\"robots\" content=\"index, follow, max-snippet:-1, max-image-preview:large, max-video-preview:-1\" \/>\n<link rel=\"canonical\" href=\"https:\/\/redfoxlotto.com\/de\/keno\/keno-lotterieergebnisse\/\" \/>\n<meta property=\"og:locale\" content=\"de_DE\" \/>\n<meta property=\"og:type\" content=\"article\" \/>\n<meta property=\"og:title\" content=\"Keno-Lotterieergebnisse f\u00fcr diese t\u00e4gliche Online-Keno-Ziehung mit 5 Millionen Euro\" \/>\n<meta property=\"og:description\" content=\"Diese Keno-Lotterie verlost t\u00e4glich einen Hauptpreis von 5 Millionen Euro \u2013 die Ergebnisse unserer Keno-Ziehungen finden Sie hier. Wir haben ein Keno-Spiel mit 5 Millionen Euro und eines mit 10 Millionen Euro.\" \/>\n<meta property=\"og:url\" content=\"https:\/\/redfoxlotto.com\/de\/keno\/keno-lotterieergebnisse\/\" \/>\n<meta property=\"og:site_name\" content=\"Get Tickets for the World\u2019s largest jackpots\" \/>\n<meta property=\"article:modified_time\" content=\"2026-01-10T07:04:45+00:00\" \/>\n<meta property=\"og:image\" content=\"https:\/\/redfoxlotto.com\/wp-content\/uploads\/2025\/03\/keno_card-300x300.jpg\" \/>\n<meta name=\"twitter:card\" content=\"summary_large_image\" \/>\n<meta name=\"twitter:label1\" content=\"Gesch\u00e4tzte Lesezeit\" \/>\n\t<meta name=\"twitter:data1\" content=\"4\u00a0Minuten\" \/>\n<script type=\"application\/ld+json\" class=\"yoast-schema-graph\">{\"@context\":\"https:\/\/schema.org\",\"@graph\":[{\"@type\":\"WebPage\",\"@id\":\"https:\/\/redfoxlotto.com\/de\/keno\/keno-lotterieergebnisse\/\",\"url\":\"https:\/\/redfoxlotto.com\/de\/keno\/keno-lotterieergebnisse\/\",\"name\":\"Keno-Lotterieergebnisse f\u00fcr diese t\u00e4gliche Online-Keno-Ziehung mit 5 Millionen Euro\",\"isPartOf\":{\"@id\":\"https:\/\/redfoxlotto.com\/de\/#website\"},\"primaryImageOfPage\":{\"@id\":\"https:\/\/redfoxlotto.com\/de\/keno\/keno-lotterieergebnisse\/#primaryimage\"},\"image\":{\"@id\":\"https:\/\/redfoxlotto.com\/de\/keno\/keno-lotterieergebnisse\/#primaryimage\"},\"thumbnailUrl\":\"https:\/\/redfoxlotto.com\/wp-content\/uploads\/2025\/03\/keno_card-300x300.jpg\",\"datePublished\":\"2025-05-22T08:53:38+00:00\",\"dateModified\":\"2026-01-10T07:04:45+00:00\",\"description\":\"Diese Keno-Lotterie verlost t\u00e4glich einen Hauptpreis von 5 Millionen Euro \u2013 die Ergebnisse unserer Keno-Ziehungen finden Sie hier. Wir haben ein Keno-Spiel mit 5 Millionen Euro und eines mit 10 Millionen Euro.\",\"breadcrumb\":{\"@id\":\"https:\/\/redfoxlotto.com\/de\/keno\/keno-lotterieergebnisse\/#breadcrumb\"},\"inLanguage\":\"de\",\"potentialAction\":[{\"@type\":\"ReadAction\",\"target\":[\"https:\/\/redfoxlotto.com\/de\/keno\/keno-lotterieergebnisse\/\"]}]},{\"@type\":\"ImageObject\",\"inLanguage\":\"de\",\"@id\":\"https:\/\/redfoxlotto.com\/de\/keno\/keno-lotterieergebnisse\/#primaryimage\",\"url\":\"https:\/\/redfoxlotto.com\/wp-content\/uploads\/2025\/03\/keno_card-300x300.jpg\",\"contentUrl\":\"https:\/\/redfoxlotto.com\/wp-content\/uploads\/2025\/03\/keno_card-300x300.jpg\"},{\"@type\":\"BreadcrumbList\",\"@id\":\"https:\/\/redfoxlotto.com\/de\/keno\/keno-lotterieergebnisse\/#breadcrumb\",\"itemListElement\":[{\"@type\":\"ListItem\",\"position\":1,\"name\":\"Home\",\"item\":\"https:\/\/redfoxlotto.com\/de\/\"},{\"@type\":\"ListItem\",\"position\":2,\"name\":\"Keno\",\"item\":\"https:\/\/redfoxlotto.com\/de\/keno\/\"},{\"@type\":\"ListItem\",\"position\":3,\"name\":\"Platinum Keno Gewinnzahlen\"}]},{\"@type\":\"WebSite\",\"@id\":\"https:\/\/redfoxlotto.com\/de\/#website\",\"url\":\"https:\/\/redfoxlotto.com\/de\/\",\"name\":\"Get Tickets for the World\u2019s largest jackpots\",\"description\":\"Participate in worldwide lottery jackpots from any country\",\"publisher\":{\"@id\":\"https:\/\/redfoxlotto.com\/de\/#organization\"},\"potentialAction\":[{\"@type\":\"SearchAction\",\"target\":{\"@type\":\"EntryPoint\",\"urlTemplate\":\"https:\/\/redfoxlotto.com\/de\/?s={search_term_string}\"},\"query-input\":{\"@type\":\"PropertyValueSpecification\",\"valueRequired\":true,\"valueName\":\"search_term_string\"}}],\"inLanguage\":\"de\"},{\"@type\":\"Organization\",\"@id\":\"https:\/\/redfoxlotto.com\/de\/#organization\",\"name\":\"Get Tickets for the World\u2019s largest jackpots\",\"url\":\"https:\/\/redfoxlotto.com\/de\/\",\"logo\":{\"@type\":\"ImageObject\",\"inLanguage\":\"de\",\"@id\":\"https:\/\/redfoxlotto.com\/de\/#\/schema\/logo\/image\/\",\"url\":\"https:\/\/redfoxlotto.com\/wp-content\/uploads\/2023\/04\/logo.png\",\"contentUrl\":\"https:\/\/redfoxlotto.com\/wp-content\/uploads\/2023\/04\/logo.png\",\"width\":269,\"height\":53,\"caption\":\"Get Tickets for the World\u2019s largest jackpots\"},\"image\":{\"@id\":\"https:\/\/redfoxlotto.com\/de\/#\/schema\/logo\/image\/\"}}]}<\/script>\n<!-- \/ Yoast SEO plugin. -->","yoast_head_json":{"title":"Keno-Lotterieergebnisse f\u00fcr diese t\u00e4gliche Online-Keno-Ziehung mit 5 Millionen Euro","description":"Diese Keno-Lotterie verlost t\u00e4glich einen Hauptpreis von 5 Millionen Euro \u2013 die Ergebnisse unserer Keno-Ziehungen finden Sie hier. Wir haben ein Keno-Spiel mit 5 Millionen Euro und eines mit 10 Millionen Euro.","robots":{"index":"index","follow":"follow","max-snippet":"max-snippet:-1","max-image-preview":"max-image-preview:large","max-video-preview":"max-video-preview:-1"},"canonical":"https:\/\/redfoxlotto.com\/de\/keno\/keno-lotterieergebnisse\/","og_locale":"de_DE","og_type":"article","og_title":"Keno-Lotterieergebnisse f\u00fcr diese t\u00e4gliche Online-Keno-Ziehung mit 5 Millionen Euro","og_description":"Diese Keno-Lotterie verlost t\u00e4glich einen Hauptpreis von 5 Millionen Euro \u2013 die Ergebnisse unserer Keno-Ziehungen finden Sie hier. Wir haben ein Keno-Spiel mit 5 Millionen Euro und eines mit 10 Millionen Euro.","og_url":"https:\/\/redfoxlotto.com\/de\/keno\/keno-lotterieergebnisse\/","og_site_name":"Get Tickets for the World\u2019s largest jackpots","article_modified_time":"2026-01-10T07:04:45+00:00","og_image":[{"url":"https:\/\/redfoxlotto.com\/wp-content\/uploads\/2025\/03\/keno_card-300x300.jpg"}],"twitter_card":"summary_large_image","twitter_misc":{"Gesch\u00e4tzte Lesezeit":"4\u00a0Minuten"},"schema":{"@context":"https:\/\/schema.org","@graph":[{"@type":"WebPage","@id":"https:\/\/redfoxlotto.com\/de\/keno\/keno-lotterieergebnisse\/","url":"https:\/\/redfoxlotto.com\/de\/keno\/keno-lotterieergebnisse\/","name":"Keno-Lotterieergebnisse f\u00fcr diese t\u00e4gliche Online-Keno-Ziehung mit 5 Millionen Euro","isPartOf":{"@id":"https:\/\/redfoxlotto.com\/de\/#website"},"primaryImageOfPage":{"@id":"https:\/\/redfoxlotto.com\/de\/keno\/keno-lotterieergebnisse\/#primaryimage"},"image":{"@id":"https:\/\/redfoxlotto.com\/de\/keno\/keno-lotterieergebnisse\/#primaryimage"},"thumbnailUrl":"https:\/\/redfoxlotto.com\/wp-content\/uploads\/2025\/03\/keno_card-300x300.jpg","datePublished":"2025-05-22T08:53:38+00:00","dateModified":"2026-01-10T07:04:45+00:00","description":"Diese Keno-Lotterie verlost t\u00e4glich einen Hauptpreis von 5 Millionen Euro \u2013 die Ergebnisse unserer Keno-Ziehungen finden Sie hier. Wir haben ein Keno-Spiel mit 5 Millionen Euro und eines mit 10 Millionen Euro.","breadcrumb":{"@id":"https:\/\/redfoxlotto.com\/de\/keno\/keno-lotterieergebnisse\/#breadcrumb"},"inLanguage":"de","potentialAction":[{"@type":"ReadAction","target":["https:\/\/redfoxlotto.com\/de\/keno\/keno-lotterieergebnisse\/"]}]},{"@type":"ImageObject","inLanguage":"de","@id":"https:\/\/redfoxlotto.com\/de\/keno\/keno-lotterieergebnisse\/#primaryimage","url":"https:\/\/redfoxlotto.com\/wp-content\/uploads\/2025\/03\/keno_card-300x300.jpg","contentUrl":"https:\/\/redfoxlotto.com\/wp-content\/uploads\/2025\/03\/keno_card-300x300.jpg"},{"@type":"BreadcrumbList","@id":"https:\/\/redfoxlotto.com\/de\/keno\/keno-lotterieergebnisse\/#breadcrumb","itemListElement":[{"@type":"ListItem","position":1,"name":"Home","item":"https:\/\/redfoxlotto.com\/de\/"},{"@type":"ListItem","position":2,"name":"Keno","item":"https:\/\/redfoxlotto.com\/de\/keno\/"},{"@type":"ListItem","position":3,"name":"Platinum Keno Gewinnzahlen"}]},{"@type":"WebSite","@id":"https:\/\/redfoxlotto.com\/de\/#website","url":"https:\/\/redfoxlotto.com\/de\/","name":"Get Tickets for the World\u2019s largest jackpots","description":"Participate in worldwide lottery jackpots from any country","publisher":{"@id":"https:\/\/redfoxlotto.com\/de\/#organization"},"potentialAction":[{"@type":"SearchAction","target":{"@type":"EntryPoint","urlTemplate":"https:\/\/redfoxlotto.com\/de\/?s={search_term_string}"},"query-input":{"@type":"PropertyValueSpecification","valueRequired":true,"valueName":"search_term_string"}}],"inLanguage":"de"},{"@type":"Organization","@id":"https:\/\/redfoxlotto.com\/de\/#organization","name":"Get Tickets for the World\u2019s largest jackpots","url":"https:\/\/redfoxlotto.com\/de\/","logo":{"@type":"ImageObject","inLanguage":"de","@id":"https:\/\/redfoxlotto.com\/de\/#\/schema\/logo\/image\/","url":"https:\/\/redfoxlotto.com\/wp-content\/uploads\/2023\/04\/logo.png","contentUrl":"https:\/\/redfoxlotto.com\/wp-content\/uploads\/2023\/04\/logo.png","width":269,"height":53,"caption":"Get Tickets for the World\u2019s largest jackpots"},"image":{"@id":"https:\/\/redfoxlotto.com\/de\/#\/schema\/logo\/image\/"}}]}},"_links":{"self":[{"href":"https:\/\/redfoxlotto.com\/de\/wp-json\/wp\/v2\/pages\/102061","targetHints":{"allow":["GET"]}}],"collection":[{"href":"https:\/\/redfoxlotto.com\/de\/wp-json\/wp\/v2\/pages"}],"about":[{"href":"https:\/\/redfoxlotto.com\/de\/wp-json\/wp\/v2\/types\/page"}],"author":[{"embeddable":true,"href":"https:\/\/redfoxlotto.com\/de\/wp-json\/wp\/v2\/users\/8"}],"replies":[{"embeddable":true,"href":"https:\/\/redfoxlotto.com\/de\/wp-json\/wp\/v2\/comments?post=102061"}],"version-history":[{"count":0,"href":"https:\/\/redfoxlotto.com\/de\/wp-json\/wp\/v2\/pages\/102061\/revisions"}],"up":[{"embeddable":true,"href":"https:\/\/redfoxlotto.com\/de\/wp-json\/wp\/v2\/pages\/84395"}],"wp:attachment":[{"href":"https:\/\/redfoxlotto.com\/de\/wp-json\/wp\/v2\/media?parent=102061"}],"curies":[{"name":"wp","href":"https:\/\/api.w.org\/{rel}","templated":true}]}}