{"id":87637,"date":"2025-05-19T09:08:38","date_gmt":"2025-05-19T09:08:38","guid":{"rendered":"https:\/\/redfoxlotto.com\/?page_id=87637"},"modified":"2025-05-28T06:40:26","modified_gmt":"2025-05-28T06:40:26","slug":"euromillions-eu","status":"publish","type":"page","link":"https:\/\/redfoxlotto.com\/da\/lotteri\/euromillions-eu\/","title":{"rendered":"Om Euromillions EU"},"content":{"rendered":"<p data-start=\"61\" data-end=\"637\">EuroMillions EU er et af Europas st\u00f8rste og mest popul\u00e6re lotterier og tiltr\u00e6kker millioner af deltagere hver uge med sine livs\u00e6ndrende jackpots. Lotteriet, officielt kendt som den europ\u00e6iske version af EuroMillions, er s\u00e6rligt popul\u00e6rt i flere europ\u00e6iske lande, herunder Frankrig, Spanien, \u00d8strig, Belgien, Irland, Luxembourg, Portugal og Schweiz. EuroMillions blev oprindeligt lanceret den 13. februar 2004 med deltagelse af blot tre lande \u2013 Frankrig, Spanien og Storbritannien \u2013 og voksede hurtigt til at inkludere flere europ\u00e6iske nationer allerede i oktober samme \u00e5r.<\/p>\n<p><img loading=\"lazy\" decoding=\"async\" class=\"size-full wp-image-48546 alignright\" src=\"https:\/\/redfoxlotto.com\/wp-content\/uploads\/2023\/04\/powerball-draw-youtube1-300x300-1.jpg\" alt=\"euromillions\" width=\"300\" height=\"300\" srcset=\"https:\/\/redfoxlotto.com\/wp-content\/uploads\/2023\/04\/powerball-draw-youtube1-300x300-1.jpg 300w, https:\/\/redfoxlotto.com\/wp-content\/uploads\/2023\/04\/powerball-draw-youtube1-300x300-1-100x100.jpg 100w, https:\/\/redfoxlotto.com\/wp-content\/uploads\/2023\/04\/powerball-draw-youtube1-300x300-1-150x150.jpg 150w\" sizes=\"auto, (max-width: 300px) 100vw, 300px\" \/><\/p>\n<p data-start=\"639\" data-end=\"950\">Hver deltagende nation har sin egen nationale lotteriudbyder, som er ansvarlig for billetsalg, gevinstudbetalinger og kundeservice. Trods denne decentralisering f\u00f8lger alle deltagerlande et ensartet s\u00e6t regler, gevinstniveauer og tr\u00e6kningstidspunkter, hvilket sikrer fairness og ensartethed p\u00e5 tv\u00e6rs af landene.<\/p>\n<p data-start=\"952\" data-end=\"1358\">Tr\u00e6kninger i EuroMillions EU finder sted to gange ugentligt \u2013 tirsdag og fredag aften. Lotteriet benytter et dobbeltmatricesystem, hvor spillere v\u00e6lger fem hovedtal fra 1 til 50 og to s\u00e5kaldte Lucky Stars fra 1 til 12. For at vinde jackpotten skal alle syv tal matche. Derudover findes der en r\u00e6kke sekund\u00e6re gevinstniveauer, som giver spillerne mulighed for at vinde mindre, men stadig betydelige pr\u00e6mier.<\/p>\n<p data-start=\"1360\" data-end=\"1901\">En v\u00e6sentlig forskel mellem EU-versionen og den britiske version af EuroMillions er et unikt ekstraspil, der kun findes i Storbritannien. Den britiske variant indeholder et s\u00e6rligt till\u00e6gsspil kaldet Millionaire Maker, som sikrer, at mindst \u00e9n britisk deltager bliver million\u00e6r ved hver tr\u00e6kning. Denne garanterede milliongevinst g\u00f8r britiske EuroMillions-billetter betydeligt dyrere end dem, der s\u00e6lges i resten af Europa. Alle, der er interesserede i den britiske version og dens s\u00e6rlige till\u00e6g, kan finde flere oplysninger p\u00e5 RedFoxLotto.<\/p>\n<p data-start=\"1903\" data-end=\"2328\">For spillere uden for de deltagende lande eller uden for EU kan det umiddelbart virke umuligt at deltage i EuroMillions EU. Internationale lotteritjenester har dog gjort det let at f\u00e5 adgang. Billetter k\u00f8bt af udenlandske spillere erhverves prim\u00e6rt i \u00d8strig, hvor lotteriets infrastruktur g\u00f8r det muligt for spillere fra hele verden at deltage lovligt i tr\u00e6kningerne og konkurrere om jackpotten \u2013 uanset geografisk placering.<\/p>\n<p data-start=\"2330\" data-end=\"2710\">N\u00e5r det kommer til jackpotst\u00f8rrelser, tilbyder EuroMillions EU b\u00e5de h\u00f8je minimums- og maksimumsbel\u00f8b for at holde spillet sp\u00e6ndende og spillerne engagerede. Minimumsjackpotten er \u20ac17 millioner \u2013 en sum, der i sig selv kan \u00e6ndre et liv. Jackpotgr\u00e6nsen har udviklet sig over tid og f\u00f8lger lotteriets stigende popularitet og spillerinteresse. I dag er gr\u00e6nsen sat til \u20ac250 millioner.<\/p>\n<p data-start=\"2712\" data-end=\"3023\">N\u00e5r jackpotten n\u00e5r \u20ac200 millioner, tr\u00e6der s\u00e6rlige regler i kraft. Den kan forblive p\u00e5 dette niveau (eller h\u00f8jere) i op til fire tr\u00e6kninger. Hvis ingen vinder jackpotten efter fjerde tr\u00e6kning, overf\u00f8res hele bel\u00f8bet til den n\u00e6sth\u00f8jeste gevinstkategori, hvilket muligg\u00f8r fordeling af pr\u00e6mien mellem flere vindere.<\/p>\n<p data-start=\"3025\" data-end=\"3271\">N\u00e5r jackpotgr\u00e6nsen p\u00e5 \u20ac250 millioner n\u00e5s, g\u00e6lder samme regel: bel\u00f8bet m\u00e5 forblive u\u00e6ndret i op til fire tr\u00e6kninger. Hvis ingen vinder inden den femte tr\u00e6kning, fordeles jackpotten igen, hvilket potentielt skaber flere million\u00e6rer ved \u00e9n tr\u00e6kning.<\/p>\n<p data-start=\"3273\" data-end=\"3591\">Disse overf\u00f8rselsmekanismer tilf\u00f8rer spillet et ekstra strategisk og dramatisk element. N\u00e5r jackpotten n\u00e6rmer sig sit maksimum, ses ofte en kraftig stigning i billetsalget som reaktion p\u00e5 spilleres begejstring og forventninger. De store pr\u00e6miesummer tiltr\u00e6kker ogs\u00e5 stor medieopm\u00e6rksomhed og \u00f8ger spillets popularitet.<\/p>\n<p data-start=\"3593\" data-end=\"3835\">Historisk set har EuroMillions skabt mange markante vindere i hele Europa, hvor personer er blevet multimillion\u00e6rer n\u00e6rmest over natten. Blandt de mest succesfulde regioner er \u00d8strig, som har en stor spillerbase og mange historiske gevinster.<\/p>\n<p data-start=\"3837\" data-end=\"4188\">Muligheden for global deltagelse kombineret med et gennemsigtigt og velfungerende pr\u00e6miesystem g\u00f8r EuroMillions EU til en yderst attraktiv mulighed for lotterispillere over hele verden. Dets brede tilstedev\u00e6relse i vigtige europ\u00e6iske lande betyder en kulturelt mangfoldig spillerbase, mens de kolossale jackpots tiltr\u00e6kker opm\u00e6rksomhed internationalt.<\/p>\n<p data-start=\"4190\" data-end=\"4525\">Spillere uden for Europa har fordel af p\u00e5lidelige lotteri-m\u00e6glingstjenester, der sikrer sikker og lovlig deltagelse. Disse tjenester k\u00f8ber fysiske billetter i \u00d8strig, scanner dem, uploader oplysningerne til spillernes konti og udbetaler gevinster direkte, hvilket g\u00f8r deltagelse nemt og bekvemt \u2013 uanset hvor i verden man befinder sig.<\/p>\n<p data-start=\"4527\" data-end=\"4911\">Alt i alt tilbyder EuroMillions EU med sin gennempr\u00f8vede struktur, klare regler og enorme pr\u00e6miesummer en vindende kombination for lotterispillere verden over. Den garanterede pr\u00e6miepulje p\u00e5 \u20ac17 millioner og sp\u00e6ndende jackpotgr\u00e6nser op til \u20ac250 millioner, kombineret med fleksible overf\u00f8rselsregler, skaber fortsat sp\u00e6nding og betydelige pr\u00e6mier for spillere i hele Europa og globalt.<\/p>\n","protected":false},"excerpt":{"rendered":"<p>EuroMillions EU er et af Europas st\u00f8rste og mest popul\u00e6re lotterier og tiltr\u00e6kker millioner af deltagere hver uge med sine livs\u00e6ndrende jackpots. Lotteriet, officielt kendt som den europ\u00e6iske version af EuroMillions, er s\u00e6rligt popul\u00e6rt i flere europ\u00e6iske lande, herunder Frankrig, Spanien, \u00d8strig, Belgien, Irland, Luxembourg, Portugal og Schweiz. EuroMillions blev oprindeligt lanceret den 13. februar [&hellip;]<\/p>\n","protected":false},"author":8,"featured_media":0,"parent":5002,"menu_order":4,"comment_status":"closed","ping_status":"closed","template":"euromillions-at-info.php","meta":{"_et_pb_use_builder":"","_et_pb_old_content":"","_et_gb_content_width":"","exclude_from_search":false,"footnotes":""},"class_list":["post-87637","page","type-page","status-publish","hentry"],"yoast_head":"<!-- This site is optimized with the Yoast SEO plugin v23.8 - https:\/\/yoast.com\/wordpress\/plugins\/seo\/ -->\n<title>K\u00f8b Euromillions-lodder online fra lande uden for EU<\/title>\n<meta name=\"description\" content=\"S\u00e5dan k\u00f8ber du Euromillions-lodder online til Storbritannien og EU-versionen af Euromillions. K\u00f8b kuponer hvor som helst, ogs\u00e5 uden for EU.\" \/>\n<meta name=\"robots\" content=\"index, follow, max-snippet:-1, max-image-preview:large, max-video-preview:-1\" \/>\n<link rel=\"canonical\" href=\"https:\/\/redfoxlotto.com\/da\/lotteri\/euromillions-eu\/\" \/>\n<meta property=\"og:locale\" content=\"da_DK\" \/>\n<meta property=\"og:type\" content=\"article\" \/>\n<meta property=\"og:title\" content=\"K\u00f8b Euromillions-lodder online fra lande uden for EU\" \/>\n<meta property=\"og:description\" content=\"S\u00e5dan k\u00f8ber du Euromillions-lodder online til Storbritannien og EU-versionen af Euromillions. K\u00f8b kuponer hvor som helst, ogs\u00e5 uden for EU.\" \/>\n<meta property=\"og:url\" content=\"https:\/\/redfoxlotto.com\/da\/lotteri\/euromillions-eu\/\" \/>\n<meta property=\"og:site_name\" content=\"Get Tickets for the World\u2019s largest jackpots\" \/>\n<meta property=\"article:modified_time\" content=\"2025-05-28T06:40:26+00:00\" \/>\n<meta property=\"og:image\" content=\"https:\/\/redfoxlotto.com\/wp-content\/uploads\/2023\/04\/powerball-draw-youtube1-300x300-1.jpg\" \/>\n<meta name=\"twitter:card\" content=\"summary_large_image\" \/>\n<meta name=\"twitter:label1\" content=\"Estimeret l\u00e6setid\" \/>\n\t<meta name=\"twitter:data1\" content=\"4 minutter\" \/>\n<script type=\"application\/ld+json\" class=\"yoast-schema-graph\">{\"@context\":\"https:\/\/schema.org\",\"@graph\":[{\"@type\":\"WebPage\",\"@id\":\"https:\/\/redfoxlotto.com\/da\/lotteri\/euromillions-eu\/\",\"url\":\"https:\/\/redfoxlotto.com\/da\/lotteri\/euromillions-eu\/\",\"name\":\"K\u00f8b Euromillions-lodder online fra lande uden for EU\",\"isPartOf\":{\"@id\":\"https:\/\/redfoxlotto.com\/da\/#website\"},\"primaryImageOfPage\":{\"@id\":\"https:\/\/redfoxlotto.com\/da\/lotteri\/euromillions-eu\/#primaryimage\"},\"image\":{\"@id\":\"https:\/\/redfoxlotto.com\/da\/lotteri\/euromillions-eu\/#primaryimage\"},\"thumbnailUrl\":\"https:\/\/redfoxlotto.com\/wp-content\/uploads\/2023\/04\/powerball-draw-youtube1-300x300-1.jpg\",\"datePublished\":\"2025-05-19T09:08:38+00:00\",\"dateModified\":\"2025-05-28T06:40:26+00:00\",\"description\":\"S\u00e5dan k\u00f8ber du Euromillions-lodder online til Storbritannien og EU-versionen af Euromillions. K\u00f8b kuponer hvor som helst, ogs\u00e5 uden for EU.\",\"breadcrumb\":{\"@id\":\"https:\/\/redfoxlotto.com\/da\/lotteri\/euromillions-eu\/#breadcrumb\"},\"inLanguage\":\"da-DK\",\"potentialAction\":[{\"@type\":\"ReadAction\",\"target\":[\"https:\/\/redfoxlotto.com\/da\/lotteri\/euromillions-eu\/\"]}]},{\"@type\":\"ImageObject\",\"inLanguage\":\"da-DK\",\"@id\":\"https:\/\/redfoxlotto.com\/da\/lotteri\/euromillions-eu\/#primaryimage\",\"url\":\"https:\/\/redfoxlotto.com\/wp-content\/uploads\/2023\/04\/powerball-draw-youtube1-300x300-1.jpg\",\"contentUrl\":\"https:\/\/redfoxlotto.com\/wp-content\/uploads\/2023\/04\/powerball-draw-youtube1-300x300-1.jpg\"},{\"@type\":\"BreadcrumbList\",\"@id\":\"https:\/\/redfoxlotto.com\/da\/lotteri\/euromillions-eu\/#breadcrumb\",\"itemListElement\":[{\"@type\":\"ListItem\",\"position\":1,\"name\":\"Home\",\"item\":\"https:\/\/redfoxlotto.com\/da\/\"},{\"@type\":\"ListItem\",\"position\":2,\"name\":\"S\u00e5dan k\u00f8ber du online lottokuponer \u2013 k\u00f8bsprocessen\",\"item\":\"https:\/\/redfoxlotto.com\/da\/lotteri\/\"},{\"@type\":\"ListItem\",\"position\":3,\"name\":\"Om Euromillions EU\"}]},{\"@type\":\"WebSite\",\"@id\":\"https:\/\/redfoxlotto.com\/da\/#website\",\"url\":\"https:\/\/redfoxlotto.com\/da\/\",\"name\":\"Get Tickets for the World\u2019s largest jackpots\",\"description\":\"Participate in worldwide lottery jackpots from any country\",\"publisher\":{\"@id\":\"https:\/\/redfoxlotto.com\/da\/#organization\"},\"potentialAction\":[{\"@type\":\"SearchAction\",\"target\":{\"@type\":\"EntryPoint\",\"urlTemplate\":\"https:\/\/redfoxlotto.com\/da\/?s={search_term_string}\"},\"query-input\":{\"@type\":\"PropertyValueSpecification\",\"valueRequired\":true,\"valueName\":\"search_term_string\"}}],\"inLanguage\":\"da-DK\"},{\"@type\":\"Organization\",\"@id\":\"https:\/\/redfoxlotto.com\/da\/#organization\",\"name\":\"Get Tickets for the World\u2019s largest jackpots\",\"url\":\"https:\/\/redfoxlotto.com\/da\/\",\"logo\":{\"@type\":\"ImageObject\",\"inLanguage\":\"da-DK\",\"@id\":\"https:\/\/redfoxlotto.com\/da\/#\/schema\/logo\/image\/\",\"url\":\"https:\/\/redfoxlotto.com\/wp-content\/uploads\/2023\/04\/logo.png\",\"contentUrl\":\"https:\/\/redfoxlotto.com\/wp-content\/uploads\/2023\/04\/logo.png\",\"width\":269,\"height\":53,\"caption\":\"Get Tickets for the World\u2019s largest jackpots\"},\"image\":{\"@id\":\"https:\/\/redfoxlotto.com\/da\/#\/schema\/logo\/image\/\"}}]}<\/script>\n<!-- \/ Yoast SEO plugin. -->","yoast_head_json":{"title":"K\u00f8b Euromillions-lodder online fra lande uden for EU","description":"S\u00e5dan k\u00f8ber du Euromillions-lodder online til Storbritannien og EU-versionen af Euromillions. K\u00f8b kuponer hvor som helst, ogs\u00e5 uden for EU.","robots":{"index":"index","follow":"follow","max-snippet":"max-snippet:-1","max-image-preview":"max-image-preview:large","max-video-preview":"max-video-preview:-1"},"canonical":"https:\/\/redfoxlotto.com\/da\/lotteri\/euromillions-eu\/","og_locale":"da_DK","og_type":"article","og_title":"K\u00f8b Euromillions-lodder online fra lande uden for EU","og_description":"S\u00e5dan k\u00f8ber du Euromillions-lodder online til Storbritannien og EU-versionen af Euromillions. K\u00f8b kuponer hvor som helst, ogs\u00e5 uden for EU.","og_url":"https:\/\/redfoxlotto.com\/da\/lotteri\/euromillions-eu\/","og_site_name":"Get Tickets for the World\u2019s largest jackpots","article_modified_time":"2025-05-28T06:40:26+00:00","og_image":[{"url":"https:\/\/redfoxlotto.com\/wp-content\/uploads\/2023\/04\/powerball-draw-youtube1-300x300-1.jpg"}],"twitter_card":"summary_large_image","twitter_misc":{"Estimeret l\u00e6setid":"4 minutter"},"schema":{"@context":"https:\/\/schema.org","@graph":[{"@type":"WebPage","@id":"https:\/\/redfoxlotto.com\/da\/lotteri\/euromillions-eu\/","url":"https:\/\/redfoxlotto.com\/da\/lotteri\/euromillions-eu\/","name":"K\u00f8b Euromillions-lodder online fra lande uden for EU","isPartOf":{"@id":"https:\/\/redfoxlotto.com\/da\/#website"},"primaryImageOfPage":{"@id":"https:\/\/redfoxlotto.com\/da\/lotteri\/euromillions-eu\/#primaryimage"},"image":{"@id":"https:\/\/redfoxlotto.com\/da\/lotteri\/euromillions-eu\/#primaryimage"},"thumbnailUrl":"https:\/\/redfoxlotto.com\/wp-content\/uploads\/2023\/04\/powerball-draw-youtube1-300x300-1.jpg","datePublished":"2025-05-19T09:08:38+00:00","dateModified":"2025-05-28T06:40:26+00:00","description":"S\u00e5dan k\u00f8ber du Euromillions-lodder online til Storbritannien og EU-versionen af Euromillions. K\u00f8b kuponer hvor som helst, ogs\u00e5 uden for EU.","breadcrumb":{"@id":"https:\/\/redfoxlotto.com\/da\/lotteri\/euromillions-eu\/#breadcrumb"},"inLanguage":"da-DK","potentialAction":[{"@type":"ReadAction","target":["https:\/\/redfoxlotto.com\/da\/lotteri\/euromillions-eu\/"]}]},{"@type":"ImageObject","inLanguage":"da-DK","@id":"https:\/\/redfoxlotto.com\/da\/lotteri\/euromillions-eu\/#primaryimage","url":"https:\/\/redfoxlotto.com\/wp-content\/uploads\/2023\/04\/powerball-draw-youtube1-300x300-1.jpg","contentUrl":"https:\/\/redfoxlotto.com\/wp-content\/uploads\/2023\/04\/powerball-draw-youtube1-300x300-1.jpg"},{"@type":"BreadcrumbList","@id":"https:\/\/redfoxlotto.com\/da\/lotteri\/euromillions-eu\/#breadcrumb","itemListElement":[{"@type":"ListItem","position":1,"name":"Home","item":"https:\/\/redfoxlotto.com\/da\/"},{"@type":"ListItem","position":2,"name":"S\u00e5dan k\u00f8ber du online lottokuponer \u2013 k\u00f8bsprocessen","item":"https:\/\/redfoxlotto.com\/da\/lotteri\/"},{"@type":"ListItem","position":3,"name":"Om Euromillions EU"}]},{"@type":"WebSite","@id":"https:\/\/redfoxlotto.com\/da\/#website","url":"https:\/\/redfoxlotto.com\/da\/","name":"Get Tickets for the World\u2019s largest jackpots","description":"Participate in worldwide lottery jackpots from any country","publisher":{"@id":"https:\/\/redfoxlotto.com\/da\/#organization"},"potentialAction":[{"@type":"SearchAction","target":{"@type":"EntryPoint","urlTemplate":"https:\/\/redfoxlotto.com\/da\/?s={search_term_string}"},"query-input":{"@type":"PropertyValueSpecification","valueRequired":true,"valueName":"search_term_string"}}],"inLanguage":"da-DK"},{"@type":"Organization","@id":"https:\/\/redfoxlotto.com\/da\/#organization","name":"Get Tickets for the World\u2019s largest jackpots","url":"https:\/\/redfoxlotto.com\/da\/","logo":{"@type":"ImageObject","inLanguage":"da-DK","@id":"https:\/\/redfoxlotto.com\/da\/#\/schema\/logo\/image\/","url":"https:\/\/redfoxlotto.com\/wp-content\/uploads\/2023\/04\/logo.png","contentUrl":"https:\/\/redfoxlotto.com\/wp-content\/uploads\/2023\/04\/logo.png","width":269,"height":53,"caption":"Get Tickets for the World\u2019s largest jackpots"},"image":{"@id":"https:\/\/redfoxlotto.com\/da\/#\/schema\/logo\/image\/"}}]}},"_links":{"self":[{"href":"https:\/\/redfoxlotto.com\/da\/wp-json\/wp\/v2\/pages\/87637","targetHints":{"allow":["GET"]}}],"collection":[{"href":"https:\/\/redfoxlotto.com\/da\/wp-json\/wp\/v2\/pages"}],"about":[{"href":"https:\/\/redfoxlotto.com\/da\/wp-json\/wp\/v2\/types\/page"}],"author":[{"embeddable":true,"href":"https:\/\/redfoxlotto.com\/da\/wp-json\/wp\/v2\/users\/8"}],"replies":[{"embeddable":true,"href":"https:\/\/redfoxlotto.com\/da\/wp-json\/wp\/v2\/comments?post=87637"}],"version-history":[{"count":0,"href":"https:\/\/redfoxlotto.com\/da\/wp-json\/wp\/v2\/pages\/87637\/revisions"}],"up":[{"embeddable":true,"href":"https:\/\/redfoxlotto.com\/da\/wp-json\/wp\/v2\/pages\/5002"}],"wp:attachment":[{"href":"https:\/\/redfoxlotto.com\/da\/wp-json\/wp\/v2\/media?parent=87637"}],"curies":[{"name":"wp","href":"https:\/\/api.w.org\/{rel}","templated":true}]}}