{"id":87575,"date":"2025-05-19T09:07:38","date_gmt":"2025-05-19T09:07:38","guid":{"rendered":"https:\/\/redfoxlotto.com\/?page_id=87575"},"modified":"2025-12-17T06:35:58","modified_gmt":"2025-12-17T06:35:58","slug":"euromillions-eu","status":"publish","type":"page","link":"https:\/\/redfoxlotto.com\/da\/spil\/euromillions-eu\/","title":{"rendered":"Spil Euromillions i EU"},"content":{"rendered":"<p><script type=\"application\/ld+json\">\n{\n  \"@context\": \"https:\/\/schema.org\",\n  \"@type\": \"Service\",\n  \"name\": \"Spil Euromillions Online\",\n  \"url\": \"https:\/\/redfoxlotto.com\/da\/spil\/euromillions\/\",\n  \"description\": \"Spil Euromillions online fra ethvert land. Bes\u00f8g RedFoxLotto, v\u00e6lg dine numre og f\u00e5 dine billetter.\",\n  \"serviceType\": \"Online lottery ticket messenger service\",\n  \"provider\": {\n    \"@type\": \"Organization\",\n    \"name\": \"RedFoxLotto\",\n    \"url\": \"https:\/\/redfoxlotto.com\/da\/\",\n    \"image\": \"https:\/\/redfoxlotto.com\/wp-content\/uploads\/2025\/12\/ticket_scans.jpg\",\n    \"sameAs\": []\n  },\n  \"areaServed\": \"Worldwide\",\n  \"termsOfService\": \"https:\/\/redfoxlotto.com\/terms-and-conditions\",\n  \"additionalProperty\": {\n    \"@type\": \"PropertyValue\",\n    \"name\": \"FAQ\",\n    \"value\": \"https:\/\/redfoxlotto.com\/da\/faq\/\"\n  },\n  \"hasOfferCatalog\": {\n    \"@type\": \"OfferCatalog\",\n    \"name\": \"Euromillions Lottobilletter\",\n    \"itemListElement\": [\n      {\n        \"@type\": \"Offer\",\n        \"name\": \"Euromillions Billetter\",\n        \"url\": \"https:\/\/redfoxlotto.com\/da\/spil\/euromillions\/\",\n        \"description\": \"Klik her for at v\u00e6lge dine numre til n\u00e6ste Euromillions tr\u00e6kning \u2013 bestil dine billetter online.\",\n        \"price\": \"7.00\",\n        \"priceCurrency\": \"EUR\",\n        \"availability\": \"https:\/\/schema.org\/InStock\",\n        \"itemOffered\": {\n          \"@type\": \"Service\",\n          \"name\": \"Euromillions Lottobilletter\",\n          \"description\": \"Spil i n\u00e6ste Euromillions tr\u00e6kning gennem RedFoxLotto.\"\n        }\n      }\n    ]\n  },\n  \"mainEntityOfPage\": {\n    \"@type\": \"WebPage\",\n    \"@id\": \"https:\/\/redfoxlotto.com\/da\/spil\/euromillions\/\"\n  }\n}\n<\/script><\/p>\n<p><img loading=\"lazy\" decoding=\"async\" class=\" wp-image-67116 alignleft\" src=\"https:\/\/redfoxlotto.com\/wp-content\/uploads\/2024\/03\/Balls-300x300.png\" alt=\"euromillions austria\" width=\"244\" height=\"244\" \/><\/p>\n<h2 data-start=\"38\" data-end=\"89\">Introduktion: Hvad er EuroMillions EU (\u00d8strig)?<\/h2>\n<p data-start=\"91\" data-end=\"330\">EuroMillions EU (\u00d8strig) er et af Europas mest popul\u00e6re og mest lukrative lotterier. Det blev lanceret i 2004 og spilles officielt i ni europ\u00e6iske lande: Frankrig, Spanien, \u00d8strig, Belgien, Irland, Luxembourg, Portugal, Schweiz og Andorra.<\/p>\n<p data-start=\"332\" data-end=\"612\">Men hvad hvis du ikke bor i Europa, eller i et land der deltager i EuroMillions? Kan du stadig v\u00e6re med og f\u00e5 chancen for at vinde en livs\u00e6ndrende jackpot? Svaret er ja \u2013 du kan k\u00f8be EuroMillions EU (\u00d8strig)-lodder online via RedFoxLotto.com, uanset hvor i verden du befinder dig.<\/p>\n<h2 data-start=\"614\" data-end=\"666\">S\u00e5dan spiller du EuroMillions online uden for EU<\/h2>\n<p data-start=\"668\" data-end=\"845\">Hvis dit land ikke deltager, kan du ikke k\u00f8be lodder i en lokal butik. Heldigvis g\u00f8r tjenester som RedFoxLotto det muligt at k\u00f8be \u00e6gte lodder gennem en mellemmand. S\u00e5dan g\u00f8r du:<\/p>\n<ol data-start=\"847\" data-end=\"1125\">\n<li data-start=\"847\" data-end=\"878\">\n<p data-start=\"850\" data-end=\"878\">G\u00e5 til <a class=\"\" href=\"http:\/\/www.RedFoxLotto.com\" target=\"_new\" rel=\"noopener\" data-start=\"857\" data-end=\"876\">www.RedFoxLotto.com<\/a><\/p>\n<\/li>\n<li data-start=\"879\" data-end=\"924\">\n<p data-start=\"882\" data-end=\"924\">V\u00e6lg EuroMillions EU (\u00d8strig)-tr\u00e6kningen<\/p>\n<\/li>\n<li data-start=\"925\" data-end=\"980\">\n<p data-start=\"928\" data-end=\"980\">V\u00e6lg dine numre eller brug &#8220;Quick Pick&#8221;-funktionen<\/p>\n<\/li>\n<li data-start=\"981\" data-end=\"1059\">\n<p data-start=\"984\" data-end=\"1059\">Afslut din ordre \u2013 en lokal agent i \u00d8strig k\u00f8ber en fysisk billet for dig<\/p>\n<\/li>\n<li data-start=\"1060\" data-end=\"1125\">\n<p data-start=\"1063\" data-end=\"1125\">En scannet kopi af din billet uploades til din konto som bevis<\/p>\n<\/li>\n<\/ol>\n<p data-start=\"1127\" data-end=\"1293\">Det er 100 % lovligt og en sikker m\u00e5de at deltage i den officielle EU-version af EuroMillions (\u00d8strig) p\u00e5, uanset om du bor i Asien, Afrika, Amerika eller Australien.<\/p>\n<h2 data-start=\"1295\" data-end=\"1356\">Forskelle mellem EuroMillions EU (\u00d8strig) og UK-versionen<\/h2>\n<p data-start=\"1358\" data-end=\"1489\">Der findes to separate spil: EuroMillions EU og UK EuroMillions. Begge tilh\u00f8rer EuroMillions-familien, men de fungerer forskelligt.<\/p>\n<p data-start=\"1491\" data-end=\"1662\">UK-lodder er dyrere, prim\u00e6rt fordi de inkluderer et ekstra spil kaldet &#8220;Millionaire Maker&#8221;, som garanterer at mindst \u00e9n britisk deltager vinder \u00a31 million i hver tr\u00e6kning.<\/p>\n<p data-start=\"1664\" data-end=\"1781\">Den britiske version har ogs\u00e5 en anden udbetalingsstruktur og p\u00e5virkes af valutakurser og regulatoriske omkostninger.<\/p>\n<p data-start=\"1783\" data-end=\"2020\">Hvis du spiller via RedFoxLotto, deltager du i EU-versionen (\u00d8strig), ikke den britiske tr\u00e6kning. \u00d8strig-versionen har ikke Millionaire Maker, hvilket holder prisen lavere og spillet enklere. Billetter til UK-versionen f\u00e5s et andet sted.<\/p>\n<h2 data-start=\"2022\" data-end=\"2052\">Hvor bliver lodderne k\u00f8bt?<\/h2>\n<p data-start=\"2054\" data-end=\"2194\">Alle EuroMillions EU-lodder k\u00f8bt via RedFoxLotto bliver fysisk k\u00f8bt i \u00d8strig \u2013 et officielt deltagerland i spillet og en ideel base for k\u00f8b.<\/p>\n<h2 data-start=\"2196\" data-end=\"2215\">Hvorfor \u00d8strig?<\/h2>\n<p data-start=\"2217\" data-end=\"2359\">\u00d8strig er medlem af EU og giver adgang til den originale EuroMillions EU-tr\u00e6kning. Lodder er underlagt strenge regler og fuld gennemsigtighed.<\/p>\n<p data-start=\"2361\" data-end=\"2549\">Gevinster er ikke skattepligtige i \u00d8strig (p.t.), hvilket er en stor fordel for udenlandske spillere. N\u00e5r din billet er k\u00f8bt, tilf\u00f8jes en scannet kopi til din konto som bevis og sikkerhed.<\/p>\n<h2 data-start=\"2551\" data-end=\"2595\">Jackpot-information: Minimum og maksimum<\/h2>\n<p data-start=\"2597\" data-end=\"2699\">En stor grund til, at spillere over hele verden vil spille EuroMillions online, er de enorme jackpots.<\/p>\n<p data-start=\"2701\" data-end=\"2720\">S\u00e5dan fungerer det:<\/p>\n<ul data-start=\"2722\" data-end=\"2800\">\n<li data-start=\"2722\" data-end=\"2756\">\n<p data-start=\"2724\" data-end=\"2756\">Minimum jackpot: \u20ac17 millioner<\/p>\n<\/li>\n<li data-start=\"2757\" data-end=\"2800\">\n<p data-start=\"2759\" data-end=\"2800\">Maksimum jackpot (loft): \u20ac250 millioner<\/p>\n<\/li>\n<\/ul>\n<p data-start=\"2802\" data-end=\"2864\">Hvis ingen vinder, ruller jackpotten videre og vokser hurtigt.<\/p>\n<h2 data-start=\"2866\" data-end=\"2919\">Hvad sker der, n\u00e5r jackpotten n\u00e5r \u20ac200 millioner?<\/h2>\n<p data-start=\"2921\" data-end=\"2972\">N\u00e5r pr\u00e6miepuljen n\u00e5r \u20ac200 millioner, sker f\u00f8lgende:<\/p>\n<ul data-start=\"2974\" data-end=\"3077\">\n<li data-start=\"2974\" data-end=\"3019\">\n<p data-start=\"2976\" data-end=\"3019\">Jackpotten stiger i trin af \u20ac10 millioner<\/p>\n<\/li>\n<li data-start=\"3020\" data-end=\"3077\">\n<p data-start=\"3022\" data-end=\"3077\">Dette forts\u00e6tter, indtil loftet p\u00e5 \u20ac250 millioner n\u00e5s<\/p>\n<\/li>\n<\/ul>\n<h2 data-start=\"3079\" data-end=\"3116\">Hvad sker der ved \u20ac250 millioner?<\/h2>\n<p data-start=\"3118\" data-end=\"3297\">N\u00e5r jackpotten n\u00e5r \u20ac250 millioner, kan den forblive p\u00e5 dette niveau i op til fire tr\u00e6kninger. Hvis ingen vinder i den periode, fordeles pr\u00e6mien til vindere p\u00e5 n\u00e6ste gevinstniveau.<\/p>\n<p data-start=\"3299\" data-end=\"3403\">Disse regler g\u00f8r EuroMillions EU (\u00d8strig) til et af verdens mest sp\u00e6ndende og spiller-venlige lotterier.<\/p>\n<h2 data-start=\"3405\" data-end=\"3455\">Hvorfor spille EuroMillions EU (\u00d8strig) online<\/h2>\n<p data-start=\"3457\" data-end=\"3533\">Der er mange gode grunde til at spille online \u2013 is\u00e6r hvis du er uden for EU:<\/p>\n<ul data-start=\"3535\" data-end=\"3802\">\n<li data-start=\"3535\" data-end=\"3598\">\n<p data-start=\"3537\" data-end=\"3598\">Global tilg\u00e6ngelighed: Alle kan deltage, uanset hvor de bor<\/p>\n<\/li>\n<li data-start=\"3599\" data-end=\"3662\">\n<p data-start=\"3601\" data-end=\"3662\">Bekvemmelighed: K\u00f8b billetter n\u00e5r som helst, hvor som helst<\/p>\n<\/li>\n<li data-start=\"3663\" data-end=\"3692\">\n<p data-start=\"3665\" data-end=\"3692\">Digitalt bevis for billet<\/p>\n<\/li>\n<li data-start=\"3693\" data-end=\"3760\">\n<p data-start=\"3695\" data-end=\"3760\">Skattefordele: Gevinster er skattefrie i visse lande som \u00d8strig<\/p>\n<\/li>\n<li data-start=\"3761\" data-end=\"3802\">\n<p data-start=\"3763\" data-end=\"3802\">K\u00e6mpe jackpots: Op til \u20ac250 millioner<\/p>\n<\/li>\n<\/ul>\n<h2 data-start=\"3804\" data-end=\"3826\">Afsluttende tanker<\/h2>\n<p data-start=\"3828\" data-end=\"4023\">Du beh\u00f8ver ikke bo i Frankrig, Spanien eller Portugal for at spille EuroMillions EU (\u00d8strig). I dag kan du spille fra hele verden via internettet og f\u00e5 chancen for at vinde rekordstore gevinster.<\/p>\n<p data-start=\"4025\" data-end=\"4246\">Uanset om du dr\u00f8mmer om at blive Europas n\u00e6ste million\u00e6r eller bare elsker sp\u00e6ndingen, er det nemt at komme i gang p\u00e5 RedFoxLotto.com. V\u00e6lg dine heldige numre og spil online i dag \u2013 m\u00e5ske bliver du den n\u00e6ste store vinder!<\/p>\n","protected":false},"excerpt":{"rendered":"<p>Introduktion: Hvad er EuroMillions EU (\u00d8strig)? EuroMillions EU (\u00d8strig) er et af Europas mest popul\u00e6re og mest lukrative lotterier. Det blev lanceret i 2004 og spilles officielt i ni europ\u00e6iske lande: Frankrig, Spanien, \u00d8strig, Belgien, Irland, Luxembourg, Portugal, Schweiz og Andorra. Men hvad hvis du ikke bor i Europa, eller i et land der deltager [&hellip;]<\/p>\n","protected":false},"author":8,"featured_media":0,"parent":5020,"menu_order":4,"comment_status":"closed","ping_status":"closed","template":"euromillions-at.php","meta":{"_et_pb_use_builder":"","_et_pb_old_content":"","_et_gb_content_width":"","exclude_from_search":false,"footnotes":""},"class_list":["post-87575","page","type-page","status-publish","hentry"],"yoast_head":"<!-- This site is optimized with the Yoast SEO plugin v23.8 - https:\/\/yoast.com\/wordpress\/plugins\/seo\/ -->\n<title>Spil Euromillions online fra lande uden for EU<\/title>\n<meta name=\"description\" content=\"S\u00e5dan spiller du Euromillions online fra lande uden for EU, eller hvis dit land ikke deltager i Euromillions\" \/>\n<meta name=\"robots\" content=\"index, follow, max-snippet:-1, max-image-preview:large, max-video-preview:-1\" \/>\n<link rel=\"canonical\" href=\"https:\/\/redfoxlotto.com\/da\/spil\/euromillions-eu\/\" \/>\n<meta property=\"og:locale\" content=\"da_DK\" \/>\n<meta property=\"og:type\" content=\"article\" \/>\n<meta property=\"og:title\" content=\"Spil Euromillions online fra lande uden for EU\" \/>\n<meta property=\"og:description\" content=\"S\u00e5dan spiller du Euromillions online fra lande uden for EU, eller hvis dit land ikke deltager i Euromillions\" \/>\n<meta property=\"og:url\" content=\"https:\/\/redfoxlotto.com\/da\/spil\/euromillions-eu\/\" \/>\n<meta property=\"og:site_name\" content=\"Get Tickets for the World\u2019s largest jackpots\" \/>\n<meta property=\"article:modified_time\" content=\"2025-12-17T06:35:58+00:00\" \/>\n<meta property=\"og:image\" content=\"https:\/\/redfoxlotto.com\/wp-content\/uploads\/2024\/03\/Balls-300x300.png\" \/>\n<meta name=\"twitter:card\" content=\"summary_large_image\" \/>\n<meta name=\"twitter:label1\" content=\"Estimeret l\u00e6setid\" \/>\n\t<meta name=\"twitter:data1\" content=\"3 minutter\" \/>\n<script type=\"application\/ld+json\" class=\"yoast-schema-graph\">{\"@context\":\"https:\/\/schema.org\",\"@graph\":[{\"@type\":\"WebPage\",\"@id\":\"https:\/\/redfoxlotto.com\/da\/spil\/euromillions-eu\/\",\"url\":\"https:\/\/redfoxlotto.com\/da\/spil\/euromillions-eu\/\",\"name\":\"Spil Euromillions online fra lande uden for EU\",\"isPartOf\":{\"@id\":\"https:\/\/redfoxlotto.com\/da\/#website\"},\"primaryImageOfPage\":{\"@id\":\"https:\/\/redfoxlotto.com\/da\/spil\/euromillions-eu\/#primaryimage\"},\"image\":{\"@id\":\"https:\/\/redfoxlotto.com\/da\/spil\/euromillions-eu\/#primaryimage\"},\"thumbnailUrl\":\"https:\/\/redfoxlotto.com\/wp-content\/uploads\/2024\/03\/Balls-300x300.png\",\"datePublished\":\"2025-05-19T09:07:38+00:00\",\"dateModified\":\"2025-12-17T06:35:58+00:00\",\"description\":\"S\u00e5dan spiller du Euromillions online fra lande uden for EU, eller hvis dit land ikke deltager i Euromillions\",\"breadcrumb\":{\"@id\":\"https:\/\/redfoxlotto.com\/da\/spil\/euromillions-eu\/#breadcrumb\"},\"inLanguage\":\"da-DK\",\"potentialAction\":[{\"@type\":\"ReadAction\",\"target\":[\"https:\/\/redfoxlotto.com\/da\/spil\/euromillions-eu\/\"]}]},{\"@type\":\"ImageObject\",\"inLanguage\":\"da-DK\",\"@id\":\"https:\/\/redfoxlotto.com\/da\/spil\/euromillions-eu\/#primaryimage\",\"url\":\"https:\/\/redfoxlotto.com\/wp-content\/uploads\/2024\/03\/Balls-300x300.png\",\"contentUrl\":\"https:\/\/redfoxlotto.com\/wp-content\/uploads\/2024\/03\/Balls-300x300.png\"},{\"@type\":\"BreadcrumbList\",\"@id\":\"https:\/\/redfoxlotto.com\/da\/spil\/euromillions-eu\/#breadcrumb\",\"itemListElement\":[{\"@type\":\"ListItem\",\"position\":1,\"name\":\"Home\",\"item\":\"https:\/\/redfoxlotto.com\/da\/\"},{\"@type\":\"ListItem\",\"position\":2,\"name\":\"S\u00e5dan spiller du lotto fra andre lande\",\"item\":\"https:\/\/redfoxlotto.com\/da\/spil\/\"},{\"@type\":\"ListItem\",\"position\":3,\"name\":\"Spil Euromillions i EU\"}]},{\"@type\":\"WebSite\",\"@id\":\"https:\/\/redfoxlotto.com\/da\/#website\",\"url\":\"https:\/\/redfoxlotto.com\/da\/\",\"name\":\"Get Tickets for the World\u2019s largest jackpots\",\"description\":\"Participate in worldwide lottery jackpots from any country\",\"publisher\":{\"@id\":\"https:\/\/redfoxlotto.com\/da\/#organization\"},\"potentialAction\":[{\"@type\":\"SearchAction\",\"target\":{\"@type\":\"EntryPoint\",\"urlTemplate\":\"https:\/\/redfoxlotto.com\/da\/?s={search_term_string}\"},\"query-input\":{\"@type\":\"PropertyValueSpecification\",\"valueRequired\":true,\"valueName\":\"search_term_string\"}}],\"inLanguage\":\"da-DK\"},{\"@type\":\"Organization\",\"@id\":\"https:\/\/redfoxlotto.com\/da\/#organization\",\"name\":\"Get Tickets for the World\u2019s largest jackpots\",\"url\":\"https:\/\/redfoxlotto.com\/da\/\",\"logo\":{\"@type\":\"ImageObject\",\"inLanguage\":\"da-DK\",\"@id\":\"https:\/\/redfoxlotto.com\/da\/#\/schema\/logo\/image\/\",\"url\":\"https:\/\/redfoxlotto.com\/wp-content\/uploads\/2023\/04\/logo.png\",\"contentUrl\":\"https:\/\/redfoxlotto.com\/wp-content\/uploads\/2023\/04\/logo.png\",\"width\":269,\"height\":53,\"caption\":\"Get Tickets for the World\u2019s largest jackpots\"},\"image\":{\"@id\":\"https:\/\/redfoxlotto.com\/da\/#\/schema\/logo\/image\/\"}}]}<\/script>\n<!-- \/ Yoast SEO plugin. -->","yoast_head_json":{"title":"Spil Euromillions online fra lande uden for EU","description":"S\u00e5dan spiller du Euromillions online fra lande uden for EU, eller hvis dit land ikke deltager i Euromillions","robots":{"index":"index","follow":"follow","max-snippet":"max-snippet:-1","max-image-preview":"max-image-preview:large","max-video-preview":"max-video-preview:-1"},"canonical":"https:\/\/redfoxlotto.com\/da\/spil\/euromillions-eu\/","og_locale":"da_DK","og_type":"article","og_title":"Spil Euromillions online fra lande uden for EU","og_description":"S\u00e5dan spiller du Euromillions online fra lande uden for EU, eller hvis dit land ikke deltager i Euromillions","og_url":"https:\/\/redfoxlotto.com\/da\/spil\/euromillions-eu\/","og_site_name":"Get Tickets for the World\u2019s largest jackpots","article_modified_time":"2025-12-17T06:35:58+00:00","og_image":[{"url":"https:\/\/redfoxlotto.com\/wp-content\/uploads\/2024\/03\/Balls-300x300.png"}],"twitter_card":"summary_large_image","twitter_misc":{"Estimeret l\u00e6setid":"3 minutter"},"schema":{"@context":"https:\/\/schema.org","@graph":[{"@type":"WebPage","@id":"https:\/\/redfoxlotto.com\/da\/spil\/euromillions-eu\/","url":"https:\/\/redfoxlotto.com\/da\/spil\/euromillions-eu\/","name":"Spil Euromillions online fra lande uden for EU","isPartOf":{"@id":"https:\/\/redfoxlotto.com\/da\/#website"},"primaryImageOfPage":{"@id":"https:\/\/redfoxlotto.com\/da\/spil\/euromillions-eu\/#primaryimage"},"image":{"@id":"https:\/\/redfoxlotto.com\/da\/spil\/euromillions-eu\/#primaryimage"},"thumbnailUrl":"https:\/\/redfoxlotto.com\/wp-content\/uploads\/2024\/03\/Balls-300x300.png","datePublished":"2025-05-19T09:07:38+00:00","dateModified":"2025-12-17T06:35:58+00:00","description":"S\u00e5dan spiller du Euromillions online fra lande uden for EU, eller hvis dit land ikke deltager i Euromillions","breadcrumb":{"@id":"https:\/\/redfoxlotto.com\/da\/spil\/euromillions-eu\/#breadcrumb"},"inLanguage":"da-DK","potentialAction":[{"@type":"ReadAction","target":["https:\/\/redfoxlotto.com\/da\/spil\/euromillions-eu\/"]}]},{"@type":"ImageObject","inLanguage":"da-DK","@id":"https:\/\/redfoxlotto.com\/da\/spil\/euromillions-eu\/#primaryimage","url":"https:\/\/redfoxlotto.com\/wp-content\/uploads\/2024\/03\/Balls-300x300.png","contentUrl":"https:\/\/redfoxlotto.com\/wp-content\/uploads\/2024\/03\/Balls-300x300.png"},{"@type":"BreadcrumbList","@id":"https:\/\/redfoxlotto.com\/da\/spil\/euromillions-eu\/#breadcrumb","itemListElement":[{"@type":"ListItem","position":1,"name":"Home","item":"https:\/\/redfoxlotto.com\/da\/"},{"@type":"ListItem","position":2,"name":"S\u00e5dan spiller du lotto fra andre lande","item":"https:\/\/redfoxlotto.com\/da\/spil\/"},{"@type":"ListItem","position":3,"name":"Spil Euromillions i EU"}]},{"@type":"WebSite","@id":"https:\/\/redfoxlotto.com\/da\/#website","url":"https:\/\/redfoxlotto.com\/da\/","name":"Get Tickets for the World\u2019s largest jackpots","description":"Participate in worldwide lottery jackpots from any country","publisher":{"@id":"https:\/\/redfoxlotto.com\/da\/#organization"},"potentialAction":[{"@type":"SearchAction","target":{"@type":"EntryPoint","urlTemplate":"https:\/\/redfoxlotto.com\/da\/?s={search_term_string}"},"query-input":{"@type":"PropertyValueSpecification","valueRequired":true,"valueName":"search_term_string"}}],"inLanguage":"da-DK"},{"@type":"Organization","@id":"https:\/\/redfoxlotto.com\/da\/#organization","name":"Get Tickets for the World\u2019s largest jackpots","url":"https:\/\/redfoxlotto.com\/da\/","logo":{"@type":"ImageObject","inLanguage":"da-DK","@id":"https:\/\/redfoxlotto.com\/da\/#\/schema\/logo\/image\/","url":"https:\/\/redfoxlotto.com\/wp-content\/uploads\/2023\/04\/logo.png","contentUrl":"https:\/\/redfoxlotto.com\/wp-content\/uploads\/2023\/04\/logo.png","width":269,"height":53,"caption":"Get Tickets for the World\u2019s largest jackpots"},"image":{"@id":"https:\/\/redfoxlotto.com\/da\/#\/schema\/logo\/image\/"}}]}},"_links":{"self":[{"href":"https:\/\/redfoxlotto.com\/da\/wp-json\/wp\/v2\/pages\/87575","targetHints":{"allow":["GET"]}}],"collection":[{"href":"https:\/\/redfoxlotto.com\/da\/wp-json\/wp\/v2\/pages"}],"about":[{"href":"https:\/\/redfoxlotto.com\/da\/wp-json\/wp\/v2\/types\/page"}],"author":[{"embeddable":true,"href":"https:\/\/redfoxlotto.com\/da\/wp-json\/wp\/v2\/users\/8"}],"replies":[{"embeddable":true,"href":"https:\/\/redfoxlotto.com\/da\/wp-json\/wp\/v2\/comments?post=87575"}],"version-history":[{"count":0,"href":"https:\/\/redfoxlotto.com\/da\/wp-json\/wp\/v2\/pages\/87575\/revisions"}],"up":[{"embeddable":true,"href":"https:\/\/redfoxlotto.com\/da\/wp-json\/wp\/v2\/pages\/5020"}],"wp:attachment":[{"href":"https:\/\/redfoxlotto.com\/da\/wp-json\/wp\/v2\/media?parent=87575"}],"curies":[{"name":"wp","href":"https:\/\/api.w.org\/{rel}","templated":true}]}}