{"id":87075,"date":"2025-05-16T10:39:54","date_gmt":"2025-05-16T10:39:54","guid":{"rendered":"https:\/\/redfoxlotto.com\/?page_id=87075"},"modified":"2025-05-17T21:42:41","modified_gmt":"2025-05-17T21:42:41","slug":"diamond-keno-vindertal","status":"publish","type":"page","link":"https:\/\/redfoxlotto.com\/da\/keno\/diamond-keno-vindertal\/","title":{"rendered":"Diamond Keno vindertal"},"content":{"rendered":"<p>Nye vindertal kommer op hvert 20. minut &#8211; tjek Diamond Keno-resultaterne nu<\/p>\n","protected":false},"excerpt":{"rendered":"<p>Nye vindertal kommer op hvert 20. minut &#8211; tjek Diamond Keno-resultaterne nu<\/p>\n","protected":false},"author":8,"featured_media":0,"parent":84382,"menu_order":40,"comment_status":"closed","ping_status":"closed","template":"","meta":{"_et_pb_use_builder":"","_et_pb_old_content":"","_et_gb_content_width":"","exclude_from_search":false,"footnotes":""},"class_list":["post-87075","page","type-page","status-publish","hentry"],"yoast_head":"<!-- This site is optimized with the Yoast SEO plugin v23.8 - https:\/\/yoast.com\/wordpress\/plugins\/seo\/ -->\n<title>Vindertal til vores st\u00f8rste Keno-lotteri - vind 10 millioner euro nu!<\/title>\n<meta name=\"description\" content=\"Her er de seneste vindertal til vores st\u00f8rste Keno-lotteri - med 10 millioner euro p\u00e5 spil hvert 20. minut.\" \/>\n<meta name=\"robots\" content=\"index, follow, max-snippet:-1, max-image-preview:large, max-video-preview:-1\" \/>\n<link rel=\"canonical\" href=\"https:\/\/redfoxlotto.com\/da\/keno\/diamond-keno-vindertal\/\" \/>\n<meta property=\"og:locale\" content=\"da_DK\" \/>\n<meta property=\"og:type\" content=\"article\" \/>\n<meta property=\"og:title\" content=\"Vindertal til vores st\u00f8rste Keno-lotteri - vind 10 millioner euro nu!\" \/>\n<meta property=\"og:description\" content=\"Her er de seneste vindertal til vores st\u00f8rste Keno-lotteri - med 10 millioner euro p\u00e5 spil hvert 20. minut.\" \/>\n<meta property=\"og:url\" content=\"https:\/\/redfoxlotto.com\/da\/keno\/diamond-keno-vindertal\/\" \/>\n<meta property=\"og:site_name\" content=\"Get Tickets for the World\u2019s largest jackpots\" \/>\n<meta property=\"article:modified_time\" content=\"2025-05-17T21:42:41+00:00\" \/>\n<meta name=\"twitter:card\" content=\"summary_large_image\" \/>\n<meta name=\"twitter:label1\" content=\"Estimeret l\u00e6setid\" \/>\n\t<meta name=\"twitter:data1\" content=\"1 minut\" \/>\n<script type=\"application\/ld+json\" class=\"yoast-schema-graph\">{\"@context\":\"https:\/\/schema.org\",\"@graph\":[{\"@type\":\"WebPage\",\"@id\":\"https:\/\/redfoxlotto.com\/da\/keno\/diamond-keno-vindertal\/\",\"url\":\"https:\/\/redfoxlotto.com\/da\/keno\/diamond-keno-vindertal\/\",\"name\":\"Vindertal til vores st\u00f8rste Keno-lotteri - vind 10 millioner euro nu!\",\"isPartOf\":{\"@id\":\"https:\/\/redfoxlotto.com\/da\/#website\"},\"datePublished\":\"2025-05-16T10:39:54+00:00\",\"dateModified\":\"2025-05-17T21:42:41+00:00\",\"description\":\"Her er de seneste vindertal til vores st\u00f8rste Keno-lotteri - med 10 millioner euro p\u00e5 spil hvert 20. minut.\",\"breadcrumb\":{\"@id\":\"https:\/\/redfoxlotto.com\/da\/keno\/diamond-keno-vindertal\/#breadcrumb\"},\"inLanguage\":\"da-DK\",\"potentialAction\":[{\"@type\":\"ReadAction\",\"target\":[\"https:\/\/redfoxlotto.com\/da\/keno\/diamond-keno-vindertal\/\"]}]},{\"@type\":\"BreadcrumbList\",\"@id\":\"https:\/\/redfoxlotto.com\/da\/keno\/diamond-keno-vindertal\/#breadcrumb\",\"itemListElement\":[{\"@type\":\"ListItem\",\"position\":1,\"name\":\"Home\",\"item\":\"https:\/\/redfoxlotto.com\/da\/\"},{\"@type\":\"ListItem\",\"position\":2,\"name\":\"Keno\",\"item\":\"https:\/\/redfoxlotto.com\/da\/keno\/\"},{\"@type\":\"ListItem\",\"position\":3,\"name\":\"Diamond Keno vindertal\"}]},{\"@type\":\"WebSite\",\"@id\":\"https:\/\/redfoxlotto.com\/da\/#website\",\"url\":\"https:\/\/redfoxlotto.com\/da\/\",\"name\":\"Get Tickets for the World\u2019s largest jackpots\",\"description\":\"Participate in worldwide lottery jackpots from any country\",\"publisher\":{\"@id\":\"https:\/\/redfoxlotto.com\/da\/#organization\"},\"potentialAction\":[{\"@type\":\"SearchAction\",\"target\":{\"@type\":\"EntryPoint\",\"urlTemplate\":\"https:\/\/redfoxlotto.com\/da\/?s={search_term_string}\"},\"query-input\":{\"@type\":\"PropertyValueSpecification\",\"valueRequired\":true,\"valueName\":\"search_term_string\"}}],\"inLanguage\":\"da-DK\"},{\"@type\":\"Organization\",\"@id\":\"https:\/\/redfoxlotto.com\/da\/#organization\",\"name\":\"Get Tickets for the World\u2019s largest jackpots\",\"url\":\"https:\/\/redfoxlotto.com\/da\/\",\"logo\":{\"@type\":\"ImageObject\",\"inLanguage\":\"da-DK\",\"@id\":\"https:\/\/redfoxlotto.com\/da\/#\/schema\/logo\/image\/\",\"url\":\"https:\/\/redfoxlotto.com\/wp-content\/uploads\/2023\/04\/logo.png\",\"contentUrl\":\"https:\/\/redfoxlotto.com\/wp-content\/uploads\/2023\/04\/logo.png\",\"width\":269,\"height\":53,\"caption\":\"Get Tickets for the World\u2019s largest jackpots\"},\"image\":{\"@id\":\"https:\/\/redfoxlotto.com\/da\/#\/schema\/logo\/image\/\"}}]}<\/script>\n<!-- \/ Yoast SEO plugin. -->","yoast_head_json":{"title":"Vindertal til vores st\u00f8rste Keno-lotteri - vind 10 millioner euro nu!","description":"Her er de seneste vindertal til vores st\u00f8rste Keno-lotteri - med 10 millioner euro p\u00e5 spil hvert 20. minut.","robots":{"index":"index","follow":"follow","max-snippet":"max-snippet:-1","max-image-preview":"max-image-preview:large","max-video-preview":"max-video-preview:-1"},"canonical":"https:\/\/redfoxlotto.com\/da\/keno\/diamond-keno-vindertal\/","og_locale":"da_DK","og_type":"article","og_title":"Vindertal til vores st\u00f8rste Keno-lotteri - vind 10 millioner euro nu!","og_description":"Her er de seneste vindertal til vores st\u00f8rste Keno-lotteri - med 10 millioner euro p\u00e5 spil hvert 20. minut.","og_url":"https:\/\/redfoxlotto.com\/da\/keno\/diamond-keno-vindertal\/","og_site_name":"Get Tickets for the World\u2019s largest jackpots","article_modified_time":"2025-05-17T21:42:41+00:00","twitter_card":"summary_large_image","twitter_misc":{"Estimeret l\u00e6setid":"1 minut"},"schema":{"@context":"https:\/\/schema.org","@graph":[{"@type":"WebPage","@id":"https:\/\/redfoxlotto.com\/da\/keno\/diamond-keno-vindertal\/","url":"https:\/\/redfoxlotto.com\/da\/keno\/diamond-keno-vindertal\/","name":"Vindertal til vores st\u00f8rste Keno-lotteri - vind 10 millioner euro nu!","isPartOf":{"@id":"https:\/\/redfoxlotto.com\/da\/#website"},"datePublished":"2025-05-16T10:39:54+00:00","dateModified":"2025-05-17T21:42:41+00:00","description":"Her er de seneste vindertal til vores st\u00f8rste Keno-lotteri - med 10 millioner euro p\u00e5 spil hvert 20. minut.","breadcrumb":{"@id":"https:\/\/redfoxlotto.com\/da\/keno\/diamond-keno-vindertal\/#breadcrumb"},"inLanguage":"da-DK","potentialAction":[{"@type":"ReadAction","target":["https:\/\/redfoxlotto.com\/da\/keno\/diamond-keno-vindertal\/"]}]},{"@type":"BreadcrumbList","@id":"https:\/\/redfoxlotto.com\/da\/keno\/diamond-keno-vindertal\/#breadcrumb","itemListElement":[{"@type":"ListItem","position":1,"name":"Home","item":"https:\/\/redfoxlotto.com\/da\/"},{"@type":"ListItem","position":2,"name":"Keno","item":"https:\/\/redfoxlotto.com\/da\/keno\/"},{"@type":"ListItem","position":3,"name":"Diamond Keno vindertal"}]},{"@type":"WebSite","@id":"https:\/\/redfoxlotto.com\/da\/#website","url":"https:\/\/redfoxlotto.com\/da\/","name":"Get Tickets for the World\u2019s largest jackpots","description":"Participate in worldwide lottery jackpots from any country","publisher":{"@id":"https:\/\/redfoxlotto.com\/da\/#organization"},"potentialAction":[{"@type":"SearchAction","target":{"@type":"EntryPoint","urlTemplate":"https:\/\/redfoxlotto.com\/da\/?s={search_term_string}"},"query-input":{"@type":"PropertyValueSpecification","valueRequired":true,"valueName":"search_term_string"}}],"inLanguage":"da-DK"},{"@type":"Organization","@id":"https:\/\/redfoxlotto.com\/da\/#organization","name":"Get Tickets for the World\u2019s largest jackpots","url":"https:\/\/redfoxlotto.com\/da\/","logo":{"@type":"ImageObject","inLanguage":"da-DK","@id":"https:\/\/redfoxlotto.com\/da\/#\/schema\/logo\/image\/","url":"https:\/\/redfoxlotto.com\/wp-content\/uploads\/2023\/04\/logo.png","contentUrl":"https:\/\/redfoxlotto.com\/wp-content\/uploads\/2023\/04\/logo.png","width":269,"height":53,"caption":"Get Tickets for the World\u2019s largest jackpots"},"image":{"@id":"https:\/\/redfoxlotto.com\/da\/#\/schema\/logo\/image\/"}}]}},"_links":{"self":[{"href":"https:\/\/redfoxlotto.com\/da\/wp-json\/wp\/v2\/pages\/87075","targetHints":{"allow":["GET"]}}],"collection":[{"href":"https:\/\/redfoxlotto.com\/da\/wp-json\/wp\/v2\/pages"}],"about":[{"href":"https:\/\/redfoxlotto.com\/da\/wp-json\/wp\/v2\/types\/page"}],"author":[{"embeddable":true,"href":"https:\/\/redfoxlotto.com\/da\/wp-json\/wp\/v2\/users\/8"}],"replies":[{"embeddable":true,"href":"https:\/\/redfoxlotto.com\/da\/wp-json\/wp\/v2\/comments?post=87075"}],"version-history":[{"count":0,"href":"https:\/\/redfoxlotto.com\/da\/wp-json\/wp\/v2\/pages\/87075\/revisions"}],"up":[{"embeddable":true,"href":"https:\/\/redfoxlotto.com\/da\/wp-json\/wp\/v2\/pages\/84382"}],"wp:attachment":[{"href":"https:\/\/redfoxlotto.com\/da\/wp-json\/wp\/v2\/media?parent=87075"}],"curies":[{"name":"wp","href":"https:\/\/api.w.org\/{rel}","templated":true}]}}