{"id":86908,"date":"2025-02-12T11:22:02","date_gmt":"2025-02-12T11:22:02","guid":{"rendered":"https:\/\/redfoxlotto.com\/?page_id=86908"},"modified":"2025-10-07T11:13:39","modified_gmt":"2025-10-07T11:13:39","slug":"diamond-keno-e10-millioner-i-foerstepraemie","status":"publish","type":"page","link":"https:\/\/redfoxlotto.com\/da\/keno\/diamond-keno-e10-millioner-i-foerstepraemie\/","title":{"rendered":"Diamond Keno \u20ac10 millioner i f\u00f8rstepr\u00e6mie"},"content":{"rendered":"<p>Vores bedste \u20ac 10 millioner Diamond Keno-spil, med tr\u00e6kninger hvert 20. minut<\/p>\n<div class=\"keno-banner-wrapper\"><img decoding=\"async\" class=\"keno-banner-image\" src=\"https:\/\/redfoxlotto.com\/wp-content\/uploads\/2025\/10\/3-scaled.png\" alt=\"Keno Banner\" \/><br \/>\n<div class=\"keno-banner-overlay\"><div class=\"keno-banner-text\">Hovedpr\u00e6mie: \u20ac10,000,000<br>Tr\u00e6k hvert 30. minut<\/div><a href=\"https:\/\/keno.redfoxlotto.com\/play\/diamond-keno\" class=\"keno-banner-button\">Spil Diamant Keno nu<\/a><\/div><\/div>\n","protected":false},"excerpt":{"rendered":"<p>Vores bedste \u20ac 10 millioner Diamond Keno-spil, med tr\u00e6kninger hvert 20. minut<\/p>\n","protected":false},"author":8,"featured_media":0,"parent":84382,"menu_order":40,"comment_status":"closed","ping_status":"closed","template":"","meta":{"_et_pb_use_builder":"","_et_pb_old_content":"","_et_gb_content_width":"","exclude_from_search":false,"footnotes":""},"class_list":["post-86908","page","type-page","status-publish","hentry"],"yoast_head":"<!-- This site is optimized with the Yoast SEO plugin v23.8 - https:\/\/yoast.com\/wordpress\/plugins\/seo\/ -->\n<title>Det bedste online Keno-spil nogensinde - st\u00f8rste pr\u00e6mie p\u00e5 \u20ac 10 millioner<\/title>\n<meta name=\"description\" content=\"Vi har de bedste Keno-spil p\u00e5 nettet, inklusive vores \u20ac 10 millioner Diamond Keno-spil med lodtr\u00e6kning hvert 20. minut.\" \/>\n<meta name=\"robots\" content=\"index, follow, max-snippet:-1, max-image-preview:large, max-video-preview:-1\" \/>\n<link rel=\"canonical\" href=\"https:\/\/redfoxlotto.com\/da\/keno\/diamond-keno-e10-millioner-i-foerstepraemie\/\" \/>\n<meta property=\"og:locale\" content=\"da_DK\" \/>\n<meta property=\"og:type\" content=\"article\" \/>\n<meta property=\"og:title\" content=\"Det bedste online Keno-spil nogensinde - st\u00f8rste pr\u00e6mie p\u00e5 \u20ac 10 millioner\" \/>\n<meta property=\"og:description\" content=\"Vi har de bedste Keno-spil p\u00e5 nettet, inklusive vores \u20ac 10 millioner Diamond Keno-spil med lodtr\u00e6kning hvert 20. minut.\" \/>\n<meta property=\"og:url\" content=\"https:\/\/redfoxlotto.com\/da\/keno\/diamond-keno-e10-millioner-i-foerstepraemie\/\" \/>\n<meta property=\"og:site_name\" content=\"Get Tickets for the World\u2019s largest jackpots\" \/>\n<meta property=\"article:modified_time\" content=\"2025-10-07T11:13:39+00:00\" \/>\n<meta property=\"og:image\" content=\"https:\/\/redfoxlotto.com\/wp-content\/uploads\/2025\/10\/3-scaled.png\" \/>\n<meta name=\"twitter:card\" content=\"summary_large_image\" \/>\n<meta name=\"twitter:label1\" content=\"Estimeret l\u00e6setid\" \/>\n\t<meta name=\"twitter:data1\" content=\"1 minut\" \/>\n<script type=\"application\/ld+json\" class=\"yoast-schema-graph\">{\"@context\":\"https:\/\/schema.org\",\"@graph\":[{\"@type\":\"WebPage\",\"@id\":\"https:\/\/redfoxlotto.com\/da\/keno\/diamond-keno-e10-millioner-i-foerstepraemie\/\",\"url\":\"https:\/\/redfoxlotto.com\/da\/keno\/diamond-keno-e10-millioner-i-foerstepraemie\/\",\"name\":\"Det bedste online Keno-spil nogensinde - st\u00f8rste pr\u00e6mie p\u00e5 \u20ac 10 millioner\",\"isPartOf\":{\"@id\":\"https:\/\/redfoxlotto.com\/da\/#website\"},\"primaryImageOfPage\":{\"@id\":\"https:\/\/redfoxlotto.com\/da\/keno\/diamond-keno-e10-millioner-i-foerstepraemie\/#primaryimage\"},\"image\":{\"@id\":\"https:\/\/redfoxlotto.com\/da\/keno\/diamond-keno-e10-millioner-i-foerstepraemie\/#primaryimage\"},\"thumbnailUrl\":\"https:\/\/redfoxlotto.com\/wp-content\/uploads\/2025\/10\/3-scaled.png\",\"datePublished\":\"2025-02-12T11:22:02+00:00\",\"dateModified\":\"2025-10-07T11:13:39+00:00\",\"description\":\"Vi har de bedste Keno-spil p\u00e5 nettet, inklusive vores \u20ac 10 millioner Diamond Keno-spil med lodtr\u00e6kning hvert 20. minut.\",\"breadcrumb\":{\"@id\":\"https:\/\/redfoxlotto.com\/da\/keno\/diamond-keno-e10-millioner-i-foerstepraemie\/#breadcrumb\"},\"inLanguage\":\"da-DK\",\"potentialAction\":[{\"@type\":\"ReadAction\",\"target\":[\"https:\/\/redfoxlotto.com\/da\/keno\/diamond-keno-e10-millioner-i-foerstepraemie\/\"]}]},{\"@type\":\"ImageObject\",\"inLanguage\":\"da-DK\",\"@id\":\"https:\/\/redfoxlotto.com\/da\/keno\/diamond-keno-e10-millioner-i-foerstepraemie\/#primaryimage\",\"url\":\"https:\/\/redfoxlotto.com\/wp-content\/uploads\/2025\/10\/3-scaled.png\",\"contentUrl\":\"https:\/\/redfoxlotto.com\/wp-content\/uploads\/2025\/10\/3-scaled.png\"},{\"@type\":\"BreadcrumbList\",\"@id\":\"https:\/\/redfoxlotto.com\/da\/keno\/diamond-keno-e10-millioner-i-foerstepraemie\/#breadcrumb\",\"itemListElement\":[{\"@type\":\"ListItem\",\"position\":1,\"name\":\"Home\",\"item\":\"https:\/\/redfoxlotto.com\/da\/\"},{\"@type\":\"ListItem\",\"position\":2,\"name\":\"Keno\",\"item\":\"https:\/\/redfoxlotto.com\/da\/keno\/\"},{\"@type\":\"ListItem\",\"position\":3,\"name\":\"Diamond Keno \u20ac10 millioner i f\u00f8rstepr\u00e6mie\"}]},{\"@type\":\"WebSite\",\"@id\":\"https:\/\/redfoxlotto.com\/da\/#website\",\"url\":\"https:\/\/redfoxlotto.com\/da\/\",\"name\":\"Get Tickets for the World\u2019s largest jackpots\",\"description\":\"Participate in worldwide lottery jackpots from any country\",\"publisher\":{\"@id\":\"https:\/\/redfoxlotto.com\/da\/#organization\"},\"potentialAction\":[{\"@type\":\"SearchAction\",\"target\":{\"@type\":\"EntryPoint\",\"urlTemplate\":\"https:\/\/redfoxlotto.com\/da\/?s={search_term_string}\"},\"query-input\":{\"@type\":\"PropertyValueSpecification\",\"valueRequired\":true,\"valueName\":\"search_term_string\"}}],\"inLanguage\":\"da-DK\"},{\"@type\":\"Organization\",\"@id\":\"https:\/\/redfoxlotto.com\/da\/#organization\",\"name\":\"Get Tickets for the World\u2019s largest jackpots\",\"url\":\"https:\/\/redfoxlotto.com\/da\/\",\"logo\":{\"@type\":\"ImageObject\",\"inLanguage\":\"da-DK\",\"@id\":\"https:\/\/redfoxlotto.com\/da\/#\/schema\/logo\/image\/\",\"url\":\"https:\/\/redfoxlotto.com\/wp-content\/uploads\/2023\/04\/logo.png\",\"contentUrl\":\"https:\/\/redfoxlotto.com\/wp-content\/uploads\/2023\/04\/logo.png\",\"width\":269,\"height\":53,\"caption\":\"Get Tickets for the World\u2019s largest jackpots\"},\"image\":{\"@id\":\"https:\/\/redfoxlotto.com\/da\/#\/schema\/logo\/image\/\"}}]}<\/script>\n<!-- \/ Yoast SEO plugin. -->","yoast_head_json":{"title":"Det bedste online Keno-spil nogensinde - st\u00f8rste pr\u00e6mie p\u00e5 \u20ac 10 millioner","description":"Vi har de bedste Keno-spil p\u00e5 nettet, inklusive vores \u20ac 10 millioner Diamond Keno-spil med lodtr\u00e6kning hvert 20. minut.","robots":{"index":"index","follow":"follow","max-snippet":"max-snippet:-1","max-image-preview":"max-image-preview:large","max-video-preview":"max-video-preview:-1"},"canonical":"https:\/\/redfoxlotto.com\/da\/keno\/diamond-keno-e10-millioner-i-foerstepraemie\/","og_locale":"da_DK","og_type":"article","og_title":"Det bedste online Keno-spil nogensinde - st\u00f8rste pr\u00e6mie p\u00e5 \u20ac 10 millioner","og_description":"Vi har de bedste Keno-spil p\u00e5 nettet, inklusive vores \u20ac 10 millioner Diamond Keno-spil med lodtr\u00e6kning hvert 20. minut.","og_url":"https:\/\/redfoxlotto.com\/da\/keno\/diamond-keno-e10-millioner-i-foerstepraemie\/","og_site_name":"Get Tickets for the World\u2019s largest jackpots","article_modified_time":"2025-10-07T11:13:39+00:00","og_image":[{"url":"https:\/\/redfoxlotto.com\/wp-content\/uploads\/2025\/10\/3-scaled.png"}],"twitter_card":"summary_large_image","twitter_misc":{"Estimeret l\u00e6setid":"1 minut"},"schema":{"@context":"https:\/\/schema.org","@graph":[{"@type":"WebPage","@id":"https:\/\/redfoxlotto.com\/da\/keno\/diamond-keno-e10-millioner-i-foerstepraemie\/","url":"https:\/\/redfoxlotto.com\/da\/keno\/diamond-keno-e10-millioner-i-foerstepraemie\/","name":"Det bedste online Keno-spil nogensinde - st\u00f8rste pr\u00e6mie p\u00e5 \u20ac 10 millioner","isPartOf":{"@id":"https:\/\/redfoxlotto.com\/da\/#website"},"primaryImageOfPage":{"@id":"https:\/\/redfoxlotto.com\/da\/keno\/diamond-keno-e10-millioner-i-foerstepraemie\/#primaryimage"},"image":{"@id":"https:\/\/redfoxlotto.com\/da\/keno\/diamond-keno-e10-millioner-i-foerstepraemie\/#primaryimage"},"thumbnailUrl":"https:\/\/redfoxlotto.com\/wp-content\/uploads\/2025\/10\/3-scaled.png","datePublished":"2025-02-12T11:22:02+00:00","dateModified":"2025-10-07T11:13:39+00:00","description":"Vi har de bedste Keno-spil p\u00e5 nettet, inklusive vores \u20ac 10 millioner Diamond Keno-spil med lodtr\u00e6kning hvert 20. minut.","breadcrumb":{"@id":"https:\/\/redfoxlotto.com\/da\/keno\/diamond-keno-e10-millioner-i-foerstepraemie\/#breadcrumb"},"inLanguage":"da-DK","potentialAction":[{"@type":"ReadAction","target":["https:\/\/redfoxlotto.com\/da\/keno\/diamond-keno-e10-millioner-i-foerstepraemie\/"]}]},{"@type":"ImageObject","inLanguage":"da-DK","@id":"https:\/\/redfoxlotto.com\/da\/keno\/diamond-keno-e10-millioner-i-foerstepraemie\/#primaryimage","url":"https:\/\/redfoxlotto.com\/wp-content\/uploads\/2025\/10\/3-scaled.png","contentUrl":"https:\/\/redfoxlotto.com\/wp-content\/uploads\/2025\/10\/3-scaled.png"},{"@type":"BreadcrumbList","@id":"https:\/\/redfoxlotto.com\/da\/keno\/diamond-keno-e10-millioner-i-foerstepraemie\/#breadcrumb","itemListElement":[{"@type":"ListItem","position":1,"name":"Home","item":"https:\/\/redfoxlotto.com\/da\/"},{"@type":"ListItem","position":2,"name":"Keno","item":"https:\/\/redfoxlotto.com\/da\/keno\/"},{"@type":"ListItem","position":3,"name":"Diamond Keno \u20ac10 millioner i f\u00f8rstepr\u00e6mie"}]},{"@type":"WebSite","@id":"https:\/\/redfoxlotto.com\/da\/#website","url":"https:\/\/redfoxlotto.com\/da\/","name":"Get Tickets for the World\u2019s largest jackpots","description":"Participate in worldwide lottery jackpots from any country","publisher":{"@id":"https:\/\/redfoxlotto.com\/da\/#organization"},"potentialAction":[{"@type":"SearchAction","target":{"@type":"EntryPoint","urlTemplate":"https:\/\/redfoxlotto.com\/da\/?s={search_term_string}"},"query-input":{"@type":"PropertyValueSpecification","valueRequired":true,"valueName":"search_term_string"}}],"inLanguage":"da-DK"},{"@type":"Organization","@id":"https:\/\/redfoxlotto.com\/da\/#organization","name":"Get Tickets for the World\u2019s largest jackpots","url":"https:\/\/redfoxlotto.com\/da\/","logo":{"@type":"ImageObject","inLanguage":"da-DK","@id":"https:\/\/redfoxlotto.com\/da\/#\/schema\/logo\/image\/","url":"https:\/\/redfoxlotto.com\/wp-content\/uploads\/2023\/04\/logo.png","contentUrl":"https:\/\/redfoxlotto.com\/wp-content\/uploads\/2023\/04\/logo.png","width":269,"height":53,"caption":"Get Tickets for the World\u2019s largest jackpots"},"image":{"@id":"https:\/\/redfoxlotto.com\/da\/#\/schema\/logo\/image\/"}}]}},"_links":{"self":[{"href":"https:\/\/redfoxlotto.com\/da\/wp-json\/wp\/v2\/pages\/86908","targetHints":{"allow":["GET"]}}],"collection":[{"href":"https:\/\/redfoxlotto.com\/da\/wp-json\/wp\/v2\/pages"}],"about":[{"href":"https:\/\/redfoxlotto.com\/da\/wp-json\/wp\/v2\/types\/page"}],"author":[{"embeddable":true,"href":"https:\/\/redfoxlotto.com\/da\/wp-json\/wp\/v2\/users\/8"}],"replies":[{"embeddable":true,"href":"https:\/\/redfoxlotto.com\/da\/wp-json\/wp\/v2\/comments?post=86908"}],"version-history":[{"count":0,"href":"https:\/\/redfoxlotto.com\/da\/wp-json\/wp\/v2\/pages\/86908\/revisions"}],"up":[{"embeddable":true,"href":"https:\/\/redfoxlotto.com\/da\/wp-json\/wp\/v2\/pages\/84382"}],"wp:attachment":[{"href":"https:\/\/redfoxlotto.com\/da\/wp-json\/wp\/v2\/media?parent=86908"}],"curies":[{"name":"wp","href":"https:\/\/api.w.org\/{rel}","templated":true}]}}