{"id":86839,"date":"2025-02-12T11:18:17","date_gmt":"2025-02-12T11:18:17","guid":{"rendered":"https:\/\/redfoxlotto.com\/?page_id=86839"},"modified":"2025-05-15T05:05:32","modified_gmt":"2025-05-15T05:05:32","slug":"diamant-keno-10m","status":"publish","type":"page","link":"https:\/\/redfoxlotto.com\/da\/keno\/diamant-keno-10m\/","title":{"rendered":"Diamant Keno 10m"},"content":{"rendered":"<h2>Online Keno bliver ikke st\u00f8rre og bedre end dette &#8211; spil Keno om en udbetaling p\u00e5 10 millioner euro!<\/h2>\n<p>Dette er vores st\u00f8rste og mest popul\u00e6re Keno-lotterispil. Hvis du leder efter det bedste Keno-spil, der kan spilles online, er du kommet til det rette sted. Dette Keno-spil har en udtr\u00e6kning hvert 20. minut, s\u00e5 du beh\u00f8ver ikke at vente l\u00e6nge p\u00e5 at finde ud af, om din kupon har vundet.<\/p>\n<p>&nbsp;<\/p>\n","protected":false},"excerpt":{"rendered":"<p>Online Keno bliver ikke st\u00f8rre og bedre end dette &#8211; spil Keno om en udbetaling p\u00e5 10 millioner euro! Dette er vores st\u00f8rste og mest popul\u00e6re Keno-lotterispil. Hvis du leder efter det bedste Keno-spil, der kan spilles online, er du kommet til det rette sted. Dette Keno-spil har en udtr\u00e6kning hvert 20. minut, s\u00e5 du [&hellip;]<\/p>\n","protected":false},"author":8,"featured_media":0,"parent":84382,"menu_order":1,"comment_status":"closed","ping_status":"closed","template":"","meta":{"_et_pb_use_builder":"","_et_pb_old_content":"","_et_gb_content_width":"","exclude_from_search":false,"footnotes":""},"class_list":["post-86839","page","type-page","status-publish","hentry"],"yoast_head":"<!-- This site is optimized with the Yoast SEO plugin v23.8 - https:\/\/yoast.com\/wordpress\/plugins\/seo\/ -->\n<title>De bedste online Keno-spil - \u20ac10 millioner Keno<\/title>\n<meta name=\"description\" content=\"Find de bedste online Keno-spil her med toppr\u00e6mier p\u00e5 op til \u20ac10 millioner. Du beh\u00f8ver aldrig at vente for l\u00e6nge p\u00e5 den n\u00e6ste online Keno-tr\u00e6kning!\" \/>\n<meta name=\"robots\" content=\"index, follow, max-snippet:-1, max-image-preview:large, max-video-preview:-1\" \/>\n<link rel=\"canonical\" href=\"https:\/\/redfoxlotto.com\/da\/keno\/diamant-keno-10m\/\" \/>\n<meta property=\"og:locale\" content=\"da_DK\" \/>\n<meta property=\"og:type\" content=\"article\" \/>\n<meta property=\"og:title\" content=\"De bedste online Keno-spil - \u20ac10 millioner Keno\" \/>\n<meta property=\"og:description\" content=\"Find de bedste online Keno-spil her med toppr\u00e6mier p\u00e5 op til \u20ac10 millioner. Du beh\u00f8ver aldrig at vente for l\u00e6nge p\u00e5 den n\u00e6ste online Keno-tr\u00e6kning!\" \/>\n<meta property=\"og:url\" content=\"https:\/\/redfoxlotto.com\/da\/keno\/diamant-keno-10m\/\" \/>\n<meta property=\"og:site_name\" content=\"Get Tickets for the World\u2019s largest jackpots\" \/>\n<meta property=\"article:modified_time\" content=\"2025-05-15T05:05:32+00:00\" \/>\n<meta name=\"twitter:card\" content=\"summary_large_image\" \/>\n<meta name=\"twitter:label1\" content=\"Estimeret l\u00e6setid\" \/>\n\t<meta name=\"twitter:data1\" content=\"1 minut\" \/>\n<script type=\"application\/ld+json\" class=\"yoast-schema-graph\">{\"@context\":\"https:\/\/schema.org\",\"@graph\":[{\"@type\":\"WebPage\",\"@id\":\"https:\/\/redfoxlotto.com\/da\/keno\/diamant-keno-10m\/\",\"url\":\"https:\/\/redfoxlotto.com\/da\/keno\/diamant-keno-10m\/\",\"name\":\"De bedste online Keno-spil - \u20ac10 millioner Keno\",\"isPartOf\":{\"@id\":\"https:\/\/redfoxlotto.com\/da\/#website\"},\"datePublished\":\"2025-02-12T11:18:17+00:00\",\"dateModified\":\"2025-05-15T05:05:32+00:00\",\"description\":\"Find de bedste online Keno-spil her med toppr\u00e6mier p\u00e5 op til \u20ac10 millioner. Du beh\u00f8ver aldrig at vente for l\u00e6nge p\u00e5 den n\u00e6ste online Keno-tr\u00e6kning!\",\"breadcrumb\":{\"@id\":\"https:\/\/redfoxlotto.com\/da\/keno\/diamant-keno-10m\/#breadcrumb\"},\"inLanguage\":\"da-DK\",\"potentialAction\":[{\"@type\":\"ReadAction\",\"target\":[\"https:\/\/redfoxlotto.com\/da\/keno\/diamant-keno-10m\/\"]}]},{\"@type\":\"BreadcrumbList\",\"@id\":\"https:\/\/redfoxlotto.com\/da\/keno\/diamant-keno-10m\/#breadcrumb\",\"itemListElement\":[{\"@type\":\"ListItem\",\"position\":1,\"name\":\"Home\",\"item\":\"https:\/\/redfoxlotto.com\/da\/\"},{\"@type\":\"ListItem\",\"position\":2,\"name\":\"Keno\",\"item\":\"https:\/\/redfoxlotto.com\/da\/keno\/\"},{\"@type\":\"ListItem\",\"position\":3,\"name\":\"Diamant Keno 10m\"}]},{\"@type\":\"WebSite\",\"@id\":\"https:\/\/redfoxlotto.com\/da\/#website\",\"url\":\"https:\/\/redfoxlotto.com\/da\/\",\"name\":\"Get Tickets for the World\u2019s largest jackpots\",\"description\":\"Participate in worldwide lottery jackpots from any country\",\"publisher\":{\"@id\":\"https:\/\/redfoxlotto.com\/da\/#organization\"},\"potentialAction\":[{\"@type\":\"SearchAction\",\"target\":{\"@type\":\"EntryPoint\",\"urlTemplate\":\"https:\/\/redfoxlotto.com\/da\/?s={search_term_string}\"},\"query-input\":{\"@type\":\"PropertyValueSpecification\",\"valueRequired\":true,\"valueName\":\"search_term_string\"}}],\"inLanguage\":\"da-DK\"},{\"@type\":\"Organization\",\"@id\":\"https:\/\/redfoxlotto.com\/da\/#organization\",\"name\":\"Get Tickets for the World\u2019s largest jackpots\",\"url\":\"https:\/\/redfoxlotto.com\/da\/\",\"logo\":{\"@type\":\"ImageObject\",\"inLanguage\":\"da-DK\",\"@id\":\"https:\/\/redfoxlotto.com\/da\/#\/schema\/logo\/image\/\",\"url\":\"https:\/\/redfoxlotto.com\/wp-content\/uploads\/2023\/04\/logo.png\",\"contentUrl\":\"https:\/\/redfoxlotto.com\/wp-content\/uploads\/2023\/04\/logo.png\",\"width\":269,\"height\":53,\"caption\":\"Get Tickets for the World\u2019s largest jackpots\"},\"image\":{\"@id\":\"https:\/\/redfoxlotto.com\/da\/#\/schema\/logo\/image\/\"}}]}<\/script>\n<!-- \/ Yoast SEO plugin. -->","yoast_head_json":{"title":"De bedste online Keno-spil - \u20ac10 millioner Keno","description":"Find de bedste online Keno-spil her med toppr\u00e6mier p\u00e5 op til \u20ac10 millioner. Du beh\u00f8ver aldrig at vente for l\u00e6nge p\u00e5 den n\u00e6ste online Keno-tr\u00e6kning!","robots":{"index":"index","follow":"follow","max-snippet":"max-snippet:-1","max-image-preview":"max-image-preview:large","max-video-preview":"max-video-preview:-1"},"canonical":"https:\/\/redfoxlotto.com\/da\/keno\/diamant-keno-10m\/","og_locale":"da_DK","og_type":"article","og_title":"De bedste online Keno-spil - \u20ac10 millioner Keno","og_description":"Find de bedste online Keno-spil her med toppr\u00e6mier p\u00e5 op til \u20ac10 millioner. Du beh\u00f8ver aldrig at vente for l\u00e6nge p\u00e5 den n\u00e6ste online Keno-tr\u00e6kning!","og_url":"https:\/\/redfoxlotto.com\/da\/keno\/diamant-keno-10m\/","og_site_name":"Get Tickets for the World\u2019s largest jackpots","article_modified_time":"2025-05-15T05:05:32+00:00","twitter_card":"summary_large_image","twitter_misc":{"Estimeret l\u00e6setid":"1 minut"},"schema":{"@context":"https:\/\/schema.org","@graph":[{"@type":"WebPage","@id":"https:\/\/redfoxlotto.com\/da\/keno\/diamant-keno-10m\/","url":"https:\/\/redfoxlotto.com\/da\/keno\/diamant-keno-10m\/","name":"De bedste online Keno-spil - \u20ac10 millioner Keno","isPartOf":{"@id":"https:\/\/redfoxlotto.com\/da\/#website"},"datePublished":"2025-02-12T11:18:17+00:00","dateModified":"2025-05-15T05:05:32+00:00","description":"Find de bedste online Keno-spil her med toppr\u00e6mier p\u00e5 op til \u20ac10 millioner. Du beh\u00f8ver aldrig at vente for l\u00e6nge p\u00e5 den n\u00e6ste online Keno-tr\u00e6kning!","breadcrumb":{"@id":"https:\/\/redfoxlotto.com\/da\/keno\/diamant-keno-10m\/#breadcrumb"},"inLanguage":"da-DK","potentialAction":[{"@type":"ReadAction","target":["https:\/\/redfoxlotto.com\/da\/keno\/diamant-keno-10m\/"]}]},{"@type":"BreadcrumbList","@id":"https:\/\/redfoxlotto.com\/da\/keno\/diamant-keno-10m\/#breadcrumb","itemListElement":[{"@type":"ListItem","position":1,"name":"Home","item":"https:\/\/redfoxlotto.com\/da\/"},{"@type":"ListItem","position":2,"name":"Keno","item":"https:\/\/redfoxlotto.com\/da\/keno\/"},{"@type":"ListItem","position":3,"name":"Diamant Keno 10m"}]},{"@type":"WebSite","@id":"https:\/\/redfoxlotto.com\/da\/#website","url":"https:\/\/redfoxlotto.com\/da\/","name":"Get Tickets for the World\u2019s largest jackpots","description":"Participate in worldwide lottery jackpots from any country","publisher":{"@id":"https:\/\/redfoxlotto.com\/da\/#organization"},"potentialAction":[{"@type":"SearchAction","target":{"@type":"EntryPoint","urlTemplate":"https:\/\/redfoxlotto.com\/da\/?s={search_term_string}"},"query-input":{"@type":"PropertyValueSpecification","valueRequired":true,"valueName":"search_term_string"}}],"inLanguage":"da-DK"},{"@type":"Organization","@id":"https:\/\/redfoxlotto.com\/da\/#organization","name":"Get Tickets for the World\u2019s largest jackpots","url":"https:\/\/redfoxlotto.com\/da\/","logo":{"@type":"ImageObject","inLanguage":"da-DK","@id":"https:\/\/redfoxlotto.com\/da\/#\/schema\/logo\/image\/","url":"https:\/\/redfoxlotto.com\/wp-content\/uploads\/2023\/04\/logo.png","contentUrl":"https:\/\/redfoxlotto.com\/wp-content\/uploads\/2023\/04\/logo.png","width":269,"height":53,"caption":"Get Tickets for the World\u2019s largest jackpots"},"image":{"@id":"https:\/\/redfoxlotto.com\/da\/#\/schema\/logo\/image\/"}}]}},"_links":{"self":[{"href":"https:\/\/redfoxlotto.com\/da\/wp-json\/wp\/v2\/pages\/86839","targetHints":{"allow":["GET"]}}],"collection":[{"href":"https:\/\/redfoxlotto.com\/da\/wp-json\/wp\/v2\/pages"}],"about":[{"href":"https:\/\/redfoxlotto.com\/da\/wp-json\/wp\/v2\/types\/page"}],"author":[{"embeddable":true,"href":"https:\/\/redfoxlotto.com\/da\/wp-json\/wp\/v2\/users\/8"}],"replies":[{"embeddable":true,"href":"https:\/\/redfoxlotto.com\/da\/wp-json\/wp\/v2\/comments?post=86839"}],"version-history":[{"count":0,"href":"https:\/\/redfoxlotto.com\/da\/wp-json\/wp\/v2\/pages\/86839\/revisions"}],"up":[{"embeddable":true,"href":"https:\/\/redfoxlotto.com\/da\/wp-json\/wp\/v2\/pages\/84382"}],"wp:attachment":[{"href":"https:\/\/redfoxlotto.com\/da\/wp-json\/wp\/v2\/media?parent=86839"}],"curies":[{"name":"wp","href":"https:\/\/api.w.org\/{rel}","templated":true}]}}