{"id":85470,"date":"2025-02-25T17:25:31","date_gmt":"2025-02-25T17:25:31","guid":{"rendered":"https:\/\/redfoxlotto.com\/?page_id=85470"},"modified":"2025-04-21T06:38:38","modified_gmt":"2025-04-21T06:38:38","slug":"om-new-york-lotteriet","status":"publish","type":"page","link":"https:\/\/redfoxlotto.com\/da\/lotteri\/om-new-york-lotteriet\/","title":{"rendered":"Om New York-lotteriet"},"content":{"rendered":"<h2>S\u00e5dan k\u00f8ber du New York-lodder<\/h2>\n<p>En guide til k\u00f8b af lodder til New York Lottery p\u00e5 RedFoxLotto:<\/p>\n<p>N\u00e5r du spiller i New York Lottery, har du s\u00e5 nogensinde fantaseret om at vinde en jackpot, der kunne \u00e6ndre dit liv fuldst\u00e6ndigt? Det har aldrig v\u00e6ret nemmere at deltage i internationale lotterier, s\u00e5som New York Lotto, end det er med RedFoxLotto, selv hvis du befinder dig uden for USA.<\/p>\n<p>I l\u00f8bet af dette indl\u00e6g vil vi guide dig gennem processen med at k\u00f8be New York-lodder fra RedFoxLotto i et par nemme trin.<\/p>\n<h2>RedFoxLotto: Hvad er det?<\/h2>\n<p>Du kan deltage i store internationale lotterier med RedFoxLotto, som er en velrenommeret online lotteritjeneste. Disse lotterier omfatter Powerball, Mega Millions, EuroMillions og selvf\u00f8lgelig New York Lotto. De fungerer som en billetbudtjeneste, hvilket betyder, at de k\u00f8ber en \u00e6gte billet p\u00e5 dine vegne og derefter scanner den ind p\u00e5 din angivne onlinekonto.<\/p>\n<h3>RedFoxLotto: En trin-for-trin-guide til k\u00f8b af kuponer til New York Lottery Program<\/h3>\n<p>1. Registrer dig. G\u00e5 til RedFoxLotto.com for at komme i gang med registreringsprocessen. Indtast dine grundl\u00e6ggende oplysninger, f.eks. dit navn, din e-mailadresse og det land, du bor i, ved at klikke p\u00e5 knappen \u00bbSign Up\u00ab.<\/p>\n<p>2. Bekr\u00e6ft, at din konto er legitim.<\/p>\n<p>Find et bekr\u00e6ftelseslink i din indbakke, n\u00e5r du har gennemf\u00f8rt tilmeldingsprocessen. Du kan bekr\u00e6fte din konto ved at klikke p\u00e5 det. P\u00e5 trods af at det er et simpelt skridt, er det vigtigt for b\u00e5de sikkerheden og potentielle fremtidige gevinster.<\/p>\n<p>3. Unders\u00f8g lotterierne<\/p>\n<p>N\u00e5r du har tilmeldt dig, skal du navigere til hjemmesiden og s\u00f8ge efter New York Lotto p\u00e5 listen over tilg\u00e6ngelige lotterier. Du kan finde ud af mere om den n\u00e6ste tr\u00e6kning, st\u00f8rrelsen p\u00e5 jackpotten og prisen p\u00e5 lodder ved at klikke p\u00e5 den.<\/p>\n<p>4. V\u00e6lg dine numre<\/p>\n<p>Din opgave er at v\u00e6lge seks tal fra et til niogtres. Du har mulighed for at v\u00e6lge dem manuelt, eller du kan bruge Quick Pick-muligheden til at f\u00e5 RedFoxLotto til at generere tilf\u00e6ldige tal fra bunden for dig.<\/p>\n<h2>L\u00e6g i kurv og forts\u00e6t med at betale<\/h2>\n<p>S\u00e5 snart du har valgt dine tal, skal du l\u00e6gge din kupon i indk\u00f8bskurven. Derefter skal du g\u00e5 til kassen. Flere betalingsmuligheder underst\u00f8ttes af RedFoxLotto, herunder f\u00f8lgende:<\/p>\n<ul>\n<li>Kredit- og debetkort<\/li>\n<li>Bankoverf\u00f8rsel<\/li>\n<li>Elektroniske tegneb\u00f8ger s\u00e5som Skrill<\/li>\n<li>I nogle omr\u00e5der bruges kryptovaluta i vid udstr\u00e6kning.<\/li>\n<\/ul>\n<h2>Bekr\u00e6ftelse og billetscanner<\/h2>\n<p>Umiddelbart efter at dine penge er blevet behandlet, sender RedFoxLotto en af sine lokale agenter i USA ud for at k\u00f8be en \u00e6gte New York Lotto-kupon med de numre, du har valgt. For at bevise k\u00f8bet vil en scanning af din kupon blive sendt til din konto.<\/p>\n<h2>Hvad sker der, hvis du har succes?<\/h2>\n<h3>Hvis de tal, du har indtastet, vinder en pr\u00e6mie:<\/h3>\n<p>Din RedFoxLotto-konto bliver \u00f8jeblikkeligt krediteret med eventuelle vindere, der er mindre til moderate i st\u00f8rrelse. N\u00e5r du har vundet en stor jackpot, vil RedFoxLotto-teamet lede dig gennem de n\u00f8dvendige trin for at g\u00f8re krav p\u00e5 din pr\u00e6mie. Din rejse til USA kan v\u00e6re p\u00e5kr\u00e6vet, afh\u00e6ngigt af bel\u00f8bet og statens regler.<\/p>\n<h2>Hvad siger loven?<\/h2>\n<p>Ja, det er det. RedFoxLotto er ikke en lotterileverand\u00f8r, men administrerer distributionen af lodder. Du k\u00f8ber en rigtig fysisk lodseddel gennem en autoriseret agent, som sikrer, at alt er lovligt og gennemsigtigt, selv om du spiller fra en anden nation.<\/p>\n<h2>Bem\u00e6rkninger til sidst<\/h2>\n<p>Det er ikke l\u00e6ngere en \u00f8nskedr\u00f8m at kunne k\u00f8be lodder til New York Lottery fra et hvilket som helst sted i verden. Det er gjort nemt, sikkert og tilg\u00e6ngeligt ved brug af RedFoxLotto. Du kan v\u00e6re med i kampen om millioner af dollars med blot nogle f\u00e5 klik, og du beh\u00f8ver ikke engang at stige ud af din bil for at tage til New York.<\/p>\n<p>Hvorfor skulle vi s\u00e5 vente? Registrer dig med det samme, v\u00e6lg dine heldige tal, og g\u00f8r dig klar til at g\u00e5 efter jackpotten!<\/p>\n","protected":false},"excerpt":{"rendered":"<p>S\u00e5dan k\u00f8ber du New York-lodder En guide til k\u00f8b af lodder til New York Lottery p\u00e5 RedFoxLotto: N\u00e5r du spiller i New York Lottery, har du s\u00e5 nogensinde fantaseret om at vinde en jackpot, der kunne \u00e6ndre dit liv fuldst\u00e6ndigt? Det har aldrig v\u00e6ret nemmere at deltage i internationale lotterier, s\u00e5som New York Lotto, end [&hellip;]<\/p>\n","protected":false},"author":8,"featured_media":0,"parent":5002,"menu_order":18,"comment_status":"closed","ping_status":"closed","template":"newyork-info.php","meta":{"_et_pb_use_builder":"","_et_pb_old_content":"","_et_gb_content_width":"","exclude_from_search":false,"footnotes":""},"class_list":["post-85470","page","type-page","status-publish","hentry"],"yoast_head":"<!-- This site is optimized with the Yoast SEO plugin v27.3 - https:\/\/yoast.com\/product\/yoast-seo-wordpress\/ -->\n<title>S\u00e5dan k\u00f8ber du New York Lottery-lodder online fra Storbritannien<\/title>\n<meta name=\"description\" content=\"K\u00f8b lodder til New York Lottery her - selv fra Storbritannien kan du deltage i New York Lotto online og f\u00e5 et scannet lod inden for f\u00e5 minutter.\" \/>\n<meta name=\"robots\" content=\"index, follow, max-snippet:-1, max-image-preview:large, max-video-preview:-1\" \/>\n<link rel=\"canonical\" href=\"https:\/\/redfoxlotto.com\/da\/lotteri\/om-new-york-lotteriet\/\" \/>\n<meta property=\"og:locale\" content=\"da_DK\" \/>\n<meta property=\"og:type\" content=\"article\" \/>\n<meta property=\"og:title\" content=\"S\u00e5dan k\u00f8ber du New York Lottery-lodder online fra Storbritannien\" \/>\n<meta property=\"og:description\" content=\"K\u00f8b lodder til New York Lottery her - selv fra Storbritannien kan du deltage i New York Lotto online og f\u00e5 et scannet lod inden for f\u00e5 minutter.\" \/>\n<meta property=\"og:url\" content=\"https:\/\/redfoxlotto.com\/da\/lotteri\/om-new-york-lotteriet\/\" \/>\n<meta property=\"og:site_name\" content=\"Get Tickets for the World\u2019s largest jackpots\" \/>\n<meta property=\"article:modified_time\" content=\"2025-04-21T06:38:38+00:00\" \/>\n<meta name=\"twitter:card\" content=\"summary_large_image\" \/>\n<meta name=\"twitter:label1\" content=\"Estimeret l\u00e6setid\" \/>\n\t<meta name=\"twitter:data1\" content=\"3 minutter\" \/>\n<script type=\"application\/ld+json\" class=\"yoast-schema-graph\">{\"@context\":\"https:\\\/\\\/schema.org\",\"@graph\":[{\"@type\":\"WebPage\",\"@id\":\"https:\\\/\\\/redfoxlotto.com\\\/da\\\/lotteri\\\/om-new-york-lotteriet\\\/\",\"url\":\"https:\\\/\\\/redfoxlotto.com\\\/da\\\/lotteri\\\/om-new-york-lotteriet\\\/\",\"name\":\"S\u00e5dan k\u00f8ber du New York Lottery-lodder online fra Storbritannien\",\"isPartOf\":{\"@id\":\"https:\\\/\\\/redfoxlotto.com\\\/da\\\/#website\"},\"datePublished\":\"2025-02-25T17:25:31+00:00\",\"dateModified\":\"2025-04-21T06:38:38+00:00\",\"description\":\"K\u00f8b lodder til New York Lottery her - selv fra Storbritannien kan du deltage i New York Lotto online og f\u00e5 et scannet lod inden for f\u00e5 minutter.\",\"breadcrumb\":{\"@id\":\"https:\\\/\\\/redfoxlotto.com\\\/da\\\/lotteri\\\/om-new-york-lotteriet\\\/#breadcrumb\"},\"inLanguage\":\"da-DK\",\"potentialAction\":[{\"@type\":\"ReadAction\",\"target\":[\"https:\\\/\\\/redfoxlotto.com\\\/da\\\/lotteri\\\/om-new-york-lotteriet\\\/\"]}]},{\"@type\":\"BreadcrumbList\",\"@id\":\"https:\\\/\\\/redfoxlotto.com\\\/da\\\/lotteri\\\/om-new-york-lotteriet\\\/#breadcrumb\",\"itemListElement\":[{\"@type\":\"ListItem\",\"position\":1,\"name\":\"Home\",\"item\":\"https:\\\/\\\/redfoxlotto.com\\\/da\\\/\"},{\"@type\":\"ListItem\",\"position\":2,\"name\":\"S\u00e5dan k\u00f8ber du online lottokuponer \u2013 k\u00f8bsprocessen\",\"item\":\"https:\\\/\\\/redfoxlotto.com\\\/da\\\/lotteri\\\/\"},{\"@type\":\"ListItem\",\"position\":3,\"name\":\"Om New York-lotteriet\"}]},{\"@type\":\"WebSite\",\"@id\":\"https:\\\/\\\/redfoxlotto.com\\\/da\\\/#website\",\"url\":\"https:\\\/\\\/redfoxlotto.com\\\/da\\\/\",\"name\":\"Get Tickets for the World\u2019s largest jackpots\",\"description\":\"Participate in worldwide lottery jackpots from any country\",\"publisher\":{\"@id\":\"https:\\\/\\\/redfoxlotto.com\\\/da\\\/#organization\"},\"potentialAction\":[{\"@type\":\"SearchAction\",\"target\":{\"@type\":\"EntryPoint\",\"urlTemplate\":\"https:\\\/\\\/redfoxlotto.com\\\/da\\\/?s={search_term_string}\"},\"query-input\":{\"@type\":\"PropertyValueSpecification\",\"valueRequired\":true,\"valueName\":\"search_term_string\"}}],\"inLanguage\":\"da-DK\"},{\"@type\":\"Organization\",\"@id\":\"https:\\\/\\\/redfoxlotto.com\\\/da\\\/#organization\",\"name\":\"Get Tickets for the World\u2019s largest jackpots\",\"url\":\"https:\\\/\\\/redfoxlotto.com\\\/da\\\/\",\"logo\":{\"@type\":\"ImageObject\",\"inLanguage\":\"da-DK\",\"@id\":\"https:\\\/\\\/redfoxlotto.com\\\/da\\\/#\\\/schema\\\/logo\\\/image\\\/\",\"url\":\"https:\\\/\\\/redfoxlotto.com\\\/wp-content\\\/uploads\\\/2023\\\/04\\\/logo.png\",\"contentUrl\":\"https:\\\/\\\/redfoxlotto.com\\\/wp-content\\\/uploads\\\/2023\\\/04\\\/logo.png\",\"width\":269,\"height\":53,\"caption\":\"Get Tickets for the World\u2019s largest jackpots\"},\"image\":{\"@id\":\"https:\\\/\\\/redfoxlotto.com\\\/da\\\/#\\\/schema\\\/logo\\\/image\\\/\"}}]}<\/script>\n<!-- \/ Yoast SEO plugin. -->","yoast_head_json":{"title":"S\u00e5dan k\u00f8ber du New York Lottery-lodder online fra Storbritannien","description":"K\u00f8b lodder til New York Lottery her - selv fra Storbritannien kan du deltage i New York Lotto online og f\u00e5 et scannet lod inden for f\u00e5 minutter.","robots":{"index":"index","follow":"follow","max-snippet":"max-snippet:-1","max-image-preview":"max-image-preview:large","max-video-preview":"max-video-preview:-1"},"canonical":"https:\/\/redfoxlotto.com\/da\/lotteri\/om-new-york-lotteriet\/","og_locale":"da_DK","og_type":"article","og_title":"S\u00e5dan k\u00f8ber du New York Lottery-lodder online fra Storbritannien","og_description":"K\u00f8b lodder til New York Lottery her - selv fra Storbritannien kan du deltage i New York Lotto online og f\u00e5 et scannet lod inden for f\u00e5 minutter.","og_url":"https:\/\/redfoxlotto.com\/da\/lotteri\/om-new-york-lotteriet\/","og_site_name":"Get Tickets for the World\u2019s largest jackpots","article_modified_time":"2025-04-21T06:38:38+00:00","twitter_card":"summary_large_image","twitter_misc":{"Estimeret l\u00e6setid":"3 minutter"},"schema":{"@context":"https:\/\/schema.org","@graph":[{"@type":"WebPage","@id":"https:\/\/redfoxlotto.com\/da\/lotteri\/om-new-york-lotteriet\/","url":"https:\/\/redfoxlotto.com\/da\/lotteri\/om-new-york-lotteriet\/","name":"S\u00e5dan k\u00f8ber du New York Lottery-lodder online fra Storbritannien","isPartOf":{"@id":"https:\/\/redfoxlotto.com\/da\/#website"},"datePublished":"2025-02-25T17:25:31+00:00","dateModified":"2025-04-21T06:38:38+00:00","description":"K\u00f8b lodder til New York Lottery her - selv fra Storbritannien kan du deltage i New York Lotto online og f\u00e5 et scannet lod inden for f\u00e5 minutter.","breadcrumb":{"@id":"https:\/\/redfoxlotto.com\/da\/lotteri\/om-new-york-lotteriet\/#breadcrumb"},"inLanguage":"da-DK","potentialAction":[{"@type":"ReadAction","target":["https:\/\/redfoxlotto.com\/da\/lotteri\/om-new-york-lotteriet\/"]}]},{"@type":"BreadcrumbList","@id":"https:\/\/redfoxlotto.com\/da\/lotteri\/om-new-york-lotteriet\/#breadcrumb","itemListElement":[{"@type":"ListItem","position":1,"name":"Home","item":"https:\/\/redfoxlotto.com\/da\/"},{"@type":"ListItem","position":2,"name":"S\u00e5dan k\u00f8ber du online lottokuponer \u2013 k\u00f8bsprocessen","item":"https:\/\/redfoxlotto.com\/da\/lotteri\/"},{"@type":"ListItem","position":3,"name":"Om New York-lotteriet"}]},{"@type":"WebSite","@id":"https:\/\/redfoxlotto.com\/da\/#website","url":"https:\/\/redfoxlotto.com\/da\/","name":"Get Tickets for the World\u2019s largest jackpots","description":"Participate in worldwide lottery jackpots from any country","publisher":{"@id":"https:\/\/redfoxlotto.com\/da\/#organization"},"potentialAction":[{"@type":"SearchAction","target":{"@type":"EntryPoint","urlTemplate":"https:\/\/redfoxlotto.com\/da\/?s={search_term_string}"},"query-input":{"@type":"PropertyValueSpecification","valueRequired":true,"valueName":"search_term_string"}}],"inLanguage":"da-DK"},{"@type":"Organization","@id":"https:\/\/redfoxlotto.com\/da\/#organization","name":"Get Tickets for the World\u2019s largest jackpots","url":"https:\/\/redfoxlotto.com\/da\/","logo":{"@type":"ImageObject","inLanguage":"da-DK","@id":"https:\/\/redfoxlotto.com\/da\/#\/schema\/logo\/image\/","url":"https:\/\/redfoxlotto.com\/wp-content\/uploads\/2023\/04\/logo.png","contentUrl":"https:\/\/redfoxlotto.com\/wp-content\/uploads\/2023\/04\/logo.png","width":269,"height":53,"caption":"Get Tickets for the World\u2019s largest jackpots"},"image":{"@id":"https:\/\/redfoxlotto.com\/da\/#\/schema\/logo\/image\/"}}]}},"_links":{"self":[{"href":"https:\/\/redfoxlotto.com\/da\/wp-json\/wp\/v2\/pages\/85470","targetHints":{"allow":["GET"]}}],"collection":[{"href":"https:\/\/redfoxlotto.com\/da\/wp-json\/wp\/v2\/pages"}],"about":[{"href":"https:\/\/redfoxlotto.com\/da\/wp-json\/wp\/v2\/types\/page"}],"author":[{"embeddable":true,"href":"https:\/\/redfoxlotto.com\/da\/wp-json\/wp\/v2\/users\/8"}],"replies":[{"embeddable":true,"href":"https:\/\/redfoxlotto.com\/da\/wp-json\/wp\/v2\/comments?post=85470"}],"version-history":[{"count":0,"href":"https:\/\/redfoxlotto.com\/da\/wp-json\/wp\/v2\/pages\/85470\/revisions"}],"up":[{"embeddable":true,"href":"https:\/\/redfoxlotto.com\/da\/wp-json\/wp\/v2\/pages\/5002"}],"wp:attachment":[{"href":"https:\/\/redfoxlotto.com\/da\/wp-json\/wp\/v2\/media?parent=85470"}],"curies":[{"name":"wp","href":"https:\/\/api.w.org\/{rel}","templated":true}]}}