{"id":84589,"date":"2025-03-30T12:21:27","date_gmt":"2025-03-30T12:21:27","guid":{"rendered":"https:\/\/redfoxlotto.com\/?page_id=84589"},"modified":"2025-12-10T15:15:09","modified_gmt":"2025-12-10T15:15:09","slug":"saadan-spiller-du-new-york-lottery-i-storbritannien","status":"publish","type":"page","link":"https:\/\/redfoxlotto.com\/da\/spil\/saadan-spiller-du-new-york-lottery-i-storbritannien\/","title":{"rendered":"S\u00e5dan spiller du New York Lottery i Storbritannien."},"content":{"rendered":"<p><script type=\"application\/ld+json\">\n{\n\"@context\": \"https:\/\/schema.org\",\n\"@type\": \"Service\",\n\"name\": \"Play New York Lottery\",\n\"url\": \"https:\/\/redfoxlotto.com\/da\/spil\/saadan-spiller-du-new-york-lottery-i-storbritannien\/\",\n\"description\": \"K\u00f8b officielle New York Lottery-kuponer online via RedFoxLotto. V\u00e6lg dine tal og deltag i den n\u00e6ste tr\u00e6kning.\",\n\"serviceType\": \"Online lottery ticket purchase\",<\/p>\n<p>\"provider\": {\n\"@type\": \"Organization\",\n\"name\": \"RedFoxLotto\",\n\"url\": \"https:\/\/redfoxlotto.com\",\n\"logo\": \"https:\/\/redfoxlotto.com\/wp-content\/uploads\/logo.png\"\n},<\/p>\n<p>\"areaServed\": \"Worldwide\",\n\"termsOfService\": \"https:\/\/redfoxlotto.com\/terms-and-conditions\",<\/p>\n<p>\"hasOfferCatalog\": {\n\"@type\": \"OfferCatalog\",\n\"name\": \"New York Lottery Offers\",\n\"itemListElement\": [\n{\n\"@type\": \"Offer\",\n\"name\": \"New York Lottery Ticket\",\n\"url\": \"https:\/\/redfoxlotto.com\/da\/spil\/saadan-spiller-du-new-york-lottery-i-storbritannien\/\",\n\"description\": \"\u00c9n kupon til den n\u00e6ste lodtr\u00e6kning i New York-lotteriet.\",\n\"price\": \"1.40\",\n\"priceCurrency\": \"EUR\",\n\"availability\": \"https:\/\/schema.org\/InStock\",<\/p>\n<p>\"itemOffered\": {\n\"@type\": \"Service\",\n\"name\": \"New York Lottery Entry\",\n\"description\": \"Tilmelding til den n\u00e6ste tr\u00e6kning i New York Lottery via RedFoxLotto.\"\n}\n}\n]\n},<\/p>\n<p>\"mainEntityOfPage\": {\n\"@type\": \"WebPage\",\n\"@id\": \"https:\/\/redfoxlotto.com\/da\/spil\/saadan-spiller-du-new-york-lottery-i-storbritannien\/\"\n}\n}\n<\/script><\/p>\n<h2>S\u00e5dan deltager du i New York Lottery med RedFoxLotto.com i Storbritannien<\/h2>\n<p>Tag for eksempel det scenarie, hvor du v\u00e5gner op i Storbritannien, laver din morgente og derefter tjekker din telefon for at opdage, at du lige har vundet i New York Lottery. Lyder det langt ude? S\u00e5 kan du godt \u00e6ndre mening! Det er muligt at spille et af de mest sp\u00e6ndende lotterier i USA fra dit eget hjem i Storbritannien med RedFoxLotto.com.<\/p>\n<h2>New York-lotteriet: Hvorfor skal du spille?<\/h2>\n<p><img loading=\"lazy\" decoding=\"async\" class=\" wp-image-48802 alignright\" src=\"https:\/\/redfoxlotto.com\/wp-content\/uploads\/2023\/04\/raffle-tickets-online-495x330-1-300x200.jpg\" alt=\"New York Lottery\" width=\"321\" height=\"214\" srcset=\"https:\/\/redfoxlotto.com\/wp-content\/uploads\/2023\/04\/raffle-tickets-online-495x330-1-300x200.jpg 300w, https:\/\/redfoxlotto.com\/wp-content\/uploads\/2023\/04\/raffle-tickets-online-495x330-1.jpg 495w\" sizes=\"auto, (max-width: 321px) 100vw, 321px\" \/><br \/>\nNew York Lottery er kendt for sine enorme jackpots, sp\u00e6ndende spil og gevinster, der kan \u00e6ndre en persons liv fuldst\u00e6ndigt. Det faktum, at der afholdes mange tr\u00e6kninger hver uge, betyder, at der er utallige muligheder for, at du kan f\u00e5 dine dr\u00f8mme til at g\u00e5 i opfyldelse. Der er mulighed for, at du kan vinde en livsforandrende sum penge, hvis du spiller enten Mega Millions eller Powerball-lotteriet.<\/p>\n<h2>Instruktioner om, hvordan man spiller p\u00e5 RedFoxLotto.com i trin-for-trin-format<\/h2>\n<p>1. G\u00e5 til hjemmesiden RedFoxLotto.com. Du skal starte en webbrowser efter eget valg og navigere til den officielle RedFoxLotto-hjemmeside.<\/p>\n<p>2. Opret en konto &#8211; For at kunne tilmelde dig skal du oprette en konto. Ud over at det er hurtigt og sikkert, er det n\u00f8dvendigt for at spille.<\/p>\n<p>3. V\u00e6lg New York Lottery &#8211; N\u00e5r du har set de forskellige lotterier, der tilbydes, skal du v\u00e6lge New York Lottery eller enhver anden amerikansk pr\u00e6mie, der fanger din interesse gennem din s\u00f8gning.<\/p>\n<p>4. V\u00e6lg dine tal Du har mulighed for at v\u00e6lge dine lykketal manuelt eller bruge hurtigvalgsmuligheden, som g\u00f8r det muligt for systemet at finde dem for dig automatisk.<\/p>\n<p>5. K\u00f8b din billet &#8211; G\u00e5 videre til betalingssiden og betal for din billet p\u00e5 en sikker m\u00e5de ved hj\u00e6lp af en af de mange tilg\u00e6ngelige betalingsmuligheder.<\/p>\n<p>6. Mens du venter p\u00e5 lodtr\u00e6kningen, kan du s\u00e6tte dig ned og slappe af. I tilf\u00e6lde af at du er vinderen, f\u00e5r du besked!<\/p>\n<h2>Fordele ved at deltage i spil p\u00e5 RedFoxLotto.com<\/h2>\n<p>Dette eliminerer kravet om at rejse til USA for at k\u00f8be en kupon.<\/p>\n<p>&#8211; Trygge og sikre transaktioner &#8211; Spil med fuldst\u00e6ndig ro i sindet, velvidende at dine penge og k\u00f8bsoplysninger er beskyttet.<\/p>\n<p>&#8211; Meddelelser, der sendes automatisk &#8211; g\u00e5 aldrig glip af en gevinst! Hvis du er den heldige vinder af jackpotten, f\u00e5r du besked med det samme.<\/p>\n<p>Du kan f\u00e5 adgang til globale lotterier ud over New York Lottery, hvilket giver dig endnu flere muligheder for at vinde en betydelig sum penge.<\/p>\n<h2>Bem\u00e6rkninger til sidst<\/h2>\n<p>Ved at bruge RedFoxLotto.com f\u00e5r du adgang til hele verden af lotteriunderholdning. Det er ligegyldigt, hvor du befinder dig i Storbritannien; du har mulighed for at forf\u00f8lge den amerikanske dr\u00f8m og muligvis blive den n\u00e6ste million\u00e6r i New York Lottery. S\u00e5 hvorfor skulle vi vente? Bes\u00f8g hjemmesiden RedFoxLotto.com lige nu for at k\u00f8be din kupon; du ved aldrig, hvorn\u00e5r lykken vil komme din vej.<\/p>\n","protected":false},"excerpt":{"rendered":"<p>S\u00e5dan deltager du i New York Lottery med RedFoxLotto.com i Storbritannien Tag for eksempel det scenarie, hvor du v\u00e5gner op i Storbritannien, laver din morgente og derefter tjekker din telefon for at opdage, at du lige har vundet i New York Lottery. Lyder det langt ude? S\u00e5 kan du godt \u00e6ndre mening! Det er muligt [&hellip;]<\/p>\n","protected":false},"author":8,"featured_media":0,"parent":5020,"menu_order":18,"comment_status":"closed","ping_status":"closed","template":"newyork.php","meta":{"_et_pb_use_builder":"","_et_pb_old_content":"","_et_gb_content_width":"","exclude_from_search":false,"footnotes":""},"class_list":["post-84589","page","type-page","status-publish","hentry"],"yoast_head":"<!-- This site is optimized with the Yoast SEO plugin v23.8 - https:\/\/yoast.com\/wordpress\/plugins\/seo\/ -->\n<title>S\u00e5dan deltager du i New York Lottery i Storbritannien<\/title>\n<meta name=\"description\" content=\"Find ud af, hvordan du spiller New York Lottery fra Storbritannien p\u00e5 RedFoxLotto.com, og f\u00e5 tips til at maksimere dine chancer for at vinde.\" \/>\n<meta name=\"robots\" content=\"index, follow, max-snippet:-1, max-image-preview:large, max-video-preview:-1\" \/>\n<link rel=\"canonical\" href=\"https:\/\/redfoxlotto.com\/da\/spil\/saadan-spiller-du-new-york-lottery-i-storbritannien\/\" \/>\n<meta property=\"og:locale\" content=\"da_DK\" \/>\n<meta property=\"og:type\" content=\"article\" \/>\n<meta property=\"og:title\" content=\"S\u00e5dan deltager du i New York Lottery i Storbritannien\" \/>\n<meta property=\"og:description\" content=\"Find ud af, hvordan du spiller New York Lottery fra Storbritannien p\u00e5 RedFoxLotto.com, og f\u00e5 tips til at maksimere dine chancer for at vinde.\" \/>\n<meta property=\"og:url\" content=\"https:\/\/redfoxlotto.com\/da\/spil\/saadan-spiller-du-new-york-lottery-i-storbritannien\/\" \/>\n<meta property=\"og:site_name\" content=\"Get Tickets for the World\u2019s largest jackpots\" \/>\n<meta property=\"article:modified_time\" content=\"2025-12-10T15:15:09+00:00\" \/>\n<meta property=\"og:image\" content=\"https:\/\/redfoxlotto.com\/wp-content\/uploads\/2023\/04\/raffle-tickets-online-495x330-1-300x200.jpg\" \/>\n<meta name=\"twitter:card\" content=\"summary_large_image\" \/>\n<meta name=\"twitter:label1\" content=\"Estimeret l\u00e6setid\" \/>\n\t<meta name=\"twitter:data1\" content=\"3 minutter\" \/>\n<script type=\"application\/ld+json\" class=\"yoast-schema-graph\">{\"@context\":\"https:\/\/schema.org\",\"@graph\":[{\"@type\":\"WebPage\",\"@id\":\"https:\/\/redfoxlotto.com\/da\/spil\/saadan-spiller-du-new-york-lottery-i-storbritannien\/\",\"url\":\"https:\/\/redfoxlotto.com\/da\/spil\/saadan-spiller-du-new-york-lottery-i-storbritannien\/\",\"name\":\"S\u00e5dan deltager du i New York Lottery i Storbritannien\",\"isPartOf\":{\"@id\":\"https:\/\/redfoxlotto.com\/da\/#website\"},\"primaryImageOfPage\":{\"@id\":\"https:\/\/redfoxlotto.com\/da\/spil\/saadan-spiller-du-new-york-lottery-i-storbritannien\/#primaryimage\"},\"image\":{\"@id\":\"https:\/\/redfoxlotto.com\/da\/spil\/saadan-spiller-du-new-york-lottery-i-storbritannien\/#primaryimage\"},\"thumbnailUrl\":\"https:\/\/redfoxlotto.com\/wp-content\/uploads\/2023\/04\/raffle-tickets-online-495x330-1-300x200.jpg\",\"datePublished\":\"2025-03-30T12:21:27+00:00\",\"dateModified\":\"2025-12-10T15:15:09+00:00\",\"description\":\"Find ud af, hvordan du spiller New York Lottery fra Storbritannien p\u00e5 RedFoxLotto.com, og f\u00e5 tips til at maksimere dine chancer for at vinde.\",\"breadcrumb\":{\"@id\":\"https:\/\/redfoxlotto.com\/da\/spil\/saadan-spiller-du-new-york-lottery-i-storbritannien\/#breadcrumb\"},\"inLanguage\":\"da-DK\",\"potentialAction\":[{\"@type\":\"ReadAction\",\"target\":[\"https:\/\/redfoxlotto.com\/da\/spil\/saadan-spiller-du-new-york-lottery-i-storbritannien\/\"]}]},{\"@type\":\"ImageObject\",\"inLanguage\":\"da-DK\",\"@id\":\"https:\/\/redfoxlotto.com\/da\/spil\/saadan-spiller-du-new-york-lottery-i-storbritannien\/#primaryimage\",\"url\":\"https:\/\/redfoxlotto.com\/wp-content\/uploads\/2023\/04\/raffle-tickets-online-495x330-1-300x200.jpg\",\"contentUrl\":\"https:\/\/redfoxlotto.com\/wp-content\/uploads\/2023\/04\/raffle-tickets-online-495x330-1-300x200.jpg\"},{\"@type\":\"BreadcrumbList\",\"@id\":\"https:\/\/redfoxlotto.com\/da\/spil\/saadan-spiller-du-new-york-lottery-i-storbritannien\/#breadcrumb\",\"itemListElement\":[{\"@type\":\"ListItem\",\"position\":1,\"name\":\"Home\",\"item\":\"https:\/\/redfoxlotto.com\/da\/\"},{\"@type\":\"ListItem\",\"position\":2,\"name\":\"S\u00e5dan spiller du lotto fra andre lande\",\"item\":\"https:\/\/redfoxlotto.com\/da\/spil\/\"},{\"@type\":\"ListItem\",\"position\":3,\"name\":\"S\u00e5dan spiller du New York Lottery i Storbritannien.\"}]},{\"@type\":\"WebSite\",\"@id\":\"https:\/\/redfoxlotto.com\/da\/#website\",\"url\":\"https:\/\/redfoxlotto.com\/da\/\",\"name\":\"Get Tickets for the World\u2019s largest jackpots\",\"description\":\"Participate in worldwide lottery jackpots from any country\",\"publisher\":{\"@id\":\"https:\/\/redfoxlotto.com\/da\/#organization\"},\"potentialAction\":[{\"@type\":\"SearchAction\",\"target\":{\"@type\":\"EntryPoint\",\"urlTemplate\":\"https:\/\/redfoxlotto.com\/da\/?s={search_term_string}\"},\"query-input\":{\"@type\":\"PropertyValueSpecification\",\"valueRequired\":true,\"valueName\":\"search_term_string\"}}],\"inLanguage\":\"da-DK\"},{\"@type\":\"Organization\",\"@id\":\"https:\/\/redfoxlotto.com\/da\/#organization\",\"name\":\"Get Tickets for the World\u2019s largest jackpots\",\"url\":\"https:\/\/redfoxlotto.com\/da\/\",\"logo\":{\"@type\":\"ImageObject\",\"inLanguage\":\"da-DK\",\"@id\":\"https:\/\/redfoxlotto.com\/da\/#\/schema\/logo\/image\/\",\"url\":\"https:\/\/redfoxlotto.com\/wp-content\/uploads\/2023\/04\/logo.png\",\"contentUrl\":\"https:\/\/redfoxlotto.com\/wp-content\/uploads\/2023\/04\/logo.png\",\"width\":269,\"height\":53,\"caption\":\"Get Tickets for the World\u2019s largest jackpots\"},\"image\":{\"@id\":\"https:\/\/redfoxlotto.com\/da\/#\/schema\/logo\/image\/\"}}]}<\/script>\n<!-- \/ Yoast SEO plugin. -->","yoast_head_json":{"title":"S\u00e5dan deltager du i New York Lottery i Storbritannien","description":"Find ud af, hvordan du spiller New York Lottery fra Storbritannien p\u00e5 RedFoxLotto.com, og f\u00e5 tips til at maksimere dine chancer for at vinde.","robots":{"index":"index","follow":"follow","max-snippet":"max-snippet:-1","max-image-preview":"max-image-preview:large","max-video-preview":"max-video-preview:-1"},"canonical":"https:\/\/redfoxlotto.com\/da\/spil\/saadan-spiller-du-new-york-lottery-i-storbritannien\/","og_locale":"da_DK","og_type":"article","og_title":"S\u00e5dan deltager du i New York Lottery i Storbritannien","og_description":"Find ud af, hvordan du spiller New York Lottery fra Storbritannien p\u00e5 RedFoxLotto.com, og f\u00e5 tips til at maksimere dine chancer for at vinde.","og_url":"https:\/\/redfoxlotto.com\/da\/spil\/saadan-spiller-du-new-york-lottery-i-storbritannien\/","og_site_name":"Get Tickets for the World\u2019s largest jackpots","article_modified_time":"2025-12-10T15:15:09+00:00","og_image":[{"url":"https:\/\/redfoxlotto.com\/wp-content\/uploads\/2023\/04\/raffle-tickets-online-495x330-1-300x200.jpg"}],"twitter_card":"summary_large_image","twitter_misc":{"Estimeret l\u00e6setid":"3 minutter"},"schema":{"@context":"https:\/\/schema.org","@graph":[{"@type":"WebPage","@id":"https:\/\/redfoxlotto.com\/da\/spil\/saadan-spiller-du-new-york-lottery-i-storbritannien\/","url":"https:\/\/redfoxlotto.com\/da\/spil\/saadan-spiller-du-new-york-lottery-i-storbritannien\/","name":"S\u00e5dan deltager du i New York Lottery i Storbritannien","isPartOf":{"@id":"https:\/\/redfoxlotto.com\/da\/#website"},"primaryImageOfPage":{"@id":"https:\/\/redfoxlotto.com\/da\/spil\/saadan-spiller-du-new-york-lottery-i-storbritannien\/#primaryimage"},"image":{"@id":"https:\/\/redfoxlotto.com\/da\/spil\/saadan-spiller-du-new-york-lottery-i-storbritannien\/#primaryimage"},"thumbnailUrl":"https:\/\/redfoxlotto.com\/wp-content\/uploads\/2023\/04\/raffle-tickets-online-495x330-1-300x200.jpg","datePublished":"2025-03-30T12:21:27+00:00","dateModified":"2025-12-10T15:15:09+00:00","description":"Find ud af, hvordan du spiller New York Lottery fra Storbritannien p\u00e5 RedFoxLotto.com, og f\u00e5 tips til at maksimere dine chancer for at vinde.","breadcrumb":{"@id":"https:\/\/redfoxlotto.com\/da\/spil\/saadan-spiller-du-new-york-lottery-i-storbritannien\/#breadcrumb"},"inLanguage":"da-DK","potentialAction":[{"@type":"ReadAction","target":["https:\/\/redfoxlotto.com\/da\/spil\/saadan-spiller-du-new-york-lottery-i-storbritannien\/"]}]},{"@type":"ImageObject","inLanguage":"da-DK","@id":"https:\/\/redfoxlotto.com\/da\/spil\/saadan-spiller-du-new-york-lottery-i-storbritannien\/#primaryimage","url":"https:\/\/redfoxlotto.com\/wp-content\/uploads\/2023\/04\/raffle-tickets-online-495x330-1-300x200.jpg","contentUrl":"https:\/\/redfoxlotto.com\/wp-content\/uploads\/2023\/04\/raffle-tickets-online-495x330-1-300x200.jpg"},{"@type":"BreadcrumbList","@id":"https:\/\/redfoxlotto.com\/da\/spil\/saadan-spiller-du-new-york-lottery-i-storbritannien\/#breadcrumb","itemListElement":[{"@type":"ListItem","position":1,"name":"Home","item":"https:\/\/redfoxlotto.com\/da\/"},{"@type":"ListItem","position":2,"name":"S\u00e5dan spiller du lotto fra andre lande","item":"https:\/\/redfoxlotto.com\/da\/spil\/"},{"@type":"ListItem","position":3,"name":"S\u00e5dan spiller du New York Lottery i Storbritannien."}]},{"@type":"WebSite","@id":"https:\/\/redfoxlotto.com\/da\/#website","url":"https:\/\/redfoxlotto.com\/da\/","name":"Get Tickets for the World\u2019s largest jackpots","description":"Participate in worldwide lottery jackpots from any country","publisher":{"@id":"https:\/\/redfoxlotto.com\/da\/#organization"},"potentialAction":[{"@type":"SearchAction","target":{"@type":"EntryPoint","urlTemplate":"https:\/\/redfoxlotto.com\/da\/?s={search_term_string}"},"query-input":{"@type":"PropertyValueSpecification","valueRequired":true,"valueName":"search_term_string"}}],"inLanguage":"da-DK"},{"@type":"Organization","@id":"https:\/\/redfoxlotto.com\/da\/#organization","name":"Get Tickets for the World\u2019s largest jackpots","url":"https:\/\/redfoxlotto.com\/da\/","logo":{"@type":"ImageObject","inLanguage":"da-DK","@id":"https:\/\/redfoxlotto.com\/da\/#\/schema\/logo\/image\/","url":"https:\/\/redfoxlotto.com\/wp-content\/uploads\/2023\/04\/logo.png","contentUrl":"https:\/\/redfoxlotto.com\/wp-content\/uploads\/2023\/04\/logo.png","width":269,"height":53,"caption":"Get Tickets for the World\u2019s largest jackpots"},"image":{"@id":"https:\/\/redfoxlotto.com\/da\/#\/schema\/logo\/image\/"}}]}},"_links":{"self":[{"href":"https:\/\/redfoxlotto.com\/da\/wp-json\/wp\/v2\/pages\/84589","targetHints":{"allow":["GET"]}}],"collection":[{"href":"https:\/\/redfoxlotto.com\/da\/wp-json\/wp\/v2\/pages"}],"about":[{"href":"https:\/\/redfoxlotto.com\/da\/wp-json\/wp\/v2\/types\/page"}],"author":[{"embeddable":true,"href":"https:\/\/redfoxlotto.com\/da\/wp-json\/wp\/v2\/users\/8"}],"replies":[{"embeddable":true,"href":"https:\/\/redfoxlotto.com\/da\/wp-json\/wp\/v2\/comments?post=84589"}],"version-history":[{"count":0,"href":"https:\/\/redfoxlotto.com\/da\/wp-json\/wp\/v2\/pages\/84589\/revisions"}],"up":[{"embeddable":true,"href":"https:\/\/redfoxlotto.com\/da\/wp-json\/wp\/v2\/pages\/5020"}],"wp:attachment":[{"href":"https:\/\/redfoxlotto.com\/da\/wp-json\/wp\/v2\/media?parent=84589"}],"curies":[{"name":"wp","href":"https:\/\/api.w.org\/{rel}","templated":true}]}}