{"id":84471,"date":"2025-03-17T09:46:32","date_gmt":"2025-03-17T09:46:32","guid":{"rendered":"https:\/\/redfoxlotto.com\/?page_id=84471"},"modified":"2025-06-17T08:44:13","modified_gmt":"2025-06-17T08:44:13","slug":"scratchcards","status":"publish","type":"page","link":"https:\/\/redfoxlotto.com\/da\/scratchcards\/","title":{"rendered":"Skrabelodder"},"content":{"rendered":"<p>Hvis du er lottofan, s\u00e5 er vi sikre p\u00e5, at du ogs\u00e5 vil<strong>elske at spille vores online skrabelodder!<\/strong><\/p>\n<p>Skrabelodder har altid v\u00e6ret en popul\u00e6r tilf\u00f8jelse til et k\u00f8b af en lodseddel. N\u00e6sten alle lottobutikker i verden s\u00e6lger dem, og det er der en god grund til. Mens man n\u00e6sten altid skal vente lidt p\u00e5 resultatet, n\u00e5r man spiller lotto, giver skrabelodder dig et \u00f8jeblikkeligt resultat.<\/p>\n<p>Og med vores online skrabelodder beh\u00f8ver du ikke engang at finde en lotteributik for at k\u00f8be dem &#8211; du kan bare spille vores skrabelodder online og f\u00e5 en masse sjov og sp\u00e6nding ud af at skrabe.<\/p>\n<h2><strong>Online skrabelodder kommer snart p\u00e5 RedFoxLotto<\/strong><\/h2>\n<p><img loading=\"lazy\" decoding=\"async\" class=\" wp-image-83601 alignright\" src=\"https:\/\/redfoxlotto.com\/wp-content\/uploads\/2025\/03\/scratch_card_player-300x300.jpg\" alt=\"play scratch cards\" width=\"183\" height=\"183\" srcset=\"https:\/\/redfoxlotto.com\/wp-content\/uploads\/2025\/03\/scratch_card_player-300x300.jpg 300w, https:\/\/redfoxlotto.com\/wp-content\/uploads\/2025\/03\/scratch_card_player-150x150.jpg 150w, https:\/\/redfoxlotto.com\/wp-content\/uploads\/2025\/03\/scratch_card_player-100x100.jpg 100w, https:\/\/redfoxlotto.com\/wp-content\/uploads\/2025\/03\/scratch_card_player.jpg 307w\" sizes=\"auto, (max-width: 183px) 100vw, 183px\" \/><\/p>\n<ul>\n<li>Skrabelodderne bliver lanceret i begyndelsen af april 2025.<\/li>\n<li>G\u00e5 ikke glip af lanceringen!<\/li>\n<li>S\u00f8rg for, at du f\u00e5r vores salgsfremmende e-mails &#8211; tjek din spam-mappe og marker RedFoxLotto som en p\u00e5lidelig e-mail-afsender.<\/li>\n<\/ul>\n<p>Betaling er ogs\u00e5 meget praktisk &#8211; is\u00e6r hvis du allerede har en kontosaldo p\u00e5 vores hjemmeside. Det betyder, at hvis du planl\u00e6gger at k\u00f8be flere skrabelodder, skal du foretage en indbetaling til din tegnebog, f\u00f8r du begynder at spille skrabelodder.<\/p>\n<p>Bare v\u00e6lg det kort, du bedst kan lide, og klik for at k\u00f8be. Vi har flere seje layouts, og der er skrabelodder med forskellige priser og pr\u00e6mieintervaller.<\/p>\n<h2>Det er ret nemt at spille vores skrabelodder<\/h2>\n<p>Derefter kan du enten manuelt skrabe det \u00f8verste lag af kortet ved hj\u00e6lp af musen, eller du kan klikke p\u00e5 knappen \u00bbhurtigskrab\u00ab for at afsl\u00f8re alle de oplysninger, der er skjult i kortet.<\/p>\n<p>Dine gevinster afh\u00e6nger af de bel\u00f8b, der vises, n\u00e5r du har skrabet det \u00f8verste lag af dit kort. Hvis du har tre matchende bel\u00f8b p\u00e5 dit skrabelod, s\u00e5 er det det bel\u00f8b, du vinder.<\/p>\n<h2>Hvad sker der, n\u00e5r jeg har vundet p\u00e5 et skrabelod?<\/h2>\n<p>Alle gevinster bliver sat ind p\u00e5 din konto med det samme. Hvis du vinder p\u00e5 et kort, har du to muligheder:<\/p>\n<ol>\n<li>Du kan blive p\u00e5 skrabelodssiden og forts\u00e6tte med at bruge dine gevinster til at k\u00f8be flere online skrabelodder<\/li>\n<li>Luk siden med skrabelodder, og dine gevinster vil blive overf\u00f8rt til din RedFoxLotto-spillersaldo.<\/li>\n<\/ol>\n<p>N\u00e5r du har tilf\u00f8jet skrabelodsgevinster til din spillersaldo, kan du bruge dem, som du vil &#8211; k\u00f8be almindelige lodder, spille Keno, k\u00f8be flere online skrabelodder senere eller h\u00e6ve dine gevinster.<\/p>\n<p>Tilf\u00f8jelsen af online skrabelodder er noget, som mange af vores kunder har efterspurgt, og vi er sikre p\u00e5, at du ogs\u00e5 vil nyde denne oplevelse!<\/p>\n","protected":false},"excerpt":{"rendered":"<p>Hvis du er lottofan, s\u00e5 er vi sikre p\u00e5, at du ogs\u00e5 vilelske at spille vores online skrabelodder! Skrabelodder har altid v\u00e6ret en popul\u00e6r tilf\u00f8jelse til et k\u00f8b af en lodseddel. N\u00e6sten alle lottobutikker i verden s\u00e6lger dem, og det er der en god grund til. Mens man n\u00e6sten altid skal vente lidt p\u00e5 resultatet, [&hellip;]<\/p>\n","protected":false},"author":8,"featured_media":0,"parent":0,"menu_order":7,"comment_status":"closed","ping_status":"closed","template":"","meta":{"_et_pb_use_builder":"","_et_pb_old_content":"","_et_gb_content_width":"","exclude_from_search":false,"footnotes":""},"class_list":["post-84471","page","type-page","status-publish","hentry"],"yoast_head":"<!-- This site is optimized with the Yoast SEO plugin v27.4 - https:\/\/yoast.com\/product\/yoast-seo-wordpress\/ -->\n<title>Spil online skrabelodder | De bedste skrabelodder med \u00f8jeblikkelig gevinst<\/title>\n<meta name=\"description\" content=\"Spil de bedste online skrabelodder her - attraktive skrabespil og store pr\u00e6mier, der kan vindes med det samme\" \/>\n<meta name=\"robots\" content=\"index, follow, max-snippet:-1, max-image-preview:large, max-video-preview:-1\" \/>\n<link rel=\"canonical\" href=\"https:\/\/redfoxlotto.com\/da\/scratchcards\/\" \/>\n<meta property=\"og:locale\" content=\"da_DK\" \/>\n<meta property=\"og:type\" content=\"article\" \/>\n<meta property=\"og:title\" content=\"Spil online skrabelodder | De bedste skrabelodder med \u00f8jeblikkelig gevinst\" \/>\n<meta property=\"og:description\" content=\"Spil de bedste online skrabelodder her - attraktive skrabespil og store pr\u00e6mier, der kan vindes med det samme\" \/>\n<meta property=\"og:url\" content=\"https:\/\/redfoxlotto.com\/da\/scratchcards\/\" \/>\n<meta property=\"og:site_name\" content=\"Get Tickets for the World\u2019s largest jackpots\" \/>\n<meta property=\"article:modified_time\" content=\"2025-06-17T08:44:13+00:00\" \/>\n<meta property=\"og:image\" content=\"https:\/\/redfoxlotto.com\/wp-content\/uploads\/2025\/03\/scratch_card_player-300x300.jpg\" \/>\n<meta name=\"twitter:card\" content=\"summary_large_image\" \/>\n<meta name=\"twitter:label1\" content=\"Estimeret l\u00e6setid\" \/>\n\t<meta name=\"twitter:data1\" content=\"2 minutter\" \/>\n<script type=\"application\/ld+json\" class=\"yoast-schema-graph\">{\"@context\":\"https:\\\/\\\/schema.org\",\"@graph\":[{\"@type\":\"WebPage\",\"@id\":\"https:\\\/\\\/redfoxlotto.com\\\/da\\\/scratchcards\\\/\",\"url\":\"https:\\\/\\\/redfoxlotto.com\\\/da\\\/scratchcards\\\/\",\"name\":\"Spil online skrabelodder | De bedste skrabelodder med \u00f8jeblikkelig gevinst\",\"isPartOf\":{\"@id\":\"https:\\\/\\\/redfoxlotto.com\\\/da\\\/#website\"},\"primaryImageOfPage\":{\"@id\":\"https:\\\/\\\/redfoxlotto.com\\\/da\\\/scratchcards\\\/#primaryimage\"},\"image\":{\"@id\":\"https:\\\/\\\/redfoxlotto.com\\\/da\\\/scratchcards\\\/#primaryimage\"},\"thumbnailUrl\":\"https:\\\/\\\/redfoxlotto.com\\\/wp-content\\\/uploads\\\/2025\\\/03\\\/scratch_card_player-300x300.jpg\",\"datePublished\":\"2025-03-17T09:46:32+00:00\",\"dateModified\":\"2025-06-17T08:44:13+00:00\",\"description\":\"Spil de bedste online skrabelodder her - attraktive skrabespil og store pr\u00e6mier, der kan vindes med det samme\",\"breadcrumb\":{\"@id\":\"https:\\\/\\\/redfoxlotto.com\\\/da\\\/scratchcards\\\/#breadcrumb\"},\"inLanguage\":\"da-DK\",\"potentialAction\":[{\"@type\":\"ReadAction\",\"target\":[\"https:\\\/\\\/redfoxlotto.com\\\/da\\\/scratchcards\\\/\"]}]},{\"@type\":\"ImageObject\",\"inLanguage\":\"da-DK\",\"@id\":\"https:\\\/\\\/redfoxlotto.com\\\/da\\\/scratchcards\\\/#primaryimage\",\"url\":\"https:\\\/\\\/redfoxlotto.com\\\/wp-content\\\/uploads\\\/2025\\\/03\\\/scratch_card_player-300x300.jpg\",\"contentUrl\":\"https:\\\/\\\/redfoxlotto.com\\\/wp-content\\\/uploads\\\/2025\\\/03\\\/scratch_card_player-300x300.jpg\"},{\"@type\":\"BreadcrumbList\",\"@id\":\"https:\\\/\\\/redfoxlotto.com\\\/da\\\/scratchcards\\\/#breadcrumb\",\"itemListElement\":[{\"@type\":\"ListItem\",\"position\":1,\"name\":\"Home\",\"item\":\"https:\\\/\\\/redfoxlotto.com\\\/da\\\/\"},{\"@type\":\"ListItem\",\"position\":2,\"name\":\"Skrabelodder\"}]},{\"@type\":\"WebSite\",\"@id\":\"https:\\\/\\\/redfoxlotto.com\\\/da\\\/#website\",\"url\":\"https:\\\/\\\/redfoxlotto.com\\\/da\\\/\",\"name\":\"Get Tickets for the World\u2019s largest jackpots\",\"description\":\"Participate in worldwide lottery jackpots from any country\",\"publisher\":{\"@id\":\"https:\\\/\\\/redfoxlotto.com\\\/da\\\/#organization\"},\"potentialAction\":[{\"@type\":\"SearchAction\",\"target\":{\"@type\":\"EntryPoint\",\"urlTemplate\":\"https:\\\/\\\/redfoxlotto.com\\\/da\\\/?s={search_term_string}\"},\"query-input\":{\"@type\":\"PropertyValueSpecification\",\"valueRequired\":true,\"valueName\":\"search_term_string\"}}],\"inLanguage\":\"da-DK\"},{\"@type\":\"Organization\",\"@id\":\"https:\\\/\\\/redfoxlotto.com\\\/da\\\/#organization\",\"name\":\"Get Tickets for the World\u2019s largest jackpots\",\"url\":\"https:\\\/\\\/redfoxlotto.com\\\/da\\\/\",\"logo\":{\"@type\":\"ImageObject\",\"inLanguage\":\"da-DK\",\"@id\":\"https:\\\/\\\/redfoxlotto.com\\\/da\\\/#\\\/schema\\\/logo\\\/image\\\/\",\"url\":\"https:\\\/\\\/redfoxlotto.com\\\/wp-content\\\/uploads\\\/2023\\\/04\\\/logo.png\",\"contentUrl\":\"https:\\\/\\\/redfoxlotto.com\\\/wp-content\\\/uploads\\\/2023\\\/04\\\/logo.png\",\"width\":269,\"height\":53,\"caption\":\"Get Tickets for the World\u2019s largest jackpots\"},\"image\":{\"@id\":\"https:\\\/\\\/redfoxlotto.com\\\/da\\\/#\\\/schema\\\/logo\\\/image\\\/\"}}]}<\/script>\n<!-- \/ Yoast SEO plugin. -->","yoast_head_json":{"title":"Spil online skrabelodder | De bedste skrabelodder med \u00f8jeblikkelig gevinst","description":"Spil de bedste online skrabelodder her - attraktive skrabespil og store pr\u00e6mier, der kan vindes med det samme","robots":{"index":"index","follow":"follow","max-snippet":"max-snippet:-1","max-image-preview":"max-image-preview:large","max-video-preview":"max-video-preview:-1"},"canonical":"https:\/\/redfoxlotto.com\/da\/scratchcards\/","og_locale":"da_DK","og_type":"article","og_title":"Spil online skrabelodder | De bedste skrabelodder med \u00f8jeblikkelig gevinst","og_description":"Spil de bedste online skrabelodder her - attraktive skrabespil og store pr\u00e6mier, der kan vindes med det samme","og_url":"https:\/\/redfoxlotto.com\/da\/scratchcards\/","og_site_name":"Get Tickets for the World\u2019s largest jackpots","article_modified_time":"2025-06-17T08:44:13+00:00","og_image":[{"url":"https:\/\/redfoxlotto.com\/wp-content\/uploads\/2025\/03\/scratch_card_player-300x300.jpg","type":"","width":"","height":""}],"twitter_card":"summary_large_image","twitter_misc":{"Estimeret l\u00e6setid":"2 minutter"},"schema":{"@context":"https:\/\/schema.org","@graph":[{"@type":"WebPage","@id":"https:\/\/redfoxlotto.com\/da\/scratchcards\/","url":"https:\/\/redfoxlotto.com\/da\/scratchcards\/","name":"Spil online skrabelodder | De bedste skrabelodder med \u00f8jeblikkelig gevinst","isPartOf":{"@id":"https:\/\/redfoxlotto.com\/da\/#website"},"primaryImageOfPage":{"@id":"https:\/\/redfoxlotto.com\/da\/scratchcards\/#primaryimage"},"image":{"@id":"https:\/\/redfoxlotto.com\/da\/scratchcards\/#primaryimage"},"thumbnailUrl":"https:\/\/redfoxlotto.com\/wp-content\/uploads\/2025\/03\/scratch_card_player-300x300.jpg","datePublished":"2025-03-17T09:46:32+00:00","dateModified":"2025-06-17T08:44:13+00:00","description":"Spil de bedste online skrabelodder her - attraktive skrabespil og store pr\u00e6mier, der kan vindes med det samme","breadcrumb":{"@id":"https:\/\/redfoxlotto.com\/da\/scratchcards\/#breadcrumb"},"inLanguage":"da-DK","potentialAction":[{"@type":"ReadAction","target":["https:\/\/redfoxlotto.com\/da\/scratchcards\/"]}]},{"@type":"ImageObject","inLanguage":"da-DK","@id":"https:\/\/redfoxlotto.com\/da\/scratchcards\/#primaryimage","url":"https:\/\/redfoxlotto.com\/wp-content\/uploads\/2025\/03\/scratch_card_player-300x300.jpg","contentUrl":"https:\/\/redfoxlotto.com\/wp-content\/uploads\/2025\/03\/scratch_card_player-300x300.jpg"},{"@type":"BreadcrumbList","@id":"https:\/\/redfoxlotto.com\/da\/scratchcards\/#breadcrumb","itemListElement":[{"@type":"ListItem","position":1,"name":"Home","item":"https:\/\/redfoxlotto.com\/da\/"},{"@type":"ListItem","position":2,"name":"Skrabelodder"}]},{"@type":"WebSite","@id":"https:\/\/redfoxlotto.com\/da\/#website","url":"https:\/\/redfoxlotto.com\/da\/","name":"Get Tickets for the World\u2019s largest jackpots","description":"Participate in worldwide lottery jackpots from any country","publisher":{"@id":"https:\/\/redfoxlotto.com\/da\/#organization"},"potentialAction":[{"@type":"SearchAction","target":{"@type":"EntryPoint","urlTemplate":"https:\/\/redfoxlotto.com\/da\/?s={search_term_string}"},"query-input":{"@type":"PropertyValueSpecification","valueRequired":true,"valueName":"search_term_string"}}],"inLanguage":"da-DK"},{"@type":"Organization","@id":"https:\/\/redfoxlotto.com\/da\/#organization","name":"Get Tickets for the World\u2019s largest jackpots","url":"https:\/\/redfoxlotto.com\/da\/","logo":{"@type":"ImageObject","inLanguage":"da-DK","@id":"https:\/\/redfoxlotto.com\/da\/#\/schema\/logo\/image\/","url":"https:\/\/redfoxlotto.com\/wp-content\/uploads\/2023\/04\/logo.png","contentUrl":"https:\/\/redfoxlotto.com\/wp-content\/uploads\/2023\/04\/logo.png","width":269,"height":53,"caption":"Get Tickets for the World\u2019s largest jackpots"},"image":{"@id":"https:\/\/redfoxlotto.com\/da\/#\/schema\/logo\/image\/"}}]}},"_links":{"self":[{"href":"https:\/\/redfoxlotto.com\/da\/wp-json\/wp\/v2\/pages\/84471","targetHints":{"allow":["GET"]}}],"collection":[{"href":"https:\/\/redfoxlotto.com\/da\/wp-json\/wp\/v2\/pages"}],"about":[{"href":"https:\/\/redfoxlotto.com\/da\/wp-json\/wp\/v2\/types\/page"}],"author":[{"embeddable":true,"href":"https:\/\/redfoxlotto.com\/da\/wp-json\/wp\/v2\/users\/8"}],"replies":[{"embeddable":true,"href":"https:\/\/redfoxlotto.com\/da\/wp-json\/wp\/v2\/comments?post=84471"}],"version-history":[{"count":0,"href":"https:\/\/redfoxlotto.com\/da\/wp-json\/wp\/v2\/pages\/84471\/revisions"}],"wp:attachment":[{"href":"https:\/\/redfoxlotto.com\/da\/wp-json\/wp\/v2\/media?parent=84471"}],"curies":[{"name":"wp","href":"https:\/\/api.w.org\/{rel}","templated":true}]}}