{"id":84382,"date":"2025-02-12T11:12:52","date_gmt":"2025-02-12T11:12:52","guid":{"rendered":"https:\/\/redfoxlotto.com\/?page_id=84382"},"modified":"2025-10-09T14:01:56","modified_gmt":"2025-10-09T14:01:56","slug":"keno","status":"publish","type":"page","link":"https:\/\/redfoxlotto.com\/da\/keno\/","title":{"rendered":"Keno"},"content":{"rendered":"<h2>Ved du ikke, hvordan man spiller Keno online?<\/h2>\n<p>S\u00e5 du ved, hvordan et lotteri fungerer, men har aldrig spillet Keno? Lad mig forklare, hvordan man spiller Keno online. Det er ikke s\u00e5 sv\u00e6rt at forst\u00e5, og vores platform g\u00f8r det nemt at oprette en Keno-kupon.<\/p>\n<div class=\"keno-banner-wrapper\"><img decoding=\"async\" class=\"keno-banner-image\" src=\"https:\/\/redfoxlotto.com\/wp-content\/uploads\/2025\/10\/3-scaled.png\" alt=\"Keno Banner\" \/><br \/>\n<div class=\"keno-banner-overlay\"><div class=\"keno-banner-text\">Hovedpr\u00e6mie: \u20ac10,000,000<br>Tr\u00e6k hvert 30. minut<\/div><a href=\"https:\/\/keno.redfoxlotto.com\/play\/diamond-keno\" class=\"keno-banner-button\">Spil Diamant Keno nu<\/a><\/div><\/div>\n<div class=\"keno-banner-wrapper\"><img decoding=\"async\" class=\"keno-banner-image\" src=\"https:\/\/redfoxlotto.com\/wp-content\/uploads\/2025\/10\/1-scaled.png\" alt=\"Keno Banner\" \/><br \/>\n<div class=\"keno-banner-overlay\"><div class=\"keno-banner-text\">Hovedpr\u00e6mie: \u20ac5,000,000<br>Tr\u00e6k hvert 8. minut<\/div><a href=\"https:\/\/keno.redfoxlotto.com\/play\/platinum-keno\" class=\"keno-banner-button\">Spil Platinum Keno nu<\/a><\/div><\/div>\n<div class=\"keno-banner-wrapper\"><img decoding=\"async\" class=\"keno-banner-image\" src=\"https:\/\/redfoxlotto.com\/wp-content\/uploads\/2025\/10\/2-scaled.png\" alt=\"Keno Banner\" \/><br \/>\n<div class=\"keno-banner-overlay\"><div class=\"keno-banner-text\">Hovedpr\u00e6mie: \u20ac2,000,000<br>Tr\u00e6k hvert 6. minut<\/div><a href=\"https:\/\/keno.redfoxlotto.com\/play\/gold-keno\" class=\"keno-banner-button\">Spil  Gold Keno nu<\/a><\/div><\/div>\n<p><img loading=\"lazy\" decoding=\"async\" class=\"alignright size-medium wp-image-83635\" src=\"https:\/\/redfoxlotto.com\/wp-content\/uploads\/2025\/03\/keno_card-300x300.jpg\" alt=\"play keno online\" width=\"300\" height=\"300\" srcset=\"https:\/\/redfoxlotto.com\/wp-content\/uploads\/2025\/03\/keno_card-300x300.jpg 300w, https:\/\/redfoxlotto.com\/wp-content\/uploads\/2025\/03\/keno_card-150x150.jpg 150w, https:\/\/redfoxlotto.com\/wp-content\/uploads\/2025\/03\/keno_card-100x100.jpg 100w, https:\/\/redfoxlotto.com\/wp-content\/uploads\/2025\/03\/keno_card.jpg 307w\" sizes=\"auto, (max-width: 300px) 100vw, 300px\" \/><\/p>\n<h2>Forskelle mellem et almindeligt lotteri og Keno<\/h2>\n<p>N\u00e5r du spiller Keno, har du mere kontrol over, hvor meget du vil bruge p\u00e5 en kupon, og du bestemmer ogs\u00e5, hvor mange tal du v\u00e6lger.<\/p>\n<ul>\n<li><strong>Multiplikatoren<\/strong> &#8211; hver Keno-kupon har en basispris (det mindste, du skal betale for en kupon), men der er ogs\u00e5 en multiplikatorfunktion. Lad os sige, at basisprisen er \u20ac1,00. Hvis du v\u00e6lger en multiplikator p\u00e5 5, vil din kupon nu koste dig \u20ac5,00. Men samtidig vil det bel\u00f8b, du kan vinde, stige med mindst en faktor 5. For at vinde den maksimale pr\u00e6mie i hvert udbetalingsniveau skal du v\u00e6lge den maksimale multiplikator. Multiplikatoren kan variere mellem 1 og 5 eller mellem 1 og 10. For at se den faktiske udbetaling skal du klikke p\u00e5 fanen \u00bbInfo\u00ab ovenfor, og du vil se en udbetalingstabel.<\/li>\n<li>Klik p\u00e5 den multiplikator, du vil v\u00e6lge, s\u00e5 vises udbetalingerne for den p\u00e5g\u00e6ldende multiplikator.<\/li>\n<li><strong>Spil flere eller f\u00e6rre numre<\/strong> &#8211; Du kan selv bestemme, om du vil v\u00e6lge flere eller f\u00e6rre numre til din kupon. Igen, hvis du vil vinde hovedpr\u00e6mien, skal du altid v\u00e6lge det maksimale, nemlig 10 tal. Men hvis du beslutter dig for kun at spille 8 tal, vil du vinde flere penge, hvis alle eller nogle af dem matcher de udtrukne tal. Igen vil tabellen p\u00e5 siden \u00bbInfo\u00ab vise dig udbetalingerne.<\/li>\n<li><strong>Der tr\u00e6kkes flere tal fra talr\u00e6kken<\/strong> &#8211; mens et normalt lotteri tr\u00e6kker 5 eller 6 tal fra en talpulje p\u00e5 49 eller 60, er det anderledes, n\u00e5r du spiller Keno. For det f\u00f8rste tr\u00e6kker de fleste Keno-spil 20 numre, men puljen af mulige numre er ogs\u00e5 st\u00f8rre (normalt et sted mellem 70 og 90 numre). Men med 20 vindertal skal du kun matche 10 af dem for at vinde en stor pr\u00e6mie. Det betyder, at de samlede odds, n\u00e5r du spiller Keno online, er bedre sammenlignet med de fleste almindelige lotterier.<\/li>\n<\/ul>\n<h2>S\u00e5 hvordan spiller jeg Keno online?<\/h2>\n<p><strong>Alt, hvad du skal g\u00f8re for at spille Keno online, er at f\u00f8lge nedenst\u00e5ende trin:<\/strong><\/p>\n<ul>\n<li>Klik p\u00e5 et af Keno-bannerne p\u00e5 denne side<\/li>\n<li>V\u00e6lg, hvor mange numre du vil spille<\/li>\n<li>V\u00e6lg multiplikatoren, og tjek prisen for billetten (juster multiplikatoren, hvis det er n\u00f8dvendigt)<\/li>\n<li>V\u00e6lg dine tal (eller brug Quick Pick-funktionen til at generere tilf\u00e6ldige tal)<\/li>\n<li>Tilf\u00f8j flere lodder til den samme Keno-tr\u00e6kning, hvis du vil<\/li>\n<li>Bestem, om din billet eller dine billetter skal deltage i \u00e9n eller flere lodtr\u00e6kninger<\/li>\n<li>Betal for dine lodder (du skal oprette en ny konto p\u00e5 vores side, hvis du endnu ikke har en, eller logge ind p\u00e5 din eksisterende konto)<\/li>\n<\/ul>\n<h2>Kun f\u00e5 minutter f\u00f8r den n\u00e6ste tr\u00e6kning finder sted<\/h2>\n<p>De fleste Keno-lotterier tr\u00e6kker lod hvert andet minut, s\u00e5 der er ingen grund til at vente l\u00e6nge p\u00e5 at finde ud af, om du har vundet. Hver gang der er en Keno-lodtr\u00e6kning p\u00e5 vej, mens du er p\u00e5 vores hjemmeside, vises et popup-vindue, og kort tid efter vil du se en video med lodtr\u00e6kningsanimation. N\u00e5r popup-vinduet vises, b\u00f8r du stadig kunne k\u00f8be et lod til at spille med i den kommende tr\u00e6kning. Men selv hvis du g\u00e5r glip af den n\u00e6ste lodtr\u00e6kning, kan du altid oprette et lod til den n\u00e6ste lodtr\u00e6kning, som kun er f\u00e5 minutter v\u00e6k!<\/p>\n<p>Keno-tr\u00e6kningerne er virtuelle tr\u00e6kninger, hvor tallene genereres af en certificeret Random Numbers Generator. P\u00e5 den m\u00e5de kan du v\u00e6re sikker p\u00e5, at spillet altid er fair, n\u00e5r du spiller Keno online p\u00e5 vores hjemmeside.<\/p>\n<p>I \u00f8vrigt er dette ikke et offentligt lotteri, hvor du kan k\u00f8be lodder et eller andet sted p\u00e5 et lotterisalgssted. Derfor modtager du ikke nogen scannet kupon til Keno-spillene, men blot en bekr\u00e6ftelse p\u00e5 din spillerkonto.<\/p>\n","protected":false},"excerpt":{"rendered":"<p>Ved du ikke, hvordan man spiller Keno online? S\u00e5 du ved, hvordan et lotteri fungerer, men har aldrig spillet Keno? Lad mig forklare, hvordan man spiller Keno online. Det er ikke s\u00e5 sv\u00e6rt at forst\u00e5, og vores platform g\u00f8r det nemt at oprette en Keno-kupon. Forskelle mellem et almindeligt lotteri og Keno N\u00e5r du spiller [&hellip;]<\/p>\n","protected":false},"author":8,"featured_media":0,"parent":0,"menu_order":5,"comment_status":"closed","ping_status":"closed","template":"","meta":{"_et_pb_use_builder":"","_et_pb_old_content":"","_et_gb_content_width":"","exclude_from_search":false,"footnotes":""},"class_list":["post-84382","page","type-page","status-publish","hentry"],"yoast_head":"<!-- This site is optimized with the Yoast SEO plugin v23.8 - https:\/\/yoast.com\/wordpress\/plugins\/seo\/ -->\n<title>S\u00e5dan spiller du Keno online | Regler og strategi for Keno online<\/title>\n<meta name=\"description\" content=\"Vil du vinde stort i Keno? S\u00e5dan spiller du Keno online med topgevinster p\u00e5 op til 10 millioner euro og med lodtr\u00e6kninger, der aldrig er mere end et par minutter v\u00e6k.\" \/>\n<meta name=\"robots\" content=\"index, follow, max-snippet:-1, max-image-preview:large, max-video-preview:-1\" \/>\n<link rel=\"canonical\" href=\"https:\/\/redfoxlotto.com\/da\/keno\/\" \/>\n<meta property=\"og:locale\" content=\"da_DK\" \/>\n<meta property=\"og:type\" content=\"article\" \/>\n<meta property=\"og:title\" content=\"S\u00e5dan spiller du Keno online | Regler og strategi for Keno online\" \/>\n<meta property=\"og:description\" content=\"Vil du vinde stort i Keno? S\u00e5dan spiller du Keno online med topgevinster p\u00e5 op til 10 millioner euro og med lodtr\u00e6kninger, der aldrig er mere end et par minutter v\u00e6k.\" \/>\n<meta property=\"og:url\" content=\"https:\/\/redfoxlotto.com\/da\/keno\/\" \/>\n<meta property=\"og:site_name\" content=\"Get Tickets for the World\u2019s largest jackpots\" \/>\n<meta property=\"article:modified_time\" content=\"2025-10-09T14:01:56+00:00\" \/>\n<meta property=\"og:image\" content=\"https:\/\/redfoxlotto.com\/wp-content\/uploads\/2025\/10\/3-scaled.png\" \/>\n<meta name=\"twitter:card\" content=\"summary_large_image\" \/>\n<meta name=\"twitter:label1\" content=\"Estimeret l\u00e6setid\" \/>\n\t<meta name=\"twitter:data1\" content=\"4 minutter\" \/>\n<script type=\"application\/ld+json\" class=\"yoast-schema-graph\">{\"@context\":\"https:\/\/schema.org\",\"@graph\":[{\"@type\":\"WebPage\",\"@id\":\"https:\/\/redfoxlotto.com\/da\/keno\/\",\"url\":\"https:\/\/redfoxlotto.com\/da\/keno\/\",\"name\":\"S\u00e5dan spiller du Keno online | Regler og strategi for Keno online\",\"isPartOf\":{\"@id\":\"https:\/\/redfoxlotto.com\/da\/#website\"},\"primaryImageOfPage\":{\"@id\":\"https:\/\/redfoxlotto.com\/da\/keno\/#primaryimage\"},\"image\":{\"@id\":\"https:\/\/redfoxlotto.com\/da\/keno\/#primaryimage\"},\"thumbnailUrl\":\"https:\/\/redfoxlotto.com\/wp-content\/uploads\/2025\/10\/3-scaled.png\",\"datePublished\":\"2025-02-12T11:12:52+00:00\",\"dateModified\":\"2025-10-09T14:01:56+00:00\",\"description\":\"Vil du vinde stort i Keno? S\u00e5dan spiller du Keno online med topgevinster p\u00e5 op til 10 millioner euro og med lodtr\u00e6kninger, der aldrig er mere end et par minutter v\u00e6k.\",\"breadcrumb\":{\"@id\":\"https:\/\/redfoxlotto.com\/da\/keno\/#breadcrumb\"},\"inLanguage\":\"da-DK\",\"potentialAction\":[{\"@type\":\"ReadAction\",\"target\":[\"https:\/\/redfoxlotto.com\/da\/keno\/\"]}]},{\"@type\":\"ImageObject\",\"inLanguage\":\"da-DK\",\"@id\":\"https:\/\/redfoxlotto.com\/da\/keno\/#primaryimage\",\"url\":\"https:\/\/redfoxlotto.com\/wp-content\/uploads\/2025\/10\/3-scaled.png\",\"contentUrl\":\"https:\/\/redfoxlotto.com\/wp-content\/uploads\/2025\/10\/3-scaled.png\"},{\"@type\":\"BreadcrumbList\",\"@id\":\"https:\/\/redfoxlotto.com\/da\/keno\/#breadcrumb\",\"itemListElement\":[{\"@type\":\"ListItem\",\"position\":1,\"name\":\"Home\",\"item\":\"https:\/\/redfoxlotto.com\/da\/\"},{\"@type\":\"ListItem\",\"position\":2,\"name\":\"Keno\"}]},{\"@type\":\"WebSite\",\"@id\":\"https:\/\/redfoxlotto.com\/da\/#website\",\"url\":\"https:\/\/redfoxlotto.com\/da\/\",\"name\":\"Get Tickets for the World\u2019s largest jackpots\",\"description\":\"Participate in worldwide lottery jackpots from any country\",\"publisher\":{\"@id\":\"https:\/\/redfoxlotto.com\/da\/#organization\"},\"potentialAction\":[{\"@type\":\"SearchAction\",\"target\":{\"@type\":\"EntryPoint\",\"urlTemplate\":\"https:\/\/redfoxlotto.com\/da\/?s={search_term_string}\"},\"query-input\":{\"@type\":\"PropertyValueSpecification\",\"valueRequired\":true,\"valueName\":\"search_term_string\"}}],\"inLanguage\":\"da-DK\"},{\"@type\":\"Organization\",\"@id\":\"https:\/\/redfoxlotto.com\/da\/#organization\",\"name\":\"Get Tickets for the World\u2019s largest jackpots\",\"url\":\"https:\/\/redfoxlotto.com\/da\/\",\"logo\":{\"@type\":\"ImageObject\",\"inLanguage\":\"da-DK\",\"@id\":\"https:\/\/redfoxlotto.com\/da\/#\/schema\/logo\/image\/\",\"url\":\"https:\/\/redfoxlotto.com\/wp-content\/uploads\/2023\/04\/logo.png\",\"contentUrl\":\"https:\/\/redfoxlotto.com\/wp-content\/uploads\/2023\/04\/logo.png\",\"width\":269,\"height\":53,\"caption\":\"Get Tickets for the World\u2019s largest jackpots\"},\"image\":{\"@id\":\"https:\/\/redfoxlotto.com\/da\/#\/schema\/logo\/image\/\"}}]}<\/script>\n<!-- \/ Yoast SEO plugin. -->","yoast_head_json":{"title":"S\u00e5dan spiller du Keno online | Regler og strategi for Keno online","description":"Vil du vinde stort i Keno? S\u00e5dan spiller du Keno online med topgevinster p\u00e5 op til 10 millioner euro og med lodtr\u00e6kninger, der aldrig er mere end et par minutter v\u00e6k.","robots":{"index":"index","follow":"follow","max-snippet":"max-snippet:-1","max-image-preview":"max-image-preview:large","max-video-preview":"max-video-preview:-1"},"canonical":"https:\/\/redfoxlotto.com\/da\/keno\/","og_locale":"da_DK","og_type":"article","og_title":"S\u00e5dan spiller du Keno online | Regler og strategi for Keno online","og_description":"Vil du vinde stort i Keno? S\u00e5dan spiller du Keno online med topgevinster p\u00e5 op til 10 millioner euro og med lodtr\u00e6kninger, der aldrig er mere end et par minutter v\u00e6k.","og_url":"https:\/\/redfoxlotto.com\/da\/keno\/","og_site_name":"Get Tickets for the World\u2019s largest jackpots","article_modified_time":"2025-10-09T14:01:56+00:00","og_image":[{"url":"https:\/\/redfoxlotto.com\/wp-content\/uploads\/2025\/10\/3-scaled.png"}],"twitter_card":"summary_large_image","twitter_misc":{"Estimeret l\u00e6setid":"4 minutter"},"schema":{"@context":"https:\/\/schema.org","@graph":[{"@type":"WebPage","@id":"https:\/\/redfoxlotto.com\/da\/keno\/","url":"https:\/\/redfoxlotto.com\/da\/keno\/","name":"S\u00e5dan spiller du Keno online | Regler og strategi for Keno online","isPartOf":{"@id":"https:\/\/redfoxlotto.com\/da\/#website"},"primaryImageOfPage":{"@id":"https:\/\/redfoxlotto.com\/da\/keno\/#primaryimage"},"image":{"@id":"https:\/\/redfoxlotto.com\/da\/keno\/#primaryimage"},"thumbnailUrl":"https:\/\/redfoxlotto.com\/wp-content\/uploads\/2025\/10\/3-scaled.png","datePublished":"2025-02-12T11:12:52+00:00","dateModified":"2025-10-09T14:01:56+00:00","description":"Vil du vinde stort i Keno? S\u00e5dan spiller du Keno online med topgevinster p\u00e5 op til 10 millioner euro og med lodtr\u00e6kninger, der aldrig er mere end et par minutter v\u00e6k.","breadcrumb":{"@id":"https:\/\/redfoxlotto.com\/da\/keno\/#breadcrumb"},"inLanguage":"da-DK","potentialAction":[{"@type":"ReadAction","target":["https:\/\/redfoxlotto.com\/da\/keno\/"]}]},{"@type":"ImageObject","inLanguage":"da-DK","@id":"https:\/\/redfoxlotto.com\/da\/keno\/#primaryimage","url":"https:\/\/redfoxlotto.com\/wp-content\/uploads\/2025\/10\/3-scaled.png","contentUrl":"https:\/\/redfoxlotto.com\/wp-content\/uploads\/2025\/10\/3-scaled.png"},{"@type":"BreadcrumbList","@id":"https:\/\/redfoxlotto.com\/da\/keno\/#breadcrumb","itemListElement":[{"@type":"ListItem","position":1,"name":"Home","item":"https:\/\/redfoxlotto.com\/da\/"},{"@type":"ListItem","position":2,"name":"Keno"}]},{"@type":"WebSite","@id":"https:\/\/redfoxlotto.com\/da\/#website","url":"https:\/\/redfoxlotto.com\/da\/","name":"Get Tickets for the World\u2019s largest jackpots","description":"Participate in worldwide lottery jackpots from any country","publisher":{"@id":"https:\/\/redfoxlotto.com\/da\/#organization"},"potentialAction":[{"@type":"SearchAction","target":{"@type":"EntryPoint","urlTemplate":"https:\/\/redfoxlotto.com\/da\/?s={search_term_string}"},"query-input":{"@type":"PropertyValueSpecification","valueRequired":true,"valueName":"search_term_string"}}],"inLanguage":"da-DK"},{"@type":"Organization","@id":"https:\/\/redfoxlotto.com\/da\/#organization","name":"Get Tickets for the World\u2019s largest jackpots","url":"https:\/\/redfoxlotto.com\/da\/","logo":{"@type":"ImageObject","inLanguage":"da-DK","@id":"https:\/\/redfoxlotto.com\/da\/#\/schema\/logo\/image\/","url":"https:\/\/redfoxlotto.com\/wp-content\/uploads\/2023\/04\/logo.png","contentUrl":"https:\/\/redfoxlotto.com\/wp-content\/uploads\/2023\/04\/logo.png","width":269,"height":53,"caption":"Get Tickets for the World\u2019s largest jackpots"},"image":{"@id":"https:\/\/redfoxlotto.com\/da\/#\/schema\/logo\/image\/"}}]}},"_links":{"self":[{"href":"https:\/\/redfoxlotto.com\/da\/wp-json\/wp\/v2\/pages\/84382","targetHints":{"allow":["GET"]}}],"collection":[{"href":"https:\/\/redfoxlotto.com\/da\/wp-json\/wp\/v2\/pages"}],"about":[{"href":"https:\/\/redfoxlotto.com\/da\/wp-json\/wp\/v2\/types\/page"}],"author":[{"embeddable":true,"href":"https:\/\/redfoxlotto.com\/da\/wp-json\/wp\/v2\/users\/8"}],"replies":[{"embeddable":true,"href":"https:\/\/redfoxlotto.com\/da\/wp-json\/wp\/v2\/comments?post=84382"}],"version-history":[{"count":0,"href":"https:\/\/redfoxlotto.com\/da\/wp-json\/wp\/v2\/pages\/84382\/revisions"}],"wp:attachment":[{"href":"https:\/\/redfoxlotto.com\/da\/wp-json\/wp\/v2\/media?parent=84382"}],"curies":[{"name":"wp","href":"https:\/\/api.w.org\/{rel}","templated":true}]}}