{"id":5878,"date":"2018-11-18T08:54:25","date_gmt":"2018-11-18T08:54:25","guid":{"rendered":"https:\/\/redfoxlotto.com\/?page_id=5878"},"modified":"2019-11-21T11:31:26","modified_gmt":"2019-11-21T11:31:26","slug":"saturday-lotto-au","status":"publish","type":"page","link":"https:\/\/redfoxlotto.com\/da\/resultater\/saturday-lotto-au\/","title":{"rendered":"Saturday Lotto Resultater"},"content":{"rendered":"<h2 class=\"wp-block-heading\">Saturday Lotto resultater p\u00e5 RedFoxLotto<\/h2><p><img loading=\"lazy\" decoding=\"async\" class=\" wp-image alignright\" src=\"https:\/\/content.redfoxlotto.com\/uploads\/sites\/9\/1_draw_lottery_results.jpg\" alt=\"Saturday Lotto\" width=\"238\" height=\"238\" \/><\/p><p>S\u00e5 snart lodtr\u00e6kningen er f\u00e6rdig, vil resultaterne blive vist her. Oplysningerne omfatter vindertallene, den ansl\u00e5ede n\u00e6ste jackpot og pr\u00e6miebel\u00f8bet for de forskellige pr\u00e6mieniveauer.<\/p><!--more read more--><p>Hvis du \u00f8nsker at se resultaterne fra de tidligere udtr\u00e6kninger, kan du bruge arkivet ved at klikke p\u00e5 datoen i dropdown menuen. Arkivet viser resultater fra de seneste tre \u00e5r.<\/p><h2 class=\"wp-block-heading\">Antal udtr\u00e6kninger og udbetalingsoplysninger fra alle andre lotterier<\/h2><p><img loading=\"lazy\" decoding=\"async\" class=\" wp-image alignright\" src=\"https:\/\/content.redfoxlotto.com\/uploads\/sites\/9\/1_draw_lottery_numbers.jpg\" alt=\"vindende numre\" width=\"253\" height=\"179\" \/><\/p><p>For en side-by-side oversigt over alle de seneste spilleresultater, <strong>klik p\u00e5 de vigtigste &#8220;resultater&#8221; menu p\u00e5 toppen<\/strong>. Det bringer dig til en side med alle resultaterne. P\u00e5 denne side, kan du se de sidste udtrukne numre, samt det samlede bel\u00f8b, der udbetales for hver enkelt lotteri.<\/p><p>Du kan ogs\u00e5 bruge denne oversigt for at f\u00e5 nogle ideer om hvilke numre du v\u00e6lge til din n\u00e6ste lottokupon (<strong>enten til Saturday Lotto eller andre spil<\/strong>). Brug &#8220;cold&#8221; tal (tal, der ikke vises i nogen af de sidste resultater) eller hot tal (tal, som har vundet i flere spil). Eller du kan blande hot &amp; cold numrene og tilf\u00f8je nogle af dine egne lykketal!<\/p><h2 class=\"wp-block-heading\">Den nemmeste og hurtigste m\u00e5de at kontrollere, om du har vinderkuponen <\/h2><p>For at sammenligne de vindertallene med dine egne, kan du ogs\u00e5 klikke p\u00e5 menuen \u00f8verst til h\u00f8jre &#8220;min konto\/mine billetter&#8221;. I dette omr\u00e5de kan du se alle tidligere og aktive kuponer. I en kolonne, kan du straks se, om en af dine kuponer har vundet, samt st\u00f8rrelsen p\u00e5 pr\u00e6mien.<\/p><p>Klik p\u00e5 symbolet for forst\u00f8rrelsesglasset (p\u00e5 h\u00f8jre side) for enhver kupon, <strong>og du vil se resultaterne og dine tal ved siden af hinanden<\/strong>. Ogs\u00e5, alle numre som matcher dine vil v\u00e6re fremh\u00e6vet.<\/p>","protected":false},"excerpt":{"rendered":"<p>Saturday Lotto resultater p\u00e5 RedFoxLotto S\u00e5 snart lodtr\u00e6kningen er f\u00e6rdig, vil resultaterne blive vist her. Oplysningerne omfatter vindertallene, den ansl\u00e5ede n\u00e6ste jackpot og pr\u00e6miebel\u00f8bet for de forskellige pr\u00e6mieniveauer.<\/p>\n","protected":false},"author":1,"featured_media":0,"parent":5010,"menu_order":22,"comment_status":"closed","ping_status":"closed","template":"saturday-lotto-results.php","meta":{"_et_pb_use_builder":"","_et_pb_old_content":"","_et_gb_content_width":"","exclude_from_search":false,"footnotes":""},"class_list":["post-5878","page","type-page","status-publish","hentry"],"yoast_head":"<!-- This site is optimized with the Yoast SEO plugin v27.3 - https:\/\/yoast.com\/product\/yoast-seo-wordpress\/ -->\n<title>Saturday Lotto vindertal og resultater<\/title>\n<meta name=\"description\" content=\"Her er vindertallene fra Saturday Lotto\" \/>\n<meta name=\"robots\" content=\"index, follow, max-snippet:-1, max-image-preview:large, max-video-preview:-1\" \/>\n<link rel=\"canonical\" href=\"https:\/\/redfoxlotto.com\/da\/resultater\/saturday-lotto-au\/\" \/>\n<meta property=\"og:locale\" content=\"da_DK\" \/>\n<meta property=\"og:type\" content=\"article\" \/>\n<meta property=\"og:title\" content=\"Saturday Lotto vindertal og resultater\" \/>\n<meta property=\"og:description\" content=\"Her er vindertallene fra Saturday Lotto\" \/>\n<meta property=\"og:url\" content=\"https:\/\/redfoxlotto.com\/da\/resultater\/saturday-lotto-au\/\" \/>\n<meta property=\"og:site_name\" content=\"Get Tickets for the World\u2019s largest jackpots\" \/>\n<meta property=\"article:modified_time\" content=\"2019-11-21T11:31:26+00:00\" \/>\n<meta property=\"og:image\" content=\"https:\/\/content.redfoxlotto.com\/uploads\/sites\/9\/1_draw_lottery_results.jpg\" \/>\n<meta name=\"twitter:card\" content=\"summary_large_image\" \/>\n<meta name=\"twitter:label1\" content=\"Estimeret l\u00e6setid\" \/>\n\t<meta name=\"twitter:data1\" content=\"2 minutter\" \/>\n<script type=\"application\/ld+json\" class=\"yoast-schema-graph\">{\"@context\":\"https:\\\/\\\/schema.org\",\"@graph\":[{\"@type\":\"WebPage\",\"@id\":\"https:\\\/\\\/redfoxlotto.com\\\/da\\\/resultater\\\/saturday-lotto-au\\\/\",\"url\":\"https:\\\/\\\/redfoxlotto.com\\\/da\\\/resultater\\\/saturday-lotto-au\\\/\",\"name\":\"Saturday Lotto vindertal og resultater\",\"isPartOf\":{\"@id\":\"https:\\\/\\\/redfoxlotto.com\\\/da\\\/#website\"},\"primaryImageOfPage\":{\"@id\":\"https:\\\/\\\/redfoxlotto.com\\\/da\\\/resultater\\\/saturday-lotto-au\\\/#primaryimage\"},\"image\":{\"@id\":\"https:\\\/\\\/redfoxlotto.com\\\/da\\\/resultater\\\/saturday-lotto-au\\\/#primaryimage\"},\"thumbnailUrl\":\"https:\\\/\\\/content.redfoxlotto.com\\\/uploads\\\/sites\\\/9\\\/1_draw_lottery_results.jpg\",\"datePublished\":\"2018-11-18T08:54:25+00:00\",\"dateModified\":\"2019-11-21T11:31:26+00:00\",\"description\":\"Her er vindertallene fra Saturday Lotto\",\"breadcrumb\":{\"@id\":\"https:\\\/\\\/redfoxlotto.com\\\/da\\\/resultater\\\/saturday-lotto-au\\\/#breadcrumb\"},\"inLanguage\":\"da-DK\",\"potentialAction\":[{\"@type\":\"ReadAction\",\"target\":[\"https:\\\/\\\/redfoxlotto.com\\\/da\\\/resultater\\\/saturday-lotto-au\\\/\"]}]},{\"@type\":\"ImageObject\",\"inLanguage\":\"da-DK\",\"@id\":\"https:\\\/\\\/redfoxlotto.com\\\/da\\\/resultater\\\/saturday-lotto-au\\\/#primaryimage\",\"url\":\"https:\\\/\\\/content.redfoxlotto.com\\\/uploads\\\/sites\\\/9\\\/1_draw_lottery_results.jpg\",\"contentUrl\":\"https:\\\/\\\/content.redfoxlotto.com\\\/uploads\\\/sites\\\/9\\\/1_draw_lottery_results.jpg\"},{\"@type\":\"BreadcrumbList\",\"@id\":\"https:\\\/\\\/redfoxlotto.com\\\/da\\\/resultater\\\/saturday-lotto-au\\\/#breadcrumb\",\"itemListElement\":[{\"@type\":\"ListItem\",\"position\":1,\"name\":\"Home\",\"item\":\"https:\\\/\\\/redfoxlotto.com\\\/da\\\/\"},{\"@type\":\"ListItem\",\"position\":2,\"name\":\"Internationale lottoresultater\",\"item\":\"https:\\\/\\\/redfoxlotto.com\\\/da\\\/resultater\\\/\"},{\"@type\":\"ListItem\",\"position\":3,\"name\":\"Saturday Lotto Resultater\"}]},{\"@type\":\"WebSite\",\"@id\":\"https:\\\/\\\/redfoxlotto.com\\\/da\\\/#website\",\"url\":\"https:\\\/\\\/redfoxlotto.com\\\/da\\\/\",\"name\":\"Get Tickets for the World\u2019s largest jackpots\",\"description\":\"Participate in worldwide lottery jackpots from any country\",\"publisher\":{\"@id\":\"https:\\\/\\\/redfoxlotto.com\\\/da\\\/#organization\"},\"potentialAction\":[{\"@type\":\"SearchAction\",\"target\":{\"@type\":\"EntryPoint\",\"urlTemplate\":\"https:\\\/\\\/redfoxlotto.com\\\/da\\\/?s={search_term_string}\"},\"query-input\":{\"@type\":\"PropertyValueSpecification\",\"valueRequired\":true,\"valueName\":\"search_term_string\"}}],\"inLanguage\":\"da-DK\"},{\"@type\":\"Organization\",\"@id\":\"https:\\\/\\\/redfoxlotto.com\\\/da\\\/#organization\",\"name\":\"Get Tickets for the World\u2019s largest jackpots\",\"url\":\"https:\\\/\\\/redfoxlotto.com\\\/da\\\/\",\"logo\":{\"@type\":\"ImageObject\",\"inLanguage\":\"da-DK\",\"@id\":\"https:\\\/\\\/redfoxlotto.com\\\/da\\\/#\\\/schema\\\/logo\\\/image\\\/\",\"url\":\"https:\\\/\\\/redfoxlotto.com\\\/wp-content\\\/uploads\\\/2023\\\/04\\\/logo.png\",\"contentUrl\":\"https:\\\/\\\/redfoxlotto.com\\\/wp-content\\\/uploads\\\/2023\\\/04\\\/logo.png\",\"width\":269,\"height\":53,\"caption\":\"Get Tickets for the World\u2019s largest jackpots\"},\"image\":{\"@id\":\"https:\\\/\\\/redfoxlotto.com\\\/da\\\/#\\\/schema\\\/logo\\\/image\\\/\"}}]}<\/script>\n<!-- \/ Yoast SEO plugin. -->","yoast_head_json":{"title":"Saturday Lotto vindertal og resultater","description":"Her er vindertallene fra Saturday Lotto","robots":{"index":"index","follow":"follow","max-snippet":"max-snippet:-1","max-image-preview":"max-image-preview:large","max-video-preview":"max-video-preview:-1"},"canonical":"https:\/\/redfoxlotto.com\/da\/resultater\/saturday-lotto-au\/","og_locale":"da_DK","og_type":"article","og_title":"Saturday Lotto vindertal og resultater","og_description":"Her er vindertallene fra Saturday Lotto","og_url":"https:\/\/redfoxlotto.com\/da\/resultater\/saturday-lotto-au\/","og_site_name":"Get Tickets for the World\u2019s largest jackpots","article_modified_time":"2019-11-21T11:31:26+00:00","og_image":[{"url":"https:\/\/content.redfoxlotto.com\/uploads\/sites\/9\/1_draw_lottery_results.jpg","type":"","width":"","height":""}],"twitter_card":"summary_large_image","twitter_misc":{"Estimeret l\u00e6setid":"2 minutter"},"schema":{"@context":"https:\/\/schema.org","@graph":[{"@type":"WebPage","@id":"https:\/\/redfoxlotto.com\/da\/resultater\/saturday-lotto-au\/","url":"https:\/\/redfoxlotto.com\/da\/resultater\/saturday-lotto-au\/","name":"Saturday Lotto vindertal og resultater","isPartOf":{"@id":"https:\/\/redfoxlotto.com\/da\/#website"},"primaryImageOfPage":{"@id":"https:\/\/redfoxlotto.com\/da\/resultater\/saturday-lotto-au\/#primaryimage"},"image":{"@id":"https:\/\/redfoxlotto.com\/da\/resultater\/saturday-lotto-au\/#primaryimage"},"thumbnailUrl":"https:\/\/content.redfoxlotto.com\/uploads\/sites\/9\/1_draw_lottery_results.jpg","datePublished":"2018-11-18T08:54:25+00:00","dateModified":"2019-11-21T11:31:26+00:00","description":"Her er vindertallene fra Saturday Lotto","breadcrumb":{"@id":"https:\/\/redfoxlotto.com\/da\/resultater\/saturday-lotto-au\/#breadcrumb"},"inLanguage":"da-DK","potentialAction":[{"@type":"ReadAction","target":["https:\/\/redfoxlotto.com\/da\/resultater\/saturday-lotto-au\/"]}]},{"@type":"ImageObject","inLanguage":"da-DK","@id":"https:\/\/redfoxlotto.com\/da\/resultater\/saturday-lotto-au\/#primaryimage","url":"https:\/\/content.redfoxlotto.com\/uploads\/sites\/9\/1_draw_lottery_results.jpg","contentUrl":"https:\/\/content.redfoxlotto.com\/uploads\/sites\/9\/1_draw_lottery_results.jpg"},{"@type":"BreadcrumbList","@id":"https:\/\/redfoxlotto.com\/da\/resultater\/saturday-lotto-au\/#breadcrumb","itemListElement":[{"@type":"ListItem","position":1,"name":"Home","item":"https:\/\/redfoxlotto.com\/da\/"},{"@type":"ListItem","position":2,"name":"Internationale lottoresultater","item":"https:\/\/redfoxlotto.com\/da\/resultater\/"},{"@type":"ListItem","position":3,"name":"Saturday Lotto Resultater"}]},{"@type":"WebSite","@id":"https:\/\/redfoxlotto.com\/da\/#website","url":"https:\/\/redfoxlotto.com\/da\/","name":"Get Tickets for the World\u2019s largest jackpots","description":"Participate in worldwide lottery jackpots from any country","publisher":{"@id":"https:\/\/redfoxlotto.com\/da\/#organization"},"potentialAction":[{"@type":"SearchAction","target":{"@type":"EntryPoint","urlTemplate":"https:\/\/redfoxlotto.com\/da\/?s={search_term_string}"},"query-input":{"@type":"PropertyValueSpecification","valueRequired":true,"valueName":"search_term_string"}}],"inLanguage":"da-DK"},{"@type":"Organization","@id":"https:\/\/redfoxlotto.com\/da\/#organization","name":"Get Tickets for the World\u2019s largest jackpots","url":"https:\/\/redfoxlotto.com\/da\/","logo":{"@type":"ImageObject","inLanguage":"da-DK","@id":"https:\/\/redfoxlotto.com\/da\/#\/schema\/logo\/image\/","url":"https:\/\/redfoxlotto.com\/wp-content\/uploads\/2023\/04\/logo.png","contentUrl":"https:\/\/redfoxlotto.com\/wp-content\/uploads\/2023\/04\/logo.png","width":269,"height":53,"caption":"Get Tickets for the World\u2019s largest jackpots"},"image":{"@id":"https:\/\/redfoxlotto.com\/da\/#\/schema\/logo\/image\/"}}]}},"_links":{"self":[{"href":"https:\/\/redfoxlotto.com\/da\/wp-json\/wp\/v2\/pages\/5878","targetHints":{"allow":["GET"]}}],"collection":[{"href":"https:\/\/redfoxlotto.com\/da\/wp-json\/wp\/v2\/pages"}],"about":[{"href":"https:\/\/redfoxlotto.com\/da\/wp-json\/wp\/v2\/types\/page"}],"author":[{"embeddable":true,"href":"https:\/\/redfoxlotto.com\/da\/wp-json\/wp\/v2\/users\/1"}],"replies":[{"embeddable":true,"href":"https:\/\/redfoxlotto.com\/da\/wp-json\/wp\/v2\/comments?post=5878"}],"version-history":[{"count":0,"href":"https:\/\/redfoxlotto.com\/da\/wp-json\/wp\/v2\/pages\/5878\/revisions"}],"up":[{"embeddable":true,"href":"https:\/\/redfoxlotto.com\/da\/wp-json\/wp\/v2\/pages\/5010"}],"wp:attachment":[{"href":"https:\/\/redfoxlotto.com\/da\/wp-json\/wp\/v2\/media?parent=5878"}],"curies":[{"name":"wp","href":"https:\/\/api.w.org\/{rel}","templated":true}]}}