{"id":5876,"date":"2023-04-24T18:24:48","date_gmt":"2023-04-24T18:24:48","guid":{"rendered":"https:\/\/redfoxlotto.com\/?page_id=5876"},"modified":"2025-12-11T08:11:43","modified_gmt":"2025-12-11T08:11:43","slug":"saturday-lotto-au","status":"publish","type":"page","link":"https:\/\/redfoxlotto.com\/da\/spil\/saturday-lotto-au\/","title":{"rendered":"Spil Saturday Lotto Australia"},"content":{"rendered":"<script type=\"application\/ld+json\">\r\n{\r\n  \"@context\": \"https:\/\/schema.org\",\r\n  \"@type\": \"Service\",\r\n  \"name\": \"Saturday Lotto Australia online\",\r\n  \"url\": \"https:\/\/redfoxlotto.com\/da\/spil\/saturday-lotto-au\/\",\r\n  \"description\": \"K\u00f8b officielle Saturday Lotto Australia-billetter online gennem RedFoxLotto. V\u00e6lg dine tal og deltag i n\u00e6ste lodtr\u00e6kning.\",\r\n  \"serviceType\": \"Online lottery ticket purchase\",\r\n\r\n  \"provider\": {\r\n    \"@type\": \"Organization\",\r\n    \"name\": \"RedFoxLotto\",\r\n    \"url\": \"https:\/\/redfoxlotto.com\",\r\n    \"logo\": \"https:\/\/redfoxlotto.com\/wp-content\/uploads\/logo.png\"\r\n  },\r\n\r\n  \"areaServed\": \"Worldwide\",\r\n  \"termsOfService\": \"https:\/\/redfoxlotto.com\/terms-and-conditions\",\r\n\r\n  \"hasOfferCatalog\": {\r\n    \"@type\": \"OfferCatalog\",\r\n    \"name\": \"Saturday Lotto Australia Offers\",\r\n    \"itemListElement\": [\r\n      {\r\n        \"@type\": \"Offer\",\r\n        \"name\": \"Lotto Saturday Lotto Australia Ticket\",\r\n        \"url\": \"https:\/\/redfoxlotto.com\/da\/spil\/saturday-lotto-au\/\",\r\n        \"description\": \"\u00c9n deltagelse i n\u00e6ste Saturday Lotto Australia-lodtr\u00e6kning.\",\r\n        \"price\": \"1.50\",\r\n        \"priceCurrency\": \"EUR\",\r\n        \"availability\": \"https:\/\/schema.org\/InStock\",\r\n\r\n        \"itemOffered\": {\r\n          \"@type\": \"Service\",\r\n          \"name\": \"Saturday Lotto Australia Entry\",\r\n          \"description\": \"Deltagelse i n\u00e6ste Saturday Lotto Australia-lodtr\u00e6kning gennem RedFoxLotto.\"\r\n        }\r\n      }\r\n    ]\r\n  },\r\n\r\n  \"mainEntityOfPage\": {\r\n    \"@type\": \"WebPage\",\r\n    \"@id\": \"https:\/\/redfoxlotto.com\/da\/spil\/saturday-lotto-au\/\"\r\n  }\r\n}\r\n<\/script>\r\n\r\n<p><img loading=\"lazy\" decoding=\"async\" class=\" wp-image alignright\" src=\"https:\/\/content.redfoxlotto.com\/uploads\/sites\/9\/2_ticket_saturday_lotto_au.jpg\" alt=\"Spil Saturday Lotto Australia online\" width=\"134\" height=\"243\" \/><\/p><p>Distancen er ikke l\u00e6ngere en barriere fra at spille med i <strong>Australiens Saturday Lotto, da man kan spille det fra overalt i verden<\/strong>. Alt du beh\u00f8ver er bare en enhed, der kan f\u00e5 adgang til internettet, og du kan m\u00e5ske vinde Australiens Saturday Lotto.<\/p><p><!--more read more--><\/p><h2 class=\"wp-block-heading\">S\u00e5dan spiller man online<\/h2><p>Bare opret en konto hos RedFoxLotto, v\u00e6lg din favorit 6 numre ud af 45 eller bruge en quick-pick mulighed, hvor numrene er tilf\u00e6ldigt udvalgt for dig. Du f\u00e5r ogs\u00e5 en e-mail, som bekr\u00e6fter din reserverede billet.<\/p><p>Betaling for lottokuponerne er lige s\u00e5 enkelt som at v\u00e6lge dine numre, <strong>da der er flere betalingsmuligheder til r\u00e5dighed.<\/strong><\/p><p><img loading=\"lazy\" decoding=\"async\" class=\" wp-image alignright\" src=\"https:\/\/content.redfoxlotto.com\/uploads\/sites\/9\/1_lotto_jackpot_online.jpg\" alt=\"Australia lotteri l\u00f8rdag\" width=\"176\" height=\"205\" \/><\/p><p>Udtr\u00e6kningen til Saturday Lotto sker hver l\u00f8rdag aften, hvor 8 numre tr\u00e6kkes. De f\u00f8rste 6 numre er de vigtigste tal og bruges til at afg\u00f8re hvem der vinder hovedpr\u00e6mien. De resterende 2 numre er de supplerende numre, som bestemmer hvem vinder de mindre pr\u00e6mier.<\/p><p>RedFoxLotto vil s\u00f8rge for, at du er underrettet om din gevinst. Hvis dine gevinster er sm\u00e5, bliver de sendt til din kundekonto. Derfra kan du overf\u00f8re dem til din bankkonto, eller bruge dem til at k\u00f8be flere lottokuponer. Hvis dine gevinster er store, vil en kundeservicemedarbejder kontakte dig for at arrangere, hvordan du vil modtage dine penge.<\/p>","protected":false},"excerpt":{"rendered":"<p>Distancen er ikke l\u00e6ngere en barriere fra at spille med i Australiens Saturday Lotto, da man kan spille det fra overalt i verden. Alt du beh\u00f8ver er bare en enhed, der kan f\u00e5 adgang til internettet, og du kan m\u00e5ske vinde Australiens Saturday Lotto.<\/p>\n","protected":false},"author":1,"featured_media":0,"parent":5020,"menu_order":20,"comment_status":"closed","ping_status":"closed","template":"saturday-lotto.php","meta":{"_et_pb_use_builder":"","_et_pb_old_content":"","_et_gb_content_width":"","exclude_from_search":false,"footnotes":""},"class_list":["post-5876","page","type-page","status-publish","hentry"],"yoast_head":"<!-- This site is optimized with the Yoast SEO plugin v23.8 - https:\/\/yoast.com\/wordpress\/plugins\/seo\/ -->\n<title>Book dine lottokuponer online og spil Saturday Lotto i Australien<\/title>\n<meta name=\"description\" content=\"Book dine lottokuponer online og spil Saturday Lotto i Australien\" \/>\n<meta name=\"robots\" content=\"index, follow, max-snippet:-1, max-image-preview:large, max-video-preview:-1\" \/>\n<link rel=\"canonical\" href=\"https:\/\/redfoxlotto.com\/da\/spil\/saturday-lotto-au\/\" \/>\n<meta property=\"og:locale\" content=\"da_DK\" \/>\n<meta property=\"og:type\" content=\"article\" \/>\n<meta property=\"og:title\" content=\"Book dine lottokuponer online og spil Saturday Lotto i Australien\" \/>\n<meta property=\"og:description\" content=\"Book dine lottokuponer online og spil Saturday Lotto i Australien\" \/>\n<meta property=\"og:url\" content=\"https:\/\/redfoxlotto.com\/da\/spil\/saturday-lotto-au\/\" \/>\n<meta property=\"og:site_name\" content=\"Get Tickets for the World\u2019s largest jackpots\" \/>\n<meta property=\"article:modified_time\" content=\"2025-12-11T08:11:43+00:00\" \/>\n<meta property=\"og:image\" content=\"https:\/\/content.redfoxlotto.com\/uploads\/sites\/9\/2_ticket_saturday_lotto_au.jpg\" \/>\n<meta name=\"twitter:card\" content=\"summary_large_image\" \/>\n<meta name=\"twitter:label1\" content=\"Estimeret l\u00e6setid\" \/>\n\t<meta name=\"twitter:data1\" content=\"2 minutter\" \/>\n<script type=\"application\/ld+json\" class=\"yoast-schema-graph\">{\"@context\":\"https:\/\/schema.org\",\"@graph\":[{\"@type\":\"WebPage\",\"@id\":\"https:\/\/redfoxlotto.com\/da\/spil\/saturday-lotto-au\/\",\"url\":\"https:\/\/redfoxlotto.com\/da\/spil\/saturday-lotto-au\/\",\"name\":\"Book dine lottokuponer online og spil Saturday Lotto i Australien\",\"isPartOf\":{\"@id\":\"https:\/\/redfoxlotto.com\/da\/#website\"},\"primaryImageOfPage\":{\"@id\":\"https:\/\/redfoxlotto.com\/da\/spil\/saturday-lotto-au\/#primaryimage\"},\"image\":{\"@id\":\"https:\/\/redfoxlotto.com\/da\/spil\/saturday-lotto-au\/#primaryimage\"},\"thumbnailUrl\":\"https:\/\/content.redfoxlotto.com\/uploads\/sites\/9\/2_ticket_saturday_lotto_au.jpg\",\"datePublished\":\"2023-04-24T18:24:48+00:00\",\"dateModified\":\"2025-12-11T08:11:43+00:00\",\"description\":\"Book dine lottokuponer online og spil Saturday Lotto i Australien\",\"breadcrumb\":{\"@id\":\"https:\/\/redfoxlotto.com\/da\/spil\/saturday-lotto-au\/#breadcrumb\"},\"inLanguage\":\"da-DK\",\"potentialAction\":[{\"@type\":\"ReadAction\",\"target\":[\"https:\/\/redfoxlotto.com\/da\/spil\/saturday-lotto-au\/\"]}]},{\"@type\":\"ImageObject\",\"inLanguage\":\"da-DK\",\"@id\":\"https:\/\/redfoxlotto.com\/da\/spil\/saturday-lotto-au\/#primaryimage\",\"url\":\"https:\/\/content.redfoxlotto.com\/uploads\/sites\/9\/2_ticket_saturday_lotto_au.jpg\",\"contentUrl\":\"https:\/\/content.redfoxlotto.com\/uploads\/sites\/9\/2_ticket_saturday_lotto_au.jpg\"},{\"@type\":\"BreadcrumbList\",\"@id\":\"https:\/\/redfoxlotto.com\/da\/spil\/saturday-lotto-au\/#breadcrumb\",\"itemListElement\":[{\"@type\":\"ListItem\",\"position\":1,\"name\":\"Home\",\"item\":\"https:\/\/redfoxlotto.com\/da\/\"},{\"@type\":\"ListItem\",\"position\":2,\"name\":\"S\u00e5dan spiller du lotto fra andre lande\",\"item\":\"https:\/\/redfoxlotto.com\/da\/spil\/\"},{\"@type\":\"ListItem\",\"position\":3,\"name\":\"Spil Saturday Lotto Australia\"}]},{\"@type\":\"WebSite\",\"@id\":\"https:\/\/redfoxlotto.com\/da\/#website\",\"url\":\"https:\/\/redfoxlotto.com\/da\/\",\"name\":\"Get Tickets for the World\u2019s largest jackpots\",\"description\":\"Participate in worldwide lottery jackpots from any country\",\"publisher\":{\"@id\":\"https:\/\/redfoxlotto.com\/da\/#organization\"},\"potentialAction\":[{\"@type\":\"SearchAction\",\"target\":{\"@type\":\"EntryPoint\",\"urlTemplate\":\"https:\/\/redfoxlotto.com\/da\/?s={search_term_string}\"},\"query-input\":{\"@type\":\"PropertyValueSpecification\",\"valueRequired\":true,\"valueName\":\"search_term_string\"}}],\"inLanguage\":\"da-DK\"},{\"@type\":\"Organization\",\"@id\":\"https:\/\/redfoxlotto.com\/da\/#organization\",\"name\":\"Get Tickets for the World\u2019s largest jackpots\",\"url\":\"https:\/\/redfoxlotto.com\/da\/\",\"logo\":{\"@type\":\"ImageObject\",\"inLanguage\":\"da-DK\",\"@id\":\"https:\/\/redfoxlotto.com\/da\/#\/schema\/logo\/image\/\",\"url\":\"https:\/\/redfoxlotto.com\/wp-content\/uploads\/2023\/04\/logo.png\",\"contentUrl\":\"https:\/\/redfoxlotto.com\/wp-content\/uploads\/2023\/04\/logo.png\",\"width\":269,\"height\":53,\"caption\":\"Get Tickets for the World\u2019s largest jackpots\"},\"image\":{\"@id\":\"https:\/\/redfoxlotto.com\/da\/#\/schema\/logo\/image\/\"}}]}<\/script>\n<!-- \/ Yoast SEO plugin. -->","yoast_head_json":{"title":"Book dine lottokuponer online og spil Saturday Lotto i Australien","description":"Book dine lottokuponer online og spil Saturday Lotto i Australien","robots":{"index":"index","follow":"follow","max-snippet":"max-snippet:-1","max-image-preview":"max-image-preview:large","max-video-preview":"max-video-preview:-1"},"canonical":"https:\/\/redfoxlotto.com\/da\/spil\/saturday-lotto-au\/","og_locale":"da_DK","og_type":"article","og_title":"Book dine lottokuponer online og spil Saturday Lotto i Australien","og_description":"Book dine lottokuponer online og spil Saturday Lotto i Australien","og_url":"https:\/\/redfoxlotto.com\/da\/spil\/saturday-lotto-au\/","og_site_name":"Get Tickets for the World\u2019s largest jackpots","article_modified_time":"2025-12-11T08:11:43+00:00","og_image":[{"url":"https:\/\/content.redfoxlotto.com\/uploads\/sites\/9\/2_ticket_saturday_lotto_au.jpg"}],"twitter_card":"summary_large_image","twitter_misc":{"Estimeret l\u00e6setid":"2 minutter"},"schema":{"@context":"https:\/\/schema.org","@graph":[{"@type":"WebPage","@id":"https:\/\/redfoxlotto.com\/da\/spil\/saturday-lotto-au\/","url":"https:\/\/redfoxlotto.com\/da\/spil\/saturday-lotto-au\/","name":"Book dine lottokuponer online og spil Saturday Lotto i Australien","isPartOf":{"@id":"https:\/\/redfoxlotto.com\/da\/#website"},"primaryImageOfPage":{"@id":"https:\/\/redfoxlotto.com\/da\/spil\/saturday-lotto-au\/#primaryimage"},"image":{"@id":"https:\/\/redfoxlotto.com\/da\/spil\/saturday-lotto-au\/#primaryimage"},"thumbnailUrl":"https:\/\/content.redfoxlotto.com\/uploads\/sites\/9\/2_ticket_saturday_lotto_au.jpg","datePublished":"2023-04-24T18:24:48+00:00","dateModified":"2025-12-11T08:11:43+00:00","description":"Book dine lottokuponer online og spil Saturday Lotto i Australien","breadcrumb":{"@id":"https:\/\/redfoxlotto.com\/da\/spil\/saturday-lotto-au\/#breadcrumb"},"inLanguage":"da-DK","potentialAction":[{"@type":"ReadAction","target":["https:\/\/redfoxlotto.com\/da\/spil\/saturday-lotto-au\/"]}]},{"@type":"ImageObject","inLanguage":"da-DK","@id":"https:\/\/redfoxlotto.com\/da\/spil\/saturday-lotto-au\/#primaryimage","url":"https:\/\/content.redfoxlotto.com\/uploads\/sites\/9\/2_ticket_saturday_lotto_au.jpg","contentUrl":"https:\/\/content.redfoxlotto.com\/uploads\/sites\/9\/2_ticket_saturday_lotto_au.jpg"},{"@type":"BreadcrumbList","@id":"https:\/\/redfoxlotto.com\/da\/spil\/saturday-lotto-au\/#breadcrumb","itemListElement":[{"@type":"ListItem","position":1,"name":"Home","item":"https:\/\/redfoxlotto.com\/da\/"},{"@type":"ListItem","position":2,"name":"S\u00e5dan spiller du lotto fra andre lande","item":"https:\/\/redfoxlotto.com\/da\/spil\/"},{"@type":"ListItem","position":3,"name":"Spil Saturday Lotto Australia"}]},{"@type":"WebSite","@id":"https:\/\/redfoxlotto.com\/da\/#website","url":"https:\/\/redfoxlotto.com\/da\/","name":"Get Tickets for the World\u2019s largest jackpots","description":"Participate in worldwide lottery jackpots from any country","publisher":{"@id":"https:\/\/redfoxlotto.com\/da\/#organization"},"potentialAction":[{"@type":"SearchAction","target":{"@type":"EntryPoint","urlTemplate":"https:\/\/redfoxlotto.com\/da\/?s={search_term_string}"},"query-input":{"@type":"PropertyValueSpecification","valueRequired":true,"valueName":"search_term_string"}}],"inLanguage":"da-DK"},{"@type":"Organization","@id":"https:\/\/redfoxlotto.com\/da\/#organization","name":"Get Tickets for the World\u2019s largest jackpots","url":"https:\/\/redfoxlotto.com\/da\/","logo":{"@type":"ImageObject","inLanguage":"da-DK","@id":"https:\/\/redfoxlotto.com\/da\/#\/schema\/logo\/image\/","url":"https:\/\/redfoxlotto.com\/wp-content\/uploads\/2023\/04\/logo.png","contentUrl":"https:\/\/redfoxlotto.com\/wp-content\/uploads\/2023\/04\/logo.png","width":269,"height":53,"caption":"Get Tickets for the World\u2019s largest jackpots"},"image":{"@id":"https:\/\/redfoxlotto.com\/da\/#\/schema\/logo\/image\/"}}]}},"_links":{"self":[{"href":"https:\/\/redfoxlotto.com\/da\/wp-json\/wp\/v2\/pages\/5876","targetHints":{"allow":["GET"]}}],"collection":[{"href":"https:\/\/redfoxlotto.com\/da\/wp-json\/wp\/v2\/pages"}],"about":[{"href":"https:\/\/redfoxlotto.com\/da\/wp-json\/wp\/v2\/types\/page"}],"author":[{"embeddable":true,"href":"https:\/\/redfoxlotto.com\/da\/wp-json\/wp\/v2\/users\/1"}],"replies":[{"embeddable":true,"href":"https:\/\/redfoxlotto.com\/da\/wp-json\/wp\/v2\/comments?post=5876"}],"version-history":[{"count":0,"href":"https:\/\/redfoxlotto.com\/da\/wp-json\/wp\/v2\/pages\/5876\/revisions"}],"up":[{"embeddable":true,"href":"https:\/\/redfoxlotto.com\/da\/wp-json\/wp\/v2\/pages\/5020"}],"wp:attachment":[{"href":"https:\/\/redfoxlotto.com\/da\/wp-json\/wp\/v2\/media?parent=5876"}],"curies":[{"name":"wp","href":"https:\/\/api.w.org\/{rel}","templated":true}]}}