{"id":5849,"date":"2018-11-18T08:54:25","date_gmt":"2018-11-18T08:54:25","guid":{"rendered":"https:\/\/redfoxlotto.com\/?page_id=5849"},"modified":"2019-11-21T10:07:33","modified_gmt":"2019-11-21T10:07:33","slug":"powerball-au","status":"publish","type":"page","link":"https:\/\/redfoxlotto.com\/da\/resultater\/powerball-au\/","title":{"rendered":"Powerball Australia Resultater"},"content":{"rendered":"<h2 class=\"wp-block-heading\">Udtrukne numre og udbetalingsdetaljer fra Powerball Australia<\/h2><p><img loading=\"lazy\" decoding=\"async\" class=\" wp-image alignright\" src=\"https:\/\/content.redfoxlotto.com\/uploads\/sites\/9\/1_winning_online_lottery.jpg\" alt=\"Powerball Australia\" width=\"282\" height=\"282\" \/><\/p><p>P\u00e5 denne side viser vi udbetalingerne for de forskellige tiere, de udtrukne numre og andre detaljer fra <a href=\"https:\/\/redfoxlotto.com\/da\/lotteri\/powerball\/\">Powerball <\/a>Australia.<\/p><!--more read more--><h2 class=\"wp-block-heading\">Overblik over resultaterne hos RedFoxLotto<\/h2><p>Hvis du vil se alle lotto-resultaterne fra de sidste udtr\u00e6kninger, skal du klikke p\u00e5 menuen <strong>&#8220;resultater&#8221;<\/strong> \u00f8verst. <\/p><h2 class=\"wp-block-heading\">Se om du har vinderkuponen <\/h2><p><img decoding=\"async\" class=\"size-full wp-image alignright\" src=\"https:\/\/content.redfoxlotto.com\/uploads\/sites\/9\/1_lotto_money_win.jpg\" alt=\"lotteriresultater\"><\/p><p>Du kan ogs\u00e5 tjekke &#8220;Mine lottokuponer&#8221;. N\u00e5r du har klikket p\u00e5 en lottokupon, kan du straks se, hvor mange matchende numre du har p\u00e5 din kupon.<\/p>","protected":false},"excerpt":{"rendered":"<p>Udtrukne numre og udbetalingsdetaljer fra Powerball Australia P\u00e5 denne side viser vi udbetalingerne for de forskellige tiere, de udtrukne numre og andre detaljer fra Powerball Australia.<\/p>\n","protected":false},"author":1,"featured_media":0,"parent":5010,"menu_order":20,"comment_status":"closed","ping_status":"closed","template":"powerball-au-results.php","meta":{"_et_pb_use_builder":"","_et_pb_old_content":"","_et_gb_content_width":"","exclude_from_search":false,"footnotes":""},"class_list":["post-5849","page","type-page","status-publish","hentry"],"yoast_head":"<!-- This site is optimized with the Yoast SEO plugin v23.8 - https:\/\/yoast.com\/wordpress\/plugins\/seo\/ -->\n<title>Powerball lottoresultater og vindertal<\/title>\n<meta name=\"description\" content=\"F\u00e5 de seneste Powerball Lotto-resultater her, inklusiv et arkiv fra tidligere udtr\u00e6kninger\" \/>\n<meta name=\"robots\" content=\"index, follow, max-snippet:-1, max-image-preview:large, max-video-preview:-1\" \/>\n<link rel=\"canonical\" href=\"https:\/\/redfoxlotto.com\/da\/resultater\/powerball-au\/\" \/>\n<meta property=\"og:locale\" content=\"da_DK\" \/>\n<meta property=\"og:type\" content=\"article\" \/>\n<meta property=\"og:title\" content=\"Powerball lottoresultater og vindertal\" \/>\n<meta property=\"og:description\" content=\"F\u00e5 de seneste Powerball Lotto-resultater her, inklusiv et arkiv fra tidligere udtr\u00e6kninger\" \/>\n<meta property=\"og:url\" content=\"https:\/\/redfoxlotto.com\/da\/resultater\/powerball-au\/\" \/>\n<meta property=\"og:site_name\" content=\"Get Tickets for the World\u2019s largest jackpots\" \/>\n<meta property=\"article:modified_time\" content=\"2019-11-21T10:07:33+00:00\" \/>\n<meta property=\"og:image\" content=\"https:\/\/content.redfoxlotto.com\/uploads\/sites\/9\/1_winning_online_lottery.jpg\" \/>\n<meta name=\"twitter:card\" content=\"summary_large_image\" \/>\n<meta name=\"twitter:label1\" content=\"Estimeret l\u00e6setid\" \/>\n\t<meta name=\"twitter:data1\" content=\"1 minut\" \/>\n<script type=\"application\/ld+json\" class=\"yoast-schema-graph\">{\"@context\":\"https:\/\/schema.org\",\"@graph\":[{\"@type\":\"WebPage\",\"@id\":\"https:\/\/redfoxlotto.com\/da\/resultater\/powerball-au\/\",\"url\":\"https:\/\/redfoxlotto.com\/da\/resultater\/powerball-au\/\",\"name\":\"Powerball lottoresultater og vindertal\",\"isPartOf\":{\"@id\":\"https:\/\/redfoxlotto.com\/da\/#website\"},\"primaryImageOfPage\":{\"@id\":\"https:\/\/redfoxlotto.com\/da\/resultater\/powerball-au\/#primaryimage\"},\"image\":{\"@id\":\"https:\/\/redfoxlotto.com\/da\/resultater\/powerball-au\/#primaryimage\"},\"thumbnailUrl\":\"https:\/\/content.redfoxlotto.com\/uploads\/sites\/9\/1_winning_online_lottery.jpg\",\"datePublished\":\"2018-11-18T08:54:25+00:00\",\"dateModified\":\"2019-11-21T10:07:33+00:00\",\"description\":\"F\u00e5 de seneste Powerball Lotto-resultater her, inklusiv et arkiv fra tidligere udtr\u00e6kninger\",\"breadcrumb\":{\"@id\":\"https:\/\/redfoxlotto.com\/da\/resultater\/powerball-au\/#breadcrumb\"},\"inLanguage\":\"da-DK\",\"potentialAction\":[{\"@type\":\"ReadAction\",\"target\":[\"https:\/\/redfoxlotto.com\/da\/resultater\/powerball-au\/\"]}]},{\"@type\":\"ImageObject\",\"inLanguage\":\"da-DK\",\"@id\":\"https:\/\/redfoxlotto.com\/da\/resultater\/powerball-au\/#primaryimage\",\"url\":\"https:\/\/content.redfoxlotto.com\/uploads\/sites\/9\/1_winning_online_lottery.jpg\",\"contentUrl\":\"https:\/\/content.redfoxlotto.com\/uploads\/sites\/9\/1_winning_online_lottery.jpg\"},{\"@type\":\"BreadcrumbList\",\"@id\":\"https:\/\/redfoxlotto.com\/da\/resultater\/powerball-au\/#breadcrumb\",\"itemListElement\":[{\"@type\":\"ListItem\",\"position\":1,\"name\":\"Home\",\"item\":\"https:\/\/redfoxlotto.com\/da\/\"},{\"@type\":\"ListItem\",\"position\":2,\"name\":\"Internationale lottoresultater\",\"item\":\"https:\/\/redfoxlotto.com\/da\/resultater\/\"},{\"@type\":\"ListItem\",\"position\":3,\"name\":\"Powerball Australia Resultater\"}]},{\"@type\":\"WebSite\",\"@id\":\"https:\/\/redfoxlotto.com\/da\/#website\",\"url\":\"https:\/\/redfoxlotto.com\/da\/\",\"name\":\"Get Tickets for the World\u2019s largest jackpots\",\"description\":\"Participate in worldwide lottery jackpots from any country\",\"publisher\":{\"@id\":\"https:\/\/redfoxlotto.com\/da\/#organization\"},\"potentialAction\":[{\"@type\":\"SearchAction\",\"target\":{\"@type\":\"EntryPoint\",\"urlTemplate\":\"https:\/\/redfoxlotto.com\/da\/?s={search_term_string}\"},\"query-input\":{\"@type\":\"PropertyValueSpecification\",\"valueRequired\":true,\"valueName\":\"search_term_string\"}}],\"inLanguage\":\"da-DK\"},{\"@type\":\"Organization\",\"@id\":\"https:\/\/redfoxlotto.com\/da\/#organization\",\"name\":\"Get Tickets for the World\u2019s largest jackpots\",\"url\":\"https:\/\/redfoxlotto.com\/da\/\",\"logo\":{\"@type\":\"ImageObject\",\"inLanguage\":\"da-DK\",\"@id\":\"https:\/\/redfoxlotto.com\/da\/#\/schema\/logo\/image\/\",\"url\":\"https:\/\/redfoxlotto.com\/wp-content\/uploads\/2023\/04\/logo.png\",\"contentUrl\":\"https:\/\/redfoxlotto.com\/wp-content\/uploads\/2023\/04\/logo.png\",\"width\":269,\"height\":53,\"caption\":\"Get Tickets for the World\u2019s largest jackpots\"},\"image\":{\"@id\":\"https:\/\/redfoxlotto.com\/da\/#\/schema\/logo\/image\/\"}}]}<\/script>\n<!-- \/ Yoast SEO plugin. -->","yoast_head_json":{"title":"Powerball lottoresultater og vindertal","description":"F\u00e5 de seneste Powerball Lotto-resultater her, inklusiv et arkiv fra tidligere udtr\u00e6kninger","robots":{"index":"index","follow":"follow","max-snippet":"max-snippet:-1","max-image-preview":"max-image-preview:large","max-video-preview":"max-video-preview:-1"},"canonical":"https:\/\/redfoxlotto.com\/da\/resultater\/powerball-au\/","og_locale":"da_DK","og_type":"article","og_title":"Powerball lottoresultater og vindertal","og_description":"F\u00e5 de seneste Powerball Lotto-resultater her, inklusiv et arkiv fra tidligere udtr\u00e6kninger","og_url":"https:\/\/redfoxlotto.com\/da\/resultater\/powerball-au\/","og_site_name":"Get Tickets for the World\u2019s largest jackpots","article_modified_time":"2019-11-21T10:07:33+00:00","og_image":[{"url":"https:\/\/content.redfoxlotto.com\/uploads\/sites\/9\/1_winning_online_lottery.jpg"}],"twitter_card":"summary_large_image","twitter_misc":{"Estimeret l\u00e6setid":"1 minut"},"schema":{"@context":"https:\/\/schema.org","@graph":[{"@type":"WebPage","@id":"https:\/\/redfoxlotto.com\/da\/resultater\/powerball-au\/","url":"https:\/\/redfoxlotto.com\/da\/resultater\/powerball-au\/","name":"Powerball lottoresultater og vindertal","isPartOf":{"@id":"https:\/\/redfoxlotto.com\/da\/#website"},"primaryImageOfPage":{"@id":"https:\/\/redfoxlotto.com\/da\/resultater\/powerball-au\/#primaryimage"},"image":{"@id":"https:\/\/redfoxlotto.com\/da\/resultater\/powerball-au\/#primaryimage"},"thumbnailUrl":"https:\/\/content.redfoxlotto.com\/uploads\/sites\/9\/1_winning_online_lottery.jpg","datePublished":"2018-11-18T08:54:25+00:00","dateModified":"2019-11-21T10:07:33+00:00","description":"F\u00e5 de seneste Powerball Lotto-resultater her, inklusiv et arkiv fra tidligere udtr\u00e6kninger","breadcrumb":{"@id":"https:\/\/redfoxlotto.com\/da\/resultater\/powerball-au\/#breadcrumb"},"inLanguage":"da-DK","potentialAction":[{"@type":"ReadAction","target":["https:\/\/redfoxlotto.com\/da\/resultater\/powerball-au\/"]}]},{"@type":"ImageObject","inLanguage":"da-DK","@id":"https:\/\/redfoxlotto.com\/da\/resultater\/powerball-au\/#primaryimage","url":"https:\/\/content.redfoxlotto.com\/uploads\/sites\/9\/1_winning_online_lottery.jpg","contentUrl":"https:\/\/content.redfoxlotto.com\/uploads\/sites\/9\/1_winning_online_lottery.jpg"},{"@type":"BreadcrumbList","@id":"https:\/\/redfoxlotto.com\/da\/resultater\/powerball-au\/#breadcrumb","itemListElement":[{"@type":"ListItem","position":1,"name":"Home","item":"https:\/\/redfoxlotto.com\/da\/"},{"@type":"ListItem","position":2,"name":"Internationale lottoresultater","item":"https:\/\/redfoxlotto.com\/da\/resultater\/"},{"@type":"ListItem","position":3,"name":"Powerball Australia Resultater"}]},{"@type":"WebSite","@id":"https:\/\/redfoxlotto.com\/da\/#website","url":"https:\/\/redfoxlotto.com\/da\/","name":"Get Tickets for the World\u2019s largest jackpots","description":"Participate in worldwide lottery jackpots from any country","publisher":{"@id":"https:\/\/redfoxlotto.com\/da\/#organization"},"potentialAction":[{"@type":"SearchAction","target":{"@type":"EntryPoint","urlTemplate":"https:\/\/redfoxlotto.com\/da\/?s={search_term_string}"},"query-input":{"@type":"PropertyValueSpecification","valueRequired":true,"valueName":"search_term_string"}}],"inLanguage":"da-DK"},{"@type":"Organization","@id":"https:\/\/redfoxlotto.com\/da\/#organization","name":"Get Tickets for the World\u2019s largest jackpots","url":"https:\/\/redfoxlotto.com\/da\/","logo":{"@type":"ImageObject","inLanguage":"da-DK","@id":"https:\/\/redfoxlotto.com\/da\/#\/schema\/logo\/image\/","url":"https:\/\/redfoxlotto.com\/wp-content\/uploads\/2023\/04\/logo.png","contentUrl":"https:\/\/redfoxlotto.com\/wp-content\/uploads\/2023\/04\/logo.png","width":269,"height":53,"caption":"Get Tickets for the World\u2019s largest jackpots"},"image":{"@id":"https:\/\/redfoxlotto.com\/da\/#\/schema\/logo\/image\/"}}]}},"_links":{"self":[{"href":"https:\/\/redfoxlotto.com\/da\/wp-json\/wp\/v2\/pages\/5849","targetHints":{"allow":["GET"]}}],"collection":[{"href":"https:\/\/redfoxlotto.com\/da\/wp-json\/wp\/v2\/pages"}],"about":[{"href":"https:\/\/redfoxlotto.com\/da\/wp-json\/wp\/v2\/types\/page"}],"author":[{"embeddable":true,"href":"https:\/\/redfoxlotto.com\/da\/wp-json\/wp\/v2\/users\/1"}],"replies":[{"embeddable":true,"href":"https:\/\/redfoxlotto.com\/da\/wp-json\/wp\/v2\/comments?post=5849"}],"version-history":[{"count":0,"href":"https:\/\/redfoxlotto.com\/da\/wp-json\/wp\/v2\/pages\/5849\/revisions"}],"up":[{"embeddable":true,"href":"https:\/\/redfoxlotto.com\/da\/wp-json\/wp\/v2\/pages\/5010"}],"wp:attachment":[{"href":"https:\/\/redfoxlotto.com\/da\/wp-json\/wp\/v2\/media?parent=5849"}],"curies":[{"name":"wp","href":"https:\/\/api.w.org\/{rel}","templated":true}]}}