{"id":5847,"date":"2023-04-24T18:19:55","date_gmt":"2023-04-24T18:19:55","guid":{"rendered":"https:\/\/redfoxlotto.com\/?page_id=5847"},"modified":"2023-05-15T14:20:26","modified_gmt":"2023-05-15T14:20:26","slug":"powerball-au","status":"publish","type":"page","link":"https:\/\/redfoxlotto.com\/da\/spil\/powerball-au\/","title":{"rendered":"Powerball fra Down Under \u2013 s\u00e5dan spiller du med"},"content":{"rendered":"<p>Hver torsdag aften, ophidser Powerball Australia, hele nationen. I spillet rulles der to s\u00e6t numre rundt i et par t\u00f8nder. I den f\u00f8rste t\u00f8nde, er der 35 forskellige numre, som sp\u00e6nder fra 1 til 35. Derefter, ruller den n\u00e6ste t\u00f8nde som har tallene mellem 1 og 20.<\/p><p><!--more read more--><\/p><p><img decoding=\"async\" class=\"size-full wp-image alignright\" src=\"https:\/\/content.redfoxlotto.com\/uploads\/sites\/9\/2_ticket_powerball_au.jpg\" alt=\"Powerball Australien online\" \/><\/p><p>Den f\u00f8rste t\u00f8nde afgiver syv tal, men den anden t\u00f8nde afgiver kun et enkelt tal. Dette ene tal (mellem 1 og 20) er Powerballen. Toppr\u00e6mien udstedes til enhver spiller, v\u00e6lger alle syv tal korrekt, og har den rigtige <a href=\"https:\/\/redfoxlotto.com\/da\/lotteri\/powerball\/\">Powerball<\/a>.<\/p><p>En spiller i Sydney skovlede AU $107 millioner, med det rigtige Powerball-nummer. Men man kan vinde via mange forskellige kombinationer.<\/p><h2 class=\"wp-block-heading\">Spil Powerball Australia lotteri online<\/h2><p>I mods\u00e6tning til mange lotterier, der har en r\u00e6kke tal mellem 1 og 49 eller 1 til 59, har Powerball Australia en meget reduceret pulje. Der er kun 35 numre du kan v\u00e6lge fra. Dette \u00f8ger i h\u00f8jere grad chancerne for at vinde.<br \/>F\u00e5 din lottokupon online nu &#8211; RedFoxLotto accepterer MasterCard, Visa, PayPal, NETELLER, Skrill og endda ogs\u00e5 bitcoins.<\/p>","protected":false},"excerpt":{"rendered":"<p>Hver torsdag aften, ophidser Powerball Australia, hele nationen. I spillet rulles der to s\u00e6t numre rundt i et par t\u00f8nder. I den f\u00f8rste t\u00f8nde, er der 35 forskellige numre, som sp\u00e6nder fra 1 til 35. Derefter, ruller den n\u00e6ste t\u00f8nde som har tallene mellem 1 og 20.<\/p>\n","protected":false},"author":1,"featured_media":0,"parent":5020,"menu_order":17,"comment_status":"closed","ping_status":"closed","template":"powerball-au.php","meta":{"_et_pb_use_builder":"","_et_pb_old_content":"","_et_gb_content_width":"","exclude_from_search":false,"footnotes":""},"class_list":["post-5847","page","type-page","status-publish","hentry"],"yoast_head":"<!-- This site is optimized with the Yoast SEO plugin v23.8 - https:\/\/yoast.com\/wordpress\/plugins\/seo\/ -->\n<title>Spil Powerball Australia Lottery Online<\/title>\n<meta name=\"description\" content=\"Australiens foretrukne lotteri nu tilg\u00e6ngelig online p\u00e5 verdensplan\" \/>\n<meta name=\"robots\" content=\"index, follow, max-snippet:-1, max-image-preview:large, max-video-preview:-1\" \/>\n<link rel=\"canonical\" href=\"https:\/\/redfoxlotto.com\/da\/spil\/powerball-au\/\" \/>\n<meta property=\"og:locale\" content=\"da_DK\" \/>\n<meta property=\"og:type\" content=\"article\" \/>\n<meta property=\"og:title\" content=\"Spil Powerball Australia Lottery Online\" \/>\n<meta property=\"og:description\" content=\"Australiens foretrukne lotteri nu tilg\u00e6ngelig online p\u00e5 verdensplan\" \/>\n<meta property=\"og:url\" content=\"https:\/\/redfoxlotto.com\/da\/spil\/powerball-au\/\" \/>\n<meta property=\"og:site_name\" content=\"Get Tickets for the World\u2019s largest jackpots\" \/>\n<meta property=\"article:modified_time\" content=\"2023-05-15T14:20:26+00:00\" \/>\n<meta property=\"og:image\" content=\"https:\/\/content.redfoxlotto.com\/uploads\/sites\/9\/2_ticket_powerball_au.jpg\" \/>\n<meta name=\"twitter:card\" content=\"summary_large_image\" \/>\n<meta name=\"twitter:label1\" content=\"Estimeret l\u00e6setid\" \/>\n\t<meta name=\"twitter:data1\" content=\"1 minut\" \/>\n<script type=\"application\/ld+json\" class=\"yoast-schema-graph\">{\"@context\":\"https:\/\/schema.org\",\"@graph\":[{\"@type\":\"WebPage\",\"@id\":\"https:\/\/redfoxlotto.com\/da\/spil\/powerball-au\/\",\"url\":\"https:\/\/redfoxlotto.com\/da\/spil\/powerball-au\/\",\"name\":\"Spil Powerball Australia Lottery Online\",\"isPartOf\":{\"@id\":\"https:\/\/redfoxlotto.com\/da\/#website\"},\"primaryImageOfPage\":{\"@id\":\"https:\/\/redfoxlotto.com\/da\/spil\/powerball-au\/#primaryimage\"},\"image\":{\"@id\":\"https:\/\/redfoxlotto.com\/da\/spil\/powerball-au\/#primaryimage\"},\"thumbnailUrl\":\"https:\/\/content.redfoxlotto.com\/uploads\/sites\/9\/2_ticket_powerball_au.jpg\",\"datePublished\":\"2023-04-24T18:19:55+00:00\",\"dateModified\":\"2023-05-15T14:20:26+00:00\",\"description\":\"Australiens foretrukne lotteri nu tilg\u00e6ngelig online p\u00e5 verdensplan\",\"breadcrumb\":{\"@id\":\"https:\/\/redfoxlotto.com\/da\/spil\/powerball-au\/#breadcrumb\"},\"inLanguage\":\"da-DK\",\"potentialAction\":[{\"@type\":\"ReadAction\",\"target\":[\"https:\/\/redfoxlotto.com\/da\/spil\/powerball-au\/\"]}]},{\"@type\":\"ImageObject\",\"inLanguage\":\"da-DK\",\"@id\":\"https:\/\/redfoxlotto.com\/da\/spil\/powerball-au\/#primaryimage\",\"url\":\"https:\/\/content.redfoxlotto.com\/uploads\/sites\/9\/2_ticket_powerball_au.jpg\",\"contentUrl\":\"https:\/\/content.redfoxlotto.com\/uploads\/sites\/9\/2_ticket_powerball_au.jpg\"},{\"@type\":\"BreadcrumbList\",\"@id\":\"https:\/\/redfoxlotto.com\/da\/spil\/powerball-au\/#breadcrumb\",\"itemListElement\":[{\"@type\":\"ListItem\",\"position\":1,\"name\":\"Home\",\"item\":\"https:\/\/redfoxlotto.com\/da\/\"},{\"@type\":\"ListItem\",\"position\":2,\"name\":\"S\u00e5dan spiller du lotto fra andre lande\",\"item\":\"https:\/\/redfoxlotto.com\/da\/spil\/\"},{\"@type\":\"ListItem\",\"position\":3,\"name\":\"Powerball fra Down Under \u2013 s\u00e5dan spiller du med\"}]},{\"@type\":\"WebSite\",\"@id\":\"https:\/\/redfoxlotto.com\/da\/#website\",\"url\":\"https:\/\/redfoxlotto.com\/da\/\",\"name\":\"Get Tickets for the World\u2019s largest jackpots\",\"description\":\"Participate in worldwide lottery jackpots from any country\",\"publisher\":{\"@id\":\"https:\/\/redfoxlotto.com\/da\/#organization\"},\"potentialAction\":[{\"@type\":\"SearchAction\",\"target\":{\"@type\":\"EntryPoint\",\"urlTemplate\":\"https:\/\/redfoxlotto.com\/da\/?s={search_term_string}\"},\"query-input\":{\"@type\":\"PropertyValueSpecification\",\"valueRequired\":true,\"valueName\":\"search_term_string\"}}],\"inLanguage\":\"da-DK\"},{\"@type\":\"Organization\",\"@id\":\"https:\/\/redfoxlotto.com\/da\/#organization\",\"name\":\"Get Tickets for the World\u2019s largest jackpots\",\"url\":\"https:\/\/redfoxlotto.com\/da\/\",\"logo\":{\"@type\":\"ImageObject\",\"inLanguage\":\"da-DK\",\"@id\":\"https:\/\/redfoxlotto.com\/da\/#\/schema\/logo\/image\/\",\"url\":\"https:\/\/redfoxlotto.com\/wp-content\/uploads\/2023\/04\/logo.png\",\"contentUrl\":\"https:\/\/redfoxlotto.com\/wp-content\/uploads\/2023\/04\/logo.png\",\"width\":269,\"height\":53,\"caption\":\"Get Tickets for the World\u2019s largest jackpots\"},\"image\":{\"@id\":\"https:\/\/redfoxlotto.com\/da\/#\/schema\/logo\/image\/\"}}]}<\/script>\n<!-- \/ Yoast SEO plugin. -->","yoast_head_json":{"title":"Spil Powerball Australia Lottery Online","description":"Australiens foretrukne lotteri nu tilg\u00e6ngelig online p\u00e5 verdensplan","robots":{"index":"index","follow":"follow","max-snippet":"max-snippet:-1","max-image-preview":"max-image-preview:large","max-video-preview":"max-video-preview:-1"},"canonical":"https:\/\/redfoxlotto.com\/da\/spil\/powerball-au\/","og_locale":"da_DK","og_type":"article","og_title":"Spil Powerball Australia Lottery Online","og_description":"Australiens foretrukne lotteri nu tilg\u00e6ngelig online p\u00e5 verdensplan","og_url":"https:\/\/redfoxlotto.com\/da\/spil\/powerball-au\/","og_site_name":"Get Tickets for the World\u2019s largest jackpots","article_modified_time":"2023-05-15T14:20:26+00:00","og_image":[{"url":"https:\/\/content.redfoxlotto.com\/uploads\/sites\/9\/2_ticket_powerball_au.jpg"}],"twitter_card":"summary_large_image","twitter_misc":{"Estimeret l\u00e6setid":"1 minut"},"schema":{"@context":"https:\/\/schema.org","@graph":[{"@type":"WebPage","@id":"https:\/\/redfoxlotto.com\/da\/spil\/powerball-au\/","url":"https:\/\/redfoxlotto.com\/da\/spil\/powerball-au\/","name":"Spil Powerball Australia Lottery Online","isPartOf":{"@id":"https:\/\/redfoxlotto.com\/da\/#website"},"primaryImageOfPage":{"@id":"https:\/\/redfoxlotto.com\/da\/spil\/powerball-au\/#primaryimage"},"image":{"@id":"https:\/\/redfoxlotto.com\/da\/spil\/powerball-au\/#primaryimage"},"thumbnailUrl":"https:\/\/content.redfoxlotto.com\/uploads\/sites\/9\/2_ticket_powerball_au.jpg","datePublished":"2023-04-24T18:19:55+00:00","dateModified":"2023-05-15T14:20:26+00:00","description":"Australiens foretrukne lotteri nu tilg\u00e6ngelig online p\u00e5 verdensplan","breadcrumb":{"@id":"https:\/\/redfoxlotto.com\/da\/spil\/powerball-au\/#breadcrumb"},"inLanguage":"da-DK","potentialAction":[{"@type":"ReadAction","target":["https:\/\/redfoxlotto.com\/da\/spil\/powerball-au\/"]}]},{"@type":"ImageObject","inLanguage":"da-DK","@id":"https:\/\/redfoxlotto.com\/da\/spil\/powerball-au\/#primaryimage","url":"https:\/\/content.redfoxlotto.com\/uploads\/sites\/9\/2_ticket_powerball_au.jpg","contentUrl":"https:\/\/content.redfoxlotto.com\/uploads\/sites\/9\/2_ticket_powerball_au.jpg"},{"@type":"BreadcrumbList","@id":"https:\/\/redfoxlotto.com\/da\/spil\/powerball-au\/#breadcrumb","itemListElement":[{"@type":"ListItem","position":1,"name":"Home","item":"https:\/\/redfoxlotto.com\/da\/"},{"@type":"ListItem","position":2,"name":"S\u00e5dan spiller du lotto fra andre lande","item":"https:\/\/redfoxlotto.com\/da\/spil\/"},{"@type":"ListItem","position":3,"name":"Powerball fra Down Under \u2013 s\u00e5dan spiller du med"}]},{"@type":"WebSite","@id":"https:\/\/redfoxlotto.com\/da\/#website","url":"https:\/\/redfoxlotto.com\/da\/","name":"Get Tickets for the World\u2019s largest jackpots","description":"Participate in worldwide lottery jackpots from any country","publisher":{"@id":"https:\/\/redfoxlotto.com\/da\/#organization"},"potentialAction":[{"@type":"SearchAction","target":{"@type":"EntryPoint","urlTemplate":"https:\/\/redfoxlotto.com\/da\/?s={search_term_string}"},"query-input":{"@type":"PropertyValueSpecification","valueRequired":true,"valueName":"search_term_string"}}],"inLanguage":"da-DK"},{"@type":"Organization","@id":"https:\/\/redfoxlotto.com\/da\/#organization","name":"Get Tickets for the World\u2019s largest jackpots","url":"https:\/\/redfoxlotto.com\/da\/","logo":{"@type":"ImageObject","inLanguage":"da-DK","@id":"https:\/\/redfoxlotto.com\/da\/#\/schema\/logo\/image\/","url":"https:\/\/redfoxlotto.com\/wp-content\/uploads\/2023\/04\/logo.png","contentUrl":"https:\/\/redfoxlotto.com\/wp-content\/uploads\/2023\/04\/logo.png","width":269,"height":53,"caption":"Get Tickets for the World\u2019s largest jackpots"},"image":{"@id":"https:\/\/redfoxlotto.com\/da\/#\/schema\/logo\/image\/"}}]}},"_links":{"self":[{"href":"https:\/\/redfoxlotto.com\/da\/wp-json\/wp\/v2\/pages\/5847","targetHints":{"allow":["GET"]}}],"collection":[{"href":"https:\/\/redfoxlotto.com\/da\/wp-json\/wp\/v2\/pages"}],"about":[{"href":"https:\/\/redfoxlotto.com\/da\/wp-json\/wp\/v2\/types\/page"}],"author":[{"embeddable":true,"href":"https:\/\/redfoxlotto.com\/da\/wp-json\/wp\/v2\/users\/1"}],"replies":[{"embeddable":true,"href":"https:\/\/redfoxlotto.com\/da\/wp-json\/wp\/v2\/comments?post=5847"}],"version-history":[{"count":0,"href":"https:\/\/redfoxlotto.com\/da\/wp-json\/wp\/v2\/pages\/5847\/revisions"}],"up":[{"embeddable":true,"href":"https:\/\/redfoxlotto.com\/da\/wp-json\/wp\/v2\/pages\/5020"}],"wp:attachment":[{"href":"https:\/\/redfoxlotto.com\/da\/wp-json\/wp\/v2\/media?parent=5847"}],"curies":[{"name":"wp","href":"https:\/\/api.w.org\/{rel}","templated":true}]}}