{"id":5661,"date":"2020-04-16T13:14:59","date_gmt":"2020-04-16T13:14:59","guid":{"rendered":"https:\/\/redfoxlotto.com\/?page_id=5661"},"modified":"2023-05-19T09:07:49","modified_gmt":"2023-05-19T09:07:49","slug":"lotto-fr","status":"publish","type":"page","link":"https:\/\/redfoxlotto.com\/da\/resultater\/lotto-fr\/","title":{"rendered":"Franske Lottoresultater"},"content":{"rendered":"<p>\u00d8nsker du at f\u00e5 vindertallene s\u00e5 enkelt s\u00e5 muligt? <strong>Vi vil tage et kig p\u00e5 de franske lottoresultater<\/strong>, og hvad de kunne betyde for dig.<\/p><h2 class=\"wp-block-heading\">Find de franske lottoresultater<\/h2><p>Den nemmeste m\u00e5de er at tjekke dem p\u00e5, er her p\u00e5 vores hjemmeside. Hvis du har k\u00f8bt en lottokupon hos os, vil de matchende vindertallene blive fremh\u00e6vet p\u00e5 din kupon. Du f\u00e5r ogs\u00e5 en e-mail, n\u00e5r du vinder.<\/p><h2 class=\"wp-block-heading\">Forst\u00e5 Pris Tierne<\/h2><p>N\u00e5r du f\u00e5r nogle af de rigtige tal, skal du tage et n\u00e6rmere kig p\u00e5 listen over pr\u00e6mieniveauer, og hvilke numre der er rigtige. <br \/>Hvis du kun matcher nogle af numrene vil du faktisk vinde en pr\u00e6mie. Men hvis du kan f\u00e5 fire af dem, f\u00e5r du stadig en god m\u00e6ngde, og hvis du kan f\u00e5 mindst fire tal, plus en bonus ball f\u00e5r du en virkelig god pr\u00e6mie. Du f\u00e5r faktisk mere ud af at f\u00e5 fire rigtige tal inklusiv en bonus, end fem uden en bonus.<\/p>","protected":false},"excerpt":{"rendered":"<p>\u00d8nsker du at f\u00e5 vindertallene s\u00e5 enkelt s\u00e5 muligt? Vi vil tage et kig p\u00e5 de franske lottoresultater, og hvad de kunne betyde for dig. Find de franske lottoresultater Den nemmeste m\u00e5de er at tjekke dem p\u00e5, er her p\u00e5 vores hjemmeside. Hvis du har k\u00f8bt en lottokupon hos os, vil de matchende vindertallene blive [&hellip;]<\/p>\n","protected":false},"author":1,"featured_media":0,"parent":5010,"menu_order":32,"comment_status":"closed","ping_status":"closed","template":"lotto-fr-results.php","meta":{"_et_pb_use_builder":"","_et_pb_old_content":"","_et_gb_content_width":"","exclude_from_search":false,"footnotes":""},"class_list":["post-5661","page","type-page","status-publish","hentry"],"yoast_head":"<!-- This site is optimized with the Yoast SEO plugin v23.8 - https:\/\/yoast.com\/wordpress\/plugins\/seo\/ -->\n<title>Find de franske lottoresultater<\/title>\n<meta name=\"description\" content=\"Det er simpelt og enkelt at finde resultaterne, da alt hvad du beh\u00f8ver at g\u00f8re er at tjekke dem her.\" \/>\n<meta name=\"robots\" content=\"index, follow, max-snippet:-1, max-image-preview:large, max-video-preview:-1\" \/>\n<link rel=\"canonical\" href=\"https:\/\/redfoxlotto.com\/da\/resultater\/lotto-fr\/\" \/>\n<meta property=\"og:locale\" content=\"da_DK\" \/>\n<meta property=\"og:type\" content=\"article\" \/>\n<meta property=\"og:title\" content=\"Find de franske lottoresultater\" \/>\n<meta property=\"og:description\" content=\"Det er simpelt og enkelt at finde resultaterne, da alt hvad du beh\u00f8ver at g\u00f8re er at tjekke dem her.\" \/>\n<meta property=\"og:url\" content=\"https:\/\/redfoxlotto.com\/da\/resultater\/lotto-fr\/\" \/>\n<meta property=\"og:site_name\" content=\"Get Tickets for the World\u2019s largest jackpots\" \/>\n<meta property=\"article:modified_time\" content=\"2023-05-19T09:07:49+00:00\" \/>\n<meta name=\"twitter:card\" content=\"summary_large_image\" \/>\n<meta name=\"twitter:label1\" content=\"Estimeret l\u00e6setid\" \/>\n\t<meta name=\"twitter:data1\" content=\"1 minut\" \/>\n<script type=\"application\/ld+json\" class=\"yoast-schema-graph\">{\"@context\":\"https:\/\/schema.org\",\"@graph\":[{\"@type\":\"WebPage\",\"@id\":\"https:\/\/redfoxlotto.com\/da\/resultater\/lotto-fr\/\",\"url\":\"https:\/\/redfoxlotto.com\/da\/resultater\/lotto-fr\/\",\"name\":\"Find de franske lottoresultater\",\"isPartOf\":{\"@id\":\"https:\/\/redfoxlotto.com\/da\/#website\"},\"datePublished\":\"2020-04-16T13:14:59+00:00\",\"dateModified\":\"2023-05-19T09:07:49+00:00\",\"description\":\"Det er simpelt og enkelt at finde resultaterne, da alt hvad du beh\u00f8ver at g\u00f8re er at tjekke dem her.\",\"breadcrumb\":{\"@id\":\"https:\/\/redfoxlotto.com\/da\/resultater\/lotto-fr\/#breadcrumb\"},\"inLanguage\":\"da-DK\",\"potentialAction\":[{\"@type\":\"ReadAction\",\"target\":[\"https:\/\/redfoxlotto.com\/da\/resultater\/lotto-fr\/\"]}]},{\"@type\":\"BreadcrumbList\",\"@id\":\"https:\/\/redfoxlotto.com\/da\/resultater\/lotto-fr\/#breadcrumb\",\"itemListElement\":[{\"@type\":\"ListItem\",\"position\":1,\"name\":\"Home\",\"item\":\"https:\/\/redfoxlotto.com\/da\/\"},{\"@type\":\"ListItem\",\"position\":2,\"name\":\"Internationale lottoresultater\",\"item\":\"https:\/\/redfoxlotto.com\/da\/resultater\/\"},{\"@type\":\"ListItem\",\"position\":3,\"name\":\"Franske Lottoresultater\"}]},{\"@type\":\"WebSite\",\"@id\":\"https:\/\/redfoxlotto.com\/da\/#website\",\"url\":\"https:\/\/redfoxlotto.com\/da\/\",\"name\":\"Get Tickets for the World\u2019s largest jackpots\",\"description\":\"Participate in worldwide lottery jackpots from any country\",\"publisher\":{\"@id\":\"https:\/\/redfoxlotto.com\/da\/#organization\"},\"potentialAction\":[{\"@type\":\"SearchAction\",\"target\":{\"@type\":\"EntryPoint\",\"urlTemplate\":\"https:\/\/redfoxlotto.com\/da\/?s={search_term_string}\"},\"query-input\":{\"@type\":\"PropertyValueSpecification\",\"valueRequired\":true,\"valueName\":\"search_term_string\"}}],\"inLanguage\":\"da-DK\"},{\"@type\":\"Organization\",\"@id\":\"https:\/\/redfoxlotto.com\/da\/#organization\",\"name\":\"Get Tickets for the World\u2019s largest jackpots\",\"url\":\"https:\/\/redfoxlotto.com\/da\/\",\"logo\":{\"@type\":\"ImageObject\",\"inLanguage\":\"da-DK\",\"@id\":\"https:\/\/redfoxlotto.com\/da\/#\/schema\/logo\/image\/\",\"url\":\"https:\/\/redfoxlotto.com\/wp-content\/uploads\/2023\/04\/logo.png\",\"contentUrl\":\"https:\/\/redfoxlotto.com\/wp-content\/uploads\/2023\/04\/logo.png\",\"width\":269,\"height\":53,\"caption\":\"Get Tickets for the World\u2019s largest jackpots\"},\"image\":{\"@id\":\"https:\/\/redfoxlotto.com\/da\/#\/schema\/logo\/image\/\"}}]}<\/script>\n<!-- \/ Yoast SEO plugin. -->","yoast_head_json":{"title":"Find de franske lottoresultater","description":"Det er simpelt og enkelt at finde resultaterne, da alt hvad du beh\u00f8ver at g\u00f8re er at tjekke dem her.","robots":{"index":"index","follow":"follow","max-snippet":"max-snippet:-1","max-image-preview":"max-image-preview:large","max-video-preview":"max-video-preview:-1"},"canonical":"https:\/\/redfoxlotto.com\/da\/resultater\/lotto-fr\/","og_locale":"da_DK","og_type":"article","og_title":"Find de franske lottoresultater","og_description":"Det er simpelt og enkelt at finde resultaterne, da alt hvad du beh\u00f8ver at g\u00f8re er at tjekke dem her.","og_url":"https:\/\/redfoxlotto.com\/da\/resultater\/lotto-fr\/","og_site_name":"Get Tickets for the World\u2019s largest jackpots","article_modified_time":"2023-05-19T09:07:49+00:00","twitter_card":"summary_large_image","twitter_misc":{"Estimeret l\u00e6setid":"1 minut"},"schema":{"@context":"https:\/\/schema.org","@graph":[{"@type":"WebPage","@id":"https:\/\/redfoxlotto.com\/da\/resultater\/lotto-fr\/","url":"https:\/\/redfoxlotto.com\/da\/resultater\/lotto-fr\/","name":"Find de franske lottoresultater","isPartOf":{"@id":"https:\/\/redfoxlotto.com\/da\/#website"},"datePublished":"2020-04-16T13:14:59+00:00","dateModified":"2023-05-19T09:07:49+00:00","description":"Det er simpelt og enkelt at finde resultaterne, da alt hvad du beh\u00f8ver at g\u00f8re er at tjekke dem her.","breadcrumb":{"@id":"https:\/\/redfoxlotto.com\/da\/resultater\/lotto-fr\/#breadcrumb"},"inLanguage":"da-DK","potentialAction":[{"@type":"ReadAction","target":["https:\/\/redfoxlotto.com\/da\/resultater\/lotto-fr\/"]}]},{"@type":"BreadcrumbList","@id":"https:\/\/redfoxlotto.com\/da\/resultater\/lotto-fr\/#breadcrumb","itemListElement":[{"@type":"ListItem","position":1,"name":"Home","item":"https:\/\/redfoxlotto.com\/da\/"},{"@type":"ListItem","position":2,"name":"Internationale lottoresultater","item":"https:\/\/redfoxlotto.com\/da\/resultater\/"},{"@type":"ListItem","position":3,"name":"Franske Lottoresultater"}]},{"@type":"WebSite","@id":"https:\/\/redfoxlotto.com\/da\/#website","url":"https:\/\/redfoxlotto.com\/da\/","name":"Get Tickets for the World\u2019s largest jackpots","description":"Participate in worldwide lottery jackpots from any country","publisher":{"@id":"https:\/\/redfoxlotto.com\/da\/#organization"},"potentialAction":[{"@type":"SearchAction","target":{"@type":"EntryPoint","urlTemplate":"https:\/\/redfoxlotto.com\/da\/?s={search_term_string}"},"query-input":{"@type":"PropertyValueSpecification","valueRequired":true,"valueName":"search_term_string"}}],"inLanguage":"da-DK"},{"@type":"Organization","@id":"https:\/\/redfoxlotto.com\/da\/#organization","name":"Get Tickets for the World\u2019s largest jackpots","url":"https:\/\/redfoxlotto.com\/da\/","logo":{"@type":"ImageObject","inLanguage":"da-DK","@id":"https:\/\/redfoxlotto.com\/da\/#\/schema\/logo\/image\/","url":"https:\/\/redfoxlotto.com\/wp-content\/uploads\/2023\/04\/logo.png","contentUrl":"https:\/\/redfoxlotto.com\/wp-content\/uploads\/2023\/04\/logo.png","width":269,"height":53,"caption":"Get Tickets for the World\u2019s largest jackpots"},"image":{"@id":"https:\/\/redfoxlotto.com\/da\/#\/schema\/logo\/image\/"}}]}},"_links":{"self":[{"href":"https:\/\/redfoxlotto.com\/da\/wp-json\/wp\/v2\/pages\/5661","targetHints":{"allow":["GET"]}}],"collection":[{"href":"https:\/\/redfoxlotto.com\/da\/wp-json\/wp\/v2\/pages"}],"about":[{"href":"https:\/\/redfoxlotto.com\/da\/wp-json\/wp\/v2\/types\/page"}],"author":[{"embeddable":true,"href":"https:\/\/redfoxlotto.com\/da\/wp-json\/wp\/v2\/users\/1"}],"replies":[{"embeddable":true,"href":"https:\/\/redfoxlotto.com\/da\/wp-json\/wp\/v2\/comments?post=5661"}],"version-history":[{"count":0,"href":"https:\/\/redfoxlotto.com\/da\/wp-json\/wp\/v2\/pages\/5661\/revisions"}],"up":[{"embeddable":true,"href":"https:\/\/redfoxlotto.com\/da\/wp-json\/wp\/v2\/pages\/5010"}],"wp:attachment":[{"href":"https:\/\/redfoxlotto.com\/da\/wp-json\/wp\/v2\/media?parent=5661"}],"curies":[{"name":"wp","href":"https:\/\/api.w.org\/{rel}","templated":true}]}}