{"id":5660,"date":"2019-08-09T14:33:52","date_gmt":"2019-08-09T14:33:52","guid":{"rendered":"https:\/\/redfoxlotto.com\/?page_id=5660"},"modified":"2023-05-15T14:27:10","modified_gmt":"2023-05-15T14:27:10","slug":"lotto-fr","status":"publish","type":"page","link":"https:\/\/redfoxlotto.com\/da\/lotteri\/lotto-fr\/","title":{"rendered":"Om Fransk Lotto"},"content":{"rendered":"<p>Du vil m\u00e5ske blive overrasket over at vide, at lotteriet i Frankrig g\u00e5r helt tilbage til 1505. Kong Francis den 1. etablerede det med sine borgere, men spillet har fortsat med at \u00e6ndre sig en hel del siden. Den generelle proces vil v\u00e6re meget lig med hvad du sikkert har set i ethvert andet lottospil, som du har spillet.<\/p><p><!--more--><\/p><h2 class=\"wp-block-heading\">S\u00e5dan virker det<\/h2><p>Med det franske lotteri, er der udtr\u00e6kninger tre dage om ugen -hver mandag, onsdag, og l\u00f8rdag. Udover hyppigheden, er udtr\u00e6kningerne super simple. Du vinder hvis du har alle fem udtrukne tal p\u00e5 din kupon, og hvis du f\u00e5r den rigtige bonus ball. Den store jackpot kommer til at v\u00e6re p\u00e5 mindst \u20ac2.000.000.<\/p><h2 class=\"wp-block-heading\">V\u00e6lg dine tal<\/h2><p>Der er en r\u00e6kke forskellige m\u00e5der du kan v\u00e6lge, hvilke tal du vil spille. Du kan udfylde en &#8216; slip &#8216; med de tal, du \u00f8nsker, <strong>eller du kan v\u00e6lge bare for at f\u00e5 en &#8216;quick pick &#8216;<\/strong><\/p><h2 class=\"wp-block-heading\">S\u00e5dan vinder du<\/h2><p>S\u00e5 l\u00e6nge du f\u00e5r bonusnummeret, vil du vinde noget. Hvis du f\u00e5r to af de udtrukne numre, men ikke bonusnummeret, vil du ogs\u00e5 vinde noget. Og for hvert ekstra nummer du har kommer du til at vinde mere og mere. Den bedste gevinst, vil v\u00e6re med fire af numrene plus bonussen eller med alle fem af numrene plus bonussen.<\/p><h2 class=\"wp-block-heading\">S\u00e5dan k\u00f8ber du Lottokuponer til den Franske Lotto Online<\/h2><p>Hvis du k\u00f8ber online, vil du v\u00e6re i stand til at f\u00e5 alle de samme fordele, du ville, <strong>hvis du tilf\u00e6ldigvis bor i Frankrig og kunne k\u00f8be lottokuponerne lokalt.<\/strong><\/p>","protected":false},"excerpt":{"rendered":"<p>Du vil m\u00e5ske blive overrasket over at vide, at lotteriet i Frankrig g\u00e5r helt tilbage til 1505. Kong Francis den 1. etablerede det med sine borgere, men spillet har fortsat med at \u00e6ndre sig en hel del siden. Den generelle proces vil v\u00e6re meget lig med hvad du sikkert har set i ethvert andet lottospil, [&hellip;]<\/p>\n","protected":false},"author":1,"featured_media":0,"parent":5002,"menu_order":31,"comment_status":"closed","ping_status":"closed","template":"lotto-fr-info.php","meta":{"_et_pb_use_builder":"","_et_pb_old_content":"","_et_gb_content_width":"","exclude_from_search":false,"footnotes":""},"class_list":["post-5660","page","type-page","status-publish","hentry"],"yoast_head":"<!-- This site is optimized with the Yoast SEO plugin v23.8 - https:\/\/yoast.com\/wordpress\/plugins\/seo\/ -->\n<title>S\u00e5dan k\u00f8ber du lottokuponer til den Franske Lotto Online<\/title>\n<meta name=\"description\" content=\"Er du klar til at k\u00f8be franske lottokuponer online? Klik her!\" \/>\n<meta name=\"robots\" content=\"index, follow, max-snippet:-1, max-image-preview:large, max-video-preview:-1\" \/>\n<link rel=\"canonical\" href=\"https:\/\/redfoxlotto.com\/da\/lotteri\/lotto-fr\/\" \/>\n<meta property=\"og:locale\" content=\"da_DK\" \/>\n<meta property=\"og:type\" content=\"article\" \/>\n<meta property=\"og:title\" content=\"S\u00e5dan k\u00f8ber du lottokuponer til den Franske Lotto Online\" \/>\n<meta property=\"og:description\" content=\"Er du klar til at k\u00f8be franske lottokuponer online? Klik her!\" \/>\n<meta property=\"og:url\" content=\"https:\/\/redfoxlotto.com\/da\/lotteri\/lotto-fr\/\" \/>\n<meta property=\"og:site_name\" content=\"Get Tickets for the World\u2019s largest jackpots\" \/>\n<meta property=\"article:modified_time\" content=\"2023-05-15T14:27:10+00:00\" \/>\n<meta name=\"twitter:card\" content=\"summary_large_image\" \/>\n<meta name=\"twitter:label1\" content=\"Estimeret l\u00e6setid\" \/>\n\t<meta name=\"twitter:data1\" content=\"2 minutter\" \/>\n<script type=\"application\/ld+json\" class=\"yoast-schema-graph\">{\"@context\":\"https:\/\/schema.org\",\"@graph\":[{\"@type\":\"WebPage\",\"@id\":\"https:\/\/redfoxlotto.com\/da\/lotteri\/lotto-fr\/\",\"url\":\"https:\/\/redfoxlotto.com\/da\/lotteri\/lotto-fr\/\",\"name\":\"S\u00e5dan k\u00f8ber du lottokuponer til den Franske Lotto Online\",\"isPartOf\":{\"@id\":\"https:\/\/redfoxlotto.com\/da\/#website\"},\"datePublished\":\"2019-08-09T14:33:52+00:00\",\"dateModified\":\"2023-05-15T14:27:10+00:00\",\"description\":\"Er du klar til at k\u00f8be franske lottokuponer online? Klik her!\",\"breadcrumb\":{\"@id\":\"https:\/\/redfoxlotto.com\/da\/lotteri\/lotto-fr\/#breadcrumb\"},\"inLanguage\":\"da-DK\",\"potentialAction\":[{\"@type\":\"ReadAction\",\"target\":[\"https:\/\/redfoxlotto.com\/da\/lotteri\/lotto-fr\/\"]}]},{\"@type\":\"BreadcrumbList\",\"@id\":\"https:\/\/redfoxlotto.com\/da\/lotteri\/lotto-fr\/#breadcrumb\",\"itemListElement\":[{\"@type\":\"ListItem\",\"position\":1,\"name\":\"Home\",\"item\":\"https:\/\/redfoxlotto.com\/da\/\"},{\"@type\":\"ListItem\",\"position\":2,\"name\":\"S\u00e5dan k\u00f8ber du online lottokuponer \u2013 k\u00f8bsprocessen\",\"item\":\"https:\/\/redfoxlotto.com\/da\/lotteri\/\"},{\"@type\":\"ListItem\",\"position\":3,\"name\":\"Om Fransk Lotto\"}]},{\"@type\":\"WebSite\",\"@id\":\"https:\/\/redfoxlotto.com\/da\/#website\",\"url\":\"https:\/\/redfoxlotto.com\/da\/\",\"name\":\"Get Tickets for the World\u2019s largest jackpots\",\"description\":\"Participate in worldwide lottery jackpots from any country\",\"publisher\":{\"@id\":\"https:\/\/redfoxlotto.com\/da\/#organization\"},\"potentialAction\":[{\"@type\":\"SearchAction\",\"target\":{\"@type\":\"EntryPoint\",\"urlTemplate\":\"https:\/\/redfoxlotto.com\/da\/?s={search_term_string}\"},\"query-input\":{\"@type\":\"PropertyValueSpecification\",\"valueRequired\":true,\"valueName\":\"search_term_string\"}}],\"inLanguage\":\"da-DK\"},{\"@type\":\"Organization\",\"@id\":\"https:\/\/redfoxlotto.com\/da\/#organization\",\"name\":\"Get Tickets for the World\u2019s largest jackpots\",\"url\":\"https:\/\/redfoxlotto.com\/da\/\",\"logo\":{\"@type\":\"ImageObject\",\"inLanguage\":\"da-DK\",\"@id\":\"https:\/\/redfoxlotto.com\/da\/#\/schema\/logo\/image\/\",\"url\":\"https:\/\/redfoxlotto.com\/wp-content\/uploads\/2023\/04\/logo.png\",\"contentUrl\":\"https:\/\/redfoxlotto.com\/wp-content\/uploads\/2023\/04\/logo.png\",\"width\":269,\"height\":53,\"caption\":\"Get Tickets for the World\u2019s largest jackpots\"},\"image\":{\"@id\":\"https:\/\/redfoxlotto.com\/da\/#\/schema\/logo\/image\/\"}}]}<\/script>\n<!-- \/ Yoast SEO plugin. -->","yoast_head_json":{"title":"S\u00e5dan k\u00f8ber du lottokuponer til den Franske Lotto Online","description":"Er du klar til at k\u00f8be franske lottokuponer online? Klik her!","robots":{"index":"index","follow":"follow","max-snippet":"max-snippet:-1","max-image-preview":"max-image-preview:large","max-video-preview":"max-video-preview:-1"},"canonical":"https:\/\/redfoxlotto.com\/da\/lotteri\/lotto-fr\/","og_locale":"da_DK","og_type":"article","og_title":"S\u00e5dan k\u00f8ber du lottokuponer til den Franske Lotto Online","og_description":"Er du klar til at k\u00f8be franske lottokuponer online? Klik her!","og_url":"https:\/\/redfoxlotto.com\/da\/lotteri\/lotto-fr\/","og_site_name":"Get Tickets for the World\u2019s largest jackpots","article_modified_time":"2023-05-15T14:27:10+00:00","twitter_card":"summary_large_image","twitter_misc":{"Estimeret l\u00e6setid":"2 minutter"},"schema":{"@context":"https:\/\/schema.org","@graph":[{"@type":"WebPage","@id":"https:\/\/redfoxlotto.com\/da\/lotteri\/lotto-fr\/","url":"https:\/\/redfoxlotto.com\/da\/lotteri\/lotto-fr\/","name":"S\u00e5dan k\u00f8ber du lottokuponer til den Franske Lotto Online","isPartOf":{"@id":"https:\/\/redfoxlotto.com\/da\/#website"},"datePublished":"2019-08-09T14:33:52+00:00","dateModified":"2023-05-15T14:27:10+00:00","description":"Er du klar til at k\u00f8be franske lottokuponer online? Klik her!","breadcrumb":{"@id":"https:\/\/redfoxlotto.com\/da\/lotteri\/lotto-fr\/#breadcrumb"},"inLanguage":"da-DK","potentialAction":[{"@type":"ReadAction","target":["https:\/\/redfoxlotto.com\/da\/lotteri\/lotto-fr\/"]}]},{"@type":"BreadcrumbList","@id":"https:\/\/redfoxlotto.com\/da\/lotteri\/lotto-fr\/#breadcrumb","itemListElement":[{"@type":"ListItem","position":1,"name":"Home","item":"https:\/\/redfoxlotto.com\/da\/"},{"@type":"ListItem","position":2,"name":"S\u00e5dan k\u00f8ber du online lottokuponer \u2013 k\u00f8bsprocessen","item":"https:\/\/redfoxlotto.com\/da\/lotteri\/"},{"@type":"ListItem","position":3,"name":"Om Fransk Lotto"}]},{"@type":"WebSite","@id":"https:\/\/redfoxlotto.com\/da\/#website","url":"https:\/\/redfoxlotto.com\/da\/","name":"Get Tickets for the World\u2019s largest jackpots","description":"Participate in worldwide lottery jackpots from any country","publisher":{"@id":"https:\/\/redfoxlotto.com\/da\/#organization"},"potentialAction":[{"@type":"SearchAction","target":{"@type":"EntryPoint","urlTemplate":"https:\/\/redfoxlotto.com\/da\/?s={search_term_string}"},"query-input":{"@type":"PropertyValueSpecification","valueRequired":true,"valueName":"search_term_string"}}],"inLanguage":"da-DK"},{"@type":"Organization","@id":"https:\/\/redfoxlotto.com\/da\/#organization","name":"Get Tickets for the World\u2019s largest jackpots","url":"https:\/\/redfoxlotto.com\/da\/","logo":{"@type":"ImageObject","inLanguage":"da-DK","@id":"https:\/\/redfoxlotto.com\/da\/#\/schema\/logo\/image\/","url":"https:\/\/redfoxlotto.com\/wp-content\/uploads\/2023\/04\/logo.png","contentUrl":"https:\/\/redfoxlotto.com\/wp-content\/uploads\/2023\/04\/logo.png","width":269,"height":53,"caption":"Get Tickets for the World\u2019s largest jackpots"},"image":{"@id":"https:\/\/redfoxlotto.com\/da\/#\/schema\/logo\/image\/"}}]}},"_links":{"self":[{"href":"https:\/\/redfoxlotto.com\/da\/wp-json\/wp\/v2\/pages\/5660","targetHints":{"allow":["GET"]}}],"collection":[{"href":"https:\/\/redfoxlotto.com\/da\/wp-json\/wp\/v2\/pages"}],"about":[{"href":"https:\/\/redfoxlotto.com\/da\/wp-json\/wp\/v2\/types\/page"}],"author":[{"embeddable":true,"href":"https:\/\/redfoxlotto.com\/da\/wp-json\/wp\/v2\/users\/1"}],"replies":[{"embeddable":true,"href":"https:\/\/redfoxlotto.com\/da\/wp-json\/wp\/v2\/comments?post=5660"}],"version-history":[{"count":0,"href":"https:\/\/redfoxlotto.com\/da\/wp-json\/wp\/v2\/pages\/5660\/revisions"}],"up":[{"embeddable":true,"href":"https:\/\/redfoxlotto.com\/da\/wp-json\/wp\/v2\/pages\/5002"}],"wp:attachment":[{"href":"https:\/\/redfoxlotto.com\/da\/wp-json\/wp\/v2\/media?parent=5660"}],"curies":[{"name":"wp","href":"https:\/\/api.w.org\/{rel}","templated":true}]}}