{"id":5643,"date":"2019-11-20T11:24:49","date_gmt":"2019-11-20T11:24:49","guid":{"rendered":"https:\/\/redfoxlotto.com\/?page_id=5643"},"modified":"2019-11-20T11:24:49","modified_gmt":"2019-11-20T11:24:49","slug":"la-primitiva","status":"publish","type":"page","link":"https:\/\/redfoxlotto.com\/da\/resultater\/la-primitiva\/","title":{"rendered":"La Primitiva Vindertal og Resultater"},"content":{"rendered":"<p>Udtr\u00e6kningen til La Primitiva, Spaniens st\u00f8rste lotteri, afholdes hver s\u00f8ndag kl. 13:00 CET. Lige efter udtr\u00e6kningen er f\u00e6rdig, <strong>kan du finde de vindertallene her p\u00e5 RedFoxLotto.com.<\/strong><\/p><p><img loading=\"lazy\" decoding=\"async\" class=\" wp-image alignright\" src=\"https:\/\/content.redfoxlotto.com\/uploads\/sites\/9\/1_results_lottery_online5.jpg\" alt=\"results lotto\" width=\"251\" height=\"167\" \/><\/p><p>S\u00f8rg for at sammenligne numrene p\u00e5 din <strong>kupon med de vindende numre<\/strong>, og kontroller s\u00e5ledes, om du har vundet eller ikke.<\/p><p>Hvis du har en kupon til La Primitiva, der blev k\u00f8bt gennem os, vil vi ogs\u00e5 underrette dig om eventuelle gevinster. Du vil modtage en e-mail fra os med yderligere instruktioner. S\u00f8rg for, at vores e-mails ikke lander i dit spam-mappe. For at sikre, at der modtages informationer om dine gevinster, foresl\u00e5r vi, at du tilf\u00f8jer RedFoxLotto.com til din kontaktliste.<\/p><p><img loading=\"lazy\" decoding=\"async\" class=\" wp-image alignright\" src=\"https:\/\/content.redfoxlotto.com\/uploads\/sites\/9\/1_lottery_numbers_online.jpg\" alt=\"La Primitiva\" width=\"296\" height=\"141\" \/><\/p><p>De vindertallene for La Primitiva vil best\u00e5 af 5 numre mellem 1 og 54, plus et tal mellem 0 og 9. 5 + 1 vil sikre dig gevinsten. Men selv hvis du ikke har de f\u00f8rste fem numre, vil du stadig kunne f\u00e5 en masse penge.<\/p>","protected":false},"excerpt":{"rendered":"<p>Udtr\u00e6kningen til La Primitiva, Spaniens st\u00f8rste lotteri, afholdes hver s\u00f8ndag kl. 13:00 CET. Lige efter udtr\u00e6kningen er f\u00e6rdig, kan du finde de vindertallene her p\u00e5 RedFoxLotto.com. S\u00f8rg for at sammenligne numrene p\u00e5 din kupon med de vindende numre, og kontroller s\u00e5ledes, om du har vundet eller ikke. Hvis du har en kupon til La Primitiva, [&hellip;]<\/p>\n","protected":false},"author":1,"featured_media":0,"parent":5010,"menu_order":7,"comment_status":"closed","ping_status":"closed","template":"la-primitiva-results.php","meta":{"_et_pb_use_builder":"","_et_pb_old_content":"","_et_gb_content_width":"","exclude_from_search":false,"footnotes":""},"class_list":["post-5643","page","type-page","status-publish","hentry"],"yoast_head":"<!-- This site is optimized with the Yoast SEO plugin v23.8 - https:\/\/yoast.com\/wordpress\/plugins\/seo\/ -->\n<title>Vindertal og resultater fra den spanske La Primitiva<\/title>\n<meta name=\"description\" content=\"Se om din La Primitiva lottokupon har vundet, tjek vindertallene her!\" \/>\n<meta name=\"robots\" content=\"index, follow, max-snippet:-1, max-image-preview:large, max-video-preview:-1\" \/>\n<link rel=\"canonical\" href=\"https:\/\/redfoxlotto.com\/da\/resultater\/la-primitiva\/\" \/>\n<meta property=\"og:locale\" content=\"da_DK\" \/>\n<meta property=\"og:type\" content=\"article\" \/>\n<meta property=\"og:title\" content=\"Vindertal og resultater fra den spanske La Primitiva\" \/>\n<meta property=\"og:description\" content=\"Se om din La Primitiva lottokupon har vundet, tjek vindertallene her!\" \/>\n<meta property=\"og:url\" content=\"https:\/\/redfoxlotto.com\/da\/resultater\/la-primitiva\/\" \/>\n<meta property=\"og:site_name\" content=\"Get Tickets for the World\u2019s largest jackpots\" \/>\n<meta property=\"og:image\" content=\"https:\/\/content.redfoxlotto.com\/uploads\/sites\/9\/1_results_lottery_online5.jpg\" \/>\n<meta name=\"twitter:card\" content=\"summary_large_image\" \/>\n<meta name=\"twitter:label1\" content=\"Estimeret l\u00e6setid\" \/>\n\t<meta name=\"twitter:data1\" content=\"2 minutter\" \/>\n<script type=\"application\/ld+json\" class=\"yoast-schema-graph\">{\"@context\":\"https:\/\/schema.org\",\"@graph\":[{\"@type\":\"WebPage\",\"@id\":\"https:\/\/redfoxlotto.com\/da\/resultater\/la-primitiva\/\",\"url\":\"https:\/\/redfoxlotto.com\/da\/resultater\/la-primitiva\/\",\"name\":\"Vindertal og resultater fra den spanske La Primitiva\",\"isPartOf\":{\"@id\":\"https:\/\/redfoxlotto.com\/da\/#website\"},\"primaryImageOfPage\":{\"@id\":\"https:\/\/redfoxlotto.com\/da\/resultater\/la-primitiva\/#primaryimage\"},\"image\":{\"@id\":\"https:\/\/redfoxlotto.com\/da\/resultater\/la-primitiva\/#primaryimage\"},\"thumbnailUrl\":\"https:\/\/content.redfoxlotto.com\/uploads\/sites\/9\/1_results_lottery_online5.jpg\",\"datePublished\":\"2019-11-20T11:24:49+00:00\",\"dateModified\":\"2019-11-20T11:24:49+00:00\",\"description\":\"Se om din La Primitiva lottokupon har vundet, tjek vindertallene her!\",\"breadcrumb\":{\"@id\":\"https:\/\/redfoxlotto.com\/da\/resultater\/la-primitiva\/#breadcrumb\"},\"inLanguage\":\"da-DK\",\"potentialAction\":[{\"@type\":\"ReadAction\",\"target\":[\"https:\/\/redfoxlotto.com\/da\/resultater\/la-primitiva\/\"]}]},{\"@type\":\"ImageObject\",\"inLanguage\":\"da-DK\",\"@id\":\"https:\/\/redfoxlotto.com\/da\/resultater\/la-primitiva\/#primaryimage\",\"url\":\"https:\/\/content.redfoxlotto.com\/uploads\/sites\/9\/1_results_lottery_online5.jpg\",\"contentUrl\":\"https:\/\/content.redfoxlotto.com\/uploads\/sites\/9\/1_results_lottery_online5.jpg\"},{\"@type\":\"BreadcrumbList\",\"@id\":\"https:\/\/redfoxlotto.com\/da\/resultater\/la-primitiva\/#breadcrumb\",\"itemListElement\":[{\"@type\":\"ListItem\",\"position\":1,\"name\":\"Home\",\"item\":\"https:\/\/redfoxlotto.com\/da\/\"},{\"@type\":\"ListItem\",\"position\":2,\"name\":\"Internationale lottoresultater\",\"item\":\"https:\/\/redfoxlotto.com\/da\/resultater\/\"},{\"@type\":\"ListItem\",\"position\":3,\"name\":\"La Primitiva Vindertal og Resultater\"}]},{\"@type\":\"WebSite\",\"@id\":\"https:\/\/redfoxlotto.com\/da\/#website\",\"url\":\"https:\/\/redfoxlotto.com\/da\/\",\"name\":\"Get Tickets for the World\u2019s largest jackpots\",\"description\":\"Participate in worldwide lottery jackpots from any country\",\"publisher\":{\"@id\":\"https:\/\/redfoxlotto.com\/da\/#organization\"},\"potentialAction\":[{\"@type\":\"SearchAction\",\"target\":{\"@type\":\"EntryPoint\",\"urlTemplate\":\"https:\/\/redfoxlotto.com\/da\/?s={search_term_string}\"},\"query-input\":{\"@type\":\"PropertyValueSpecification\",\"valueRequired\":true,\"valueName\":\"search_term_string\"}}],\"inLanguage\":\"da-DK\"},{\"@type\":\"Organization\",\"@id\":\"https:\/\/redfoxlotto.com\/da\/#organization\",\"name\":\"Get Tickets for the World\u2019s largest jackpots\",\"url\":\"https:\/\/redfoxlotto.com\/da\/\",\"logo\":{\"@type\":\"ImageObject\",\"inLanguage\":\"da-DK\",\"@id\":\"https:\/\/redfoxlotto.com\/da\/#\/schema\/logo\/image\/\",\"url\":\"https:\/\/redfoxlotto.com\/wp-content\/uploads\/2023\/04\/logo.png\",\"contentUrl\":\"https:\/\/redfoxlotto.com\/wp-content\/uploads\/2023\/04\/logo.png\",\"width\":269,\"height\":53,\"caption\":\"Get Tickets for the World\u2019s largest jackpots\"},\"image\":{\"@id\":\"https:\/\/redfoxlotto.com\/da\/#\/schema\/logo\/image\/\"}}]}<\/script>\n<!-- \/ Yoast SEO plugin. -->","yoast_head_json":{"title":"Vindertal og resultater fra den spanske La Primitiva","description":"Se om din La Primitiva lottokupon har vundet, tjek vindertallene her!","robots":{"index":"index","follow":"follow","max-snippet":"max-snippet:-1","max-image-preview":"max-image-preview:large","max-video-preview":"max-video-preview:-1"},"canonical":"https:\/\/redfoxlotto.com\/da\/resultater\/la-primitiva\/","og_locale":"da_DK","og_type":"article","og_title":"Vindertal og resultater fra den spanske La Primitiva","og_description":"Se om din La Primitiva lottokupon har vundet, tjek vindertallene her!","og_url":"https:\/\/redfoxlotto.com\/da\/resultater\/la-primitiva\/","og_site_name":"Get Tickets for the World\u2019s largest jackpots","og_image":[{"url":"https:\/\/content.redfoxlotto.com\/uploads\/sites\/9\/1_results_lottery_online5.jpg"}],"twitter_card":"summary_large_image","twitter_misc":{"Estimeret l\u00e6setid":"2 minutter"},"schema":{"@context":"https:\/\/schema.org","@graph":[{"@type":"WebPage","@id":"https:\/\/redfoxlotto.com\/da\/resultater\/la-primitiva\/","url":"https:\/\/redfoxlotto.com\/da\/resultater\/la-primitiva\/","name":"Vindertal og resultater fra den spanske La Primitiva","isPartOf":{"@id":"https:\/\/redfoxlotto.com\/da\/#website"},"primaryImageOfPage":{"@id":"https:\/\/redfoxlotto.com\/da\/resultater\/la-primitiva\/#primaryimage"},"image":{"@id":"https:\/\/redfoxlotto.com\/da\/resultater\/la-primitiva\/#primaryimage"},"thumbnailUrl":"https:\/\/content.redfoxlotto.com\/uploads\/sites\/9\/1_results_lottery_online5.jpg","datePublished":"2019-11-20T11:24:49+00:00","dateModified":"2019-11-20T11:24:49+00:00","description":"Se om din La Primitiva lottokupon har vundet, tjek vindertallene her!","breadcrumb":{"@id":"https:\/\/redfoxlotto.com\/da\/resultater\/la-primitiva\/#breadcrumb"},"inLanguage":"da-DK","potentialAction":[{"@type":"ReadAction","target":["https:\/\/redfoxlotto.com\/da\/resultater\/la-primitiva\/"]}]},{"@type":"ImageObject","inLanguage":"da-DK","@id":"https:\/\/redfoxlotto.com\/da\/resultater\/la-primitiva\/#primaryimage","url":"https:\/\/content.redfoxlotto.com\/uploads\/sites\/9\/1_results_lottery_online5.jpg","contentUrl":"https:\/\/content.redfoxlotto.com\/uploads\/sites\/9\/1_results_lottery_online5.jpg"},{"@type":"BreadcrumbList","@id":"https:\/\/redfoxlotto.com\/da\/resultater\/la-primitiva\/#breadcrumb","itemListElement":[{"@type":"ListItem","position":1,"name":"Home","item":"https:\/\/redfoxlotto.com\/da\/"},{"@type":"ListItem","position":2,"name":"Internationale lottoresultater","item":"https:\/\/redfoxlotto.com\/da\/resultater\/"},{"@type":"ListItem","position":3,"name":"La Primitiva Vindertal og Resultater"}]},{"@type":"WebSite","@id":"https:\/\/redfoxlotto.com\/da\/#website","url":"https:\/\/redfoxlotto.com\/da\/","name":"Get Tickets for the World\u2019s largest jackpots","description":"Participate in worldwide lottery jackpots from any country","publisher":{"@id":"https:\/\/redfoxlotto.com\/da\/#organization"},"potentialAction":[{"@type":"SearchAction","target":{"@type":"EntryPoint","urlTemplate":"https:\/\/redfoxlotto.com\/da\/?s={search_term_string}"},"query-input":{"@type":"PropertyValueSpecification","valueRequired":true,"valueName":"search_term_string"}}],"inLanguage":"da-DK"},{"@type":"Organization","@id":"https:\/\/redfoxlotto.com\/da\/#organization","name":"Get Tickets for the World\u2019s largest jackpots","url":"https:\/\/redfoxlotto.com\/da\/","logo":{"@type":"ImageObject","inLanguage":"da-DK","@id":"https:\/\/redfoxlotto.com\/da\/#\/schema\/logo\/image\/","url":"https:\/\/redfoxlotto.com\/wp-content\/uploads\/2023\/04\/logo.png","contentUrl":"https:\/\/redfoxlotto.com\/wp-content\/uploads\/2023\/04\/logo.png","width":269,"height":53,"caption":"Get Tickets for the World\u2019s largest jackpots"},"image":{"@id":"https:\/\/redfoxlotto.com\/da\/#\/schema\/logo\/image\/"}}]}},"_links":{"self":[{"href":"https:\/\/redfoxlotto.com\/da\/wp-json\/wp\/v2\/pages\/5643","targetHints":{"allow":["GET"]}}],"collection":[{"href":"https:\/\/redfoxlotto.com\/da\/wp-json\/wp\/v2\/pages"}],"about":[{"href":"https:\/\/redfoxlotto.com\/da\/wp-json\/wp\/v2\/types\/page"}],"author":[{"embeddable":true,"href":"https:\/\/redfoxlotto.com\/da\/wp-json\/wp\/v2\/users\/1"}],"replies":[{"embeddable":true,"href":"https:\/\/redfoxlotto.com\/da\/wp-json\/wp\/v2\/comments?post=5643"}],"version-history":[{"count":0,"href":"https:\/\/redfoxlotto.com\/da\/wp-json\/wp\/v2\/pages\/5643\/revisions"}],"up":[{"embeddable":true,"href":"https:\/\/redfoxlotto.com\/da\/wp-json\/wp\/v2\/pages\/5010"}],"wp:attachment":[{"href":"https:\/\/redfoxlotto.com\/da\/wp-json\/wp\/v2\/media?parent=5643"}],"curies":[{"name":"wp","href":"https:\/\/api.w.org\/{rel}","templated":true}]}}