{"id":5642,"date":"2018-11-18T08:54:25","date_gmt":"2018-11-18T08:54:25","guid":{"rendered":"https:\/\/redfoxlotto.com\/?page_id=5642"},"modified":"2023-05-15T14:30:13","modified_gmt":"2023-05-15T14:30:13","slug":"la-primitiva","status":"publish","type":"page","link":"https:\/\/redfoxlotto.com\/da\/lotteri\/la-primitiva\/","title":{"rendered":"S\u00e5dan f\u00e5r du lottokuponer til La Primitiva online"},"content":{"rendered":"<p><img loading=\"lazy\" decoding=\"async\" class=\" wp-image alignright\" src=\"https:\/\/content.redfoxlotto.com\/uploads\/sites\/9\/2_ticket_la_primitiva2.jpg\" alt=\"La Primitiva online billet\" width=\"96\" height=\"137\" \/><\/p>\r\n<p>Dette er Spaniens st\u00f8rste lotteri. Du har m\u00e5ske ogs\u00e5 h\u00f8rt dette lotteri blive omtalt som El Gordo, men teknisk set er det ikke det samme. El Gordo er juleudgaven af det spanske La Primitiva, og det foreg\u00e5r helt anderledes. Se vores artikel om El Gordo.<\/p><p><!--more read more--><\/p><p>La Primitiva er det ugentlige spanske lotteri. Jackpotten har et minimumsbel\u00f8b p\u00e5 \u20ac5 millioner. <strong>Men jackpotten har n\u00e5et bel\u00f8b t\u00e6t p\u00e5 \u20ac 100 millioner f\u00f8r<\/strong>. Udtr\u00e6kningen finder sted hver s\u00f8ndag.<\/p><p>Selvom det var meningen, at det skulle v\u00e6re et nationalt lotteri, kan du ogs\u00e5 k\u00f8be lottokuponer til La Primitiva online. Du beh\u00f8ver ikke at v\u00e6re bosiddende i Spanien. Bare v\u00e6lg dine tal via vores side, opret derefter en konto hos os og betal online. Vi bestiller en helt lovlig La Primitiva-kupon til dig.<\/p><p><img loading=\"lazy\" decoding=\"async\" class=\" wp-image alignright\" src=\"https:\/\/content.redfoxlotto.com\/uploads\/sites\/9\/1_buy_ticket_lotto_online2.jpg\" alt=\"K\u00f8b La Primitiva-billetter\" width=\"172\" height=\"256\" \/><\/p><p>For at deltage i udtr\u00e6kningen, <strong>skal du blot k\u00f8be en lottokupon med tal, du har valgt. <\/strong>La Primitiva indeholder numre fra 0-49. Spillerne har mulighed for at v\u00e6lge 6 numre hver, og derefter tildeles et nummer fra 0-9 automatisk til den p\u00e5g\u00e6ldende lottokupon. P\u00e5 udtr\u00e6kningsdagen v\u00e6lges 6 numre tilf\u00e6ldigt fra 0-49 og 1 nummer fra 0-9. Den kupon hvis numre matcher n\u00f8jagtigt med de udtrukne tal vinder jackpotten.<\/p><p>Den hidtil st\u00f8rste jackpot, der er vundet i La Primitiva-lotteriet, var fra den 17. oktober 2015 \u2013 og er p\u00e5 \u20ac 101,7 millioner. F\u00f8r det var en jackpot fra februar 2014, p\u00e5 \u20ac73 millioner den st\u00f8rste. For at vinde den ultimative jackpot, skal man have heldet p\u00e5 sin side da sandsynligheden for at sl\u00e5 jackpotten er 1:14 millioner, men i betragtning af hvor lidt <a href=\"https:\/\/redfoxlotto.com\/da\/\">lottokuponen <\/a>koster, og den enorme sum du kan vinde, s\u00e5 kan alle f\u00f8le sig heldige.<\/p>","protected":false},"excerpt":{"rendered":"<p>Dette er Spaniens st\u00f8rste lotteri. Du har m\u00e5ske ogs\u00e5 h\u00f8rt dette lotteri blive omtalt som El Gordo, men teknisk set er det ikke det samme. El Gordo er juleudgaven af det spanske La Primitiva, og det foreg\u00e5r helt anderledes. Se vores artikel om El Gordo.<\/p>\n","protected":false},"author":1,"featured_media":0,"parent":5002,"menu_order":7,"comment_status":"closed","ping_status":"closed","template":"la-primitiva-info.php","meta":{"_et_pb_use_builder":"","_et_pb_old_content":"","_et_gb_content_width":"","exclude_from_search":false,"footnotes":""},"class_list":["post-5642","page","type-page","status-publish","hentry"],"yoast_head":"<!-- This site is optimized with the Yoast SEO plugin v23.8 - https:\/\/yoast.com\/wordpress\/plugins\/seo\/ -->\n<title>K\u00f8b La Primitiva lottokuponer fra overalt<\/title>\n<meta name=\"description\" content=\"Uanset hvor du bor -kan du f\u00e5 lottokuponer til La Primitiva\" \/>\n<meta name=\"robots\" content=\"index, follow, max-snippet:-1, max-image-preview:large, max-video-preview:-1\" \/>\n<link rel=\"canonical\" href=\"https:\/\/redfoxlotto.com\/da\/lotteri\/la-primitiva\/\" \/>\n<meta property=\"og:locale\" content=\"da_DK\" \/>\n<meta property=\"og:type\" content=\"article\" \/>\n<meta property=\"og:title\" content=\"K\u00f8b La Primitiva lottokuponer fra overalt\" \/>\n<meta property=\"og:description\" content=\"Uanset hvor du bor -kan du f\u00e5 lottokuponer til La Primitiva\" \/>\n<meta property=\"og:url\" content=\"https:\/\/redfoxlotto.com\/da\/lotteri\/la-primitiva\/\" \/>\n<meta property=\"og:site_name\" content=\"Get Tickets for the World\u2019s largest jackpots\" \/>\n<meta property=\"article:modified_time\" content=\"2023-05-15T14:30:13+00:00\" \/>\n<meta property=\"og:image\" content=\"https:\/\/content.redfoxlotto.com\/uploads\/sites\/9\/2_ticket_la_primitiva2.jpg\" \/>\n<meta name=\"twitter:card\" content=\"summary_large_image\" \/>\n<meta name=\"twitter:label1\" content=\"Estimeret l\u00e6setid\" \/>\n\t<meta name=\"twitter:data1\" content=\"2 minutter\" \/>\n<script type=\"application\/ld+json\" class=\"yoast-schema-graph\">{\"@context\":\"https:\/\/schema.org\",\"@graph\":[{\"@type\":\"WebPage\",\"@id\":\"https:\/\/redfoxlotto.com\/da\/lotteri\/la-primitiva\/\",\"url\":\"https:\/\/redfoxlotto.com\/da\/lotteri\/la-primitiva\/\",\"name\":\"K\u00f8b La Primitiva lottokuponer fra overalt\",\"isPartOf\":{\"@id\":\"https:\/\/redfoxlotto.com\/da\/#website\"},\"primaryImageOfPage\":{\"@id\":\"https:\/\/redfoxlotto.com\/da\/lotteri\/la-primitiva\/#primaryimage\"},\"image\":{\"@id\":\"https:\/\/redfoxlotto.com\/da\/lotteri\/la-primitiva\/#primaryimage\"},\"thumbnailUrl\":\"https:\/\/content.redfoxlotto.com\/uploads\/sites\/9\/2_ticket_la_primitiva2.jpg\",\"datePublished\":\"2018-11-18T08:54:25+00:00\",\"dateModified\":\"2023-05-15T14:30:13+00:00\",\"description\":\"Uanset hvor du bor -kan du f\u00e5 lottokuponer til La Primitiva\",\"breadcrumb\":{\"@id\":\"https:\/\/redfoxlotto.com\/da\/lotteri\/la-primitiva\/#breadcrumb\"},\"inLanguage\":\"da-DK\",\"potentialAction\":[{\"@type\":\"ReadAction\",\"target\":[\"https:\/\/redfoxlotto.com\/da\/lotteri\/la-primitiva\/\"]}]},{\"@type\":\"ImageObject\",\"inLanguage\":\"da-DK\",\"@id\":\"https:\/\/redfoxlotto.com\/da\/lotteri\/la-primitiva\/#primaryimage\",\"url\":\"https:\/\/content.redfoxlotto.com\/uploads\/sites\/9\/2_ticket_la_primitiva2.jpg\",\"contentUrl\":\"https:\/\/content.redfoxlotto.com\/uploads\/sites\/9\/2_ticket_la_primitiva2.jpg\"},{\"@type\":\"BreadcrumbList\",\"@id\":\"https:\/\/redfoxlotto.com\/da\/lotteri\/la-primitiva\/#breadcrumb\",\"itemListElement\":[{\"@type\":\"ListItem\",\"position\":1,\"name\":\"Home\",\"item\":\"https:\/\/redfoxlotto.com\/da\/\"},{\"@type\":\"ListItem\",\"position\":2,\"name\":\"S\u00e5dan k\u00f8ber du online lottokuponer \u2013 k\u00f8bsprocessen\",\"item\":\"https:\/\/redfoxlotto.com\/da\/lotteri\/\"},{\"@type\":\"ListItem\",\"position\":3,\"name\":\"S\u00e5dan f\u00e5r du lottokuponer til La Primitiva online\"}]},{\"@type\":\"WebSite\",\"@id\":\"https:\/\/redfoxlotto.com\/da\/#website\",\"url\":\"https:\/\/redfoxlotto.com\/da\/\",\"name\":\"Get Tickets for the World\u2019s largest jackpots\",\"description\":\"Participate in worldwide lottery jackpots from any country\",\"publisher\":{\"@id\":\"https:\/\/redfoxlotto.com\/da\/#organization\"},\"potentialAction\":[{\"@type\":\"SearchAction\",\"target\":{\"@type\":\"EntryPoint\",\"urlTemplate\":\"https:\/\/redfoxlotto.com\/da\/?s={search_term_string}\"},\"query-input\":{\"@type\":\"PropertyValueSpecification\",\"valueRequired\":true,\"valueName\":\"search_term_string\"}}],\"inLanguage\":\"da-DK\"},{\"@type\":\"Organization\",\"@id\":\"https:\/\/redfoxlotto.com\/da\/#organization\",\"name\":\"Get Tickets for the World\u2019s largest jackpots\",\"url\":\"https:\/\/redfoxlotto.com\/da\/\",\"logo\":{\"@type\":\"ImageObject\",\"inLanguage\":\"da-DK\",\"@id\":\"https:\/\/redfoxlotto.com\/da\/#\/schema\/logo\/image\/\",\"url\":\"https:\/\/redfoxlotto.com\/wp-content\/uploads\/2023\/04\/logo.png\",\"contentUrl\":\"https:\/\/redfoxlotto.com\/wp-content\/uploads\/2023\/04\/logo.png\",\"width\":269,\"height\":53,\"caption\":\"Get Tickets for the World\u2019s largest jackpots\"},\"image\":{\"@id\":\"https:\/\/redfoxlotto.com\/da\/#\/schema\/logo\/image\/\"}}]}<\/script>\n<!-- \/ Yoast SEO plugin. -->","yoast_head_json":{"title":"K\u00f8b La Primitiva lottokuponer fra overalt","description":"Uanset hvor du bor -kan du f\u00e5 lottokuponer til La Primitiva","robots":{"index":"index","follow":"follow","max-snippet":"max-snippet:-1","max-image-preview":"max-image-preview:large","max-video-preview":"max-video-preview:-1"},"canonical":"https:\/\/redfoxlotto.com\/da\/lotteri\/la-primitiva\/","og_locale":"da_DK","og_type":"article","og_title":"K\u00f8b La Primitiva lottokuponer fra overalt","og_description":"Uanset hvor du bor -kan du f\u00e5 lottokuponer til La Primitiva","og_url":"https:\/\/redfoxlotto.com\/da\/lotteri\/la-primitiva\/","og_site_name":"Get Tickets for the World\u2019s largest jackpots","article_modified_time":"2023-05-15T14:30:13+00:00","og_image":[{"url":"https:\/\/content.redfoxlotto.com\/uploads\/sites\/9\/2_ticket_la_primitiva2.jpg"}],"twitter_card":"summary_large_image","twitter_misc":{"Estimeret l\u00e6setid":"2 minutter"},"schema":{"@context":"https:\/\/schema.org","@graph":[{"@type":"WebPage","@id":"https:\/\/redfoxlotto.com\/da\/lotteri\/la-primitiva\/","url":"https:\/\/redfoxlotto.com\/da\/lotteri\/la-primitiva\/","name":"K\u00f8b La Primitiva lottokuponer fra overalt","isPartOf":{"@id":"https:\/\/redfoxlotto.com\/da\/#website"},"primaryImageOfPage":{"@id":"https:\/\/redfoxlotto.com\/da\/lotteri\/la-primitiva\/#primaryimage"},"image":{"@id":"https:\/\/redfoxlotto.com\/da\/lotteri\/la-primitiva\/#primaryimage"},"thumbnailUrl":"https:\/\/content.redfoxlotto.com\/uploads\/sites\/9\/2_ticket_la_primitiva2.jpg","datePublished":"2018-11-18T08:54:25+00:00","dateModified":"2023-05-15T14:30:13+00:00","description":"Uanset hvor du bor -kan du f\u00e5 lottokuponer til La Primitiva","breadcrumb":{"@id":"https:\/\/redfoxlotto.com\/da\/lotteri\/la-primitiva\/#breadcrumb"},"inLanguage":"da-DK","potentialAction":[{"@type":"ReadAction","target":["https:\/\/redfoxlotto.com\/da\/lotteri\/la-primitiva\/"]}]},{"@type":"ImageObject","inLanguage":"da-DK","@id":"https:\/\/redfoxlotto.com\/da\/lotteri\/la-primitiva\/#primaryimage","url":"https:\/\/content.redfoxlotto.com\/uploads\/sites\/9\/2_ticket_la_primitiva2.jpg","contentUrl":"https:\/\/content.redfoxlotto.com\/uploads\/sites\/9\/2_ticket_la_primitiva2.jpg"},{"@type":"BreadcrumbList","@id":"https:\/\/redfoxlotto.com\/da\/lotteri\/la-primitiva\/#breadcrumb","itemListElement":[{"@type":"ListItem","position":1,"name":"Home","item":"https:\/\/redfoxlotto.com\/da\/"},{"@type":"ListItem","position":2,"name":"S\u00e5dan k\u00f8ber du online lottokuponer \u2013 k\u00f8bsprocessen","item":"https:\/\/redfoxlotto.com\/da\/lotteri\/"},{"@type":"ListItem","position":3,"name":"S\u00e5dan f\u00e5r du lottokuponer til La Primitiva online"}]},{"@type":"WebSite","@id":"https:\/\/redfoxlotto.com\/da\/#website","url":"https:\/\/redfoxlotto.com\/da\/","name":"Get Tickets for the World\u2019s largest jackpots","description":"Participate in worldwide lottery jackpots from any country","publisher":{"@id":"https:\/\/redfoxlotto.com\/da\/#organization"},"potentialAction":[{"@type":"SearchAction","target":{"@type":"EntryPoint","urlTemplate":"https:\/\/redfoxlotto.com\/da\/?s={search_term_string}"},"query-input":{"@type":"PropertyValueSpecification","valueRequired":true,"valueName":"search_term_string"}}],"inLanguage":"da-DK"},{"@type":"Organization","@id":"https:\/\/redfoxlotto.com\/da\/#organization","name":"Get Tickets for the World\u2019s largest jackpots","url":"https:\/\/redfoxlotto.com\/da\/","logo":{"@type":"ImageObject","inLanguage":"da-DK","@id":"https:\/\/redfoxlotto.com\/da\/#\/schema\/logo\/image\/","url":"https:\/\/redfoxlotto.com\/wp-content\/uploads\/2023\/04\/logo.png","contentUrl":"https:\/\/redfoxlotto.com\/wp-content\/uploads\/2023\/04\/logo.png","width":269,"height":53,"caption":"Get Tickets for the World\u2019s largest jackpots"},"image":{"@id":"https:\/\/redfoxlotto.com\/da\/#\/schema\/logo\/image\/"}}]}},"_links":{"self":[{"href":"https:\/\/redfoxlotto.com\/da\/wp-json\/wp\/v2\/pages\/5642","targetHints":{"allow":["GET"]}}],"collection":[{"href":"https:\/\/redfoxlotto.com\/da\/wp-json\/wp\/v2\/pages"}],"about":[{"href":"https:\/\/redfoxlotto.com\/da\/wp-json\/wp\/v2\/types\/page"}],"author":[{"embeddable":true,"href":"https:\/\/redfoxlotto.com\/da\/wp-json\/wp\/v2\/users\/1"}],"replies":[{"embeddable":true,"href":"https:\/\/redfoxlotto.com\/da\/wp-json\/wp\/v2\/comments?post=5642"}],"version-history":[{"count":0,"href":"https:\/\/redfoxlotto.com\/da\/wp-json\/wp\/v2\/pages\/5642\/revisions"}],"up":[{"embeddable":true,"href":"https:\/\/redfoxlotto.com\/da\/wp-json\/wp\/v2\/pages\/5002"}],"wp:attachment":[{"href":"https:\/\/redfoxlotto.com\/da\/wp-json\/wp\/v2\/media?parent=5642"}],"curies":[{"name":"wp","href":"https:\/\/api.w.org\/{rel}","templated":true}]}}