{"id":5641,"date":"2023-04-24T17:52:16","date_gmt":"2023-04-24T17:52:16","guid":{"rendered":"https:\/\/redfoxlotto.com\/?page_id=5641"},"modified":"2023-05-15T14:31:49","modified_gmt":"2023-05-15T14:31:49","slug":"la-primitiva","status":"publish","type":"page","link":"https:\/\/redfoxlotto.com\/da\/spil\/la-primitiva\/","title":{"rendered":"S\u00e5dan deltager du i La Primitiva"},"content":{"rendered":"<h2 class=\"wp-block-heading\">Spaniens ugentlige La Primitiva<\/h2><p><img loading=\"lazy\" decoding=\"async\" class=\" wp-image alignright\" src=\"https:\/\/content.redfoxlotto.com\/uploads\/sites\/9\/1_play_lotto_to_win.jpg\" alt=\"La Primitiva spil online\" width=\"232\" height=\"165\" \/><\/p><p>La Primitiva er et spansk lottospil, der ofte blandes sammen med El Gordo. De er begge fra det samme selskab. La Primitiva spilles ugentligt hver torsdag og l\u00f8rdag. Du bliver n\u00f8dt til at v\u00e6lge 6 numre ud af 49 p\u00e5 din kupon.<\/p><p><!--more read more--><\/p><p>El Gordo, er juleversionen p\u00e5 La Primitiva. Det fungerer p\u00e5 en helt anden m\u00e5de, og der er kun \u00e9n udtr\u00e6kning om \u00e5ret.<\/p><h2 class=\"wp-block-heading\">Hvor kan jeg spille La Primitiva online?<\/h2><p><img decoding=\"async\" class=\"size-full wp-image alignright\" src=\"https:\/\/content.redfoxlotto.com\/uploads\/sites\/9\/2_ticket_la_primitiva4.jpg\" alt=\"vind La Primitiva\" \/><\/p><p><strong>Hvis du gerne vil <a href=\"https:\/\/redfoxlotto.com\/da\/lotteri\/\">k\u00f8be en kupon<\/a> til La Primitiva fra Danmark, kan du g\u00f8re det her p\u00e5 vores hjemmeside.<\/strong> Brug vores tilf\u00e6ldige talgenerator, eller v\u00e6lg dine tal selv.<\/p><p>N\u00e5r du har udfyldt din ordre (du er velkommen til at tilf\u00f8je lottokuponer til andre lottospil samtidig), skal du oprette en kundekonto hos os og betale online. Glem ikke at tjekke din indbakke med det tilsendte link til at bekr\u00e6fte din registrering. V\u00e6r opm\u00e6rksom p\u00e5 dine loginoplysninger. Med disse loginoplysninger kan du til enhver tid tjekke dine gevinster.<\/p><p><strong>Selvf\u00f8lgelig kan du altid komme tilbage og spille flere spil.<\/strong> Vi foresl\u00e5r, at du tjekker siden regelm\u00e6ssigt og holder \u00f8je med de nuv\u00e6rende jackpots.<\/p>","protected":false},"excerpt":{"rendered":"<p>Spaniens ugentlige La Primitiva La Primitiva er et spansk lottospil, der ofte blandes sammen med El Gordo. De er begge fra det samme selskab. La Primitiva spilles ugentligt hver torsdag og l\u00f8rdag. Du bliver n\u00f8dt til at v\u00e6lge 6 numre ud af 49 p\u00e5 din kupon.<\/p>\n","protected":false},"author":1,"featured_media":0,"parent":5020,"menu_order":7,"comment_status":"closed","ping_status":"closed","template":"la-primitiva.php","meta":{"_et_pb_use_builder":"","_et_pb_old_content":"","_et_gb_content_width":"","exclude_from_search":false,"footnotes":""},"class_list":["post-5641","page","type-page","status-publish","hentry"],"yoast_head":"<!-- This site is optimized with the Yoast SEO plugin v27.4 - https:\/\/yoast.com\/product\/yoast-seo-wordpress\/ -->\n<title>Spil La Primitiva fra Danmark<\/title>\n<meta name=\"description\" content=\"Lad os vise dig, hvordan du kan spille det spanske La Primitiva lotteri i Danmark\" \/>\n<meta name=\"robots\" content=\"index, follow, max-snippet:-1, max-image-preview:large, max-video-preview:-1\" \/>\n<link rel=\"canonical\" href=\"https:\/\/redfoxlotto.com\/da\/spil\/la-primitiva\/\" \/>\n<meta property=\"og:locale\" content=\"da_DK\" \/>\n<meta property=\"og:type\" content=\"article\" \/>\n<meta property=\"og:title\" content=\"Spil La Primitiva fra Danmark\" \/>\n<meta property=\"og:description\" content=\"Lad os vise dig, hvordan du kan spille det spanske La Primitiva lotteri i Danmark\" \/>\n<meta property=\"og:url\" content=\"https:\/\/redfoxlotto.com\/da\/spil\/la-primitiva\/\" \/>\n<meta property=\"og:site_name\" content=\"Get Tickets for the World\u2019s largest jackpots\" \/>\n<meta property=\"article:modified_time\" content=\"2023-05-15T14:31:49+00:00\" \/>\n<meta property=\"og:image\" content=\"https:\/\/content.redfoxlotto.com\/uploads\/sites\/9\/1_play_lotto_to_win.jpg\" \/>\n<meta name=\"twitter:card\" content=\"summary_large_image\" \/>\n<meta name=\"twitter:label1\" content=\"Estimeret l\u00e6setid\" \/>\n\t<meta name=\"twitter:data1\" content=\"2 minutter\" \/>\n<script type=\"application\/ld+json\" class=\"yoast-schema-graph\">{\"@context\":\"https:\\\/\\\/schema.org\",\"@graph\":[{\"@type\":\"WebPage\",\"@id\":\"https:\\\/\\\/redfoxlotto.com\\\/da\\\/spil\\\/la-primitiva\\\/\",\"url\":\"https:\\\/\\\/redfoxlotto.com\\\/da\\\/spil\\\/la-primitiva\\\/\",\"name\":\"Spil La Primitiva fra Danmark\",\"isPartOf\":{\"@id\":\"https:\\\/\\\/redfoxlotto.com\\\/da\\\/#website\"},\"primaryImageOfPage\":{\"@id\":\"https:\\\/\\\/redfoxlotto.com\\\/da\\\/spil\\\/la-primitiva\\\/#primaryimage\"},\"image\":{\"@id\":\"https:\\\/\\\/redfoxlotto.com\\\/da\\\/spil\\\/la-primitiva\\\/#primaryimage\"},\"thumbnailUrl\":\"https:\\\/\\\/content.redfoxlotto.com\\\/uploads\\\/sites\\\/9\\\/1_play_lotto_to_win.jpg\",\"datePublished\":\"2023-04-24T17:52:16+00:00\",\"dateModified\":\"2023-05-15T14:31:49+00:00\",\"description\":\"Lad os vise dig, hvordan du kan spille det spanske La Primitiva lotteri i Danmark\",\"breadcrumb\":{\"@id\":\"https:\\\/\\\/redfoxlotto.com\\\/da\\\/spil\\\/la-primitiva\\\/#breadcrumb\"},\"inLanguage\":\"da-DK\",\"potentialAction\":[{\"@type\":\"ReadAction\",\"target\":[\"https:\\\/\\\/redfoxlotto.com\\\/da\\\/spil\\\/la-primitiva\\\/\"]}]},{\"@type\":\"ImageObject\",\"inLanguage\":\"da-DK\",\"@id\":\"https:\\\/\\\/redfoxlotto.com\\\/da\\\/spil\\\/la-primitiva\\\/#primaryimage\",\"url\":\"https:\\\/\\\/content.redfoxlotto.com\\\/uploads\\\/sites\\\/9\\\/1_play_lotto_to_win.jpg\",\"contentUrl\":\"https:\\\/\\\/content.redfoxlotto.com\\\/uploads\\\/sites\\\/9\\\/1_play_lotto_to_win.jpg\"},{\"@type\":\"BreadcrumbList\",\"@id\":\"https:\\\/\\\/redfoxlotto.com\\\/da\\\/spil\\\/la-primitiva\\\/#breadcrumb\",\"itemListElement\":[{\"@type\":\"ListItem\",\"position\":1,\"name\":\"Home\",\"item\":\"https:\\\/\\\/redfoxlotto.com\\\/da\\\/\"},{\"@type\":\"ListItem\",\"position\":2,\"name\":\"S\u00e5dan spiller du lotto fra andre lande\",\"item\":\"https:\\\/\\\/redfoxlotto.com\\\/da\\\/spil\\\/\"},{\"@type\":\"ListItem\",\"position\":3,\"name\":\"S\u00e5dan deltager du i La Primitiva\"}]},{\"@type\":\"WebSite\",\"@id\":\"https:\\\/\\\/redfoxlotto.com\\\/da\\\/#website\",\"url\":\"https:\\\/\\\/redfoxlotto.com\\\/da\\\/\",\"name\":\"Get Tickets for the World\u2019s largest jackpots\",\"description\":\"Participate in worldwide lottery jackpots from any country\",\"publisher\":{\"@id\":\"https:\\\/\\\/redfoxlotto.com\\\/da\\\/#organization\"},\"potentialAction\":[{\"@type\":\"SearchAction\",\"target\":{\"@type\":\"EntryPoint\",\"urlTemplate\":\"https:\\\/\\\/redfoxlotto.com\\\/da\\\/?s={search_term_string}\"},\"query-input\":{\"@type\":\"PropertyValueSpecification\",\"valueRequired\":true,\"valueName\":\"search_term_string\"}}],\"inLanguage\":\"da-DK\"},{\"@type\":\"Organization\",\"@id\":\"https:\\\/\\\/redfoxlotto.com\\\/da\\\/#organization\",\"name\":\"Get Tickets for the World\u2019s largest jackpots\",\"url\":\"https:\\\/\\\/redfoxlotto.com\\\/da\\\/\",\"logo\":{\"@type\":\"ImageObject\",\"inLanguage\":\"da-DK\",\"@id\":\"https:\\\/\\\/redfoxlotto.com\\\/da\\\/#\\\/schema\\\/logo\\\/image\\\/\",\"url\":\"https:\\\/\\\/redfoxlotto.com\\\/wp-content\\\/uploads\\\/2023\\\/04\\\/logo.png\",\"contentUrl\":\"https:\\\/\\\/redfoxlotto.com\\\/wp-content\\\/uploads\\\/2023\\\/04\\\/logo.png\",\"width\":269,\"height\":53,\"caption\":\"Get Tickets for the World\u2019s largest jackpots\"},\"image\":{\"@id\":\"https:\\\/\\\/redfoxlotto.com\\\/da\\\/#\\\/schema\\\/logo\\\/image\\\/\"}}]}<\/script>\n<!-- \/ Yoast SEO plugin. -->","yoast_head_json":{"title":"Spil La Primitiva fra Danmark","description":"Lad os vise dig, hvordan du kan spille det spanske La Primitiva lotteri i Danmark","robots":{"index":"index","follow":"follow","max-snippet":"max-snippet:-1","max-image-preview":"max-image-preview:large","max-video-preview":"max-video-preview:-1"},"canonical":"https:\/\/redfoxlotto.com\/da\/spil\/la-primitiva\/","og_locale":"da_DK","og_type":"article","og_title":"Spil La Primitiva fra Danmark","og_description":"Lad os vise dig, hvordan du kan spille det spanske La Primitiva lotteri i Danmark","og_url":"https:\/\/redfoxlotto.com\/da\/spil\/la-primitiva\/","og_site_name":"Get Tickets for the World\u2019s largest jackpots","article_modified_time":"2023-05-15T14:31:49+00:00","og_image":[{"url":"https:\/\/content.redfoxlotto.com\/uploads\/sites\/9\/1_play_lotto_to_win.jpg","type":"","width":"","height":""}],"twitter_card":"summary_large_image","twitter_misc":{"Estimeret l\u00e6setid":"2 minutter"},"schema":{"@context":"https:\/\/schema.org","@graph":[{"@type":"WebPage","@id":"https:\/\/redfoxlotto.com\/da\/spil\/la-primitiva\/","url":"https:\/\/redfoxlotto.com\/da\/spil\/la-primitiva\/","name":"Spil La Primitiva fra Danmark","isPartOf":{"@id":"https:\/\/redfoxlotto.com\/da\/#website"},"primaryImageOfPage":{"@id":"https:\/\/redfoxlotto.com\/da\/spil\/la-primitiva\/#primaryimage"},"image":{"@id":"https:\/\/redfoxlotto.com\/da\/spil\/la-primitiva\/#primaryimage"},"thumbnailUrl":"https:\/\/content.redfoxlotto.com\/uploads\/sites\/9\/1_play_lotto_to_win.jpg","datePublished":"2023-04-24T17:52:16+00:00","dateModified":"2023-05-15T14:31:49+00:00","description":"Lad os vise dig, hvordan du kan spille det spanske La Primitiva lotteri i Danmark","breadcrumb":{"@id":"https:\/\/redfoxlotto.com\/da\/spil\/la-primitiva\/#breadcrumb"},"inLanguage":"da-DK","potentialAction":[{"@type":"ReadAction","target":["https:\/\/redfoxlotto.com\/da\/spil\/la-primitiva\/"]}]},{"@type":"ImageObject","inLanguage":"da-DK","@id":"https:\/\/redfoxlotto.com\/da\/spil\/la-primitiva\/#primaryimage","url":"https:\/\/content.redfoxlotto.com\/uploads\/sites\/9\/1_play_lotto_to_win.jpg","contentUrl":"https:\/\/content.redfoxlotto.com\/uploads\/sites\/9\/1_play_lotto_to_win.jpg"},{"@type":"BreadcrumbList","@id":"https:\/\/redfoxlotto.com\/da\/spil\/la-primitiva\/#breadcrumb","itemListElement":[{"@type":"ListItem","position":1,"name":"Home","item":"https:\/\/redfoxlotto.com\/da\/"},{"@type":"ListItem","position":2,"name":"S\u00e5dan spiller du lotto fra andre lande","item":"https:\/\/redfoxlotto.com\/da\/spil\/"},{"@type":"ListItem","position":3,"name":"S\u00e5dan deltager du i La Primitiva"}]},{"@type":"WebSite","@id":"https:\/\/redfoxlotto.com\/da\/#website","url":"https:\/\/redfoxlotto.com\/da\/","name":"Get Tickets for the World\u2019s largest jackpots","description":"Participate in worldwide lottery jackpots from any country","publisher":{"@id":"https:\/\/redfoxlotto.com\/da\/#organization"},"potentialAction":[{"@type":"SearchAction","target":{"@type":"EntryPoint","urlTemplate":"https:\/\/redfoxlotto.com\/da\/?s={search_term_string}"},"query-input":{"@type":"PropertyValueSpecification","valueRequired":true,"valueName":"search_term_string"}}],"inLanguage":"da-DK"},{"@type":"Organization","@id":"https:\/\/redfoxlotto.com\/da\/#organization","name":"Get Tickets for the World\u2019s largest jackpots","url":"https:\/\/redfoxlotto.com\/da\/","logo":{"@type":"ImageObject","inLanguage":"da-DK","@id":"https:\/\/redfoxlotto.com\/da\/#\/schema\/logo\/image\/","url":"https:\/\/redfoxlotto.com\/wp-content\/uploads\/2023\/04\/logo.png","contentUrl":"https:\/\/redfoxlotto.com\/wp-content\/uploads\/2023\/04\/logo.png","width":269,"height":53,"caption":"Get Tickets for the World\u2019s largest jackpots"},"image":{"@id":"https:\/\/redfoxlotto.com\/da\/#\/schema\/logo\/image\/"}}]}},"_links":{"self":[{"href":"https:\/\/redfoxlotto.com\/da\/wp-json\/wp\/v2\/pages\/5641","targetHints":{"allow":["GET"]}}],"collection":[{"href":"https:\/\/redfoxlotto.com\/da\/wp-json\/wp\/v2\/pages"}],"about":[{"href":"https:\/\/redfoxlotto.com\/da\/wp-json\/wp\/v2\/types\/page"}],"author":[{"embeddable":true,"href":"https:\/\/redfoxlotto.com\/da\/wp-json\/wp\/v2\/users\/1"}],"replies":[{"embeddable":true,"href":"https:\/\/redfoxlotto.com\/da\/wp-json\/wp\/v2\/comments?post=5641"}],"version-history":[{"count":0,"href":"https:\/\/redfoxlotto.com\/da\/wp-json\/wp\/v2\/pages\/5641\/revisions"}],"up":[{"embeddable":true,"href":"https:\/\/redfoxlotto.com\/da\/wp-json\/wp\/v2\/pages\/5020"}],"wp:attachment":[{"href":"https:\/\/redfoxlotto.com\/da\/wp-json\/wp\/v2\/media?parent=5641"}],"curies":[{"name":"wp","href":"https:\/\/api.w.org\/{rel}","templated":true}]}}