{"id":5026,"date":"2023-04-24T17:47:11","date_gmt":"2023-04-24T17:47:11","guid":{"rendered":"https:\/\/redfoxlotto.com\/?page_id=2515"},"modified":"2025-12-11T00:19:22","modified_gmt":"2025-12-11T00:19:22","slug":"superenalotto","status":"publish","type":"page","link":"https:\/\/redfoxlotto.com\/da\/spil\/superenalotto\/","title":{"rendered":"Italiens SuperEnalotto"},"content":{"rendered":"<p><script type=\"application\/ld+json\">\n{\n  \"@context\": \"https:\/\/schema.org\",\n  \"@type\": \"Service\",\n  \"name\": \"SuperEnalotto online\",\n  \"url\": \"https:\/\/redfoxlotto.com\/da\/spil\/superenalotto\/\",\n  \"description\": \"K\u00f8b officielle SuperEnalotto-lodder online via RedFoxLotto. V\u00e6lg dine tal og deltag i den n\u00e6ste lodtr\u00e6kning.\",\n  \"serviceType\": \"Online lottery ticket purchase\",\n  \"provider\": {\n    \"@type\": \"Organization\",\n    \"name\": \"RedFoxLotto\",\n    \"url\": \"https:\/\/redfoxlotto.com\",\n    \"logo\": \"https:\/\/redfoxlotto.com\/wp-content\/uploads\/logo.png\"\n  },\n  \"areaServed\": \"Worldwide\",\n  \"termsOfService\": \"https:\/\/redfoxlotto.com\/terms-and-conditions\",\n  \"hasOfferCatalog\": {\n    \"@type\": \"OfferCatalog\",\n    \"name\": \"SuperEnalotto Offers\",\n    \"itemListElement\": [\n      {\n        \"@type\": \"Offer\",\n        \"name\": \"Lotto SuperEnalotto Ticket\",\n        \"url\": \"https:\/\/redfoxlotto.com\/da\/spil\/superenalotto\/\",\n        \"description\": \"\u00c9n deltagelse i den n\u00e6ste SuperEnalotto-tr\u00e6kning.\",\n        \"price\": \"3.40\",\n        \"priceCurrency\": \"EUR\",\n        \"availability\": \"https:\/\/schema.org\/InStock\",\n        \"itemOffered\": {\n          \"@type\": \"Service\",\n          \"name\": \"SuperEnalotto Lottery Entry\",\n          \"description\": \"Deltagelse i den n\u00e6ste SuperEnalotto-tr\u00e6kning via RedFoxLotto.\"\n        }\n      }\n    ]\n  },\n  \"mainEntityOfPage\": {\n    \"@type\": \"WebPage\",\n    \"@id\": \"https:\/\/redfoxlotto.com\/da\/spil\/superenalotto\/\"\n  }\n}\n<\/script><\/p>\n<h2>S\u00e5dan spiller du SuperEnalotto<\/h2>\n<p><img loading=\"lazy\" decoding=\"async\" class=\" wp-image alignright\" src=\"https:\/\/content.redfoxlotto.com\/uploads\/sites\/9\/1_play_superenalotto.jpg\" alt=\"Superenalotto spil online\" width=\"170\" height=\"147\" \/><\/p>\n<p>De grundl\u00e6ggende regler for dette italienske lottospil er ganske enkle. Du v\u00e6lger bare 6 numre fra 1 til 90, f\u00e5r din kupon, og alt hvad du skal g\u00f8re er at vente og kontrollere de udtrukne numre.<!--more--><\/p>\n<p>At du har i alt 90 numre at v\u00e6lge imellem betyder, at chancen for at f\u00e5 dem alle rigtige er ret lav. Faktisk er sandsynligheden 1 til 622 millioner.<\/p>\n<p>Det er ogs\u00e5 grunden til, at jackpotten tager uger, hvis ikke m\u00e5neder, at kn\u00e6kke. Men det skal ikke forhindre dig i at spille. Lottokuponpriserne er relativt lave, og g\u00e6t lige engang? Nogen vil altid v\u00e6re de heldige, s\u00e5 hvorfor skulle det ikke v\u00e6re dig? <strong>Husk, at n\u00e5r du spiller <a href=\"https:\/\/redfoxlotto.com\/da\/lotteri\/superenalotto\/\">Superenalotto<\/a> p\u00e5 RedFoxLotto,<\/strong> beh\u00f8ver du ikke v\u00e6re i Italien eller v\u00e6re en italiensk statsborger. Dine online kuponer deltager udtr\u00e6kningen uanset dit opholdsland eller nationalitet. Det er det fantastiske ved at spille de internationale spil online gennem vores service.<\/p>\n<h2>Forbedre dine chancer for at vinde<\/h2>\n<p><img decoding=\"async\" class=\"size-full wp-image alignright\" src=\"https:\/\/content.redfoxlotto.com\/uploads\/sites\/9\/2_ticket_superenalotto.jpg\" alt=\"vind Superenalotto\" \/><br \/>\n<strong>Statistisk set har kun 70% af de vundne bel\u00f8b v\u00e6ret h\u00f8jere tal.<\/strong> Alle bruger deres f\u00f8dselsdato, s\u00e5 n\u00e5r resultatet er et mindre tal, er der flere vindere og lavere udbetalinger pr. vinder. S\u00e5 hvis du vil sikre dig, at du ikke beh\u00f8ver at dele din SuperEnalotto-jackpot, skal du v\u00e6lge tal over 31 p\u00e5 din kupon!<br \/>\nBortset fra det, er du velkommen til at bruge ethvert lottosystem. Du kan ogs\u00e5 bare bruge dine personlige lykkenumre. Hvis de alle er mindre tal, hvorfor ikke bare multiplicere dem med 2, 3, 4 eller 5? P\u00e5 den m\u00e5de undg\u00e5r du at have tal, som alle andre har.<\/p>\n","protected":false},"excerpt":{"rendered":"<p>S\u00e5dan spiller du SuperEnalotto De grundl\u00e6ggende regler for dette italienske lottospil er ganske enkle. Du v\u00e6lger bare 6 numre fra 1 til 90, f\u00e5r din kupon, og alt hvad du skal g\u00f8re er at vente og kontrollere de udtrukne numre.<\/p>\n","protected":false},"author":1,"featured_media":0,"parent":5020,"menu_order":5,"comment_status":"closed","ping_status":"closed","template":"superenalotto.php","meta":{"_et_pb_use_builder":"","_et_pb_old_content":"","_et_gb_content_width":"","exclude_from_search":false,"footnotes":""},"class_list":["post-5026","page","type-page","status-publish","hentry"],"yoast_head":"<!-- This site is optimized with the Yoast SEO plugin v27.3 - https:\/\/yoast.com\/product\/yoast-seo-wordpress\/ -->\n<title>Spil SuperEnalotto online<\/title>\n<meta name=\"description\" content=\"Nu kan du spille SuperEnalotto, selv uden for Italien\" \/>\n<meta name=\"robots\" content=\"index, follow, max-snippet:-1, max-image-preview:large, max-video-preview:-1\" \/>\n<link rel=\"canonical\" href=\"https:\/\/redfoxlotto.com\/da\/spil\/superenalotto\/\" \/>\n<meta property=\"og:locale\" content=\"da_DK\" \/>\n<meta property=\"og:type\" content=\"article\" \/>\n<meta property=\"og:title\" content=\"Spil SuperEnalotto online\" \/>\n<meta property=\"og:description\" content=\"Nu kan du spille SuperEnalotto, selv uden for Italien\" \/>\n<meta property=\"og:url\" content=\"https:\/\/redfoxlotto.com\/da\/spil\/superenalotto\/\" \/>\n<meta property=\"og:site_name\" content=\"Get Tickets for the World\u2019s largest jackpots\" \/>\n<meta property=\"article:modified_time\" content=\"2025-12-11T00:19:22+00:00\" \/>\n<meta property=\"og:image\" content=\"https:\/\/content.redfoxlotto.com\/uploads\/sites\/9\/1_play_superenalotto.jpg\" \/>\n<meta name=\"twitter:card\" content=\"summary_large_image\" \/>\n<meta name=\"twitter:label1\" content=\"Estimeret l\u00e6setid\" \/>\n\t<meta name=\"twitter:data1\" content=\"2 minutter\" \/>\n<script type=\"application\/ld+json\" class=\"yoast-schema-graph\">{\"@context\":\"https:\\\/\\\/schema.org\",\"@graph\":[{\"@type\":\"WebPage\",\"@id\":\"https:\\\/\\\/redfoxlotto.com\\\/da\\\/spil\\\/superenalotto\\\/\",\"url\":\"https:\\\/\\\/redfoxlotto.com\\\/da\\\/spil\\\/superenalotto\\\/\",\"name\":\"Spil SuperEnalotto online\",\"isPartOf\":{\"@id\":\"https:\\\/\\\/redfoxlotto.com\\\/da\\\/#website\"},\"primaryImageOfPage\":{\"@id\":\"https:\\\/\\\/redfoxlotto.com\\\/da\\\/spil\\\/superenalotto\\\/#primaryimage\"},\"image\":{\"@id\":\"https:\\\/\\\/redfoxlotto.com\\\/da\\\/spil\\\/superenalotto\\\/#primaryimage\"},\"thumbnailUrl\":\"https:\\\/\\\/content.redfoxlotto.com\\\/uploads\\\/sites\\\/9\\\/1_play_superenalotto.jpg\",\"datePublished\":\"2023-04-24T17:47:11+00:00\",\"dateModified\":\"2025-12-11T00:19:22+00:00\",\"description\":\"Nu kan du spille SuperEnalotto, selv uden for Italien\",\"breadcrumb\":{\"@id\":\"https:\\\/\\\/redfoxlotto.com\\\/da\\\/spil\\\/superenalotto\\\/#breadcrumb\"},\"inLanguage\":\"da-DK\",\"potentialAction\":[{\"@type\":\"ReadAction\",\"target\":[\"https:\\\/\\\/redfoxlotto.com\\\/da\\\/spil\\\/superenalotto\\\/\"]}]},{\"@type\":\"ImageObject\",\"inLanguage\":\"da-DK\",\"@id\":\"https:\\\/\\\/redfoxlotto.com\\\/da\\\/spil\\\/superenalotto\\\/#primaryimage\",\"url\":\"https:\\\/\\\/content.redfoxlotto.com\\\/uploads\\\/sites\\\/9\\\/1_play_superenalotto.jpg\",\"contentUrl\":\"https:\\\/\\\/content.redfoxlotto.com\\\/uploads\\\/sites\\\/9\\\/1_play_superenalotto.jpg\"},{\"@type\":\"BreadcrumbList\",\"@id\":\"https:\\\/\\\/redfoxlotto.com\\\/da\\\/spil\\\/superenalotto\\\/#breadcrumb\",\"itemListElement\":[{\"@type\":\"ListItem\",\"position\":1,\"name\":\"Home\",\"item\":\"https:\\\/\\\/redfoxlotto.com\\\/da\\\/\"},{\"@type\":\"ListItem\",\"position\":2,\"name\":\"S\u00e5dan spiller du lotto fra andre lande\",\"item\":\"https:\\\/\\\/redfoxlotto.com\\\/da\\\/spil\\\/\"},{\"@type\":\"ListItem\",\"position\":3,\"name\":\"Italiens SuperEnalotto\"}]},{\"@type\":\"WebSite\",\"@id\":\"https:\\\/\\\/redfoxlotto.com\\\/da\\\/#website\",\"url\":\"https:\\\/\\\/redfoxlotto.com\\\/da\\\/\",\"name\":\"Get Tickets for the World\u2019s largest jackpots\",\"description\":\"Participate in worldwide lottery jackpots from any country\",\"publisher\":{\"@id\":\"https:\\\/\\\/redfoxlotto.com\\\/da\\\/#organization\"},\"potentialAction\":[{\"@type\":\"SearchAction\",\"target\":{\"@type\":\"EntryPoint\",\"urlTemplate\":\"https:\\\/\\\/redfoxlotto.com\\\/da\\\/?s={search_term_string}\"},\"query-input\":{\"@type\":\"PropertyValueSpecification\",\"valueRequired\":true,\"valueName\":\"search_term_string\"}}],\"inLanguage\":\"da-DK\"},{\"@type\":\"Organization\",\"@id\":\"https:\\\/\\\/redfoxlotto.com\\\/da\\\/#organization\",\"name\":\"Get Tickets for the World\u2019s largest jackpots\",\"url\":\"https:\\\/\\\/redfoxlotto.com\\\/da\\\/\",\"logo\":{\"@type\":\"ImageObject\",\"inLanguage\":\"da-DK\",\"@id\":\"https:\\\/\\\/redfoxlotto.com\\\/da\\\/#\\\/schema\\\/logo\\\/image\\\/\",\"url\":\"https:\\\/\\\/redfoxlotto.com\\\/wp-content\\\/uploads\\\/2023\\\/04\\\/logo.png\",\"contentUrl\":\"https:\\\/\\\/redfoxlotto.com\\\/wp-content\\\/uploads\\\/2023\\\/04\\\/logo.png\",\"width\":269,\"height\":53,\"caption\":\"Get Tickets for the World\u2019s largest jackpots\"},\"image\":{\"@id\":\"https:\\\/\\\/redfoxlotto.com\\\/da\\\/#\\\/schema\\\/logo\\\/image\\\/\"}}]}<\/script>\n<!-- \/ Yoast SEO plugin. -->","yoast_head_json":{"title":"Spil SuperEnalotto online","description":"Nu kan du spille SuperEnalotto, selv uden for Italien","robots":{"index":"index","follow":"follow","max-snippet":"max-snippet:-1","max-image-preview":"max-image-preview:large","max-video-preview":"max-video-preview:-1"},"canonical":"https:\/\/redfoxlotto.com\/da\/spil\/superenalotto\/","og_locale":"da_DK","og_type":"article","og_title":"Spil SuperEnalotto online","og_description":"Nu kan du spille SuperEnalotto, selv uden for Italien","og_url":"https:\/\/redfoxlotto.com\/da\/spil\/superenalotto\/","og_site_name":"Get Tickets for the World\u2019s largest jackpots","article_modified_time":"2025-12-11T00:19:22+00:00","og_image":[{"url":"https:\/\/content.redfoxlotto.com\/uploads\/sites\/9\/1_play_superenalotto.jpg","type":"","width":"","height":""}],"twitter_card":"summary_large_image","twitter_misc":{"Estimeret l\u00e6setid":"2 minutter"},"schema":{"@context":"https:\/\/schema.org","@graph":[{"@type":"WebPage","@id":"https:\/\/redfoxlotto.com\/da\/spil\/superenalotto\/","url":"https:\/\/redfoxlotto.com\/da\/spil\/superenalotto\/","name":"Spil SuperEnalotto online","isPartOf":{"@id":"https:\/\/redfoxlotto.com\/da\/#website"},"primaryImageOfPage":{"@id":"https:\/\/redfoxlotto.com\/da\/spil\/superenalotto\/#primaryimage"},"image":{"@id":"https:\/\/redfoxlotto.com\/da\/spil\/superenalotto\/#primaryimage"},"thumbnailUrl":"https:\/\/content.redfoxlotto.com\/uploads\/sites\/9\/1_play_superenalotto.jpg","datePublished":"2023-04-24T17:47:11+00:00","dateModified":"2025-12-11T00:19:22+00:00","description":"Nu kan du spille SuperEnalotto, selv uden for Italien","breadcrumb":{"@id":"https:\/\/redfoxlotto.com\/da\/spil\/superenalotto\/#breadcrumb"},"inLanguage":"da-DK","potentialAction":[{"@type":"ReadAction","target":["https:\/\/redfoxlotto.com\/da\/spil\/superenalotto\/"]}]},{"@type":"ImageObject","inLanguage":"da-DK","@id":"https:\/\/redfoxlotto.com\/da\/spil\/superenalotto\/#primaryimage","url":"https:\/\/content.redfoxlotto.com\/uploads\/sites\/9\/1_play_superenalotto.jpg","contentUrl":"https:\/\/content.redfoxlotto.com\/uploads\/sites\/9\/1_play_superenalotto.jpg"},{"@type":"BreadcrumbList","@id":"https:\/\/redfoxlotto.com\/da\/spil\/superenalotto\/#breadcrumb","itemListElement":[{"@type":"ListItem","position":1,"name":"Home","item":"https:\/\/redfoxlotto.com\/da\/"},{"@type":"ListItem","position":2,"name":"S\u00e5dan spiller du lotto fra andre lande","item":"https:\/\/redfoxlotto.com\/da\/spil\/"},{"@type":"ListItem","position":3,"name":"Italiens SuperEnalotto"}]},{"@type":"WebSite","@id":"https:\/\/redfoxlotto.com\/da\/#website","url":"https:\/\/redfoxlotto.com\/da\/","name":"Get Tickets for the World\u2019s largest jackpots","description":"Participate in worldwide lottery jackpots from any country","publisher":{"@id":"https:\/\/redfoxlotto.com\/da\/#organization"},"potentialAction":[{"@type":"SearchAction","target":{"@type":"EntryPoint","urlTemplate":"https:\/\/redfoxlotto.com\/da\/?s={search_term_string}"},"query-input":{"@type":"PropertyValueSpecification","valueRequired":true,"valueName":"search_term_string"}}],"inLanguage":"da-DK"},{"@type":"Organization","@id":"https:\/\/redfoxlotto.com\/da\/#organization","name":"Get Tickets for the World\u2019s largest jackpots","url":"https:\/\/redfoxlotto.com\/da\/","logo":{"@type":"ImageObject","inLanguage":"da-DK","@id":"https:\/\/redfoxlotto.com\/da\/#\/schema\/logo\/image\/","url":"https:\/\/redfoxlotto.com\/wp-content\/uploads\/2023\/04\/logo.png","contentUrl":"https:\/\/redfoxlotto.com\/wp-content\/uploads\/2023\/04\/logo.png","width":269,"height":53,"caption":"Get Tickets for the World\u2019s largest jackpots"},"image":{"@id":"https:\/\/redfoxlotto.com\/da\/#\/schema\/logo\/image\/"}}]}},"_links":{"self":[{"href":"https:\/\/redfoxlotto.com\/da\/wp-json\/wp\/v2\/pages\/5026","targetHints":{"allow":["GET"]}}],"collection":[{"href":"https:\/\/redfoxlotto.com\/da\/wp-json\/wp\/v2\/pages"}],"about":[{"href":"https:\/\/redfoxlotto.com\/da\/wp-json\/wp\/v2\/types\/page"}],"author":[{"embeddable":true,"href":"https:\/\/redfoxlotto.com\/da\/wp-json\/wp\/v2\/users\/1"}],"replies":[{"embeddable":true,"href":"https:\/\/redfoxlotto.com\/da\/wp-json\/wp\/v2\/comments?post=5026"}],"version-history":[{"count":0,"href":"https:\/\/redfoxlotto.com\/da\/wp-json\/wp\/v2\/pages\/5026\/revisions"}],"up":[{"embeddable":true,"href":"https:\/\/redfoxlotto.com\/da\/wp-json\/wp\/v2\/pages\/5020"}],"wp:attachment":[{"href":"https:\/\/redfoxlotto.com\/da\/wp-json\/wp\/v2\/media?parent=5026"}],"curies":[{"name":"wp","href":"https:\/\/api.w.org\/{rel}","templated":true}]}}