{"id":5025,"date":"2023-04-24T17:35:03","date_gmt":"2023-04-24T17:35:03","guid":{"rendered":"https:\/\/redfoxlotto.com\/?page_id=2513"},"modified":"2025-12-15T22:04:22","modified_gmt":"2025-12-15T22:04:22","slug":"powerball","status":"publish","type":"page","link":"https:\/\/redfoxlotto.com\/da\/spil\/powerball\/","title":{"rendered":"Spil Powerball USA"},"content":{"rendered":"<p><script type=\"application\/ld+json\">\n{\n  \"@context\": \"https:\/\/schema.org\",\n  \"@type\": \"Service\",\n  \"name\": \"Spil Powerball online\",\n  \"url\": \"https:\/\/redfoxlotto.com\/da\/spil\/powerball\/\",\n  \"description\": \"Spil Powerball-lotteriet online fra ethvert land. Bes\u00f8g RedFoxLotto, v\u00e6lg dine numre og f\u00e5 dine billetter.\",\n  \"serviceType\": \"Online-lotteribilsleveringstjeneste\",\n  \"provider\": {\n    \"@type\": \"Organization\",\n    \"name\": \"RedFoxLotto\",\n    \"url\": \"https:\/\/redfoxlotto.com\/da\/\",\n    \"image\": \"https:\/\/redfoxlotto.com\/wp-content\/uploads\/2025\/12\/ticket_scans.jpg\",\n    \"sameAs\": []\n  },\n  \"areaServed\": \"Worldwide\",\n  \"termsOfService\": \"https:\/\/redfoxlotto.com\/terms-and-conditions\",\n  \"additionalProperty\": {\n    \"@type\": \"PropertyValue\",\n    \"name\": \"FAQ\",\n    \"value\": \"https:\/\/redfoxlotto.com\/da\/faq\/\"\n  },\n  \"hasOfferCatalog\": {\n    \"@type\": \"OfferCatalog\",\n    \"name\": \"Powerball-lotteribilletter\",\n    \"itemListElement\": [\n      {\n        \"@type\": \"Offer\",\n        \"name\": \"Powerball-billetter\",\n        \"url\": \"https:\/\/redfoxlotto.com\/da\/spil\/powerball\/\",\n        \"description\": \"Klik her for at v\u00e6lge dine numre til n\u00e6ste Powerball-tr\u00e6kning \u2013 bestil dine billetter online.\",\n        \"price\": \"5.90\",\n        \"priceCurrency\": \"EUR\",\n        \"availability\": \"https:\/\/schema.org\/InStock\",\n        \"itemOffered\": {\n          \"@type\": \"Service\",\n          \"name\": \"Powerball-lotteribilletter\",\n          \"description\": \"Spil i n\u00e6ste Powerball-tr\u00e6kning via RedFoxLotto.\"\n        }\n      }\n    ]\n  },\n  \"mainEntityOfPage\": {\n    \"@type\": \"WebPage\",\n    \"@id\": \"https:\/\/redfoxlotto.com\/da\/spil\/powerball\/\"\n  }\n}\n<\/script><\/p>\n<p>Dette er et lottospil, som ofte skaber overskrifter p\u00e5 grund af de enorme jackpots. <strong>Og nu kan du spille Powerball hjemme i Danmark<\/strong>, eller fra andet land for den sags skyld.<!--more--><\/p>\n<h2>Det er let at spille Powerball online<\/h2>\n<p>V\u00e6lg dine tal, betal online og vores agenter vil k\u00f8be en kupon til dig. Det er vores service. Du beh\u00f8ver ikke at bekymre dig for om du f\u00e5r dine penge, hvis du vinder. Vi vil ogs\u00e5 s\u00f8rge for at du f\u00e5r din udbetaling gennemf\u00f8rt.<\/p>\n<h2>Hvorfor er Powerball jackpotten ofte s\u00e5 h\u00f8j?<\/h2>\n<p><img decoding=\"async\" class=\" wp-image alignright\" src=\"https:\/\/content.redfoxlotto.com\/uploads\/sites\/9\/2_ticket_powerball2.jpg\" alt=\"powerball spille online\" width=\"250&quot;\" height=\"125\" \/><\/p>\n<p>For det f\u00f8rste er det fordi jackpotten aldrig kan v\u00e6re lavere end $40 millioner. N\u00e5r jackpotten er vundet, bliver toppr\u00e6mien sat til $40 millioner p\u00e5 ny. N\u00e5r dette sker, g\u00e5r <a href=\"https:\/\/redfoxlotto.com\/da\/lotteri\/powerball\/\">Powerball jackpotten<\/a> op med $10 til $20 millioner per udtr\u00e6kning. Der er to udtr\u00e6kninger per uge. S\u00e5 det tager kun to uger for jackpotten at bryde dens $100 millioner barriere (medmindre nogen vinder toppr\u00e6mien, selvf\u00f8lgelig). Derefter stiger den som regel med 10-15% per udtr\u00e6kning.<\/p>\n<p>Men det sker med j\u00e6vne mellemrum at jackpotten ikke vindes over en periode p\u00e5 otte til ni uger. S\u00e5 vil den have n\u00e5et $500 millioner, eller mere. P\u00e5 det tidspunkt, begynder alle i USA bogstaveligt talt at k\u00f8be lottokuponer. Puljen begynder virkelig at rulle p\u00e5 det tidspunkt. <strong>Det tager kun en udtr\u00e6kning at g\u00e5 fra $500 millioner til $1 billion eller mere.<\/strong><\/p>\n<p>Det er klart, de h\u00f8jere jackpots f\u00e5r verdensomsp\u00e6ndende opm\u00e6rksomhed i medierne. Derfor \u00f8nsker danskere og lotto-fans fra hele verden, at k\u00f8be deres kuponer online. Dette er den service, vi leverer. Ikke kun for danske kunder, men for alle personer i den lovlige alder, der \u00f8nsker at \u00f8ge deres chance for at vinde Powerball USA.<\/p>\n<h2>Hvordan fungerer den amerikanske Powerball?<\/h2>\n<p><img decoding=\"async\" class=\" wp-image alignright\" src=\"https:\/\/content.redfoxlotto.com\/uploads\/sites\/9\/1_play_powerball_usa.jpg\" alt=\"USA lotto\" width=\"250&quot;\" height=\"125\" \/><\/p>\n<p>Spillerne skal v\u00e6lge fem tal fra 1 til 69 (de hvide bolde), plus 1 nummer fra 1 til 26 (r\u00f8de bolde). For at vinde jackpotten skal du have alle 6 numre p\u00e5 din kupon.<\/p>\n<h2>Er det lovligt at spille Powerball fra Danmark?<\/h2>\n<p>Ja det er! Forestil dig, at du er i USA -du kunne nemt k\u00f8be en kupon der. Hvis du vinder, har du et juridisk krav om at f\u00e5 din pr\u00e6mie. Lottospillet er ikke begr\u00e6nset til folk som bor i USA. S\u00e5 hvis du bor i Danmark, og en anden <a href=\"https:\/\/redfoxlotto.com\/da\/lotteri\/\">k\u00f8ber din kupon<\/a>, har du stadig krav p\u00e5 den. Det er din kupon, og det er alt, der betyder noget.<\/p>\n<p><strong>S\u00e5 nu er der ingen grund til ikke at spille om Powerball jackpotten &#8211; f\u00e5 din kupon online nu!<\/strong><\/p>\n<h2>Fordele og ulemper ved Powerball<\/h2>\n<p>Hvis du vil spille Powerball, skal du vide, hvilke fordele og ulemper der er. Is\u00e6r fordi du har mange lotterier at v\u00e6lge imellem, n\u00e5r du spiller online, og det er vigtigt at kende Powerballs og de andre lotteriers egenskaber.<\/p>\n<h3>Powerballs fordele<\/h3>\n<ul>\n<li>Meget h\u00f8j minimum Powerball jackpot p\u00e5 40 millioner dollars, hvilket er mere end de fleste lotterier kan tilbyde, selv efter uger hvor ingen har vundet deres hovedgevinst<\/li>\n<li>St\u00e6rke stigninger uge efter uge, n\u00e5r Powerball-jackpotten har passeret 200 millioner dollars<\/li>\n<li>En meget h\u00f8j anden Powerball-pr\u00e6mie p\u00e5 1 million dollars og en tredjepr\u00e6mie p\u00e5 50.000 dollars samt acceptable odds for de lavere Powerball-niveauer g\u00f8r Powerball attraktivt at spille.<\/li>\n<li>Store jackpots for Powerball giver normalt overskrifter over hele verden, s\u00e5 du ved, hvorn\u00e5r du skal hente dine billetter og spille<\/li>\n<li>Du kan spille i tre ugentlige Powerball-tr\u00e6kninger<\/li>\n<li>Tr\u00e6kninger kan f\u00f8lges online via Powerball-webstedet eller via Youtube<\/li>\n<li>Gratis bonusbillet til Powerball til alle vores nye kunder<\/li>\n<li>Endnu en gratis Powerball-bonusbillet, hvis du henviser en ven til vores websted, efter at din ven har brugt mindst 10,00 \u20ac p\u00e5 billetter til et af vores lotterier<\/li>\n<\/ul>\n<h3>Powerball Ulemper<\/h3>\n<ul>\n<li>Lav sandsynlighed for at vinde Powerball jackpotten (selvom jackpotten altid bliver kn\u00e6kket til sidst)<\/li>\n<li>For europ\u00e6iske eller asiatiske spillere er tidspunkterne for Powerball-tr\u00e6kninger ubelejlige, hvis de \u00f8nsker at se tr\u00e6kningerne online<\/li>\n<\/ul>\n<h2>Hvorn\u00e5r finder Powerball-tr\u00e6kningerne sted?<\/h2>\n<p>Powerball-tr\u00e6kningerne finder sted kl. 10:59 \u00f8stlig tid (eller kl. 22:59), hvilket betyder kl. 3:59 (om morgenen) den f\u00f8lgende dag Greenwich Mean Time eller kl. 4:59 den f\u00f8lgende dag i Centraleuropa.<\/p>\n<h2>Historien om Powerball-lotteriet og jackpotten<\/h2>\n<p>Da Powerball startede i 1992, var den mindste jackpot kun p\u00e5 2 millioner dollars. P\u00e5 det tidspunkt skulle man for at spille Powerball v\u00e6lge 5 tal ud af 45 hovedtal og et Powerball-tal ud af det andet s\u00e6t p\u00e5 45 tal for at kunne spille Powerball.<\/p>\n<p>I 1997 blev reglerne for Powerball \u00e6ndret. For at spille skulle man nu v\u00e6lge 5 ud af 49 numre, og Powerball-valget var 1 ud af 42 numre. Den mindste Powerball-jackpot blev fastsat til 10 millioner dollars.<\/p>\n<p>En anden \u00e6ndring i Powerball-systemet skete i 2002, da antallet af kugler i hovedtr\u00e6kningen blev \u00f8get til 53 &#8211; spillerne skulle stadig spille 5 numre plus et Powerball-nummer ud af 42.<\/p>\n<p>I 2005 blev Powerball-jackpotten sat til mindst 15 millioner dollars, hvilket betyder, at man efter at have vundet en jackpot i den n\u00e6ste Powerball-tr\u00e6kning skulle spille om 15 millioner dollars som Powerball-topgevinst.<\/p>\n<p>Denne Powerball-ops\u00e6tning varede indtil januar 2009, hvor der skete endnu en \u00e6ndring i den m\u00e5de, Powerball blev spillet p\u00e5. F\u00f8rst blev jackpotten h\u00e6vet til mindst 20 millioner dollars, mens spillerne skulle v\u00e6lge 5 numre fra 59 kugler og spille et Powerball-nummer ud af et 39-talsomr\u00e5de.<\/p>\n<p>I 2012 blev den garanterede Powerball-jackpot fordoblet, hvilket bet\u00f8d, at minimumsbel\u00f8bet blev sat til 40 millioner dollars.<\/p>\n<p>I 2015 blev hovednummerserien for Powerball-tr\u00e6kningen igen \u00f8get, nemlig fra 59 til 69. Samtidig blev r\u00e6kkevidden for det ekstra Powerball-tal s\u00e6nket til 26. Denne nye regel gjorde det mere sandsynligt at spille og vinde de lavere pr\u00e6mier, mens oddsene for Powerball-jackpotten gjorde det mindre sandsynligt for spillerne at vinde. Selvf\u00f8lgelig ville jackpotten forblive uopkr\u00e6vet i l\u00e6ngere perioder, hvilket resulterede i st\u00f8rre jackpots.<\/p>\n<p>En anden v\u00e6sentlig \u00e6ndring i den m\u00e5de, Powerball spilles p\u00e5, skete i 2021, da der blev indf\u00f8rt en tredje tr\u00e6kningsdag, og siden da er der blevet trukket p\u00e5 mandage, onsdage og l\u00f8rdage.<\/p>\n<p>I \u00e5renes l\u00f8b besluttede mange amerikanske stater at tilslutte sig Powerball-spillet. I f\u00f8rste omgang kunne kun indbyggerne i 15 stater spille Powerball, men i \u00f8jeblikket kan du f\u00e5 billetter i 44 stater. Samtidig er det muligt at f\u00e5 billetter til Powerball via vores lovlige onlinetjeneste. Gennem os spiller du med en rigtig Powerball-billet, og hele proceduren fra at v\u00e6lge numre, betale for din billet, samt at blive betalt, kan ske online.<\/p>\n<h2>Hvor hurtigt stiger jackpotten efter hver tr\u00e6kning?<\/h2>\n<p>Hvis du \u00f8nsker at spille Powerball, b\u00f8r du naturligvis altid kontrollere jackpottens st\u00f8rrelse. Generelt anbefaler vi, at spillerne for det meste v\u00e6lger det lotteri med den jackpot, som i \u00f8jeblikket er den h\u00f8jeste. P\u00e5 den anden side har nogle lotterier meget lave sandsynligheder for den h\u00f8jeste gevinst. Superenalotto, Powerball og Mega Millions er blandt disse lotterier.<\/p>\n<p>N\u00e5r det er sagt, b\u00f8r du observere udviklingen i jackpots, og ofte nok giver det mening at k\u00f8be lodder til flere tr\u00e6kninger i tr\u00e6k i tr\u00e6k med det samme. Ved at g\u00f8re det sikrer du dig, at du ikke g\u00e5r glip af at spille med om en jackpot, som kan stige hurtigt. Her er nogle tal vedr\u00f8rende den trinvise stigning i Powerball-jackpotten. Dette er naturligvis kun det, der sker, hvis ingen vinder Powerball-jackpotten.<\/p>\n<p>N\u00e5r Powerball-jackpotten er p\u00e5 sit laveste niveau (minimum 40 millioner dollars), stiger den normalt med en hastighed p\u00e5 omkring 8-10 millioner dollars pr. tr\u00e6kning. Med tre ugentlige tr\u00e6kninger ville den ugentlige stigning v\u00e6re ca. 25-30 millioner dollars.<\/p>\n<p>N\u00e5r Powerball-jackpotten er h\u00f8jere end 100 millioner dollars, vil den ugentlige stigning v\u00e6re t\u00e6t p\u00e5 35 millioner dollars. Det skyldes naturligvis, at flere mennesker spiller Powerball og k\u00f8ber billetter, n\u00e5r Powerball-jackpotten er h\u00f8jere.<\/p>\n<p>N\u00e5r Powerball-jackpotten overskrider 200 millioner dollars, og flere og flere spillere k\u00f8ber flere lodder, sker der en acceleration i den gradvise stigning i jackpotten. P\u00e5 det tidspunkt begynder bl.a. lottospillere fra hele verden at l\u00e6gge m\u00e6rke til det og \u00f8nsker at spille med billetter k\u00f8bt online. Den ugentlige stigning kommer t\u00e6ttere p\u00e5 50 millioner dollars.<\/p>\n<p>P\u00e5 et s\u00e5dant tidspunkt, hvor jackpotten for Powerball har n\u00e5et 400 millioner dollars, kan du forvente, at jackpotten stiger med 25 millioner dollars efter hver tr\u00e6kning. Det svarer til en stigning p\u00e5 75 millioner dollars om ugen.<\/p>\n<p>Hvis ingen vinder Powerball-jackpotten, selv n\u00e5r den er over 500 millioner dollars, resulterer den \u00f8gede verdensomsp\u00e6ndende medied\u00e6kning normalt i betydelige lokale og online-k\u00f8b af Powerball-billetter. Som f\u00f8lge heraf kan Powerball-jackpotten nemt g\u00e5 fra 500 millioner dollars til at v\u00e6re t\u00e6t p\u00e5 1 milliard dollars i l\u00f8bet af to uger. Alt dette er naturligvis kun muligt, hvis der ikke er nogen, der vinder jackpotten, og s\u00e5 starter den forfra med jackpotten p\u00e5 40 millioner dollars ved n\u00e6ste Powerball-tr\u00e6kning.<\/p>\n<p>Alt i alt tager det ca. tre uger for Powerball-jackpotten at vokse over bel\u00f8bet p\u00e5 200 millioner dollars, og i alt ca. 9 uger for at g\u00e5 fra minimum til 400 millioner dollars.<\/p>\n<h2>H\u00f8jeste Powerball-jackpot gennem tiderne<\/h2>\n<p>Verdensrekord jackpotten ligger p\u00e5 $ 2 milliarder, 040 millioner (fra november 2018). Den blev vundet den 22. november 2022 i det amerikanske Powerball-lotteri.<br \/>\nOg den 13. januar 2016 var der endnu en jackpot p\u00e5 1,586 milliarder dollars, som ogs\u00e5 blev vundet i det amerikanske Powerball Lotto.<br \/>\nDen tredjeh\u00f8jeste jackpot nogensinde blev vundet i Mega Millions-lotteriet, hvor en heldig vinder den 23. oktober 2018 scorede $ 1,537 milliarder.<\/p>\n","protected":false},"excerpt":{"rendered":"<p>Dette er et lottospil, som ofte skaber overskrifter p\u00e5 grund af de enorme jackpots. Og nu kan du spille Powerball hjemme i Danmark, eller fra andet land for den sags skyld.<\/p>\n","protected":false},"author":1,"featured_media":0,"parent":5020,"menu_order":1,"comment_status":"closed","ping_status":"closed","template":"powerball-usa.php","meta":{"_et_pb_use_builder":"","_et_pb_old_content":"","_et_gb_content_width":"","exclude_from_search":false,"footnotes":""},"class_list":["post-5025","page","type-page","status-publish","hentry"],"yoast_head":"<!-- This site is optimized with the Yoast SEO plugin v23.8 - https:\/\/yoast.com\/wordpress\/plugins\/seo\/ -->\n<title>Spil Powerball online fra Danmark<\/title>\n<meta name=\"description\" content=\"Vores service lader dig spille Powerball fra et hvilket som helst land, inklusive Danmark - f\u00e5 din kupon nu\" \/>\n<meta name=\"robots\" content=\"index, follow, max-snippet:-1, max-image-preview:large, max-video-preview:-1\" \/>\n<link rel=\"canonical\" href=\"https:\/\/redfoxlotto.com\/da\/spil\/powerball\/\" \/>\n<meta property=\"og:locale\" content=\"da_DK\" \/>\n<meta property=\"og:type\" content=\"article\" \/>\n<meta property=\"og:title\" content=\"Spil Powerball online fra Danmark\" \/>\n<meta property=\"og:description\" content=\"Vores service lader dig spille Powerball fra et hvilket som helst land, inklusive Danmark - f\u00e5 din kupon nu\" \/>\n<meta property=\"og:url\" content=\"https:\/\/redfoxlotto.com\/da\/spil\/powerball\/\" \/>\n<meta property=\"og:site_name\" content=\"Get Tickets for the World\u2019s largest jackpots\" \/>\n<meta property=\"article:modified_time\" content=\"2025-12-15T22:04:22+00:00\" \/>\n<meta property=\"og:image\" content=\"https:\/\/content.redfoxlotto.com\/uploads\/sites\/9\/2_ticket_powerball2.jpg\" \/>\n<meta name=\"twitter:card\" content=\"summary_large_image\" \/>\n<meta name=\"twitter:label1\" content=\"Estimeret l\u00e6setid\" \/>\n\t<meta name=\"twitter:data1\" content=\"8 minutter\" \/>\n<script type=\"application\/ld+json\" class=\"yoast-schema-graph\">{\"@context\":\"https:\/\/schema.org\",\"@graph\":[{\"@type\":\"WebPage\",\"@id\":\"https:\/\/redfoxlotto.com\/da\/spil\/powerball\/\",\"url\":\"https:\/\/redfoxlotto.com\/da\/spil\/powerball\/\",\"name\":\"Spil Powerball online fra Danmark\",\"isPartOf\":{\"@id\":\"https:\/\/redfoxlotto.com\/da\/#website\"},\"primaryImageOfPage\":{\"@id\":\"https:\/\/redfoxlotto.com\/da\/spil\/powerball\/#primaryimage\"},\"image\":{\"@id\":\"https:\/\/redfoxlotto.com\/da\/spil\/powerball\/#primaryimage\"},\"thumbnailUrl\":\"https:\/\/content.redfoxlotto.com\/uploads\/sites\/9\/2_ticket_powerball2.jpg\",\"datePublished\":\"2023-04-24T17:35:03+00:00\",\"dateModified\":\"2025-12-15T22:04:22+00:00\",\"description\":\"Vores service lader dig spille Powerball fra et hvilket som helst land, inklusive Danmark - f\u00e5 din kupon nu\",\"breadcrumb\":{\"@id\":\"https:\/\/redfoxlotto.com\/da\/spil\/powerball\/#breadcrumb\"},\"inLanguage\":\"da-DK\",\"potentialAction\":[{\"@type\":\"ReadAction\",\"target\":[\"https:\/\/redfoxlotto.com\/da\/spil\/powerball\/\"]}]},{\"@type\":\"ImageObject\",\"inLanguage\":\"da-DK\",\"@id\":\"https:\/\/redfoxlotto.com\/da\/spil\/powerball\/#primaryimage\",\"url\":\"https:\/\/content.redfoxlotto.com\/uploads\/sites\/9\/2_ticket_powerball2.jpg\",\"contentUrl\":\"https:\/\/content.redfoxlotto.com\/uploads\/sites\/9\/2_ticket_powerball2.jpg\"},{\"@type\":\"BreadcrumbList\",\"@id\":\"https:\/\/redfoxlotto.com\/da\/spil\/powerball\/#breadcrumb\",\"itemListElement\":[{\"@type\":\"ListItem\",\"position\":1,\"name\":\"Home\",\"item\":\"https:\/\/redfoxlotto.com\/da\/\"},{\"@type\":\"ListItem\",\"position\":2,\"name\":\"S\u00e5dan spiller du lotto fra andre lande\",\"item\":\"https:\/\/redfoxlotto.com\/da\/spil\/\"},{\"@type\":\"ListItem\",\"position\":3,\"name\":\"Spil Powerball USA\"}]},{\"@type\":\"WebSite\",\"@id\":\"https:\/\/redfoxlotto.com\/da\/#website\",\"url\":\"https:\/\/redfoxlotto.com\/da\/\",\"name\":\"Get Tickets for the World\u2019s largest jackpots\",\"description\":\"Participate in worldwide lottery jackpots from any country\",\"publisher\":{\"@id\":\"https:\/\/redfoxlotto.com\/da\/#organization\"},\"potentialAction\":[{\"@type\":\"SearchAction\",\"target\":{\"@type\":\"EntryPoint\",\"urlTemplate\":\"https:\/\/redfoxlotto.com\/da\/?s={search_term_string}\"},\"query-input\":{\"@type\":\"PropertyValueSpecification\",\"valueRequired\":true,\"valueName\":\"search_term_string\"}}],\"inLanguage\":\"da-DK\"},{\"@type\":\"Organization\",\"@id\":\"https:\/\/redfoxlotto.com\/da\/#organization\",\"name\":\"Get Tickets for the World\u2019s largest jackpots\",\"url\":\"https:\/\/redfoxlotto.com\/da\/\",\"logo\":{\"@type\":\"ImageObject\",\"inLanguage\":\"da-DK\",\"@id\":\"https:\/\/redfoxlotto.com\/da\/#\/schema\/logo\/image\/\",\"url\":\"https:\/\/redfoxlotto.com\/wp-content\/uploads\/2023\/04\/logo.png\",\"contentUrl\":\"https:\/\/redfoxlotto.com\/wp-content\/uploads\/2023\/04\/logo.png\",\"width\":269,\"height\":53,\"caption\":\"Get Tickets for the World\u2019s largest jackpots\"},\"image\":{\"@id\":\"https:\/\/redfoxlotto.com\/da\/#\/schema\/logo\/image\/\"}}]}<\/script>\n<!-- \/ Yoast SEO plugin. -->","yoast_head_json":{"title":"Spil Powerball online fra Danmark","description":"Vores service lader dig spille Powerball fra et hvilket som helst land, inklusive Danmark - f\u00e5 din kupon nu","robots":{"index":"index","follow":"follow","max-snippet":"max-snippet:-1","max-image-preview":"max-image-preview:large","max-video-preview":"max-video-preview:-1"},"canonical":"https:\/\/redfoxlotto.com\/da\/spil\/powerball\/","og_locale":"da_DK","og_type":"article","og_title":"Spil Powerball online fra Danmark","og_description":"Vores service lader dig spille Powerball fra et hvilket som helst land, inklusive Danmark - f\u00e5 din kupon nu","og_url":"https:\/\/redfoxlotto.com\/da\/spil\/powerball\/","og_site_name":"Get Tickets for the World\u2019s largest jackpots","article_modified_time":"2025-12-15T22:04:22+00:00","og_image":[{"url":"https:\/\/content.redfoxlotto.com\/uploads\/sites\/9\/2_ticket_powerball2.jpg"}],"twitter_card":"summary_large_image","twitter_misc":{"Estimeret l\u00e6setid":"8 minutter"},"schema":{"@context":"https:\/\/schema.org","@graph":[{"@type":"WebPage","@id":"https:\/\/redfoxlotto.com\/da\/spil\/powerball\/","url":"https:\/\/redfoxlotto.com\/da\/spil\/powerball\/","name":"Spil Powerball online fra Danmark","isPartOf":{"@id":"https:\/\/redfoxlotto.com\/da\/#website"},"primaryImageOfPage":{"@id":"https:\/\/redfoxlotto.com\/da\/spil\/powerball\/#primaryimage"},"image":{"@id":"https:\/\/redfoxlotto.com\/da\/spil\/powerball\/#primaryimage"},"thumbnailUrl":"https:\/\/content.redfoxlotto.com\/uploads\/sites\/9\/2_ticket_powerball2.jpg","datePublished":"2023-04-24T17:35:03+00:00","dateModified":"2025-12-15T22:04:22+00:00","description":"Vores service lader dig spille Powerball fra et hvilket som helst land, inklusive Danmark - f\u00e5 din kupon nu","breadcrumb":{"@id":"https:\/\/redfoxlotto.com\/da\/spil\/powerball\/#breadcrumb"},"inLanguage":"da-DK","potentialAction":[{"@type":"ReadAction","target":["https:\/\/redfoxlotto.com\/da\/spil\/powerball\/"]}]},{"@type":"ImageObject","inLanguage":"da-DK","@id":"https:\/\/redfoxlotto.com\/da\/spil\/powerball\/#primaryimage","url":"https:\/\/content.redfoxlotto.com\/uploads\/sites\/9\/2_ticket_powerball2.jpg","contentUrl":"https:\/\/content.redfoxlotto.com\/uploads\/sites\/9\/2_ticket_powerball2.jpg"},{"@type":"BreadcrumbList","@id":"https:\/\/redfoxlotto.com\/da\/spil\/powerball\/#breadcrumb","itemListElement":[{"@type":"ListItem","position":1,"name":"Home","item":"https:\/\/redfoxlotto.com\/da\/"},{"@type":"ListItem","position":2,"name":"S\u00e5dan spiller du lotto fra andre lande","item":"https:\/\/redfoxlotto.com\/da\/spil\/"},{"@type":"ListItem","position":3,"name":"Spil Powerball USA"}]},{"@type":"WebSite","@id":"https:\/\/redfoxlotto.com\/da\/#website","url":"https:\/\/redfoxlotto.com\/da\/","name":"Get Tickets for the World\u2019s largest jackpots","description":"Participate in worldwide lottery jackpots from any country","publisher":{"@id":"https:\/\/redfoxlotto.com\/da\/#organization"},"potentialAction":[{"@type":"SearchAction","target":{"@type":"EntryPoint","urlTemplate":"https:\/\/redfoxlotto.com\/da\/?s={search_term_string}"},"query-input":{"@type":"PropertyValueSpecification","valueRequired":true,"valueName":"search_term_string"}}],"inLanguage":"da-DK"},{"@type":"Organization","@id":"https:\/\/redfoxlotto.com\/da\/#organization","name":"Get Tickets for the World\u2019s largest jackpots","url":"https:\/\/redfoxlotto.com\/da\/","logo":{"@type":"ImageObject","inLanguage":"da-DK","@id":"https:\/\/redfoxlotto.com\/da\/#\/schema\/logo\/image\/","url":"https:\/\/redfoxlotto.com\/wp-content\/uploads\/2023\/04\/logo.png","contentUrl":"https:\/\/redfoxlotto.com\/wp-content\/uploads\/2023\/04\/logo.png","width":269,"height":53,"caption":"Get Tickets for the World\u2019s largest jackpots"},"image":{"@id":"https:\/\/redfoxlotto.com\/da\/#\/schema\/logo\/image\/"}}]}},"_links":{"self":[{"href":"https:\/\/redfoxlotto.com\/da\/wp-json\/wp\/v2\/pages\/5025","targetHints":{"allow":["GET"]}}],"collection":[{"href":"https:\/\/redfoxlotto.com\/da\/wp-json\/wp\/v2\/pages"}],"about":[{"href":"https:\/\/redfoxlotto.com\/da\/wp-json\/wp\/v2\/types\/page"}],"author":[{"embeddable":true,"href":"https:\/\/redfoxlotto.com\/da\/wp-json\/wp\/v2\/users\/1"}],"replies":[{"embeddable":true,"href":"https:\/\/redfoxlotto.com\/da\/wp-json\/wp\/v2\/comments?post=5025"}],"version-history":[{"count":0,"href":"https:\/\/redfoxlotto.com\/da\/wp-json\/wp\/v2\/pages\/5025\/revisions"}],"up":[{"embeddable":true,"href":"https:\/\/redfoxlotto.com\/da\/wp-json\/wp\/v2\/pages\/5020"}],"wp:attachment":[{"href":"https:\/\/redfoxlotto.com\/da\/wp-json\/wp\/v2\/media?parent=5025"}],"curies":[{"name":"wp","href":"https:\/\/api.w.org\/{rel}","templated":true}]}}