{"id":5023,"date":"2023-04-24T17:37:44","date_gmt":"2023-04-24T17:37:44","guid":{"rendered":"https:\/\/redfoxlotto.com\/?page_id=2509"},"modified":"2025-12-17T08:56:19","modified_gmt":"2025-12-17T08:56:19","slug":"mega-millions","status":"publish","type":"page","link":"https:\/\/redfoxlotto.com\/da\/spil\/mega-millions\/","title":{"rendered":"Mega Millions fra Danmark"},"content":{"rendered":"<p><script type=\"application\/ld+json\">\n{\n  \"@context\": \"https:\/\/schema.org\",\n  \"@type\": \"Service\",\n  \"name\": \"Spil Mega Millions online\",\n  \"url\": \"https:\/\/redfoxlotto.com\/da\/spil\/mega-millions\/\",\n  \"description\": \"Spil Mega Millions-lotteriet online fra ethvert land. Bes\u00f8g RedFoxLotto, v\u00e6lg dine tal og f\u00e5 dine kuponer.\",\n  \"serviceType\": \"Online formidlingstjeneste for lotterikuponer\",<\/p>\n<p>  \"provider\": {\n    \"@type\": \"Organization\",\n    \"name\": \"RedFoxLotto\",\n    \"url\": \"https:\/\/redfoxlotto.com\/da\/spil\/mega-millions\/\",\n    \"image\": \"https:\/\/redfoxlotto.com\/wp-content\/uploads\/2025\/12\/ticket_scans.jpg\",\n    \"sameAs\": []\n  },<\/p>\n<p>  \"areaServed\": \"Worldwide\",\n  \"termsOfService\": \"https:\/\/redfoxlotto.com\/terms-and-conditions\",<\/p>\n<p>  \"additionalProperty\": {\n    \"@type\": \"PropertyValue\",\n    \"name\": \"FAQ\",\n    \"value\": \"https:\/\/redfoxlotto.com\/da\/spil\/mega-millions\/\"\n  },<\/p>\n<p>  \"hasOfferCatalog\": {\n    \"@type\": \"OfferCatalog\",\n    \"name\": \"Mega Millions-lotterikuponer\",\n    \"itemListElement\": [\n      {\n        \"@type\": \"Offer\",\n        \"name\": \"Mega Millions kuponer\",\n        \"url\": \"https:\/\/redfoxlotto.com\/da\/spil\/mega-millions\/\",\n        \"description\": \"Klik her for at v\u00e6lge dine tal til n\u00e6ste Mega Millions-tr\u00e6kning og bestille kuponer online.\",\n        \"price\": \"13.00\",\n        \"priceCurrency\": \"EUR\",\n        \"availability\": \"https:\/\/schema.org\/InStock\",<\/p>\n<p>        \"itemOffered\": {\n          \"@type\": \"Service\",\n          \"name\": \"Mega Millions-lotterikuponer\",\n          \"description\": \"Spil i den n\u00e6ste Mega Millions-tr\u00e6kning via RedFoxLotto.\"\n        }\n      }\n    ]\n  },<\/p>\n<p>  \"mainEntityOfPage\": {\n    \"@type\": \"WebPage\",\n    \"@id\": \"https:\/\/redfoxlotto.com\/da\/spil\/mega-millions\/\"\n  }\n}\n<\/script><\/p>\n<p>Du skal ikke rejse til USA for at spille US Mega Millions lotto. Du kan ogs\u00e5 spille Mega Millions fra Danmark. Vi vil give dig dine kuponer gennem vores service.<!--more--><\/p>\n<p><strong>Du kan bestille dem p\u00e5 vores hjemmeside<\/strong>. En af vores agenter i USA vil k\u00f8be kuponerne (med de numre, du har valgt). Derefter vil du modtage en e-mail fra os, som bekr\u00e6fter dit k\u00f8b. Vi h\u00e5ndterer ogs\u00e5 udbetalingen af dine gevinster. Se venligst vores FAQ-sektion for flere detaljer om vores service.<\/p>\n<h2>Regler for Mega Million Lotto<\/h2>\n<p><img loading=\"lazy\" decoding=\"async\" class=\" wp-image alignright\" src=\"https:\/\/content.redfoxlotto.com\/uploads\/sites\/9\/1_play_mega_millions_jackpot.jpg\" alt=\"mega millioner online\" width=\"182\" height=\"182\" \/><br \/>\nSpilleren v\u00e6lger fem tal mellem 1 og 70, samt et ekstra tal fra 1 til 25. For at vinde jackpotten skal alle seks numre v\u00e6re rigtige. Hvis fem tal passer hovednumrene vil pr\u00e6mien ligge p\u00e5 $1 million.<\/p>\n<h2>Mega Millions Jackpot<\/h2>\n<p><a href=\"https:\/\/redfoxlotto.com\/da\/lotteri\/mega-millions\/\">Mega Millions Lotto<\/a> er kendt for sine hurtigt stigende jackpots. Dette skyldes delvist at hundredmillioner af kuponer s\u00e6lges uge efter uge i USA. Men jackpotten vindes ofte ikke i flere uger ad gangen. Jackpotten starter altid p\u00e5 mindst $40 millioner. Den starter som regel langsomt ud, fx p\u00e5 $10-15 millioner per udtr\u00e6kning (der er to udtr\u00e6kninger hver uge).<\/p>\n<p>Jackpotten begynder at &#8220;eksplodere&#8221;. Stigninger fra $200 millioner til $500 millioner inden for en uge er helt normalt. Og hvis jackpotten ikke er vundet i l\u00f8bet af 10 uger, s\u00e5 vil det endda <strong>overstige m\u00e6ngden af $1.000.000.000 dollars<\/strong>, hvilket skete d. 10\/19\/2018. Jackpotten blev endelig vundet af en enkelt vinder den 10\/23\/2018, som p\u00e5 det tidspunkt havde n\u00e5et $1.6 billioner.<\/p>\n<p>N\u00e5r st\u00f8rrelsen p\u00e5 jackpotten er betydelig, ville du g\u00f8re klogt i at bestille din kupon s\u00e5ledes at du kan deltage i flere fortl\u00f8bende <a href=\"https:\/\/redfoxlotto.com\/da\/resultater\/\">udtr\u00e6kninger<\/a>. P\u00e5 den m\u00e5de s\u00f8rger du for, at du ogs\u00e5 medvirker i det n\u00e6ste spil med en endnu h\u00f8jere jackpot.<\/p>\n<p>Det er vigtigt at n\u00e6vne, at jackpotvinderen kan v\u00e6lge mellem to muligheder. Enten v\u00e6lger de at modtage det fulde bel\u00f8b i 30 \u00e5rlige udbetalinger (med en \u00e5rlig 5% stigning for at justering som f\u00f8lge af inflation), eller de beslutter at modtage en \u00f8jeblikkelig engangsbetaling. Denne udbetaling ville v\u00e6re lavere end det fulde jackpotbel\u00f8b.<\/p>\n<h2>Er denne service lovlig for spillere fra Danmark?<\/h2>\n<p><img loading=\"lazy\" decoding=\"async\" class=\" wp-image alignright\" src=\"https:\/\/content.redfoxlotto.com\/uploads\/sites\/9\/2_ticket_mega_millions.jpg\" alt=\" spil fra UK \" width=\"240\" height=\"259\" \/><br \/>\n<strong>Dette er 100% lovligt for spillere fra alle lande, herunder Danmark.<\/strong> Dybest set, er det ligesom at k\u00f8be en kupon til Mega Millions under et ophold i USA. I USA s\u00e6lges kuponer til alle over 18, inklusiv udl\u00e6ndinge. I sidste ende er alt, hvad der betyder noget, at du har din kupon. Desuden vil vi ogs\u00e5 s\u00f8rge for, at du f\u00e5r udbetalt, hvad du har vundet. For st\u00f8rre gevinster (mere end \u20ac2500) f\u00e5r du normalt pengene p\u00e5 en check eller via en bankoverf\u00f8rsel.<\/p>\n<p>Selv, hvis du skulle vinde en jackpot, bliver du n\u00f8dt til at rejse til USA, hvor din check vil blive udleveret til dig personligt. Du vil sikkert elske at tage s\u00e5dan en sk\u00f8n tur!<\/p>\n<p>Er den <a href=\"https:\/\/redfoxlotto.com\/da\/nuvaerende-beloeb-for-powerball-og-mega-millions-jackpot-i-dag\/\">n\u00e6ste Mega Millions jackpot<\/a> forbeholdt dig? <strong>Pr\u00f8v lykken nu -du kan ikke vinde, hvis du ikke k\u00f8ber en kupon!<\/strong><\/p>\n","protected":false},"excerpt":{"rendered":"<p>Du skal ikke rejse til USA for at spille US Mega Millions lotto. Du kan ogs\u00e5 spille Mega Millions fra Danmark. Vi vil give dig dine kuponer gennem vores service.<\/p>\n","protected":false},"author":1,"featured_media":0,"parent":5020,"menu_order":2,"comment_status":"closed","ping_status":"closed","template":"megamillion.php","meta":{"_et_pb_use_builder":"","_et_pb_old_content":"","_et_gb_content_width":"","exclude_from_search":false,"footnotes":""},"class_list":["post-5023","page","type-page","status-publish","hentry"],"yoast_head":"<!-- This site is optimized with the Yoast SEO plugin v23.8 - https:\/\/yoast.com\/wordpress\/plugins\/seo\/ -->\n<title>Spille Mega Millions Online i Danmark<\/title>\n<meta name=\"description\" content=\"Bestil din Mega Millions kupon her - fra Danmark eller et andet land!\" \/>\n<meta name=\"robots\" content=\"index, follow, max-snippet:-1, max-image-preview:large, max-video-preview:-1\" \/>\n<link rel=\"canonical\" href=\"https:\/\/redfoxlotto.com\/da\/spil\/mega-millions\/\" \/>\n<meta property=\"og:locale\" content=\"da_DK\" \/>\n<meta property=\"og:type\" content=\"article\" \/>\n<meta property=\"og:title\" content=\"Spille Mega Millions Online i Danmark\" \/>\n<meta property=\"og:description\" content=\"Bestil din Mega Millions kupon her - fra Danmark eller et andet land!\" \/>\n<meta property=\"og:url\" content=\"https:\/\/redfoxlotto.com\/da\/spil\/mega-millions\/\" \/>\n<meta property=\"og:site_name\" content=\"Get Tickets for the World\u2019s largest jackpots\" \/>\n<meta property=\"article:modified_time\" content=\"2025-12-17T08:56:19+00:00\" \/>\n<meta property=\"og:image\" content=\"https:\/\/content.redfoxlotto.com\/uploads\/sites\/9\/1_play_mega_millions_jackpot.jpg\" \/>\n<meta name=\"twitter:card\" content=\"summary_large_image\" \/>\n<meta name=\"twitter:label1\" content=\"Estimeret l\u00e6setid\" \/>\n\t<meta name=\"twitter:data1\" content=\"3 minutter\" \/>\n<script type=\"application\/ld+json\" class=\"yoast-schema-graph\">{\"@context\":\"https:\/\/schema.org\",\"@graph\":[{\"@type\":\"WebPage\",\"@id\":\"https:\/\/redfoxlotto.com\/da\/spil\/mega-millions\/\",\"url\":\"https:\/\/redfoxlotto.com\/da\/spil\/mega-millions\/\",\"name\":\"Spille Mega Millions Online i Danmark\",\"isPartOf\":{\"@id\":\"https:\/\/redfoxlotto.com\/da\/#website\"},\"primaryImageOfPage\":{\"@id\":\"https:\/\/redfoxlotto.com\/da\/spil\/mega-millions\/#primaryimage\"},\"image\":{\"@id\":\"https:\/\/redfoxlotto.com\/da\/spil\/mega-millions\/#primaryimage\"},\"thumbnailUrl\":\"https:\/\/content.redfoxlotto.com\/uploads\/sites\/9\/1_play_mega_millions_jackpot.jpg\",\"datePublished\":\"2023-04-24T17:37:44+00:00\",\"dateModified\":\"2025-12-17T08:56:19+00:00\",\"description\":\"Bestil din Mega Millions kupon her - fra Danmark eller et andet land!\",\"breadcrumb\":{\"@id\":\"https:\/\/redfoxlotto.com\/da\/spil\/mega-millions\/#breadcrumb\"},\"inLanguage\":\"da-DK\",\"potentialAction\":[{\"@type\":\"ReadAction\",\"target\":[\"https:\/\/redfoxlotto.com\/da\/spil\/mega-millions\/\"]}]},{\"@type\":\"ImageObject\",\"inLanguage\":\"da-DK\",\"@id\":\"https:\/\/redfoxlotto.com\/da\/spil\/mega-millions\/#primaryimage\",\"url\":\"https:\/\/content.redfoxlotto.com\/uploads\/sites\/9\/1_play_mega_millions_jackpot.jpg\",\"contentUrl\":\"https:\/\/content.redfoxlotto.com\/uploads\/sites\/9\/1_play_mega_millions_jackpot.jpg\"},{\"@type\":\"BreadcrumbList\",\"@id\":\"https:\/\/redfoxlotto.com\/da\/spil\/mega-millions\/#breadcrumb\",\"itemListElement\":[{\"@type\":\"ListItem\",\"position\":1,\"name\":\"Home\",\"item\":\"https:\/\/redfoxlotto.com\/da\/\"},{\"@type\":\"ListItem\",\"position\":2,\"name\":\"S\u00e5dan spiller du lotto fra andre lande\",\"item\":\"https:\/\/redfoxlotto.com\/da\/spil\/\"},{\"@type\":\"ListItem\",\"position\":3,\"name\":\"Mega Millions fra Danmark\"}]},{\"@type\":\"WebSite\",\"@id\":\"https:\/\/redfoxlotto.com\/da\/#website\",\"url\":\"https:\/\/redfoxlotto.com\/da\/\",\"name\":\"Get Tickets for the World\u2019s largest jackpots\",\"description\":\"Participate in worldwide lottery jackpots from any country\",\"publisher\":{\"@id\":\"https:\/\/redfoxlotto.com\/da\/#organization\"},\"potentialAction\":[{\"@type\":\"SearchAction\",\"target\":{\"@type\":\"EntryPoint\",\"urlTemplate\":\"https:\/\/redfoxlotto.com\/da\/?s={search_term_string}\"},\"query-input\":{\"@type\":\"PropertyValueSpecification\",\"valueRequired\":true,\"valueName\":\"search_term_string\"}}],\"inLanguage\":\"da-DK\"},{\"@type\":\"Organization\",\"@id\":\"https:\/\/redfoxlotto.com\/da\/#organization\",\"name\":\"Get Tickets for the World\u2019s largest jackpots\",\"url\":\"https:\/\/redfoxlotto.com\/da\/\",\"logo\":{\"@type\":\"ImageObject\",\"inLanguage\":\"da-DK\",\"@id\":\"https:\/\/redfoxlotto.com\/da\/#\/schema\/logo\/image\/\",\"url\":\"https:\/\/redfoxlotto.com\/wp-content\/uploads\/2023\/04\/logo.png\",\"contentUrl\":\"https:\/\/redfoxlotto.com\/wp-content\/uploads\/2023\/04\/logo.png\",\"width\":269,\"height\":53,\"caption\":\"Get Tickets for the World\u2019s largest jackpots\"},\"image\":{\"@id\":\"https:\/\/redfoxlotto.com\/da\/#\/schema\/logo\/image\/\"}}]}<\/script>\n<!-- \/ Yoast SEO plugin. -->","yoast_head_json":{"title":"Spille Mega Millions Online i Danmark","description":"Bestil din Mega Millions kupon her - fra Danmark eller et andet land!","robots":{"index":"index","follow":"follow","max-snippet":"max-snippet:-1","max-image-preview":"max-image-preview:large","max-video-preview":"max-video-preview:-1"},"canonical":"https:\/\/redfoxlotto.com\/da\/spil\/mega-millions\/","og_locale":"da_DK","og_type":"article","og_title":"Spille Mega Millions Online i Danmark","og_description":"Bestil din Mega Millions kupon her - fra Danmark eller et andet land!","og_url":"https:\/\/redfoxlotto.com\/da\/spil\/mega-millions\/","og_site_name":"Get Tickets for the World\u2019s largest jackpots","article_modified_time":"2025-12-17T08:56:19+00:00","og_image":[{"url":"https:\/\/content.redfoxlotto.com\/uploads\/sites\/9\/1_play_mega_millions_jackpot.jpg"}],"twitter_card":"summary_large_image","twitter_misc":{"Estimeret l\u00e6setid":"3 minutter"},"schema":{"@context":"https:\/\/schema.org","@graph":[{"@type":"WebPage","@id":"https:\/\/redfoxlotto.com\/da\/spil\/mega-millions\/","url":"https:\/\/redfoxlotto.com\/da\/spil\/mega-millions\/","name":"Spille Mega Millions Online i Danmark","isPartOf":{"@id":"https:\/\/redfoxlotto.com\/da\/#website"},"primaryImageOfPage":{"@id":"https:\/\/redfoxlotto.com\/da\/spil\/mega-millions\/#primaryimage"},"image":{"@id":"https:\/\/redfoxlotto.com\/da\/spil\/mega-millions\/#primaryimage"},"thumbnailUrl":"https:\/\/content.redfoxlotto.com\/uploads\/sites\/9\/1_play_mega_millions_jackpot.jpg","datePublished":"2023-04-24T17:37:44+00:00","dateModified":"2025-12-17T08:56:19+00:00","description":"Bestil din Mega Millions kupon her - fra Danmark eller et andet land!","breadcrumb":{"@id":"https:\/\/redfoxlotto.com\/da\/spil\/mega-millions\/#breadcrumb"},"inLanguage":"da-DK","potentialAction":[{"@type":"ReadAction","target":["https:\/\/redfoxlotto.com\/da\/spil\/mega-millions\/"]}]},{"@type":"ImageObject","inLanguage":"da-DK","@id":"https:\/\/redfoxlotto.com\/da\/spil\/mega-millions\/#primaryimage","url":"https:\/\/content.redfoxlotto.com\/uploads\/sites\/9\/1_play_mega_millions_jackpot.jpg","contentUrl":"https:\/\/content.redfoxlotto.com\/uploads\/sites\/9\/1_play_mega_millions_jackpot.jpg"},{"@type":"BreadcrumbList","@id":"https:\/\/redfoxlotto.com\/da\/spil\/mega-millions\/#breadcrumb","itemListElement":[{"@type":"ListItem","position":1,"name":"Home","item":"https:\/\/redfoxlotto.com\/da\/"},{"@type":"ListItem","position":2,"name":"S\u00e5dan spiller du lotto fra andre lande","item":"https:\/\/redfoxlotto.com\/da\/spil\/"},{"@type":"ListItem","position":3,"name":"Mega Millions fra Danmark"}]},{"@type":"WebSite","@id":"https:\/\/redfoxlotto.com\/da\/#website","url":"https:\/\/redfoxlotto.com\/da\/","name":"Get Tickets for the World\u2019s largest jackpots","description":"Participate in worldwide lottery jackpots from any country","publisher":{"@id":"https:\/\/redfoxlotto.com\/da\/#organization"},"potentialAction":[{"@type":"SearchAction","target":{"@type":"EntryPoint","urlTemplate":"https:\/\/redfoxlotto.com\/da\/?s={search_term_string}"},"query-input":{"@type":"PropertyValueSpecification","valueRequired":true,"valueName":"search_term_string"}}],"inLanguage":"da-DK"},{"@type":"Organization","@id":"https:\/\/redfoxlotto.com\/da\/#organization","name":"Get Tickets for the World\u2019s largest jackpots","url":"https:\/\/redfoxlotto.com\/da\/","logo":{"@type":"ImageObject","inLanguage":"da-DK","@id":"https:\/\/redfoxlotto.com\/da\/#\/schema\/logo\/image\/","url":"https:\/\/redfoxlotto.com\/wp-content\/uploads\/2023\/04\/logo.png","contentUrl":"https:\/\/redfoxlotto.com\/wp-content\/uploads\/2023\/04\/logo.png","width":269,"height":53,"caption":"Get Tickets for the World\u2019s largest jackpots"},"image":{"@id":"https:\/\/redfoxlotto.com\/da\/#\/schema\/logo\/image\/"}}]}},"_links":{"self":[{"href":"https:\/\/redfoxlotto.com\/da\/wp-json\/wp\/v2\/pages\/5023","targetHints":{"allow":["GET"]}}],"collection":[{"href":"https:\/\/redfoxlotto.com\/da\/wp-json\/wp\/v2\/pages"}],"about":[{"href":"https:\/\/redfoxlotto.com\/da\/wp-json\/wp\/v2\/types\/page"}],"author":[{"embeddable":true,"href":"https:\/\/redfoxlotto.com\/da\/wp-json\/wp\/v2\/users\/1"}],"replies":[{"embeddable":true,"href":"https:\/\/redfoxlotto.com\/da\/wp-json\/wp\/v2\/comments?post=5023"}],"version-history":[{"count":0,"href":"https:\/\/redfoxlotto.com\/da\/wp-json\/wp\/v2\/pages\/5023\/revisions"}],"up":[{"embeddable":true,"href":"https:\/\/redfoxlotto.com\/da\/wp-json\/wp\/v2\/pages\/5020"}],"wp:attachment":[{"href":"https:\/\/redfoxlotto.com\/da\/wp-json\/wp\/v2\/media?parent=5023"}],"curies":[{"name":"wp","href":"https:\/\/api.w.org\/{rel}","templated":true}]}}