{"id":5022,"date":"2022-10-26T09:30:02","date_gmt":"2022-10-26T09:30:02","guid":{"rendered":"https:\/\/redfoxlotto.com\/?page_id=2507"},"modified":"2025-12-17T07:22:14","modified_gmt":"2025-12-17T07:22:14","slug":"euromillions","status":"publish","type":"page","link":"https:\/\/redfoxlotto.com\/da\/spil\/euromillions\/","title":{"rendered":"S\u00e5dan spiller du Euromillions fra Danmark"},"content":{"rendered":"<p><script type=\"application\/ld+json\">\n{\n  \"@context\": \"https:\/\/schema.org\",\n  \"@type\": \"Service\",\n  \"name\": \"Spil Euromillions Online\",\n  \"url\": \"https:\/\/redfoxlotto.com\/da\/spil\/euromillions\/\",\n  \"description\": \"Spil Euromillions online fra ethvert land. Bes\u00f8g RedFoxLotto, v\u00e6lg dine numre og f\u00e5 dine billetter.\",\n  \"serviceType\": \"Online lottery ticket messenger service\",\n  \"provider\": {\n    \"@type\": \"Organization\",\n    \"name\": \"RedFoxLotto\",\n    \"url\": \"https:\/\/redfoxlotto.com\/da\/\",\n    \"image\": \"https:\/\/redfoxlotto.com\/wp-content\/uploads\/2025\/12\/ticket_scans.jpg\",\n    \"sameAs\": []\n  },\n  \"areaServed\": \"Worldwide\",\n  \"termsOfService\": \"https:\/\/redfoxlotto.com\/terms-and-conditions\",\n  \"additionalProperty\": {\n    \"@type\": \"PropertyValue\",\n    \"name\": \"FAQ\",\n    \"value\": \"https:\/\/redfoxlotto.com\/da\/faq\/\"\n  },\n  \"hasOfferCatalog\": {\n    \"@type\": \"OfferCatalog\",\n    \"name\": \"Euromillions Lottobilletter\",\n    \"itemListElement\": [\n      {\n        \"@type\": \"Offer\",\n        \"name\": \"Euromillions Billetter\",\n        \"url\": \"https:\/\/redfoxlotto.com\/da\/spil\/euromillions\/\",\n        \"description\": \"Klik her for at v\u00e6lge dine numre til n\u00e6ste Euromillions tr\u00e6kning \u2013 bestil dine billetter online.\",\n        \"price\": \"7.00\",\n        \"priceCurrency\": \"EUR\",\n        \"availability\": \"https:\/\/schema.org\/InStock\",\n        \"itemOffered\": {\n          \"@type\": \"Service\",\n          \"name\": \"Euromillions Lottobilletter\",\n          \"description\": \"Spil i n\u00e6ste Euromillions tr\u00e6kning gennem RedFoxLotto.\"\n        }\n      }\n    ]\n  },\n  \"mainEntityOfPage\": {\n    \"@type\": \"WebPage\",\n    \"@id\": \"https:\/\/redfoxlotto.com\/da\/spil\/euromillions\/\"\n  }\n}\n<\/script><\/p>\n<p>Har du nogensinde h\u00f8rt om EuroMillions? Hvis du bor i et europ\u00e6isk land, har du helt sikkert. Men hvis du bor i Danmark, har du m\u00e5ske ikke. S\u00e5 lad os se lidt n\u00e6rmere p\u00e5, hvordan man spiller EuroMillions online, skal vi?<\/p>\n<p>EuroMillions er et internationalt lotteri, der kan spilles i ni europ\u00e6iske lande. Det betyder, at du m\u00e5ske allerede bor i et land, hvor du kan k\u00f8be en kupon. Billetter til EuroMillions-lotteriet kan dog ikke k\u00f8bes i butikker i andre lande, og det inkluderer Danmark.<\/p>\n<p>Det vil du helt sikkert gerne g\u00f8re noget ved, for udover Eurojackpot er EuroMillions det st\u00f8rste lotteri i Europa. Lotteriet blev grundlagt i 2004, og indtil videre er rekordjackpotten p\u00e5 190 millioner euro. Den blev vundet af en enkelt, ukendt spiller i oktober 2014. Det er bestemt noget, du gerne vil have en chance for at vinde, ikke?<img loading=\"lazy\" decoding=\"async\" class=\"wp-image-4203 alignright\" src=\"https:\/\/content.redfoxlotto.com\/uploads\/sites\/9\/2_ticket_euromillions.jpg\" alt=\"euromillions online\" width=\"156\" height=\"416\" \/><\/p>\n<p>Vil du gerne kunne sige, at du n\u00e6sten vandt EuroMillions? Det er derfor, du har brug for at vide mere om deres kuponer.<\/p>\n<p>EuroMillions lottotr\u00e6kninger finder sted i Paris p\u00e5 tirsdage og fredage. For at vinde jackpotten skal en kupon korrekt vise 5 tal fra 1 til 50, samt &#8220;lykkestjernen&#8221;, et tal mellem 1 og 12. Selvf\u00f8lgelig er der andre vinderniveauer. For den mindste gevinst skal du have krydset 2 af de 5 hovedtal korrekt.<\/p>\n<p>Alt dette betyder, at du har en rigtig god chance for at vinde noget, fordi du kun beh\u00f8ver at matche 2 tal for at vinde en pr\u00e6mie. Og n\u00e5r du vinder selv en mindre pr\u00e6mie, vil du have de penge, du har brug for til at k\u00f8be en ny billet og pr\u00f8ve igen til n\u00e6ste tr\u00e6kning.<\/p>\n<h2>Hvordan fungerer online k\u00f8b af billetter fra Danmark?<\/h2>\n<p>For at k\u00f8be dine billetter og spille EuroMillions online fra Danmark, skal du blot klikke p\u00e5 EuroMillions p\u00e5 vores hjemmeside. Derfra vil du blive guidet lige igennem de trin, du skal g\u00f8re for at f\u00e5 den billet. Du v\u00e6lger dine tal, alle de tal, du \u00f8nsker (s\u00e5 l\u00e6nge de passer til reglerne). Der er ogs\u00e5 en &#8220;Quick Pick&#8221;-funktion til r\u00e5dighed.<\/p>\n<p>Med et museklik kan du f\u00e5 en tilf\u00e6ldig talgenerator til at bestemme dine tal. Du kan stadig manuelt \u00e6ndre de valgte tal, hvis du vil, s\u00e5 du f\u00e5r en kombination af dine egne valgte tal og tal, der er blevet tilf\u00e6ldigt valgt for dig. Tilf\u00f8j derefter s\u00e5 mange billetter, som du \u00f8nsker, i din indk\u00f8bskurv, s\u00e5 du er klar til at k\u00f8be.<\/p>\n<p>Hvis du \u00f8nsker det, kan du tilf\u00f8je flere billetter til din ordre. Din ordre kan endda omfatte lodder til andre lotterier. Mange af vores kunder spiller flere internationale lotterier p\u00e5 samme tid. De fleste v\u00e6lger deres lotterier baseret p\u00e5 den aktuelle jackpotst\u00f8rrelse, og det er her, du sandsynligvis ogs\u00e5 vil finde EuroMillions. Jackpotten plejer helt sikkert at g\u00e5 rigtig godt, og det er en, du gerne selv vil se (og v\u00e6re med i).<\/p>\n<p>F\u00f8lg derefter instruktionerne p\u00e5 vores hjemmeside for at gennemf\u00f8re k\u00f8bet og betale online. Du kan have din billet i l\u00f8bet af f\u00e5 minutter, ogs\u00e5 selvom du ikke allerede har en konto hos os. Vi g\u00f8r det virkelig nemt at komme i gang.<\/p>\n<h2>Fordele ved at spille internationale lotterier som Euromillions online<\/h2>\n<p>Bortset fra bekvemmeligheden er her en af de st\u00f8rste fordele ved at spille internationale lotterijackpots. Du kan bruge dine lotteripenge mere rentabelt ved kun at k\u00f8be kuponer til de lotterier, hvis jackpots i \u00f8jeblikket er h\u00f8je nok. Du skal ikke vente i ugevis p\u00e5, at den nationale lotteri jackpot bliver h\u00f8j nok i dit land. Du kan v\u00e6lge en meget st\u00f8rre jackpot online stort set n\u00e5r som helst. Faktisk har de fleste lande i verden lotterier, der aldrig n\u00e5r op p\u00e5 jackpots, der bare har en br\u00f8kdel af, hvad de st\u00f8rste verdensomsp\u00e6ndende lotterier har.<\/p>\n<p>For dem, der virkelig vil have en chance for at vinde nogle af de st\u00f8rste pr\u00e6mier, er det helt sikkert det bedste af det hele. Du vil gerne have en chance for at vinde millioner i stedet for bare nogle af de sm\u00e5 bel\u00f8b, som mange lotterier i Danmark starter med. Selvf\u00f8lgelig er det rart at vinde. Men det vil v\u00e6re endnu rarere at vinde, hvis du f\u00e5r noget, der virkelig vil \u00e6ndre dit liv, i stedet for at vinde noget, der bare vil k\u00f8be dig den n\u00e6ste billet, du vil have.<img loading=\"lazy\" decoding=\"async\" class=\"alignright size-full wp-image-4215\" src=\"https:\/\/content.redfoxlotto.com\/uploads\/sites\/9\/1_play_onlinelottery4.jpg\" alt=\"play online\" width=\"231\" height=\"130\" \/><\/p>\n<p>P\u00e5 grund af det faktum, at der er to ugentlige tr\u00e6kninger, stiger EuroMillions-jackpotten ret hurtigt. Af denne grund kan du overveje at aktivere muligheden for at f\u00e5 dine billetter til at deltage i flere p\u00e5 hinanden f\u00f8lgende tr\u00e6kninger. Dette kan g\u00f8res under processen med dit online k\u00f8b.<\/p>\n<p>Muligheden er tilg\u00e6ngelig for dig, f\u00f8r ordren er gennemf\u00f8rt. S\u00e5 er du altid med i spillet om den n\u00e6sth\u00f8jeste jackpot i den efterf\u00f8lgende tr\u00e6kning. Den n\u00e6ste tr\u00e6kning har m\u00e5ske ikke en vinder af hovedpr\u00e6mien, men m\u00e5ske vil den efterf\u00f8lgende v\u00e6re dit heldige skud.<\/p>\n<p>Hvis du k\u00f8ber flere tr\u00e6kninger for en enkelt kupon, betyder det ogs\u00e5, at du ikke beh\u00f8ver at bekymre dig om at f\u00e5 flere kuponer i lidt l\u00e6ngere tid. Du kan bare vente og se, hvad din nuv\u00e6rende kupon g\u00f8r, og se, hvordan den vil give dig en stor gevinst. Det er superenkelt, og det vil g\u00f8re dig mere end glad, n\u00e5r du ser den mulige udbetaling.<\/p>\n<p>Spillerne betaler lidt mere, fordi EuroMillions-lodderne er k\u00f8bt i Storbritannien. Det skyldes, at britiske kuponer automatisk giver adgang til Millionaire Maker-lodtr\u00e6kningen, som giver en ekstra mulighed for at vinde en bel\u00f8nning p\u00e5 1 million pund.<\/p>\n<p>Millionaire Maker fungerer ved at generere en unik kode for hver billet, der k\u00f8bes. Koden best\u00e5r af fire bogstaver efterfulgt af fem tal (f.eks. ABCD12345). Ved hver udtr\u00e6kning v\u00e6lges en eller flere af disse koder tilf\u00e6ldigt, og kuponindehaveren med den matchende kode vinder \u00f8jeblikkeligt 1 million pund, uanset hvilke EuroMillions-hovedtal der tr\u00e6kkes.<\/p>\n<p>Denne funktion g\u00f8r det s\u00e6rligt attraktivt at spille EuroMillions i Storbritannien, da det giver en ekstra mulighed for at vinde en betydelig pr\u00e6mie ud over den almindelige jackpot og bel\u00f8nninger p\u00e5 lavere niveauer.<\/p>\n<p>S\u00e5 hvis jackpotten i dit lokale lotteri i Danmark ikke er s\u00e5 attraktiv lige nu, hvorfor s\u00e5 ikke pr\u00f8ve lykken og spille EuroMillions online? Du ved aldrig, hvad du kan v\u00e6re med i konkurrencen om, eller hvad du kan vinde. Og hele processen er supernem at komme i gang med. Hvad har du at miste ved at pr\u00f8ve et helt nyt spil med jackpots p\u00e5 over 100 millioner? Absolut ingenting! Og du kan vinde noget stort i den n\u00e6ste tr\u00e6kning.<\/p>\n<section class=\"layout\" style=\"border: solid 1px; width: 100%;\">\n<div class=\"img-div\" style=\"margin-top: 5px;\"><img decoding=\"async\" class=\"wp-image-17212 alignleft\" style=\"height: 45px; margin: 8px 8px 0px;\" src=\"https:\/\/redfoxlotto.com\/wp-content\/uploads\/sites\/9\/read1.jpg\" alt=\"Spil online\" width=\"\" height=\"\" \/><\/div>\n<div style=\"padding-left: 5px;\">\n<div style=\"font-size: 1.1em;\">\n<p><strong>St\u00f8rste lotteri jackpots, der skabte historie<\/strong><\/p>\n<p style=\"font-size: 0.8em; margin-top: -1.5em;\">L\u00e6s om nogle af de st\u00f8rste lotterijackpots i historien, som \u00e6ndrede vindernes liv fra den ene dag til den anden. <a href=\"https:\/\/redfoxlotto.com\/da\/de-stoerste-jackpots-i-lotteriet-der-skabte-historie\/\">L\u00e6s mere<\/a><\/p>\n<\/div>\n<\/div>\n<\/section>\n","protected":false},"excerpt":{"rendered":"<p>Har du nogensinde h\u00f8rt om EuroMillions? Hvis du bor i et europ\u00e6isk land, har du helt sikkert. Men hvis du bor i Danmark, har du m\u00e5ske ikke. S\u00e5 lad os se lidt n\u00e6rmere p\u00e5, hvordan man spiller EuroMillions online, skal vi? EuroMillions er et internationalt lotteri, der kan spilles i ni europ\u00e6iske lande. Det betyder, [&hellip;]<\/p>\n","protected":false},"author":1,"featured_media":0,"parent":5020,"menu_order":3,"comment_status":"closed","ping_status":"closed","template":"euromillions.php","meta":{"_et_pb_use_builder":"","_et_pb_old_content":"","_et_gb_content_width":"","exclude_from_search":false,"footnotes":""},"class_list":["post-5022","page","type-page","status-publish","hentry"],"yoast_head":"<!-- This site is optimized with the Yoast SEO plugin v23.8 - https:\/\/yoast.com\/wordpress\/plugins\/seo\/ -->\n<title>Spil Euromillions online fra Danmark | Europas st\u00f8rste lotteri<\/title>\n<meta name=\"description\" content=\"Lottofans fra Danmark kan spille Euromillions online nu - tjek vores service for Euromillions-billet\" \/>\n<meta name=\"robots\" content=\"index, follow, max-snippet:-1, max-image-preview:large, max-video-preview:-1\" \/>\n<link rel=\"canonical\" href=\"https:\/\/redfoxlotto.com\/da\/spil\/euromillions\/\" \/>\n<meta property=\"og:locale\" content=\"da_DK\" \/>\n<meta property=\"og:type\" content=\"article\" \/>\n<meta property=\"og:title\" content=\"Spil Euromillions online fra Danmark | Europas st\u00f8rste lotteri\" \/>\n<meta property=\"og:description\" content=\"Lottofans fra Danmark kan spille Euromillions online nu - tjek vores service for Euromillions-billet\" \/>\n<meta property=\"og:url\" content=\"https:\/\/redfoxlotto.com\/da\/spil\/euromillions\/\" \/>\n<meta property=\"og:site_name\" content=\"Get Tickets for the World\u2019s largest jackpots\" \/>\n<meta property=\"article:modified_time\" content=\"2025-12-17T07:22:14+00:00\" \/>\n<meta property=\"og:image\" content=\"https:\/\/content.redfoxlotto.com\/uploads\/sites\/9\/2_ticket_euromillions.jpg\" \/>\n<meta name=\"twitter:card\" content=\"summary_large_image\" \/>\n<meta name=\"twitter:label1\" content=\"Estimeret l\u00e6setid\" \/>\n\t<meta name=\"twitter:data1\" content=\"6 minutter\" \/>\n<script type=\"application\/ld+json\" class=\"yoast-schema-graph\">{\"@context\":\"https:\/\/schema.org\",\"@graph\":[{\"@type\":\"WebPage\",\"@id\":\"https:\/\/redfoxlotto.com\/da\/spil\/euromillions\/\",\"url\":\"https:\/\/redfoxlotto.com\/da\/spil\/euromillions\/\",\"name\":\"Spil Euromillions online fra Danmark | Europas st\u00f8rste lotteri\",\"isPartOf\":{\"@id\":\"https:\/\/redfoxlotto.com\/da\/#website\"},\"primaryImageOfPage\":{\"@id\":\"https:\/\/redfoxlotto.com\/da\/spil\/euromillions\/#primaryimage\"},\"image\":{\"@id\":\"https:\/\/redfoxlotto.com\/da\/spil\/euromillions\/#primaryimage\"},\"thumbnailUrl\":\"https:\/\/content.redfoxlotto.com\/uploads\/sites\/9\/2_ticket_euromillions.jpg\",\"datePublished\":\"2022-10-26T09:30:02+00:00\",\"dateModified\":\"2025-12-17T07:22:14+00:00\",\"description\":\"Lottofans fra Danmark kan spille Euromillions online nu - tjek vores service for Euromillions-billet\",\"breadcrumb\":{\"@id\":\"https:\/\/redfoxlotto.com\/da\/spil\/euromillions\/#breadcrumb\"},\"inLanguage\":\"da-DK\",\"potentialAction\":[{\"@type\":\"ReadAction\",\"target\":[\"https:\/\/redfoxlotto.com\/da\/spil\/euromillions\/\"]}]},{\"@type\":\"ImageObject\",\"inLanguage\":\"da-DK\",\"@id\":\"https:\/\/redfoxlotto.com\/da\/spil\/euromillions\/#primaryimage\",\"url\":\"https:\/\/content.redfoxlotto.com\/uploads\/sites\/9\/2_ticket_euromillions.jpg\",\"contentUrl\":\"https:\/\/content.redfoxlotto.com\/uploads\/sites\/9\/2_ticket_euromillions.jpg\"},{\"@type\":\"BreadcrumbList\",\"@id\":\"https:\/\/redfoxlotto.com\/da\/spil\/euromillions\/#breadcrumb\",\"itemListElement\":[{\"@type\":\"ListItem\",\"position\":1,\"name\":\"Home\",\"item\":\"https:\/\/redfoxlotto.com\/da\/\"},{\"@type\":\"ListItem\",\"position\":2,\"name\":\"S\u00e5dan spiller du lotto fra andre lande\",\"item\":\"https:\/\/redfoxlotto.com\/da\/spil\/\"},{\"@type\":\"ListItem\",\"position\":3,\"name\":\"S\u00e5dan spiller du Euromillions fra Danmark\"}]},{\"@type\":\"WebSite\",\"@id\":\"https:\/\/redfoxlotto.com\/da\/#website\",\"url\":\"https:\/\/redfoxlotto.com\/da\/\",\"name\":\"Get Tickets for the World\u2019s largest jackpots\",\"description\":\"Participate in worldwide lottery jackpots from any country\",\"publisher\":{\"@id\":\"https:\/\/redfoxlotto.com\/da\/#organization\"},\"potentialAction\":[{\"@type\":\"SearchAction\",\"target\":{\"@type\":\"EntryPoint\",\"urlTemplate\":\"https:\/\/redfoxlotto.com\/da\/?s={search_term_string}\"},\"query-input\":{\"@type\":\"PropertyValueSpecification\",\"valueRequired\":true,\"valueName\":\"search_term_string\"}}],\"inLanguage\":\"da-DK\"},{\"@type\":\"Organization\",\"@id\":\"https:\/\/redfoxlotto.com\/da\/#organization\",\"name\":\"Get Tickets for the World\u2019s largest jackpots\",\"url\":\"https:\/\/redfoxlotto.com\/da\/\",\"logo\":{\"@type\":\"ImageObject\",\"inLanguage\":\"da-DK\",\"@id\":\"https:\/\/redfoxlotto.com\/da\/#\/schema\/logo\/image\/\",\"url\":\"https:\/\/redfoxlotto.com\/wp-content\/uploads\/2023\/04\/logo.png\",\"contentUrl\":\"https:\/\/redfoxlotto.com\/wp-content\/uploads\/2023\/04\/logo.png\",\"width\":269,\"height\":53,\"caption\":\"Get Tickets for the World\u2019s largest jackpots\"},\"image\":{\"@id\":\"https:\/\/redfoxlotto.com\/da\/#\/schema\/logo\/image\/\"}}]}<\/script>\n<!-- \/ Yoast SEO plugin. -->","yoast_head_json":{"title":"Spil Euromillions online fra Danmark | Europas st\u00f8rste lotteri","description":"Lottofans fra Danmark kan spille Euromillions online nu - tjek vores service for Euromillions-billet","robots":{"index":"index","follow":"follow","max-snippet":"max-snippet:-1","max-image-preview":"max-image-preview:large","max-video-preview":"max-video-preview:-1"},"canonical":"https:\/\/redfoxlotto.com\/da\/spil\/euromillions\/","og_locale":"da_DK","og_type":"article","og_title":"Spil Euromillions online fra Danmark | Europas st\u00f8rste lotteri","og_description":"Lottofans fra Danmark kan spille Euromillions online nu - tjek vores service for Euromillions-billet","og_url":"https:\/\/redfoxlotto.com\/da\/spil\/euromillions\/","og_site_name":"Get Tickets for the World\u2019s largest jackpots","article_modified_time":"2025-12-17T07:22:14+00:00","og_image":[{"url":"https:\/\/content.redfoxlotto.com\/uploads\/sites\/9\/2_ticket_euromillions.jpg"}],"twitter_card":"summary_large_image","twitter_misc":{"Estimeret l\u00e6setid":"6 minutter"},"schema":{"@context":"https:\/\/schema.org","@graph":[{"@type":"WebPage","@id":"https:\/\/redfoxlotto.com\/da\/spil\/euromillions\/","url":"https:\/\/redfoxlotto.com\/da\/spil\/euromillions\/","name":"Spil Euromillions online fra Danmark | Europas st\u00f8rste lotteri","isPartOf":{"@id":"https:\/\/redfoxlotto.com\/da\/#website"},"primaryImageOfPage":{"@id":"https:\/\/redfoxlotto.com\/da\/spil\/euromillions\/#primaryimage"},"image":{"@id":"https:\/\/redfoxlotto.com\/da\/spil\/euromillions\/#primaryimage"},"thumbnailUrl":"https:\/\/content.redfoxlotto.com\/uploads\/sites\/9\/2_ticket_euromillions.jpg","datePublished":"2022-10-26T09:30:02+00:00","dateModified":"2025-12-17T07:22:14+00:00","description":"Lottofans fra Danmark kan spille Euromillions online nu - tjek vores service for Euromillions-billet","breadcrumb":{"@id":"https:\/\/redfoxlotto.com\/da\/spil\/euromillions\/#breadcrumb"},"inLanguage":"da-DK","potentialAction":[{"@type":"ReadAction","target":["https:\/\/redfoxlotto.com\/da\/spil\/euromillions\/"]}]},{"@type":"ImageObject","inLanguage":"da-DK","@id":"https:\/\/redfoxlotto.com\/da\/spil\/euromillions\/#primaryimage","url":"https:\/\/content.redfoxlotto.com\/uploads\/sites\/9\/2_ticket_euromillions.jpg","contentUrl":"https:\/\/content.redfoxlotto.com\/uploads\/sites\/9\/2_ticket_euromillions.jpg"},{"@type":"BreadcrumbList","@id":"https:\/\/redfoxlotto.com\/da\/spil\/euromillions\/#breadcrumb","itemListElement":[{"@type":"ListItem","position":1,"name":"Home","item":"https:\/\/redfoxlotto.com\/da\/"},{"@type":"ListItem","position":2,"name":"S\u00e5dan spiller du lotto fra andre lande","item":"https:\/\/redfoxlotto.com\/da\/spil\/"},{"@type":"ListItem","position":3,"name":"S\u00e5dan spiller du Euromillions fra Danmark"}]},{"@type":"WebSite","@id":"https:\/\/redfoxlotto.com\/da\/#website","url":"https:\/\/redfoxlotto.com\/da\/","name":"Get Tickets for the World\u2019s largest jackpots","description":"Participate in worldwide lottery jackpots from any country","publisher":{"@id":"https:\/\/redfoxlotto.com\/da\/#organization"},"potentialAction":[{"@type":"SearchAction","target":{"@type":"EntryPoint","urlTemplate":"https:\/\/redfoxlotto.com\/da\/?s={search_term_string}"},"query-input":{"@type":"PropertyValueSpecification","valueRequired":true,"valueName":"search_term_string"}}],"inLanguage":"da-DK"},{"@type":"Organization","@id":"https:\/\/redfoxlotto.com\/da\/#organization","name":"Get Tickets for the World\u2019s largest jackpots","url":"https:\/\/redfoxlotto.com\/da\/","logo":{"@type":"ImageObject","inLanguage":"da-DK","@id":"https:\/\/redfoxlotto.com\/da\/#\/schema\/logo\/image\/","url":"https:\/\/redfoxlotto.com\/wp-content\/uploads\/2023\/04\/logo.png","contentUrl":"https:\/\/redfoxlotto.com\/wp-content\/uploads\/2023\/04\/logo.png","width":269,"height":53,"caption":"Get Tickets for the World\u2019s largest jackpots"},"image":{"@id":"https:\/\/redfoxlotto.com\/da\/#\/schema\/logo\/image\/"}}]}},"_links":{"self":[{"href":"https:\/\/redfoxlotto.com\/da\/wp-json\/wp\/v2\/pages\/5022","targetHints":{"allow":["GET"]}}],"collection":[{"href":"https:\/\/redfoxlotto.com\/da\/wp-json\/wp\/v2\/pages"}],"about":[{"href":"https:\/\/redfoxlotto.com\/da\/wp-json\/wp\/v2\/types\/page"}],"author":[{"embeddable":true,"href":"https:\/\/redfoxlotto.com\/da\/wp-json\/wp\/v2\/users\/1"}],"replies":[{"embeddable":true,"href":"https:\/\/redfoxlotto.com\/da\/wp-json\/wp\/v2\/comments?post=5022"}],"version-history":[{"count":0,"href":"https:\/\/redfoxlotto.com\/da\/wp-json\/wp\/v2\/pages\/5022\/revisions"}],"up":[{"embeddable":true,"href":"https:\/\/redfoxlotto.com\/da\/wp-json\/wp\/v2\/pages\/5020"}],"wp:attachment":[{"href":"https:\/\/redfoxlotto.com\/da\/wp-json\/wp\/v2\/media?parent=5022"}],"curies":[{"name":"wp","href":"https:\/\/api.w.org\/{rel}","templated":true}]}}