{"id":5021,"date":"2023-04-24T17:44:36","date_gmt":"2023-04-24T17:44:36","guid":{"rendered":"https:\/\/redfoxlotto.com\/?page_id=2505"},"modified":"2025-12-16T14:04:13","modified_gmt":"2025-12-16T14:04:13","slug":"eurojackpot","status":"publish","type":"page","link":"https:\/\/redfoxlotto.com\/da\/spil\/eurojackpot\/","title":{"rendered":"Spil Eurojackpot"},"content":{"rendered":"<p><script type=\"application\/ld+json\">\n{\n  \"@context\": \"https:\/\/schema.org\",\n  \"@type\": \"Service\",\n  \"name\": \"Spil Eurojackpot online\",\n  \"url\": \"https:\/\/redfoxlotto.com\/da\/spil\/eurojackpot\/\",\n  \"description\": \"Spil Eurojackpot-lotteriet online fra ethvert land. Bes\u00f8g RedFoxLotto, v\u00e6lg dine tal og f\u00e5 dine kuponer.\",\n  \"serviceType\": \"Online leveringstjeneste for lotterikuponer\",\n  \"provider\": {\n    \"@type\": \"Organization\",\n    \"name\": \"RedFoxLotto\",\n    \"url\": \"https:\/\/redfoxlotto.com\/da\/\",\n    \"image\": \"https:\/\/redfoxlotto.com\/wp-content\/uploads\/2025\/12\/ticket_scans.jpg\",\n    \"sameAs\": []\n  },\n  \"areaServed\": \"Worldwide\",\n  \"termsOfService\": \"https:\/\/redfoxlotto.com\/terms-and-conditions\",\n  \"additionalProperty\": {\n    \"@type\": \"PropertyValue\",\n    \"name\": \"FAQ\",\n    \"value\": \"https:\/\/redfoxlotto.com\/da\/faq\/\"\n  },\n  \"hasOfferCatalog\": {\n    \"@type\": \"OfferCatalog\",\n    \"name\": \"Eurojackpot-lotterikuponer\",\n    \"itemListElement\": [\n      {\n        \"@type\": \"Offer\",\n        \"name\": \"Eurojackpot-kuponer\",\n        \"url\": \"https:\/\/redfoxlotto.com\/da\/spil\/eurojackpot\/\",\n        \"description\": \"Klik her for at v\u00e6lge dine tal til n\u00e6ste Eurojackpot-tr\u00e6kning \u2013 bestil dine kuponer online.\",\n        \"price\": 6.00,\n        \"priceCurrency\": \"EUR\",\n        \"availability\": \"https:\/\/schema.org\/InStock\",\n        \"itemOffered\": {\n          \"@type\": \"Service\",\n          \"name\": \"Eurojackpot-lotterikuponer\",\n          \"description\": \"Spil med i n\u00e6ste Eurojackpot-tr\u00e6kning via RedFoxLotto.\"\n        }\n      }\n    ]\n  },\n  \"mainEntityOfPage\": {\n    \"@type\": \"WebPage\",\n    \"@id\": \"https:\/\/redfoxlotto.com\/da\/spil\/eurojackpot\/\"\n  }\n}\n<\/script><\/p>\n<p>Du har m\u00e5ske h\u00f8rt om Eurojackpot Lotto, uanset om du i \u00f8jeblikket bor i et af de europ\u00e6iske lande, hvor det spilles eller ej. Det er et lotteri, der startede i 2012 med 19 europ\u00e6iske deltagende lande.<!--more--><\/p>\n<p>Men hvis du bor i Danmark, eller i et andet land, ikke p\u00e5 listen over deltagere, s\u00e5 er der ingen m\u00e5de hvorp\u00e5 du kan f\u00e5 en kupon p\u00e5 den traditionelle m\u00e5de til <a href=\"https:\/\/redfoxlotto.com\/da\/lotteri\/eurojackpot\/\">Eurojackpot<\/a>.<\/p>\n<p>Det betyder at indtil for kort tid siden, ville du ikke have v\u00e6ret i stand til at spille, og s\u00e5 vil du aldrig kunne f\u00e5 fingrene p\u00e5 den store jackpot, vel? <strong>Nu kan du alts\u00e5 spille Eurojackpot online.<\/strong><\/p>\n<p>L\u00f8sningen for lotto fans i Danmark, og andre lande findes p\u00e5 vores hjemmeside. Udover Eurojackpot giver vi adgang til et hav af forskellige internationale lottospil. Vi udbyder en kurertjeneste, hvor man kan k\u00f8be lottokuponer til de spil med de st\u00f8rste jackpots over hele verden. De fleste, hvis ikke alle af disse spil, vil ikke v\u00e6re tilg\u00e6ngelige for dig, men vi er her for dig!<\/p>\n<h2>Hvorfor spille Eurojackpot?<\/h2>\n<p><img decoding=\"async\" class=\"size-full wp-image alignright\" src=\"https:\/\/content.redfoxlotto.com\/uploads\/sites\/9\/2_ticket_eurojackpot1.jpg\" alt=\"eurojackpot spil online\" \/><\/p>\n<p>Vi ved trodsalt at folk rundt omkring i verden, virkelig \u00f8nsker en chance for at spille og vinde disse store jackpots, end at kun at have deres lokale jackpots til r\u00e5dighed.<\/p>\n<p>Alt det kr\u00e6ver af dig, er at udv\u00e6lge et spil fra vores liste. Vi har nogle af de mest popul\u00e6re spil, fra overalt i verden til r\u00e5dighed. P\u00e5 den m\u00e5de kan du tage et kig, se hvad hver enkelt har at tilbyde og beslutte, hvilket et du er mest interesseret i.<\/p>\n<p>V\u00e6lg derefter dine numre manuelt eller lad vores tilf\u00e6ldige nummergenerator g\u00f8re det for dig (&#8220;Quick Pick&#8221; funktion). Du kan endda kombinere de to, v\u00e6lge et par numre og derefter tilf\u00e6ldigt tilf\u00f8je andre numre du har brug for at udfylde dine kuponer. P\u00e5 den m\u00e5de kan du f\u00e5 nogle af de tal, du ved, du \u00f8nsker, og du kan stadig fylde indk\u00f8bskurven, hvis du ikke har alle de tal, du \u00f8nsker.<\/p>\n<p>Tilf\u00f8j de kuponer du \u00f8nsker, bland forskellige lottospil med. Det vil hj\u00e6lpe dig med at \u00f8ge dine odds, fordi du spiller en r\u00e6kke forskellige spil p\u00e5 samme tid. Du kan endda g\u00f8re, hvad der er meget popul\u00e6rt blandt vores kunder, og det er at <a href=\"https:\/\/redfoxlotto.com\/da\/spil\/\">spille det samme antal s\u00e6t p\u00e5 tv\u00e6rs af flere lottospil<\/a>.<br \/>\nFor nogle, f\u00f8les det som en fantastisk m\u00e5de at \u00f8ge deres odds p\u00e5, fordi disse tal bare er n\u00f8dt til at blive trukket p\u00e5 et tidspunkt, ikke? <strong>Der m\u00e5 v\u00e6re en m\u00e5de at disse tal vinder p\u00e5?<\/strong><\/p>\n<p>N\u00e5r du har alle de kuponer du \u00f8nsker, kan du bruge en af vores flere, sikre betalingsmuligheder for at k\u00f8be dine kuponer. Der er masser af forskellige m\u00e5der, du kan v\u00e6lge imellem dem p\u00e5, s\u00e5 du kan finde noget som du f\u00f8ler dig tryg ved at l\u00e6gge penge i, og f\u00e5 penge fra. Vi bruger n\u00e6sten alle de mest popul\u00e6re platforme.<\/p>\n<p>Glem ikke at afg\u00f8re, hvor mange udtr\u00e6kninger du \u00f8nsker at deltage i. Dette er vigtigt, is\u00e6r fordi den nuv\u00e6rende jackpot ikke kan vindes i den n\u00e6ste udtr\u00e6kning. Du vil ikke g\u00e5 glip af din chance for at vinde et st\u00f8rre bel\u00f8b, end fra den forhenv\u00e6rende udtr\u00e6kning, vel?<\/p>\n<h2>Hvad sker der derefter?<\/h2>\n<p>Tja, det er faktisk ret simpelt, n\u00e5r du spiller Eurojackpot online. Vi har et netv\u00e6rk af agenter, der vil k\u00f8be lottokuponer med de specifikationer, du v\u00e6lger. P\u00e5 din kundekonto hos RedFoxLotto.com, vil du se en bekr\u00e6ftelse p\u00e5 dit k\u00f8b. Selvf\u00f8lgelig vil du ogs\u00e5 f\u00e5 en bekr\u00e6ftelse via e-mail. Det betyder, at du kan f\u00f8le dig sikker p\u00e5, at alt g\u00e5r ligesom du planlagt, og at dine kuponer er klar og venter p\u00e5 at <a href=\"https:\/\/redfoxlotto.com\/da\/resultater\/eurojackpot\/\">lottoudtr\u00e6kningen<\/a>.<\/p>\n<p>Du beh\u00f8ver ikke at bekymre dig om noget derfra, fordi vi vil holde dig underrettet om udtr\u00e6kningerne, bare i tilf\u00e6lde af at du tilf\u00e6ldigvis glemmer hvilke dage det er.<\/p>\n<p>Og du vil f\u00e5 en anden e-mail, hvis du har vundet med en af dine kuponer. S\u00e5 l\u00e6nge dine gevinster ikke er h\u00f8jere end \u20ac2500, vil de blive krediteret til din kundekonto med det samme. Du kan enten have dem udbetalt til dig gennem den konto, du har valgt, eller du kan bruge midlerne til at k\u00f8be nye kuponer. Det vil g\u00f8re det super nemt for dig at tr\u00e6ffe dit eget valg, ikke? Hvis du har vundet et h\u00f8jere bel\u00f8b, vil vores support kontakte dig og administrere en direkte udbetaling til dig.<\/p>\n<h2>De specifikke detaljer ved at spille Eurojackpot<\/h2>\n<p><img decoding=\"async\" class=\"size-full wp-image alignright\" src=\"https:\/\/content.redfoxlotto.com\/uploads\/sites\/9\/1_play_eurojackpot.jpg\" alt=\"vind Eurojackpot\" \/><\/p>\n<p>Hvis du vil spille Eurojackpot, skal du vide hvordan du vil g\u00f8re det. Det er virkelig ret simpelt. P\u00e5 din kupon skal du v\u00e6lge fem tal mellem 1 og 50, plus 2 tal mellem 1 og 12. Jackpots starter ved mindst \u20ac10.000.000. Det er et aspekt, hvor dette spil er forskellig fra de fleste andre. <strong>N\u00e5r jackpotten n\u00e5r \u20ac120.000.000, n\u00e5r den sin cap.<\/strong><\/p>\n<p>Det betyder, at alle penge der normalt ville blive f\u00f8jet til jackpotten, vil blive f\u00f8jet til det andet pr\u00e6mieniveau. For at vinde denne pr\u00e6mie, skal du kun have 5 plus 1 nummer p\u00e5 din kupon. Dine chancer for at vinde den pr\u00e6mie er naturligvis bedre med faktoren 12, sammenlignet med dine chancer for at vinde jackpotten med 5 plus 2 numre!<\/p>\n<p>Det betyder, at hvis jackpotten n\u00e5r det maksimale bel\u00f8b, har du faktisk endnu en chance for vinde en stor jackpot. Den anden tier er lettere at vinde, og numrene vil begynde at g\u00e5 op derefter. Det vil helt sikkert \u00f8ge dine odds for at vinde den store pr\u00e6mie, ikke?<\/p>\n<p>Og det betyder at selv om jackpotten vil v\u00e6re lidt mindre, selv n\u00e5r den n\u00e5r sin cap, skal du stadig have fat p\u00e5 nogle af disse kuponer, fordi du vil have en stor chance for virkelig at vinde stort i det lange l\u00f8b, n\u00e5r du k\u00f8ber Eurojackpot online.<\/p>\n<p><strong>Kom i gang med at spille international lotto nu -K\u00f8b Eurojackpot kuponer i dag!<\/strong><\/p>\n","protected":false},"excerpt":{"rendered":"<p>Du har m\u00e5ske h\u00f8rt om Eurojackpot Lotto, uanset om du i \u00f8jeblikket bor i et af de europ\u00e6iske lande, hvor det spilles eller ej. Det er et lotteri, der startede i 2012 med 19 europ\u00e6iske deltagende lande.<\/p>\n","protected":false},"author":1,"featured_media":0,"parent":5020,"menu_order":4,"comment_status":"closed","ping_status":"closed","template":"eurojackpot.php","meta":{"_et_pb_use_builder":"","_et_pb_old_content":"","_et_gb_content_width":"","exclude_from_search":false,"footnotes":""},"class_list":["post-5021","page","type-page","status-publish","hentry"],"yoast_head":"<!-- This site is optimized with the Yoast SEO plugin v23.8 - https:\/\/yoast.com\/wordpress\/plugins\/seo\/ -->\n<title>Eurojackpot Lotto online \u2013 spil fra Danmark<\/title>\n<meta name=\"description\" content=\"F\u00e5 adgang til Eurojackpot nu - uanset hvilket land du er fra, spil international lotto online\" \/>\n<meta name=\"robots\" content=\"index, follow, max-snippet:-1, max-image-preview:large, max-video-preview:-1\" \/>\n<link rel=\"canonical\" href=\"https:\/\/redfoxlotto.com\/da\/spil\/eurojackpot\/\" \/>\n<meta property=\"og:locale\" content=\"da_DK\" \/>\n<meta property=\"og:type\" content=\"article\" \/>\n<meta property=\"og:title\" content=\"Eurojackpot Lotto online \u2013 spil fra Danmark\" \/>\n<meta property=\"og:description\" content=\"F\u00e5 adgang til Eurojackpot nu - uanset hvilket land du er fra, spil international lotto online\" \/>\n<meta property=\"og:url\" content=\"https:\/\/redfoxlotto.com\/da\/spil\/eurojackpot\/\" \/>\n<meta property=\"og:site_name\" content=\"Get Tickets for the World\u2019s largest jackpots\" \/>\n<meta property=\"article:modified_time\" content=\"2025-12-16T14:04:13+00:00\" \/>\n<meta property=\"og:image\" content=\"https:\/\/content.redfoxlotto.com\/uploads\/sites\/9\/2_ticket_eurojackpot1.jpg\" \/>\n<meta name=\"twitter:card\" content=\"summary_large_image\" \/>\n<meta name=\"twitter:label1\" content=\"Estimeret l\u00e6setid\" \/>\n\t<meta name=\"twitter:data1\" content=\"5 minutter\" \/>\n<script type=\"application\/ld+json\" class=\"yoast-schema-graph\">{\"@context\":\"https:\/\/schema.org\",\"@graph\":[{\"@type\":\"WebPage\",\"@id\":\"https:\/\/redfoxlotto.com\/da\/spil\/eurojackpot\/\",\"url\":\"https:\/\/redfoxlotto.com\/da\/spil\/eurojackpot\/\",\"name\":\"Eurojackpot Lotto online \u2013 spil fra Danmark\",\"isPartOf\":{\"@id\":\"https:\/\/redfoxlotto.com\/da\/#website\"},\"primaryImageOfPage\":{\"@id\":\"https:\/\/redfoxlotto.com\/da\/spil\/eurojackpot\/#primaryimage\"},\"image\":{\"@id\":\"https:\/\/redfoxlotto.com\/da\/spil\/eurojackpot\/#primaryimage\"},\"thumbnailUrl\":\"https:\/\/content.redfoxlotto.com\/uploads\/sites\/9\/2_ticket_eurojackpot1.jpg\",\"datePublished\":\"2023-04-24T17:44:36+00:00\",\"dateModified\":\"2025-12-16T14:04:13+00:00\",\"description\":\"F\u00e5 adgang til Eurojackpot nu - uanset hvilket land du er fra, spil international lotto online\",\"breadcrumb\":{\"@id\":\"https:\/\/redfoxlotto.com\/da\/spil\/eurojackpot\/#breadcrumb\"},\"inLanguage\":\"da-DK\",\"potentialAction\":[{\"@type\":\"ReadAction\",\"target\":[\"https:\/\/redfoxlotto.com\/da\/spil\/eurojackpot\/\"]}]},{\"@type\":\"ImageObject\",\"inLanguage\":\"da-DK\",\"@id\":\"https:\/\/redfoxlotto.com\/da\/spil\/eurojackpot\/#primaryimage\",\"url\":\"https:\/\/content.redfoxlotto.com\/uploads\/sites\/9\/2_ticket_eurojackpot1.jpg\",\"contentUrl\":\"https:\/\/content.redfoxlotto.com\/uploads\/sites\/9\/2_ticket_eurojackpot1.jpg\"},{\"@type\":\"BreadcrumbList\",\"@id\":\"https:\/\/redfoxlotto.com\/da\/spil\/eurojackpot\/#breadcrumb\",\"itemListElement\":[{\"@type\":\"ListItem\",\"position\":1,\"name\":\"Home\",\"item\":\"https:\/\/redfoxlotto.com\/da\/\"},{\"@type\":\"ListItem\",\"position\":2,\"name\":\"S\u00e5dan spiller du lotto fra andre lande\",\"item\":\"https:\/\/redfoxlotto.com\/da\/spil\/\"},{\"@type\":\"ListItem\",\"position\":3,\"name\":\"Spil Eurojackpot\"}]},{\"@type\":\"WebSite\",\"@id\":\"https:\/\/redfoxlotto.com\/da\/#website\",\"url\":\"https:\/\/redfoxlotto.com\/da\/\",\"name\":\"Get Tickets for the World\u2019s largest jackpots\",\"description\":\"Participate in worldwide lottery jackpots from any country\",\"publisher\":{\"@id\":\"https:\/\/redfoxlotto.com\/da\/#organization\"},\"potentialAction\":[{\"@type\":\"SearchAction\",\"target\":{\"@type\":\"EntryPoint\",\"urlTemplate\":\"https:\/\/redfoxlotto.com\/da\/?s={search_term_string}\"},\"query-input\":{\"@type\":\"PropertyValueSpecification\",\"valueRequired\":true,\"valueName\":\"search_term_string\"}}],\"inLanguage\":\"da-DK\"},{\"@type\":\"Organization\",\"@id\":\"https:\/\/redfoxlotto.com\/da\/#organization\",\"name\":\"Get Tickets for the World\u2019s largest jackpots\",\"url\":\"https:\/\/redfoxlotto.com\/da\/\",\"logo\":{\"@type\":\"ImageObject\",\"inLanguage\":\"da-DK\",\"@id\":\"https:\/\/redfoxlotto.com\/da\/#\/schema\/logo\/image\/\",\"url\":\"https:\/\/redfoxlotto.com\/wp-content\/uploads\/2023\/04\/logo.png\",\"contentUrl\":\"https:\/\/redfoxlotto.com\/wp-content\/uploads\/2023\/04\/logo.png\",\"width\":269,\"height\":53,\"caption\":\"Get Tickets for the World\u2019s largest jackpots\"},\"image\":{\"@id\":\"https:\/\/redfoxlotto.com\/da\/#\/schema\/logo\/image\/\"}}]}<\/script>\n<!-- \/ Yoast SEO plugin. -->","yoast_head_json":{"title":"Eurojackpot Lotto online \u2013 spil fra Danmark","description":"F\u00e5 adgang til Eurojackpot nu - uanset hvilket land du er fra, spil international lotto online","robots":{"index":"index","follow":"follow","max-snippet":"max-snippet:-1","max-image-preview":"max-image-preview:large","max-video-preview":"max-video-preview:-1"},"canonical":"https:\/\/redfoxlotto.com\/da\/spil\/eurojackpot\/","og_locale":"da_DK","og_type":"article","og_title":"Eurojackpot Lotto online \u2013 spil fra Danmark","og_description":"F\u00e5 adgang til Eurojackpot nu - uanset hvilket land du er fra, spil international lotto online","og_url":"https:\/\/redfoxlotto.com\/da\/spil\/eurojackpot\/","og_site_name":"Get Tickets for the World\u2019s largest jackpots","article_modified_time":"2025-12-16T14:04:13+00:00","og_image":[{"url":"https:\/\/content.redfoxlotto.com\/uploads\/sites\/9\/2_ticket_eurojackpot1.jpg"}],"twitter_card":"summary_large_image","twitter_misc":{"Estimeret l\u00e6setid":"5 minutter"},"schema":{"@context":"https:\/\/schema.org","@graph":[{"@type":"WebPage","@id":"https:\/\/redfoxlotto.com\/da\/spil\/eurojackpot\/","url":"https:\/\/redfoxlotto.com\/da\/spil\/eurojackpot\/","name":"Eurojackpot Lotto online \u2013 spil fra Danmark","isPartOf":{"@id":"https:\/\/redfoxlotto.com\/da\/#website"},"primaryImageOfPage":{"@id":"https:\/\/redfoxlotto.com\/da\/spil\/eurojackpot\/#primaryimage"},"image":{"@id":"https:\/\/redfoxlotto.com\/da\/spil\/eurojackpot\/#primaryimage"},"thumbnailUrl":"https:\/\/content.redfoxlotto.com\/uploads\/sites\/9\/2_ticket_eurojackpot1.jpg","datePublished":"2023-04-24T17:44:36+00:00","dateModified":"2025-12-16T14:04:13+00:00","description":"F\u00e5 adgang til Eurojackpot nu - uanset hvilket land du er fra, spil international lotto online","breadcrumb":{"@id":"https:\/\/redfoxlotto.com\/da\/spil\/eurojackpot\/#breadcrumb"},"inLanguage":"da-DK","potentialAction":[{"@type":"ReadAction","target":["https:\/\/redfoxlotto.com\/da\/spil\/eurojackpot\/"]}]},{"@type":"ImageObject","inLanguage":"da-DK","@id":"https:\/\/redfoxlotto.com\/da\/spil\/eurojackpot\/#primaryimage","url":"https:\/\/content.redfoxlotto.com\/uploads\/sites\/9\/2_ticket_eurojackpot1.jpg","contentUrl":"https:\/\/content.redfoxlotto.com\/uploads\/sites\/9\/2_ticket_eurojackpot1.jpg"},{"@type":"BreadcrumbList","@id":"https:\/\/redfoxlotto.com\/da\/spil\/eurojackpot\/#breadcrumb","itemListElement":[{"@type":"ListItem","position":1,"name":"Home","item":"https:\/\/redfoxlotto.com\/da\/"},{"@type":"ListItem","position":2,"name":"S\u00e5dan spiller du lotto fra andre lande","item":"https:\/\/redfoxlotto.com\/da\/spil\/"},{"@type":"ListItem","position":3,"name":"Spil Eurojackpot"}]},{"@type":"WebSite","@id":"https:\/\/redfoxlotto.com\/da\/#website","url":"https:\/\/redfoxlotto.com\/da\/","name":"Get Tickets for the World\u2019s largest jackpots","description":"Participate in worldwide lottery jackpots from any country","publisher":{"@id":"https:\/\/redfoxlotto.com\/da\/#organization"},"potentialAction":[{"@type":"SearchAction","target":{"@type":"EntryPoint","urlTemplate":"https:\/\/redfoxlotto.com\/da\/?s={search_term_string}"},"query-input":{"@type":"PropertyValueSpecification","valueRequired":true,"valueName":"search_term_string"}}],"inLanguage":"da-DK"},{"@type":"Organization","@id":"https:\/\/redfoxlotto.com\/da\/#organization","name":"Get Tickets for the World\u2019s largest jackpots","url":"https:\/\/redfoxlotto.com\/da\/","logo":{"@type":"ImageObject","inLanguage":"da-DK","@id":"https:\/\/redfoxlotto.com\/da\/#\/schema\/logo\/image\/","url":"https:\/\/redfoxlotto.com\/wp-content\/uploads\/2023\/04\/logo.png","contentUrl":"https:\/\/redfoxlotto.com\/wp-content\/uploads\/2023\/04\/logo.png","width":269,"height":53,"caption":"Get Tickets for the World\u2019s largest jackpots"},"image":{"@id":"https:\/\/redfoxlotto.com\/da\/#\/schema\/logo\/image\/"}}]}},"_links":{"self":[{"href":"https:\/\/redfoxlotto.com\/da\/wp-json\/wp\/v2\/pages\/5021","targetHints":{"allow":["GET"]}}],"collection":[{"href":"https:\/\/redfoxlotto.com\/da\/wp-json\/wp\/v2\/pages"}],"about":[{"href":"https:\/\/redfoxlotto.com\/da\/wp-json\/wp\/v2\/types\/page"}],"author":[{"embeddable":true,"href":"https:\/\/redfoxlotto.com\/da\/wp-json\/wp\/v2\/users\/1"}],"replies":[{"embeddable":true,"href":"https:\/\/redfoxlotto.com\/da\/wp-json\/wp\/v2\/comments?post=5021"}],"version-history":[{"count":0,"href":"https:\/\/redfoxlotto.com\/da\/wp-json\/wp\/v2\/pages\/5021\/revisions"}],"up":[{"embeddable":true,"href":"https:\/\/redfoxlotto.com\/da\/wp-json\/wp\/v2\/pages\/5020"}],"wp:attachment":[{"href":"https:\/\/redfoxlotto.com\/da\/wp-json\/wp\/v2\/media?parent=5021"}],"curies":[{"name":"wp","href":"https:\/\/api.w.org\/{rel}","templated":true}]}}