{"id":5020,"date":"2023-04-24T14:10:57","date_gmt":"2023-04-24T14:10:57","guid":{"rendered":"https:\/\/redfoxlotto.com\/?page_id=2503"},"modified":"2025-12-15T18:19:19","modified_gmt":"2025-12-15T18:19:19","slug":"spil","status":"publish","type":"page","link":"https:\/\/redfoxlotto.com\/da\/spil\/","title":{"rendered":"S\u00e5dan spiller du lotto fra andre lande"},"content":{"rendered":"<p><script type=\"application\/ld+json\">\n{\n  \"@context\": \"https:\/\/schema.org\",\n  \"@type\": \"Service\",\n  \"name\": \"Spil internationale lotterier online\",\n  \"url\": \"https:\/\/redfoxlotto.com\/da\/spil\/\",\n  \"description\": \"Spil lotteri online og vind internationale lottojackpots.\",\n  \"serviceType\": \"Online formidlingstjeneste for lotterikuponer\",\n  \"provider\": {\n    \"@type\": \"Organization\",\n    \"name\": \"RedFoxLotto\",\n    \"url\": \"https:\/\/redfoxlotto.com\/da\/spil\/\",\n    \"image\": \"https:\/\/redfoxlotto.com\/wp-content\/uploads\/2025\/12\/ticket_scans.jpg\"\n  },\n  \"areaServed\": \"Hele verden\",\n  \"termsOfService\": \"https:\/\/redfoxlotto.com\/terms-and-conditions\",\n  \"additionalProperty\": {\n    \"@type\": \"PropertyValue\",\n    \"name\": \"FAQ\",\n    \"value\": \"https:\/\/redfoxlotto.com\/da\/faq\/\"\n  },\n  \"hasOfferCatalog\": {\n    \"@type\": \"OfferCatalog\",\n    \"name\": \"Internationale lotterikuponer\",\n    \"itemListElement\": [\n      {\n        \"@type\": \"Offer\",\n        \"name\": \"Internationale lotterikuponer\",\n        \"url\": \"https:\/\/redfoxlotto.com\/da\/spil\/\",\n        \"description\": \"Spil internationale lotterier online. Jackpots som Powerball, Mega Millions og Euromillions \u2014 vind fra hvor som helst.\",\n        \"availability\": \"https:\/\/schema.org\/InStock\",\n        \"itemOffered\": {\n          \"@type\": \"Service\",\n          \"name\": \"Internationale lotterikuponer\",\n          \"description\": \"At spille internationale lotterier online giver dig flere muligheder og bedre vinderchancer.\"\n        }\n      }\n    ]\n  },\n  \"mainEntityOfPage\": {\n    \"@type\": \"WebPage\",\n    \"@id\": \"https:\/\/redfoxlotto.com\/da\/spil\/\"\n  }\n}\n<\/script><\/p>\n<h2>Flere lottospil og jackpots som alle kan spille!<\/h2>\n<p>Store nyheder for alle lotto fans verden over! Du er ikke l\u00e6ngere begr\u00e6nset til at spille lotto i dit hjemland! Kan du huske, da lotto f\u00f8rst begyndte at vinde i popularitet? Det er virkelig ikke s\u00e5 l\u00e6nge siden alle begyndte at spille lotto hos deres lokale spilleforhandlere. Men det var ogs\u00e5 alt man fik lov til. Alt du kunne se var de nationale gevinster som var i din lokale forretning.<\/p>\n<p>Tidligere blev du n\u00e6gtet adgang til <strong>de internationale spil<\/strong>. Du kunne ikke k\u00f8be kuponer til disse jackpots i dit eget land. Men internettet har l\u00f8st dette problem. Her p\u00e5 RedFoxLotto.com, <strong>kan du nu <a href=\"https:\/\/redfoxlotto.com\/da\/\">spille internationale lottospil online<\/a><\/strong>. Men hvordan spiller man lotto online?<\/p>\n<h2>K\u00f8b dine lottokuponer her<\/h2>\n<p>RedFoxLotto.com er din kurertjeneste som sikre at du kan k\u00f8be lottokuponer uanset hvor du \u00f8nsker at f\u00e5 dem fra. Faktisk har vi agenter i mange forskellige lande hvor de store lotterier bliver afholdt, og de s\u00f8rger for at k\u00f8be de kuponer som du \u00f8nsker fra det p\u00e5g\u00e6ldendes lands lokale spilleforhandler.<\/p>\n<p>Derfra kan du, kunden, <a href=\"https:\/\/redfoxlotto.com\/da\/lotteri\/\">bestille dine kuponer hos os online<\/a>. Du skal bare g\u00e5 til hjemmesiden, og k\u00f8be dem, n\u00e6sten som om du k\u00f8bte dem direkte selv.<\/p>\n<p>Selvf\u00f8lgelig kan du v\u00e6lge dine egne numre. Du bestemmer ogs\u00e5, hvor mange kombinationer af numre du vil spille, og hvor mange tegn din kupon skal g\u00e6lde for. Betaling sker online med kreditkort for eksempel. S\u00e5 hvis du er klar til at udv\u00e6lge dine egne numre, skal du bare klikke p\u00e5 boksene for at v\u00e6lge dem. Hvis du vil have os til at udv\u00e6lge dine numre, s\u00e5 v\u00e6lg &#8216; quick pick l\u00f8sningen, og vi vil give dig tilf\u00e6ldige tal.<\/p>\n<h2>Hvilke spil at spille<\/h2>\n<p><img loading=\"lazy\" decoding=\"async\" class=\"size-full alignright\" src=\"https:\/\/content.redfoxlotto.com\/uploads\/sites\/9\/1_playing_lottery_online.jpg\" alt=\"international lotto\" width=\"200\" height=\"140\" \/><strong>Selvf\u00f8lgelig kan du ogs\u00e5 deltage i mere end \u00e9t internationalt lottospil<\/strong> p\u00e5 samme tid, hvis du spiller online. S\u00e5 hvis du scroller ned ad siden gennem de spil vi har tilg\u00e6ngelige og finder flere som du er interesseret i, er det jo fantastisk. Vi anbefaler at du v\u00e6lger den st\u00f8rste jackpot p\u00e5 et givent tidspunkt, eller de to st\u00f8rste, eller endnu flere.<\/p>\n<p>For eksempel har <a href=\"https:\/\/redfoxlotto.com\/da\/spil\/powerball\/\">Powerball<\/a> US og <a href=\"https:\/\/redfoxlotto.com\/da\/spil\/mega-millions\/\">Mega Millions<\/a> US, ofte to gigantiske jackpots p\u00e5 samme tid. Jackpots n\u00e5r som regel op til $500.000.000 i USA. Der har endda v\u00e6ret<strong> jackpots p\u00e5 over 1.500.000.000 i fortiden.<\/strong><\/p>\n<p>Faktisk er disse to lottospil blandt de st\u00f8rste i verden. S\u00e5 hvorfor ville du ikke tage chancen og se, om du kunne v\u00e6re s\u00e5 heldig at vinde stort? Noget andet som du kan tage i betragtning er at det er en god mulighed er at spille de samme tal, i flere spil samme uge.<\/p>\n<p>Hvis du ikke vinder det ene spil, s\u00e5 er dine tal m\u00e5ske de heldige tal i et andet spil? Dette er en smart m\u00e5de at \u00f8ge chancerne for dine yndlingstal. Dette g\u00f8r ogs\u00e5 lotto endnu mere sp\u00e6ndende at spille!<\/p>\n<h2>Hvorfor spille lotto internationalt?<\/h2>\n<p>Enhver, der spiller international lotto bruger deres midler p\u00e5 en smartere m\u00e5de. Nogle lottospillere k\u00f8ber kuponer til den nationale lottoudtr\u00e6kning uge efter uge, uanset hvor lav jackpotten er. Matematik og logik fort\u00e6ller dig, at det er bedre at k\u00f8be en kupon til et spil med en jackpot p\u00e5 $200.000.000 end for en med en $2.000.000 pr\u00e6mie. Dette g\u00e6lder ogs\u00e5 selvom prisen p\u00e5 din online kupon er h\u00f8jere end prisen fra din lokale forhandler.<\/p>\n<p>Du vil have de samme odds for at vinde, men hvis du vinder f\u00e5r du muligheden for at f\u00e5 en gevinst der er en hel del st\u00f8rre. Og husk p\u00e5 de valutaer som du har n\u00e5r du spiller international lotto. Du vil f\u00e5 noget som bliver et k\u00e6mpe bel\u00f8b n\u00e5r du veksler det om til din egen valuta, for du f\u00e5r pengene i din egen valuta n\u00e5r du udtr\u00e6kker dem.<\/p>\n<p>Nu vil vi g\u00f8re klart hvad vores standarder vil v\u00e6re, og hvordan vi udregner prisen for din kupon. Vi er selvf\u00f8lgelig n\u00f8dt til at opkr\u00e6ve en h\u00f8jere pris, da vi har udgifter. Vi \u00f8nsker ogs\u00e5 at tjene penge. Lad os antage at lottokuponen koster \u20ac4.50-5.00 og en jackpot er p\u00e5 \u20ac200 millioner. Hos den lokale spilleforhandler betaler du \u20ac2.00 og f\u00e5r en jackpot p\u00e5 \u20ac10 millioner. Hvilken er bedre, og giver mere mening? Sp\u00f8rgsm\u00e5let p\u00e5 dette sp\u00f8rgsm\u00e5l er nok ret tydelig.<\/p>\n<h2>S\u00e5dan bliver du betalt<\/h2>\n<p><img loading=\"lazy\" decoding=\"async\" class=\"size-full alignright\" src=\"https:\/\/content.redfoxlotto.com\/uploads\/sites\/9\/1_mega_lotto_jackpot.jpg\" alt=\"lotteri online\" width=\"170\" height=\"200\" \/>RedFoxLotto.com s\u00f8rger ogs\u00e5 for, at du <a href=\"https:\/\/redfoxlotto.com\/da\/resultater\/\">modtager dine gevinster<\/a>. <strong>Vi vil ikke opkr\u00e6ve en provision,<\/strong> bortset fra et mindre gebyr opkr\u00e6vet i tilf\u00e6lde af en bankoverf\u00f8rsel. Du skal ikke bekymre dig for om vi tager en andel af de penge, du vinder.<br \/>\nN\u00e5r du betaler for kuponen er alt, hvad du har vundet er dit eget. Vi tr\u00e6kker kun et gebyr, hvis du beslutter at overf\u00f8re pengene til din bank. Vi opkr\u00e6ver kun et lille fast gebyr for omkostningerne ved bankoverf\u00f8rsel. Du vil f\u00e5 resten af dine penge sendt direkte til dig.<\/p>\n<p>Mange af vores kunder har allerede vundet gevinster gennem os. For nogle har deres liv \u00e6ndret sig markant efter de har vundet! Vi ved, du f\u00e5r en stor chance for at vinde en stor gevinst eller f\u00e5 en gevinst, som du ikke ville have f\u00e5et, hvis du kun spillede spil i dit hjemland.<\/p>\n<p>Derfor bliver det mere popul\u00e6rt at spille lotto online. Og nu er det din tur til at kn\u00e6kke en af de store Mega-jackpots-hvad venter du p\u00e5? Du kan v\u00e6re en stor vinder p\u00e5 ingen tid, og det er bare begyndelsen.<\/p>\n","protected":false},"excerpt":{"rendered":"<p>Flere lottospil og jackpots som alle kan spille! Store nyheder for alle lotto fans verden over! Du er ikke l\u00e6ngere begr\u00e6nset til at spille lotto i dit hjemland! Kan du huske, da lotto f\u00f8rst begyndte at vinde i popularitet? Det er virkelig ikke s\u00e5 l\u00e6nge siden alle begyndte at spille lotto hos deres lokale spilleforhandlere. [&hellip;]<\/p>\n","protected":false},"author":1,"featured_media":0,"parent":0,"menu_order":2,"comment_status":"closed","ping_status":"closed","template":"Play-all.php","meta":{"_et_pb_use_builder":"","_et_pb_old_content":"","_et_gb_content_width":"","exclude_from_search":false,"footnotes":""},"class_list":["post-5020","page","type-page","status-publish","hentry"],"yoast_head":"<!-- This site is optimized with the Yoast SEO plugin v27.4 - https:\/\/yoast.com\/product\/yoast-seo-wordpress\/ -->\n<title>Spil lotteri online | internationale jackpot<\/title>\n<meta name=\"description\" content=\"At spille international lotto online, giver dig flere muligheder og bedre chancer - Find ud af hvorfor!\" \/>\n<meta name=\"robots\" content=\"index, follow, max-snippet:-1, max-image-preview:large, max-video-preview:-1\" \/>\n<link rel=\"canonical\" href=\"https:\/\/redfoxlotto.com\/da\/spil\/\" \/>\n<meta property=\"og:locale\" content=\"da_DK\" \/>\n<meta property=\"og:type\" content=\"article\" \/>\n<meta property=\"og:title\" content=\"Spil lotteri online | internationale jackpot\" \/>\n<meta property=\"og:description\" content=\"At spille international lotto online, giver dig flere muligheder og bedre chancer - Find ud af hvorfor!\" \/>\n<meta property=\"og:url\" content=\"https:\/\/redfoxlotto.com\/da\/spil\/\" \/>\n<meta property=\"og:site_name\" content=\"Get Tickets for the World\u2019s largest jackpots\" \/>\n<meta property=\"article:modified_time\" content=\"2025-12-15T18:19:19+00:00\" \/>\n<meta property=\"og:image\" content=\"https:\/\/content.redfoxlotto.com\/uploads\/sites\/9\/1_playing_lottery_online.jpg\" \/>\n<meta name=\"twitter:card\" content=\"summary_large_image\" \/>\n<meta name=\"twitter:label1\" content=\"Estimeret l\u00e6setid\" \/>\n\t<meta name=\"twitter:data1\" content=\"5 minutter\" \/>\n<script type=\"application\/ld+json\" class=\"yoast-schema-graph\">{\"@context\":\"https:\\\/\\\/schema.org\",\"@graph\":[{\"@type\":\"WebPage\",\"@id\":\"https:\\\/\\\/redfoxlotto.com\\\/da\\\/spil\\\/\",\"url\":\"https:\\\/\\\/redfoxlotto.com\\\/da\\\/spil\\\/\",\"name\":\"Spil lotteri online | internationale jackpot\",\"isPartOf\":{\"@id\":\"https:\\\/\\\/redfoxlotto.com\\\/da\\\/#website\"},\"primaryImageOfPage\":{\"@id\":\"https:\\\/\\\/redfoxlotto.com\\\/da\\\/spil\\\/#primaryimage\"},\"image\":{\"@id\":\"https:\\\/\\\/redfoxlotto.com\\\/da\\\/spil\\\/#primaryimage\"},\"thumbnailUrl\":\"https:\\\/\\\/content.redfoxlotto.com\\\/uploads\\\/sites\\\/9\\\/1_playing_lottery_online.jpg\",\"datePublished\":\"2023-04-24T14:10:57+00:00\",\"dateModified\":\"2025-12-15T18:19:19+00:00\",\"description\":\"At spille international lotto online, giver dig flere muligheder og bedre chancer - Find ud af hvorfor!\",\"breadcrumb\":{\"@id\":\"https:\\\/\\\/redfoxlotto.com\\\/da\\\/spil\\\/#breadcrumb\"},\"inLanguage\":\"da-DK\",\"potentialAction\":[{\"@type\":\"ReadAction\",\"target\":[\"https:\\\/\\\/redfoxlotto.com\\\/da\\\/spil\\\/\"]}]},{\"@type\":\"ImageObject\",\"inLanguage\":\"da-DK\",\"@id\":\"https:\\\/\\\/redfoxlotto.com\\\/da\\\/spil\\\/#primaryimage\",\"url\":\"https:\\\/\\\/content.redfoxlotto.com\\\/uploads\\\/sites\\\/9\\\/1_playing_lottery_online.jpg\",\"contentUrl\":\"https:\\\/\\\/content.redfoxlotto.com\\\/uploads\\\/sites\\\/9\\\/1_playing_lottery_online.jpg\"},{\"@type\":\"BreadcrumbList\",\"@id\":\"https:\\\/\\\/redfoxlotto.com\\\/da\\\/spil\\\/#breadcrumb\",\"itemListElement\":[{\"@type\":\"ListItem\",\"position\":1,\"name\":\"Home\",\"item\":\"https:\\\/\\\/redfoxlotto.com\\\/da\\\/\"},{\"@type\":\"ListItem\",\"position\":2,\"name\":\"S\u00e5dan spiller du lotto fra andre lande\"}]},{\"@type\":\"WebSite\",\"@id\":\"https:\\\/\\\/redfoxlotto.com\\\/da\\\/#website\",\"url\":\"https:\\\/\\\/redfoxlotto.com\\\/da\\\/\",\"name\":\"Get Tickets for the World\u2019s largest jackpots\",\"description\":\"Participate in worldwide lottery jackpots from any country\",\"publisher\":{\"@id\":\"https:\\\/\\\/redfoxlotto.com\\\/da\\\/#organization\"},\"potentialAction\":[{\"@type\":\"SearchAction\",\"target\":{\"@type\":\"EntryPoint\",\"urlTemplate\":\"https:\\\/\\\/redfoxlotto.com\\\/da\\\/?s={search_term_string}\"},\"query-input\":{\"@type\":\"PropertyValueSpecification\",\"valueRequired\":true,\"valueName\":\"search_term_string\"}}],\"inLanguage\":\"da-DK\"},{\"@type\":\"Organization\",\"@id\":\"https:\\\/\\\/redfoxlotto.com\\\/da\\\/#organization\",\"name\":\"Get Tickets for the World\u2019s largest jackpots\",\"url\":\"https:\\\/\\\/redfoxlotto.com\\\/da\\\/\",\"logo\":{\"@type\":\"ImageObject\",\"inLanguage\":\"da-DK\",\"@id\":\"https:\\\/\\\/redfoxlotto.com\\\/da\\\/#\\\/schema\\\/logo\\\/image\\\/\",\"url\":\"https:\\\/\\\/redfoxlotto.com\\\/wp-content\\\/uploads\\\/2023\\\/04\\\/logo.png\",\"contentUrl\":\"https:\\\/\\\/redfoxlotto.com\\\/wp-content\\\/uploads\\\/2023\\\/04\\\/logo.png\",\"width\":269,\"height\":53,\"caption\":\"Get Tickets for the World\u2019s largest jackpots\"},\"image\":{\"@id\":\"https:\\\/\\\/redfoxlotto.com\\\/da\\\/#\\\/schema\\\/logo\\\/image\\\/\"}}]}<\/script>\n<!-- \/ Yoast SEO plugin. -->","yoast_head_json":{"title":"Spil lotteri online | internationale jackpot","description":"At spille international lotto online, giver dig flere muligheder og bedre chancer - Find ud af hvorfor!","robots":{"index":"index","follow":"follow","max-snippet":"max-snippet:-1","max-image-preview":"max-image-preview:large","max-video-preview":"max-video-preview:-1"},"canonical":"https:\/\/redfoxlotto.com\/da\/spil\/","og_locale":"da_DK","og_type":"article","og_title":"Spil lotteri online | internationale jackpot","og_description":"At spille international lotto online, giver dig flere muligheder og bedre chancer - Find ud af hvorfor!","og_url":"https:\/\/redfoxlotto.com\/da\/spil\/","og_site_name":"Get Tickets for the World\u2019s largest jackpots","article_modified_time":"2025-12-15T18:19:19+00:00","og_image":[{"url":"https:\/\/content.redfoxlotto.com\/uploads\/sites\/9\/1_playing_lottery_online.jpg","type":"","width":"","height":""}],"twitter_card":"summary_large_image","twitter_misc":{"Estimeret l\u00e6setid":"5 minutter"},"schema":{"@context":"https:\/\/schema.org","@graph":[{"@type":"WebPage","@id":"https:\/\/redfoxlotto.com\/da\/spil\/","url":"https:\/\/redfoxlotto.com\/da\/spil\/","name":"Spil lotteri online | internationale jackpot","isPartOf":{"@id":"https:\/\/redfoxlotto.com\/da\/#website"},"primaryImageOfPage":{"@id":"https:\/\/redfoxlotto.com\/da\/spil\/#primaryimage"},"image":{"@id":"https:\/\/redfoxlotto.com\/da\/spil\/#primaryimage"},"thumbnailUrl":"https:\/\/content.redfoxlotto.com\/uploads\/sites\/9\/1_playing_lottery_online.jpg","datePublished":"2023-04-24T14:10:57+00:00","dateModified":"2025-12-15T18:19:19+00:00","description":"At spille international lotto online, giver dig flere muligheder og bedre chancer - Find ud af hvorfor!","breadcrumb":{"@id":"https:\/\/redfoxlotto.com\/da\/spil\/#breadcrumb"},"inLanguage":"da-DK","potentialAction":[{"@type":"ReadAction","target":["https:\/\/redfoxlotto.com\/da\/spil\/"]}]},{"@type":"ImageObject","inLanguage":"da-DK","@id":"https:\/\/redfoxlotto.com\/da\/spil\/#primaryimage","url":"https:\/\/content.redfoxlotto.com\/uploads\/sites\/9\/1_playing_lottery_online.jpg","contentUrl":"https:\/\/content.redfoxlotto.com\/uploads\/sites\/9\/1_playing_lottery_online.jpg"},{"@type":"BreadcrumbList","@id":"https:\/\/redfoxlotto.com\/da\/spil\/#breadcrumb","itemListElement":[{"@type":"ListItem","position":1,"name":"Home","item":"https:\/\/redfoxlotto.com\/da\/"},{"@type":"ListItem","position":2,"name":"S\u00e5dan spiller du lotto fra andre lande"}]},{"@type":"WebSite","@id":"https:\/\/redfoxlotto.com\/da\/#website","url":"https:\/\/redfoxlotto.com\/da\/","name":"Get Tickets for the World\u2019s largest jackpots","description":"Participate in worldwide lottery jackpots from any country","publisher":{"@id":"https:\/\/redfoxlotto.com\/da\/#organization"},"potentialAction":[{"@type":"SearchAction","target":{"@type":"EntryPoint","urlTemplate":"https:\/\/redfoxlotto.com\/da\/?s={search_term_string}"},"query-input":{"@type":"PropertyValueSpecification","valueRequired":true,"valueName":"search_term_string"}}],"inLanguage":"da-DK"},{"@type":"Organization","@id":"https:\/\/redfoxlotto.com\/da\/#organization","name":"Get Tickets for the World\u2019s largest jackpots","url":"https:\/\/redfoxlotto.com\/da\/","logo":{"@type":"ImageObject","inLanguage":"da-DK","@id":"https:\/\/redfoxlotto.com\/da\/#\/schema\/logo\/image\/","url":"https:\/\/redfoxlotto.com\/wp-content\/uploads\/2023\/04\/logo.png","contentUrl":"https:\/\/redfoxlotto.com\/wp-content\/uploads\/2023\/04\/logo.png","width":269,"height":53,"caption":"Get Tickets for the World\u2019s largest jackpots"},"image":{"@id":"https:\/\/redfoxlotto.com\/da\/#\/schema\/logo\/image\/"}}]}},"_links":{"self":[{"href":"https:\/\/redfoxlotto.com\/da\/wp-json\/wp\/v2\/pages\/5020","targetHints":{"allow":["GET"]}}],"collection":[{"href":"https:\/\/redfoxlotto.com\/da\/wp-json\/wp\/v2\/pages"}],"about":[{"href":"https:\/\/redfoxlotto.com\/da\/wp-json\/wp\/v2\/types\/page"}],"author":[{"embeddable":true,"href":"https:\/\/redfoxlotto.com\/da\/wp-json\/wp\/v2\/users\/1"}],"replies":[{"embeddable":true,"href":"https:\/\/redfoxlotto.com\/da\/wp-json\/wp\/v2\/comments?post=5020"}],"version-history":[{"count":0,"href":"https:\/\/redfoxlotto.com\/da\/wp-json\/wp\/v2\/pages\/5020\/revisions"}],"wp:attachment":[{"href":"https:\/\/redfoxlotto.com\/da\/wp-json\/wp\/v2\/media?parent=5020"}],"curies":[{"name":"wp","href":"https:\/\/api.w.org\/{rel}","templated":true}]}}