{"id":5017,"date":"2018-11-18T08:54:25","date_gmt":"2018-11-18T08:54:25","guid":{"rendered":"https:\/\/redfoxlotto.com\/?page_id=2497"},"modified":"2023-05-15T14:25:35","modified_gmt":"2023-05-15T14:25:35","slug":"lotto-uk","status":"publish","type":"page","link":"https:\/\/redfoxlotto.com\/da\/resultater\/lotto-uk\/","title":{"rendered":"UK Lottery Resultater"},"content":{"rendered":"<p>Her er de aktuelle resultater fra den britiske lotto. I arkivet med <strong>resultaterne fra den britiske lotto<\/strong>, kan du se resultaterne fra de seneste uger.<!--more--><\/p>\n<h2>UK National Lotto jackpot &#8211; UK Lotto Udtr\u00e6kninger<\/h2>\n<p>Den mindste jackpot i den britiske lotto, starter p\u00e5 \u00a32.500.000 og \u00a35.000.000 om l\u00f8rdagen. Man kan i spillet v\u00e6lge 6 ud af 59 tal.<br \/>\n<img loading=\"lazy\" decoding=\"async\" class=\" wp-image alignright\" src=\"https:\/\/content.redfoxlotto.com\/uploads\/sites\/9\/1_results_tickets_lotto.jpg\" alt=\"UK Lotto\" width=\"239\" height=\"169\" \/><\/p>\n<p>Det st\u00f8rste bel\u00f8b der er vundet i den britiske lotto, er \u00a342.000.000. Den britiske nationale lotto er ogs\u00e5 kendt i andre europ\u00e6iske lande for de relativt h\u00f8je priser, der ellers findes i de lavere profitklasser.<\/p>\n<h2>Britiske Lotto-pr\u00e6mier og vindere<\/h2>\n<p>Den britiske lotto har <strong>seks pr\u00e6mieintervaller<\/strong>, som du kan se i tabellen ovenfor. Desuden kan du se antallet af spillere, der har valgt de rigtige tal, og hvad prisbel\u00f8bet blev.<\/p>\n<h2>De mest udtrukne numre i UK Lotto<\/h2>\n<p>De mest tegnede numre i det britiske nationale lotteri er 9, 12, 15, 17 og 19. De mindst tegnede tal er 1, 2, 6, 32 og 47.<\/p>\n","protected":false},"excerpt":{"rendered":"<p>Her er de aktuelle resultater fra den britiske lotto. I arkivet med resultaterne fra den britiske lotto, kan du se resultaterne fra de seneste uger.<\/p>\n","protected":false},"author":1,"featured_media":0,"parent":5010,"menu_order":9,"comment_status":"closed","ping_status":"closed","template":"lotto-uk-results.php","meta":{"_et_pb_use_builder":"","_et_pb_old_content":"","_et_gb_content_width":"","exclude_from_search":false,"footnotes":""},"class_list":["post-5017","page","type-page","status-publish","hentry"],"yoast_head":"<!-- This site is optimized with the Yoast SEO plugin v23.8 - https:\/\/yoast.com\/wordpress\/plugins\/seo\/ -->\n<title>Vindertal og resultater fra den britiske lotto<\/title>\n<meta name=\"description\" content=\"Vi bringer resultaterne fra den britiske lotto, og et arkiv af tidligere vindertal\" \/>\n<meta name=\"robots\" content=\"index, follow, max-snippet:-1, max-image-preview:large, max-video-preview:-1\" \/>\n<link rel=\"canonical\" href=\"https:\/\/redfoxlotto.com\/da\/resultater\/lotto-uk\/\" \/>\n<meta property=\"og:locale\" content=\"da_DK\" \/>\n<meta property=\"og:type\" content=\"article\" \/>\n<meta property=\"og:title\" content=\"Vindertal og resultater fra den britiske lotto\" \/>\n<meta property=\"og:description\" content=\"Vi bringer resultaterne fra den britiske lotto, og et arkiv af tidligere vindertal\" \/>\n<meta property=\"og:url\" content=\"https:\/\/redfoxlotto.com\/da\/resultater\/lotto-uk\/\" \/>\n<meta property=\"og:site_name\" content=\"Get Tickets for the World\u2019s largest jackpots\" \/>\n<meta property=\"article:modified_time\" content=\"2023-05-15T14:25:35+00:00\" \/>\n<meta property=\"og:image\" content=\"https:\/\/content.redfoxlotto.com\/uploads\/sites\/9\/1_results_tickets_lotto.jpg\" \/>\n<meta name=\"twitter:card\" content=\"summary_large_image\" \/>\n<meta name=\"twitter:label1\" content=\"Estimeret l\u00e6setid\" \/>\n\t<meta name=\"twitter:data1\" content=\"1 minut\" \/>\n<script type=\"application\/ld+json\" class=\"yoast-schema-graph\">{\"@context\":\"https:\/\/schema.org\",\"@graph\":[{\"@type\":\"WebPage\",\"@id\":\"https:\/\/redfoxlotto.com\/da\/resultater\/lotto-uk\/\",\"url\":\"https:\/\/redfoxlotto.com\/da\/resultater\/lotto-uk\/\",\"name\":\"Vindertal og resultater fra den britiske lotto\",\"isPartOf\":{\"@id\":\"https:\/\/redfoxlotto.com\/da\/#website\"},\"primaryImageOfPage\":{\"@id\":\"https:\/\/redfoxlotto.com\/da\/resultater\/lotto-uk\/#primaryimage\"},\"image\":{\"@id\":\"https:\/\/redfoxlotto.com\/da\/resultater\/lotto-uk\/#primaryimage\"},\"thumbnailUrl\":\"https:\/\/content.redfoxlotto.com\/uploads\/sites\/9\/1_results_tickets_lotto.jpg\",\"datePublished\":\"2018-11-18T08:54:25+00:00\",\"dateModified\":\"2023-05-15T14:25:35+00:00\",\"description\":\"Vi bringer resultaterne fra den britiske lotto, og et arkiv af tidligere vindertal\",\"breadcrumb\":{\"@id\":\"https:\/\/redfoxlotto.com\/da\/resultater\/lotto-uk\/#breadcrumb\"},\"inLanguage\":\"da-DK\",\"potentialAction\":[{\"@type\":\"ReadAction\",\"target\":[\"https:\/\/redfoxlotto.com\/da\/resultater\/lotto-uk\/\"]}]},{\"@type\":\"ImageObject\",\"inLanguage\":\"da-DK\",\"@id\":\"https:\/\/redfoxlotto.com\/da\/resultater\/lotto-uk\/#primaryimage\",\"url\":\"https:\/\/content.redfoxlotto.com\/uploads\/sites\/9\/1_results_tickets_lotto.jpg\",\"contentUrl\":\"https:\/\/content.redfoxlotto.com\/uploads\/sites\/9\/1_results_tickets_lotto.jpg\"},{\"@type\":\"BreadcrumbList\",\"@id\":\"https:\/\/redfoxlotto.com\/da\/resultater\/lotto-uk\/#breadcrumb\",\"itemListElement\":[{\"@type\":\"ListItem\",\"position\":1,\"name\":\"Home\",\"item\":\"https:\/\/redfoxlotto.com\/da\/\"},{\"@type\":\"ListItem\",\"position\":2,\"name\":\"Internationale lottoresultater\",\"item\":\"https:\/\/redfoxlotto.com\/da\/resultater\/\"},{\"@type\":\"ListItem\",\"position\":3,\"name\":\"UK Lottery Resultater\"}]},{\"@type\":\"WebSite\",\"@id\":\"https:\/\/redfoxlotto.com\/da\/#website\",\"url\":\"https:\/\/redfoxlotto.com\/da\/\",\"name\":\"Get Tickets for the World\u2019s largest jackpots\",\"description\":\"Participate in worldwide lottery jackpots from any country\",\"publisher\":{\"@id\":\"https:\/\/redfoxlotto.com\/da\/#organization\"},\"potentialAction\":[{\"@type\":\"SearchAction\",\"target\":{\"@type\":\"EntryPoint\",\"urlTemplate\":\"https:\/\/redfoxlotto.com\/da\/?s={search_term_string}\"},\"query-input\":{\"@type\":\"PropertyValueSpecification\",\"valueRequired\":true,\"valueName\":\"search_term_string\"}}],\"inLanguage\":\"da-DK\"},{\"@type\":\"Organization\",\"@id\":\"https:\/\/redfoxlotto.com\/da\/#organization\",\"name\":\"Get Tickets for the World\u2019s largest jackpots\",\"url\":\"https:\/\/redfoxlotto.com\/da\/\",\"logo\":{\"@type\":\"ImageObject\",\"inLanguage\":\"da-DK\",\"@id\":\"https:\/\/redfoxlotto.com\/da\/#\/schema\/logo\/image\/\",\"url\":\"https:\/\/redfoxlotto.com\/wp-content\/uploads\/2023\/04\/logo.png\",\"contentUrl\":\"https:\/\/redfoxlotto.com\/wp-content\/uploads\/2023\/04\/logo.png\",\"width\":269,\"height\":53,\"caption\":\"Get Tickets for the World\u2019s largest jackpots\"},\"image\":{\"@id\":\"https:\/\/redfoxlotto.com\/da\/#\/schema\/logo\/image\/\"}}]}<\/script>\n<!-- \/ Yoast SEO plugin. -->","yoast_head_json":{"title":"Vindertal og resultater fra den britiske lotto","description":"Vi bringer resultaterne fra den britiske lotto, og et arkiv af tidligere vindertal","robots":{"index":"index","follow":"follow","max-snippet":"max-snippet:-1","max-image-preview":"max-image-preview:large","max-video-preview":"max-video-preview:-1"},"canonical":"https:\/\/redfoxlotto.com\/da\/resultater\/lotto-uk\/","og_locale":"da_DK","og_type":"article","og_title":"Vindertal og resultater fra den britiske lotto","og_description":"Vi bringer resultaterne fra den britiske lotto, og et arkiv af tidligere vindertal","og_url":"https:\/\/redfoxlotto.com\/da\/resultater\/lotto-uk\/","og_site_name":"Get Tickets for the World\u2019s largest jackpots","article_modified_time":"2023-05-15T14:25:35+00:00","og_image":[{"url":"https:\/\/content.redfoxlotto.com\/uploads\/sites\/9\/1_results_tickets_lotto.jpg"}],"twitter_card":"summary_large_image","twitter_misc":{"Estimeret l\u00e6setid":"1 minut"},"schema":{"@context":"https:\/\/schema.org","@graph":[{"@type":"WebPage","@id":"https:\/\/redfoxlotto.com\/da\/resultater\/lotto-uk\/","url":"https:\/\/redfoxlotto.com\/da\/resultater\/lotto-uk\/","name":"Vindertal og resultater fra den britiske lotto","isPartOf":{"@id":"https:\/\/redfoxlotto.com\/da\/#website"},"primaryImageOfPage":{"@id":"https:\/\/redfoxlotto.com\/da\/resultater\/lotto-uk\/#primaryimage"},"image":{"@id":"https:\/\/redfoxlotto.com\/da\/resultater\/lotto-uk\/#primaryimage"},"thumbnailUrl":"https:\/\/content.redfoxlotto.com\/uploads\/sites\/9\/1_results_tickets_lotto.jpg","datePublished":"2018-11-18T08:54:25+00:00","dateModified":"2023-05-15T14:25:35+00:00","description":"Vi bringer resultaterne fra den britiske lotto, og et arkiv af tidligere vindertal","breadcrumb":{"@id":"https:\/\/redfoxlotto.com\/da\/resultater\/lotto-uk\/#breadcrumb"},"inLanguage":"da-DK","potentialAction":[{"@type":"ReadAction","target":["https:\/\/redfoxlotto.com\/da\/resultater\/lotto-uk\/"]}]},{"@type":"ImageObject","inLanguage":"da-DK","@id":"https:\/\/redfoxlotto.com\/da\/resultater\/lotto-uk\/#primaryimage","url":"https:\/\/content.redfoxlotto.com\/uploads\/sites\/9\/1_results_tickets_lotto.jpg","contentUrl":"https:\/\/content.redfoxlotto.com\/uploads\/sites\/9\/1_results_tickets_lotto.jpg"},{"@type":"BreadcrumbList","@id":"https:\/\/redfoxlotto.com\/da\/resultater\/lotto-uk\/#breadcrumb","itemListElement":[{"@type":"ListItem","position":1,"name":"Home","item":"https:\/\/redfoxlotto.com\/da\/"},{"@type":"ListItem","position":2,"name":"Internationale lottoresultater","item":"https:\/\/redfoxlotto.com\/da\/resultater\/"},{"@type":"ListItem","position":3,"name":"UK Lottery Resultater"}]},{"@type":"WebSite","@id":"https:\/\/redfoxlotto.com\/da\/#website","url":"https:\/\/redfoxlotto.com\/da\/","name":"Get Tickets for the World\u2019s largest jackpots","description":"Participate in worldwide lottery jackpots from any country","publisher":{"@id":"https:\/\/redfoxlotto.com\/da\/#organization"},"potentialAction":[{"@type":"SearchAction","target":{"@type":"EntryPoint","urlTemplate":"https:\/\/redfoxlotto.com\/da\/?s={search_term_string}"},"query-input":{"@type":"PropertyValueSpecification","valueRequired":true,"valueName":"search_term_string"}}],"inLanguage":"da-DK"},{"@type":"Organization","@id":"https:\/\/redfoxlotto.com\/da\/#organization","name":"Get Tickets for the World\u2019s largest jackpots","url":"https:\/\/redfoxlotto.com\/da\/","logo":{"@type":"ImageObject","inLanguage":"da-DK","@id":"https:\/\/redfoxlotto.com\/da\/#\/schema\/logo\/image\/","url":"https:\/\/redfoxlotto.com\/wp-content\/uploads\/2023\/04\/logo.png","contentUrl":"https:\/\/redfoxlotto.com\/wp-content\/uploads\/2023\/04\/logo.png","width":269,"height":53,"caption":"Get Tickets for the World\u2019s largest jackpots"},"image":{"@id":"https:\/\/redfoxlotto.com\/da\/#\/schema\/logo\/image\/"}}]}},"_links":{"self":[{"href":"https:\/\/redfoxlotto.com\/da\/wp-json\/wp\/v2\/pages\/5017","targetHints":{"allow":["GET"]}}],"collection":[{"href":"https:\/\/redfoxlotto.com\/da\/wp-json\/wp\/v2\/pages"}],"about":[{"href":"https:\/\/redfoxlotto.com\/da\/wp-json\/wp\/v2\/types\/page"}],"author":[{"embeddable":true,"href":"https:\/\/redfoxlotto.com\/da\/wp-json\/wp\/v2\/users\/1"}],"replies":[{"embeddable":true,"href":"https:\/\/redfoxlotto.com\/da\/wp-json\/wp\/v2\/comments?post=5017"}],"version-history":[{"count":0,"href":"https:\/\/redfoxlotto.com\/da\/wp-json\/wp\/v2\/pages\/5017\/revisions"}],"up":[{"embeddable":true,"href":"https:\/\/redfoxlotto.com\/da\/wp-json\/wp\/v2\/pages\/5010"}],"wp:attachment":[{"href":"https:\/\/redfoxlotto.com\/da\/wp-json\/wp\/v2\/media?parent=5017"}],"curies":[{"name":"wp","href":"https:\/\/api.w.org\/{rel}","templated":true}]}}