{"id":5016,"date":"2018-11-18T08:54:25","date_gmt":"2018-11-18T08:54:25","guid":{"rendered":"https:\/\/redfoxlotto.com\/?page_id=2495"},"modified":"2026-01-11T10:32:37","modified_gmt":"2026-01-11T10:32:37","slug":"superenalotto","status":"publish","type":"page","link":"https:\/\/redfoxlotto.com\/da\/resultater\/superenalotto\/","title":{"rendered":"SuperEnalotto Resultater"},"content":{"rendered":"<p>SuperEnalotto er kendt for, at <a href=\"https:\/\/redfoxlotto.com\/da\/\">jackpotten<\/a> ofte ikke vindes i lang tid. S\u00e5 hovedgevinsten, hvis minimumsbel\u00f8b er 1.300.000, stiger hurtigt. Og der er ingen gr\u00e6nse for dens h\u00f8jde. Den h\u00f8jeste gevinst indtil videre hos Superenalotto var \u20ac177.800.000!<br \/>\n<img loading=\"lazy\" decoding=\"async\" class=\"wp-image alignright\" src=\"https:\/\/content.redfoxlotto.com\/uploads\/sites\/9\/1_results_check_lottery.jpg\" alt=\"results lotto\" width=\"254\" height=\"254\" \/><\/p>\n<p>Har du kigget p\u00e5 nogle forskellige spil, du kunne spille? M\u00e5ske har du altid troet, at du skulle spille lotto i dit eget omr\u00e5de eller i det mindste i dit eget land. Det er bestemt ikke tilf\u00e6ldet l\u00e6ngere, n\u00e5r det kommer til online lotteri. Der er en masse nye muligheder derude for dig, og alt du skal g\u00f8re er at tage et kig p\u00e5 nogle af de hjemmesider, der findes. Du vil se en hel masse spil, som du m\u00e5ske aldrig har set f\u00f8r.<\/p>\n<p><a href=\"https:\/\/redfoxlotto.com\/da\/spil\/superenalotto\/\">SuperEnalotto<\/a> er et af de mest popul\u00e6re spil i Italien, og det er et, du absolut kan v\u00e6re med i selv. Du kan faktisk k\u00f8be dine lodsedler direkte online, uanset hvor du bor. Det vil g\u00f8re det endnu sjovere for dig, fordi du spiller et spil, som du muligvis aldrig har set eller h\u00f8rt om f\u00f8r. Hvad er mere sp\u00e6ndende end at have en helt ny mulighed og en helt anden chance for at vinde end de spil, du er s\u00e5 vant til at spille?<\/p>\n<p>N\u00e5r du v\u00e6lger at spille dette spil, skal du bare vide, hvor du <a href=\"https:\/\/redfoxlotto.com\/da\/lotteri\/\">f\u00e5r din lodseddel<\/a> fra. RedFoxLotto.com kan hj\u00e6lpe dig med at v\u00e6lge dine tal og bestille din kupon, s\u00e5 den er klar n\u00e6ste gang, der er en tr\u00e6kning. Det er helt online, og du har stadig de samme muligheder som en person, der k\u00f8bte sin kupon ved at g\u00e5 ind i en butik. Det g\u00f8r det bekvemt, selv for dem, der bor i det omr\u00e5de, hvor spillet spilles. Du kan bare k\u00f8be en kupon online uden nogensinde at skulle forlade dit eget hjem.<\/p>\n<h2>Hvorfor SuperEnalotto?<\/h2>\n<p><img loading=\"lazy\" decoding=\"async\" class=\"wp-image alignright\" src=\"https:\/\/content.redfoxlotto.com\/uploads\/sites\/9\/1_lottery_winning_numbers.jpg\" alt=\"Superenalotto\" width=\"289\" height=\"137\" \/><\/p>\n<p>Hvorfor skulle du spille dette spil? En af grundene er, at du har muligheden for at vinde millioner af euro ved at spille. Det kan v\u00e6re rigtig sjovt. Faktisk er dette spil kendt for at have nogle af de st\u00f8rste jackpots, og det er helt sikkert en grund til, at du vil se n\u00e6rmere p\u00e5 det og muligvis beslutte dig for at spille det mindst et par gange selv. Hvem ville ikke gerne have chancen for at vinde millioner af euro? Og alt sammen til den lave pris for en enkelt billet (eller et par lodsedler, hvis du vil \u00f8ge dine vinderchancer lidt).<\/p>\n<p>Dette spil har ogs\u00e5 en lodtr\u00e6kning tre forskellige aftener i ugen, s\u00e5 du f\u00e5r mulighed for at spille endnu oftere. De, der elsker spil med hyppigere lodtr\u00e6kninger, vil elske, at dette er tilg\u00e6ngeligt tirsdage, torsdage og l\u00f8rdage, alle kl. 20.00. Dette spil har ikke rigtig eksisteret s\u00e5 l\u00e6nge, \u200b\u200bn\u00e5r man ser p\u00e5 det store billede, for det startede f\u00f8rst i 1997, men det betyder ikke, at det ikke bliver sjovt, eller at folk ikke stiller sig op for at k\u00f8be en billet (hvilket du ikke beh\u00f8ver at g\u00f8re, fordi du spiller udelukkende online).<\/p>\n<p>Ulempen ved dette spil er, at det kan have nogle lave odds. Faktisk er oddsene for, at du vinder jackpotten, nogle af de laveste i hele verden. Det betyder, at du har en bedre chance for at vinde stort set ethvert andet lotterispil, du spiller, end dette. Men du beh\u00f8ver ikke at f\u00f8le dig for modl\u00f8s. Du kan stadig have det sjovt med at spille, og du vil stadig have en chance for at vinde nogle af de mindre pr\u00e6mier. Plus, hvem ved, nogen m\u00e5 jo vinde den jackpot, ikke? Hvorfor skulle det ikke v\u00e6re dig?<\/p>\n<h2>SuperEnalotto-resultater<\/h2>\n<p>S\u00e5 hvordan tjekker du <a href=\"https:\/\/redfoxlotto.com\/da\/lotteri\/superenalotto\/\">SuperEnaLotto<\/a>-resultaterne, hvis du beslutter dig for at spille dette spil? Du har faktisk flere forskellige muligheder. Nogle af de mest popul\u00e6re er simpelthen at tjekke de lokale aviser dagen efter tr\u00e6kningen eller at se tr\u00e6kningen live, hvis den er tilg\u00e6ngelig p\u00e5 dit tv. Du kan ogs\u00e5 tjekke en af \u200b\u200bflere forskellige hjemmesider (som RedFoxLotto.com), der viser dig resultaterne enten umiddelbart efter tr\u00e6kningen eller inden for et par timer efter tr\u00e6kningen. P\u00e5 den m\u00e5de beh\u00f8ver du ikke spilde tid p\u00e5 at finde ud af, om du har vundet.<\/p>\n<p>At have det sjovt med at spille lotto er det f\u00f8rste skridt i hele processen, men derfra vil du v\u00e6re sikker p\u00e5, at du vinder noget. Med SuperEnalotto har du m\u00e5ske lavere odds, men du vil have det sjovt, og du f\u00e5r muligheden for at opleve en helt anden type spil. Hvis du har <a href=\"https:\/\/redfoxlotto.com\/da\/spil\/\">spillet lotto online<\/a> i et stykke tid, er dette helt sikkert en anden&#8230;<\/p>\n","protected":false},"excerpt":{"rendered":"<p>SuperEnalotto er kendt for, at jackpotten ofte ikke vindes i lang tid. S\u00e5 hovedgevinsten, hvis minimumsbel\u00f8b er 1.300.000, stiger hurtigt. Og der er ingen gr\u00e6nse for dens h\u00f8jde. Den h\u00f8jeste gevinst indtil videre hos Superenalotto var \u20ac177.800.000! Har du kigget p\u00e5 nogle forskellige spil, du kunne spille? M\u00e5ske har du altid troet, at du skulle [&hellip;]<\/p>\n","protected":false},"author":1,"featured_media":0,"parent":5010,"menu_order":5,"comment_status":"closed","ping_status":"closed","template":"superenalotto-results.php","meta":{"_et_pb_use_builder":"","_et_pb_old_content":"","_et_gb_content_width":"","exclude_from_search":false,"footnotes":""},"class_list":["post-5016","page","type-page","status-publish","hentry"],"yoast_head":"<!-- This site is optimized with the Yoast SEO plugin v23.8 - https:\/\/yoast.com\/wordpress\/plugins\/seo\/ -->\n<title>SuperEnalotto seneste vindertal<\/title>\n<meta name=\"description\" content=\"Find de seneste resultater og vindertal for Superenalotto her p\u00e5 RedFoxLotto, hvor du ogs\u00e5 kan f\u00e5 dine lodsedler.\" \/>\n<meta name=\"robots\" content=\"index, follow, max-snippet:-1, max-image-preview:large, max-video-preview:-1\" \/>\n<link rel=\"canonical\" href=\"https:\/\/redfoxlotto.com\/da\/resultater\/superenalotto\/\" \/>\n<meta property=\"og:locale\" content=\"da_DK\" \/>\n<meta property=\"og:type\" content=\"article\" \/>\n<meta property=\"og:title\" content=\"SuperEnalotto seneste vindertal\" \/>\n<meta property=\"og:description\" content=\"Find de seneste resultater og vindertal for Superenalotto her p\u00e5 RedFoxLotto, hvor du ogs\u00e5 kan f\u00e5 dine lodsedler.\" \/>\n<meta property=\"og:url\" content=\"https:\/\/redfoxlotto.com\/da\/resultater\/superenalotto\/\" \/>\n<meta property=\"og:site_name\" content=\"Get Tickets for the World\u2019s largest jackpots\" \/>\n<meta property=\"article:modified_time\" content=\"2026-01-11T10:32:37+00:00\" \/>\n<meta property=\"og:image\" content=\"https:\/\/content.redfoxlotto.com\/uploads\/sites\/9\/1_results_check_lottery.jpg\" \/>\n<meta name=\"twitter:card\" content=\"summary_large_image\" \/>\n<meta name=\"twitter:label1\" content=\"Estimeret l\u00e6setid\" \/>\n\t<meta name=\"twitter:data1\" content=\"1 minut\" \/>\n<script type=\"application\/ld+json\" class=\"yoast-schema-graph\">{\"@context\":\"https:\/\/schema.org\",\"@graph\":[{\"@type\":\"WebPage\",\"@id\":\"https:\/\/redfoxlotto.com\/da\/resultater\/superenalotto\/\",\"url\":\"https:\/\/redfoxlotto.com\/da\/resultater\/superenalotto\/\",\"name\":\"SuperEnalotto seneste vindertal\",\"isPartOf\":{\"@id\":\"https:\/\/redfoxlotto.com\/da\/#website\"},\"primaryImageOfPage\":{\"@id\":\"https:\/\/redfoxlotto.com\/da\/resultater\/superenalotto\/#primaryimage\"},\"image\":{\"@id\":\"https:\/\/redfoxlotto.com\/da\/resultater\/superenalotto\/#primaryimage\"},\"thumbnailUrl\":\"https:\/\/content.redfoxlotto.com\/uploads\/sites\/9\/1_results_check_lottery.jpg\",\"datePublished\":\"2018-11-18T08:54:25+00:00\",\"dateModified\":\"2026-01-11T10:32:37+00:00\",\"description\":\"Find de seneste resultater og vindertal for Superenalotto her p\u00e5 RedFoxLotto, hvor du ogs\u00e5 kan f\u00e5 dine lodsedler.\",\"breadcrumb\":{\"@id\":\"https:\/\/redfoxlotto.com\/da\/resultater\/superenalotto\/#breadcrumb\"},\"inLanguage\":\"da-DK\",\"potentialAction\":[{\"@type\":\"ReadAction\",\"target\":[\"https:\/\/redfoxlotto.com\/da\/resultater\/superenalotto\/\"]}]},{\"@type\":\"ImageObject\",\"inLanguage\":\"da-DK\",\"@id\":\"https:\/\/redfoxlotto.com\/da\/resultater\/superenalotto\/#primaryimage\",\"url\":\"https:\/\/content.redfoxlotto.com\/uploads\/sites\/9\/1_results_check_lottery.jpg\",\"contentUrl\":\"https:\/\/content.redfoxlotto.com\/uploads\/sites\/9\/1_results_check_lottery.jpg\"},{\"@type\":\"BreadcrumbList\",\"@id\":\"https:\/\/redfoxlotto.com\/da\/resultater\/superenalotto\/#breadcrumb\",\"itemListElement\":[{\"@type\":\"ListItem\",\"position\":1,\"name\":\"Home\",\"item\":\"https:\/\/redfoxlotto.com\/da\/\"},{\"@type\":\"ListItem\",\"position\":2,\"name\":\"Internationale lottoresultater\",\"item\":\"https:\/\/redfoxlotto.com\/da\/resultater\/\"},{\"@type\":\"ListItem\",\"position\":3,\"name\":\"SuperEnalotto Resultater\"}]},{\"@type\":\"WebSite\",\"@id\":\"https:\/\/redfoxlotto.com\/da\/#website\",\"url\":\"https:\/\/redfoxlotto.com\/da\/\",\"name\":\"Get Tickets for the World\u2019s largest jackpots\",\"description\":\"Participate in worldwide lottery jackpots from any country\",\"publisher\":{\"@id\":\"https:\/\/redfoxlotto.com\/da\/#organization\"},\"potentialAction\":[{\"@type\":\"SearchAction\",\"target\":{\"@type\":\"EntryPoint\",\"urlTemplate\":\"https:\/\/redfoxlotto.com\/da\/?s={search_term_string}\"},\"query-input\":{\"@type\":\"PropertyValueSpecification\",\"valueRequired\":true,\"valueName\":\"search_term_string\"}}],\"inLanguage\":\"da-DK\"},{\"@type\":\"Organization\",\"@id\":\"https:\/\/redfoxlotto.com\/da\/#organization\",\"name\":\"Get Tickets for the World\u2019s largest jackpots\",\"url\":\"https:\/\/redfoxlotto.com\/da\/\",\"logo\":{\"@type\":\"ImageObject\",\"inLanguage\":\"da-DK\",\"@id\":\"https:\/\/redfoxlotto.com\/da\/#\/schema\/logo\/image\/\",\"url\":\"https:\/\/redfoxlotto.com\/wp-content\/uploads\/2023\/04\/logo.png\",\"contentUrl\":\"https:\/\/redfoxlotto.com\/wp-content\/uploads\/2023\/04\/logo.png\",\"width\":269,\"height\":53,\"caption\":\"Get Tickets for the World\u2019s largest jackpots\"},\"image\":{\"@id\":\"https:\/\/redfoxlotto.com\/da\/#\/schema\/logo\/image\/\"}}]}<\/script>\n<!-- \/ Yoast SEO plugin. -->","yoast_head_json":{"title":"SuperEnalotto seneste vindertal","description":"Find de seneste resultater og vindertal for Superenalotto her p\u00e5 RedFoxLotto, hvor du ogs\u00e5 kan f\u00e5 dine lodsedler.","robots":{"index":"index","follow":"follow","max-snippet":"max-snippet:-1","max-image-preview":"max-image-preview:large","max-video-preview":"max-video-preview:-1"},"canonical":"https:\/\/redfoxlotto.com\/da\/resultater\/superenalotto\/","og_locale":"da_DK","og_type":"article","og_title":"SuperEnalotto seneste vindertal","og_description":"Find de seneste resultater og vindertal for Superenalotto her p\u00e5 RedFoxLotto, hvor du ogs\u00e5 kan f\u00e5 dine lodsedler.","og_url":"https:\/\/redfoxlotto.com\/da\/resultater\/superenalotto\/","og_site_name":"Get Tickets for the World\u2019s largest jackpots","article_modified_time":"2026-01-11T10:32:37+00:00","og_image":[{"url":"https:\/\/content.redfoxlotto.com\/uploads\/sites\/9\/1_results_check_lottery.jpg"}],"twitter_card":"summary_large_image","twitter_misc":{"Estimeret l\u00e6setid":"1 minut"},"schema":{"@context":"https:\/\/schema.org","@graph":[{"@type":"WebPage","@id":"https:\/\/redfoxlotto.com\/da\/resultater\/superenalotto\/","url":"https:\/\/redfoxlotto.com\/da\/resultater\/superenalotto\/","name":"SuperEnalotto seneste vindertal","isPartOf":{"@id":"https:\/\/redfoxlotto.com\/da\/#website"},"primaryImageOfPage":{"@id":"https:\/\/redfoxlotto.com\/da\/resultater\/superenalotto\/#primaryimage"},"image":{"@id":"https:\/\/redfoxlotto.com\/da\/resultater\/superenalotto\/#primaryimage"},"thumbnailUrl":"https:\/\/content.redfoxlotto.com\/uploads\/sites\/9\/1_results_check_lottery.jpg","datePublished":"2018-11-18T08:54:25+00:00","dateModified":"2026-01-11T10:32:37+00:00","description":"Find de seneste resultater og vindertal for Superenalotto her p\u00e5 RedFoxLotto, hvor du ogs\u00e5 kan f\u00e5 dine lodsedler.","breadcrumb":{"@id":"https:\/\/redfoxlotto.com\/da\/resultater\/superenalotto\/#breadcrumb"},"inLanguage":"da-DK","potentialAction":[{"@type":"ReadAction","target":["https:\/\/redfoxlotto.com\/da\/resultater\/superenalotto\/"]}]},{"@type":"ImageObject","inLanguage":"da-DK","@id":"https:\/\/redfoxlotto.com\/da\/resultater\/superenalotto\/#primaryimage","url":"https:\/\/content.redfoxlotto.com\/uploads\/sites\/9\/1_results_check_lottery.jpg","contentUrl":"https:\/\/content.redfoxlotto.com\/uploads\/sites\/9\/1_results_check_lottery.jpg"},{"@type":"BreadcrumbList","@id":"https:\/\/redfoxlotto.com\/da\/resultater\/superenalotto\/#breadcrumb","itemListElement":[{"@type":"ListItem","position":1,"name":"Home","item":"https:\/\/redfoxlotto.com\/da\/"},{"@type":"ListItem","position":2,"name":"Internationale lottoresultater","item":"https:\/\/redfoxlotto.com\/da\/resultater\/"},{"@type":"ListItem","position":3,"name":"SuperEnalotto Resultater"}]},{"@type":"WebSite","@id":"https:\/\/redfoxlotto.com\/da\/#website","url":"https:\/\/redfoxlotto.com\/da\/","name":"Get Tickets for the World\u2019s largest jackpots","description":"Participate in worldwide lottery jackpots from any country","publisher":{"@id":"https:\/\/redfoxlotto.com\/da\/#organization"},"potentialAction":[{"@type":"SearchAction","target":{"@type":"EntryPoint","urlTemplate":"https:\/\/redfoxlotto.com\/da\/?s={search_term_string}"},"query-input":{"@type":"PropertyValueSpecification","valueRequired":true,"valueName":"search_term_string"}}],"inLanguage":"da-DK"},{"@type":"Organization","@id":"https:\/\/redfoxlotto.com\/da\/#organization","name":"Get Tickets for the World\u2019s largest jackpots","url":"https:\/\/redfoxlotto.com\/da\/","logo":{"@type":"ImageObject","inLanguage":"da-DK","@id":"https:\/\/redfoxlotto.com\/da\/#\/schema\/logo\/image\/","url":"https:\/\/redfoxlotto.com\/wp-content\/uploads\/2023\/04\/logo.png","contentUrl":"https:\/\/redfoxlotto.com\/wp-content\/uploads\/2023\/04\/logo.png","width":269,"height":53,"caption":"Get Tickets for the World\u2019s largest jackpots"},"image":{"@id":"https:\/\/redfoxlotto.com\/da\/#\/schema\/logo\/image\/"}}]}},"_links":{"self":[{"href":"https:\/\/redfoxlotto.com\/da\/wp-json\/wp\/v2\/pages\/5016","targetHints":{"allow":["GET"]}}],"collection":[{"href":"https:\/\/redfoxlotto.com\/da\/wp-json\/wp\/v2\/pages"}],"about":[{"href":"https:\/\/redfoxlotto.com\/da\/wp-json\/wp\/v2\/types\/page"}],"author":[{"embeddable":true,"href":"https:\/\/redfoxlotto.com\/da\/wp-json\/wp\/v2\/users\/1"}],"replies":[{"embeddable":true,"href":"https:\/\/redfoxlotto.com\/da\/wp-json\/wp\/v2\/comments?post=5016"}],"version-history":[{"count":0,"href":"https:\/\/redfoxlotto.com\/da\/wp-json\/wp\/v2\/pages\/5016\/revisions"}],"up":[{"embeddable":true,"href":"https:\/\/redfoxlotto.com\/da\/wp-json\/wp\/v2\/pages\/5010"}],"wp:attachment":[{"href":"https:\/\/redfoxlotto.com\/da\/wp-json\/wp\/v2\/media?parent=5016"}],"curies":[{"name":"wp","href":"https:\/\/api.w.org\/{rel}","templated":true}]}}