{"id":5010,"date":"2023-04-24T14:13:24","date_gmt":"2023-04-24T14:13:24","guid":{"rendered":"https:\/\/redfoxlotto.com\/?page_id=2483"},"modified":"2025-12-18T08:29:00","modified_gmt":"2025-12-18T08:29:00","slug":"resultater","status":"publish","type":"page","link":"https:\/\/redfoxlotto.com\/da\/resultater\/","title":{"rendered":"Internationale lottoresultater"},"content":{"rendered":"<p><script type=\"application\/ld+json\">\n{\n  \"@context\": \"https:\/\/schema.org\",\n  \"@type\": \"Service\",\n  \"name\": \"Tjek internationale lotteritr\u00e6kninger online\",\n  \"url\": \"https:\/\/redfoxlotto.com\/da\/resultater\/powerball\",\n  \"description\": \"Bes\u00f8g RedFoxLotto for at se de seneste resultater fra verdens st\u00f8rste lotterier.\",\n  \"serviceType\": \"Verdensomsp\u00e6ndende arkiv over lotteriresulter\",<\/p>\n<p>  \"provider\": {\n    \"@type\": \"Organization\",\n    \"name\": \"RedFoxLotto\",\n    \"url\": \"https:\/\/redfoxlotto.com\/da\/\",\n    \"image\": \"https:\/\/redfoxlotto.com\/wp-content\/uploads\/2025\/12\/ticket_scans.jpg\",\n    \"sameAs\": []\n  },<\/p>\n<p>  \"areaServed\": \"Worldwide\",\n  \"termsOfService\": \"https:\/\/redfoxlotto.com\/terms-and-conditions\",<\/p>\n<p>  \"additionalProperty\": {\n    \"@type\": \"PropertyValue\",\n    \"name\": \"Ofte stillede sp\u00f8rgsm\u00e5l\",\n    \"value\": \"https:\/\/redfoxlotto.com\/da\/faq\/\"\n  },<\/p>\n<p>  \"hasOfferCatalog\": {\n    \"@type\": \"OfferCatalog\",\n    \"name\": \"Globale lotteriresulter\",\n    \"itemListElement\": [\n      {\n        \"@type\": \"Offer\",\n        \"name\": \"Powerball-kupon\",\n        \"url\": \"https:\/\/redfoxlotto.com\/da\/resultater\/\",\n        \"description\": \"Find de nyeste og historiske resultater fra verdens st\u00f8rste lotterier her\",\n        \"itemOffered\": {\n          \"@type\": \"Service\",\n          \"name\": \"Internationale lotteriresulter\",\n          \"description\": \"Trukne tal online for de st\u00f8rste lotterier, b\u00e5de nye og \u00e6ldre resultater.\"\n        }\n      }\n    ]\n  },<\/p>\n<p>  \"mainEntityOfPage\": {\n    \"@type\": \"WebPage\",\n    \"@id\": \"https:\/\/redfoxlotto.com\/da\/resultater\/\"\n  }\n}\n<\/script><\/p>\n<p>Uge for uge, udgiver vi de seneste vindertal fra alle <a href=\"https:\/\/redfoxlotto.com\/da\/lotteri\/\">internationale lottospil<\/a>, som du kan k\u00f8be kuponer til her p\u00e5 siden.<\/p>\n<p><!--more--><\/p>\n<p><img loading=\"lazy\" decoding=\"async\" class=\" wp-image alignright\" src=\"https:\/\/content.redfoxlotto.com\/uploads\/sites\/9\/1_winning_lottery_numbers.jpg\" alt=\"vindende numre internationale lotterier\" width=\"258\" height=\"258\" \/><br \/>\nTallene kommer fra de officielle spilleoperat\u00f8rer. De vil blive offentliggjort her, umiddelbart efter udtr\u00e6kningen. P\u00e5 den m\u00e5de kan du hurtigt sammenligne dine tal med vindertallene og se om du har vundet. Du kan ogs\u00e5 se bel\u00f8bene for de gevinster der svarer til de respektive pr\u00e6mier, ved at klikke p\u00e5 navnet p\u00e5 det spillet.<\/p>\n<p>Dette vil ogs\u00e5 fort\u00e6lle dig, om den sidste jackpot blev vundet eller ej. Vi viser dig ogs\u00e5 de tal som er blevet udtrukket de seneste uger.<\/p>\n<p>Selvf\u00f8lgelig, hvis du vil, kan du bruge disse oplysninger om de internationale lottospil til at v\u00e6lge tal til dine n\u00e6ste lottokuponer.<\/p>\n<h2>Hot and cold tal<\/h2>\n<p>En oversigt med &#8220;hot&#8221; (oftest trukket i de seneste uger) og &#8220;cold&#8221; (mindst ofte trukket i de seneste uger) numre p\u00e5 de sidste uger er tilg\u00e6ngelige for dig at se. Mange spillere bruger disse oplysninger til at v\u00e6lge deres vindertal. Dette er en strategi der kun kan f\u00f8re til succes.<\/p>\n<p><img loading=\"lazy\" decoding=\"async\" class=\" wp-image alignright\" src=\"https:\/\/content.redfoxlotto.com\/uploads\/sites\/9\/1_lotto_draw_results.jpg\" alt=\"resultater lotteri\" width=\"278\" height=\"186\" \/><br \/>\nP\u00e5 samme m\u00e5de kan du bruge de vindende tal fra den sidste uge eller de sidste uger til at oprette nye kombinationer til din n\u00e6ste kupon. Et eksempel kunne v\u00e6re at bruge det f\u00f8rste tal af de sidste <a href=\"https:\/\/redfoxlotto.com\/da\/lotteri\/mega-millions\/\">Mega Millions<\/a>-udtr\u00e6kninger, det andet tal fra EuroMillions udtr\u00e6kning, og det tredje tal fra <a href=\"https:\/\/redfoxlotto.com\/da\/lotteri\/eurojackpot\/\">Eurojackpot<\/a> og s\u00e5 videre.<\/p>\n","protected":false},"excerpt":{"rendered":"<p>Uge for uge, udgiver vi de seneste vindertal fra alle internationale lottospil, som du kan k\u00f8be kuponer til her p\u00e5 siden.<\/p>\n","protected":false},"author":1,"featured_media":0,"parent":0,"menu_order":4,"comment_status":"closed","ping_status":"closed","template":"Results.php","meta":{"_et_pb_use_builder":"","_et_pb_old_content":"","_et_gb_content_width":"","exclude_from_search":false,"footnotes":""},"class_list":["post-5010","page","type-page","status-publish","hentry"],"yoast_head":"<!-- This site is optimized with the Yoast SEO plugin v27.4 - https:\/\/yoast.com\/product\/yoast-seo-wordpress\/ -->\n<title>Vindertal og internationale lottoresultater<\/title>\n<meta name=\"description\" content=\"Har du vinderkuponen? Find resultaterne og vindertallene for de internationale lottospil her.\" \/>\n<meta name=\"robots\" content=\"index, follow, max-snippet:-1, max-image-preview:large, max-video-preview:-1\" \/>\n<link rel=\"canonical\" href=\"https:\/\/redfoxlotto.com\/da\/resultater\/\" \/>\n<meta property=\"og:locale\" content=\"da_DK\" \/>\n<meta property=\"og:type\" content=\"article\" \/>\n<meta property=\"og:title\" content=\"Vindertal og internationale lottoresultater\" \/>\n<meta property=\"og:description\" content=\"Har du vinderkuponen? Find resultaterne og vindertallene for de internationale lottospil her.\" \/>\n<meta property=\"og:url\" content=\"https:\/\/redfoxlotto.com\/da\/resultater\/\" \/>\n<meta property=\"og:site_name\" content=\"Get Tickets for the World\u2019s largest jackpots\" \/>\n<meta property=\"article:modified_time\" content=\"2025-12-18T08:29:00+00:00\" \/>\n<meta property=\"og:image\" content=\"https:\/\/content.redfoxlotto.com\/uploads\/sites\/9\/1_winning_lottery_numbers.jpg\" \/>\n<meta name=\"twitter:card\" content=\"summary_large_image\" \/>\n<meta name=\"twitter:label1\" content=\"Estimeret l\u00e6setid\" \/>\n\t<meta name=\"twitter:data1\" content=\"2 minutter\" \/>\n<script type=\"application\/ld+json\" class=\"yoast-schema-graph\">{\"@context\":\"https:\\\/\\\/schema.org\",\"@graph\":[{\"@type\":\"WebPage\",\"@id\":\"https:\\\/\\\/redfoxlotto.com\\\/da\\\/resultater\\\/\",\"url\":\"https:\\\/\\\/redfoxlotto.com\\\/da\\\/resultater\\\/\",\"name\":\"Vindertal og internationale lottoresultater\",\"isPartOf\":{\"@id\":\"https:\\\/\\\/redfoxlotto.com\\\/da\\\/#website\"},\"primaryImageOfPage\":{\"@id\":\"https:\\\/\\\/redfoxlotto.com\\\/da\\\/resultater\\\/#primaryimage\"},\"image\":{\"@id\":\"https:\\\/\\\/redfoxlotto.com\\\/da\\\/resultater\\\/#primaryimage\"},\"thumbnailUrl\":\"https:\\\/\\\/content.redfoxlotto.com\\\/uploads\\\/sites\\\/9\\\/1_winning_lottery_numbers.jpg\",\"datePublished\":\"2023-04-24T14:13:24+00:00\",\"dateModified\":\"2025-12-18T08:29:00+00:00\",\"description\":\"Har du vinderkuponen? Find resultaterne og vindertallene for de internationale lottospil her.\",\"breadcrumb\":{\"@id\":\"https:\\\/\\\/redfoxlotto.com\\\/da\\\/resultater\\\/#breadcrumb\"},\"inLanguage\":\"da-DK\",\"potentialAction\":[{\"@type\":\"ReadAction\",\"target\":[\"https:\\\/\\\/redfoxlotto.com\\\/da\\\/resultater\\\/\"]}]},{\"@type\":\"ImageObject\",\"inLanguage\":\"da-DK\",\"@id\":\"https:\\\/\\\/redfoxlotto.com\\\/da\\\/resultater\\\/#primaryimage\",\"url\":\"https:\\\/\\\/content.redfoxlotto.com\\\/uploads\\\/sites\\\/9\\\/1_winning_lottery_numbers.jpg\",\"contentUrl\":\"https:\\\/\\\/content.redfoxlotto.com\\\/uploads\\\/sites\\\/9\\\/1_winning_lottery_numbers.jpg\"},{\"@type\":\"BreadcrumbList\",\"@id\":\"https:\\\/\\\/redfoxlotto.com\\\/da\\\/resultater\\\/#breadcrumb\",\"itemListElement\":[{\"@type\":\"ListItem\",\"position\":1,\"name\":\"Home\",\"item\":\"https:\\\/\\\/redfoxlotto.com\\\/da\\\/\"},{\"@type\":\"ListItem\",\"position\":2,\"name\":\"Internationale lottoresultater\"}]},{\"@type\":\"WebSite\",\"@id\":\"https:\\\/\\\/redfoxlotto.com\\\/da\\\/#website\",\"url\":\"https:\\\/\\\/redfoxlotto.com\\\/da\\\/\",\"name\":\"Get Tickets for the World\u2019s largest jackpots\",\"description\":\"Participate in worldwide lottery jackpots from any country\",\"publisher\":{\"@id\":\"https:\\\/\\\/redfoxlotto.com\\\/da\\\/#organization\"},\"potentialAction\":[{\"@type\":\"SearchAction\",\"target\":{\"@type\":\"EntryPoint\",\"urlTemplate\":\"https:\\\/\\\/redfoxlotto.com\\\/da\\\/?s={search_term_string}\"},\"query-input\":{\"@type\":\"PropertyValueSpecification\",\"valueRequired\":true,\"valueName\":\"search_term_string\"}}],\"inLanguage\":\"da-DK\"},{\"@type\":\"Organization\",\"@id\":\"https:\\\/\\\/redfoxlotto.com\\\/da\\\/#organization\",\"name\":\"Get Tickets for the World\u2019s largest jackpots\",\"url\":\"https:\\\/\\\/redfoxlotto.com\\\/da\\\/\",\"logo\":{\"@type\":\"ImageObject\",\"inLanguage\":\"da-DK\",\"@id\":\"https:\\\/\\\/redfoxlotto.com\\\/da\\\/#\\\/schema\\\/logo\\\/image\\\/\",\"url\":\"https:\\\/\\\/redfoxlotto.com\\\/wp-content\\\/uploads\\\/2023\\\/04\\\/logo.png\",\"contentUrl\":\"https:\\\/\\\/redfoxlotto.com\\\/wp-content\\\/uploads\\\/2023\\\/04\\\/logo.png\",\"width\":269,\"height\":53,\"caption\":\"Get Tickets for the World\u2019s largest jackpots\"},\"image\":{\"@id\":\"https:\\\/\\\/redfoxlotto.com\\\/da\\\/#\\\/schema\\\/logo\\\/image\\\/\"}}]}<\/script>\n<!-- \/ Yoast SEO plugin. -->","yoast_head_json":{"title":"Vindertal og internationale lottoresultater","description":"Har du vinderkuponen? Find resultaterne og vindertallene for de internationale lottospil her.","robots":{"index":"index","follow":"follow","max-snippet":"max-snippet:-1","max-image-preview":"max-image-preview:large","max-video-preview":"max-video-preview:-1"},"canonical":"https:\/\/redfoxlotto.com\/da\/resultater\/","og_locale":"da_DK","og_type":"article","og_title":"Vindertal og internationale lottoresultater","og_description":"Har du vinderkuponen? Find resultaterne og vindertallene for de internationale lottospil her.","og_url":"https:\/\/redfoxlotto.com\/da\/resultater\/","og_site_name":"Get Tickets for the World\u2019s largest jackpots","article_modified_time":"2025-12-18T08:29:00+00:00","og_image":[{"url":"https:\/\/content.redfoxlotto.com\/uploads\/sites\/9\/1_winning_lottery_numbers.jpg","type":"","width":"","height":""}],"twitter_card":"summary_large_image","twitter_misc":{"Estimeret l\u00e6setid":"2 minutter"},"schema":{"@context":"https:\/\/schema.org","@graph":[{"@type":"WebPage","@id":"https:\/\/redfoxlotto.com\/da\/resultater\/","url":"https:\/\/redfoxlotto.com\/da\/resultater\/","name":"Vindertal og internationale lottoresultater","isPartOf":{"@id":"https:\/\/redfoxlotto.com\/da\/#website"},"primaryImageOfPage":{"@id":"https:\/\/redfoxlotto.com\/da\/resultater\/#primaryimage"},"image":{"@id":"https:\/\/redfoxlotto.com\/da\/resultater\/#primaryimage"},"thumbnailUrl":"https:\/\/content.redfoxlotto.com\/uploads\/sites\/9\/1_winning_lottery_numbers.jpg","datePublished":"2023-04-24T14:13:24+00:00","dateModified":"2025-12-18T08:29:00+00:00","description":"Har du vinderkuponen? Find resultaterne og vindertallene for de internationale lottospil her.","breadcrumb":{"@id":"https:\/\/redfoxlotto.com\/da\/resultater\/#breadcrumb"},"inLanguage":"da-DK","potentialAction":[{"@type":"ReadAction","target":["https:\/\/redfoxlotto.com\/da\/resultater\/"]}]},{"@type":"ImageObject","inLanguage":"da-DK","@id":"https:\/\/redfoxlotto.com\/da\/resultater\/#primaryimage","url":"https:\/\/content.redfoxlotto.com\/uploads\/sites\/9\/1_winning_lottery_numbers.jpg","contentUrl":"https:\/\/content.redfoxlotto.com\/uploads\/sites\/9\/1_winning_lottery_numbers.jpg"},{"@type":"BreadcrumbList","@id":"https:\/\/redfoxlotto.com\/da\/resultater\/#breadcrumb","itemListElement":[{"@type":"ListItem","position":1,"name":"Home","item":"https:\/\/redfoxlotto.com\/da\/"},{"@type":"ListItem","position":2,"name":"Internationale lottoresultater"}]},{"@type":"WebSite","@id":"https:\/\/redfoxlotto.com\/da\/#website","url":"https:\/\/redfoxlotto.com\/da\/","name":"Get Tickets for the World\u2019s largest jackpots","description":"Participate in worldwide lottery jackpots from any country","publisher":{"@id":"https:\/\/redfoxlotto.com\/da\/#organization"},"potentialAction":[{"@type":"SearchAction","target":{"@type":"EntryPoint","urlTemplate":"https:\/\/redfoxlotto.com\/da\/?s={search_term_string}"},"query-input":{"@type":"PropertyValueSpecification","valueRequired":true,"valueName":"search_term_string"}}],"inLanguage":"da-DK"},{"@type":"Organization","@id":"https:\/\/redfoxlotto.com\/da\/#organization","name":"Get Tickets for the World\u2019s largest jackpots","url":"https:\/\/redfoxlotto.com\/da\/","logo":{"@type":"ImageObject","inLanguage":"da-DK","@id":"https:\/\/redfoxlotto.com\/da\/#\/schema\/logo\/image\/","url":"https:\/\/redfoxlotto.com\/wp-content\/uploads\/2023\/04\/logo.png","contentUrl":"https:\/\/redfoxlotto.com\/wp-content\/uploads\/2023\/04\/logo.png","width":269,"height":53,"caption":"Get Tickets for the World\u2019s largest jackpots"},"image":{"@id":"https:\/\/redfoxlotto.com\/da\/#\/schema\/logo\/image\/"}}]}},"_links":{"self":[{"href":"https:\/\/redfoxlotto.com\/da\/wp-json\/wp\/v2\/pages\/5010","targetHints":{"allow":["GET"]}}],"collection":[{"href":"https:\/\/redfoxlotto.com\/da\/wp-json\/wp\/v2\/pages"}],"about":[{"href":"https:\/\/redfoxlotto.com\/da\/wp-json\/wp\/v2\/types\/page"}],"author":[{"embeddable":true,"href":"https:\/\/redfoxlotto.com\/da\/wp-json\/wp\/v2\/users\/1"}],"replies":[{"embeddable":true,"href":"https:\/\/redfoxlotto.com\/da\/wp-json\/wp\/v2\/comments?post=5010"}],"version-history":[{"count":0,"href":"https:\/\/redfoxlotto.com\/da\/wp-json\/wp\/v2\/pages\/5010\/revisions"}],"wp:attachment":[{"href":"https:\/\/redfoxlotto.com\/da\/wp-json\/wp\/v2\/media?parent=5010"}],"curies":[{"name":"wp","href":"https:\/\/api.w.org\/{rel}","templated":true}]}}