{"id":5008,"date":"2018-11-18T08:54:25","date_gmt":"2018-11-18T08:54:25","guid":{"rendered":"https:\/\/redfoxlotto.com\/?page_id=2479"},"modified":"2019-11-14T03:15:24","modified_gmt":"2019-11-14T03:15:24","slug":"superenalotto","status":"publish","type":"page","link":"https:\/\/redfoxlotto.com\/da\/lotteri\/superenalotto\/","title":{"rendered":"Om SuperEnalotto"},"content":{"rendered":"<p>Dette lottospil fra Italien blev i 50\u2019 erne introduceret som &#8220;EnaLotto&#8221; og senere omd\u00f8bt Superenalotto. Det h\u00f8jeste bel\u00f8b som er opn\u00e5et er \u20ac177.729.043,16.<\/p><!--more--><p>Dette lottospil har tre udtr\u00e6kninger per uge &#8211; hver tirsdag, torsdag og l\u00f8rdag.<\/p><h2 class=\"wp-block-heading\">S\u00e5dan k\u00f8ber du din Superenalotto-billet online<\/h2><div class=\"wp-block-image\"><figure class=\"alignright is-resized\"><img loading=\"lazy\" decoding=\"async\" src=\"https:\/\/content.redfoxlotto.com\/uploads\/sites\/9\/2_ticket_superenalotto4.jpg\" alt=\"Superenalotto spil online\" width=\"197\" height=\"280\" \/><\/figure><\/div><p>Processen med at k\u00f8be din Superenalotto-billet online er meget enkel. Vores hjemmeside vil guide dig gennem k\u00f8b af billetten og betalingen.<\/p><p>N\u00e5r du er klar til at k\u00f8be din billet online, kan du g\u00f8re det p\u00e5 to forskellige m\u00e5der:<\/p><ul class=\"wp-block-list\"><li>Start med at registrere en konto p\u00e5 RedFoxLotto (glem ikke at klikke p\u00e5 linket i bekr\u00e6ftelses-e-mailen, vi sender dig!), Og inds\u00e6t derefter nogle penge p\u00e5 din konto f\u00f8rst. Nu hvor du har penge p\u00e5 din konto, kan du v\u00e6lge et lotteri, v\u00e6lge dine numre og betale med din kontosaldo. Denne metode er ideel, hvis du vil k\u00f8be nogle billetter online i dag og vende tilbage til at k\u00f8be flere billetter senere.<\/li><\/ul><p>Eller:<\/p><ul class=\"wp-block-list\"><li>V\u00e6lg f\u00f8rst et lotteri, og v\u00e6lg derefter dine numre. Tilf\u00f8j flere lotterier og flere billetter, hvis du vil. Klik derefter p\u00e5 knappen &#8220;betal nu&#8221;. Derefter vil du se login-sk\u00e6rmen. Da du ikke har en konto endnu, bliver du n\u00f8dt til at oprette en ved at klikke p\u00e5 knappen &#8220;Tilmeld&#8221;. N\u00e5r du har registreret og verificeret din nye konto, skal du kigge efter indk\u00f8bskurvssymbolet og klikke p\u00e5 den. Derefter betaler du online ved hj\u00e6lp af en hvilken som helst metode, der er praktisk for dig.<\/li><\/ul><p>S\u00f8rg for at udf\u00f8re alle n\u00f8dvendige trin til betalingen. N\u00e5r du har k\u00f8bt dine billetter, f\u00e5r du en bekr\u00e6ftelses-e-mail. Derefter skal du bare vente p\u00e5 lodtr\u00e6kningen for at se, om du har vundet!<\/p><p>Indtil Eurojackpot blev introduceret, var <a href=\"https:\/\/redfoxlotto.com\/da\/lotteri\/superenalotto\/\">Superenalotto<\/a> dronning af europ\u00e6iske lotterier. I dag spilles det ikke kun i Italien, <strong>men ogs\u00e5 online af spillere fra andre lande.<\/strong><\/p><h2 class=\"wp-block-heading\">Reglerne i SuperEnalotto<\/h2><div class=\"wp-block-image\"><figure class=\"alignright is-resized\"><img loading=\"lazy\" decoding=\"async\" src=\"https:\/\/content.redfoxlotto.com\/uploads\/sites\/9\/1_buy_ticket_jackpot.jpg\" alt=\"vind Superenalotto\" width=\"183\" height=\"122\" \/><\/figure><\/div><p><br>Superenalotto er et 6 ud af 90 spil, uden yderligere numre. Ved at ramme de 6 rigtige numre vinder du jackpotten. Hvis du har mindst 3 numre korrekt, er du kvalificeret til en af de mindre pr\u00e6mier.<\/p>","protected":false},"excerpt":{"rendered":"<p>Dette lottospil fra Italien blev i 50\u2019 erne introduceret som &#8220;EnaLotto&#8221; og senere omd\u00f8bt Superenalotto. Det h\u00f8jeste bel\u00f8b som er opn\u00e5et er \u20ac177.729.043,16.<\/p>\n","protected":false},"author":1,"featured_media":0,"parent":5002,"menu_order":5,"comment_status":"closed","ping_status":"closed","template":"superenalotto-info.php","meta":{"_et_pb_use_builder":"","_et_pb_old_content":"","_et_gb_content_width":"","exclude_from_search":false,"footnotes":""},"class_list":["post-5008","page","type-page","status-publish","hentry"],"yoast_head":"<!-- This site is optimized with the Yoast SEO plugin v23.8 - https:\/\/yoast.com\/wordpress\/plugins\/seo\/ -->\n<title>K\u00f8b kuponer til Superenalotto online<\/title>\n<meta name=\"description\" content=\"Selv hvis du ikke bor i Italien, kan lottokuponer til Superenalotto k\u00f8bes online nu!\" \/>\n<meta name=\"robots\" content=\"index, follow, max-snippet:-1, max-image-preview:large, max-video-preview:-1\" \/>\n<link rel=\"canonical\" href=\"https:\/\/redfoxlotto.com\/da\/lotteri\/superenalotto\/\" \/>\n<meta property=\"og:locale\" content=\"da_DK\" \/>\n<meta property=\"og:type\" content=\"article\" \/>\n<meta property=\"og:title\" content=\"K\u00f8b kuponer til Superenalotto online\" \/>\n<meta property=\"og:description\" content=\"Selv hvis du ikke bor i Italien, kan lottokuponer til Superenalotto k\u00f8bes online nu!\" \/>\n<meta property=\"og:url\" content=\"https:\/\/redfoxlotto.com\/da\/lotteri\/superenalotto\/\" \/>\n<meta property=\"og:site_name\" content=\"Get Tickets for the World\u2019s largest jackpots\" \/>\n<meta property=\"article:modified_time\" content=\"2019-11-14T03:15:24+00:00\" \/>\n<meta property=\"og:image\" content=\"https:\/\/content.redfoxlotto.com\/uploads\/sites\/9\/2_ticket_superenalotto4.jpg\" \/>\n<meta name=\"twitter:card\" content=\"summary_large_image\" \/>\n<meta name=\"twitter:label1\" content=\"Estimeret l\u00e6setid\" \/>\n\t<meta name=\"twitter:data1\" content=\"2 minutter\" \/>\n<script type=\"application\/ld+json\" class=\"yoast-schema-graph\">{\"@context\":\"https:\/\/schema.org\",\"@graph\":[{\"@type\":\"WebPage\",\"@id\":\"https:\/\/redfoxlotto.com\/da\/lotteri\/superenalotto\/\",\"url\":\"https:\/\/redfoxlotto.com\/da\/lotteri\/superenalotto\/\",\"name\":\"K\u00f8b kuponer til Superenalotto online\",\"isPartOf\":{\"@id\":\"https:\/\/redfoxlotto.com\/da\/#website\"},\"primaryImageOfPage\":{\"@id\":\"https:\/\/redfoxlotto.com\/da\/lotteri\/superenalotto\/#primaryimage\"},\"image\":{\"@id\":\"https:\/\/redfoxlotto.com\/da\/lotteri\/superenalotto\/#primaryimage\"},\"thumbnailUrl\":\"https:\/\/content.redfoxlotto.com\/uploads\/sites\/9\/2_ticket_superenalotto4.jpg\",\"datePublished\":\"2018-11-18T08:54:25+00:00\",\"dateModified\":\"2019-11-14T03:15:24+00:00\",\"description\":\"Selv hvis du ikke bor i Italien, kan lottokuponer til Superenalotto k\u00f8bes online nu!\",\"breadcrumb\":{\"@id\":\"https:\/\/redfoxlotto.com\/da\/lotteri\/superenalotto\/#breadcrumb\"},\"inLanguage\":\"da-DK\",\"potentialAction\":[{\"@type\":\"ReadAction\",\"target\":[\"https:\/\/redfoxlotto.com\/da\/lotteri\/superenalotto\/\"]}]},{\"@type\":\"ImageObject\",\"inLanguage\":\"da-DK\",\"@id\":\"https:\/\/redfoxlotto.com\/da\/lotteri\/superenalotto\/#primaryimage\",\"url\":\"https:\/\/content.redfoxlotto.com\/uploads\/sites\/9\/2_ticket_superenalotto4.jpg\",\"contentUrl\":\"https:\/\/content.redfoxlotto.com\/uploads\/sites\/9\/2_ticket_superenalotto4.jpg\"},{\"@type\":\"BreadcrumbList\",\"@id\":\"https:\/\/redfoxlotto.com\/da\/lotteri\/superenalotto\/#breadcrumb\",\"itemListElement\":[{\"@type\":\"ListItem\",\"position\":1,\"name\":\"Home\",\"item\":\"https:\/\/redfoxlotto.com\/da\/\"},{\"@type\":\"ListItem\",\"position\":2,\"name\":\"S\u00e5dan k\u00f8ber du online lottokuponer \u2013 k\u00f8bsprocessen\",\"item\":\"https:\/\/redfoxlotto.com\/da\/lotteri\/\"},{\"@type\":\"ListItem\",\"position\":3,\"name\":\"Om SuperEnalotto\"}]},{\"@type\":\"WebSite\",\"@id\":\"https:\/\/redfoxlotto.com\/da\/#website\",\"url\":\"https:\/\/redfoxlotto.com\/da\/\",\"name\":\"Get Tickets for the World\u2019s largest jackpots\",\"description\":\"Participate in worldwide lottery jackpots from any country\",\"publisher\":{\"@id\":\"https:\/\/redfoxlotto.com\/da\/#organization\"},\"potentialAction\":[{\"@type\":\"SearchAction\",\"target\":{\"@type\":\"EntryPoint\",\"urlTemplate\":\"https:\/\/redfoxlotto.com\/da\/?s={search_term_string}\"},\"query-input\":{\"@type\":\"PropertyValueSpecification\",\"valueRequired\":true,\"valueName\":\"search_term_string\"}}],\"inLanguage\":\"da-DK\"},{\"@type\":\"Organization\",\"@id\":\"https:\/\/redfoxlotto.com\/da\/#organization\",\"name\":\"Get Tickets for the World\u2019s largest jackpots\",\"url\":\"https:\/\/redfoxlotto.com\/da\/\",\"logo\":{\"@type\":\"ImageObject\",\"inLanguage\":\"da-DK\",\"@id\":\"https:\/\/redfoxlotto.com\/da\/#\/schema\/logo\/image\/\",\"url\":\"https:\/\/redfoxlotto.com\/wp-content\/uploads\/2023\/04\/logo.png\",\"contentUrl\":\"https:\/\/redfoxlotto.com\/wp-content\/uploads\/2023\/04\/logo.png\",\"width\":269,\"height\":53,\"caption\":\"Get Tickets for the World\u2019s largest jackpots\"},\"image\":{\"@id\":\"https:\/\/redfoxlotto.com\/da\/#\/schema\/logo\/image\/\"}}]}<\/script>\n<!-- \/ Yoast SEO plugin. -->","yoast_head_json":{"title":"K\u00f8b kuponer til Superenalotto online","description":"Selv hvis du ikke bor i Italien, kan lottokuponer til Superenalotto k\u00f8bes online nu!","robots":{"index":"index","follow":"follow","max-snippet":"max-snippet:-1","max-image-preview":"max-image-preview:large","max-video-preview":"max-video-preview:-1"},"canonical":"https:\/\/redfoxlotto.com\/da\/lotteri\/superenalotto\/","og_locale":"da_DK","og_type":"article","og_title":"K\u00f8b kuponer til Superenalotto online","og_description":"Selv hvis du ikke bor i Italien, kan lottokuponer til Superenalotto k\u00f8bes online nu!","og_url":"https:\/\/redfoxlotto.com\/da\/lotteri\/superenalotto\/","og_site_name":"Get Tickets for the World\u2019s largest jackpots","article_modified_time":"2019-11-14T03:15:24+00:00","og_image":[{"url":"https:\/\/content.redfoxlotto.com\/uploads\/sites\/9\/2_ticket_superenalotto4.jpg"}],"twitter_card":"summary_large_image","twitter_misc":{"Estimeret l\u00e6setid":"2 minutter"},"schema":{"@context":"https:\/\/schema.org","@graph":[{"@type":"WebPage","@id":"https:\/\/redfoxlotto.com\/da\/lotteri\/superenalotto\/","url":"https:\/\/redfoxlotto.com\/da\/lotteri\/superenalotto\/","name":"K\u00f8b kuponer til Superenalotto online","isPartOf":{"@id":"https:\/\/redfoxlotto.com\/da\/#website"},"primaryImageOfPage":{"@id":"https:\/\/redfoxlotto.com\/da\/lotteri\/superenalotto\/#primaryimage"},"image":{"@id":"https:\/\/redfoxlotto.com\/da\/lotteri\/superenalotto\/#primaryimage"},"thumbnailUrl":"https:\/\/content.redfoxlotto.com\/uploads\/sites\/9\/2_ticket_superenalotto4.jpg","datePublished":"2018-11-18T08:54:25+00:00","dateModified":"2019-11-14T03:15:24+00:00","description":"Selv hvis du ikke bor i Italien, kan lottokuponer til Superenalotto k\u00f8bes online nu!","breadcrumb":{"@id":"https:\/\/redfoxlotto.com\/da\/lotteri\/superenalotto\/#breadcrumb"},"inLanguage":"da-DK","potentialAction":[{"@type":"ReadAction","target":["https:\/\/redfoxlotto.com\/da\/lotteri\/superenalotto\/"]}]},{"@type":"ImageObject","inLanguage":"da-DK","@id":"https:\/\/redfoxlotto.com\/da\/lotteri\/superenalotto\/#primaryimage","url":"https:\/\/content.redfoxlotto.com\/uploads\/sites\/9\/2_ticket_superenalotto4.jpg","contentUrl":"https:\/\/content.redfoxlotto.com\/uploads\/sites\/9\/2_ticket_superenalotto4.jpg"},{"@type":"BreadcrumbList","@id":"https:\/\/redfoxlotto.com\/da\/lotteri\/superenalotto\/#breadcrumb","itemListElement":[{"@type":"ListItem","position":1,"name":"Home","item":"https:\/\/redfoxlotto.com\/da\/"},{"@type":"ListItem","position":2,"name":"S\u00e5dan k\u00f8ber du online lottokuponer \u2013 k\u00f8bsprocessen","item":"https:\/\/redfoxlotto.com\/da\/lotteri\/"},{"@type":"ListItem","position":3,"name":"Om SuperEnalotto"}]},{"@type":"WebSite","@id":"https:\/\/redfoxlotto.com\/da\/#website","url":"https:\/\/redfoxlotto.com\/da\/","name":"Get Tickets for the World\u2019s largest jackpots","description":"Participate in worldwide lottery jackpots from any country","publisher":{"@id":"https:\/\/redfoxlotto.com\/da\/#organization"},"potentialAction":[{"@type":"SearchAction","target":{"@type":"EntryPoint","urlTemplate":"https:\/\/redfoxlotto.com\/da\/?s={search_term_string}"},"query-input":{"@type":"PropertyValueSpecification","valueRequired":true,"valueName":"search_term_string"}}],"inLanguage":"da-DK"},{"@type":"Organization","@id":"https:\/\/redfoxlotto.com\/da\/#organization","name":"Get Tickets for the World\u2019s largest jackpots","url":"https:\/\/redfoxlotto.com\/da\/","logo":{"@type":"ImageObject","inLanguage":"da-DK","@id":"https:\/\/redfoxlotto.com\/da\/#\/schema\/logo\/image\/","url":"https:\/\/redfoxlotto.com\/wp-content\/uploads\/2023\/04\/logo.png","contentUrl":"https:\/\/redfoxlotto.com\/wp-content\/uploads\/2023\/04\/logo.png","width":269,"height":53,"caption":"Get Tickets for the World\u2019s largest jackpots"},"image":{"@id":"https:\/\/redfoxlotto.com\/da\/#\/schema\/logo\/image\/"}}]}},"_links":{"self":[{"href":"https:\/\/redfoxlotto.com\/da\/wp-json\/wp\/v2\/pages\/5008","targetHints":{"allow":["GET"]}}],"collection":[{"href":"https:\/\/redfoxlotto.com\/da\/wp-json\/wp\/v2\/pages"}],"about":[{"href":"https:\/\/redfoxlotto.com\/da\/wp-json\/wp\/v2\/types\/page"}],"author":[{"embeddable":true,"href":"https:\/\/redfoxlotto.com\/da\/wp-json\/wp\/v2\/users\/1"}],"replies":[{"embeddable":true,"href":"https:\/\/redfoxlotto.com\/da\/wp-json\/wp\/v2\/comments?post=5008"}],"version-history":[{"count":0,"href":"https:\/\/redfoxlotto.com\/da\/wp-json\/wp\/v2\/pages\/5008\/revisions"}],"up":[{"embeddable":true,"href":"https:\/\/redfoxlotto.com\/da\/wp-json\/wp\/v2\/pages\/5002"}],"wp:attachment":[{"href":"https:\/\/redfoxlotto.com\/da\/wp-json\/wp\/v2\/media?parent=5008"}],"curies":[{"name":"wp","href":"https:\/\/api.w.org\/{rel}","templated":true}]}}