{"id":5007,"date":"2018-11-18T08:54:25","date_gmt":"2018-11-18T08:54:25","guid":{"rendered":"https:\/\/redfoxlotto.com\/?page_id=2477"},"modified":"2025-12-18T10:47:05","modified_gmt":"2025-12-18T10:47:05","slug":"powerball","status":"publish","type":"page","link":"https:\/\/redfoxlotto.com\/da\/lotteri\/powerball\/","title":{"rendered":"Om Powerball"},"content":{"rendered":"<p><script type=\"application\/ld+json\">\n{\n  \"@context\": \"https:\/\/schema.org\",\n  \"@type\": \"Service\",\n  \"name\": \"Spil Powerball online\",\n  \"url\": \"https:\/\/redfoxlotto.com\/da\/lotteries\/powerball\",\n  \"description\": \"K\u00f8b officielle Powerball-lotteribilletter online fra enhver nation. Bes\u00f8g RedFoxLotto, v\u00e6lg dine tal og deltag i n\u00e6ste tr\u00e6kning.\",\n  \"serviceType\": \"Online lotteribilletleveringstjeneste\",<\/p>\n<p>  \"provider\": {\n    \"@type\": \"Organization\",\n    \"name\": \"RedFoxLotto\",\n    \"url\": \"https:\/\/redfoxlotto.com\/da\/\",\n    \"image\": \"https:\/\/redfoxlotto.com\/wp-content\/uploads\/2025\/12\/ticket_scans.jpg\",\n    \"sameAs\": []\n  },<\/p>\n<p>  \"areaServed\": \"Worldwide\",\n  \"termsOfService\": \"https:\/\/redfoxlotto.com\/terms-and-conditions\",<\/p>\n<p>  \"additionalProperty\": {\n    \"@type\": \"PropertyValue\",\n    \"name\": \"FAQ\",\n    \"value\": \"https:\/\/redfoxlotto.com\/da\/faq\/\"\n  },<\/p>\n<p>  \"hasOfferCatalog\": {\n    \"@type\": \"OfferCatalog\",\n    \"name\": \"Powerball lotteribilletter\",\n    \"itemListElement\": [\n      {\n        \"@type\": \"Offer\",\n        \"name\": \"Powerball billetter\",\n        \"url\": \"https:\/\/redfoxlotto.com\/da\/lotteries\/powerball\",\n        \"description\": \"K\u00f8b rigtige billetter online til n\u00e6ste Powerball-tr\u00e6kning hos RedFoxLotto.\",\n        \"price\": \"5.90\",\n        \"priceCurrency\": \"\u20ac\",\n        \"availability\": \"https:\/\/schema.org\/InStock\",<\/p>\n<p>        \"itemOffered\": {\n          \"@type\": \"Service\",\n          \"name\": \"Powerball lotteribilletter\",\n          \"description\": \"Deltag i n\u00e6ste Powerball-tr\u00e6kning \u2013 k\u00f8b dine billetter online via RedFoxLotto.\"\n        }\n      }\n    ]\n  },<\/p>\n<p>  \"mainEntityOfPage\": {\n    \"@type\": \"WebPage\",\n    \"@id\": \"https:\/\/redfoxlotto.com\/da\/lotteries\/powerball\"\n  }\n}\n<\/script><\/p>\n<p>Powerball er nok det mest kendte lotteri i verden, og det er der nogle rigtig gode grunde til.<\/p>\n<p>Millioner af spillere fra hele verden spiller med. Og ikke kun i USA, men ogs\u00e5 online fra andre lande som Danmark, hvor man kan v\u00e6lge at k\u00f8be Powerball-lodder online.<\/p>\n<p>Tr\u00e6kningerne finder sted hver l\u00f8rdag og onsdag, hvilket betyder, at du har dobbelt s\u00e5 mange muligheder for at v\u00e6re med og k\u00f8be en kupon. Hvad der er virkelig sp\u00e6ndende er, at den st\u00f8rste jackpot, der nogensinde er opn\u00e5et i Powerball, var $ 1.586.400.000!<\/p>\n<h2>Powerball Lotto i hele verden<\/h2>\n<p>Ved hj\u00e6lp af vores hjemmeside kan du nu blive Powerball-multimillion\u00e6r. Vi giver dig mulighed for at k\u00f8be Powerball-lodder online. Og det eneste, du skal g\u00f8re, er at se p\u00e5, hvad vores system indeb\u00e6rer. Du vil se, at du kan komme fra at tjekke vores hjemmeside ud til at have din f\u00f8rste kupon st\u00e5ende p\u00e5 din konto i l\u00f8bet af f\u00e5 enkle trin. S\u00e5 lad os se n\u00e6rmere p\u00e5, hvad du skal g\u00f8re.<\/p>\n<h2>S\u00e5dan k\u00f8ber du din Powerball-lodseddel online fra Danmark<\/h2>\n<p>Det f\u00f8rste skridt er ganske enkelt at tjekke de forskellige lotterispil, som vi har til r\u00e5dighed. Heldigvis for dig er der en r\u00e6kke gode kuponer og spil til r\u00e5dighed, fordi vi gerne vil sikre os, at du kan v\u00e6re med i alle de st\u00f8rste jackpots. S\u00e5 alle de st\u00f8rste spil i verden er tilg\u00e6ngelige fra Danmark, via vores hjemmeside. Du skal bare tage et kig p\u00e5 de tilg\u00e6ngelige spil og derefter beslutte, hvilket du vil spille.<img decoding=\"async\" class=\"wp-image alignright\" src=\"https:\/\/redfoxlotto.com\/wp-content\/uploads\/sites\/9\/ticket_powerball3.jpg\" alt=\"powerball lotteri\" \/><\/p>\n<p>N\u00e5r du har besluttet dig for et spil (i dette tilf\u00e6lde Powerball), skal du bare klikke p\u00e5 linket og g\u00e5 ind p\u00e5 siden. Du f\u00e5r flere oplysninger om spillet, og du f\u00e5r oplysninger om, hvordan du f\u00e5r din egen kupon. Det eneste, det kr\u00e6ver, er, at du v\u00e6lger de tal, du vil have. Du kan selvf\u00f8lgelig ogs\u00e5 v\u00e6lge et quick pick, hvis du ikke ved, hvilke tal du vil have.<\/p>\n<p>N\u00e5r du begynder at v\u00e6lge dine numre p\u00e5 vores hjemmeside, fort\u00e6ller vi dig pr\u00e6cis, hvor mange du har brug for, og vi s\u00f8rger for, at du ikke har for mange eller for f\u00e5 til at f\u00e5 en gyldig billet. Du har ogs\u00e5 mulighed for at v\u00e6lge en kombination af tilf\u00e6ldigt valgte og personligt valgte numre, som du vil. Du kan ogs\u00e5 v\u00e6lge flere billetter til spillet.<\/p>\n<p>Derfra kan du tilf\u00f8je billetterne til din indk\u00f8bskurv, og s\u00e5 kan du v\u00e6lge yderligere billetter fra Powerball eller fra andre spil, som du vil spille. Derefter skal du bare oprette din egen konto. N\u00e5r du g\u00f8r det, vil vi bede dig om nogle personlige oplysninger, der vil g\u00f8re dig mere sikker, n\u00e5r du vil k\u00f8be billetter, og n\u00e5r du vil have penge ud af din konto. Du vil ogs\u00e5 kunne oprette alle de konti, du \u00f8nsker.<\/p>\n<h2>Reglerne for Powerball-lodder online<\/h2>\n<p>N\u00e5r du skal oprette din Powerball-lodseddel, vil du gerne vide alt om de regler, du skal f\u00f8lge, og hvordan du v\u00e6lger din lodseddel. S\u00e5 hvad skal du g\u00f8re?<\/p>\n<p>Du skal v\u00e6lge 5 numre mellem 1 og 69, plus et Powerball-nummer fra 1 til 26. Alle seks tal skal matches p\u00e5 din kupon. S\u00e5 har du vundet jackpotten. Hvis du kun har de f\u00f8rste 5 tal korrekt, s\u00e5 vinder din kupon andenpr\u00e6mien. Det g\u00f8r dig stadig 1 million dollars rigere. Powerball jackpotgevinster kan udbetales som en engangsbetaling, eller i 30 \u00e5rlige rater.<\/p>\n<h2>K\u00f8b en Powerball-lodseddel online og vind!<\/h2>\n<p>S\u00e5 hvad sker der, hvis du rent faktisk vinder Powerball-jackpotten? Det bliver rigtig sjovt, og du bliver helt sikkert superglad. Men du bliver ogs\u00e5 n\u00f8dt til at planl\u00e6gge en rejse til USA, for de elsker at g\u00f8re et stort nummer ud af de mennesker, der vinder.<\/p>\n<p>Det betyder, at de vil tage billeder, overr\u00e6kke dig en stor check og meget mere, og vi s\u00f8rger for, at du er forberedt p\u00e5 det med den billet og de oplysninger, du skal bruge for at g\u00f8re krav p\u00e5 din pr\u00e6mie.<\/p>\n<p>Hvis du vinder en pr\u00e6mie p\u00e5 et lavere niveau, kan vi s\u00e6tte pengene direkte ind p\u00e5 din konto, s\u00e5 du kan h\u00e6ve dem, eller du kan bruge dem til at k\u00f8be flere billetter. For dem, der vinder st\u00f8rre pr\u00e6mier, men ikke jackpotten, vil du kunne f\u00e5 en direkte overf\u00f8rsel til din konto, og vi vil kontakte dig for at fort\u00e6lle dig, hvad du skal g\u00f8re, og hvordan du kan indstille alt dette. Men hvordan vil du vide det?<br \/>\n<img decoding=\"async\" class=\"size-full wp-image alignright\" src=\"https:\/\/content.redfoxlotto.com\/uploads\/sites\/9\/1_buy_lottery_online.jpg\" alt=\"k\u00f8b billetter online\" \/><br \/>\nHvis du bliver ved med at tjekke din konto, vil du kunne se opdateringer p\u00e5 din billet, og du vil se alle numre, der matcher. Du vil ogs\u00e5 f\u00e5 pengene for mindre bel\u00f8b overf\u00f8rt til din konto med det samme. Ethvert bel\u00f8b, som du vinder, vil dog dukke op i din e-mail. Det betyder, at du bare kan tjekke din e-mail og se, at du har vundet, s\u00e5 du kan g\u00e5 over til din konto med det samme.<\/p>\n<h2>At spille nye spil<\/h2>\n<p>Hvis du er klar til at begynde at spille, og du vil k\u00f8be Powerball-billetter online, vil du helt sikkert ogs\u00e5 gerne tjekke nogle af de andre muligheder, vi har. Faktisk har vi de hotteste lotterispil, der foreg\u00e5r overalt i verden, og alt, hvad du skal g\u00f8re, er at beslutte, hvilket der bliver din favorit, og hvilket du vil pr\u00f8ve som det n\u00e6ste.<\/p>\n<p>S\u00e5 tag et hurtigt kig p\u00e5, hvad der er tilg\u00e6ngeligt, og hvordan du kan hente alle de billetter, du \u00f8nsker. Og s\u00f8rg for, at du ogs\u00e5 ser p\u00e5 alle de oplysninger, du kan finde om hvert af spillene, hvorn\u00e5r de tr\u00e6kkes, hvor meget du kan vinde og meget mere.<\/p>\n<p>Vil du spille og k\u00f8be Powerball-lodder online? Kom i gang lige nu, lige her.<\/p>\n","protected":false},"excerpt":{"rendered":"<p>Powerball er nok det mest kendte lotteri i verden, og det er der nogle rigtig gode grunde til. Millioner af spillere fra hele verden spiller med. Og ikke kun i USA, men ogs\u00e5 online fra andre lande som Danmark, hvor man kan v\u00e6lge at k\u00f8be Powerball-lodder online. Tr\u00e6kningerne finder sted hver l\u00f8rdag og onsdag, hvilket [&hellip;]<\/p>\n","protected":false},"author":1,"featured_media":0,"parent":5002,"menu_order":1,"comment_status":"closed","ping_status":"closed","template":"powerball-usa-info.php","meta":{"_et_pb_use_builder":"","_et_pb_old_content":"","_et_gb_content_width":"","exclude_from_search":false,"footnotes":""},"class_list":["post-5007","page","type-page","status-publish","hentry"],"yoast_head":"<!-- This site is optimized with the Yoast SEO plugin v23.8 - https:\/\/yoast.com\/wordpress\/plugins\/seo\/ -->\n<title>K\u00f8b Powerball-billetter online fra Danmark | Vind Powerball her<\/title>\n<meta name=\"description\" content=\"Hvordan k\u00f8ber man en billet online til Powerball Lotto USA? Vores service er at lade dig deltage i Powerball USA fra Danmark.\" \/>\n<meta name=\"robots\" content=\"index, follow, max-snippet:-1, max-image-preview:large, max-video-preview:-1\" \/>\n<link rel=\"canonical\" href=\"https:\/\/redfoxlotto.com\/da\/lotteri\/powerball\/\" \/>\n<meta property=\"og:locale\" content=\"da_DK\" \/>\n<meta property=\"og:type\" content=\"article\" \/>\n<meta property=\"og:title\" content=\"K\u00f8b Powerball-billetter online fra Danmark | Vind Powerball her\" \/>\n<meta property=\"og:description\" content=\"Hvordan k\u00f8ber man en billet online til Powerball Lotto USA? Vores service er at lade dig deltage i Powerball USA fra Danmark.\" \/>\n<meta property=\"og:url\" content=\"https:\/\/redfoxlotto.com\/da\/lotteri\/powerball\/\" \/>\n<meta property=\"og:site_name\" content=\"Get Tickets for the World\u2019s largest jackpots\" \/>\n<meta property=\"article:modified_time\" content=\"2025-12-18T10:47:05+00:00\" \/>\n<meta property=\"og:image\" content=\"https:\/\/redfoxlotto.com\/wp-content\/uploads\/sites\/9\/ticket_powerball3.jpg\" \/>\n<meta name=\"twitter:card\" content=\"summary_large_image\" \/>\n<meta name=\"twitter:label1\" content=\"Estimeret l\u00e6setid\" \/>\n\t<meta name=\"twitter:data1\" content=\"5 minutter\" \/>\n<script type=\"application\/ld+json\" class=\"yoast-schema-graph\">{\"@context\":\"https:\/\/schema.org\",\"@graph\":[{\"@type\":\"WebPage\",\"@id\":\"https:\/\/redfoxlotto.com\/da\/lotteri\/powerball\/\",\"url\":\"https:\/\/redfoxlotto.com\/da\/lotteri\/powerball\/\",\"name\":\"K\u00f8b Powerball-billetter online fra Danmark | Vind Powerball her\",\"isPartOf\":{\"@id\":\"https:\/\/redfoxlotto.com\/da\/#website\"},\"primaryImageOfPage\":{\"@id\":\"https:\/\/redfoxlotto.com\/da\/lotteri\/powerball\/#primaryimage\"},\"image\":{\"@id\":\"https:\/\/redfoxlotto.com\/da\/lotteri\/powerball\/#primaryimage\"},\"thumbnailUrl\":\"https:\/\/redfoxlotto.com\/wp-content\/uploads\/sites\/9\/ticket_powerball3.jpg\",\"datePublished\":\"2018-11-18T08:54:25+00:00\",\"dateModified\":\"2025-12-18T10:47:05+00:00\",\"description\":\"Hvordan k\u00f8ber man en billet online til Powerball Lotto USA? Vores service er at lade dig deltage i Powerball USA fra Danmark.\",\"breadcrumb\":{\"@id\":\"https:\/\/redfoxlotto.com\/da\/lotteri\/powerball\/#breadcrumb\"},\"inLanguage\":\"da-DK\",\"potentialAction\":[{\"@type\":\"ReadAction\",\"target\":[\"https:\/\/redfoxlotto.com\/da\/lotteri\/powerball\/\"]}]},{\"@type\":\"ImageObject\",\"inLanguage\":\"da-DK\",\"@id\":\"https:\/\/redfoxlotto.com\/da\/lotteri\/powerball\/#primaryimage\",\"url\":\"https:\/\/redfoxlotto.com\/wp-content\/uploads\/sites\/9\/ticket_powerball3.jpg\",\"contentUrl\":\"https:\/\/redfoxlotto.com\/wp-content\/uploads\/sites\/9\/ticket_powerball3.jpg\"},{\"@type\":\"BreadcrumbList\",\"@id\":\"https:\/\/redfoxlotto.com\/da\/lotteri\/powerball\/#breadcrumb\",\"itemListElement\":[{\"@type\":\"ListItem\",\"position\":1,\"name\":\"Home\",\"item\":\"https:\/\/redfoxlotto.com\/da\/\"},{\"@type\":\"ListItem\",\"position\":2,\"name\":\"S\u00e5dan k\u00f8ber du online lottokuponer \u2013 k\u00f8bsprocessen\",\"item\":\"https:\/\/redfoxlotto.com\/da\/lotteri\/\"},{\"@type\":\"ListItem\",\"position\":3,\"name\":\"Om Powerball\"}]},{\"@type\":\"WebSite\",\"@id\":\"https:\/\/redfoxlotto.com\/da\/#website\",\"url\":\"https:\/\/redfoxlotto.com\/da\/\",\"name\":\"Get Tickets for the World\u2019s largest jackpots\",\"description\":\"Participate in worldwide lottery jackpots from any country\",\"publisher\":{\"@id\":\"https:\/\/redfoxlotto.com\/da\/#organization\"},\"potentialAction\":[{\"@type\":\"SearchAction\",\"target\":{\"@type\":\"EntryPoint\",\"urlTemplate\":\"https:\/\/redfoxlotto.com\/da\/?s={search_term_string}\"},\"query-input\":{\"@type\":\"PropertyValueSpecification\",\"valueRequired\":true,\"valueName\":\"search_term_string\"}}],\"inLanguage\":\"da-DK\"},{\"@type\":\"Organization\",\"@id\":\"https:\/\/redfoxlotto.com\/da\/#organization\",\"name\":\"Get Tickets for the World\u2019s largest jackpots\",\"url\":\"https:\/\/redfoxlotto.com\/da\/\",\"logo\":{\"@type\":\"ImageObject\",\"inLanguage\":\"da-DK\",\"@id\":\"https:\/\/redfoxlotto.com\/da\/#\/schema\/logo\/image\/\",\"url\":\"https:\/\/redfoxlotto.com\/wp-content\/uploads\/2023\/04\/logo.png\",\"contentUrl\":\"https:\/\/redfoxlotto.com\/wp-content\/uploads\/2023\/04\/logo.png\",\"width\":269,\"height\":53,\"caption\":\"Get Tickets for the World\u2019s largest jackpots\"},\"image\":{\"@id\":\"https:\/\/redfoxlotto.com\/da\/#\/schema\/logo\/image\/\"}}]}<\/script>\n<!-- \/ Yoast SEO plugin. -->","yoast_head_json":{"title":"K\u00f8b Powerball-billetter online fra Danmark | Vind Powerball her","description":"Hvordan k\u00f8ber man en billet online til Powerball Lotto USA? Vores service er at lade dig deltage i Powerball USA fra Danmark.","robots":{"index":"index","follow":"follow","max-snippet":"max-snippet:-1","max-image-preview":"max-image-preview:large","max-video-preview":"max-video-preview:-1"},"canonical":"https:\/\/redfoxlotto.com\/da\/lotteri\/powerball\/","og_locale":"da_DK","og_type":"article","og_title":"K\u00f8b Powerball-billetter online fra Danmark | Vind Powerball her","og_description":"Hvordan k\u00f8ber man en billet online til Powerball Lotto USA? Vores service er at lade dig deltage i Powerball USA fra Danmark.","og_url":"https:\/\/redfoxlotto.com\/da\/lotteri\/powerball\/","og_site_name":"Get Tickets for the World\u2019s largest jackpots","article_modified_time":"2025-12-18T10:47:05+00:00","og_image":[{"url":"https:\/\/redfoxlotto.com\/wp-content\/uploads\/sites\/9\/ticket_powerball3.jpg"}],"twitter_card":"summary_large_image","twitter_misc":{"Estimeret l\u00e6setid":"5 minutter"},"schema":{"@context":"https:\/\/schema.org","@graph":[{"@type":"WebPage","@id":"https:\/\/redfoxlotto.com\/da\/lotteri\/powerball\/","url":"https:\/\/redfoxlotto.com\/da\/lotteri\/powerball\/","name":"K\u00f8b Powerball-billetter online fra Danmark | Vind Powerball her","isPartOf":{"@id":"https:\/\/redfoxlotto.com\/da\/#website"},"primaryImageOfPage":{"@id":"https:\/\/redfoxlotto.com\/da\/lotteri\/powerball\/#primaryimage"},"image":{"@id":"https:\/\/redfoxlotto.com\/da\/lotteri\/powerball\/#primaryimage"},"thumbnailUrl":"https:\/\/redfoxlotto.com\/wp-content\/uploads\/sites\/9\/ticket_powerball3.jpg","datePublished":"2018-11-18T08:54:25+00:00","dateModified":"2025-12-18T10:47:05+00:00","description":"Hvordan k\u00f8ber man en billet online til Powerball Lotto USA? Vores service er at lade dig deltage i Powerball USA fra Danmark.","breadcrumb":{"@id":"https:\/\/redfoxlotto.com\/da\/lotteri\/powerball\/#breadcrumb"},"inLanguage":"da-DK","potentialAction":[{"@type":"ReadAction","target":["https:\/\/redfoxlotto.com\/da\/lotteri\/powerball\/"]}]},{"@type":"ImageObject","inLanguage":"da-DK","@id":"https:\/\/redfoxlotto.com\/da\/lotteri\/powerball\/#primaryimage","url":"https:\/\/redfoxlotto.com\/wp-content\/uploads\/sites\/9\/ticket_powerball3.jpg","contentUrl":"https:\/\/redfoxlotto.com\/wp-content\/uploads\/sites\/9\/ticket_powerball3.jpg"},{"@type":"BreadcrumbList","@id":"https:\/\/redfoxlotto.com\/da\/lotteri\/powerball\/#breadcrumb","itemListElement":[{"@type":"ListItem","position":1,"name":"Home","item":"https:\/\/redfoxlotto.com\/da\/"},{"@type":"ListItem","position":2,"name":"S\u00e5dan k\u00f8ber du online lottokuponer \u2013 k\u00f8bsprocessen","item":"https:\/\/redfoxlotto.com\/da\/lotteri\/"},{"@type":"ListItem","position":3,"name":"Om Powerball"}]},{"@type":"WebSite","@id":"https:\/\/redfoxlotto.com\/da\/#website","url":"https:\/\/redfoxlotto.com\/da\/","name":"Get Tickets for the World\u2019s largest jackpots","description":"Participate in worldwide lottery jackpots from any country","publisher":{"@id":"https:\/\/redfoxlotto.com\/da\/#organization"},"potentialAction":[{"@type":"SearchAction","target":{"@type":"EntryPoint","urlTemplate":"https:\/\/redfoxlotto.com\/da\/?s={search_term_string}"},"query-input":{"@type":"PropertyValueSpecification","valueRequired":true,"valueName":"search_term_string"}}],"inLanguage":"da-DK"},{"@type":"Organization","@id":"https:\/\/redfoxlotto.com\/da\/#organization","name":"Get Tickets for the World\u2019s largest jackpots","url":"https:\/\/redfoxlotto.com\/da\/","logo":{"@type":"ImageObject","inLanguage":"da-DK","@id":"https:\/\/redfoxlotto.com\/da\/#\/schema\/logo\/image\/","url":"https:\/\/redfoxlotto.com\/wp-content\/uploads\/2023\/04\/logo.png","contentUrl":"https:\/\/redfoxlotto.com\/wp-content\/uploads\/2023\/04\/logo.png","width":269,"height":53,"caption":"Get Tickets for the World\u2019s largest jackpots"},"image":{"@id":"https:\/\/redfoxlotto.com\/da\/#\/schema\/logo\/image\/"}}]}},"_links":{"self":[{"href":"https:\/\/redfoxlotto.com\/da\/wp-json\/wp\/v2\/pages\/5007","targetHints":{"allow":["GET"]}}],"collection":[{"href":"https:\/\/redfoxlotto.com\/da\/wp-json\/wp\/v2\/pages"}],"about":[{"href":"https:\/\/redfoxlotto.com\/da\/wp-json\/wp\/v2\/types\/page"}],"author":[{"embeddable":true,"href":"https:\/\/redfoxlotto.com\/da\/wp-json\/wp\/v2\/users\/1"}],"replies":[{"embeddable":true,"href":"https:\/\/redfoxlotto.com\/da\/wp-json\/wp\/v2\/comments?post=5007"}],"version-history":[{"count":0,"href":"https:\/\/redfoxlotto.com\/da\/wp-json\/wp\/v2\/pages\/5007\/revisions"}],"up":[{"embeddable":true,"href":"https:\/\/redfoxlotto.com\/da\/wp-json\/wp\/v2\/pages\/5002"}],"wp:attachment":[{"href":"https:\/\/redfoxlotto.com\/da\/wp-json\/wp\/v2\/media?parent=5007"}],"curies":[{"name":"wp","href":"https:\/\/api.w.org\/{rel}","templated":true}]}}