{"id":5005,"date":"2018-11-18T08:54:25","date_gmt":"2018-11-18T08:54:25","guid":{"rendered":"https:\/\/redfoxlotto.com\/?page_id=2473"},"modified":"2025-12-18T12:54:11","modified_gmt":"2025-12-18T12:54:11","slug":"mega-millions","status":"publish","type":"page","link":"https:\/\/redfoxlotto.com\/da\/lotteri\/mega-millions\/","title":{"rendered":"Om Mega Millions"},"content":{"rendered":"<p><script type=\"application\/ld+json\">\n{\n  \"@context\": \"https:\/\/schema.org\",\n  \"@type\": \"Service\",\n  \"name\": \"Spil Mega Millions online\",\n  \"url\": \"https:\/\/redfoxlotto.com\/da\/lotteries\/mega-millions\",\n  \"description\": \"K\u00f8b officielle Mega Millions-lotterisedler online fra ethvert land. Bes\u00f8g RedFoxLotto, v\u00e6lg dine tal og deltag i n\u00e6ste lodtr\u00e6kning.\",\n  \"serviceType\": \"Online formidlingstjeneste for lotterisedler\",<\/p>\n<p>  \"provider\": {\n    \"@type\": \"Organization\",\n    \"name\": \"RedFoxLotto\",\n    \"url\": \"https:\/\/redfoxlotto.com\/da\",\n    \"image\": \"https:\/\/redfoxlotto.com\/da\/wp-content\/uploads\/2025\/12\/ticket_scans.jpg\",\n    \"sameAs\": []\n  },<\/p>\n<p>  \"areaServed\": \"Worldwide\",\n  \"termsOfService\": \"https:\/\/redfoxlotto.com\/terms-and-conditions\",<\/p>\n<p>  \"additionalProperty\": {\n    \"@type\": \"PropertyValue\",\n    \"name\": \"FAQ\",\n    \"value\": \"https:\/\/redfoxlotto.com\/da\/faq\/\"\n  },<\/p>\n<p>  \"hasOfferCatalog\": {\n    \"@type\": \"OfferCatalog\",\n    \"name\": \"Mega Millions-lotterisedler\",\n    \"itemListElement\": [\n      {\n        \"@type\": \"Offer\",\n        \"name\": \"Mega Millions-sedler\",\n        \"url\": \"https:\/\/redfoxlotto.com\/da\/lotteries\/powerball\",\n        \"description\": \"K\u00f8b \u00e6gte lotterisedler online til n\u00e6ste Mega Millions-tr\u00e6kning hos RedFoxLotto.\",\n        \"price\": \"13.00\",\n        \"priceCurrency\": \"\u20ac\",\n        \"availability\": \"https:\/\/schema.org\/InStock\",<\/p>\n<p>        \"itemOffered\": {\n          \"@type\": \"Service\",\n          \"name\": \"Mega Millions-lotterisedler\",\n          \"description\": \"Deltag i n\u00e6ste Mega Millions-tr\u00e6kning \u2013 k\u00f8b dine sedler online via RedFoxLotto.\"\n        }\n      }\n    ]\n  },<\/p>\n<p>  \"mainEntityOfPage\": {\n    \"@type\": \"WebPage\",\n    \"@id\": \"https:\/\/redfoxlotto.com\/da\/lotteries\/mega-millions\"\n  }\n}\n<\/script><\/p>\n<p>Kendt som &#8220;The Big Game&#8221; indtil 2002, er dette lotteri i 44 amerikanske stater nu kendt over hele verden som Mega Millions. Der afholdes to tr\u00e6kninger om ugen (hver tirsdag og fredag) til dette form\u00e5l. Hvis du ikke har h\u00f8rt om dette spil, eller hvis du ikke rigtig har v\u00e6ret opm\u00e6rksom indtil nu, vil du helt sikkert gerne se n\u00e6rmere p\u00e5 det og se, hvad du kan f\u00e5 ud af det.<\/p>\n<p>Det vil helt sikkert v\u00e6re en pr\u00e6mie, du gerne vil vinde, og det er ogs\u00e5 et supernemt spil for dig at spille. Det g\u00f8r det til en win-win for dig at k\u00f8be Mega Millions-lodder online fra Danmark.<\/p>\n<h2>Mega Millions Jackpot<\/h2>\n<p>Mega Millions er kendt for sine store jackpots. I 2018 blev en rekordjackpot p\u00e5 over 1,5 milliarder dollars vundet af en enkelt heldig fyr. Det er helt sikkert den type jackpot, du gerne vil vinde, ikke? Og oddsene er bestemt ikke s\u00e5 d\u00e5rlige, som de er for nogle jackpotgevinster.<br \/>\n<img loading=\"lazy\" decoding=\"async\" class=\"alignright wp-image\" src=\"https:\/\/content.redfoxlotto.com\/uploads\/sites\/9\/2_ticket_mega_millions2.jpg\" alt=\"Mega Millions online\" width=\"200\" height=\"207\" \/><br \/>\nHvad der er endnu bedre ved Mega Millions er, at jackpotterne altid vil v\u00e6re h\u00f8je. Faktisk starter jackpotten p\u00e5 40 millioner dollars. S\u00e5 selv hvis du vinder grundjackpotten, f\u00f8r den begynder at stige (hvilket sj\u00e6ldent sker), vil du stadig f\u00e5 en stor udbetaling.<\/p>\n<p>Hvis du vinder jackpotten senere, n\u00e5r den begynder at stige, kan du vinde meget mere. Endnu bedre er det, at disse jackpots stiger ret hurtigt. S\u00e5 hvad der starter med 40 millioner dollars i dag, kan nemt blive til over 100 millioner dollars p\u00e5 bare en uge eller mindre. Derfra kan det g\u00e5 op til flere hundrede millioner, og du kan m\u00e5ske v\u00e6re med i endnu en milliardtr\u00e6kning. Det ville helt sikkert v\u00e6re v\u00e6rd at investere et par dollars i billetter, ikke?<\/p>\n<p>P\u00e5 vores hjemmeside har du mulighed for at k\u00f8be Mega Millions-lodder online, selv hvis du bor i Danmark. Bare v\u00e6lg dine tal, k\u00f8b din kupon, og vent p\u00e5 resultatet af tr\u00e6kningen! Vi gennemg\u00e5r nogle af de overordnede trin, og hvad det kr\u00e6ver at komme i gang om et \u00f8jeblik, men lad os fokusere p\u00e5 selve Mega Millions f\u00f8rst, skal vi?<\/p>\n<h2>Reglerne for Mega Millions<\/h2>\n<p>Reglerne for Mega Millions er enkle. Du skal v\u00e6lge 5 tal mellem 1 og 70, plus et ekstra MegaBall-tal. Alle numre skal matches for at vinde jackpotten. Det betyder ikke, at du ikke kan vinde noget, hvis du ikke f\u00e5r jackpotten. Der er faktisk en r\u00e6kke forskellige pr\u00e6mier, som du kan vinde. P\u00e5 Mega Millions kan du vinde i ni pr\u00e6mieintervaller.<\/p>\n<p>Det virkelig fantastiske er, at du faktisk kan vinde ved kun at matche et enkelt nummer, s\u00e5 l\u00e6nge det nummer er MegaBall. Hvis du matcher det nummer, vinder du automatisk en pr\u00e6mie, og det er bare starten p\u00e5 det hele. Du kan vinde virkelig sm\u00e5 pr\u00e6mier, som bare giver dig de penge tilbage, du brugte p\u00e5 at k\u00f8be billetten, eller du kan vinde store pr\u00e6mier, som stadig er mindre end den faktiske jackpot.<br \/>\nPlus, hver pr\u00e6mie under jackpotten vindes individuelt. Det betyder, at du ikke beh\u00f8ver at dele pengene, hvis en anden ogs\u00e5 vinder den pr\u00e6mie.<\/p>\n<h2>K\u00f8b af en Mega Millions-lodseddel online i Danmark<\/h2>\n<p>Er du klar til at k\u00f8be din f\u00f8rste Mega Millions-lodseddel online? Hvis du er, vil du helt sikkert gerne tage et kig p\u00e5 de trin, der indg\u00e5r i processen. Vi g\u00f8r det s\u00e5 nemt som muligt, fordi vi ved, at du virkelig gerne vil k\u00f8be din kupon, v\u00e6re med i lodtr\u00e6kningen og s\u00e5 komme videre med de andre ting, der foreg\u00e5r i dit liv. S\u00e5 vi g\u00f8r det kun til et par trin.<\/p>\n<p>Det f\u00f8rste skridt er at beslutte, hvad du vil k\u00f8be. Hvis du vil k\u00f8be Mega Millions-billetter online, bliver det nemt. Du skal bare finde spillet og g\u00e5 ind p\u00e5 siden specifikt for det.<\/p>\n<p>Hvis du vil k\u00f8be billetter til andre spil, kan du se hvert af dem samt deres aktuelle jackpots lige p\u00e5 samme sk\u00e6rm, og du kan ogs\u00e5 g\u00e5 ind p\u00e5 hver af disse individuelt. Det g\u00f8r det virkelig nemt for dig at beslutte, hvad du vil g\u00f8re, og at v\u00e6lge de billetter, du vil have.<br \/>\n<img loading=\"lazy\" decoding=\"async\" class=\"alignright wp-image\" src=\"https:\/\/content.redfoxlotto.com\/uploads\/sites\/9\/1_buy_mega_millions_lottery_tickets.jpg\" alt=\"K\u00f8b billetter online\" width=\"287\" height=\"202\" \/><\/p>\n<p>N\u00e5r du er p\u00e5 siden, kan du finde ud af mere om Mega Millions, og s\u00e5 kan du v\u00e6lge de numre, du vil spille. Hvis du har bestemte numre, du vil have, kan du v\u00e6lge dem direkte p\u00e5 sk\u00e6rmen. Hvis du kun har nogle f\u00e5 tal, og du \u00f8nsker, at resten skal tildeles tilf\u00e6ldigt, er det ogs\u00e5 en mulighed. Eller du kan v\u00e6lge at f\u00e5 en helt randomiseret kupon. Det er helt op til dig. Uanset hvad vil du vide, om du har nok numre, for f\u00e5 eller for mange, fordi vi s\u00f8rger for, at din billet er gyldig, f\u00f8r du overhovedet kommer til n\u00e6ste side.<\/p>\n<h2>Betalingsprocessen<\/h2>\n<p>N\u00e5r du har valgt de Mega Millions-billetter, du vil have, kan du tilf\u00f8je dem til din indk\u00f8bskurv og v\u00e6lge yderligere billetter, hvis du vil, eller du kan forts\u00e6tte til kassen. N\u00e5r du g\u00e5r til kassen, skal du have en konto hos os, men vi g\u00f8r det ogs\u00e5 super nemt at oprette den.<\/p>\n<p>Du skal bare udfylde nogle grundl\u00e6ggende oplysninger om dig selv, s\u00e5 du kan g\u00f8re krav p\u00e5 pr\u00e6mierne, hvis du har brug for det.<\/p>\n<p>Det er alt, hvad der er at g\u00f8re. Du bekr\u00e6fter dit k\u00f8b, vi henter billetterne til dig, og de dukker op direkte p\u00e5 din konto, s\u00e5 du kan se, om du har vundet. Vi sender dig endda en e-mail, hvis din billet vinder, og viser dig direkte p\u00e5 din konto, hvilke numre der har matchet fra tegningen. Du vil ikke have noget problem med at f\u00e5 en god oplevelse med Mega Millions, og du vil f\u00e5 lyst til at blive ved med at spille hvert spil.<\/p>\n","protected":false},"excerpt":{"rendered":"<p>Kendt som &#8220;The Big Game&#8221; indtil 2002, er dette lotteri i 44 amerikanske stater nu kendt over hele verden som Mega Millions. Der afholdes to tr\u00e6kninger om ugen (hver tirsdag og fredag) til dette form\u00e5l. Hvis du ikke har h\u00f8rt om dette spil, eller hvis du ikke rigtig har v\u00e6ret opm\u00e6rksom indtil nu, vil du [&hellip;]<\/p>\n","protected":false},"author":1,"featured_media":0,"parent":5002,"menu_order":2,"comment_status":"closed","ping_status":"closed","template":"megamillion-info.php","meta":{"_et_pb_use_builder":"","_et_pb_old_content":"","_et_gb_content_width":"","exclude_from_search":false,"footnotes":""},"class_list":["post-5005","page","type-page","status-publish","hentry"],"yoast_head":"<!-- This site is optimized with the Yoast SEO plugin v23.8 - https:\/\/yoast.com\/wordpress\/plugins\/seo\/ -->\n<title>K\u00f8b Mega Millions-lodder online | Mega Millions er nu tilg\u00e6ngelig fra Danmark<\/title>\n<meta name=\"description\" content=\"Find ud af mere om Mega Millions Lotto USA, og hvordan du kan k\u00f8be Mega Millions-lodder online fra Danmark eller fra et hvilket som helst andet land i verden.\" \/>\n<meta name=\"robots\" content=\"index, follow, max-snippet:-1, max-image-preview:large, max-video-preview:-1\" \/>\n<link rel=\"canonical\" href=\"https:\/\/redfoxlotto.com\/da\/lotteri\/mega-millions\/\" \/>\n<meta property=\"og:locale\" content=\"da_DK\" \/>\n<meta property=\"og:type\" content=\"article\" \/>\n<meta property=\"og:title\" content=\"K\u00f8b Mega Millions-lodder online | Mega Millions er nu tilg\u00e6ngelig fra Danmark\" \/>\n<meta property=\"og:description\" content=\"Find ud af mere om Mega Millions Lotto USA, og hvordan du kan k\u00f8be Mega Millions-lodder online fra Danmark eller fra et hvilket som helst andet land i verden.\" \/>\n<meta property=\"og:url\" content=\"https:\/\/redfoxlotto.com\/da\/lotteri\/mega-millions\/\" \/>\n<meta property=\"og:site_name\" content=\"Get Tickets for the World\u2019s largest jackpots\" \/>\n<meta property=\"article:modified_time\" content=\"2025-12-18T12:54:11+00:00\" \/>\n<meta property=\"og:image\" content=\"https:\/\/content.redfoxlotto.com\/uploads\/sites\/9\/2_ticket_mega_millions2.jpg\" \/>\n<meta name=\"twitter:card\" content=\"summary_large_image\" \/>\n<meta name=\"twitter:label1\" content=\"Estimeret l\u00e6setid\" \/>\n\t<meta name=\"twitter:data1\" content=\"5 minutter\" \/>\n<script type=\"application\/ld+json\" class=\"yoast-schema-graph\">{\"@context\":\"https:\/\/schema.org\",\"@graph\":[{\"@type\":\"WebPage\",\"@id\":\"https:\/\/redfoxlotto.com\/da\/lotteri\/mega-millions\/\",\"url\":\"https:\/\/redfoxlotto.com\/da\/lotteri\/mega-millions\/\",\"name\":\"K\u00f8b Mega Millions-lodder online | Mega Millions er nu tilg\u00e6ngelig fra Danmark\",\"isPartOf\":{\"@id\":\"https:\/\/redfoxlotto.com\/da\/#website\"},\"primaryImageOfPage\":{\"@id\":\"https:\/\/redfoxlotto.com\/da\/lotteri\/mega-millions\/#primaryimage\"},\"image\":{\"@id\":\"https:\/\/redfoxlotto.com\/da\/lotteri\/mega-millions\/#primaryimage\"},\"thumbnailUrl\":\"https:\/\/content.redfoxlotto.com\/uploads\/sites\/9\/2_ticket_mega_millions2.jpg\",\"datePublished\":\"2018-11-18T08:54:25+00:00\",\"dateModified\":\"2025-12-18T12:54:11+00:00\",\"description\":\"Find ud af mere om Mega Millions Lotto USA, og hvordan du kan k\u00f8be Mega Millions-lodder online fra Danmark eller fra et hvilket som helst andet land i verden.\",\"breadcrumb\":{\"@id\":\"https:\/\/redfoxlotto.com\/da\/lotteri\/mega-millions\/#breadcrumb\"},\"inLanguage\":\"da-DK\",\"potentialAction\":[{\"@type\":\"ReadAction\",\"target\":[\"https:\/\/redfoxlotto.com\/da\/lotteri\/mega-millions\/\"]}]},{\"@type\":\"ImageObject\",\"inLanguage\":\"da-DK\",\"@id\":\"https:\/\/redfoxlotto.com\/da\/lotteri\/mega-millions\/#primaryimage\",\"url\":\"https:\/\/content.redfoxlotto.com\/uploads\/sites\/9\/2_ticket_mega_millions2.jpg\",\"contentUrl\":\"https:\/\/content.redfoxlotto.com\/uploads\/sites\/9\/2_ticket_mega_millions2.jpg\"},{\"@type\":\"BreadcrumbList\",\"@id\":\"https:\/\/redfoxlotto.com\/da\/lotteri\/mega-millions\/#breadcrumb\",\"itemListElement\":[{\"@type\":\"ListItem\",\"position\":1,\"name\":\"Home\",\"item\":\"https:\/\/redfoxlotto.com\/da\/\"},{\"@type\":\"ListItem\",\"position\":2,\"name\":\"S\u00e5dan k\u00f8ber du online lottokuponer \u2013 k\u00f8bsprocessen\",\"item\":\"https:\/\/redfoxlotto.com\/da\/lotteri\/\"},{\"@type\":\"ListItem\",\"position\":3,\"name\":\"Om Mega Millions\"}]},{\"@type\":\"WebSite\",\"@id\":\"https:\/\/redfoxlotto.com\/da\/#website\",\"url\":\"https:\/\/redfoxlotto.com\/da\/\",\"name\":\"Get Tickets for the World\u2019s largest jackpots\",\"description\":\"Participate in worldwide lottery jackpots from any country\",\"publisher\":{\"@id\":\"https:\/\/redfoxlotto.com\/da\/#organization\"},\"potentialAction\":[{\"@type\":\"SearchAction\",\"target\":{\"@type\":\"EntryPoint\",\"urlTemplate\":\"https:\/\/redfoxlotto.com\/da\/?s={search_term_string}\"},\"query-input\":{\"@type\":\"PropertyValueSpecification\",\"valueRequired\":true,\"valueName\":\"search_term_string\"}}],\"inLanguage\":\"da-DK\"},{\"@type\":\"Organization\",\"@id\":\"https:\/\/redfoxlotto.com\/da\/#organization\",\"name\":\"Get Tickets for the World\u2019s largest jackpots\",\"url\":\"https:\/\/redfoxlotto.com\/da\/\",\"logo\":{\"@type\":\"ImageObject\",\"inLanguage\":\"da-DK\",\"@id\":\"https:\/\/redfoxlotto.com\/da\/#\/schema\/logo\/image\/\",\"url\":\"https:\/\/redfoxlotto.com\/wp-content\/uploads\/2023\/04\/logo.png\",\"contentUrl\":\"https:\/\/redfoxlotto.com\/wp-content\/uploads\/2023\/04\/logo.png\",\"width\":269,\"height\":53,\"caption\":\"Get Tickets for the World\u2019s largest jackpots\"},\"image\":{\"@id\":\"https:\/\/redfoxlotto.com\/da\/#\/schema\/logo\/image\/\"}}]}<\/script>\n<!-- \/ Yoast SEO plugin. -->","yoast_head_json":{"title":"K\u00f8b Mega Millions-lodder online | Mega Millions er nu tilg\u00e6ngelig fra Danmark","description":"Find ud af mere om Mega Millions Lotto USA, og hvordan du kan k\u00f8be Mega Millions-lodder online fra Danmark eller fra et hvilket som helst andet land i verden.","robots":{"index":"index","follow":"follow","max-snippet":"max-snippet:-1","max-image-preview":"max-image-preview:large","max-video-preview":"max-video-preview:-1"},"canonical":"https:\/\/redfoxlotto.com\/da\/lotteri\/mega-millions\/","og_locale":"da_DK","og_type":"article","og_title":"K\u00f8b Mega Millions-lodder online | Mega Millions er nu tilg\u00e6ngelig fra Danmark","og_description":"Find ud af mere om Mega Millions Lotto USA, og hvordan du kan k\u00f8be Mega Millions-lodder online fra Danmark eller fra et hvilket som helst andet land i verden.","og_url":"https:\/\/redfoxlotto.com\/da\/lotteri\/mega-millions\/","og_site_name":"Get Tickets for the World\u2019s largest jackpots","article_modified_time":"2025-12-18T12:54:11+00:00","og_image":[{"url":"https:\/\/content.redfoxlotto.com\/uploads\/sites\/9\/2_ticket_mega_millions2.jpg"}],"twitter_card":"summary_large_image","twitter_misc":{"Estimeret l\u00e6setid":"5 minutter"},"schema":{"@context":"https:\/\/schema.org","@graph":[{"@type":"WebPage","@id":"https:\/\/redfoxlotto.com\/da\/lotteri\/mega-millions\/","url":"https:\/\/redfoxlotto.com\/da\/lotteri\/mega-millions\/","name":"K\u00f8b Mega Millions-lodder online | Mega Millions er nu tilg\u00e6ngelig fra Danmark","isPartOf":{"@id":"https:\/\/redfoxlotto.com\/da\/#website"},"primaryImageOfPage":{"@id":"https:\/\/redfoxlotto.com\/da\/lotteri\/mega-millions\/#primaryimage"},"image":{"@id":"https:\/\/redfoxlotto.com\/da\/lotteri\/mega-millions\/#primaryimage"},"thumbnailUrl":"https:\/\/content.redfoxlotto.com\/uploads\/sites\/9\/2_ticket_mega_millions2.jpg","datePublished":"2018-11-18T08:54:25+00:00","dateModified":"2025-12-18T12:54:11+00:00","description":"Find ud af mere om Mega Millions Lotto USA, og hvordan du kan k\u00f8be Mega Millions-lodder online fra Danmark eller fra et hvilket som helst andet land i verden.","breadcrumb":{"@id":"https:\/\/redfoxlotto.com\/da\/lotteri\/mega-millions\/#breadcrumb"},"inLanguage":"da-DK","potentialAction":[{"@type":"ReadAction","target":["https:\/\/redfoxlotto.com\/da\/lotteri\/mega-millions\/"]}]},{"@type":"ImageObject","inLanguage":"da-DK","@id":"https:\/\/redfoxlotto.com\/da\/lotteri\/mega-millions\/#primaryimage","url":"https:\/\/content.redfoxlotto.com\/uploads\/sites\/9\/2_ticket_mega_millions2.jpg","contentUrl":"https:\/\/content.redfoxlotto.com\/uploads\/sites\/9\/2_ticket_mega_millions2.jpg"},{"@type":"BreadcrumbList","@id":"https:\/\/redfoxlotto.com\/da\/lotteri\/mega-millions\/#breadcrumb","itemListElement":[{"@type":"ListItem","position":1,"name":"Home","item":"https:\/\/redfoxlotto.com\/da\/"},{"@type":"ListItem","position":2,"name":"S\u00e5dan k\u00f8ber du online lottokuponer \u2013 k\u00f8bsprocessen","item":"https:\/\/redfoxlotto.com\/da\/lotteri\/"},{"@type":"ListItem","position":3,"name":"Om Mega Millions"}]},{"@type":"WebSite","@id":"https:\/\/redfoxlotto.com\/da\/#website","url":"https:\/\/redfoxlotto.com\/da\/","name":"Get Tickets for the World\u2019s largest jackpots","description":"Participate in worldwide lottery jackpots from any country","publisher":{"@id":"https:\/\/redfoxlotto.com\/da\/#organization"},"potentialAction":[{"@type":"SearchAction","target":{"@type":"EntryPoint","urlTemplate":"https:\/\/redfoxlotto.com\/da\/?s={search_term_string}"},"query-input":{"@type":"PropertyValueSpecification","valueRequired":true,"valueName":"search_term_string"}}],"inLanguage":"da-DK"},{"@type":"Organization","@id":"https:\/\/redfoxlotto.com\/da\/#organization","name":"Get Tickets for the World\u2019s largest jackpots","url":"https:\/\/redfoxlotto.com\/da\/","logo":{"@type":"ImageObject","inLanguage":"da-DK","@id":"https:\/\/redfoxlotto.com\/da\/#\/schema\/logo\/image\/","url":"https:\/\/redfoxlotto.com\/wp-content\/uploads\/2023\/04\/logo.png","contentUrl":"https:\/\/redfoxlotto.com\/wp-content\/uploads\/2023\/04\/logo.png","width":269,"height":53,"caption":"Get Tickets for the World\u2019s largest jackpots"},"image":{"@id":"https:\/\/redfoxlotto.com\/da\/#\/schema\/logo\/image\/"}}]}},"_links":{"self":[{"href":"https:\/\/redfoxlotto.com\/da\/wp-json\/wp\/v2\/pages\/5005","targetHints":{"allow":["GET"]}}],"collection":[{"href":"https:\/\/redfoxlotto.com\/da\/wp-json\/wp\/v2\/pages"}],"about":[{"href":"https:\/\/redfoxlotto.com\/da\/wp-json\/wp\/v2\/types\/page"}],"author":[{"embeddable":true,"href":"https:\/\/redfoxlotto.com\/da\/wp-json\/wp\/v2\/users\/1"}],"replies":[{"embeddable":true,"href":"https:\/\/redfoxlotto.com\/da\/wp-json\/wp\/v2\/comments?post=5005"}],"version-history":[{"count":0,"href":"https:\/\/redfoxlotto.com\/da\/wp-json\/wp\/v2\/pages\/5005\/revisions"}],"up":[{"embeddable":true,"href":"https:\/\/redfoxlotto.com\/da\/wp-json\/wp\/v2\/pages\/5002"}],"wp:attachment":[{"href":"https:\/\/redfoxlotto.com\/da\/wp-json\/wp\/v2\/media?parent=5005"}],"curies":[{"name":"wp","href":"https:\/\/api.w.org\/{rel}","templated":true}]}}