{"id":5004,"date":"2018-11-18T08:54:25","date_gmt":"2018-11-18T08:54:25","guid":{"rendered":"https:\/\/redfoxlotto.com\/?page_id=2470"},"modified":"2025-12-18T14:26:35","modified_gmt":"2025-12-18T14:26:35","slug":"euromillions","status":"publish","type":"page","link":"https:\/\/redfoxlotto.com\/da\/lotteri\/euromillions\/","title":{"rendered":"Om EuroMillions"},"content":{"rendered":"<p><script type=\"application\/ld+json\">\n{\n  \"@context\": \"https:\/\/schema.org\",\n  \"@type\": \"Service\",\n  \"name\": \"Spil Euromillions online\",\n  \"url\": \"https:\/\/redfoxlotto.com\/da\/lotteries\/euromillions\/\",\n  \"description\": \"K\u00f8b officielle Euromillions-lotterisedler online fra ethvert land. Bes\u00f8g RedFoxLotto, v\u00e6lg dine numre og deltag i n\u00e6ste tr\u00e6kning.\",\n  \"serviceType\": \"Online formidling af lotterisedler\",\n  \"provider\": {\n    \"@type\": \"Organization\",\n    \"name\": \"RedFoxLotto\",\n    \"url\": \"https:\/\/redfoxlotto.com\/da\",\n    \"image\": \"https:\/\/redfoxlotto.com\/da\/wp-content\/uploads\/2025\/12\/ticket_scans.jpg\",\n    \"sameAs\": []\n  },\n  \"areaServed\": \"Worldwide\",\n  \"termsOfService\": \"https:\/\/redfoxlotto.com\/terms-and-conditions\",\n  \"additionalProperty\": {\n    \"@type\": \"PropertyValue\",\n    \"name\": \"FAQ\",\n    \"value\": \"https:\/\/redfoxlotto.com\/da\/faq\/\"\n  },\n  \"hasOfferCatalog\": {\n    \"@type\": \"OfferCatalog\",\n    \"name\": \"Euromillions-lotterisedler\",\n    \"itemListElement\": [\n      {\n        \"@type\": \"Offer\",\n        \"name\": \"Euromillions-lotterisedler\",\n        \"url\": \"https:\/\/redfoxlotto.com\/da\/lotteries\/euromillions\",\n        \"description\": \"K\u00f8b rigtige lotterisedler online til n\u00e6ste Euromillions-tr\u00e6kning via RedFoxLotto.\",\n        \"price\": \"7.00\",\n        \"priceCurrency\": \"\u20ac\",\n        \"availability\": \"https:\/\/schema.org\/InStock\",\n        \"itemOffered\": {\n          \"@type\": \"Service\",\n          \"name\": \"Euromillions-lotterisedler\",\n          \"description\": \"Deltag i n\u00e6ste Euromillions-tr\u00e6kning \u2013 k\u00f8b dine lotterisedler online via RedFoxLotto.\"\n        }\n      }\n    ]\n  },\n  \"mainEntityOfPage\": {\n    \"@type\": \"WebPage\",\n    \"@id\": \"https:\/\/redfoxlotto.com\/da\/lotteries\/euromillions\"\n  }\n}\n<\/script><\/p>\n<p>Euro Millions er Europas st\u00f8rste lotteri. Det blev lanceret i 2004, og kuponer kan k\u00f8bes i ni europ\u00e6iske lande &#8211; eller hvis du er fra Danmark, kan du k\u00f8be dine kuponer online her.<\/p>\n<h2>F\u00e5 din EuroMillions-billet fra Danmark<\/h2>\n<p>Er du klar til at komme i gang og k\u00f8be EuroMillions-lodder online? Hvis du er, s\u00e5 vil du gerne vide et par ting om spillet, f\u00f8r du springer ud i det, ikke? Du vil sikre dig, at du er forberedt, og at du ved alt, hvad du kan om spillet. Det f\u00f8rste, du b\u00f8r vide, er, hvorn\u00e5r lodtr\u00e6kningerne finder sted, for du vil v\u00e6re sikker p\u00e5, at du f\u00e5r din lodseddel inden den n\u00e6ste tr\u00e6kning. Tr\u00e6kningerne til EuroMillions finder sted hver tirsdag og fredag i Paris.<br \/>\n<img loading=\"lazy\" decoding=\"async\" class=\"alignright wp-image\" src=\"https:\/\/content.redfoxlotto.com\/uploads\/sites\/9\/1_buy_euromillions_online.jpg\" alt=\"euromillions jackpot\" width=\"284\" height=\"190\" \/><br \/>\nVi taler mere om de tal, du kan v\u00e6lge imellem, og hvordan du f\u00e5r fat i den kupon, du vil have, om lidt, men lad os nu se n\u00e6rmere p\u00e5 den jackpot, du kan vinde. N\u00e5r alt kommer til alt, er det en af grundene til, at du gerne vil spille EuroMillions.<\/p>\n<h2>EuroMillions Jackpot<\/h2>\n<p>Som det st\u00f8rste lotteri i Europa har EuroMillions ogs\u00e5 enorme jackpots. Faktisk er jackpotterne ofte p\u00e5 flere millioner dollars, og de st\u00f8rste kommer helt sikkert ogs\u00e5 til at ligge i den h\u00f8je ende. Den h\u00f8jeste jackpot til dato i dette lotteri var \u20ac 190.000.000. Den blev vundet af en anonym spiller den 24. oktober 2014.<\/p>\n<p>Det er vel god nok grund til at se n\u00e6rmere p\u00e5 dette spil og overveje at k\u00f8be en lodseddel til dig selv, ikke? Du vil elske tanken om at vinde de penge, og du kan faktisk stadig vinde en god sum penge, selv hvis du ikke n\u00e5r op p\u00e5 jackpotten. Det skyldes, at startbel\u00f8bet endda er en stor gevinst, og dem, der ligger midt imellem de laveste niveauer og de h\u00f8jeste, vil ogs\u00e5 v\u00e6re store.<\/p>\n<h2>Reglerne for EuroMillions<\/h2>\n<p>Er du klar til at k\u00f8be EuroMillions-lodder online, men du er ikke helt sikker p\u00e5, hvor du skal g\u00f8re det eller hvordan &#8211; m\u00e5ske fordi du bor i Danmark? Vi vil gennemg\u00e5 pr\u00e6cis, hvad du skal g\u00f8re, og hvordan du udv\u00e6lger de tal, du vil have, for at sikre dig, at du har den bedst mulige chance for at vinde spillet.<\/p>\n<h2>S\u00e5 hvad skal du g\u00f8re?<\/h2>\n<p>Her v\u00e6lger du 5 hovedtal fra mellem 1 og 50 og to ekstra tal, kaldet Lucky Star, mellem 1 og 12. For at vinde i den laveste prisklasse, skal kun to hovedtal v\u00e6re et match. Det betyder, at du vil have mange chancer, hvor du kan vinde, selvom du ikke vinder mange penge, hvis du kun matcher et par numre.<\/p>\n<p>Hvis du matcher flere tal, og is\u00e6r hvis du matcher lucky star-tallene, f\u00e5r du en bedre pr\u00e6mie. Det vil helt sikkert v\u00e6re en god fordel, ikke? Du kan faktisk forbedre dine odds for at f\u00e5 noget, og du kan helt sikkert nyde at spille spillet.<\/p>\n<h2>Udv\u00e6lgelse af din kupon<\/h2>\n<p>Er du klar til at v\u00e6lge en kupon? Du vil helt sikkert gerne tjekke vores proces ud, fordi vi vil g\u00f8re det virkelig nemt for dig. Vi ved, at du ikke har s\u00e5 meget tid, og du vil gerne sikre dig, at du f\u00e5r mest muligt ud af den tid. Men du vil stadig gerne have det sjovt med at spille EuroMillions, og det betyder, at du skal k\u00f8be EuroMillions-billetter online.<\/p>\n<p>Det f\u00f8rste skridt i vores proces er, at du beslutter dig for, hvilken kupon du vil have. Hvis du allerede har besluttet dig for EuroMillions, s\u00e5 er du klar. Men hvis du ikke er helt sikker endnu, vil du helt sikkert gerne tjekke hovedsiden, hvor vi viser dig alle de bedste jackpots, og hvilke spil du m\u00e5ske vil se n\u00e6rmere p\u00e5. Det er de spil, vi tilbyder billetter til.<\/p>\n<p>N\u00e5r du har besluttet dig for den kupon, du vil have, g\u00e5r du ind p\u00e5 siden og begynder at v\u00e6lge numrene til din kupon. Du kan v\u00e6lge absolut alle numrene, hvis du vil, s\u00e5 du f\u00e5r en skr\u00e6ddersyet billet, der passer til det, du bedst kan lide.<br \/>\n<img loading=\"lazy\" decoding=\"async\" class=\"alignright wp-image\" src=\"https:\/\/content.redfoxlotto.com\/uploads\/sites\/9\/1_buy_lottery_ticket.jpg\" alt=\"K\u00f8b billetter online\" width=\"312\" height=\"107\" \/><br \/>\nDu kan ogs\u00e5 v\u00e6lge at k\u00f8be billetter, der er tilf\u00e6ldigt udvalgt til dig. Det g\u00f8r det virkelig nemt for dig at f\u00e5 en lodseddel uden at skulle bruge en masse tid p\u00e5 det. Og du bestemmer selv, hvor mange lodder du vil k\u00f8be, s\u00e5 du har alt, hvad du skal bruge for potentielt at vinde en stor jackpot.<\/p>\n<h2>K\u00f8bsprocessen for EuroMillions<\/h2>\n<p>N\u00e5r du g\u00e5r igennem og v\u00e6lger dine billetter, er det sidste, du skal g\u00f8re, at s\u00f8rge for at udfylde dine kontooplysninger. Vi guider dig gennem processen med at oprette den konto med det samme, s\u00e5 du kan sikre dig, at du f\u00e5r de billetter, du vil have, lige n\u00e5r du vil have dem. Du kan endda konfigurere de betalingskonti, du vil bruge, lige her.<\/p>\n<p>N\u00e5r du har sat alt op, skal du bare l\u00e6gge de billetter, du vil have, i din indk\u00f8bskurv, og s\u00e5 kan du k\u00f8be dem alle sammen p\u00e5 samme tid. Du kan endda tilf\u00f8je billetter fra forskellige spil til din indk\u00f8bskurv, s\u00e5 du kan k\u00f8be alt, hvad du har brug for.<\/p>\n<p>N\u00e5r du har besluttet dig for billetterne, er du klar, og du kan vente og se, hvad der sker med dine billetter. Dem, du k\u00f8ber, vil dukke op p\u00e5 din konto med det samme, og s\u00e5 kan du tjekke ind igen og se, om du har vundet senere.<\/p>\n<p>Vi sender dig en e-mail, hvis du vinder, og du vil kunne se p\u00e5 din konto, hvilke numre du har, der matcher de udtrukne numre. Og det vil g\u00f8re det lettere for dig at vide, hvorn\u00e5r du skal indl\u00f8se en billet.<\/p>\n<h2>EuroMillions og UK Millionaire Maker<\/h2>\n<p>Spillerne betaler lidt mere, fordi EuroMillions-lodderne er k\u00f8bt i Storbritannien. Det skyldes, at britiske lodder automatisk giver adgang til Millionaire Maker-lodtr\u00e6kningen, som giver en ekstra mulighed for at vinde en bel\u00f8nning p\u00e5 1 million pund.<\/p>\n<p>Millionaire Maker fungerer ved at generere en unik kode for hver billet, der k\u00f8bes. Koden best\u00e5r af fire bogstaver efterfulgt af fem tal (f.eks. ABCD12345). Ved hver udtr\u00e6kning v\u00e6lges en eller flere af disse koder tilf\u00e6ldigt, og kuponindehaveren med den matchende kode vinder \u00f8jeblikkeligt 1 million pund, uanset hvilke EuroMillions-hovedtal der tr\u00e6kkes.<\/p>\n<p>Denne funktion g\u00f8r det s\u00e6rligt attraktivt at spille EuroMillions i Storbritannien, da det giver en ekstra mulighed for at vinde en betydelig pr\u00e6mie ud over den almindelige jackpot og bel\u00f8nninger p\u00e5 lavere niveauer.<\/p>\n","protected":false},"excerpt":{"rendered":"<p>Euro Millions er Europas st\u00f8rste lotteri. Det blev lanceret i 2004, og kuponer kan k\u00f8bes i ni europ\u00e6iske lande &#8211; eller hvis du er fra Danmark, kan du k\u00f8be dine kuponer online her. F\u00e5 din EuroMillions-billet fra Danmark Er du klar til at komme i gang og k\u00f8be EuroMillions-lodder online? Hvis du er, s\u00e5 vil [&hellip;]<\/p>\n","protected":false},"author":1,"featured_media":0,"parent":5002,"menu_order":3,"comment_status":"closed","ping_status":"closed","template":"euromillions-info.php","meta":{"_et_pb_use_builder":"","_et_pb_old_content":"","_et_gb_content_width":"","exclude_from_search":false,"footnotes":""},"class_list":["post-5004","page","type-page","status-publish","hentry"],"yoast_head":"<!-- This site is optimized with the Yoast SEO plugin v27.4 - https:\/\/yoast.com\/product\/yoast-seo-wordpress\/ -->\n<title>K\u00f8b EuroMillions-billetter online fra Danmark<\/title>\n<meta name=\"description\" content=\"Information om, hvordan indbyggere i Danmark kan k\u00f8be Euromillions-lodder online. Euromillions-lotteriet har Europas st\u00f8rste jackpot.\" \/>\n<meta name=\"robots\" content=\"index, follow, max-snippet:-1, max-image-preview:large, max-video-preview:-1\" \/>\n<link rel=\"canonical\" href=\"https:\/\/redfoxlotto.com\/da\/lotteri\/euromillions\/\" \/>\n<meta property=\"og:locale\" content=\"da_DK\" \/>\n<meta property=\"og:type\" content=\"article\" \/>\n<meta property=\"og:title\" content=\"K\u00f8b EuroMillions-billetter online fra Danmark\" \/>\n<meta property=\"og:description\" content=\"Information om, hvordan indbyggere i Danmark kan k\u00f8be Euromillions-lodder online. Euromillions-lotteriet har Europas st\u00f8rste jackpot.\" \/>\n<meta property=\"og:url\" content=\"https:\/\/redfoxlotto.com\/da\/lotteri\/euromillions\/\" \/>\n<meta property=\"og:site_name\" content=\"Get Tickets for the World\u2019s largest jackpots\" \/>\n<meta property=\"article:modified_time\" content=\"2025-12-18T14:26:35+00:00\" \/>\n<meta property=\"og:image\" content=\"https:\/\/content.redfoxlotto.com\/uploads\/sites\/9\/1_buy_euromillions_online.jpg\" \/>\n<meta name=\"twitter:card\" content=\"summary_large_image\" \/>\n<meta name=\"twitter:label1\" content=\"Estimeret l\u00e6setid\" \/>\n\t<meta name=\"twitter:data1\" content=\"6 minutter\" \/>\n<script type=\"application\/ld+json\" class=\"yoast-schema-graph\">{\"@context\":\"https:\\\/\\\/schema.org\",\"@graph\":[{\"@type\":\"WebPage\",\"@id\":\"https:\\\/\\\/redfoxlotto.com\\\/da\\\/lotteri\\\/euromillions\\\/\",\"url\":\"https:\\\/\\\/redfoxlotto.com\\\/da\\\/lotteri\\\/euromillions\\\/\",\"name\":\"K\u00f8b EuroMillions-billetter online fra Danmark\",\"isPartOf\":{\"@id\":\"https:\\\/\\\/redfoxlotto.com\\\/da\\\/#website\"},\"primaryImageOfPage\":{\"@id\":\"https:\\\/\\\/redfoxlotto.com\\\/da\\\/lotteri\\\/euromillions\\\/#primaryimage\"},\"image\":{\"@id\":\"https:\\\/\\\/redfoxlotto.com\\\/da\\\/lotteri\\\/euromillions\\\/#primaryimage\"},\"thumbnailUrl\":\"https:\\\/\\\/content.redfoxlotto.com\\\/uploads\\\/sites\\\/9\\\/1_buy_euromillions_online.jpg\",\"datePublished\":\"2018-11-18T08:54:25+00:00\",\"dateModified\":\"2025-12-18T14:26:35+00:00\",\"description\":\"Information om, hvordan indbyggere i Danmark kan k\u00f8be Euromillions-lodder online. Euromillions-lotteriet har Europas st\u00f8rste jackpot.\",\"breadcrumb\":{\"@id\":\"https:\\\/\\\/redfoxlotto.com\\\/da\\\/lotteri\\\/euromillions\\\/#breadcrumb\"},\"inLanguage\":\"da-DK\",\"potentialAction\":[{\"@type\":\"ReadAction\",\"target\":[\"https:\\\/\\\/redfoxlotto.com\\\/da\\\/lotteri\\\/euromillions\\\/\"]}]},{\"@type\":\"ImageObject\",\"inLanguage\":\"da-DK\",\"@id\":\"https:\\\/\\\/redfoxlotto.com\\\/da\\\/lotteri\\\/euromillions\\\/#primaryimage\",\"url\":\"https:\\\/\\\/content.redfoxlotto.com\\\/uploads\\\/sites\\\/9\\\/1_buy_euromillions_online.jpg\",\"contentUrl\":\"https:\\\/\\\/content.redfoxlotto.com\\\/uploads\\\/sites\\\/9\\\/1_buy_euromillions_online.jpg\"},{\"@type\":\"BreadcrumbList\",\"@id\":\"https:\\\/\\\/redfoxlotto.com\\\/da\\\/lotteri\\\/euromillions\\\/#breadcrumb\",\"itemListElement\":[{\"@type\":\"ListItem\",\"position\":1,\"name\":\"Home\",\"item\":\"https:\\\/\\\/redfoxlotto.com\\\/da\\\/\"},{\"@type\":\"ListItem\",\"position\":2,\"name\":\"S\u00e5dan k\u00f8ber du online lottokuponer \u2013 k\u00f8bsprocessen\",\"item\":\"https:\\\/\\\/redfoxlotto.com\\\/da\\\/lotteri\\\/\"},{\"@type\":\"ListItem\",\"position\":3,\"name\":\"Om EuroMillions\"}]},{\"@type\":\"WebSite\",\"@id\":\"https:\\\/\\\/redfoxlotto.com\\\/da\\\/#website\",\"url\":\"https:\\\/\\\/redfoxlotto.com\\\/da\\\/\",\"name\":\"Get Tickets for the World\u2019s largest jackpots\",\"description\":\"Participate in worldwide lottery jackpots from any country\",\"publisher\":{\"@id\":\"https:\\\/\\\/redfoxlotto.com\\\/da\\\/#organization\"},\"potentialAction\":[{\"@type\":\"SearchAction\",\"target\":{\"@type\":\"EntryPoint\",\"urlTemplate\":\"https:\\\/\\\/redfoxlotto.com\\\/da\\\/?s={search_term_string}\"},\"query-input\":{\"@type\":\"PropertyValueSpecification\",\"valueRequired\":true,\"valueName\":\"search_term_string\"}}],\"inLanguage\":\"da-DK\"},{\"@type\":\"Organization\",\"@id\":\"https:\\\/\\\/redfoxlotto.com\\\/da\\\/#organization\",\"name\":\"Get Tickets for the World\u2019s largest jackpots\",\"url\":\"https:\\\/\\\/redfoxlotto.com\\\/da\\\/\",\"logo\":{\"@type\":\"ImageObject\",\"inLanguage\":\"da-DK\",\"@id\":\"https:\\\/\\\/redfoxlotto.com\\\/da\\\/#\\\/schema\\\/logo\\\/image\\\/\",\"url\":\"https:\\\/\\\/redfoxlotto.com\\\/wp-content\\\/uploads\\\/2023\\\/04\\\/logo.png\",\"contentUrl\":\"https:\\\/\\\/redfoxlotto.com\\\/wp-content\\\/uploads\\\/2023\\\/04\\\/logo.png\",\"width\":269,\"height\":53,\"caption\":\"Get Tickets for the World\u2019s largest jackpots\"},\"image\":{\"@id\":\"https:\\\/\\\/redfoxlotto.com\\\/da\\\/#\\\/schema\\\/logo\\\/image\\\/\"}}]}<\/script>\n<!-- \/ Yoast SEO plugin. -->","yoast_head_json":{"title":"K\u00f8b EuroMillions-billetter online fra Danmark","description":"Information om, hvordan indbyggere i Danmark kan k\u00f8be Euromillions-lodder online. Euromillions-lotteriet har Europas st\u00f8rste jackpot.","robots":{"index":"index","follow":"follow","max-snippet":"max-snippet:-1","max-image-preview":"max-image-preview:large","max-video-preview":"max-video-preview:-1"},"canonical":"https:\/\/redfoxlotto.com\/da\/lotteri\/euromillions\/","og_locale":"da_DK","og_type":"article","og_title":"K\u00f8b EuroMillions-billetter online fra Danmark","og_description":"Information om, hvordan indbyggere i Danmark kan k\u00f8be Euromillions-lodder online. Euromillions-lotteriet har Europas st\u00f8rste jackpot.","og_url":"https:\/\/redfoxlotto.com\/da\/lotteri\/euromillions\/","og_site_name":"Get Tickets for the World\u2019s largest jackpots","article_modified_time":"2025-12-18T14:26:35+00:00","og_image":[{"url":"https:\/\/content.redfoxlotto.com\/uploads\/sites\/9\/1_buy_euromillions_online.jpg","type":"","width":"","height":""}],"twitter_card":"summary_large_image","twitter_misc":{"Estimeret l\u00e6setid":"6 minutter"},"schema":{"@context":"https:\/\/schema.org","@graph":[{"@type":"WebPage","@id":"https:\/\/redfoxlotto.com\/da\/lotteri\/euromillions\/","url":"https:\/\/redfoxlotto.com\/da\/lotteri\/euromillions\/","name":"K\u00f8b EuroMillions-billetter online fra Danmark","isPartOf":{"@id":"https:\/\/redfoxlotto.com\/da\/#website"},"primaryImageOfPage":{"@id":"https:\/\/redfoxlotto.com\/da\/lotteri\/euromillions\/#primaryimage"},"image":{"@id":"https:\/\/redfoxlotto.com\/da\/lotteri\/euromillions\/#primaryimage"},"thumbnailUrl":"https:\/\/content.redfoxlotto.com\/uploads\/sites\/9\/1_buy_euromillions_online.jpg","datePublished":"2018-11-18T08:54:25+00:00","dateModified":"2025-12-18T14:26:35+00:00","description":"Information om, hvordan indbyggere i Danmark kan k\u00f8be Euromillions-lodder online. Euromillions-lotteriet har Europas st\u00f8rste jackpot.","breadcrumb":{"@id":"https:\/\/redfoxlotto.com\/da\/lotteri\/euromillions\/#breadcrumb"},"inLanguage":"da-DK","potentialAction":[{"@type":"ReadAction","target":["https:\/\/redfoxlotto.com\/da\/lotteri\/euromillions\/"]}]},{"@type":"ImageObject","inLanguage":"da-DK","@id":"https:\/\/redfoxlotto.com\/da\/lotteri\/euromillions\/#primaryimage","url":"https:\/\/content.redfoxlotto.com\/uploads\/sites\/9\/1_buy_euromillions_online.jpg","contentUrl":"https:\/\/content.redfoxlotto.com\/uploads\/sites\/9\/1_buy_euromillions_online.jpg"},{"@type":"BreadcrumbList","@id":"https:\/\/redfoxlotto.com\/da\/lotteri\/euromillions\/#breadcrumb","itemListElement":[{"@type":"ListItem","position":1,"name":"Home","item":"https:\/\/redfoxlotto.com\/da\/"},{"@type":"ListItem","position":2,"name":"S\u00e5dan k\u00f8ber du online lottokuponer \u2013 k\u00f8bsprocessen","item":"https:\/\/redfoxlotto.com\/da\/lotteri\/"},{"@type":"ListItem","position":3,"name":"Om EuroMillions"}]},{"@type":"WebSite","@id":"https:\/\/redfoxlotto.com\/da\/#website","url":"https:\/\/redfoxlotto.com\/da\/","name":"Get Tickets for the World\u2019s largest jackpots","description":"Participate in worldwide lottery jackpots from any country","publisher":{"@id":"https:\/\/redfoxlotto.com\/da\/#organization"},"potentialAction":[{"@type":"SearchAction","target":{"@type":"EntryPoint","urlTemplate":"https:\/\/redfoxlotto.com\/da\/?s={search_term_string}"},"query-input":{"@type":"PropertyValueSpecification","valueRequired":true,"valueName":"search_term_string"}}],"inLanguage":"da-DK"},{"@type":"Organization","@id":"https:\/\/redfoxlotto.com\/da\/#organization","name":"Get Tickets for the World\u2019s largest jackpots","url":"https:\/\/redfoxlotto.com\/da\/","logo":{"@type":"ImageObject","inLanguage":"da-DK","@id":"https:\/\/redfoxlotto.com\/da\/#\/schema\/logo\/image\/","url":"https:\/\/redfoxlotto.com\/wp-content\/uploads\/2023\/04\/logo.png","contentUrl":"https:\/\/redfoxlotto.com\/wp-content\/uploads\/2023\/04\/logo.png","width":269,"height":53,"caption":"Get Tickets for the World\u2019s largest jackpots"},"image":{"@id":"https:\/\/redfoxlotto.com\/da\/#\/schema\/logo\/image\/"}}]}},"_links":{"self":[{"href":"https:\/\/redfoxlotto.com\/da\/wp-json\/wp\/v2\/pages\/5004","targetHints":{"allow":["GET"]}}],"collection":[{"href":"https:\/\/redfoxlotto.com\/da\/wp-json\/wp\/v2\/pages"}],"about":[{"href":"https:\/\/redfoxlotto.com\/da\/wp-json\/wp\/v2\/types\/page"}],"author":[{"embeddable":true,"href":"https:\/\/redfoxlotto.com\/da\/wp-json\/wp\/v2\/users\/1"}],"replies":[{"embeddable":true,"href":"https:\/\/redfoxlotto.com\/da\/wp-json\/wp\/v2\/comments?post=5004"}],"version-history":[{"count":0,"href":"https:\/\/redfoxlotto.com\/da\/wp-json\/wp\/v2\/pages\/5004\/revisions"}],"up":[{"embeddable":true,"href":"https:\/\/redfoxlotto.com\/da\/wp-json\/wp\/v2\/pages\/5002"}],"wp:attachment":[{"href":"https:\/\/redfoxlotto.com\/da\/wp-json\/wp\/v2\/media?parent=5004"}],"curies":[{"name":"wp","href":"https:\/\/api.w.org\/{rel}","templated":true}]}}