{"id":5003,"date":"2018-11-18T08:54:25","date_gmt":"2018-11-18T08:54:25","guid":{"rendered":"https:\/\/redfoxlotto.com\/?page_id=2468"},"modified":"2025-12-18T13:40:22","modified_gmt":"2025-12-18T13:40:22","slug":"eurojackpot","status":"publish","type":"page","link":"https:\/\/redfoxlotto.com\/da\/lotteri\/eurojackpot\/","title":{"rendered":"Om Eurojackpot"},"content":{"rendered":"<p><script type=\"application\/ld+json\">\n{\n  \"@context\": \"https:\/\/schema.org\",\n  \"@type\": \"Service\",\n  \"name\": \"Spil Eurojackpot online\",\n  \"url\": \"https:\/\/redfoxlotto.com\/da\/lotteries\/eurojackpot\/\",\n  \"description\": \"K\u00f8b officielle Eurojackpot-lodder online fra ethvert land. Bes\u00f8g RedFoxLotto, v\u00e6lg dine tal og deltag i den n\u00e6ste tr\u00e6kning.\",\n  \"serviceType\": \"Online formidlingstjeneste for lotterisedler\",<\/p>\n<p>  \"provider\": {\n    \"@type\": \"Organization\",\n    \"name\": \"RedFoxLotto\",\n    \"url\": \"https:\/\/redfoxlotto.com\/da\",\n    \"image\": \"https:\/\/redfoxlotto.com\/da\/wp-content\/uploads\/2025\/12\/ticket_scans.jpg\",\n    \"sameAs\": []\n  },<\/p>\n<p>  \"areaServed\": \"Worldwide\",\n  \"termsOfService\": \"https:\/\/redfoxlotto.com\/terms-and-conditions\",<\/p>\n<p>  \"additionalProperty\": {\n    \"@type\": \"PropertyValue\",\n    \"name\": \"FAQ\",\n    \"value\": \"https:\/\/redfoxlotto.com\/da\/faq\/\"\n  },<\/p>\n<p>  \"hasOfferCatalog\": {\n    \"@type\": \"OfferCatalog\",\n    \"name\": \"Eurojackpot-lodder\",\n    \"itemListElement\": [\n      {\n        \"@type\": \"Offer\",\n        \"name\": \"Eurojackpot-lodder\",\n        \"url\": \"https:\/\/redfoxlotto.com\/da\/lotteries\/eurojackpot\",\n        \"description\": \"K\u00f8b \u00e6gte lodder online til n\u00e6ste Eurojackpot-tr\u00e6kning hos RedFoxLotto.\",\n        \"price\": \"6.00\",\n        \"priceCurrency\": \"\u20ac\",\n        \"availability\": \"https:\/\/schema.org\/InStock\",<\/p>\n<p>        \"itemOffered\": {\n          \"@type\": \"Service\",\n          \"name\": \"Eurojackpot-lotteriservice\",\n          \"description\": \"Deltag i n\u00e6ste Eurojackpot-tr\u00e6kning \u2013 k\u00f8b lodder online via RedFoxLotto.\"\n        }\n      }\n    ]\n  },<\/p>\n<p>  \"mainEntityOfPage\": {\n    \"@type\": \"WebPage\",\n    \"@id\": \"https:\/\/redfoxlotto.com\/da\/lotteries\/eurojackpot\/\"\n  }\n}\n<\/script><\/p>\n<p>Eurojackpot har eksisteret siden 2012, og det er blevet ved med at stige i popularitet siden. En af grundene til dette er, at der er nogle k\u00e6mpe jackpots, og at du kan faktisk vinde en anst\u00e6ndig m\u00e6ngde penge (vi vil tale mere om dette).<!--more--><\/p>\n<p>Kuponer kan k\u00f8bes i 17 deltagende europ\u00e6iske lande, hvilket g\u00f8r det nemt for de lande, der allerede er inden for denne region.<\/p>\n<p>Men hvad med alle de andre, der ikke bare kan g\u00e5 til en butik for at <a href=\"https:\/\/redfoxlotto.com\/da\/lotteri\/eurojackpot\/\">k\u00f8be Eurojackpot kuponer<\/a>? Online k\u00f8b er vejen frem. <strong>Du kan ogs\u00e5 k\u00f8be dine kuponer online fra os, hvis du ikke bor i et af disse europ\u00e6iske lande.<\/strong><\/p>\n<h2>Jackpotten<\/h2>\n<p><img decoding=\"async\" class=\"size-full wp-image alignright\" src=\"https:\/\/content.redfoxlotto.com\/uploads\/sites\/9\/1_ticket_eurojackpot2.jpg\" alt=\"eurojackpot\" \/><\/p>\n<p>Eurojackpot lotteriet har et minimum jackpotbel\u00f8b p\u00e5 \u20ac10.000.000. Det vil helt sikkert v\u00e6re en enorm fordel for dig, og g\u00f8re en stor forskel i dit liv, ikke? N\u00e5, du vil helt sikkert f\u00e5 nogle virkelig seje ting med de penge eller betale din g\u00e6ld af, eller noget helt andet. Men det er det mindste. Bel\u00f8bet kan blive en hel del st\u00f8rre. Faktisk kan det maksimale bel\u00f8b n\u00e5 op \u20ac120.000.000. Det vil g\u00f8re en stor forskel i dit liv, men hvad hvis ingen vinder bel\u00f8bet? Alle bel\u00f8b ud over dette bel\u00f8b vil blive overf\u00f8rt til den anden tier.<\/p>\n<p>Det betyder, at du kun kan vinde den gigantiske jackpot, indtil den n\u00e5r gr\u00e6nsen. Derfra, vil det n\u00e6sth\u00f8jeste bel\u00f8b begynde at g\u00e5 op. Det betyder, at du kan ende med en enorm jackpot selvom du matcher f\u00e6rre numre, fordi anden tieren vil f\u00e5 en rigtig stor bonus, og en ny chance for at vinde stort.<\/p>\n<h2>Reglerne for Eurojackpot<\/h2>\n<p>Hvis du \u00f8nsker at spille Eurojackpot skal du fuldf\u00f8re processen rigtigt. Du skal sikre dig, at du spiller spillet rigtigt, og at din kupon er valgt p\u00e5 den rigtige m\u00e5de. Du er utrolig heldig, fordi disse kuponer er super enkle at udv\u00e6lge, og du kan v\u00e6lge pr\u00e6cis, hvad du \u00f8nsker, uden problemer.<br \/>\nDu v\u00e6lger 5 hovednumre mellem 1 og 50 og derefter to ekstra tal mellem 1 og 12. S\u00e5 de 5 vigtigste tal er stadig dem som s\u00f8rger for at du f\u00e5r din pr\u00e6mie, selvom du ikke matcher de ekstra numre eller stjernenumrene. Der er 12 pr\u00e6mieniveauer.<\/p>\n<p>Det betyder, at der er en r\u00e6kke forskellige kombinationer af matchende numre, som du kan have, og de vil give dig en vis form for pr\u00e6mie. Du kan vinde nok til at d\u00e6kke prisen p\u00e5 din lottokupon, eller du kan stadig vinde millioner uden at skulle matche alle tal.<\/p>\n<p>Selvf\u00f8lgelig, for at vinde hovedpr\u00e6mien, skal du have alle 5 tal, og de 2 ekstra tal. Dette vil v\u00e6re kompliceret, og det vil forekomme virkelig sj\u00e6ldent, men det er absolut muligt. <strong>Der vil trodsalt v\u00e6re nogen som kommer til at vinde gevinsten, ikke?<\/strong> Hvorfor kan nogen ikke v\u00e6re dig? Vi tror, at det absolut kunne v\u00e6re dig, og alt hvad du beh\u00f8ver at g\u00f8re er at tage et kig p\u00e5 hvordan man udv\u00e6lger sin kupon og derefter k\u00f8be den.<\/p>\n<h2>K\u00f8b din Eurojackpot kupon<\/h2>\n<p><img loading=\"lazy\" decoding=\"async\" class=\" wp-image alignright\" src=\"https:\/\/content.redfoxlotto.com\/uploads\/sites\/9\/1_eurojackpot_buy_ticket.jpg\" alt=\"k\u00f8b eurojackpot-billet\" width=\"276\" height=\"183\" \/><\/p>\n<p>Hvis du er klar til at k\u00f8be Eurojackpot kuponer online, er du klar til at tage et kig p\u00e5 vores system og vores hjemmeside. Alt du skal g\u00f8re er at g\u00e5 online og tage et kig, men du er der allerede. Hvad vil du g\u00f8re nu? Du skal da se p\u00e5 de forskellige kuponer, vi har til r\u00e5dighed.<\/p>\n<p>Vi tilbyder de bedste kuponer og de mest popul\u00e6re spil, hvilket giver dig de st\u00f8rste jackpots. N\u00e5r du tager et kig kan du beslutte, om du \u00f8nsker at k\u00f8be Eurojackpot kuponer, og du blive henvist til en separat side.<\/p>\n<p>P\u00e5 denne side f\u00e5r du blot oplysninger om Eurojackpot, og du vil kunne udv\u00e6lge de kuponer du \u00f8nsker. Du kan v\u00e6lge mellem et vilk\u00e5rligt antal kuponer, og du f\u00e5r mulighed for at v\u00e6lge de numre du \u00f8nsker p\u00e5 din kupon. S\u00e5 l\u00e6nge de tal du har h\u00f8re under de regler som vi har talt om ovenfor, f\u00e5r du mulighed for at v\u00e6lge en kombination af numre p\u00e5 alle dine kuponer.<\/p>\n<p>Selvf\u00f8lgelig, hvis du ikke ved, hvilke tal du rent faktisk \u00f8nsker at g\u00e5 med, kan du absolut v\u00e6lge en quick pick kupon i stedet.<br \/>\nMed en quick pick kupon kommer du til at f\u00e5 en tilf\u00e6ldig tildeling af numre, der passer kravene. Dette giver dig mulighed for at f\u00e5 en kupon, og du beh\u00f8ver ikke bekymre dig om noget andet. Hvis du \u00f8nsker at udv\u00e6lge et par tal, men du ikke \u00f8nsker at udv\u00e6lge alle tallene, kan du rent faktisk lave din egen kombination af de to, som helt sikkert vil g\u00f8re det nemt for dig at k\u00f8be din kupon.<\/p>\n<h2>Opret din konto<\/h2>\n<p>N\u00e5r du har alle dine tal, skal du blot oprette en konto. Det er faktisk super enkelt at oprette sin konto, og alt du beh\u00f8ver at g\u00f8re, er at udfylde nogle personlige oplysninger. Disse oplysninger vil g\u00f8re det super nemt for dig at s\u00e6tte penge ind p\u00e5 din konto, som du kan bruge til at betale for dine kuponer, og det kommer ogs\u00e5 til at g\u00f8re det virkelig nemt for dig at h\u00e6ve fra din konto n\u00e5r du vinder. <strong>Det er super simpelt, og ogs\u00e5 nemt.<\/strong><\/p>\n<p>N\u00e5r du er klar til at udv\u00e6lge dine kuponer, skal du bare logge ind p\u00e5 din konto igen, og du vil kunne afhente alle de <a href=\"https:\/\/redfoxlotto.com\/da\/lotteri\/\">lotto kuponer<\/a>, du \u00f8nsker. Hvis du v\u00e6lger en quick pick-l\u00f8sning, er det endnu nemmere, og du kan endda konfigurere tallene, s\u00e5 dine kuponer tilegner sig flere udtr\u00e6kninger. Det betyder, at du ikke beh\u00f8ver at bekymre dig om at k\u00f8be ekstra kuponer til den n\u00e6ste udtr\u00e6kning. Du skal bare beholde den samme kupon, og du er klar til at komme videre.<\/p>\n","protected":false},"excerpt":{"rendered":"<p>Eurojackpot har eksisteret siden 2012, og det er blevet ved med at stige i popularitet siden. En af grundene til dette er, at der er nogle k\u00e6mpe jackpots, og at du kan faktisk vinde en anst\u00e6ndig m\u00e6ngde penge (vi vil tale mere om dette).<\/p>\n","protected":false},"author":1,"featured_media":0,"parent":5002,"menu_order":4,"comment_status":"closed","ping_status":"closed","template":"eurojackpot-info.php","meta":{"_et_pb_use_builder":"","_et_pb_old_content":"","_et_gb_content_width":"","exclude_from_search":false,"footnotes":""},"class_list":["post-5003","page","type-page","status-publish","hentry"],"yoast_head":"<!-- This site is optimized with the Yoast SEO plugin v23.8 - https:\/\/yoast.com\/wordpress\/plugins\/seo\/ -->\n<title>S\u00e5dan k\u00f8ber du lottokuponer til Eurojackpot online<\/title>\n<meta name=\"description\" content=\"K\u00f8b Eurojackpot-lodder online - Brug vores service til at f\u00e5 din chance for at vinde med en officiel Eurojackpot-billet.\" \/>\n<meta name=\"robots\" content=\"index, follow, max-snippet:-1, max-image-preview:large, max-video-preview:-1\" \/>\n<link rel=\"canonical\" href=\"https:\/\/redfoxlotto.com\/da\/lotteri\/eurojackpot\/\" \/>\n<meta property=\"og:locale\" content=\"da_DK\" \/>\n<meta property=\"og:type\" content=\"article\" \/>\n<meta property=\"og:title\" content=\"S\u00e5dan k\u00f8ber du lottokuponer til Eurojackpot online\" \/>\n<meta property=\"og:description\" content=\"K\u00f8b Eurojackpot-lodder online - Brug vores service til at f\u00e5 din chance for at vinde med en officiel Eurojackpot-billet.\" \/>\n<meta property=\"og:url\" content=\"https:\/\/redfoxlotto.com\/da\/lotteri\/eurojackpot\/\" \/>\n<meta property=\"og:site_name\" content=\"Get Tickets for the World\u2019s largest jackpots\" \/>\n<meta property=\"article:modified_time\" content=\"2025-12-18T13:40:22+00:00\" \/>\n<meta property=\"og:image\" content=\"https:\/\/content.redfoxlotto.com\/uploads\/sites\/9\/1_ticket_eurojackpot2.jpg\" \/>\n<meta name=\"twitter:card\" content=\"summary_large_image\" \/>\n<meta name=\"twitter:label1\" content=\"Estimeret l\u00e6setid\" \/>\n\t<meta name=\"twitter:data1\" content=\"5 minutter\" \/>\n<script type=\"application\/ld+json\" class=\"yoast-schema-graph\">{\"@context\":\"https:\/\/schema.org\",\"@graph\":[{\"@type\":\"WebPage\",\"@id\":\"https:\/\/redfoxlotto.com\/da\/lotteri\/eurojackpot\/\",\"url\":\"https:\/\/redfoxlotto.com\/da\/lotteri\/eurojackpot\/\",\"name\":\"S\u00e5dan k\u00f8ber du lottokuponer til Eurojackpot online\",\"isPartOf\":{\"@id\":\"https:\/\/redfoxlotto.com\/da\/#website\"},\"primaryImageOfPage\":{\"@id\":\"https:\/\/redfoxlotto.com\/da\/lotteri\/eurojackpot\/#primaryimage\"},\"image\":{\"@id\":\"https:\/\/redfoxlotto.com\/da\/lotteri\/eurojackpot\/#primaryimage\"},\"thumbnailUrl\":\"https:\/\/content.redfoxlotto.com\/uploads\/sites\/9\/1_ticket_eurojackpot2.jpg\",\"datePublished\":\"2018-11-18T08:54:25+00:00\",\"dateModified\":\"2025-12-18T13:40:22+00:00\",\"description\":\"K\u00f8b Eurojackpot-lodder online - Brug vores service til at f\u00e5 din chance for at vinde med en officiel Eurojackpot-billet.\",\"breadcrumb\":{\"@id\":\"https:\/\/redfoxlotto.com\/da\/lotteri\/eurojackpot\/#breadcrumb\"},\"inLanguage\":\"da-DK\",\"potentialAction\":[{\"@type\":\"ReadAction\",\"target\":[\"https:\/\/redfoxlotto.com\/da\/lotteri\/eurojackpot\/\"]}]},{\"@type\":\"ImageObject\",\"inLanguage\":\"da-DK\",\"@id\":\"https:\/\/redfoxlotto.com\/da\/lotteri\/eurojackpot\/#primaryimage\",\"url\":\"https:\/\/content.redfoxlotto.com\/uploads\/sites\/9\/1_ticket_eurojackpot2.jpg\",\"contentUrl\":\"https:\/\/content.redfoxlotto.com\/uploads\/sites\/9\/1_ticket_eurojackpot2.jpg\"},{\"@type\":\"BreadcrumbList\",\"@id\":\"https:\/\/redfoxlotto.com\/da\/lotteri\/eurojackpot\/#breadcrumb\",\"itemListElement\":[{\"@type\":\"ListItem\",\"position\":1,\"name\":\"Home\",\"item\":\"https:\/\/redfoxlotto.com\/da\/\"},{\"@type\":\"ListItem\",\"position\":2,\"name\":\"S\u00e5dan k\u00f8ber du online lottokuponer \u2013 k\u00f8bsprocessen\",\"item\":\"https:\/\/redfoxlotto.com\/da\/lotteri\/\"},{\"@type\":\"ListItem\",\"position\":3,\"name\":\"Om Eurojackpot\"}]},{\"@type\":\"WebSite\",\"@id\":\"https:\/\/redfoxlotto.com\/da\/#website\",\"url\":\"https:\/\/redfoxlotto.com\/da\/\",\"name\":\"Get Tickets for the World\u2019s largest jackpots\",\"description\":\"Participate in worldwide lottery jackpots from any country\",\"publisher\":{\"@id\":\"https:\/\/redfoxlotto.com\/da\/#organization\"},\"potentialAction\":[{\"@type\":\"SearchAction\",\"target\":{\"@type\":\"EntryPoint\",\"urlTemplate\":\"https:\/\/redfoxlotto.com\/da\/?s={search_term_string}\"},\"query-input\":{\"@type\":\"PropertyValueSpecification\",\"valueRequired\":true,\"valueName\":\"search_term_string\"}}],\"inLanguage\":\"da-DK\"},{\"@type\":\"Organization\",\"@id\":\"https:\/\/redfoxlotto.com\/da\/#organization\",\"name\":\"Get Tickets for the World\u2019s largest jackpots\",\"url\":\"https:\/\/redfoxlotto.com\/da\/\",\"logo\":{\"@type\":\"ImageObject\",\"inLanguage\":\"da-DK\",\"@id\":\"https:\/\/redfoxlotto.com\/da\/#\/schema\/logo\/image\/\",\"url\":\"https:\/\/redfoxlotto.com\/wp-content\/uploads\/2023\/04\/logo.png\",\"contentUrl\":\"https:\/\/redfoxlotto.com\/wp-content\/uploads\/2023\/04\/logo.png\",\"width\":269,\"height\":53,\"caption\":\"Get Tickets for the World\u2019s largest jackpots\"},\"image\":{\"@id\":\"https:\/\/redfoxlotto.com\/da\/#\/schema\/logo\/image\/\"}}]}<\/script>\n<!-- \/ Yoast SEO plugin. -->","yoast_head_json":{"title":"S\u00e5dan k\u00f8ber du lottokuponer til Eurojackpot online","description":"K\u00f8b Eurojackpot-lodder online - Brug vores service til at f\u00e5 din chance for at vinde med en officiel Eurojackpot-billet.","robots":{"index":"index","follow":"follow","max-snippet":"max-snippet:-1","max-image-preview":"max-image-preview:large","max-video-preview":"max-video-preview:-1"},"canonical":"https:\/\/redfoxlotto.com\/da\/lotteri\/eurojackpot\/","og_locale":"da_DK","og_type":"article","og_title":"S\u00e5dan k\u00f8ber du lottokuponer til Eurojackpot online","og_description":"K\u00f8b Eurojackpot-lodder online - Brug vores service til at f\u00e5 din chance for at vinde med en officiel Eurojackpot-billet.","og_url":"https:\/\/redfoxlotto.com\/da\/lotteri\/eurojackpot\/","og_site_name":"Get Tickets for the World\u2019s largest jackpots","article_modified_time":"2025-12-18T13:40:22+00:00","og_image":[{"url":"https:\/\/content.redfoxlotto.com\/uploads\/sites\/9\/1_ticket_eurojackpot2.jpg"}],"twitter_card":"summary_large_image","twitter_misc":{"Estimeret l\u00e6setid":"5 minutter"},"schema":{"@context":"https:\/\/schema.org","@graph":[{"@type":"WebPage","@id":"https:\/\/redfoxlotto.com\/da\/lotteri\/eurojackpot\/","url":"https:\/\/redfoxlotto.com\/da\/lotteri\/eurojackpot\/","name":"S\u00e5dan k\u00f8ber du lottokuponer til Eurojackpot online","isPartOf":{"@id":"https:\/\/redfoxlotto.com\/da\/#website"},"primaryImageOfPage":{"@id":"https:\/\/redfoxlotto.com\/da\/lotteri\/eurojackpot\/#primaryimage"},"image":{"@id":"https:\/\/redfoxlotto.com\/da\/lotteri\/eurojackpot\/#primaryimage"},"thumbnailUrl":"https:\/\/content.redfoxlotto.com\/uploads\/sites\/9\/1_ticket_eurojackpot2.jpg","datePublished":"2018-11-18T08:54:25+00:00","dateModified":"2025-12-18T13:40:22+00:00","description":"K\u00f8b Eurojackpot-lodder online - Brug vores service til at f\u00e5 din chance for at vinde med en officiel Eurojackpot-billet.","breadcrumb":{"@id":"https:\/\/redfoxlotto.com\/da\/lotteri\/eurojackpot\/#breadcrumb"},"inLanguage":"da-DK","potentialAction":[{"@type":"ReadAction","target":["https:\/\/redfoxlotto.com\/da\/lotteri\/eurojackpot\/"]}]},{"@type":"ImageObject","inLanguage":"da-DK","@id":"https:\/\/redfoxlotto.com\/da\/lotteri\/eurojackpot\/#primaryimage","url":"https:\/\/content.redfoxlotto.com\/uploads\/sites\/9\/1_ticket_eurojackpot2.jpg","contentUrl":"https:\/\/content.redfoxlotto.com\/uploads\/sites\/9\/1_ticket_eurojackpot2.jpg"},{"@type":"BreadcrumbList","@id":"https:\/\/redfoxlotto.com\/da\/lotteri\/eurojackpot\/#breadcrumb","itemListElement":[{"@type":"ListItem","position":1,"name":"Home","item":"https:\/\/redfoxlotto.com\/da\/"},{"@type":"ListItem","position":2,"name":"S\u00e5dan k\u00f8ber du online lottokuponer \u2013 k\u00f8bsprocessen","item":"https:\/\/redfoxlotto.com\/da\/lotteri\/"},{"@type":"ListItem","position":3,"name":"Om Eurojackpot"}]},{"@type":"WebSite","@id":"https:\/\/redfoxlotto.com\/da\/#website","url":"https:\/\/redfoxlotto.com\/da\/","name":"Get Tickets for the World\u2019s largest jackpots","description":"Participate in worldwide lottery jackpots from any country","publisher":{"@id":"https:\/\/redfoxlotto.com\/da\/#organization"},"potentialAction":[{"@type":"SearchAction","target":{"@type":"EntryPoint","urlTemplate":"https:\/\/redfoxlotto.com\/da\/?s={search_term_string}"},"query-input":{"@type":"PropertyValueSpecification","valueRequired":true,"valueName":"search_term_string"}}],"inLanguage":"da-DK"},{"@type":"Organization","@id":"https:\/\/redfoxlotto.com\/da\/#organization","name":"Get Tickets for the World\u2019s largest jackpots","url":"https:\/\/redfoxlotto.com\/da\/","logo":{"@type":"ImageObject","inLanguage":"da-DK","@id":"https:\/\/redfoxlotto.com\/da\/#\/schema\/logo\/image\/","url":"https:\/\/redfoxlotto.com\/wp-content\/uploads\/2023\/04\/logo.png","contentUrl":"https:\/\/redfoxlotto.com\/wp-content\/uploads\/2023\/04\/logo.png","width":269,"height":53,"caption":"Get Tickets for the World\u2019s largest jackpots"},"image":{"@id":"https:\/\/redfoxlotto.com\/da\/#\/schema\/logo\/image\/"}}]}},"_links":{"self":[{"href":"https:\/\/redfoxlotto.com\/da\/wp-json\/wp\/v2\/pages\/5003","targetHints":{"allow":["GET"]}}],"collection":[{"href":"https:\/\/redfoxlotto.com\/da\/wp-json\/wp\/v2\/pages"}],"about":[{"href":"https:\/\/redfoxlotto.com\/da\/wp-json\/wp\/v2\/types\/page"}],"author":[{"embeddable":true,"href":"https:\/\/redfoxlotto.com\/da\/wp-json\/wp\/v2\/users\/1"}],"replies":[{"embeddable":true,"href":"https:\/\/redfoxlotto.com\/da\/wp-json\/wp\/v2\/comments?post=5003"}],"version-history":[{"count":0,"href":"https:\/\/redfoxlotto.com\/da\/wp-json\/wp\/v2\/pages\/5003\/revisions"}],"up":[{"embeddable":true,"href":"https:\/\/redfoxlotto.com\/da\/wp-json\/wp\/v2\/pages\/5002"}],"wp:attachment":[{"href":"https:\/\/redfoxlotto.com\/da\/wp-json\/wp\/v2\/media?parent=5003"}],"curies":[{"name":"wp","href":"https:\/\/api.w.org\/{rel}","templated":true}]}}