{"id":5002,"date":"2023-04-24T14:12:24","date_gmt":"2023-04-24T14:12:24","guid":{"rendered":"https:\/\/redfoxlotto.com\/?page_id=2466"},"modified":"2025-12-18T09:27:18","modified_gmt":"2025-12-18T09:27:18","slug":"lotteri","status":"publish","type":"page","link":"https:\/\/redfoxlotto.com\/da\/lotteri\/","title":{"rendered":"S\u00e5dan k\u00f8ber du online lottokuponer \u2013 k\u00f8bsprocessen"},"content":{"rendered":"<p><script type=\"application\/ld+json\">\n{\n  \"@context\": \"https:\/\/schema.org\",\n  \"@type\": \"Service\",\n  \"name\": \"K\u00f8b lotterisedler online\",\n  \"url\": \"https:\/\/redfoxlotto.com\/da\/lotteries\/\",\n  \"description\": \"K\u00f8b lotterisedler online \u2013 planetens bedste lotterier er tilg\u00e6ngelige her.\",\n  \"serviceType\": \"Online lotteri billetformidlingstjeneste\",<\/p>\n<p>  \"provider\": {\n    \"@type\": \"Organization\",\n    \"name\": \"RedFoxLotto\",\n    \"url\": \"https:\/\/redfoxlotto.com\/da\/\",\n    \"image\": \"https:\/\/redfoxlotto.com\/wp-content\/uploads\/2025\/12\/ticket_scans.jpg\"\n  },<\/p>\n<p>  \"areaServed\": \"Worldwide\",\n  \"termsOfService\": \"https:\/\/redfoxlotto.com\/terms-and-conditions\",<\/p>\n<p>  \"additionalProperty\": {\n    \"@type\": \"PropertyValue\",\n    \"name\": \"FAQ\",\n    \"value\": \"https:\/\/redfoxlotto.com\/da\/faq\/\"\n  },<\/p>\n<p>  \"hasOfferCatalog\": {\n    \"@type\": \"OfferCatalog\",\n    \"name\": \"Lodsedler verden over\",\n    \"itemListElement\": [\n      {\n        \"@type\": \"Offer\",\n        \"name\": \"Lodsedler\",\n        \"url\": \"https:\/\/redfoxlotto.com\/da\/lotteries\/\",\n        \"description\": \"K\u00f8b af verdens lotterisedler online er sikkert og nemt \u2013 s\u00e5dan g\u00f8r du.\",\n        \"availability\": \"https:\/\/schema.org\/InStock\",<\/p>\n<p>        \"itemOffered\": {\n          \"@type\": \"Service\",\n          \"name\": \"Online lotterisedler\",\n          \"description\": \"Deltag i verdens st\u00f8rste jackpotter \u2013 k\u00f8b dine billetter online via RedFoxLotto.\"\n        }\n      }\n    ]\n  },<\/p>\n<p>  \"mainEntityOfPage\": {\n    \"@type\": \"WebPage\",\n    \"@id\": \"https:\/\/redfoxlotto.com\/da\/lotteries\/\"\n  }\n}\n<\/script><\/p>\n<p>Klar til at k\u00f8be lottokuponer fra hvor som helst i verden? Eller m\u00e5ske er du ikke helt sikker p\u00e5 om du er klar? M\u00e5ske, er du ikke helt sikker p\u00e5 om du virkelig vil synes det er sjovt. Eller m\u00e5ske ved du ikke hvilken proces du skal igennem.<\/p>\n<p><!--more--><\/p>\n<p><img decoding=\"async\" class=\"size-full wp-image alignright\" src=\"https:\/\/content.redfoxlotto.com\/uploads\/sites\/9\/1_lottery_ticket.jpg\" alt=\"hvordan man k\u00f8ber lotteri online\" \/><\/p>\n<p>P\u00e5 vores hjemmeside kan du <a href=\"https:\/\/redfoxlotto.com\/da\/spil\/\">k\u00f8be lottokuponer til de st\u00f8rste lottospil<\/a> i verden. Og n\u00e5r vi snakker verden, s\u00e5 snakker vi om verden reelt set, ikke blot de kuponer som du k\u00f8ber i din hjemby. For os, inkludere dette Mega Millions og den amerikanske Power Ball, <a href=\"https:\/\/redfoxlotto.com\/da\/lotteri\/euromillions\/\">Euromillions<\/a>, <a href=\"https:\/\/redfoxlotto.com\/da\/lotteri\/eurojackpot\/\">Eurojackpot<\/a>, El Gordo og La Primitiva fra Spanien, SuperEna fra Italien og mange flere.<br \/>\nHvad der er endnu bedre ved at k\u00f8be disse kuponer fra vores online system er at du kan f\u00e5 dine kuponer med fire enkle trin. Du skal ikke bekymre dig om at skulle igennem en masse h\u00e5rdt arbejde bare for at f\u00e5 en kupon fra et helt andet land. At f\u00e5 dine kuponer online vil v\u00e6re som et knips p\u00e5 fingeren for dig.<\/p>\n<h2>S\u00e5dan k\u00f8ber man kuponer online med fire enkle trin:<\/h2>\n<h3>Trin 1- Valg af lottospil<\/h3>\n<p>P\u00e5 siden <a href=\"https:\/\/redfoxlotto.com\/da\/\">RedfoxLotto.com<\/a>, skal du v\u00e6lge det spil som du gerne vil k\u00f8be kuponer til. P\u00e5 vores hjemmeside, kan du se at spillene er fordelt efter andelen p\u00e5 den aktuelle jackpot. P\u00e5 den m\u00e5de kan du v\u00e6lge hvilken kupon der er v\u00e6rd at k\u00f8be, og du kan endda se de forskellige lottospil, og finde mere information omkring dem.<\/p>\n<p>Hvis du g\u00e5r ind p\u00e5 hver enkel side, kan du se hvorn\u00e5r tallene udtr\u00e6kkes, hvor meget de er p\u00e5, og hvordan man skal udv\u00e6lge tal. S\u00e5 du kommer aldrig til at g\u00e5 i blinde.<\/p>\n<h3>Trin 2 -V\u00e6lg dine tal<\/h3>\n<p>Brug musen til at v\u00e6lge de tal, du \u00f8nsker. Kasserne vil fort\u00e6lle dig, hvor mange numre du har brug for, og vil ogs\u00e5 fort\u00e6lle dig hvis du har brug for s\u00e6rlige numre (ligesom Powerball eller MegaMillions fra de spil du er vant til). Hvis du ikke \u00f8nsker at udv\u00e6lge dine egne numre, kan du ogs\u00e5 bruge funktionen &#8220;quick pick&#8221; for at v\u00e6lge tilf\u00e6ldige tal.<\/p>\n<p>N\u00e5r du har valgt dine helt tilf\u00e6ldige tal, har du stadig noget at skulle have sagt. S\u00e5 hvis du ender med 2 tal du ikke kan lide, kan du bytte dem ud med nogle andre. Du kan ogs\u00e5 indtaste dine egne tal f\u00f8rst, og s\u00e5 f\u00e5 andre valgt helt tilf\u00e6ldigt.<br \/>\nDu beh\u00f8ver ikke bekymre dig for om du ikke har valgt nok, eller for mange tal. I disse tilf\u00e6lde, vil systemet advare dig og bede dig om at tilf\u00f8je eller fjerne tallene f\u00f8r du k\u00f8ber kuponerne. Det er s\u00e5 enkelt.<\/p>\n<p>Du kan derefter k\u00f8be flere kuponer til andre lottospil, og tilf\u00f8je dem til din ordre. N\u00e5r du har udvalgt alle dine kuponer, skal du klikke p\u00e5 &#8220;betal nu&#8221;. Du kan k\u00f8be flere kuponer til et lottospil eller kuponer fra en hvilken som helst kombination af lottospil som er tilf\u00f8jet til din kurv i slutningen af processen, og betale for dem alle p\u00e5 samme tid og under en ordre.<\/p>\n<h3>Trin 3 -Tilmeld dig eller log ind<\/h3>\n<p>Nu er du n\u00f8dt til at registrere en kundekonto hos os for at k\u00f8be lottokuponer online. Til dette, har vi brug for nogle oplysninger fra dig. Dette g\u00f8res for din egen sikkerheds skyld, da du \u00f8nsker at blive underrettet i tilf\u00e6lde af en gevinst. Hvis du allerede er registreret hos os, beh\u00f8ver du kun at logge ind med dine login-data. Hvis du har glemt din adgangskode, skal du bruge funktionen &#8220;glemt adgangskode&#8221;.<\/p>\n<h3>Trin 4 \u2013 Betaling<\/h3>\n<p><img decoding=\"async\" class=\"size-full wp-image alignright\" src=\"https:\/\/content.redfoxlotto.com\/uploads\/sites\/9\/1_buy_lottery_online.jpg\" alt=\"betal billet online\" \/>V\u00e6lg den betalingsm\u00e5de du foretr\u00e6kker p\u00e5 din kundekonto. De muligheder der er tilg\u00e6ngelige for dig, kan variere afh\u00e6ngigt af dit opholdsland. MasterCard, Visa, \u00f8jeblikkelig bankoverf\u00f8rsel, Bitcoin, NETELLER, Skrill og Paysafecard er blot nogle af de betalingsmuligheder vi udbyder. Du skal blot v\u00e6lge den du vil have, og derefter klikke p\u00e5 knappen &#8220;k\u00f8b&#8221;.<br \/>\nEfter betalingen vil du modtage en e-mail, som bekr\u00e6fter dit k\u00f8b til din registrerede e-mailadresse. Det er s\u00e5 du kan s\u00f8rge for din ordre er blevet placeret, og du er klar til udtr\u00e6kningen.<\/p>\n<p>N\u00e5r du er registreret, kan du ogs\u00e5 indbetale nogle penge til din konto for at k\u00f8be de kuponer du \u00f8nsker senere. Det er en utrolig simpel proces, fordi vi \u00f8nsker at sikre at du kan f\u00e5 de kuponer du \u00f8nsker p\u00e5 ingen tid. Selvf\u00f8lgelig kan du ogs\u00e5 bare tilf\u00f8je nogle lottokuponer til din indk\u00f8bskurv og derefter betale for disse for at fuldf\u00f8re din ordre.<br \/>\nP\u00e5 fire trin og bare et par minutter, vil du v\u00e6re klar til udtr\u00e6kningen. Og du beh\u00f8ver ikke v\u00e6re urolig for at mangle noget, da vi vil underrette dig hvis du vinder noget fra udtr\u00e6kningen.<\/p>\n<h2>N\u00e5r du har k\u00f8bt dine billetter online<\/h2>\n<p>Selvf\u00f8lgelig, kan du altid g\u00e5 til din konto hvis n\u00e5r du vil, og se de kuponer du har k\u00f8bt, og hvilke spil de passer til.<br \/>\nHvis du har vundet, eller matchet nogle tal efter udtr\u00e6kningen, vil vi vise dig de tal som du har matchet med og fort\u00e6lle dig p\u00e5 din brugerside om du har vundet. Vi vil ogs\u00e5 lade dig vide, hvad du skal g\u00f8re for at g\u00f8re krav p\u00e5 dine gevinster, s\u00e5 du ikke beh\u00f8ver at bekymre dig om at mangle noget.<\/p>\n<p>Det er s\u00e5 simpelt at spille lotto med os, og det kommer til at v\u00e6re langt sjovere end noget andet du har spillet f\u00f8r, da du kommer til at have langt flere muligheder. S\u00e5 dette burde virkelig f\u00e5 dig til at overveje at k\u00f8be dine kuponer online.<\/p>\n","protected":false},"excerpt":{"rendered":"<p>Klar til at k\u00f8be lottokuponer fra hvor som helst i verden? Eller m\u00e5ske er du ikke helt sikker p\u00e5 om du er klar? M\u00e5ske, er du ikke helt sikker p\u00e5 om du virkelig vil synes det er sjovt. Eller m\u00e5ske ved du ikke hvilken proces du skal igennem.<\/p>\n","protected":false},"author":1,"featured_media":0,"parent":0,"menu_order":3,"comment_status":"closed","ping_status":"closed","template":"Information.php","meta":{"_et_pb_use_builder":"","_et_pb_old_content":"","_et_gb_content_width":"","exclude_from_search":false,"footnotes":""},"class_list":["post-5002","page","type-page","status-publish","hentry"],"yoast_head":"<!-- This site is optimized with the Yoast SEO plugin v23.8 - https:\/\/yoast.com\/wordpress\/plugins\/seo\/ -->\n<title>K\u00f8b lottokuponer online?<\/title>\n<meta name=\"description\" content=\"Det er sikkert og nemt at k\u00f8be lottokuponer verden over \u2013 s\u00e5dan her virker det!\" \/>\n<meta name=\"robots\" content=\"index, follow, max-snippet:-1, max-image-preview:large, max-video-preview:-1\" \/>\n<link rel=\"canonical\" href=\"https:\/\/redfoxlotto.com\/da\/lotteri\/\" \/>\n<meta property=\"og:locale\" content=\"da_DK\" \/>\n<meta property=\"og:type\" content=\"article\" \/>\n<meta property=\"og:title\" content=\"K\u00f8b lottokuponer online?\" \/>\n<meta property=\"og:description\" content=\"Det er sikkert og nemt at k\u00f8be lottokuponer verden over \u2013 s\u00e5dan her virker det!\" \/>\n<meta property=\"og:url\" content=\"https:\/\/redfoxlotto.com\/da\/lotteri\/\" \/>\n<meta property=\"og:site_name\" content=\"Get Tickets for the World\u2019s largest jackpots\" \/>\n<meta property=\"article:modified_time\" content=\"2025-12-18T09:27:18+00:00\" \/>\n<meta property=\"og:image\" content=\"https:\/\/content.redfoxlotto.com\/uploads\/sites\/9\/1_lottery_ticket.jpg\" \/>\n<meta name=\"twitter:card\" content=\"summary_large_image\" \/>\n<meta name=\"twitter:label1\" content=\"Estimeret l\u00e6setid\" \/>\n\t<meta name=\"twitter:data1\" content=\"5 minutter\" \/>\n<script type=\"application\/ld+json\" class=\"yoast-schema-graph\">{\"@context\":\"https:\/\/schema.org\",\"@graph\":[{\"@type\":\"WebPage\",\"@id\":\"https:\/\/redfoxlotto.com\/da\/lotteri\/\",\"url\":\"https:\/\/redfoxlotto.com\/da\/lotteri\/\",\"name\":\"K\u00f8b lottokuponer online?\",\"isPartOf\":{\"@id\":\"https:\/\/redfoxlotto.com\/da\/#website\"},\"primaryImageOfPage\":{\"@id\":\"https:\/\/redfoxlotto.com\/da\/lotteri\/#primaryimage\"},\"image\":{\"@id\":\"https:\/\/redfoxlotto.com\/da\/lotteri\/#primaryimage\"},\"thumbnailUrl\":\"https:\/\/content.redfoxlotto.com\/uploads\/sites\/9\/1_lottery_ticket.jpg\",\"datePublished\":\"2023-04-24T14:12:24+00:00\",\"dateModified\":\"2025-12-18T09:27:18+00:00\",\"description\":\"Det er sikkert og nemt at k\u00f8be lottokuponer verden over \u2013 s\u00e5dan her virker det!\",\"breadcrumb\":{\"@id\":\"https:\/\/redfoxlotto.com\/da\/lotteri\/#breadcrumb\"},\"inLanguage\":\"da-DK\",\"potentialAction\":[{\"@type\":\"ReadAction\",\"target\":[\"https:\/\/redfoxlotto.com\/da\/lotteri\/\"]}]},{\"@type\":\"ImageObject\",\"inLanguage\":\"da-DK\",\"@id\":\"https:\/\/redfoxlotto.com\/da\/lotteri\/#primaryimage\",\"url\":\"https:\/\/content.redfoxlotto.com\/uploads\/sites\/9\/1_lottery_ticket.jpg\",\"contentUrl\":\"https:\/\/content.redfoxlotto.com\/uploads\/sites\/9\/1_lottery_ticket.jpg\"},{\"@type\":\"BreadcrumbList\",\"@id\":\"https:\/\/redfoxlotto.com\/da\/lotteri\/#breadcrumb\",\"itemListElement\":[{\"@type\":\"ListItem\",\"position\":1,\"name\":\"Home\",\"item\":\"https:\/\/redfoxlotto.com\/da\/\"},{\"@type\":\"ListItem\",\"position\":2,\"name\":\"S\u00e5dan k\u00f8ber du online lottokuponer \u2013 k\u00f8bsprocessen\"}]},{\"@type\":\"WebSite\",\"@id\":\"https:\/\/redfoxlotto.com\/da\/#website\",\"url\":\"https:\/\/redfoxlotto.com\/da\/\",\"name\":\"Get Tickets for the World\u2019s largest jackpots\",\"description\":\"Participate in worldwide lottery jackpots from any country\",\"publisher\":{\"@id\":\"https:\/\/redfoxlotto.com\/da\/#organization\"},\"potentialAction\":[{\"@type\":\"SearchAction\",\"target\":{\"@type\":\"EntryPoint\",\"urlTemplate\":\"https:\/\/redfoxlotto.com\/da\/?s={search_term_string}\"},\"query-input\":{\"@type\":\"PropertyValueSpecification\",\"valueRequired\":true,\"valueName\":\"search_term_string\"}}],\"inLanguage\":\"da-DK\"},{\"@type\":\"Organization\",\"@id\":\"https:\/\/redfoxlotto.com\/da\/#organization\",\"name\":\"Get Tickets for the World\u2019s largest jackpots\",\"url\":\"https:\/\/redfoxlotto.com\/da\/\",\"logo\":{\"@type\":\"ImageObject\",\"inLanguage\":\"da-DK\",\"@id\":\"https:\/\/redfoxlotto.com\/da\/#\/schema\/logo\/image\/\",\"url\":\"https:\/\/redfoxlotto.com\/wp-content\/uploads\/2023\/04\/logo.png\",\"contentUrl\":\"https:\/\/redfoxlotto.com\/wp-content\/uploads\/2023\/04\/logo.png\",\"width\":269,\"height\":53,\"caption\":\"Get Tickets for the World\u2019s largest jackpots\"},\"image\":{\"@id\":\"https:\/\/redfoxlotto.com\/da\/#\/schema\/logo\/image\/\"}}]}<\/script>\n<!-- \/ Yoast SEO plugin. -->","yoast_head_json":{"title":"K\u00f8b lottokuponer online?","description":"Det er sikkert og nemt at k\u00f8be lottokuponer verden over \u2013 s\u00e5dan her virker det!","robots":{"index":"index","follow":"follow","max-snippet":"max-snippet:-1","max-image-preview":"max-image-preview:large","max-video-preview":"max-video-preview:-1"},"canonical":"https:\/\/redfoxlotto.com\/da\/lotteri\/","og_locale":"da_DK","og_type":"article","og_title":"K\u00f8b lottokuponer online?","og_description":"Det er sikkert og nemt at k\u00f8be lottokuponer verden over \u2013 s\u00e5dan her virker det!","og_url":"https:\/\/redfoxlotto.com\/da\/lotteri\/","og_site_name":"Get Tickets for the World\u2019s largest jackpots","article_modified_time":"2025-12-18T09:27:18+00:00","og_image":[{"url":"https:\/\/content.redfoxlotto.com\/uploads\/sites\/9\/1_lottery_ticket.jpg"}],"twitter_card":"summary_large_image","twitter_misc":{"Estimeret l\u00e6setid":"5 minutter"},"schema":{"@context":"https:\/\/schema.org","@graph":[{"@type":"WebPage","@id":"https:\/\/redfoxlotto.com\/da\/lotteri\/","url":"https:\/\/redfoxlotto.com\/da\/lotteri\/","name":"K\u00f8b lottokuponer online?","isPartOf":{"@id":"https:\/\/redfoxlotto.com\/da\/#website"},"primaryImageOfPage":{"@id":"https:\/\/redfoxlotto.com\/da\/lotteri\/#primaryimage"},"image":{"@id":"https:\/\/redfoxlotto.com\/da\/lotteri\/#primaryimage"},"thumbnailUrl":"https:\/\/content.redfoxlotto.com\/uploads\/sites\/9\/1_lottery_ticket.jpg","datePublished":"2023-04-24T14:12:24+00:00","dateModified":"2025-12-18T09:27:18+00:00","description":"Det er sikkert og nemt at k\u00f8be lottokuponer verden over \u2013 s\u00e5dan her virker det!","breadcrumb":{"@id":"https:\/\/redfoxlotto.com\/da\/lotteri\/#breadcrumb"},"inLanguage":"da-DK","potentialAction":[{"@type":"ReadAction","target":["https:\/\/redfoxlotto.com\/da\/lotteri\/"]}]},{"@type":"ImageObject","inLanguage":"da-DK","@id":"https:\/\/redfoxlotto.com\/da\/lotteri\/#primaryimage","url":"https:\/\/content.redfoxlotto.com\/uploads\/sites\/9\/1_lottery_ticket.jpg","contentUrl":"https:\/\/content.redfoxlotto.com\/uploads\/sites\/9\/1_lottery_ticket.jpg"},{"@type":"BreadcrumbList","@id":"https:\/\/redfoxlotto.com\/da\/lotteri\/#breadcrumb","itemListElement":[{"@type":"ListItem","position":1,"name":"Home","item":"https:\/\/redfoxlotto.com\/da\/"},{"@type":"ListItem","position":2,"name":"S\u00e5dan k\u00f8ber du online lottokuponer \u2013 k\u00f8bsprocessen"}]},{"@type":"WebSite","@id":"https:\/\/redfoxlotto.com\/da\/#website","url":"https:\/\/redfoxlotto.com\/da\/","name":"Get Tickets for the World\u2019s largest jackpots","description":"Participate in worldwide lottery jackpots from any country","publisher":{"@id":"https:\/\/redfoxlotto.com\/da\/#organization"},"potentialAction":[{"@type":"SearchAction","target":{"@type":"EntryPoint","urlTemplate":"https:\/\/redfoxlotto.com\/da\/?s={search_term_string}"},"query-input":{"@type":"PropertyValueSpecification","valueRequired":true,"valueName":"search_term_string"}}],"inLanguage":"da-DK"},{"@type":"Organization","@id":"https:\/\/redfoxlotto.com\/da\/#organization","name":"Get Tickets for the World\u2019s largest jackpots","url":"https:\/\/redfoxlotto.com\/da\/","logo":{"@type":"ImageObject","inLanguage":"da-DK","@id":"https:\/\/redfoxlotto.com\/da\/#\/schema\/logo\/image\/","url":"https:\/\/redfoxlotto.com\/wp-content\/uploads\/2023\/04\/logo.png","contentUrl":"https:\/\/redfoxlotto.com\/wp-content\/uploads\/2023\/04\/logo.png","width":269,"height":53,"caption":"Get Tickets for the World\u2019s largest jackpots"},"image":{"@id":"https:\/\/redfoxlotto.com\/da\/#\/schema\/logo\/image\/"}}]}},"_links":{"self":[{"href":"https:\/\/redfoxlotto.com\/da\/wp-json\/wp\/v2\/pages\/5002","targetHints":{"allow":["GET"]}}],"collection":[{"href":"https:\/\/redfoxlotto.com\/da\/wp-json\/wp\/v2\/pages"}],"about":[{"href":"https:\/\/redfoxlotto.com\/da\/wp-json\/wp\/v2\/types\/page"}],"author":[{"embeddable":true,"href":"https:\/\/redfoxlotto.com\/da\/wp-json\/wp\/v2\/users\/1"}],"replies":[{"embeddable":true,"href":"https:\/\/redfoxlotto.com\/da\/wp-json\/wp\/v2\/comments?post=5002"}],"version-history":[{"count":0,"href":"https:\/\/redfoxlotto.com\/da\/wp-json\/wp\/v2\/pages\/5002\/revisions"}],"wp:attachment":[{"href":"https:\/\/redfoxlotto.com\/da\/wp-json\/wp\/v2\/media?parent=5002"}],"curies":[{"name":"wp","href":"https:\/\/api.w.org\/{rel}","templated":true}]}}