{"id":49903,"date":"2023-04-13T18:01:41","date_gmt":"2023-04-13T18:01:41","guid":{"rendered":"https:\/\/redfoxlotto.eu\/?page_id=49903"},"modified":"2026-01-06T08:24:08","modified_gmt":"2026-01-06T08:24:08","slug":"dit-bopaelsland-er-ligegyldigt-spil-de-stoerste-lotterier-i-verden","status":"publish","type":"page","link":"https:\/\/redfoxlotto.com\/da\/","title":{"rendered":"Dit bop\u00e6lsland er ligegyldigt, spil de st\u00f8rste lotterier i verden"},"content":{"rendered":"<p><script type=\"application\/ld+json\">\n{\n  \"@context\": \"https:\/\/schema.org\",\n  \"@type\": \"Service\",\n  \"name\": \"Spil Powerball online\",\n  \"url\": \"https:\/\/redfoxlotto.com\/da\/\",\n  \"description\": \"Verdens st\u00f8rste lottojackpots tilg\u00e6ngelige overalt \u2013 k\u00f8b dine lottokuponer online nu!\",\n  \"serviceType\": \"Online formidlingstjeneste for lottokuponer\",\n  \"provider\": {\n    \"@type\": \"Organization\",\n    \"name\": \"RedFoxLotto\",\n    \"url\": \"https:\/\/redfoxlotto.com\/da\/\",\n    \"image\": \"https:\/\/redfoxlotto.com\/wp-content\/uploads\/2025\/12\/ticket_scans.jpg\"\n  },\n  \"areaServed\": \"Verdensomsp\u00e6ndende\",\n  \"termsOfService\": \"https:\/\/redfoxlotto.com\/terms-and-conditions\",\n  \"additionalProperty\": {\n    \"@type\": \"PropertyValue\",\n    \"name\": \"Ofte stillede sp\u00f8rgsm\u00e5l\",\n    \"value\": \"https:\/\/redfoxlotto.com\/da\/faq\/\"\n  },\n  \"hasOfferCatalog\": {\n    \"@type\": \"OfferCatalog\",\n    \"name\": \"Lottokuponer til internationale lotterier\",\n    \"itemListElement\": [\n      {\n        \"@type\": \"Offer\",\n        \"name\": \"Kuponer til Powerball, Mega Millions, Euromillions og flere\",\n        \"url\": \"https:\/\/redfoxlotto.com\/da\/\",\n        \"description\": \"K\u00f8b kuponer til verdens st\u00f8rste lottojackpots.\",\n        \"availability\": \"https:\/\/schema.org\/InStock\",\n        \"itemOffered\": {\n          \"@type\": \"Service\",\n          \"name\": \"Internationale lottokuponer\",\n          \"description\": \"Deltag i internationale lotterier via RedFoxLotto.\"\n        }\n      }\n    ]\n  },\n  \"mainEntityOfPage\": {\n    \"@type\": \"WebPage\",\n    \"@id\": \"https:\/\/redfoxlotto.com\/da\/\"\n  }\n}\n<\/script><\/p>\n<h2>Dit bop\u00e6lsland er ligegyldigt \u2013 spil verdens st\u00f8rste lotterier<\/h2>\n<p><img loading=\"lazy\" decoding=\"async\" class=\"size-full wp-image-4467 alignright\" src=\"https:\/\/redfoxlotto.com\/wp-content\/uploads\/2024\/03\/Balls_2.png\" alt=\"online lotteriseddel\" width=\"212\" height=\"250\" \/>Hvor mange gange har du h\u00f8rt om lotterivindere rundt om i verden, som har vundet enorme pengebel\u00f8b? Desv\u00e6rre er disse store gevinster oftest opn\u00e5et i andre lande. Selvf\u00f8lgelig dukker der ogs\u00e5 store jackpots op i dit eget land fra tid til anden. Men det tager ofte lang tid, f\u00f8r en jackpot bliver stor nok. Hvis du venter p\u00e5 at vinde en stor jackpot, kan det derfor tage et stykke tid.<\/p>\n<p>Nu kan du dog k\u00f8be lotterisedler online til verdens st\u00f8rste jackpots. Det betyder, at du kan deltage i lotterier uden for dit eget land. Det er helt lovligt og meget bekvemt. Du kan bestille din lotteriseddel online med blot f\u00e5 museklik. Derefter betaler du for eksempel med kreditkort via en fuldt sikker proces. Alternativt kan du bruge en af vores andre betalingsmetoder. Du vil kort efter modtage en bekr\u00e6ftelsesmail. Ingen lotteriseddel kan g\u00e5 tabt, og vi giver dig automatisk besked ved enhver gevinst. P\u00e5 den m\u00e5de kan du ikke g\u00e5 glip af en gevinst, fordi du glemte at tjekke resultaterne!<\/p>\n<h2>Den st\u00f8rste fordel ved at k\u00f8be en lotteriseddel online<\/h2>\n<p>Den st\u00f8rste fordel er, at du altid kan k\u00f8be sedler til lotterier, hvor jackpotten i \u00f8jeblikket er p\u00e5 sit h\u00f8jeste niveau. Det er ligegyldigt, hvor mange penge du bruger p\u00e5 lotterisedler. Det er klart mere \u00f8konomisk at investere i en jackpot p\u00e5 150 millioner end i en udbetaling p\u00e5 to millioner. Med flere lotterier tilg\u00e6ngelige online kan du finde mindst \u00e9n stor jackpot hver uge. Det giver dig et bedre forhold mellem pris og potentiel gevinst end dit lokale lotteri. Og nogle gange kan disse jackpots n\u00e5 svimlende h\u00f8jder.<\/p>\n<p>Verdensrekorden for jackpot er 2.040.000.000 USD (pr. juli 2023). Den blev vundet den 22. november 2022 i det amerikanske Powerball-lotteri. Den 13. januar 2016 var der endnu en jackpot p\u00e5 1,586 milliarder USD, ogs\u00e5 vundet i Powerball. Den tredjest\u00f8rste jackpot nogensinde blev vundet i Mega Millions-lotteriet den 23. oktober 2018, hvor en heldig vinder vandt 1,537 milliarder USD.<\/p>\n<p>Mange af de tidligere store gevinster i disse lotterier er opn\u00e5et ved k\u00f8b af sedler online.<\/p>\n<h2>Hvad sker der, efter jeg bestiller min seddel online?<\/h2>\n<p><img loading=\"lazy\" decoding=\"async\" class=\"size-medium wp-image-39298 alignright\" src=\"https:\/\/redfoxlotto.com\/wp-content\/uploads\/2023\/04\/1_play_online_lotto.jpg\" alt=\"spil online lotto\" width=\"300\" height=\"300\" \/>Den service, som RedFoxLotto.com tilbyder, er, at vi har medarbejdere i de lande, hvor de forskellige lotterier afholdes. De k\u00f8ber de sedler, du har bestilt. Der er tale om \u00e6gte, officielle lotterisedler. Vi sikrer, at sedlerne indeholder de tal, du har valgt. Efter k\u00f8bet modtager du en bekr\u00e6ftelsesmail. Du kan se din ordre og kontrollere dine tal i dit kundeomr\u00e5de. Kort efter bestillingen vil en scanning af den seddel, vi har k\u00f8bt til dig, blive uploadet til din konto.<\/p>\n<h2>Og hvad hvis jeg vinder?<\/h2>\n<p>Det g\u00f8r vi ogs\u00e5 nemt for dig. Alle gevinster under \u20ac2.500 vil straks blive krediteret til din RedFoxLotto-konto. Derfra har du de samme udbetalingsmuligheder, som du brugte til at betale for dine sedler. Hvis din gevinst overstiger \u20ac2.500, vil vores kundeserviceteam kontakte dig for at arrangere udbetalingen. Vi kontakter den relevante lotterikommission p\u00e5 dine vegne. En s\u00e5dan udbetaling sker normalt direkte til din bankkonto, eller du modtager en check.<\/p>\n<p>Vi behandler dine gevinster gratis, bortset fra et mindre gebyr for bankoverf\u00f8rsler til visse banker.<\/p>\n<p>For mere information, se venligst vores FAQ. Hvis du ikke finder svar p\u00e5 dine sp\u00f8rgsm\u00e5l der, er du velkommen til at kontakte vores supportteam.<\/p>\n<p>Der er alts\u00e5 ikke l\u00e6ngere nogen grund til at n\u00f8jes med mindre jackpots! V\u00e6lg blot en st\u00f8rre jackpot p\u00e5 vores hjemmeside. V\u00e6lg derefter dine tal, og snart kan du blive den n\u00e6ste lotteri-multimillion\u00e6r! Vi \u00f8nsker dig held og lykke!<\/p>\n","protected":false},"excerpt":{"rendered":"<p>Dit bop\u00e6lsland er ligegyldigt \u2013 spil verdens st\u00f8rste lotterier Hvor mange gange har du h\u00f8rt om lotterivindere rundt om i verden, som har vundet enorme pengebel\u00f8b? Desv\u00e6rre er disse store gevinster oftest opn\u00e5et i andre lande. Selvf\u00f8lgelig dukker der ogs\u00e5 store jackpots op i dit eget land fra tid til anden. Men det tager ofte [&hellip;]<\/p>\n","protected":false},"author":1,"featured_media":0,"parent":0,"menu_order":1,"comment_status":"closed","ping_status":"closed","template":"lotto.php","meta":{"_et_pb_use_builder":"","_et_pb_old_content":"","_et_gb_content_width":"","exclude_from_search":false,"footnotes":""},"class_list":["post-49903","page","type-page","status-publish","hentry"],"yoast_head":"<!-- This site is optimized with the Yoast SEO plugin v23.8 - https:\/\/yoast.com\/wordpress\/plugins\/seo\/ -->\n<title>Lotto online | K\u00f8b lottokuponer til verdens st\u00f8rste jackpots<\/title>\n<meta name=\"description\" content=\"Verdens st\u00f8rste jackpots til r\u00e5dighed fra overalt - k\u00f8b dine lottokuponer online nu!\" \/>\n<meta name=\"robots\" content=\"index, follow, max-snippet:-1, max-image-preview:large, max-video-preview:-1\" \/>\n<link rel=\"canonical\" href=\"https:\/\/redfoxlotto.com\/da\/\" \/>\n<meta property=\"og:locale\" content=\"da_DK\" \/>\n<meta property=\"og:type\" content=\"article\" \/>\n<meta property=\"og:title\" content=\"Lotto online | K\u00f8b lottokuponer til verdens st\u00f8rste jackpots\" \/>\n<meta property=\"og:description\" content=\"Verdens st\u00f8rste jackpots til r\u00e5dighed fra overalt - k\u00f8b dine lottokuponer online nu!\" \/>\n<meta property=\"og:url\" content=\"https:\/\/redfoxlotto.com\/da\/\" \/>\n<meta property=\"og:site_name\" content=\"Get Tickets for the World\u2019s largest jackpots\" \/>\n<meta property=\"article:modified_time\" content=\"2026-01-06T08:24:08+00:00\" \/>\n<meta property=\"og:image\" content=\"https:\/\/redfoxlotto.com\/wp-content\/uploads\/2024\/03\/Balls_2.png\" \/>\n<meta name=\"twitter:card\" content=\"summary_large_image\" \/>\n<meta name=\"twitter:label1\" content=\"Estimeret l\u00e6setid\" \/>\n\t<meta name=\"twitter:data1\" content=\"4 minutter\" \/>\n<script type=\"application\/ld+json\" class=\"yoast-schema-graph\">{\"@context\":\"https:\/\/schema.org\",\"@graph\":[{\"@type\":\"WebPage\",\"@id\":\"https:\/\/redfoxlotto.com\/da\/\",\"url\":\"https:\/\/redfoxlotto.com\/da\/\",\"name\":\"Lotto online | K\u00f8b lottokuponer til verdens st\u00f8rste jackpots\",\"isPartOf\":{\"@id\":\"https:\/\/redfoxlotto.com\/da\/#website\"},\"primaryImageOfPage\":{\"@id\":\"https:\/\/redfoxlotto.com\/da\/#primaryimage\"},\"image\":{\"@id\":\"https:\/\/redfoxlotto.com\/da\/#primaryimage\"},\"thumbnailUrl\":\"https:\/\/redfoxlotto.com\/wp-content\/uploads\/2024\/03\/Balls_2.png\",\"datePublished\":\"2023-04-13T18:01:41+00:00\",\"dateModified\":\"2026-01-06T08:24:08+00:00\",\"description\":\"Verdens st\u00f8rste jackpots til r\u00e5dighed fra overalt - k\u00f8b dine lottokuponer online nu!\",\"breadcrumb\":{\"@id\":\"https:\/\/redfoxlotto.com\/da\/#breadcrumb\"},\"inLanguage\":\"da-DK\",\"potentialAction\":[{\"@type\":\"ReadAction\",\"target\":[\"https:\/\/redfoxlotto.com\/da\/\"]}]},{\"@type\":\"ImageObject\",\"inLanguage\":\"da-DK\",\"@id\":\"https:\/\/redfoxlotto.com\/da\/#primaryimage\",\"url\":\"https:\/\/redfoxlotto.com\/wp-content\/uploads\/2024\/03\/Balls_2.png\",\"contentUrl\":\"https:\/\/redfoxlotto.com\/wp-content\/uploads\/2024\/03\/Balls_2.png\"},{\"@type\":\"BreadcrumbList\",\"@id\":\"https:\/\/redfoxlotto.com\/da\/#breadcrumb\",\"itemListElement\":[{\"@type\":\"ListItem\",\"position\":1,\"name\":\"Home\",\"item\":\"https:\/\/redfoxlotto.com\/da\/\"},{\"@type\":\"ListItem\",\"position\":2,\"name\":\"Dit bop\u00e6lsland er ligegyldigt, spil de st\u00f8rste lotterier i verden\"}]},{\"@type\":\"WebSite\",\"@id\":\"https:\/\/redfoxlotto.com\/da\/#website\",\"url\":\"https:\/\/redfoxlotto.com\/da\/\",\"name\":\"Get Tickets for the World\u2019s largest jackpots\",\"description\":\"Participate in worldwide lottery jackpots from any country\",\"publisher\":{\"@id\":\"https:\/\/redfoxlotto.com\/da\/#organization\"},\"potentialAction\":[{\"@type\":\"SearchAction\",\"target\":{\"@type\":\"EntryPoint\",\"urlTemplate\":\"https:\/\/redfoxlotto.com\/da\/?s={search_term_string}\"},\"query-input\":{\"@type\":\"PropertyValueSpecification\",\"valueRequired\":true,\"valueName\":\"search_term_string\"}}],\"inLanguage\":\"da-DK\"},{\"@type\":\"Organization\",\"@id\":\"https:\/\/redfoxlotto.com\/da\/#organization\",\"name\":\"Get Tickets for the World\u2019s largest jackpots\",\"url\":\"https:\/\/redfoxlotto.com\/da\/\",\"logo\":{\"@type\":\"ImageObject\",\"inLanguage\":\"da-DK\",\"@id\":\"https:\/\/redfoxlotto.com\/da\/#\/schema\/logo\/image\/\",\"url\":\"https:\/\/redfoxlotto.com\/wp-content\/uploads\/2023\/04\/logo.png\",\"contentUrl\":\"https:\/\/redfoxlotto.com\/wp-content\/uploads\/2023\/04\/logo.png\",\"width\":269,\"height\":53,\"caption\":\"Get Tickets for the World\u2019s largest jackpots\"},\"image\":{\"@id\":\"https:\/\/redfoxlotto.com\/da\/#\/schema\/logo\/image\/\"}}]}<\/script>\n<!-- \/ Yoast SEO plugin. -->","yoast_head_json":{"title":"Lotto online | K\u00f8b lottokuponer til verdens st\u00f8rste jackpots","description":"Verdens st\u00f8rste jackpots til r\u00e5dighed fra overalt - k\u00f8b dine lottokuponer online nu!","robots":{"index":"index","follow":"follow","max-snippet":"max-snippet:-1","max-image-preview":"max-image-preview:large","max-video-preview":"max-video-preview:-1"},"canonical":"https:\/\/redfoxlotto.com\/da\/","og_locale":"da_DK","og_type":"article","og_title":"Lotto online | K\u00f8b lottokuponer til verdens st\u00f8rste jackpots","og_description":"Verdens st\u00f8rste jackpots til r\u00e5dighed fra overalt - k\u00f8b dine lottokuponer online nu!","og_url":"https:\/\/redfoxlotto.com\/da\/","og_site_name":"Get Tickets for the World\u2019s largest jackpots","article_modified_time":"2026-01-06T08:24:08+00:00","og_image":[{"url":"https:\/\/redfoxlotto.com\/wp-content\/uploads\/2024\/03\/Balls_2.png"}],"twitter_card":"summary_large_image","twitter_misc":{"Estimeret l\u00e6setid":"4 minutter"},"schema":{"@context":"https:\/\/schema.org","@graph":[{"@type":"WebPage","@id":"https:\/\/redfoxlotto.com\/da\/","url":"https:\/\/redfoxlotto.com\/da\/","name":"Lotto online | K\u00f8b lottokuponer til verdens st\u00f8rste jackpots","isPartOf":{"@id":"https:\/\/redfoxlotto.com\/da\/#website"},"primaryImageOfPage":{"@id":"https:\/\/redfoxlotto.com\/da\/#primaryimage"},"image":{"@id":"https:\/\/redfoxlotto.com\/da\/#primaryimage"},"thumbnailUrl":"https:\/\/redfoxlotto.com\/wp-content\/uploads\/2024\/03\/Balls_2.png","datePublished":"2023-04-13T18:01:41+00:00","dateModified":"2026-01-06T08:24:08+00:00","description":"Verdens st\u00f8rste jackpots til r\u00e5dighed fra overalt - k\u00f8b dine lottokuponer online nu!","breadcrumb":{"@id":"https:\/\/redfoxlotto.com\/da\/#breadcrumb"},"inLanguage":"da-DK","potentialAction":[{"@type":"ReadAction","target":["https:\/\/redfoxlotto.com\/da\/"]}]},{"@type":"ImageObject","inLanguage":"da-DK","@id":"https:\/\/redfoxlotto.com\/da\/#primaryimage","url":"https:\/\/redfoxlotto.com\/wp-content\/uploads\/2024\/03\/Balls_2.png","contentUrl":"https:\/\/redfoxlotto.com\/wp-content\/uploads\/2024\/03\/Balls_2.png"},{"@type":"BreadcrumbList","@id":"https:\/\/redfoxlotto.com\/da\/#breadcrumb","itemListElement":[{"@type":"ListItem","position":1,"name":"Home","item":"https:\/\/redfoxlotto.com\/da\/"},{"@type":"ListItem","position":2,"name":"Dit bop\u00e6lsland er ligegyldigt, spil de st\u00f8rste lotterier i verden"}]},{"@type":"WebSite","@id":"https:\/\/redfoxlotto.com\/da\/#website","url":"https:\/\/redfoxlotto.com\/da\/","name":"Get Tickets for the World\u2019s largest jackpots","description":"Participate in worldwide lottery jackpots from any country","publisher":{"@id":"https:\/\/redfoxlotto.com\/da\/#organization"},"potentialAction":[{"@type":"SearchAction","target":{"@type":"EntryPoint","urlTemplate":"https:\/\/redfoxlotto.com\/da\/?s={search_term_string}"},"query-input":{"@type":"PropertyValueSpecification","valueRequired":true,"valueName":"search_term_string"}}],"inLanguage":"da-DK"},{"@type":"Organization","@id":"https:\/\/redfoxlotto.com\/da\/#organization","name":"Get Tickets for the World\u2019s largest jackpots","url":"https:\/\/redfoxlotto.com\/da\/","logo":{"@type":"ImageObject","inLanguage":"da-DK","@id":"https:\/\/redfoxlotto.com\/da\/#\/schema\/logo\/image\/","url":"https:\/\/redfoxlotto.com\/wp-content\/uploads\/2023\/04\/logo.png","contentUrl":"https:\/\/redfoxlotto.com\/wp-content\/uploads\/2023\/04\/logo.png","width":269,"height":53,"caption":"Get Tickets for the World\u2019s largest jackpots"},"image":{"@id":"https:\/\/redfoxlotto.com\/da\/#\/schema\/logo\/image\/"}}]}},"_links":{"self":[{"href":"https:\/\/redfoxlotto.com\/da\/wp-json\/wp\/v2\/pages\/49903","targetHints":{"allow":["GET"]}}],"collection":[{"href":"https:\/\/redfoxlotto.com\/da\/wp-json\/wp\/v2\/pages"}],"about":[{"href":"https:\/\/redfoxlotto.com\/da\/wp-json\/wp\/v2\/types\/page"}],"author":[{"embeddable":true,"href":"https:\/\/redfoxlotto.com\/da\/wp-json\/wp\/v2\/users\/1"}],"replies":[{"embeddable":true,"href":"https:\/\/redfoxlotto.com\/da\/wp-json\/wp\/v2\/comments?post=49903"}],"version-history":[{"count":0,"href":"https:\/\/redfoxlotto.com\/da\/wp-json\/wp\/v2\/pages\/49903\/revisions"}],"wp:attachment":[{"href":"https:\/\/redfoxlotto.com\/da\/wp-json\/wp\/v2\/media?parent=49903"}],"curies":[{"name":"wp","href":"https:\/\/api.w.org\/{rel}","templated":true}]}}