{"id":14465,"date":"2020-08-18T09:19:26","date_gmt":"2020-08-18T09:19:26","guid":{"rendered":"https:\/\/redfoxlotto.com\/?page_id=14465"},"modified":"2023-05-15T14:28:08","modified_gmt":"2023-05-15T14:28:08","slug":"lotto-6aus49","status":"publish","type":"page","link":"https:\/\/redfoxlotto.com\/da\/lotteri\/lotto-6aus49\/","title":{"rendered":"Om tysk Lotto 6 aus 49"},"content":{"rendered":"<h2 class=\"wp-block-heading\">K\u00f8b billetter til German Lotto 6aus49 online<\/h2><p><img decoding=\"async\" class=\"size-full wp-image alignright\" src=\"https:\/\/content.redfoxlotto.com\/uploads\/sites\/9\/1_buy_lottery_online.jpg\" alt=\"tyske lotteribilletter\" \/><\/p><p>N\u00e5r du f\u00f8rst har besluttet, at du vil spille den tyske Lotto, er det tid til faktisk at k\u00f8be dine billetter. Men hvordan k\u00f8ber man billetter til tysk lotto 6aus49 online? Det er faktisk lettere, end du m\u00e5ske tror. Alt du skal g\u00f8re er at bes\u00f8ge RedFoxLotto.com for at komme i gang.<\/p><p><!--more--><\/p><h2 class=\"wp-block-heading\">Valg af dine numre<\/h2><p>N\u00e5r du er klar til at spille, skal du blot v\u00e6lge 6 numre mellem 1 og 49 og 1 mellem 0 og 9. Det er alt, hvad der kr\u00e6ves. S\u00e5 hvis du matcher mindst 3 numre, vil du vinde noget gennem spillet. Match endnu mere, s\u00e5 vinder du endnu mere.<\/p><h2 class=\"wp-block-heading\">K\u00f8b af dine billetter<\/h2><p><img loading=\"lazy\" decoding=\"async\" class=\" wp-image alignright\" src=\"https:\/\/content.redfoxlotto.com\/uploads\/sites\/9\/1_lottery_draw_balls.jpg\" alt=\"vind lotteri online\" width=\"255\" height=\"255\" \/><\/p><p>Nu ved du allerede, hvordan du v\u00e6lger dine numre, men hvordan skal du k\u00f8be billetterne? Det er simpelt. Log p\u00e5 RedFoxLotto.com og v\u00e6lg de numre, du vil have til det spil, du vil have. Det kan v\u00e6re dette ene eller andet spil. V\u00e6lg derefter, hvor mange tegninger, du vil have dine billetter til at v\u00e6re god til, og indtast din foretrukne betalingsmetode.<\/p><p>N\u00e5r du har indsendt dine betalingsoplysninger og afsluttet k\u00f8bet, skal du bare vente med at finde ud af, om du har vundet noget.<\/p><h2 class=\"wp-block-heading\">Vandt du<\/h2><p>Hvis du k\u00f8ber billetter til tyske Lotto 6aus49 online, vil du ogs\u00e5 finde ud af, om du har vundet online, og det er lettere, end du m\u00e5ske tror. Alt du skal g\u00f8re er at logge ind p\u00e5 din konto og tjekke billetafsnittet for at se de vindende numre og hvordan dine numre sammenlignes.<\/p>","protected":false},"excerpt":{"rendered":"<p>K\u00f8b billetter til German Lotto 6aus49 online N\u00e5r du f\u00f8rst har besluttet, at du vil spille den tyske Lotto, er det tid til faktisk at k\u00f8be dine billetter. Men hvordan k\u00f8ber man billetter til tysk lotto 6aus49 online? Det er faktisk lettere, end du m\u00e5ske tror. Alt du skal g\u00f8re er at bes\u00f8ge RedFoxLotto.com for [&hellip;]<\/p>\n","protected":false},"author":1,"featured_media":0,"parent":5002,"menu_order":15,"comment_status":"closed","ping_status":"closed","template":"lotto-german-info.php","meta":{"_et_pb_use_builder":"","_et_pb_old_content":"","_et_gb_content_width":"","exclude_from_search":false,"footnotes":""},"class_list":["post-14465","page","type-page","status-publish","hentry"],"yoast_head":"<!-- This site is optimized with the Yoast SEO plugin v23.8 - https:\/\/yoast.com\/wordpress\/plugins\/seo\/ -->\n<title>F\u00e5 billetter til Tysk Lotto online<\/title>\n<meta name=\"description\" content=\"Lotto-fans fra uden for Tyskland kan nu f\u00e5 billetter til &quot;6 aus 49&quot; online\" \/>\n<meta name=\"robots\" content=\"index, follow, max-snippet:-1, max-image-preview:large, max-video-preview:-1\" \/>\n<link rel=\"canonical\" href=\"https:\/\/redfoxlotto.com\/da\/lotteri\/lotto-6aus49\/\" \/>\n<meta property=\"og:locale\" content=\"da_DK\" \/>\n<meta property=\"og:type\" content=\"article\" \/>\n<meta property=\"og:title\" content=\"F\u00e5 billetter til Tysk Lotto online\" \/>\n<meta property=\"og:description\" content=\"Lotto-fans fra uden for Tyskland kan nu f\u00e5 billetter til &quot;6 aus 49&quot; online\" \/>\n<meta property=\"og:url\" content=\"https:\/\/redfoxlotto.com\/da\/lotteri\/lotto-6aus49\/\" \/>\n<meta property=\"og:site_name\" content=\"Get Tickets for the World\u2019s largest jackpots\" \/>\n<meta property=\"article:modified_time\" content=\"2023-05-15T14:28:08+00:00\" \/>\n<meta property=\"og:image\" content=\"https:\/\/content.redfoxlotto.com\/uploads\/sites\/9\/1_buy_lottery_online.jpg\" \/>\n<meta name=\"twitter:card\" content=\"summary_large_image\" \/>\n<meta name=\"twitter:label1\" content=\"Estimeret l\u00e6setid\" \/>\n\t<meta name=\"twitter:data1\" content=\"2 minutter\" \/>\n<script type=\"application\/ld+json\" class=\"yoast-schema-graph\">{\"@context\":\"https:\/\/schema.org\",\"@graph\":[{\"@type\":\"WebPage\",\"@id\":\"https:\/\/redfoxlotto.com\/da\/lotteri\/lotto-6aus49\/\",\"url\":\"https:\/\/redfoxlotto.com\/da\/lotteri\/lotto-6aus49\/\",\"name\":\"F\u00e5 billetter til Tysk Lotto online\",\"isPartOf\":{\"@id\":\"https:\/\/redfoxlotto.com\/da\/#website\"},\"primaryImageOfPage\":{\"@id\":\"https:\/\/redfoxlotto.com\/da\/lotteri\/lotto-6aus49\/#primaryimage\"},\"image\":{\"@id\":\"https:\/\/redfoxlotto.com\/da\/lotteri\/lotto-6aus49\/#primaryimage\"},\"thumbnailUrl\":\"https:\/\/content.redfoxlotto.com\/uploads\/sites\/9\/1_buy_lottery_online.jpg\",\"datePublished\":\"2020-08-18T09:19:26+00:00\",\"dateModified\":\"2023-05-15T14:28:08+00:00\",\"description\":\"Lotto-fans fra uden for Tyskland kan nu f\u00e5 billetter til \\\"6 aus 49\\\" online\",\"breadcrumb\":{\"@id\":\"https:\/\/redfoxlotto.com\/da\/lotteri\/lotto-6aus49\/#breadcrumb\"},\"inLanguage\":\"da-DK\",\"potentialAction\":[{\"@type\":\"ReadAction\",\"target\":[\"https:\/\/redfoxlotto.com\/da\/lotteri\/lotto-6aus49\/\"]}]},{\"@type\":\"ImageObject\",\"inLanguage\":\"da-DK\",\"@id\":\"https:\/\/redfoxlotto.com\/da\/lotteri\/lotto-6aus49\/#primaryimage\",\"url\":\"https:\/\/content.redfoxlotto.com\/uploads\/sites\/9\/1_buy_lottery_online.jpg\",\"contentUrl\":\"https:\/\/content.redfoxlotto.com\/uploads\/sites\/9\/1_buy_lottery_online.jpg\"},{\"@type\":\"BreadcrumbList\",\"@id\":\"https:\/\/redfoxlotto.com\/da\/lotteri\/lotto-6aus49\/#breadcrumb\",\"itemListElement\":[{\"@type\":\"ListItem\",\"position\":1,\"name\":\"Home\",\"item\":\"https:\/\/redfoxlotto.com\/da\/\"},{\"@type\":\"ListItem\",\"position\":2,\"name\":\"S\u00e5dan k\u00f8ber du online lottokuponer \u2013 k\u00f8bsprocessen\",\"item\":\"https:\/\/redfoxlotto.com\/da\/lotteri\/\"},{\"@type\":\"ListItem\",\"position\":3,\"name\":\"Om tysk Lotto 6 aus 49\"}]},{\"@type\":\"WebSite\",\"@id\":\"https:\/\/redfoxlotto.com\/da\/#website\",\"url\":\"https:\/\/redfoxlotto.com\/da\/\",\"name\":\"Get Tickets for the World\u2019s largest jackpots\",\"description\":\"Participate in worldwide lottery jackpots from any country\",\"publisher\":{\"@id\":\"https:\/\/redfoxlotto.com\/da\/#organization\"},\"potentialAction\":[{\"@type\":\"SearchAction\",\"target\":{\"@type\":\"EntryPoint\",\"urlTemplate\":\"https:\/\/redfoxlotto.com\/da\/?s={search_term_string}\"},\"query-input\":{\"@type\":\"PropertyValueSpecification\",\"valueRequired\":true,\"valueName\":\"search_term_string\"}}],\"inLanguage\":\"da-DK\"},{\"@type\":\"Organization\",\"@id\":\"https:\/\/redfoxlotto.com\/da\/#organization\",\"name\":\"Get Tickets for the World\u2019s largest jackpots\",\"url\":\"https:\/\/redfoxlotto.com\/da\/\",\"logo\":{\"@type\":\"ImageObject\",\"inLanguage\":\"da-DK\",\"@id\":\"https:\/\/redfoxlotto.com\/da\/#\/schema\/logo\/image\/\",\"url\":\"https:\/\/redfoxlotto.com\/wp-content\/uploads\/2023\/04\/logo.png\",\"contentUrl\":\"https:\/\/redfoxlotto.com\/wp-content\/uploads\/2023\/04\/logo.png\",\"width\":269,\"height\":53,\"caption\":\"Get Tickets for the World\u2019s largest jackpots\"},\"image\":{\"@id\":\"https:\/\/redfoxlotto.com\/da\/#\/schema\/logo\/image\/\"}}]}<\/script>\n<!-- \/ Yoast SEO plugin. -->","yoast_head_json":{"title":"F\u00e5 billetter til Tysk Lotto online","description":"Lotto-fans fra uden for Tyskland kan nu f\u00e5 billetter til \"6 aus 49\" online","robots":{"index":"index","follow":"follow","max-snippet":"max-snippet:-1","max-image-preview":"max-image-preview:large","max-video-preview":"max-video-preview:-1"},"canonical":"https:\/\/redfoxlotto.com\/da\/lotteri\/lotto-6aus49\/","og_locale":"da_DK","og_type":"article","og_title":"F\u00e5 billetter til Tysk Lotto online","og_description":"Lotto-fans fra uden for Tyskland kan nu f\u00e5 billetter til \"6 aus 49\" online","og_url":"https:\/\/redfoxlotto.com\/da\/lotteri\/lotto-6aus49\/","og_site_name":"Get Tickets for the World\u2019s largest jackpots","article_modified_time":"2023-05-15T14:28:08+00:00","og_image":[{"url":"https:\/\/content.redfoxlotto.com\/uploads\/sites\/9\/1_buy_lottery_online.jpg"}],"twitter_card":"summary_large_image","twitter_misc":{"Estimeret l\u00e6setid":"2 minutter"},"schema":{"@context":"https:\/\/schema.org","@graph":[{"@type":"WebPage","@id":"https:\/\/redfoxlotto.com\/da\/lotteri\/lotto-6aus49\/","url":"https:\/\/redfoxlotto.com\/da\/lotteri\/lotto-6aus49\/","name":"F\u00e5 billetter til Tysk Lotto online","isPartOf":{"@id":"https:\/\/redfoxlotto.com\/da\/#website"},"primaryImageOfPage":{"@id":"https:\/\/redfoxlotto.com\/da\/lotteri\/lotto-6aus49\/#primaryimage"},"image":{"@id":"https:\/\/redfoxlotto.com\/da\/lotteri\/lotto-6aus49\/#primaryimage"},"thumbnailUrl":"https:\/\/content.redfoxlotto.com\/uploads\/sites\/9\/1_buy_lottery_online.jpg","datePublished":"2020-08-18T09:19:26+00:00","dateModified":"2023-05-15T14:28:08+00:00","description":"Lotto-fans fra uden for Tyskland kan nu f\u00e5 billetter til \"6 aus 49\" online","breadcrumb":{"@id":"https:\/\/redfoxlotto.com\/da\/lotteri\/lotto-6aus49\/#breadcrumb"},"inLanguage":"da-DK","potentialAction":[{"@type":"ReadAction","target":["https:\/\/redfoxlotto.com\/da\/lotteri\/lotto-6aus49\/"]}]},{"@type":"ImageObject","inLanguage":"da-DK","@id":"https:\/\/redfoxlotto.com\/da\/lotteri\/lotto-6aus49\/#primaryimage","url":"https:\/\/content.redfoxlotto.com\/uploads\/sites\/9\/1_buy_lottery_online.jpg","contentUrl":"https:\/\/content.redfoxlotto.com\/uploads\/sites\/9\/1_buy_lottery_online.jpg"},{"@type":"BreadcrumbList","@id":"https:\/\/redfoxlotto.com\/da\/lotteri\/lotto-6aus49\/#breadcrumb","itemListElement":[{"@type":"ListItem","position":1,"name":"Home","item":"https:\/\/redfoxlotto.com\/da\/"},{"@type":"ListItem","position":2,"name":"S\u00e5dan k\u00f8ber du online lottokuponer \u2013 k\u00f8bsprocessen","item":"https:\/\/redfoxlotto.com\/da\/lotteri\/"},{"@type":"ListItem","position":3,"name":"Om tysk Lotto 6 aus 49"}]},{"@type":"WebSite","@id":"https:\/\/redfoxlotto.com\/da\/#website","url":"https:\/\/redfoxlotto.com\/da\/","name":"Get Tickets for the World\u2019s largest jackpots","description":"Participate in worldwide lottery jackpots from any country","publisher":{"@id":"https:\/\/redfoxlotto.com\/da\/#organization"},"potentialAction":[{"@type":"SearchAction","target":{"@type":"EntryPoint","urlTemplate":"https:\/\/redfoxlotto.com\/da\/?s={search_term_string}"},"query-input":{"@type":"PropertyValueSpecification","valueRequired":true,"valueName":"search_term_string"}}],"inLanguage":"da-DK"},{"@type":"Organization","@id":"https:\/\/redfoxlotto.com\/da\/#organization","name":"Get Tickets for the World\u2019s largest jackpots","url":"https:\/\/redfoxlotto.com\/da\/","logo":{"@type":"ImageObject","inLanguage":"da-DK","@id":"https:\/\/redfoxlotto.com\/da\/#\/schema\/logo\/image\/","url":"https:\/\/redfoxlotto.com\/wp-content\/uploads\/2023\/04\/logo.png","contentUrl":"https:\/\/redfoxlotto.com\/wp-content\/uploads\/2023\/04\/logo.png","width":269,"height":53,"caption":"Get Tickets for the World\u2019s largest jackpots"},"image":{"@id":"https:\/\/redfoxlotto.com\/da\/#\/schema\/logo\/image\/"}}]}},"_links":{"self":[{"href":"https:\/\/redfoxlotto.com\/da\/wp-json\/wp\/v2\/pages\/14465","targetHints":{"allow":["GET"]}}],"collection":[{"href":"https:\/\/redfoxlotto.com\/da\/wp-json\/wp\/v2\/pages"}],"about":[{"href":"https:\/\/redfoxlotto.com\/da\/wp-json\/wp\/v2\/types\/page"}],"author":[{"embeddable":true,"href":"https:\/\/redfoxlotto.com\/da\/wp-json\/wp\/v2\/users\/1"}],"replies":[{"embeddable":true,"href":"https:\/\/redfoxlotto.com\/da\/wp-json\/wp\/v2\/comments?post=14465"}],"version-history":[{"count":0,"href":"https:\/\/redfoxlotto.com\/da\/wp-json\/wp\/v2\/pages\/14465\/revisions"}],"up":[{"embeddable":true,"href":"https:\/\/redfoxlotto.com\/da\/wp-json\/wp\/v2\/pages\/5002"}],"wp:attachment":[{"href":"https:\/\/redfoxlotto.com\/da\/wp-json\/wp\/v2\/media?parent=14465"}],"curies":[{"name":"wp","href":"https:\/\/api.w.org\/{rel}","templated":true}]}}