{"id":14390,"date":"2020-08-18T09:10:34","date_gmt":"2020-08-18T09:10:34","guid":{"rendered":"https:\/\/redfoxlotto.com\/?page_id=14390"},"modified":"2023-05-19T09:11:12","modified_gmt":"2023-05-19T09:11:12","slug":"lotto-america","status":"publish","type":"page","link":"https:\/\/redfoxlotto.com\/da\/lotteri\/lotto-america\/","title":{"rendered":"Om Lotto America"},"content":{"rendered":"<h2 class=\"wp-block-heading\">K\u00f8b billetter til Lotto America online<\/h2><p><img loading=\"lazy\" decoding=\"async\" class=\"st\u00f8rrelse-fuld wp-image alignright\" src=\"https:\/\/content.redfoxlotto.com\/uploads\/sites\/9\/1_ticket_online_buying.jpg\" alt=\"billet til lotto amerika online\" width=\"246\" height=\"166\" \/><\/p><p>N\u00e5r det kommer til k\u00f8b af lotteri online, vil du sikre dig, at du kommer ind p\u00e5 de bedste spil. Men har du endda h\u00f8rt om alle de forskellige spil der er derude? Sikkert ikke. Is\u00e6r da der er spil i andre lande som Lotto America, som du muligvis kan spille online.<\/p><!--more--><h2 class=\"wp-block-heading\">Hvad er Lotto America?<\/h2><p>Lotto America er et multistatsspil, der spilles i USA. Mere specifikt spilles det i 13 stater over hele landet. Men du beh\u00f8ver ikke at bo i en af \u200b\u200bdisse stater for at spille. Du kan faktisk spille hvor som helst i verden.<\/p><h2 class=\"wp-block-heading\">K\u00f8b af dine billetter<\/h2><p>Hvis du er interesseret i at spille Lotto America, skal du bare vide, hvor du f\u00e5r dine billetter. Vi kan hj\u00e6lpe dig med at f\u00e5 dine billetter til dette spil eller andre lotterispil, du m\u00e5ske vil spille rundt om i verden. Alt, hvad det kr\u00e6ver, er et par skridt for at komme i gang. Den f\u00f8rste er, at du skal oprette en konto med RedFoxLotto. Det er let at g\u00f8re, og det tager kun et par sekunder at v\u00e6re helt klar og klar til at g\u00e5. Derfra vil du v\u00e6re i stand til at begynde at gennemse alle de forskellige lotterispil, der er tilg\u00e6ngelige. Du \u00f8nsker m\u00e5ske Lotto America eller noget andet (eller flere forskellige spil). N\u00e5r du har besluttet spillet, er det tid til at begynde at v\u00e6lge dine numre. Det er her, du vil have masser af forskellige muligheder, og det er her, den sjove del virkelig kommer til at komme i gang.<\/p><p><img loading=\"lazy\" decoding=\"async\" class=\" wp-image alignright\" src=\"https:\/\/content.redfoxlotto.com\/uploads\/sites\/9\/1_usa_lottery_win.jpg\" alt=\"lotto amerika\" width=\"276\" height=\"182\" \/><\/p><h2 class=\"wp-block-heading\">Valg af dine numre<\/h2><p>Der er fem standardnumre og et bonusnummer med Lotto America. Du f\u00e5r valgt hvilke, du vil have, s\u00e5 du kan f\u00e5 en kombination, som du synes er heldig, eller som betyder noget for dig. Men hvad nu hvis du ikke kender de tal du \u00f8nsker? Eller hvad hvis du kun har et par specialnumre, du vil spille? Det er heller ikke noget problem, fordi du kan v\u00e6lge, hvilke numre du \u00f8nsker, og udfylde med tilf\u00e6ldige tal. Eller du kan bruge nummergeneratoren til at v\u00e6lge alle dine numre til dig.<\/p><h2 class=\"wp-block-heading\">Vent p\u00e5 resultaterne<\/h2><p>N\u00e5r du har valgt dine numre, kan du v\u00e6lge, hvor mange billetter du vil have, og til hvilke spil. Derefter kan du betale for billetterne og bare vente til det n\u00e6ste lodtr\u00e6kning. N\u00e5r resultaterne for spillet kommer ind, vil du med det samme kunne se de vindende numre, og hvor mange af dine egne numre, der matcher uafgjort.<\/p>","protected":false},"excerpt":{"rendered":"<p>K\u00f8b billetter til Lotto America online N\u00e5r det kommer til k\u00f8b af lotteri online, vil du sikre dig, at du kommer ind p\u00e5 de bedste spil. Men har du endda h\u00f8rt om alle de forskellige spil der er derude? Sikkert ikke. Is\u00e6r da der er spil i andre lande som Lotto America, som du muligvis [&hellip;]<\/p>\n","protected":false},"author":1,"featured_media":0,"parent":5002,"menu_order":12,"comment_status":"closed","ping_status":"closed","template":"lotto-america-info.php","meta":{"_et_pb_use_builder":"","_et_pb_old_content":"","_et_gb_content_width":"","exclude_from_search":false,"footnotes":""},"class_list":["post-14390","page","type-page","status-publish","hentry"],"yoast_head":"<!-- This site is optimized with the Yoast SEO plugin v27.3 - https:\/\/yoast.com\/product\/yoast-seo-wordpress\/ -->\n<title>K\u00f8b Lotto America billetter online<\/title>\n<meta name=\"description\" content=\"Hvis du gerne vil vinde p\u00e5 Lotto America, skal du k\u00f8be din billet online nu!\" \/>\n<meta name=\"robots\" content=\"index, follow, max-snippet:-1, max-image-preview:large, max-video-preview:-1\" \/>\n<link rel=\"canonical\" href=\"https:\/\/redfoxlotto.com\/da\/lotteri\/lotto-america\/\" \/>\n<meta property=\"og:locale\" content=\"da_DK\" \/>\n<meta property=\"og:type\" content=\"article\" \/>\n<meta property=\"og:title\" content=\"K\u00f8b Lotto America billetter online\" \/>\n<meta property=\"og:description\" content=\"Hvis du gerne vil vinde p\u00e5 Lotto America, skal du k\u00f8be din billet online nu!\" \/>\n<meta property=\"og:url\" content=\"https:\/\/redfoxlotto.com\/da\/lotteri\/lotto-america\/\" \/>\n<meta property=\"og:site_name\" content=\"Get Tickets for the World\u2019s largest jackpots\" \/>\n<meta property=\"article:modified_time\" content=\"2023-05-19T09:11:12+00:00\" \/>\n<meta property=\"og:image\" content=\"https:\/\/content.redfoxlotto.com\/uploads\/sites\/9\/1_ticket_online_buying.jpg\" \/>\n<meta name=\"twitter:card\" content=\"summary_large_image\" \/>\n<meta name=\"twitter:label1\" content=\"Estimeret l\u00e6setid\" \/>\n\t<meta name=\"twitter:data1\" content=\"3 minutter\" \/>\n<script type=\"application\/ld+json\" class=\"yoast-schema-graph\">{\"@context\":\"https:\\\/\\\/schema.org\",\"@graph\":[{\"@type\":\"WebPage\",\"@id\":\"https:\\\/\\\/redfoxlotto.com\\\/da\\\/lotteri\\\/lotto-america\\\/\",\"url\":\"https:\\\/\\\/redfoxlotto.com\\\/da\\\/lotteri\\\/lotto-america\\\/\",\"name\":\"K\u00f8b Lotto America billetter online\",\"isPartOf\":{\"@id\":\"https:\\\/\\\/redfoxlotto.com\\\/da\\\/#website\"},\"primaryImageOfPage\":{\"@id\":\"https:\\\/\\\/redfoxlotto.com\\\/da\\\/lotteri\\\/lotto-america\\\/#primaryimage\"},\"image\":{\"@id\":\"https:\\\/\\\/redfoxlotto.com\\\/da\\\/lotteri\\\/lotto-america\\\/#primaryimage\"},\"thumbnailUrl\":\"https:\\\/\\\/content.redfoxlotto.com\\\/uploads\\\/sites\\\/9\\\/1_ticket_online_buying.jpg\",\"datePublished\":\"2020-08-18T09:10:34+00:00\",\"dateModified\":\"2023-05-19T09:11:12+00:00\",\"description\":\"Hvis du gerne vil vinde p\u00e5 Lotto America, skal du k\u00f8be din billet online nu!\",\"breadcrumb\":{\"@id\":\"https:\\\/\\\/redfoxlotto.com\\\/da\\\/lotteri\\\/lotto-america\\\/#breadcrumb\"},\"inLanguage\":\"da-DK\",\"potentialAction\":[{\"@type\":\"ReadAction\",\"target\":[\"https:\\\/\\\/redfoxlotto.com\\\/da\\\/lotteri\\\/lotto-america\\\/\"]}]},{\"@type\":\"ImageObject\",\"inLanguage\":\"da-DK\",\"@id\":\"https:\\\/\\\/redfoxlotto.com\\\/da\\\/lotteri\\\/lotto-america\\\/#primaryimage\",\"url\":\"https:\\\/\\\/content.redfoxlotto.com\\\/uploads\\\/sites\\\/9\\\/1_ticket_online_buying.jpg\",\"contentUrl\":\"https:\\\/\\\/content.redfoxlotto.com\\\/uploads\\\/sites\\\/9\\\/1_ticket_online_buying.jpg\"},{\"@type\":\"BreadcrumbList\",\"@id\":\"https:\\\/\\\/redfoxlotto.com\\\/da\\\/lotteri\\\/lotto-america\\\/#breadcrumb\",\"itemListElement\":[{\"@type\":\"ListItem\",\"position\":1,\"name\":\"Home\",\"item\":\"https:\\\/\\\/redfoxlotto.com\\\/da\\\/\"},{\"@type\":\"ListItem\",\"position\":2,\"name\":\"S\u00e5dan k\u00f8ber du online lottokuponer \u2013 k\u00f8bsprocessen\",\"item\":\"https:\\\/\\\/redfoxlotto.com\\\/da\\\/lotteri\\\/\"},{\"@type\":\"ListItem\",\"position\":3,\"name\":\"Om Lotto America\"}]},{\"@type\":\"WebSite\",\"@id\":\"https:\\\/\\\/redfoxlotto.com\\\/da\\\/#website\",\"url\":\"https:\\\/\\\/redfoxlotto.com\\\/da\\\/\",\"name\":\"Get Tickets for the World\u2019s largest jackpots\",\"description\":\"Participate in worldwide lottery jackpots from any country\",\"publisher\":{\"@id\":\"https:\\\/\\\/redfoxlotto.com\\\/da\\\/#organization\"},\"potentialAction\":[{\"@type\":\"SearchAction\",\"target\":{\"@type\":\"EntryPoint\",\"urlTemplate\":\"https:\\\/\\\/redfoxlotto.com\\\/da\\\/?s={search_term_string}\"},\"query-input\":{\"@type\":\"PropertyValueSpecification\",\"valueRequired\":true,\"valueName\":\"search_term_string\"}}],\"inLanguage\":\"da-DK\"},{\"@type\":\"Organization\",\"@id\":\"https:\\\/\\\/redfoxlotto.com\\\/da\\\/#organization\",\"name\":\"Get Tickets for the World\u2019s largest jackpots\",\"url\":\"https:\\\/\\\/redfoxlotto.com\\\/da\\\/\",\"logo\":{\"@type\":\"ImageObject\",\"inLanguage\":\"da-DK\",\"@id\":\"https:\\\/\\\/redfoxlotto.com\\\/da\\\/#\\\/schema\\\/logo\\\/image\\\/\",\"url\":\"https:\\\/\\\/redfoxlotto.com\\\/wp-content\\\/uploads\\\/2023\\\/04\\\/logo.png\",\"contentUrl\":\"https:\\\/\\\/redfoxlotto.com\\\/wp-content\\\/uploads\\\/2023\\\/04\\\/logo.png\",\"width\":269,\"height\":53,\"caption\":\"Get Tickets for the World\u2019s largest jackpots\"},\"image\":{\"@id\":\"https:\\\/\\\/redfoxlotto.com\\\/da\\\/#\\\/schema\\\/logo\\\/image\\\/\"}}]}<\/script>\n<!-- \/ Yoast SEO plugin. -->","yoast_head_json":{"title":"K\u00f8b Lotto America billetter online","description":"Hvis du gerne vil vinde p\u00e5 Lotto America, skal du k\u00f8be din billet online nu!","robots":{"index":"index","follow":"follow","max-snippet":"max-snippet:-1","max-image-preview":"max-image-preview:large","max-video-preview":"max-video-preview:-1"},"canonical":"https:\/\/redfoxlotto.com\/da\/lotteri\/lotto-america\/","og_locale":"da_DK","og_type":"article","og_title":"K\u00f8b Lotto America billetter online","og_description":"Hvis du gerne vil vinde p\u00e5 Lotto America, skal du k\u00f8be din billet online nu!","og_url":"https:\/\/redfoxlotto.com\/da\/lotteri\/lotto-america\/","og_site_name":"Get Tickets for the World\u2019s largest jackpots","article_modified_time":"2023-05-19T09:11:12+00:00","og_image":[{"url":"https:\/\/content.redfoxlotto.com\/uploads\/sites\/9\/1_ticket_online_buying.jpg","type":"","width":"","height":""}],"twitter_card":"summary_large_image","twitter_misc":{"Estimeret l\u00e6setid":"3 minutter"},"schema":{"@context":"https:\/\/schema.org","@graph":[{"@type":"WebPage","@id":"https:\/\/redfoxlotto.com\/da\/lotteri\/lotto-america\/","url":"https:\/\/redfoxlotto.com\/da\/lotteri\/lotto-america\/","name":"K\u00f8b Lotto America billetter online","isPartOf":{"@id":"https:\/\/redfoxlotto.com\/da\/#website"},"primaryImageOfPage":{"@id":"https:\/\/redfoxlotto.com\/da\/lotteri\/lotto-america\/#primaryimage"},"image":{"@id":"https:\/\/redfoxlotto.com\/da\/lotteri\/lotto-america\/#primaryimage"},"thumbnailUrl":"https:\/\/content.redfoxlotto.com\/uploads\/sites\/9\/1_ticket_online_buying.jpg","datePublished":"2020-08-18T09:10:34+00:00","dateModified":"2023-05-19T09:11:12+00:00","description":"Hvis du gerne vil vinde p\u00e5 Lotto America, skal du k\u00f8be din billet online nu!","breadcrumb":{"@id":"https:\/\/redfoxlotto.com\/da\/lotteri\/lotto-america\/#breadcrumb"},"inLanguage":"da-DK","potentialAction":[{"@type":"ReadAction","target":["https:\/\/redfoxlotto.com\/da\/lotteri\/lotto-america\/"]}]},{"@type":"ImageObject","inLanguage":"da-DK","@id":"https:\/\/redfoxlotto.com\/da\/lotteri\/lotto-america\/#primaryimage","url":"https:\/\/content.redfoxlotto.com\/uploads\/sites\/9\/1_ticket_online_buying.jpg","contentUrl":"https:\/\/content.redfoxlotto.com\/uploads\/sites\/9\/1_ticket_online_buying.jpg"},{"@type":"BreadcrumbList","@id":"https:\/\/redfoxlotto.com\/da\/lotteri\/lotto-america\/#breadcrumb","itemListElement":[{"@type":"ListItem","position":1,"name":"Home","item":"https:\/\/redfoxlotto.com\/da\/"},{"@type":"ListItem","position":2,"name":"S\u00e5dan k\u00f8ber du online lottokuponer \u2013 k\u00f8bsprocessen","item":"https:\/\/redfoxlotto.com\/da\/lotteri\/"},{"@type":"ListItem","position":3,"name":"Om Lotto America"}]},{"@type":"WebSite","@id":"https:\/\/redfoxlotto.com\/da\/#website","url":"https:\/\/redfoxlotto.com\/da\/","name":"Get Tickets for the World\u2019s largest jackpots","description":"Participate in worldwide lottery jackpots from any country","publisher":{"@id":"https:\/\/redfoxlotto.com\/da\/#organization"},"potentialAction":[{"@type":"SearchAction","target":{"@type":"EntryPoint","urlTemplate":"https:\/\/redfoxlotto.com\/da\/?s={search_term_string}"},"query-input":{"@type":"PropertyValueSpecification","valueRequired":true,"valueName":"search_term_string"}}],"inLanguage":"da-DK"},{"@type":"Organization","@id":"https:\/\/redfoxlotto.com\/da\/#organization","name":"Get Tickets for the World\u2019s largest jackpots","url":"https:\/\/redfoxlotto.com\/da\/","logo":{"@type":"ImageObject","inLanguage":"da-DK","@id":"https:\/\/redfoxlotto.com\/da\/#\/schema\/logo\/image\/","url":"https:\/\/redfoxlotto.com\/wp-content\/uploads\/2023\/04\/logo.png","contentUrl":"https:\/\/redfoxlotto.com\/wp-content\/uploads\/2023\/04\/logo.png","width":269,"height":53,"caption":"Get Tickets for the World\u2019s largest jackpots"},"image":{"@id":"https:\/\/redfoxlotto.com\/da\/#\/schema\/logo\/image\/"}}]}},"_links":{"self":[{"href":"https:\/\/redfoxlotto.com\/da\/wp-json\/wp\/v2\/pages\/14390","targetHints":{"allow":["GET"]}}],"collection":[{"href":"https:\/\/redfoxlotto.com\/da\/wp-json\/wp\/v2\/pages"}],"about":[{"href":"https:\/\/redfoxlotto.com\/da\/wp-json\/wp\/v2\/types\/page"}],"author":[{"embeddable":true,"href":"https:\/\/redfoxlotto.com\/da\/wp-json\/wp\/v2\/users\/1"}],"replies":[{"embeddable":true,"href":"https:\/\/redfoxlotto.com\/da\/wp-json\/wp\/v2\/comments?post=14390"}],"version-history":[{"count":0,"href":"https:\/\/redfoxlotto.com\/da\/wp-json\/wp\/v2\/pages\/14390\/revisions"}],"up":[{"embeddable":true,"href":"https:\/\/redfoxlotto.com\/da\/wp-json\/wp\/v2\/pages\/5002"}],"wp:attachment":[{"href":"https:\/\/redfoxlotto.com\/da\/wp-json\/wp\/v2\/media?parent=14390"}],"curies":[{"name":"wp","href":"https:\/\/api.w.org\/{rel}","templated":true}]}}