{"id":14112,"date":"2020-07-20T08:54:27","date_gmt":"2020-07-20T08:54:27","guid":{"rendered":"https:\/\/redfoxlotto.com\/?page_id=14112"},"modified":"2023-05-19T09:10:57","modified_gmt":"2023-05-19T09:10:57","slug":"mega-sena","status":"publish","type":"page","link":"https:\/\/redfoxlotto.com\/da\/lotteri\/mega-sena\/","title":{"rendered":"Om Mega Sena"},"content":{"rendered":"<h2 class=\"wp-block-heading\">K\u00f8b billetter til Mega Sena Brazil Online<\/h2><p><img loading=\"lazy\" decoding=\"async\" class=\" wp-image alignright\" src=\"https:\/\/content.redfoxlotto.com\/uploads\/sites\/9\/1_winning_numbers_lottery.jpg\" alt=\"Mega Sena\" width=\"198\" height=\"169\" \/><\/p><p>Er du klar til at k\u00f8be billetter til Mega Sena Brazil online? N\u00e5, s\u00e5 er du p\u00e5 det rigtige sted. Det er faktisk rigtig nemt at g\u00f8re, fordi du bare skal oprette en konto p\u00e5 RedFoxLotto.com.<\/p><!--more--><h2 class=\"wp-block-heading\">Valg af dine numre<\/h2><p>Dine numre skal alle falde i intervallet fra 1 til 60. For at vinde jackpotten skal du matche alle 6 numre, der er trukket, men du kan vinde mindre pr\u00e6mier for at matche 4 eller 5 numre.<\/p><p><img decoding=\"async\" class=\"size-full wp-image alignright\" src=\"https:\/\/content.redfoxlotto.com\/uploads\/sites\/9\/1_buy_lottery_ticket_online1.jpg\" alt=\"k\u00f8b online billetter\"><\/p><h2 class=\"wp-block-heading\">K\u00f8b af dine billetter<\/h2><p>N\u00e5r du er klar til at k\u00f8be billetter til Mega Sena Brazil online, skal du blot v\u00e6lge de \u00f8nskede numre samt antallet af tegninger, du vil have dem til. S\u00e5 betaler du for din billet.<\/p><p>Det er enkelt at betale for din billet, fordi du bare v\u00e6lger din foretrukne metode og inds\u00e6tter informationen. Hvis du allerede har en konto, kan du bruge en gemt metode og derefter l\u00e6ne dig tilbage og vente p\u00e5 resultaterne.<\/p><h2 class=\"wp-block-heading\">Kontrol af resultaterne<\/h2><p>N\u00e5r tegningen er over, er alt, hvad der er tilbage, at kontrollere dine numre for at se, om du har vundet. Du kan g\u00f8re det ved at bes\u00f8ge RedFoxLotto.com og kontrollere din konto. De vindende numre for alle spil, du spiller, vil v\u00e6re der, og de vil ogs\u00e5 blive sammenlignet med dine numre.<\/p>","protected":false},"excerpt":{"rendered":"<p>K\u00f8b billetter til Mega Sena Brazil Online Er du klar til at k\u00f8be billetter til Mega Sena Brazil online? N\u00e5, s\u00e5 er du p\u00e5 det rigtige sted. Det er faktisk rigtig nemt at g\u00f8re, fordi du bare skal oprette en konto p\u00e5 RedFoxLotto.com.<\/p>\n","protected":false},"author":1,"featured_media":0,"parent":5002,"menu_order":13,"comment_status":"closed","ping_status":"closed","template":"megasena-info.php","meta":{"_et_pb_use_builder":"","_et_pb_old_content":"","_et_gb_content_width":"","exclude_from_search":false,"footnotes":""},"class_list":["post-14112","page","type-page","status-publish","hentry"],"yoast_head":"<!-- This site is optimized with the Yoast SEO plugin v23.8 - https:\/\/yoast.com\/wordpress\/plugins\/seo\/ -->\n<title>F\u00e5 din billet til Mega Sena Lotto online<\/title>\n<meta name=\"description\" content=\"Book dine billetter online til Mega Sena Brazil\" \/>\n<meta name=\"robots\" content=\"index, follow, max-snippet:-1, max-image-preview:large, max-video-preview:-1\" \/>\n<link rel=\"canonical\" href=\"https:\/\/redfoxlotto.com\/da\/lotteri\/mega-sena\/\" \/>\n<meta property=\"og:locale\" content=\"da_DK\" \/>\n<meta property=\"og:type\" content=\"article\" \/>\n<meta property=\"og:title\" content=\"F\u00e5 din billet til Mega Sena Lotto online\" \/>\n<meta property=\"og:description\" content=\"Book dine billetter online til Mega Sena Brazil\" \/>\n<meta property=\"og:url\" content=\"https:\/\/redfoxlotto.com\/da\/lotteri\/mega-sena\/\" \/>\n<meta property=\"og:site_name\" content=\"Get Tickets for the World\u2019s largest jackpots\" \/>\n<meta property=\"article:modified_time\" content=\"2023-05-19T09:10:57+00:00\" \/>\n<meta property=\"og:image\" content=\"https:\/\/content.redfoxlotto.com\/uploads\/sites\/9\/1_winning_numbers_lottery.jpg\" \/>\n<meta name=\"twitter:card\" content=\"summary_large_image\" \/>\n<meta name=\"twitter:label1\" content=\"Estimeret l\u00e6setid\" \/>\n\t<meta name=\"twitter:data1\" content=\"2 minutter\" \/>\n<script type=\"application\/ld+json\" class=\"yoast-schema-graph\">{\"@context\":\"https:\/\/schema.org\",\"@graph\":[{\"@type\":\"WebPage\",\"@id\":\"https:\/\/redfoxlotto.com\/da\/lotteri\/mega-sena\/\",\"url\":\"https:\/\/redfoxlotto.com\/da\/lotteri\/mega-sena\/\",\"name\":\"F\u00e5 din billet til Mega Sena Lotto online\",\"isPartOf\":{\"@id\":\"https:\/\/redfoxlotto.com\/da\/#website\"},\"primaryImageOfPage\":{\"@id\":\"https:\/\/redfoxlotto.com\/da\/lotteri\/mega-sena\/#primaryimage\"},\"image\":{\"@id\":\"https:\/\/redfoxlotto.com\/da\/lotteri\/mega-sena\/#primaryimage\"},\"thumbnailUrl\":\"https:\/\/content.redfoxlotto.com\/uploads\/sites\/9\/1_winning_numbers_lottery.jpg\",\"datePublished\":\"2020-07-20T08:54:27+00:00\",\"dateModified\":\"2023-05-19T09:10:57+00:00\",\"description\":\"Book dine billetter online til Mega Sena Brazil\",\"breadcrumb\":{\"@id\":\"https:\/\/redfoxlotto.com\/da\/lotteri\/mega-sena\/#breadcrumb\"},\"inLanguage\":\"da-DK\",\"potentialAction\":[{\"@type\":\"ReadAction\",\"target\":[\"https:\/\/redfoxlotto.com\/da\/lotteri\/mega-sena\/\"]}]},{\"@type\":\"ImageObject\",\"inLanguage\":\"da-DK\",\"@id\":\"https:\/\/redfoxlotto.com\/da\/lotteri\/mega-sena\/#primaryimage\",\"url\":\"https:\/\/content.redfoxlotto.com\/uploads\/sites\/9\/1_winning_numbers_lottery.jpg\",\"contentUrl\":\"https:\/\/content.redfoxlotto.com\/uploads\/sites\/9\/1_winning_numbers_lottery.jpg\"},{\"@type\":\"BreadcrumbList\",\"@id\":\"https:\/\/redfoxlotto.com\/da\/lotteri\/mega-sena\/#breadcrumb\",\"itemListElement\":[{\"@type\":\"ListItem\",\"position\":1,\"name\":\"Home\",\"item\":\"https:\/\/redfoxlotto.com\/da\/\"},{\"@type\":\"ListItem\",\"position\":2,\"name\":\"S\u00e5dan k\u00f8ber du online lottokuponer \u2013 k\u00f8bsprocessen\",\"item\":\"https:\/\/redfoxlotto.com\/da\/lotteri\/\"},{\"@type\":\"ListItem\",\"position\":3,\"name\":\"Om Mega Sena\"}]},{\"@type\":\"WebSite\",\"@id\":\"https:\/\/redfoxlotto.com\/da\/#website\",\"url\":\"https:\/\/redfoxlotto.com\/da\/\",\"name\":\"Get Tickets for the World\u2019s largest jackpots\",\"description\":\"Participate in worldwide lottery jackpots from any country\",\"publisher\":{\"@id\":\"https:\/\/redfoxlotto.com\/da\/#organization\"},\"potentialAction\":[{\"@type\":\"SearchAction\",\"target\":{\"@type\":\"EntryPoint\",\"urlTemplate\":\"https:\/\/redfoxlotto.com\/da\/?s={search_term_string}\"},\"query-input\":{\"@type\":\"PropertyValueSpecification\",\"valueRequired\":true,\"valueName\":\"search_term_string\"}}],\"inLanguage\":\"da-DK\"},{\"@type\":\"Organization\",\"@id\":\"https:\/\/redfoxlotto.com\/da\/#organization\",\"name\":\"Get Tickets for the World\u2019s largest jackpots\",\"url\":\"https:\/\/redfoxlotto.com\/da\/\",\"logo\":{\"@type\":\"ImageObject\",\"inLanguage\":\"da-DK\",\"@id\":\"https:\/\/redfoxlotto.com\/da\/#\/schema\/logo\/image\/\",\"url\":\"https:\/\/redfoxlotto.com\/wp-content\/uploads\/2023\/04\/logo.png\",\"contentUrl\":\"https:\/\/redfoxlotto.com\/wp-content\/uploads\/2023\/04\/logo.png\",\"width\":269,\"height\":53,\"caption\":\"Get Tickets for the World\u2019s largest jackpots\"},\"image\":{\"@id\":\"https:\/\/redfoxlotto.com\/da\/#\/schema\/logo\/image\/\"}}]}<\/script>\n<!-- \/ Yoast SEO plugin. -->","yoast_head_json":{"title":"F\u00e5 din billet til Mega Sena Lotto online","description":"Book dine billetter online til Mega Sena Brazil","robots":{"index":"index","follow":"follow","max-snippet":"max-snippet:-1","max-image-preview":"max-image-preview:large","max-video-preview":"max-video-preview:-1"},"canonical":"https:\/\/redfoxlotto.com\/da\/lotteri\/mega-sena\/","og_locale":"da_DK","og_type":"article","og_title":"F\u00e5 din billet til Mega Sena Lotto online","og_description":"Book dine billetter online til Mega Sena Brazil","og_url":"https:\/\/redfoxlotto.com\/da\/lotteri\/mega-sena\/","og_site_name":"Get Tickets for the World\u2019s largest jackpots","article_modified_time":"2023-05-19T09:10:57+00:00","og_image":[{"url":"https:\/\/content.redfoxlotto.com\/uploads\/sites\/9\/1_winning_numbers_lottery.jpg"}],"twitter_card":"summary_large_image","twitter_misc":{"Estimeret l\u00e6setid":"2 minutter"},"schema":{"@context":"https:\/\/schema.org","@graph":[{"@type":"WebPage","@id":"https:\/\/redfoxlotto.com\/da\/lotteri\/mega-sena\/","url":"https:\/\/redfoxlotto.com\/da\/lotteri\/mega-sena\/","name":"F\u00e5 din billet til Mega Sena Lotto online","isPartOf":{"@id":"https:\/\/redfoxlotto.com\/da\/#website"},"primaryImageOfPage":{"@id":"https:\/\/redfoxlotto.com\/da\/lotteri\/mega-sena\/#primaryimage"},"image":{"@id":"https:\/\/redfoxlotto.com\/da\/lotteri\/mega-sena\/#primaryimage"},"thumbnailUrl":"https:\/\/content.redfoxlotto.com\/uploads\/sites\/9\/1_winning_numbers_lottery.jpg","datePublished":"2020-07-20T08:54:27+00:00","dateModified":"2023-05-19T09:10:57+00:00","description":"Book dine billetter online til Mega Sena Brazil","breadcrumb":{"@id":"https:\/\/redfoxlotto.com\/da\/lotteri\/mega-sena\/#breadcrumb"},"inLanguage":"da-DK","potentialAction":[{"@type":"ReadAction","target":["https:\/\/redfoxlotto.com\/da\/lotteri\/mega-sena\/"]}]},{"@type":"ImageObject","inLanguage":"da-DK","@id":"https:\/\/redfoxlotto.com\/da\/lotteri\/mega-sena\/#primaryimage","url":"https:\/\/content.redfoxlotto.com\/uploads\/sites\/9\/1_winning_numbers_lottery.jpg","contentUrl":"https:\/\/content.redfoxlotto.com\/uploads\/sites\/9\/1_winning_numbers_lottery.jpg"},{"@type":"BreadcrumbList","@id":"https:\/\/redfoxlotto.com\/da\/lotteri\/mega-sena\/#breadcrumb","itemListElement":[{"@type":"ListItem","position":1,"name":"Home","item":"https:\/\/redfoxlotto.com\/da\/"},{"@type":"ListItem","position":2,"name":"S\u00e5dan k\u00f8ber du online lottokuponer \u2013 k\u00f8bsprocessen","item":"https:\/\/redfoxlotto.com\/da\/lotteri\/"},{"@type":"ListItem","position":3,"name":"Om Mega Sena"}]},{"@type":"WebSite","@id":"https:\/\/redfoxlotto.com\/da\/#website","url":"https:\/\/redfoxlotto.com\/da\/","name":"Get Tickets for the World\u2019s largest jackpots","description":"Participate in worldwide lottery jackpots from any country","publisher":{"@id":"https:\/\/redfoxlotto.com\/da\/#organization"},"potentialAction":[{"@type":"SearchAction","target":{"@type":"EntryPoint","urlTemplate":"https:\/\/redfoxlotto.com\/da\/?s={search_term_string}"},"query-input":{"@type":"PropertyValueSpecification","valueRequired":true,"valueName":"search_term_string"}}],"inLanguage":"da-DK"},{"@type":"Organization","@id":"https:\/\/redfoxlotto.com\/da\/#organization","name":"Get Tickets for the World\u2019s largest jackpots","url":"https:\/\/redfoxlotto.com\/da\/","logo":{"@type":"ImageObject","inLanguage":"da-DK","@id":"https:\/\/redfoxlotto.com\/da\/#\/schema\/logo\/image\/","url":"https:\/\/redfoxlotto.com\/wp-content\/uploads\/2023\/04\/logo.png","contentUrl":"https:\/\/redfoxlotto.com\/wp-content\/uploads\/2023\/04\/logo.png","width":269,"height":53,"caption":"Get Tickets for the World\u2019s largest jackpots"},"image":{"@id":"https:\/\/redfoxlotto.com\/da\/#\/schema\/logo\/image\/"}}]}},"_links":{"self":[{"href":"https:\/\/redfoxlotto.com\/da\/wp-json\/wp\/v2\/pages\/14112","targetHints":{"allow":["GET"]}}],"collection":[{"href":"https:\/\/redfoxlotto.com\/da\/wp-json\/wp\/v2\/pages"}],"about":[{"href":"https:\/\/redfoxlotto.com\/da\/wp-json\/wp\/v2\/types\/page"}],"author":[{"embeddable":true,"href":"https:\/\/redfoxlotto.com\/da\/wp-json\/wp\/v2\/users\/1"}],"replies":[{"embeddable":true,"href":"https:\/\/redfoxlotto.com\/da\/wp-json\/wp\/v2\/comments?post=14112"}],"version-history":[{"count":0,"href":"https:\/\/redfoxlotto.com\/da\/wp-json\/wp\/v2\/pages\/14112\/revisions"}],"up":[{"embeddable":true,"href":"https:\/\/redfoxlotto.com\/da\/wp-json\/wp\/v2\/pages\/5002"}],"wp:attachment":[{"href":"https:\/\/redfoxlotto.com\/da\/wp-json\/wp\/v2\/media?parent=14112"}],"curies":[{"name":"wp","href":"https:\/\/api.w.org\/{rel}","templated":true}]}}