{"id":13466,"date":"2020-08-18T09:14:14","date_gmt":"2020-08-18T09:14:14","guid":{"rendered":"https:\/\/redfoxlotto.com\/?page_id=13466"},"modified":"2023-05-19T09:10:36","modified_gmt":"2023-05-19T09:10:36","slug":"lotto-at","status":"publish","type":"page","link":"https:\/\/redfoxlotto.com\/da\/resultater\/lotto-at\/","title":{"rendered":"Resultater af Lotto \u00d8strig"},"content":{"rendered":"<h2 class=\"wp-block-heading\">\u00d8strigske Lotto-vindende numre<\/h2><p>Hvor skal du finde de \u00f8strigske Lotto-vindertal, n\u00e5r tegningen er forbi? Alt du skal g\u00f8re er at logge ind p\u00e5 vores websted, hvor du k\u00f8bte dine billetter, og tallene vil v\u00e6re der for dig.<\/p><h2 class=\"wp-block-heading\">Kontrol af de seneste resultater<\/h2><p>Med RedFoxLotto.com kan du finde de nyeste resultater for alle dine yndlingsspil tilg\u00e6ngelige direkte p\u00e5 vores hjemmeside. Du beh\u00f8ver ikke at bekymre dig om en ting, for det hele kommer til at v\u00e6re lige der. Men hvis du har k\u00f8bt dine egne billetter, bliver det faktisk endnu nemmere at finde de rigtige resultater<\/p><h2 class=\"wp-block-heading\">Kontrol af dine resultater<\/h2><p>Hvis dine billetter har de \u00f8strigske Lotto vindende numre, ved du det med det samme. Det er fordi du bare logger ind p\u00e5 din personlige konto, tjek &#8216;mine billetter&#8217; og se hvilke numre der matcher de vindende numre fra de nyeste tegninger.<\/p><p>Alle billetter, du k\u00f8ber til ethvert spil, vil v\u00e6re tilg\u00e6ngelige her, og du kan se, hvilke numre du har til f\u00e6lles med den vindende billet, samt hvad du m\u00e5tte have vundet. Hvis det er et bel\u00f8b op til \u20ac 2500,00, vil det endda blive deponeret p\u00e5 din konto med det samme.<\/p><h2 class=\"wp-block-heading\">\u00d8strigsk lottoresultatearkiv<\/h2><p>N\u00e5r du kender de nuv\u00e6rende vindende numre for \u00f8strigske Lotto, vil du m\u00e5ske vide nogle af de gamle. Alt du skal g\u00f8re er at tjekke resultatarkivet, og du kan se, hvilke numre der har vundet tidligere, og hvilke der oftest vinder.<\/p>","protected":false},"excerpt":{"rendered":"<p>\u00d8strigske Lotto-vindende numre Hvor skal du finde de \u00f8strigske Lotto-vindertal, n\u00e5r tegningen er forbi? Alt du skal g\u00f8re er at logge ind p\u00e5 vores websted, hvor du k\u00f8bte dine billetter, og tallene vil v\u00e6re der for dig. Kontrol af de seneste resultater Med RedFoxLotto.com kan du finde de nyeste resultater for alle dine yndlingsspil tilg\u00e6ngelige [&hellip;]<\/p>\n","protected":false},"author":1,"featured_media":0,"parent":5010,"menu_order":16,"comment_status":"closed","ping_status":"closed","template":"","meta":{"_et_pb_use_builder":"","_et_pb_old_content":"","_et_gb_content_width":"","exclude_from_search":false,"footnotes":""},"class_list":["post-13466","page","type-page","status-publish","hentry"],"yoast_head":"<!-- This site is optimized with the Yoast SEO plugin v23.8 - https:\/\/yoast.com\/wordpress\/plugins\/seo\/ -->\n<title>Vindende numre og resultater for det \u00f8strigske lotteri<\/title>\n<meta name=\"description\" content=\"Ugens nye og tidligere tr\u00e6kresultater for det \u00f8strigske lotteri\" \/>\n<meta name=\"robots\" content=\"index, follow, max-snippet:-1, max-image-preview:large, max-video-preview:-1\" \/>\n<link rel=\"canonical\" href=\"https:\/\/redfoxlotto.com\/da\/resultater\/lotto-at\/\" \/>\n<meta property=\"og:locale\" content=\"da_DK\" \/>\n<meta property=\"og:type\" content=\"article\" \/>\n<meta property=\"og:title\" content=\"Vindende numre og resultater for det \u00f8strigske lotteri\" \/>\n<meta property=\"og:description\" content=\"Ugens nye og tidligere tr\u00e6kresultater for det \u00f8strigske lotteri\" \/>\n<meta property=\"og:url\" content=\"https:\/\/redfoxlotto.com\/da\/resultater\/lotto-at\/\" \/>\n<meta property=\"og:site_name\" content=\"Get Tickets for the World\u2019s largest jackpots\" \/>\n<meta property=\"article:modified_time\" content=\"2023-05-19T09:10:36+00:00\" \/>\n<meta name=\"twitter:card\" content=\"summary_large_image\" \/>\n<meta name=\"twitter:label1\" content=\"Estimeret l\u00e6setid\" \/>\n\t<meta name=\"twitter:data1\" content=\"1 minut\" \/>\n<script type=\"application\/ld+json\" class=\"yoast-schema-graph\">{\"@context\":\"https:\/\/schema.org\",\"@graph\":[{\"@type\":\"WebPage\",\"@id\":\"https:\/\/redfoxlotto.com\/da\/resultater\/lotto-at\/\",\"url\":\"https:\/\/redfoxlotto.com\/da\/resultater\/lotto-at\/\",\"name\":\"Vindende numre og resultater for det \u00f8strigske lotteri\",\"isPartOf\":{\"@id\":\"https:\/\/redfoxlotto.com\/da\/#website\"},\"datePublished\":\"2020-08-18T09:14:14+00:00\",\"dateModified\":\"2023-05-19T09:10:36+00:00\",\"description\":\"Ugens nye og tidligere tr\u00e6kresultater for det \u00f8strigske lotteri\",\"breadcrumb\":{\"@id\":\"https:\/\/redfoxlotto.com\/da\/resultater\/lotto-at\/#breadcrumb\"},\"inLanguage\":\"da-DK\",\"potentialAction\":[{\"@type\":\"ReadAction\",\"target\":[\"https:\/\/redfoxlotto.com\/da\/resultater\/lotto-at\/\"]}]},{\"@type\":\"BreadcrumbList\",\"@id\":\"https:\/\/redfoxlotto.com\/da\/resultater\/lotto-at\/#breadcrumb\",\"itemListElement\":[{\"@type\":\"ListItem\",\"position\":1,\"name\":\"Home\",\"item\":\"https:\/\/redfoxlotto.com\/da\/\"},{\"@type\":\"ListItem\",\"position\":2,\"name\":\"Internationale lottoresultater\",\"item\":\"https:\/\/redfoxlotto.com\/da\/resultater\/\"},{\"@type\":\"ListItem\",\"position\":3,\"name\":\"Resultater af Lotto \u00d8strig\"}]},{\"@type\":\"WebSite\",\"@id\":\"https:\/\/redfoxlotto.com\/da\/#website\",\"url\":\"https:\/\/redfoxlotto.com\/da\/\",\"name\":\"Get Tickets for the World\u2019s largest jackpots\",\"description\":\"Participate in worldwide lottery jackpots from any country\",\"publisher\":{\"@id\":\"https:\/\/redfoxlotto.com\/da\/#organization\"},\"potentialAction\":[{\"@type\":\"SearchAction\",\"target\":{\"@type\":\"EntryPoint\",\"urlTemplate\":\"https:\/\/redfoxlotto.com\/da\/?s={search_term_string}\"},\"query-input\":{\"@type\":\"PropertyValueSpecification\",\"valueRequired\":true,\"valueName\":\"search_term_string\"}}],\"inLanguage\":\"da-DK\"},{\"@type\":\"Organization\",\"@id\":\"https:\/\/redfoxlotto.com\/da\/#organization\",\"name\":\"Get Tickets for the World\u2019s largest jackpots\",\"url\":\"https:\/\/redfoxlotto.com\/da\/\",\"logo\":{\"@type\":\"ImageObject\",\"inLanguage\":\"da-DK\",\"@id\":\"https:\/\/redfoxlotto.com\/da\/#\/schema\/logo\/image\/\",\"url\":\"https:\/\/redfoxlotto.com\/wp-content\/uploads\/2023\/04\/logo.png\",\"contentUrl\":\"https:\/\/redfoxlotto.com\/wp-content\/uploads\/2023\/04\/logo.png\",\"width\":269,\"height\":53,\"caption\":\"Get Tickets for the World\u2019s largest jackpots\"},\"image\":{\"@id\":\"https:\/\/redfoxlotto.com\/da\/#\/schema\/logo\/image\/\"}}]}<\/script>\n<!-- \/ Yoast SEO plugin. -->","yoast_head_json":{"title":"Vindende numre og resultater for det \u00f8strigske lotteri","description":"Ugens nye og tidligere tr\u00e6kresultater for det \u00f8strigske lotteri","robots":{"index":"index","follow":"follow","max-snippet":"max-snippet:-1","max-image-preview":"max-image-preview:large","max-video-preview":"max-video-preview:-1"},"canonical":"https:\/\/redfoxlotto.com\/da\/resultater\/lotto-at\/","og_locale":"da_DK","og_type":"article","og_title":"Vindende numre og resultater for det \u00f8strigske lotteri","og_description":"Ugens nye og tidligere tr\u00e6kresultater for det \u00f8strigske lotteri","og_url":"https:\/\/redfoxlotto.com\/da\/resultater\/lotto-at\/","og_site_name":"Get Tickets for the World\u2019s largest jackpots","article_modified_time":"2023-05-19T09:10:36+00:00","twitter_card":"summary_large_image","twitter_misc":{"Estimeret l\u00e6setid":"1 minut"},"schema":{"@context":"https:\/\/schema.org","@graph":[{"@type":"WebPage","@id":"https:\/\/redfoxlotto.com\/da\/resultater\/lotto-at\/","url":"https:\/\/redfoxlotto.com\/da\/resultater\/lotto-at\/","name":"Vindende numre og resultater for det \u00f8strigske lotteri","isPartOf":{"@id":"https:\/\/redfoxlotto.com\/da\/#website"},"datePublished":"2020-08-18T09:14:14+00:00","dateModified":"2023-05-19T09:10:36+00:00","description":"Ugens nye og tidligere tr\u00e6kresultater for det \u00f8strigske lotteri","breadcrumb":{"@id":"https:\/\/redfoxlotto.com\/da\/resultater\/lotto-at\/#breadcrumb"},"inLanguage":"da-DK","potentialAction":[{"@type":"ReadAction","target":["https:\/\/redfoxlotto.com\/da\/resultater\/lotto-at\/"]}]},{"@type":"BreadcrumbList","@id":"https:\/\/redfoxlotto.com\/da\/resultater\/lotto-at\/#breadcrumb","itemListElement":[{"@type":"ListItem","position":1,"name":"Home","item":"https:\/\/redfoxlotto.com\/da\/"},{"@type":"ListItem","position":2,"name":"Internationale lottoresultater","item":"https:\/\/redfoxlotto.com\/da\/resultater\/"},{"@type":"ListItem","position":3,"name":"Resultater af Lotto \u00d8strig"}]},{"@type":"WebSite","@id":"https:\/\/redfoxlotto.com\/da\/#website","url":"https:\/\/redfoxlotto.com\/da\/","name":"Get Tickets for the World\u2019s largest jackpots","description":"Participate in worldwide lottery jackpots from any country","publisher":{"@id":"https:\/\/redfoxlotto.com\/da\/#organization"},"potentialAction":[{"@type":"SearchAction","target":{"@type":"EntryPoint","urlTemplate":"https:\/\/redfoxlotto.com\/da\/?s={search_term_string}"},"query-input":{"@type":"PropertyValueSpecification","valueRequired":true,"valueName":"search_term_string"}}],"inLanguage":"da-DK"},{"@type":"Organization","@id":"https:\/\/redfoxlotto.com\/da\/#organization","name":"Get Tickets for the World\u2019s largest jackpots","url":"https:\/\/redfoxlotto.com\/da\/","logo":{"@type":"ImageObject","inLanguage":"da-DK","@id":"https:\/\/redfoxlotto.com\/da\/#\/schema\/logo\/image\/","url":"https:\/\/redfoxlotto.com\/wp-content\/uploads\/2023\/04\/logo.png","contentUrl":"https:\/\/redfoxlotto.com\/wp-content\/uploads\/2023\/04\/logo.png","width":269,"height":53,"caption":"Get Tickets for the World\u2019s largest jackpots"},"image":{"@id":"https:\/\/redfoxlotto.com\/da\/#\/schema\/logo\/image\/"}}]}},"_links":{"self":[{"href":"https:\/\/redfoxlotto.com\/da\/wp-json\/wp\/v2\/pages\/13466","targetHints":{"allow":["GET"]}}],"collection":[{"href":"https:\/\/redfoxlotto.com\/da\/wp-json\/wp\/v2\/pages"}],"about":[{"href":"https:\/\/redfoxlotto.com\/da\/wp-json\/wp\/v2\/types\/page"}],"author":[{"embeddable":true,"href":"https:\/\/redfoxlotto.com\/da\/wp-json\/wp\/v2\/users\/1"}],"replies":[{"embeddable":true,"href":"https:\/\/redfoxlotto.com\/da\/wp-json\/wp\/v2\/comments?post=13466"}],"version-history":[{"count":0,"href":"https:\/\/redfoxlotto.com\/da\/wp-json\/wp\/v2\/pages\/13466\/revisions"}],"up":[{"embeddable":true,"href":"https:\/\/redfoxlotto.com\/da\/wp-json\/wp\/v2\/pages\/5010"}],"wp:attachment":[{"href":"https:\/\/redfoxlotto.com\/da\/wp-json\/wp\/v2\/media?parent=13466"}],"curies":[{"name":"wp","href":"https:\/\/api.w.org\/{rel}","templated":true}]}}