{"id":13431,"date":"2020-08-18T09:11:18","date_gmt":"2020-08-18T09:11:18","guid":{"rendered":"https:\/\/redfoxlotto.com\/?page_id=13431"},"modified":"2023-05-19T09:10:28","modified_gmt":"2023-05-19T09:10:28","slug":"lotto-america","status":"publish","type":"page","link":"https:\/\/redfoxlotto.com\/da\/resultater\/lotto-america\/","title":{"rendered":"Lotto America Resultater"},"content":{"rendered":"<h2 class=\"wp-block-heading\">Kontroller resultaterne, og se, om du vandt Lotto America?<\/h2><p><img loading=\"lazy\" decoding=\"async\" class=\" wp-image alignright\" src=\"https:\/\/content.redfoxlotto.com\/uploads\/sites\/9\/1_draw_results_lotto.jpg\" alt=\"tegn resultater lotto amerika\" width=\"262\" height=\"185\" \/><\/p><p>N\u00e5r du har valgt dine numre, og du har k\u00f8bt din billet, hvordan ved du, om du rent faktisk har vundet? Det er ganske enkelt. Alt hvad du skal g\u00f8re er at tjekke RedFoxLotto. Hvis du ikke har k\u00f8bt billetter, kan du stadig se de vindende numre for alle de nyeste spil, hvilket betyder, at du kan finde ud af, hvor oddsene er bedst for dig.<br>Hvis du spillede, kan du logge direkte p\u00e5 din konto for at se de vindende numre og hvordan dine billetter sammenlignes. Du kan se de matchende numre, du m\u00e5tte have, s\u00e5 du kan se, hvilke gevinster du har ret til. Ikke at du beh\u00f8ver at bekymre dig om det, fordi RedFoxLotto ogs\u00e5 tager sig af den del for dig.<\/p><h2 class=\"wp-block-heading\">At vinde Lotto America<\/h2><p>Hvis du vinder Lotto America eller et andet online lotterispil, er det taget sig af for dig. Sm\u00e5 pr\u00e6mier udbetales straks, s\u00e5 snart resultaterne kommer ind. Du beh\u00f8ver ikke g\u00f8re noget for at kr\u00e6ve disse pr\u00e6mier. Og de tilf\u00f8jes direkte p\u00e5 din konto, s\u00e5 du kan tr\u00e6kke pengene ud, eller du kan k\u00f8be en anden billet.<br><\/p><p>Hvis du vinder st\u00f8rre pr\u00e6mier, vil der v\u00e6re krav afh\u00e6ngigt af det lotteri, du spiller. Hvis det er tilf\u00e6ldet, forenkles alt s\u00e5 meget som muligt for dig for at sikre dig, at du kan f\u00e5 dine gevinster med mindre besv\u00e6r. Vi tager os af hele processen. P\u00e5 den m\u00e5de kan du f\u00e5 dine penge s\u00e5 hurtigt som muligt.<\/p><p>For jackpotpriser skal du udfylde nogle papirer eller sende en form for bekr\u00e6ftelse. Hvis det er tilf\u00e6ldet, g\u00f8r RedFoxLotto det s\u00e5 let som muligt for dig at vide, hvad du skal g\u00f8re. Og det fungerer til ethvert lotterispil, som du m\u00e5ske vinder fra Lotto America til nogen af \u200b\u200bde andre, der er tilg\u00e6ngelige p\u00e5 hjemmesiden.<\/p><h2 class=\"wp-block-heading\">Afspilning igen<\/h2><p><img decoding=\"async\" class=\"size-full wp-image alignright\" src=\"https:\/\/content.redfoxlotto.com\/uploads\/sites\/9\/1_winner_lottery1.jpg\" alt=\"vinder lotteri amerika\"><\/p><p>N\u00e5r du er klar, kan du tage dine gevinster (eller inds\u00e6tte flere penge) og begynde at k\u00f8be billetter til den n\u00e6ste runde af spil, du vil spille. Du kan endda blive overrasket over, hvor mange forskellige spil der er, og hvor meget du potentielt kunne vinde. Men du vil ikke blive overrasket over, hvor sjovt det er for dig at spille alle disse forskellige spil for dig selv.<\/p>","protected":false},"excerpt":{"rendered":"<p>Kontroller resultaterne, og se, om du vandt Lotto America? N\u00e5r du har valgt dine numre, og du har k\u00f8bt din billet, hvordan ved du, om du rent faktisk har vundet? Det er ganske enkelt. Alt hvad du skal g\u00f8re er at tjekke RedFoxLotto. Hvis du ikke har k\u00f8bt billetter, kan du stadig se de vindende [&hellip;]<\/p>\n","protected":false},"author":1,"featured_media":0,"parent":5010,"menu_order":12,"comment_status":"closed","ping_status":"closed","template":"lotto-america-results.php","meta":{"_et_pb_use_builder":"","_et_pb_old_content":"","_et_gb_content_width":"","exclude_from_search":false,"footnotes":""},"class_list":["post-13431","page","type-page","status-publish","hentry"],"yoast_head":"<!-- This site is optimized with the Yoast SEO plugin v23.8 - https:\/\/yoast.com\/wordpress\/plugins\/seo\/ -->\n<title>Lotto America tr\u00e6kker resultater, vinder numre<\/title>\n<meta name=\"description\" content=\"Denne uges vindende numre fra Lotto America samt et resultatarkiv\" \/>\n<meta name=\"robots\" content=\"index, follow, max-snippet:-1, max-image-preview:large, max-video-preview:-1\" \/>\n<link rel=\"canonical\" href=\"https:\/\/redfoxlotto.com\/da\/resultater\/lotto-america\/\" \/>\n<meta property=\"og:locale\" content=\"da_DK\" \/>\n<meta property=\"og:type\" content=\"article\" \/>\n<meta property=\"og:title\" content=\"Lotto America tr\u00e6kker resultater, vinder numre\" \/>\n<meta property=\"og:description\" content=\"Denne uges vindende numre fra Lotto America samt et resultatarkiv\" \/>\n<meta property=\"og:url\" content=\"https:\/\/redfoxlotto.com\/da\/resultater\/lotto-america\/\" \/>\n<meta property=\"og:site_name\" content=\"Get Tickets for the World\u2019s largest jackpots\" \/>\n<meta property=\"article:modified_time\" content=\"2023-05-19T09:10:28+00:00\" \/>\n<meta property=\"og:image\" content=\"https:\/\/content.redfoxlotto.com\/uploads\/sites\/9\/1_draw_results_lotto.jpg\" \/>\n<meta name=\"twitter:card\" content=\"summary_large_image\" \/>\n<meta name=\"twitter:label1\" content=\"Estimeret l\u00e6setid\" \/>\n\t<meta name=\"twitter:data1\" content=\"3 minutter\" \/>\n<script type=\"application\/ld+json\" class=\"yoast-schema-graph\">{\"@context\":\"https:\/\/schema.org\",\"@graph\":[{\"@type\":\"WebPage\",\"@id\":\"https:\/\/redfoxlotto.com\/da\/resultater\/lotto-america\/\",\"url\":\"https:\/\/redfoxlotto.com\/da\/resultater\/lotto-america\/\",\"name\":\"Lotto America tr\u00e6kker resultater, vinder numre\",\"isPartOf\":{\"@id\":\"https:\/\/redfoxlotto.com\/da\/#website\"},\"primaryImageOfPage\":{\"@id\":\"https:\/\/redfoxlotto.com\/da\/resultater\/lotto-america\/#primaryimage\"},\"image\":{\"@id\":\"https:\/\/redfoxlotto.com\/da\/resultater\/lotto-america\/#primaryimage\"},\"thumbnailUrl\":\"https:\/\/content.redfoxlotto.com\/uploads\/sites\/9\/1_draw_results_lotto.jpg\",\"datePublished\":\"2020-08-18T09:11:18+00:00\",\"dateModified\":\"2023-05-19T09:10:28+00:00\",\"description\":\"Denne uges vindende numre fra Lotto America samt et resultatarkiv\",\"breadcrumb\":{\"@id\":\"https:\/\/redfoxlotto.com\/da\/resultater\/lotto-america\/#breadcrumb\"},\"inLanguage\":\"da-DK\",\"potentialAction\":[{\"@type\":\"ReadAction\",\"target\":[\"https:\/\/redfoxlotto.com\/da\/resultater\/lotto-america\/\"]}]},{\"@type\":\"ImageObject\",\"inLanguage\":\"da-DK\",\"@id\":\"https:\/\/redfoxlotto.com\/da\/resultater\/lotto-america\/#primaryimage\",\"url\":\"https:\/\/content.redfoxlotto.com\/uploads\/sites\/9\/1_draw_results_lotto.jpg\",\"contentUrl\":\"https:\/\/content.redfoxlotto.com\/uploads\/sites\/9\/1_draw_results_lotto.jpg\"},{\"@type\":\"BreadcrumbList\",\"@id\":\"https:\/\/redfoxlotto.com\/da\/resultater\/lotto-america\/#breadcrumb\",\"itemListElement\":[{\"@type\":\"ListItem\",\"position\":1,\"name\":\"Home\",\"item\":\"https:\/\/redfoxlotto.com\/da\/\"},{\"@type\":\"ListItem\",\"position\":2,\"name\":\"Internationale lottoresultater\",\"item\":\"https:\/\/redfoxlotto.com\/da\/resultater\/\"},{\"@type\":\"ListItem\",\"position\":3,\"name\":\"Lotto America Resultater\"}]},{\"@type\":\"WebSite\",\"@id\":\"https:\/\/redfoxlotto.com\/da\/#website\",\"url\":\"https:\/\/redfoxlotto.com\/da\/\",\"name\":\"Get Tickets for the World\u2019s largest jackpots\",\"description\":\"Participate in worldwide lottery jackpots from any country\",\"publisher\":{\"@id\":\"https:\/\/redfoxlotto.com\/da\/#organization\"},\"potentialAction\":[{\"@type\":\"SearchAction\",\"target\":{\"@type\":\"EntryPoint\",\"urlTemplate\":\"https:\/\/redfoxlotto.com\/da\/?s={search_term_string}\"},\"query-input\":{\"@type\":\"PropertyValueSpecification\",\"valueRequired\":true,\"valueName\":\"search_term_string\"}}],\"inLanguage\":\"da-DK\"},{\"@type\":\"Organization\",\"@id\":\"https:\/\/redfoxlotto.com\/da\/#organization\",\"name\":\"Get Tickets for the World\u2019s largest jackpots\",\"url\":\"https:\/\/redfoxlotto.com\/da\/\",\"logo\":{\"@type\":\"ImageObject\",\"inLanguage\":\"da-DK\",\"@id\":\"https:\/\/redfoxlotto.com\/da\/#\/schema\/logo\/image\/\",\"url\":\"https:\/\/redfoxlotto.com\/wp-content\/uploads\/2023\/04\/logo.png\",\"contentUrl\":\"https:\/\/redfoxlotto.com\/wp-content\/uploads\/2023\/04\/logo.png\",\"width\":269,\"height\":53,\"caption\":\"Get Tickets for the World\u2019s largest jackpots\"},\"image\":{\"@id\":\"https:\/\/redfoxlotto.com\/da\/#\/schema\/logo\/image\/\"}}]}<\/script>\n<!-- \/ Yoast SEO plugin. -->","yoast_head_json":{"title":"Lotto America tr\u00e6kker resultater, vinder numre","description":"Denne uges vindende numre fra Lotto America samt et resultatarkiv","robots":{"index":"index","follow":"follow","max-snippet":"max-snippet:-1","max-image-preview":"max-image-preview:large","max-video-preview":"max-video-preview:-1"},"canonical":"https:\/\/redfoxlotto.com\/da\/resultater\/lotto-america\/","og_locale":"da_DK","og_type":"article","og_title":"Lotto America tr\u00e6kker resultater, vinder numre","og_description":"Denne uges vindende numre fra Lotto America samt et resultatarkiv","og_url":"https:\/\/redfoxlotto.com\/da\/resultater\/lotto-america\/","og_site_name":"Get Tickets for the World\u2019s largest jackpots","article_modified_time":"2023-05-19T09:10:28+00:00","og_image":[{"url":"https:\/\/content.redfoxlotto.com\/uploads\/sites\/9\/1_draw_results_lotto.jpg"}],"twitter_card":"summary_large_image","twitter_misc":{"Estimeret l\u00e6setid":"3 minutter"},"schema":{"@context":"https:\/\/schema.org","@graph":[{"@type":"WebPage","@id":"https:\/\/redfoxlotto.com\/da\/resultater\/lotto-america\/","url":"https:\/\/redfoxlotto.com\/da\/resultater\/lotto-america\/","name":"Lotto America tr\u00e6kker resultater, vinder numre","isPartOf":{"@id":"https:\/\/redfoxlotto.com\/da\/#website"},"primaryImageOfPage":{"@id":"https:\/\/redfoxlotto.com\/da\/resultater\/lotto-america\/#primaryimage"},"image":{"@id":"https:\/\/redfoxlotto.com\/da\/resultater\/lotto-america\/#primaryimage"},"thumbnailUrl":"https:\/\/content.redfoxlotto.com\/uploads\/sites\/9\/1_draw_results_lotto.jpg","datePublished":"2020-08-18T09:11:18+00:00","dateModified":"2023-05-19T09:10:28+00:00","description":"Denne uges vindende numre fra Lotto America samt et resultatarkiv","breadcrumb":{"@id":"https:\/\/redfoxlotto.com\/da\/resultater\/lotto-america\/#breadcrumb"},"inLanguage":"da-DK","potentialAction":[{"@type":"ReadAction","target":["https:\/\/redfoxlotto.com\/da\/resultater\/lotto-america\/"]}]},{"@type":"ImageObject","inLanguage":"da-DK","@id":"https:\/\/redfoxlotto.com\/da\/resultater\/lotto-america\/#primaryimage","url":"https:\/\/content.redfoxlotto.com\/uploads\/sites\/9\/1_draw_results_lotto.jpg","contentUrl":"https:\/\/content.redfoxlotto.com\/uploads\/sites\/9\/1_draw_results_lotto.jpg"},{"@type":"BreadcrumbList","@id":"https:\/\/redfoxlotto.com\/da\/resultater\/lotto-america\/#breadcrumb","itemListElement":[{"@type":"ListItem","position":1,"name":"Home","item":"https:\/\/redfoxlotto.com\/da\/"},{"@type":"ListItem","position":2,"name":"Internationale lottoresultater","item":"https:\/\/redfoxlotto.com\/da\/resultater\/"},{"@type":"ListItem","position":3,"name":"Lotto America Resultater"}]},{"@type":"WebSite","@id":"https:\/\/redfoxlotto.com\/da\/#website","url":"https:\/\/redfoxlotto.com\/da\/","name":"Get Tickets for the World\u2019s largest jackpots","description":"Participate in worldwide lottery jackpots from any country","publisher":{"@id":"https:\/\/redfoxlotto.com\/da\/#organization"},"potentialAction":[{"@type":"SearchAction","target":{"@type":"EntryPoint","urlTemplate":"https:\/\/redfoxlotto.com\/da\/?s={search_term_string}"},"query-input":{"@type":"PropertyValueSpecification","valueRequired":true,"valueName":"search_term_string"}}],"inLanguage":"da-DK"},{"@type":"Organization","@id":"https:\/\/redfoxlotto.com\/da\/#organization","name":"Get Tickets for the World\u2019s largest jackpots","url":"https:\/\/redfoxlotto.com\/da\/","logo":{"@type":"ImageObject","inLanguage":"da-DK","@id":"https:\/\/redfoxlotto.com\/da\/#\/schema\/logo\/image\/","url":"https:\/\/redfoxlotto.com\/wp-content\/uploads\/2023\/04\/logo.png","contentUrl":"https:\/\/redfoxlotto.com\/wp-content\/uploads\/2023\/04\/logo.png","width":269,"height":53,"caption":"Get Tickets for the World\u2019s largest jackpots"},"image":{"@id":"https:\/\/redfoxlotto.com\/da\/#\/schema\/logo\/image\/"}}]}},"_links":{"self":[{"href":"https:\/\/redfoxlotto.com\/da\/wp-json\/wp\/v2\/pages\/13431","targetHints":{"allow":["GET"]}}],"collection":[{"href":"https:\/\/redfoxlotto.com\/da\/wp-json\/wp\/v2\/pages"}],"about":[{"href":"https:\/\/redfoxlotto.com\/da\/wp-json\/wp\/v2\/types\/page"}],"author":[{"embeddable":true,"href":"https:\/\/redfoxlotto.com\/da\/wp-json\/wp\/v2\/users\/1"}],"replies":[{"embeddable":true,"href":"https:\/\/redfoxlotto.com\/da\/wp-json\/wp\/v2\/comments?post=13431"}],"version-history":[{"count":0,"href":"https:\/\/redfoxlotto.com\/da\/wp-json\/wp\/v2\/pages\/13431\/revisions"}],"up":[{"embeddable":true,"href":"https:\/\/redfoxlotto.com\/da\/wp-json\/wp\/v2\/pages\/5010"}],"wp:attachment":[{"href":"https:\/\/redfoxlotto.com\/da\/wp-json\/wp\/v2\/media?parent=13431"}],"curies":[{"name":"wp","href":"https:\/\/api.w.org\/{rel}","templated":true}]}}